{"id":88400,"date":"2024-10-16T11:27:04","date_gmt":"2024-10-16T18:27:04","guid":{"rendered":"https:\/\/bcweededible.net\/buy\/uncategorized\/eden-live-resin-jujubes-jujubes\/"},"modified":"2026-04-03T11:47:38","modified_gmt":"2026-04-03T18:47:38","slug":"eden-live-resin-jujubes","status":"publish","type":"product","link":"https:\/\/bcweededible.net\/fr\/buy\/marques\/eden-edibles-fr\/eden-live-resin-jujubes\/","title":{"rendered":"Jujubes Resine Vivante Eden"},"content":{"rendered":"<table>\n<thead>\n<tr>\n<th><strong>Puissance totale<\/strong><\/th>\n<th>200mg ou 1000mg de THC par paquet<\/th>\n<\/tr>\n<\/thead>\n<tbody>\n<tr>\n<td><strong>Nombre de portions<\/strong><\/td>\n<td>20mg ou 50mg par portion<\/td>\n<\/tr>\n<tr>\n<td><strong>Ingr\u00e9dients<\/strong><\/td>\n<td>Pectine, sucre, eau, ar\u00f4mes naturels, extrait de cannabis \u00e0 base de r\u00e9sine vivante, concentr\u00e9 de jus de fruits biologiques, acide citrique, colorants naturels.<\/td>\n<\/tr>\n<tr>\n<td><strong>Effets<\/strong><\/td>\n<td><em>Pineapple Express (Sativa)<\/em>: Energisant, cr\u00e9atif, concentr\u00e9<\/p>\n<p><em>Wedding Cake (Indica<\/em>) : relaxant, amusant<\/td>\n<\/tr>\n<\/tbody>\n<\/table>\n","protected":false},"excerpt":{"rendered":"<p>D\u00e9couvrez l&#8217;essence naturelle du cannabis avec les Jujubes THC d&#8217;Eden&#8217;s Live Resin, disponibles en deux vari\u00e9t\u00e9s distinctes : la <strong>Sativa<\/strong> \u00e9nergisante <strong>&#8211; Pineapple Express<\/strong> et l&#8217;<strong>Indica<\/strong> relaxante <strong>&#8211; Wedding Cake<\/strong>. Chaque jujubes vegan d\u00e9livre 200mg ou 1000mg de THC par paquet, offrant une exp\u00e9rience \u00e0 spectre complet pour le plaisir de la journ\u00e9e et du soir. Explorez d&#8217;autres <a href=\"https:\/\/bcweededible.net\/shop\/concentrates\/live-resin\/\" rel=\"noopener\">produitsLive Resin <\/a> et les <a href=\"https:\/\/bcweededible.net\/shop\/brands\/eden\/\" rel=\"noopener\">Jujubes d&#8217;Eden<\/a> pour trouver le produit qui correspondra parfaitement \u00e0 votre \u00e9tat d&#8217;esprit.<\/p>\n","protected":false},"featured_media":99935,"comment_status":"open","ping_status":"closed","template":"","meta":{"wprm-recipe-roundup-name":"","wprm-recipe-roundup-description":""},"product_cat":[664,545,549,244,269,246,278,276,280],"product_tag":[338],"class_list":{"0":"post-88400","1":"product","2":"type-product","3":"status-publish","4":"has-post-thumbnail","6":"product_cat-eden-edibles-fr","7":"product_cat-comestibles-indica","8":"product_cat-promotions","9":"product_cat-comestibles","10":"product_cat-200mg-fr","11":"product_cat-pas-cher","12":"product_cat-puissant","13":"product_cat-jujubes","14":"product_cat-vegan-fr","15":"product_tag-20mg-fr","17":"first","18":"instock","19":"sale","20":"shipping-taxable","21":"purchasable","22":"product-type-variable","23":"has-default-attributes"},"yoast_head":"\n<title>Acheter Jujubes Resine Vivante Eden Canada | Jujubes au Pot &amp; THC | BC Weed Edible<\/title>\n<meta name=\"robots\" content=\"index, follow, max-snippet:-1, max-image-preview:large, max-video-preview:-1\" \/>\n<link rel=\"canonical\" href=\"https:\/\/bcweededible.net\/fr\/buy\/marques\/eden-edibles-fr\/eden-live-resin-jujubes\/\" \/>\n<meta property=\"og:locale\" content=\"fr_FR\" \/>\n<meta property=\"og:type\" content=\"article\" \/>\n<meta property=\"og:title\" content=\"Acheter Jujubes Resine Vivante Eden Canada | Jujubes au Pot &amp; THC | BC Weed Edible\" \/>\n<meta property=\"og:description\" content=\"D\u00e9couvrez l&#039;essence naturelle du cannabis avec les Jujubes THC d&#039;Eden&#039;s Live Resin, disponibles en deux vari\u00e9t\u00e9s distinctes : la Sativa \u00e9nergisante - Pineapple Express et l&#039;Indica relaxante - Wedding Cake. Chaque jujubes vegan d\u00e9livre 200mg ou 1000mg de THC par paquet, offrant une exp\u00e9rience \u00e0 spectre complet pour le plaisir de la journ\u00e9e et du soir. Explorez d&#039;autres produitsLive Resin et les Jujubes d&#039;Eden pour trouver le produit qui correspondra parfaitement \u00e0 votre \u00e9tat d&#039;esprit.\" \/>\n<meta property=\"og:url\" content=\"https:\/\/bcweededible.net\/fr\/buy\/marques\/eden-edibles-fr\/eden-live-resin-jujubes\/\" \/>\n<meta property=\"og:site_name\" content=\"BC Weed Edible\" \/>\n<meta property=\"article:modified_time\" content=\"2026-04-03T18:47:38+00:00\" \/>\n<meta property=\"og:image\" content=\"https:\/\/bcweededible.net\/wp-content\/uploads\/2025\/06\/Live-resin-Wedding-Cake-Gummies-1000mg-eden2.jpg\" \/>\n\t<meta property=\"og:image:width\" content=\"1080\" \/>\n\t<meta property=\"og:image:height\" content=\"1080\" \/>\n\t<meta property=\"og:image:type\" content=\"image\/jpeg\" \/>\n<meta name=\"twitter:card\" content=\"summary_large_image\" \/>\n<meta name=\"twitter:label1\" content=\"Dur\u00e9e de lecture estim\u00e9e\" \/>\n\t<meta name=\"twitter:data1\" content=\"1 minute\" \/>\n<script type=\"application\/ld+json\" class=\"yoast-schema-graph\">{\"@context\":\"https:\/\/schema.org\",\"@graph\":[{\"@type\":\"WebPage\",\"@id\":\"https:\/\/bcweededible.net\/fr\/buy\/marques\/eden-edibles-fr\/eden-live-resin-jujubes\/\",\"url\":\"https:\/\/bcweededible.net\/fr\/buy\/marques\/eden-edibles-fr\/eden-live-resin-jujubes\/\",\"name\":\"Acheter Jujubes Resine Vivante Eden Canada | Jujubes au Pot & THC | BC Weed Edible\",\"isPartOf\":{\"@id\":\"https:\/\/bcweededible.net\/fr\/#website\"},\"primaryImageOfPage\":{\"@id\":\"https:\/\/bcweededible.net\/fr\/buy\/marques\/eden-edibles-fr\/eden-live-resin-jujubes\/#primaryimage\"},\"image\":{\"@id\":\"https:\/\/bcweededible.net\/fr\/buy\/marques\/eden-edibles-fr\/eden-live-resin-jujubes\/#primaryimage\"},\"thumbnailUrl\":\"https:\/\/bcweededible.net\/wp-content\/uploads\/2025\/06\/Live-resin-Wedding-Cake-Gummies-1000mg-eden2.jpg\",\"datePublished\":\"2024-10-16T18:27:04+00:00\",\"dateModified\":\"2026-04-03T18:47:38+00:00\",\"breadcrumb\":{\"@id\":\"https:\/\/bcweededible.net\/fr\/buy\/marques\/eden-edibles-fr\/eden-live-resin-jujubes\/#breadcrumb\"},\"inLanguage\":\"fr-FR\",\"potentialAction\":[{\"@type\":\"ReadAction\",\"target\":[\"https:\/\/bcweededible.net\/fr\/buy\/marques\/eden-edibles-fr\/eden-live-resin-jujubes\/\"]}]},{\"@type\":\"ImageObject\",\"inLanguage\":\"fr-FR\",\"@id\":\"https:\/\/bcweededible.net\/fr\/buy\/marques\/eden-edibles-fr\/eden-live-resin-jujubes\/#primaryimage\",\"url\":\"https:\/\/bcweededible.net\/wp-content\/uploads\/2025\/06\/Live-resin-Wedding-Cake-Gummies-1000mg-eden2.jpg\",\"contentUrl\":\"https:\/\/bcweededible.net\/wp-content\/uploads\/2025\/06\/Live-resin-Wedding-Cake-Gummies-1000mg-eden2.jpg\",\"width\":1080,\"height\":1080,\"caption\":\"live resin thc gummies eden 1000mg wedding cake strain\"},{\"@type\":\"BreadcrumbList\",\"@id\":\"https:\/\/bcweededible.net\/fr\/buy\/marques\/eden-edibles-fr\/eden-live-resin-jujubes\/#breadcrumb\",\"itemListElement\":[{\"@type\":\"ListItem\",\"position\":1,\"name\":\"Jujubes au Pot Canada\",\"item\":\"https:\/\/bcweededible.net\/fr\/shop\/\"},{\"@type\":\"ListItem\",\"position\":2,\"name\":\"Jujubes Resine Vivante Eden\"}]},{\"@type\":\"WebSite\",\"@id\":\"https:\/\/bcweededible.net\/fr\/#website\",\"url\":\"https:\/\/bcweededible.net\/fr\/\",\"name\":\"BC Weed Edible\",\"description\":\"\",\"publisher\":{\"@id\":\"https:\/\/bcweededible.net\/fr\/#organization\"},\"potentialAction\":[{\"@type\":\"SearchAction\",\"target\":{\"@type\":\"EntryPoint\",\"urlTemplate\":\"https:\/\/bcweededible.net\/fr\/?s={search_term_string}\"},\"query-input\":{\"@type\":\"PropertyValueSpecification\",\"valueRequired\":true,\"valueName\":\"search_term_string\"}}],\"inLanguage\":\"fr-FR\"},{\"@type\":\"Organization\",\"@id\":\"https:\/\/bcweededible.net\/fr\/#organization\",\"name\":\"BC Weed Edible\",\"url\":\"https:\/\/bcweededible.net\/fr\/\",\"logo\":{\"@type\":\"ImageObject\",\"inLanguage\":\"fr-FR\",\"@id\":\"https:\/\/bcweededible.net\/fr\/#\/schema\/logo\/image\/\",\"url\":\"https:\/\/bcweededible.net\/wp-content\/uploads\/2021\/12\/bc-weed-edible-canada.png\",\"contentUrl\":\"https:\/\/bcweededible.net\/wp-content\/uploads\/2021\/12\/bc-weed-edible-canada.png\",\"width\":270,\"height\":185,\"caption\":\"BC Weed Edible\"},\"image\":{\"@id\":\"https:\/\/bcweededible.net\/fr\/#\/schema\/logo\/image\/\"}}]}<\/script>\n","yoast_head_json":{"title":"Acheter Jujubes Resine Vivante Eden Canada | Jujubes au Pot & THC | BC Weed Edible","robots":{"index":"index","follow":"follow","max-snippet":"max-snippet:-1","max-image-preview":"max-image-preview:large","max-video-preview":"max-video-preview:-1"},"canonical":"https:\/\/bcweededible.net\/fr\/buy\/marques\/eden-edibles-fr\/eden-live-resin-jujubes\/","og_locale":"fr_FR","og_type":"article","og_title":"Acheter Jujubes Resine Vivante Eden Canada | Jujubes au Pot & THC | BC Weed Edible","og_description":"D\u00e9couvrez l'essence naturelle du cannabis avec les Jujubes THC d'Eden's Live Resin, disponibles en deux vari\u00e9t\u00e9s distinctes : la Sativa \u00e9nergisante - Pineapple Express et l'Indica relaxante - Wedding Cake. Chaque jujubes vegan d\u00e9livre 200mg ou 1000mg de THC par paquet, offrant une exp\u00e9rience \u00e0 spectre complet pour le plaisir de la journ\u00e9e et du soir. Explorez d'autres produitsLive Resin et les Jujubes d'Eden pour trouver le produit qui correspondra parfaitement \u00e0 votre \u00e9tat d'esprit.","og_url":"https:\/\/bcweededible.net\/fr\/buy\/marques\/eden-edibles-fr\/eden-live-resin-jujubes\/","og_site_name":"BC Weed Edible","article_modified_time":"2026-04-03T18:47:38+00:00","og_image":[{"width":1080,"height":1080,"url":"https:\/\/bcweededible.net\/wp-content\/uploads\/2025\/06\/Live-resin-Wedding-Cake-Gummies-1000mg-eden2.jpg","type":"image\/jpeg"}],"twitter_card":"summary_large_image","twitter_misc":{"Dur\u00e9e de lecture estim\u00e9e":"1 minute"},"schema":{"@context":"https:\/\/schema.org","@graph":[{"@type":"WebPage","@id":"https:\/\/bcweededible.net\/fr\/buy\/marques\/eden-edibles-fr\/eden-live-resin-jujubes\/","url":"https:\/\/bcweededible.net\/fr\/buy\/marques\/eden-edibles-fr\/eden-live-resin-jujubes\/","name":"Acheter Jujubes Resine Vivante Eden Canada | Jujubes au Pot & THC | BC Weed Edible","isPartOf":{"@id":"https:\/\/bcweededible.net\/fr\/#website"},"primaryImageOfPage":{"@id":"https:\/\/bcweededible.net\/fr\/buy\/marques\/eden-edibles-fr\/eden-live-resin-jujubes\/#primaryimage"},"image":{"@id":"https:\/\/bcweededible.net\/fr\/buy\/marques\/eden-edibles-fr\/eden-live-resin-jujubes\/#primaryimage"},"thumbnailUrl":"https:\/\/bcweededible.net\/wp-content\/uploads\/2025\/06\/Live-resin-Wedding-Cake-Gummies-1000mg-eden2.jpg","datePublished":"2024-10-16T18:27:04+00:00","dateModified":"2026-04-03T18:47:38+00:00","breadcrumb":{"@id":"https:\/\/bcweededible.net\/fr\/buy\/marques\/eden-edibles-fr\/eden-live-resin-jujubes\/#breadcrumb"},"inLanguage":"fr-FR","potentialAction":[{"@type":"ReadAction","target":["https:\/\/bcweededible.net\/fr\/buy\/marques\/eden-edibles-fr\/eden-live-resin-jujubes\/"]}]},{"@type":"ImageObject","inLanguage":"fr-FR","@id":"https:\/\/bcweededible.net\/fr\/buy\/marques\/eden-edibles-fr\/eden-live-resin-jujubes\/#primaryimage","url":"https:\/\/bcweededible.net\/wp-content\/uploads\/2025\/06\/Live-resin-Wedding-Cake-Gummies-1000mg-eden2.jpg","contentUrl":"https:\/\/bcweededible.net\/wp-content\/uploads\/2025\/06\/Live-resin-Wedding-Cake-Gummies-1000mg-eden2.jpg","width":1080,"height":1080,"caption":"live resin thc gummies eden 1000mg wedding cake strain"},{"@type":"BreadcrumbList","@id":"https:\/\/bcweededible.net\/fr\/buy\/marques\/eden-edibles-fr\/eden-live-resin-jujubes\/#breadcrumb","itemListElement":[{"@type":"ListItem","position":1,"name":"Jujubes au Pot Canada","item":"https:\/\/bcweededible.net\/fr\/shop\/"},{"@type":"ListItem","position":2,"name":"Jujubes Resine Vivante Eden"}]},{"@type":"WebSite","@id":"https:\/\/bcweededible.net\/fr\/#website","url":"https:\/\/bcweededible.net\/fr\/","name":"BC Weed Edible","description":"","publisher":{"@id":"https:\/\/bcweededible.net\/fr\/#organization"},"potentialAction":[{"@type":"SearchAction","target":{"@type":"EntryPoint","urlTemplate":"https:\/\/bcweededible.net\/fr\/?s={search_term_string}"},"query-input":{"@type":"PropertyValueSpecification","valueRequired":true,"valueName":"search_term_string"}}],"inLanguage":"fr-FR"},{"@type":"Organization","@id":"https:\/\/bcweededible.net\/fr\/#organization","name":"BC Weed Edible","url":"https:\/\/bcweededible.net\/fr\/","logo":{"@type":"ImageObject","inLanguage":"fr-FR","@id":"https:\/\/bcweededible.net\/fr\/#\/schema\/logo\/image\/","url":"https:\/\/bcweededible.net\/wp-content\/uploads\/2021\/12\/bc-weed-edible-canada.png","contentUrl":"https:\/\/bcweededible.net\/wp-content\/uploads\/2021\/12\/bc-weed-edible-canada.png","width":270,"height":185,"caption":"BC Weed Edible"},"image":{"@id":"https:\/\/bcweededible.net\/fr\/#\/schema\/logo\/image\/"}}]}},"_links":{"self":[{"href":"https:\/\/bcweededible.net\/fr\/wp-json\/wp\/v2\/product\/88400","targetHints":{"allow":["GET"]}}],"collection":[{"href":"https:\/\/bcweededible.net\/fr\/wp-json\/wp\/v2\/product"}],"about":[{"href":"https:\/\/bcweededible.net\/fr\/wp-json\/wp\/v2\/types\/product"}],"replies":[{"embeddable":true,"href":"https:\/\/bcweededible.net\/fr\/wp-json\/wp\/v2\/comments?post=88400"}],"wp:featuredmedia":[{"embeddable":true,"href":"https:\/\/bcweededible.net\/fr\/wp-json\/wp\/v2\/media\/99935"}],"wp:attachment":[{"href":"https:\/\/bcweededible.net\/fr\/wp-json\/wp\/v2\/media?parent=88400"}],"wp:term":[{"taxonomy":"product_cat","embeddable":true,"href":"https:\/\/bcweededible.net\/fr\/wp-json\/wp\/v2\/product_cat?post=88400"},{"taxonomy":"product_tag","embeddable":true,"href":"https:\/\/bcweededible.net\/fr\/wp-json\/wp\/v2\/product_tag?post=88400"}],"curies":[{"name":"wp","href":"https:\/\/api.w.org\/{rel}","templated":true}]}}