{"id":79774,"date":"2024-07-24T11:08:15","date_gmt":"2024-07-24T23:51:01","guid":{"rendered":"https:\/\/bcweededible.net\/buy\/non%20class\u00e9\/vapeur-jetable-eden-live-resin-en-vrac\/"},"modified":"2025-06-02T11:34:57","modified_gmt":"2025-06-02T18:34:57","slug":"vapeur-jetable-eden-live-resin-en-vrac","status":"publish","type":"product","link":"https:\/\/bcweededible.net\/fr\/buy\/comestibles\/vapeur-jetable-eden-live-resin-en-vrac\/","title":{"rendered":"Vapeur jetable Eden Live Resin en vrac"},"content":{"rendered":"","protected":false},"excerpt":{"rendered":"<p>Faites l&#8217;exp\u00e9rience de la commodit\u00e9 et du plaisir ultime avec notre <strong>2 grammes jetable live resin vape \u00e0 50% du prix r\u00e9gulier<\/strong>. Ces stylos \u00e0 vape \u00e9l\u00e9gants et portables sont con\u00e7us pour \u00e9lever votre exp\u00e9rience du cannabis \u00e0 de nouveaux sommets. Avec une contenance g\u00e9n\u00e9reuse de 2 grammes, vous disposerez d&#8217;une r\u00e9serve suffisante pour profiter de longues sessions de pur bonheur. Immergez-vous dans la vapeur douce et puissante tandis que les riches saveurs et ar\u00f4mes envahissent vos sens. <\/p>\n<table class=\"wccs-bulk-pricing-table wccs-horizontal-table\">\n<tbody>\n<tr>\n<th>Produit en<\/th>\n<th>Colombie Britannique<\/th>\n<\/tr>\n<tr>\n<td>Puissance du THC<\/td>\n<td>80-85%<\/td>\n<\/tr>\n<tr>\n<td>Ingr\u00e9dients<\/td>\n<td>Live Resin &amp; Terps naturels<\/td>\n<\/tr>\n<tr>\n<td>Quantit\u00e9<\/td>\n<td>2000mg par stylo<\/td>\n<\/tr>\n<tr>\n<td>Prix unitaire<\/td>\n<td>$22.5<\/td>\n<\/tr>\n<tr>\n<td>Nombre d&#8217;unit\u00e9s<\/td>\n<td>50 unit\u00e9s minimum<\/td>\n<\/tr>\n<\/tbody>\n<\/table>\n","protected":false},"featured_media":79808,"comment_status":"open","ping_status":"closed","template":"","meta":[],"product_brand":[],"product_cat":[244],"product_tag":[],"class_list":{"0":"post-79774","1":"product","2":"type-product","3":"status-publish","4":"has-post-thumbnail","6":"product_cat-comestibles","8":"first","9":"instock","10":"shipping-taxable","11":"product-type-mix-and-match"},"yoast_head":"\n<title>Acheter des Vapoteuses THC jetables en vrac Canada $25\/Unit\u00e9 | BC Weed Edible<\/title>\n<meta name=\"robots\" content=\"index, follow, max-snippet:-1, max-image-preview:large, max-video-preview:-1\" \/>\n<link rel=\"canonical\" href=\"https:\/\/bcweededible.net\/fr\/buy\/comestibles\/vapeur-jetable-eden-live-resin-en-vrac\/\" \/>\n<meta property=\"og:locale\" content=\"fr_FR\" \/>\n<meta property=\"og:type\" content=\"article\" \/>\n<meta property=\"og:title\" content=\"Acheter des Vapoteuses THC jetables en vrac Canada $25\/Unit\u00e9 | BC Weed Edible\" \/>\n<meta property=\"og:description\" content=\"Faites l&#039;exp\u00e9rience de la commodit\u00e9 et du plaisir ultime avec notre 2 grammes jetable live resin vape \u00e0 50% du prix r\u00e9gulier. Ces stylos \u00e0 vape \u00e9l\u00e9gants et portables sont con\u00e7us pour \u00e9lever votre exp\u00e9rience du cannabis \u00e0 de nouveaux sommets. Avec une contenance g\u00e9n\u00e9reuse de 2 grammes, vous disposerez d&#039;une r\u00e9serve suffisante pour profiter de longues sessions de pur bonheur. Immergez-vous dans la vapeur douce et puissante tandis que les riches saveurs et ar\u00f4mes envahissent vos sens. Produit enColombie Britannique Puissance du THC80-85% Ingr\u00e9dientsLive Resin &amp; Terps naturels Quantit\u00e92000mg par stylo Prix unitaire$22.5 Nombre d&#039;unit\u00e9s50 unit\u00e9s minimum\" \/>\n<meta property=\"og:url\" content=\"https:\/\/bcweededible.net\/fr\/buy\/comestibles\/vapeur-jetable-eden-live-resin-en-vrac\/\" \/>\n<meta property=\"og:site_name\" content=\"BC Weed Edible\" \/>\n<meta property=\"article:modified_time\" content=\"2025-06-02T18:34:57+00:00\" \/>\n<meta property=\"og:image\" content=\"https:\/\/bcweededible.net\/wp-content\/uploads\/2024\/07\/LIVE-RESIN-YELLOW.jpg\" \/>\n\t<meta property=\"og:image:width\" content=\"800\" \/>\n\t<meta property=\"og:image:height\" content=\"800\" \/>\n\t<meta property=\"og:image:type\" content=\"image\/jpeg\" \/>\n<meta name=\"twitter:card\" content=\"summary_large_image\" \/>\n<script type=\"application\/ld+json\" class=\"yoast-schema-graph\">{\"@context\":\"https:\\\/\\\/schema.org\",\"@graph\":[{\"@type\":\"WebPage\",\"@id\":\"https:\\\/\\\/bcweededible.net\\\/fr\\\/buy\\\/comestibles\\\/vapeur-jetable-eden-live-resin-en-vrac\\\/\",\"url\":\"https:\\\/\\\/bcweededible.net\\\/fr\\\/buy\\\/comestibles\\\/vapeur-jetable-eden-live-resin-en-vrac\\\/\",\"name\":\"Acheter des Vapoteuses THC jetables en vrac Canada $25\\\/Unit\u00e9 | BC Weed Edible\",\"isPartOf\":{\"@id\":\"https:\\\/\\\/bcweededible.net\\\/fr\\\/#website\"},\"primaryImageOfPage\":{\"@id\":\"https:\\\/\\\/bcweededible.net\\\/fr\\\/buy\\\/comestibles\\\/vapeur-jetable-eden-live-resin-en-vrac\\\/#primaryimage\"},\"image\":{\"@id\":\"https:\\\/\\\/bcweededible.net\\\/fr\\\/buy\\\/comestibles\\\/vapeur-jetable-eden-live-resin-en-vrac\\\/#primaryimage\"},\"thumbnailUrl\":\"https:\\\/\\\/bcweededible.net\\\/wp-content\\\/uploads\\\/2024\\\/07\\\/LIVE-RESIN-YELLOW.jpg\",\"datePublished\":\"2024-07-24T23:51:01+00:00\",\"dateModified\":\"2025-06-02T18:34:57+00:00\",\"breadcrumb\":{\"@id\":\"https:\\\/\\\/bcweededible.net\\\/fr\\\/buy\\\/comestibles\\\/vapeur-jetable-eden-live-resin-en-vrac\\\/#breadcrumb\"},\"inLanguage\":\"fr-FR\",\"potentialAction\":[{\"@type\":\"ReadAction\",\"target\":[\"https:\\\/\\\/bcweededible.net\\\/fr\\\/buy\\\/comestibles\\\/vapeur-jetable-eden-live-resin-en-vrac\\\/\"]}]},{\"@type\":\"ImageObject\",\"inLanguage\":\"fr-FR\",\"@id\":\"https:\\\/\\\/bcweededible.net\\\/fr\\\/buy\\\/comestibles\\\/vapeur-jetable-eden-live-resin-en-vrac\\\/#primaryimage\",\"url\":\"https:\\\/\\\/bcweededible.net\\\/wp-content\\\/uploads\\\/2024\\\/07\\\/LIVE-RESIN-YELLOW.jpg\",\"contentUrl\":\"https:\\\/\\\/bcweededible.net\\\/wp-content\\\/uploads\\\/2024\\\/07\\\/LIVE-RESIN-YELLOW.jpg\",\"width\":800,\"height\":800,\"caption\":\"eden bulk live resin disposable vape pens\"},{\"@type\":\"BreadcrumbList\",\"@id\":\"https:\\\/\\\/bcweededible.net\\\/fr\\\/buy\\\/comestibles\\\/vapeur-jetable-eden-live-resin-en-vrac\\\/#breadcrumb\",\"itemListElement\":[{\"@type\":\"ListItem\",\"position\":1,\"name\":\"Jujubes au Pot Canada\",\"item\":\"https:\\\/\\\/bcweededible.net\\\/fr\\\/shop\\\/\"},{\"@type\":\"ListItem\",\"position\":2,\"name\":\"Vapeur jetable Eden Live Resin en vrac\"}]},{\"@type\":\"WebSite\",\"@id\":\"https:\\\/\\\/bcweededible.net\\\/fr\\\/#website\",\"url\":\"https:\\\/\\\/bcweededible.net\\\/fr\\\/\",\"name\":\"BC Weed Edible\",\"description\":\"\",\"publisher\":{\"@id\":\"https:\\\/\\\/bcweededible.net\\\/fr\\\/#organization\"},\"potentialAction\":[{\"@type\":\"SearchAction\",\"target\":{\"@type\":\"EntryPoint\",\"urlTemplate\":\"https:\\\/\\\/bcweededible.net\\\/fr\\\/?s={search_term_string}\"},\"query-input\":{\"@type\":\"PropertyValueSpecification\",\"valueRequired\":true,\"valueName\":\"search_term_string\"}}],\"inLanguage\":\"fr-FR\"},{\"@type\":\"Organization\",\"@id\":\"https:\\\/\\\/bcweededible.net\\\/fr\\\/#organization\",\"name\":\"BC Weed Edible\",\"url\":\"https:\\\/\\\/bcweededible.net\\\/fr\\\/\",\"logo\":{\"@type\":\"ImageObject\",\"inLanguage\":\"fr-FR\",\"@id\":\"https:\\\/\\\/bcweededible.net\\\/fr\\\/#\\\/schema\\\/logo\\\/image\\\/\",\"url\":\"https:\\\/\\\/bcweededible.net\\\/wp-content\\\/uploads\\\/2021\\\/12\\\/bc-weed-edible-canada.png\",\"contentUrl\":\"https:\\\/\\\/bcweededible.net\\\/wp-content\\\/uploads\\\/2021\\\/12\\\/bc-weed-edible-canada.png\",\"width\":270,\"height\":185,\"caption\":\"BC Weed Edible\"},\"image\":{\"@id\":\"https:\\\/\\\/bcweededible.net\\\/fr\\\/#\\\/schema\\\/logo\\\/image\\\/\"}}]}<\/script>\n","yoast_head_json":{"title":"Acheter des Vapoteuses THC jetables en vrac Canada $25\/Unit\u00e9 | BC Weed Edible","robots":{"index":"index","follow":"follow","max-snippet":"max-snippet:-1","max-image-preview":"max-image-preview:large","max-video-preview":"max-video-preview:-1"},"canonical":"https:\/\/bcweededible.net\/fr\/buy\/comestibles\/vapeur-jetable-eden-live-resin-en-vrac\/","og_locale":"fr_FR","og_type":"article","og_title":"Acheter des Vapoteuses THC jetables en vrac Canada $25\/Unit\u00e9 | BC Weed Edible","og_description":"Faites l'exp\u00e9rience de la commodit\u00e9 et du plaisir ultime avec notre 2 grammes jetable live resin vape \u00e0 50% du prix r\u00e9gulier. Ces stylos \u00e0 vape \u00e9l\u00e9gants et portables sont con\u00e7us pour \u00e9lever votre exp\u00e9rience du cannabis \u00e0 de nouveaux sommets. Avec une contenance g\u00e9n\u00e9reuse de 2 grammes, vous disposerez d'une r\u00e9serve suffisante pour profiter de longues sessions de pur bonheur. Immergez-vous dans la vapeur douce et puissante tandis que les riches saveurs et ar\u00f4mes envahissent vos sens. Produit enColombie Britannique Puissance du THC80-85% Ingr\u00e9dientsLive Resin &amp; Terps naturels Quantit\u00e92000mg par stylo Prix unitaire$22.5 Nombre d'unit\u00e9s50 unit\u00e9s minimum","og_url":"https:\/\/bcweededible.net\/fr\/buy\/comestibles\/vapeur-jetable-eden-live-resin-en-vrac\/","og_site_name":"BC Weed Edible","article_modified_time":"2025-06-02T18:34:57+00:00","og_image":[{"width":800,"height":800,"url":"https:\/\/bcweededible.net\/wp-content\/uploads\/2024\/07\/LIVE-RESIN-YELLOW.jpg","type":"image\/jpeg"}],"twitter_card":"summary_large_image","schema":{"@context":"https:\/\/schema.org","@graph":[{"@type":"WebPage","@id":"https:\/\/bcweededible.net\/fr\/buy\/comestibles\/vapeur-jetable-eden-live-resin-en-vrac\/","url":"https:\/\/bcweededible.net\/fr\/buy\/comestibles\/vapeur-jetable-eden-live-resin-en-vrac\/","name":"Acheter des Vapoteuses THC jetables en vrac Canada $25\/Unit\u00e9 | BC Weed Edible","isPartOf":{"@id":"https:\/\/bcweededible.net\/fr\/#website"},"primaryImageOfPage":{"@id":"https:\/\/bcweededible.net\/fr\/buy\/comestibles\/vapeur-jetable-eden-live-resin-en-vrac\/#primaryimage"},"image":{"@id":"https:\/\/bcweededible.net\/fr\/buy\/comestibles\/vapeur-jetable-eden-live-resin-en-vrac\/#primaryimage"},"thumbnailUrl":"https:\/\/bcweededible.net\/wp-content\/uploads\/2024\/07\/LIVE-RESIN-YELLOW.jpg","datePublished":"2024-07-24T23:51:01+00:00","dateModified":"2025-06-02T18:34:57+00:00","breadcrumb":{"@id":"https:\/\/bcweededible.net\/fr\/buy\/comestibles\/vapeur-jetable-eden-live-resin-en-vrac\/#breadcrumb"},"inLanguage":"fr-FR","potentialAction":[{"@type":"ReadAction","target":["https:\/\/bcweededible.net\/fr\/buy\/comestibles\/vapeur-jetable-eden-live-resin-en-vrac\/"]}]},{"@type":"ImageObject","inLanguage":"fr-FR","@id":"https:\/\/bcweededible.net\/fr\/buy\/comestibles\/vapeur-jetable-eden-live-resin-en-vrac\/#primaryimage","url":"https:\/\/bcweededible.net\/wp-content\/uploads\/2024\/07\/LIVE-RESIN-YELLOW.jpg","contentUrl":"https:\/\/bcweededible.net\/wp-content\/uploads\/2024\/07\/LIVE-RESIN-YELLOW.jpg","width":800,"height":800,"caption":"eden bulk live resin disposable vape pens"},{"@type":"BreadcrumbList","@id":"https:\/\/bcweededible.net\/fr\/buy\/comestibles\/vapeur-jetable-eden-live-resin-en-vrac\/#breadcrumb","itemListElement":[{"@type":"ListItem","position":1,"name":"Jujubes au Pot Canada","item":"https:\/\/bcweededible.net\/fr\/shop\/"},{"@type":"ListItem","position":2,"name":"Vapeur jetable Eden Live Resin en vrac"}]},{"@type":"WebSite","@id":"https:\/\/bcweededible.net\/fr\/#website","url":"https:\/\/bcweededible.net\/fr\/","name":"BC Weed Edible","description":"","publisher":{"@id":"https:\/\/bcweededible.net\/fr\/#organization"},"potentialAction":[{"@type":"SearchAction","target":{"@type":"EntryPoint","urlTemplate":"https:\/\/bcweededible.net\/fr\/?s={search_term_string}"},"query-input":{"@type":"PropertyValueSpecification","valueRequired":true,"valueName":"search_term_string"}}],"inLanguage":"fr-FR"},{"@type":"Organization","@id":"https:\/\/bcweededible.net\/fr\/#organization","name":"BC Weed Edible","url":"https:\/\/bcweededible.net\/fr\/","logo":{"@type":"ImageObject","inLanguage":"fr-FR","@id":"https:\/\/bcweededible.net\/fr\/#\/schema\/logo\/image\/","url":"https:\/\/bcweededible.net\/wp-content\/uploads\/2021\/12\/bc-weed-edible-canada.png","contentUrl":"https:\/\/bcweededible.net\/wp-content\/uploads\/2021\/12\/bc-weed-edible-canada.png","width":270,"height":185,"caption":"BC Weed Edible"},"image":{"@id":"https:\/\/bcweededible.net\/fr\/#\/schema\/logo\/image\/"}}]}},"_links":{"self":[{"href":"https:\/\/bcweededible.net\/fr\/wp-json\/wp\/v2\/product\/79774","targetHints":{"allow":["GET"]}}],"collection":[{"href":"https:\/\/bcweededible.net\/fr\/wp-json\/wp\/v2\/product"}],"about":[{"href":"https:\/\/bcweededible.net\/fr\/wp-json\/wp\/v2\/types\/product"}],"replies":[{"embeddable":true,"href":"https:\/\/bcweededible.net\/fr\/wp-json\/wp\/v2\/comments?post=79774"}],"wp:featuredmedia":[{"embeddable":true,"href":"https:\/\/bcweededible.net\/fr\/wp-json\/wp\/v2\/media\/79808"}],"wp:attachment":[{"href":"https:\/\/bcweededible.net\/fr\/wp-json\/wp\/v2\/media?parent=79774"}],"wp:term":[{"taxonomy":"product_brand","embeddable":true,"href":"https:\/\/bcweededible.net\/fr\/wp-json\/wp\/v2\/product_brand?post=79774"},{"taxonomy":"product_cat","embeddable":true,"href":"https:\/\/bcweededible.net\/fr\/wp-json\/wp\/v2\/product_cat?post=79774"},{"taxonomy":"product_tag","embeddable":true,"href":"https:\/\/bcweededible.net\/fr\/wp-json\/wp\/v2\/product_tag?post=79774"}],"curies":[{"name":"wp","href":"https:\/\/api.w.org\/{rel}","templated":true}]}}