{"id":77082,"date":"2024-06-13T14:30:41","date_gmt":"2024-06-17T19:23:49","guid":{"rendered":"https:\/\/bcweededible.net\/buy\/non%20class\u00e9\/sirop-de-thc-300mg-limonade\/"},"modified":"2025-10-12T21:54:27","modified_gmt":"2025-10-13T04:54:27","slug":"sirop-de-thc-300mg-limonade","status":"publish","type":"product","link":"https:\/\/bcweededible.net\/fr\/buy\/marques\/eden-edibles-fr\/sirop-de-thc-300mg-limonade\/","title":{"rendered":"Sirop de THC 300mg Limonade"},"content":{"rendered":"<p>Le dosage de 300 mg est r\u00e9serv\u00e9 aux <strong>consommateurs avertis<\/strong>. Si vous n&#8217;\u00eates pas s\u00fbr du dosage que vous devriez v\u00e9rifier, veuillez consulter notre <strong><a href=\"http:\/\/bcweededible.net\/edible-dosage-chart-by-weight\/\">Tableau des dosages comestibles par poids.<\/a><\/strong><\/p>\n<h3>D\u00e9tails du produit<\/h3>\n<table>\n<tbody>\n<tr>\n<td class=\"has-text-align-center\" style=\"text-align: left;\" data-align=\"center\"><strong>THC total<\/strong><\/td>\n<td class=\"has-text-align-center\" style=\"text-align: left;\" data-align=\"center\">300mg THC<\/td>\n<\/tr>\n<tr>\n<td class=\"has-text-align-center\" data-align=\"center\"><strong>Dosage<\/strong><\/td>\n<td class=\"has-text-align-center\" data-align=\"center\">30mg THC par 10ml<\/td>\n<\/tr>\n<tr>\n<td class=\"has-text-align-center\" style=\"text-align: left;\" data-align=\"center\"><strong>Effets<\/strong><\/td>\n<td class=\"has-text-align-center\" style=\"text-align: left;\" data-align=\"center\">\u00c9nergie, plaisir, concentration, sommeil<\/td>\n<\/tr>\n<tr>\n<td class=\"has-text-align-center\" style=\"text-align: left;\" data-align=\"center\"><strong>Ingr\u00e9dients<\/strong><\/td>\n<td class=\"has-text-align-center\" style=\"text-align: left;\" data-align=\"center\">Sucre de canne, eau, acide citrique, jus de fruits concentr\u00e9, ar\u00f4mes naturels, l\u00e9cithine de soja, extrait de THC.<\/td>\n<\/tr>\n<tr>\n<td class=\"has-text-align-center\" style=\"text-align: left;\" data-align=\"center\"><strong>Stockage<\/strong><\/td>\n<td class=\"has-text-align-center\" style=\"text-align: left;\" data-align=\"center\">1 an \u00e0 temp\u00e9rature ambiante<\/td>\n<\/tr>\n<\/tbody>\n<\/table>\n","protected":false},"excerpt":{"rendered":"<p>Nous vous pr\u00e9sentons l&#8217;\u00e9tonnant<strong> Eden THC Lean Syrup<\/strong>, fabriqu\u00e9 \u00e0 partir d&#8217;ingr\u00e9dients naturels de haute qualit\u00e9. Vous pouvez d\u00e9sormais ajouter facilement du THC \u00e0 votre boisson pr\u00e9f\u00e9r\u00e9e. Chaque <strong>flacon de 100 ml contient 300 mg de THC<\/strong>. Vous pouvez facilement contr\u00f4ler le dosage en v\u00e9rifiant la graduation sur le flacon. Pour<strong> 10 ml, vous obtiendrez 30 mg de THC dans votre boisson,<\/strong> alors soyez prudent.<\/p>\n","protected":false},"featured_media":70530,"comment_status":"open","ping_status":"closed","template":"","meta":{"wprm-recipe-roundup-name":"","wprm-recipe-roundup-description":""},"product_cat":[664,772,545,546,244,207,278,276,280],"product_tag":[382],"class_list":{"0":"post-77082","1":"product","2":"type-product","3":"status-publish","4":"has-post-thumbnail","6":"product_cat-eden-edibles-fr","7":"product_cat-sirop-de-thc","8":"product_cat-comestibles-indica","9":"product_cat-comestibles-sativa","10":"product_cat-comestibles","11":"product_cat-1000mg-edible","12":"product_cat-puissant","13":"product_cat-jujubes","14":"product_cat-vegan-fr","15":"product_tag-1000mg-fr","17":"first","18":"outofstock","19":"shipping-taxable","20":"purchasable","21":"product-type-simple"},"yoast_head":"\n<title>Acheter un Sirop de THC 300mg Limonade au Canada | BC Weed Edible<\/title>\n<meta name=\"robots\" content=\"index, follow, max-snippet:-1, max-image-preview:large, max-video-preview:-1\" \/>\n<link rel=\"canonical\" href=\"https:\/\/bcweededible.net\/fr\/buy\/marques\/eden-edibles-fr\/sirop-de-thc-300mg-limonade\/\" \/>\n<meta property=\"og:locale\" content=\"fr_FR\" \/>\n<meta property=\"og:type\" content=\"article\" \/>\n<meta property=\"og:title\" content=\"Acheter un Sirop de THC 300mg Limonade au Canada | BC Weed Edible\" \/>\n<meta property=\"og:description\" content=\"Nous vous pr\u00e9sentons l&#039;\u00e9tonnant Eden THC Lean Syrup, fabriqu\u00e9 \u00e0 partir d&#039;ingr\u00e9dients naturels de haute qualit\u00e9. Vous pouvez d\u00e9sormais ajouter facilement du THC \u00e0 votre boisson pr\u00e9f\u00e9r\u00e9e. Chaque flacon de 100 ml contient 300 mg de THC. Vous pouvez facilement contr\u00f4ler le dosage en v\u00e9rifiant la graduation sur le flacon. Pour 10 ml, vous obtiendrez 30 mg de THC dans votre boisson, alors soyez prudent.\" \/>\n<meta property=\"og:url\" content=\"https:\/\/bcweededible.net\/fr\/buy\/marques\/eden-edibles-fr\/sirop-de-thc-300mg-limonade\/\" \/>\n<meta property=\"og:site_name\" content=\"BC Weed Edible\" \/>\n<meta property=\"article:modified_time\" content=\"2025-10-13T04:54:27+00:00\" \/>\n<meta property=\"og:image\" content=\"https:\/\/bcweededible.net\/wp-content\/uploads\/2024\/03\/thc-lean-syrup-1000mg-thc-lemon.jpg\" \/>\n\t<meta property=\"og:image:width\" content=\"1080\" \/>\n\t<meta property=\"og:image:height\" content=\"1080\" \/>\n\t<meta property=\"og:image:type\" content=\"image\/jpeg\" \/>\n<meta name=\"twitter:card\" content=\"summary_large_image\" \/>\n<script type=\"application\/ld+json\" class=\"yoast-schema-graph\">{\"@context\":\"https:\/\/schema.org\",\"@graph\":[{\"@type\":\"WebPage\",\"@id\":\"https:\/\/bcweededible.net\/fr\/buy\/marques\/eden-edibles-fr\/sirop-de-thc-300mg-limonade\/\",\"url\":\"https:\/\/bcweededible.net\/fr\/buy\/marques\/eden-edibles-fr\/sirop-de-thc-300mg-limonade\/\",\"name\":\"Acheter un Sirop de THC 300mg Limonade au Canada | BC Weed Edible\",\"isPartOf\":{\"@id\":\"https:\/\/bcweededible.net\/fr\/#website\"},\"primaryImageOfPage\":{\"@id\":\"https:\/\/bcweededible.net\/fr\/buy\/marques\/eden-edibles-fr\/sirop-de-thc-300mg-limonade\/#primaryimage\"},\"image\":{\"@id\":\"https:\/\/bcweededible.net\/fr\/buy\/marques\/eden-edibles-fr\/sirop-de-thc-300mg-limonade\/#primaryimage\"},\"thumbnailUrl\":\"https:\/\/bcweededible.net\/wp-content\/uploads\/2024\/03\/thc-lean-syrup-1000mg-thc-lemon.jpg\",\"datePublished\":\"2024-06-17T19:23:49+00:00\",\"dateModified\":\"2025-10-13T04:54:27+00:00\",\"breadcrumb\":{\"@id\":\"https:\/\/bcweededible.net\/fr\/buy\/marques\/eden-edibles-fr\/sirop-de-thc-300mg-limonade\/#breadcrumb\"},\"inLanguage\":\"fr-FR\",\"potentialAction\":[{\"@type\":\"ReadAction\",\"target\":[\"https:\/\/bcweededible.net\/fr\/buy\/marques\/eden-edibles-fr\/sirop-de-thc-300mg-limonade\/\"]}]},{\"@type\":\"ImageObject\",\"inLanguage\":\"fr-FR\",\"@id\":\"https:\/\/bcweededible.net\/fr\/buy\/marques\/eden-edibles-fr\/sirop-de-thc-300mg-limonade\/#primaryimage\",\"url\":\"https:\/\/bcweededible.net\/wp-content\/uploads\/2024\/03\/thc-lean-syrup-1000mg-thc-lemon.jpg\",\"contentUrl\":\"https:\/\/bcweededible.net\/wp-content\/uploads\/2024\/03\/thc-lean-syrup-1000mg-thc-lemon.jpg\",\"width\":1080,\"height\":1080,\"caption\":\"THC lemonade\"},{\"@type\":\"BreadcrumbList\",\"@id\":\"https:\/\/bcweededible.net\/fr\/buy\/marques\/eden-edibles-fr\/sirop-de-thc-300mg-limonade\/#breadcrumb\",\"itemListElement\":[{\"@type\":\"ListItem\",\"position\":1,\"name\":\"Jujubes au Pot Canada\",\"item\":\"https:\/\/bcweededible.net\/fr\/shop\/\"},{\"@type\":\"ListItem\",\"position\":2,\"name\":\"Sirop de THC 300mg Limonade\"}]},{\"@type\":\"WebSite\",\"@id\":\"https:\/\/bcweededible.net\/fr\/#website\",\"url\":\"https:\/\/bcweededible.net\/fr\/\",\"name\":\"BC Weed Edible\",\"description\":\"\",\"publisher\":{\"@id\":\"https:\/\/bcweededible.net\/fr\/#organization\"},\"potentialAction\":[{\"@type\":\"SearchAction\",\"target\":{\"@type\":\"EntryPoint\",\"urlTemplate\":\"https:\/\/bcweededible.net\/fr\/?s={search_term_string}\"},\"query-input\":{\"@type\":\"PropertyValueSpecification\",\"valueRequired\":true,\"valueName\":\"search_term_string\"}}],\"inLanguage\":\"fr-FR\"},{\"@type\":\"Organization\",\"@id\":\"https:\/\/bcweededible.net\/fr\/#organization\",\"name\":\"BC Weed Edible\",\"url\":\"https:\/\/bcweededible.net\/fr\/\",\"logo\":{\"@type\":\"ImageObject\",\"inLanguage\":\"fr-FR\",\"@id\":\"https:\/\/bcweededible.net\/fr\/#\/schema\/logo\/image\/\",\"url\":\"https:\/\/bcweededible.net\/wp-content\/uploads\/2021\/12\/bc-weed-edible-canada.png\",\"contentUrl\":\"https:\/\/bcweededible.net\/wp-content\/uploads\/2021\/12\/bc-weed-edible-canada.png\",\"width\":270,\"height\":185,\"caption\":\"BC Weed Edible\"},\"image\":{\"@id\":\"https:\/\/bcweededible.net\/fr\/#\/schema\/logo\/image\/\"}}]}<\/script>\n","yoast_head_json":{"title":"Acheter un Sirop de THC 300mg Limonade au Canada | BC Weed Edible","robots":{"index":"index","follow":"follow","max-snippet":"max-snippet:-1","max-image-preview":"max-image-preview:large","max-video-preview":"max-video-preview:-1"},"canonical":"https:\/\/bcweededible.net\/fr\/buy\/marques\/eden-edibles-fr\/sirop-de-thc-300mg-limonade\/","og_locale":"fr_FR","og_type":"article","og_title":"Acheter un Sirop de THC 300mg Limonade au Canada | BC Weed Edible","og_description":"Nous vous pr\u00e9sentons l'\u00e9tonnant Eden THC Lean Syrup, fabriqu\u00e9 \u00e0 partir d'ingr\u00e9dients naturels de haute qualit\u00e9. Vous pouvez d\u00e9sormais ajouter facilement du THC \u00e0 votre boisson pr\u00e9f\u00e9r\u00e9e. Chaque flacon de 100 ml contient 300 mg de THC. Vous pouvez facilement contr\u00f4ler le dosage en v\u00e9rifiant la graduation sur le flacon. Pour 10 ml, vous obtiendrez 30 mg de THC dans votre boisson, alors soyez prudent.","og_url":"https:\/\/bcweededible.net\/fr\/buy\/marques\/eden-edibles-fr\/sirop-de-thc-300mg-limonade\/","og_site_name":"BC Weed Edible","article_modified_time":"2025-10-13T04:54:27+00:00","og_image":[{"width":1080,"height":1080,"url":"https:\/\/bcweededible.net\/wp-content\/uploads\/2024\/03\/thc-lean-syrup-1000mg-thc-lemon.jpg","type":"image\/jpeg"}],"twitter_card":"summary_large_image","schema":{"@context":"https:\/\/schema.org","@graph":[{"@type":"WebPage","@id":"https:\/\/bcweededible.net\/fr\/buy\/marques\/eden-edibles-fr\/sirop-de-thc-300mg-limonade\/","url":"https:\/\/bcweededible.net\/fr\/buy\/marques\/eden-edibles-fr\/sirop-de-thc-300mg-limonade\/","name":"Acheter un Sirop de THC 300mg Limonade au Canada | BC Weed Edible","isPartOf":{"@id":"https:\/\/bcweededible.net\/fr\/#website"},"primaryImageOfPage":{"@id":"https:\/\/bcweededible.net\/fr\/buy\/marques\/eden-edibles-fr\/sirop-de-thc-300mg-limonade\/#primaryimage"},"image":{"@id":"https:\/\/bcweededible.net\/fr\/buy\/marques\/eden-edibles-fr\/sirop-de-thc-300mg-limonade\/#primaryimage"},"thumbnailUrl":"https:\/\/bcweededible.net\/wp-content\/uploads\/2024\/03\/thc-lean-syrup-1000mg-thc-lemon.jpg","datePublished":"2024-06-17T19:23:49+00:00","dateModified":"2025-10-13T04:54:27+00:00","breadcrumb":{"@id":"https:\/\/bcweededible.net\/fr\/buy\/marques\/eden-edibles-fr\/sirop-de-thc-300mg-limonade\/#breadcrumb"},"inLanguage":"fr-FR","potentialAction":[{"@type":"ReadAction","target":["https:\/\/bcweededible.net\/fr\/buy\/marques\/eden-edibles-fr\/sirop-de-thc-300mg-limonade\/"]}]},{"@type":"ImageObject","inLanguage":"fr-FR","@id":"https:\/\/bcweededible.net\/fr\/buy\/marques\/eden-edibles-fr\/sirop-de-thc-300mg-limonade\/#primaryimage","url":"https:\/\/bcweededible.net\/wp-content\/uploads\/2024\/03\/thc-lean-syrup-1000mg-thc-lemon.jpg","contentUrl":"https:\/\/bcweededible.net\/wp-content\/uploads\/2024\/03\/thc-lean-syrup-1000mg-thc-lemon.jpg","width":1080,"height":1080,"caption":"THC lemonade"},{"@type":"BreadcrumbList","@id":"https:\/\/bcweededible.net\/fr\/buy\/marques\/eden-edibles-fr\/sirop-de-thc-300mg-limonade\/#breadcrumb","itemListElement":[{"@type":"ListItem","position":1,"name":"Jujubes au Pot Canada","item":"https:\/\/bcweededible.net\/fr\/shop\/"},{"@type":"ListItem","position":2,"name":"Sirop de THC 300mg Limonade"}]},{"@type":"WebSite","@id":"https:\/\/bcweededible.net\/fr\/#website","url":"https:\/\/bcweededible.net\/fr\/","name":"BC Weed Edible","description":"","publisher":{"@id":"https:\/\/bcweededible.net\/fr\/#organization"},"potentialAction":[{"@type":"SearchAction","target":{"@type":"EntryPoint","urlTemplate":"https:\/\/bcweededible.net\/fr\/?s={search_term_string}"},"query-input":{"@type":"PropertyValueSpecification","valueRequired":true,"valueName":"search_term_string"}}],"inLanguage":"fr-FR"},{"@type":"Organization","@id":"https:\/\/bcweededible.net\/fr\/#organization","name":"BC Weed Edible","url":"https:\/\/bcweededible.net\/fr\/","logo":{"@type":"ImageObject","inLanguage":"fr-FR","@id":"https:\/\/bcweededible.net\/fr\/#\/schema\/logo\/image\/","url":"https:\/\/bcweededible.net\/wp-content\/uploads\/2021\/12\/bc-weed-edible-canada.png","contentUrl":"https:\/\/bcweededible.net\/wp-content\/uploads\/2021\/12\/bc-weed-edible-canada.png","width":270,"height":185,"caption":"BC Weed Edible"},"image":{"@id":"https:\/\/bcweededible.net\/fr\/#\/schema\/logo\/image\/"}}]}},"_links":{"self":[{"href":"https:\/\/bcweededible.net\/fr\/wp-json\/wp\/v2\/product\/77082","targetHints":{"allow":["GET"]}}],"collection":[{"href":"https:\/\/bcweededible.net\/fr\/wp-json\/wp\/v2\/product"}],"about":[{"href":"https:\/\/bcweededible.net\/fr\/wp-json\/wp\/v2\/types\/product"}],"replies":[{"embeddable":true,"href":"https:\/\/bcweededible.net\/fr\/wp-json\/wp\/v2\/comments?post=77082"}],"wp:featuredmedia":[{"embeddable":true,"href":"https:\/\/bcweededible.net\/fr\/wp-json\/wp\/v2\/media\/70530"}],"wp:attachment":[{"href":"https:\/\/bcweededible.net\/fr\/wp-json\/wp\/v2\/media?parent=77082"}],"wp:term":[{"taxonomy":"product_cat","embeddable":true,"href":"https:\/\/bcweededible.net\/fr\/wp-json\/wp\/v2\/product_cat?post=77082"},{"taxonomy":"product_tag","embeddable":true,"href":"https:\/\/bcweededible.net\/fr\/wp-json\/wp\/v2\/product_tag?post=77082"}],"curies":[{"name":"wp","href":"https:\/\/api.w.org\/{rel}","templated":true}]}}