{"id":72707,"date":"2024-04-17T10:18:33","date_gmt":"2024-04-17T17:49:37","guid":{"rendered":"https:\/\/bcweededible.net\/buy\/non%20class\u00e9\/chariots-de-vaporisation-live-resin-en-vrac-50-chariots\/"},"modified":"2025-10-10T19:28:39","modified_gmt":"2025-10-11T02:28:39","slug":"cartouches-live-resin-vrac","status":"publish","type":"product","link":"https:\/\/bcweededible.net\/fr\/buy\/marques\/eden-edibles-fr\/eden-en-vrac\/cartouches-live-resin-vrac\/","title":{"rendered":"Cartouches Live Resin en Vrac"},"content":{"rendered":"<h1>Cartouche de Live Resin en vrac<\/h1>\n<p>L&#8217;achat de cartouches de vape en r\u00e9sine vivante en vrac offre des avantages non n\u00e9gligeables. Non seulement elle r\u00e9duit les co\u00fbts, rendant chaque cartouche plus <strong>rentable<\/strong>, mais elle vous permet \u00e9galement de maintenir un <strong>approvisionnement r\u00e9gulier<\/strong>, r\u00e9duisant ainsi la n\u00e9cessit\u00e9 de commandes fr\u00e9quentes. L&#8217;achat en gros vous permet \u00e9galement d&#8217;<strong>exp\u00e9rimenter une vari\u00e9t\u00e9 d&#8217;extraits \u00e0 spectre complet de<\/strong> vari\u00e9t\u00e9s sp\u00e9cifiques, am\u00e9liorant votre exp\u00e9rience de vapotage avec les saveurs et les ar\u00f4mes riches et authentiques propres \u00e0 la r\u00e9sine vivante. Profitez des avantages de l&#8217;achat en gros pour am\u00e9liorer vos s\u00e9ances de cannabis.<\/p>\n","protected":false},"excerpt":{"rendered":"<p>D\u00e9couvrez les <a href=\"https:\/\/bcweededible.net\/fr\/buy\/marques\/eden-edibles-fr\/cartouche-vape-live-resin\/\"><strong>Cartouches de Live Resin 1g<\/strong><\/a> d&#8217;Eden en vrac. Maintenant disponibles avec une <strong>r\u00e9duction<\/strong> remarquable <strong>de 50%<\/strong>. Chaque cartouche contient 1 gramme de Live Resin, un extrait <a href=\"https:\/\/bcweededible.net\/full-spectrum-extracts-demystified-what-you-need-to-know\/\">\u00e0 spectre complet<\/a> qui d\u00e9livre l&#8217;<a href=\"https:\/\/bcweededible.net\/101-guide-to-the-entourage-effect\/\">effet d&#8217;entourage<\/a> complet <a href=\"https:\/\/bcweededible.net\/101-guide-to-the-entourage-effect\/\">du cannabis<\/a>. Faites l&#8217;exp\u00e9rience d&#8217;une vapeur puissante, de saveurs riches et d&#8217;ar\u00f4mes captivants \u00e0 chaque s\u00e9ance de vapotage.<\/p>\n<table class=\"wccs-bulk-pricing-table wccs-horizontal-table\">\n<tbody>\n<tr>\n<th>Entr\u00e9e<\/th>\n<th>100% Live Resin<\/th>\n<\/tr>\n<tr>\n<td>Puissance du THC<\/td>\n<td>70-80%<\/td>\n<\/tr>\n<tr>\n<td>Teneur en terp\u00e8nes<\/td>\n<td>8-12%<\/td>\n<\/tr>\n<tr>\n<td>Quantit\u00e9<\/td>\n<td>1000mg par cartouche<\/td>\n<\/tr>\n<tr>\n<td>Prix unitaire<\/td>\n<td>$19.5<\/td>\n<\/tr>\n<tr>\n<td>Nombre d&#8217;unit\u00e9s<\/td>\n<td>50<\/td>\n<\/tr>\n<\/tbody>\n<\/table>\n","protected":false},"featured_media":72697,"comment_status":"open","ping_status":"closed","template":"","meta":[],"product_brand":[],"product_cat":[803,664,768,791,665,637,558,305,306,390,287,288],"product_tag":[],"class_list":{"0":"post-72707","1":"product","2":"type-product","3":"status-publish","4":"has-post-thumbnail","6":"product_cat-cartouches-thc","7":"product_cat-eden-edibles-fr","8":"product_cat-eden-en-vrac","9":"product_cat-full-spectrum-vapes-fr","10":"product_cat-vapoteuse-thc-gros","11":"product_cat-jetable","12":"product_cat-gros","13":"product_cat-concentres","14":"product_cat-distillat","15":"product_cat-live-resine","16":"product_cat-vape","17":"product_cat-cartouches-distillat","19":"first","20":"instock","21":"sale","22":"shipping-taxable","23":"product-type-mix-and-match"},"yoast_head":"\n<title>Acheter un Cartouches Live Resin en Vrac au Canada | BC Weed Edible<\/title>\n<meta name=\"robots\" content=\"index, follow, max-snippet:-1, max-image-preview:large, max-video-preview:-1\" \/>\n<link rel=\"canonical\" href=\"https:\/\/bcweededible.net\/fr\/buy\/marques\/eden-edibles-fr\/eden-en-vrac\/cartouches-live-resin-vrac\/\" \/>\n<meta property=\"og:locale\" content=\"fr_FR\" \/>\n<meta property=\"og:type\" content=\"article\" \/>\n<meta property=\"og:title\" content=\"Acheter un Cartouches Live Resin en Vrac au Canada | BC Weed Edible\" \/>\n<meta property=\"og:description\" content=\"D\u00e9couvrez les Cartouches de Live Resin 1g d&#039;Eden en vrac. Maintenant disponibles avec une r\u00e9duction remarquable de 50%. Chaque cartouche contient 1 gramme de Live Resin, un extrait \u00e0 spectre complet qui d\u00e9livre l&#039;effet d&#039;entourage complet du cannabis. Faites l&#039;exp\u00e9rience d&#039;une vapeur puissante, de saveurs riches et d&#039;ar\u00f4mes captivants \u00e0 chaque s\u00e9ance de vapotage. Entr\u00e9e 100% Live Resin Puissance du THC 70-80% Teneur en terp\u00e8nes 8-12% Quantit\u00e9 1000mg par cartouche Prix unitaire $19.5 Nombre d&#039;unit\u00e9s 50\" \/>\n<meta property=\"og:url\" content=\"https:\/\/bcweededible.net\/fr\/buy\/marques\/eden-edibles-fr\/eden-en-vrac\/cartouches-live-resin-vrac\/\" \/>\n<meta property=\"og:site_name\" content=\"BC Weed Edible\" \/>\n<meta property=\"article:modified_time\" content=\"2025-10-11T02:28:39+00:00\" \/>\n<meta property=\"og:image\" content=\"https:\/\/bcweededible.net\/wp-content\/uploads\/2024\/04\/bulk-live-resin-vape-carts-eden.jpg\" \/>\n\t<meta property=\"og:image:width\" content=\"800\" \/>\n\t<meta property=\"og:image:height\" content=\"800\" \/>\n\t<meta property=\"og:image:type\" content=\"image\/jpeg\" \/>\n<meta name=\"twitter:card\" content=\"summary_large_image\" \/>\n<meta name=\"twitter:label1\" content=\"Dur\u00e9e de lecture estim\u00e9e\" \/>\n\t<meta name=\"twitter:data1\" content=\"1 minute\" \/>\n<script type=\"application\/ld+json\" class=\"yoast-schema-graph\">{\"@context\":\"https:\\\/\\\/schema.org\",\"@graph\":[{\"@type\":\"WebPage\",\"@id\":\"https:\\\/\\\/bcweededible.net\\\/fr\\\/buy\\\/marques\\\/eden-edibles-fr\\\/eden-en-vrac\\\/cartouches-live-resin-vrac\\\/\",\"url\":\"https:\\\/\\\/bcweededible.net\\\/fr\\\/buy\\\/marques\\\/eden-edibles-fr\\\/eden-en-vrac\\\/cartouches-live-resin-vrac\\\/\",\"name\":\"Acheter un Cartouches Live Resin en Vrac au Canada | BC Weed Edible\",\"isPartOf\":{\"@id\":\"https:\\\/\\\/bcweededible.net\\\/fr\\\/#website\"},\"primaryImageOfPage\":{\"@id\":\"https:\\\/\\\/bcweededible.net\\\/fr\\\/buy\\\/marques\\\/eden-edibles-fr\\\/eden-en-vrac\\\/cartouches-live-resin-vrac\\\/#primaryimage\"},\"image\":{\"@id\":\"https:\\\/\\\/bcweededible.net\\\/fr\\\/buy\\\/marques\\\/eden-edibles-fr\\\/eden-en-vrac\\\/cartouches-live-resin-vrac\\\/#primaryimage\"},\"thumbnailUrl\":\"https:\\\/\\\/bcweededible.net\\\/wp-content\\\/uploads\\\/2024\\\/04\\\/bulk-live-resin-vape-carts-eden.jpg\",\"datePublished\":\"2024-04-17T17:49:37+00:00\",\"dateModified\":\"2025-10-11T02:28:39+00:00\",\"breadcrumb\":{\"@id\":\"https:\\\/\\\/bcweededible.net\\\/fr\\\/buy\\\/marques\\\/eden-edibles-fr\\\/eden-en-vrac\\\/cartouches-live-resin-vrac\\\/#breadcrumb\"},\"inLanguage\":\"fr-FR\",\"potentialAction\":[{\"@type\":\"ReadAction\",\"target\":[\"https:\\\/\\\/bcweededible.net\\\/fr\\\/buy\\\/marques\\\/eden-edibles-fr\\\/eden-en-vrac\\\/cartouches-live-resin-vrac\\\/\"]}]},{\"@type\":\"ImageObject\",\"inLanguage\":\"fr-FR\",\"@id\":\"https:\\\/\\\/bcweededible.net\\\/fr\\\/buy\\\/marques\\\/eden-edibles-fr\\\/eden-en-vrac\\\/cartouches-live-resin-vrac\\\/#primaryimage\",\"url\":\"https:\\\/\\\/bcweededible.net\\\/wp-content\\\/uploads\\\/2024\\\/04\\\/bulk-live-resin-vape-carts-eden.jpg\",\"contentUrl\":\"https:\\\/\\\/bcweededible.net\\\/wp-content\\\/uploads\\\/2024\\\/04\\\/bulk-live-resin-vape-carts-eden.jpg\",\"width\":800,\"height\":800,\"caption\":\"bulk live resin vape carts eden\"},{\"@type\":\"BreadcrumbList\",\"@id\":\"https:\\\/\\\/bcweededible.net\\\/fr\\\/buy\\\/marques\\\/eden-edibles-fr\\\/eden-en-vrac\\\/cartouches-live-resin-vrac\\\/#breadcrumb\",\"itemListElement\":[{\"@type\":\"ListItem\",\"position\":1,\"name\":\"Jujubes au Pot Canada\",\"item\":\"https:\\\/\\\/bcweededible.net\\\/fr\\\/shop\\\/\"},{\"@type\":\"ListItem\",\"position\":2,\"name\":\"Cartouches Live Resin en Vrac\"}]},{\"@type\":\"WebSite\",\"@id\":\"https:\\\/\\\/bcweededible.net\\\/fr\\\/#website\",\"url\":\"https:\\\/\\\/bcweededible.net\\\/fr\\\/\",\"name\":\"BC Weed Edible\",\"description\":\"\",\"publisher\":{\"@id\":\"https:\\\/\\\/bcweededible.net\\\/fr\\\/#organization\"},\"potentialAction\":[{\"@type\":\"SearchAction\",\"target\":{\"@type\":\"EntryPoint\",\"urlTemplate\":\"https:\\\/\\\/bcweededible.net\\\/fr\\\/?s={search_term_string}\"},\"query-input\":{\"@type\":\"PropertyValueSpecification\",\"valueRequired\":true,\"valueName\":\"search_term_string\"}}],\"inLanguage\":\"fr-FR\"},{\"@type\":\"Organization\",\"@id\":\"https:\\\/\\\/bcweededible.net\\\/fr\\\/#organization\",\"name\":\"BC Weed Edible\",\"url\":\"https:\\\/\\\/bcweededible.net\\\/fr\\\/\",\"logo\":{\"@type\":\"ImageObject\",\"inLanguage\":\"fr-FR\",\"@id\":\"https:\\\/\\\/bcweededible.net\\\/fr\\\/#\\\/schema\\\/logo\\\/image\\\/\",\"url\":\"https:\\\/\\\/bcweededible.net\\\/wp-content\\\/uploads\\\/2021\\\/12\\\/bc-weed-edible-canada.png\",\"contentUrl\":\"https:\\\/\\\/bcweededible.net\\\/wp-content\\\/uploads\\\/2021\\\/12\\\/bc-weed-edible-canada.png\",\"width\":270,\"height\":185,\"caption\":\"BC Weed Edible\"},\"image\":{\"@id\":\"https:\\\/\\\/bcweededible.net\\\/fr\\\/#\\\/schema\\\/logo\\\/image\\\/\"}}]}<\/script>\n","yoast_head_json":{"title":"Acheter un Cartouches Live Resin en Vrac au Canada | BC Weed Edible","robots":{"index":"index","follow":"follow","max-snippet":"max-snippet:-1","max-image-preview":"max-image-preview:large","max-video-preview":"max-video-preview:-1"},"canonical":"https:\/\/bcweededible.net\/fr\/buy\/marques\/eden-edibles-fr\/eden-en-vrac\/cartouches-live-resin-vrac\/","og_locale":"fr_FR","og_type":"article","og_title":"Acheter un Cartouches Live Resin en Vrac au Canada | BC Weed Edible","og_description":"D\u00e9couvrez les Cartouches de Live Resin 1g d'Eden en vrac. Maintenant disponibles avec une r\u00e9duction remarquable de 50%. Chaque cartouche contient 1 gramme de Live Resin, un extrait \u00e0 spectre complet qui d\u00e9livre l'effet d'entourage complet du cannabis. Faites l'exp\u00e9rience d'une vapeur puissante, de saveurs riches et d'ar\u00f4mes captivants \u00e0 chaque s\u00e9ance de vapotage. Entr\u00e9e 100% Live Resin Puissance du THC 70-80% Teneur en terp\u00e8nes 8-12% Quantit\u00e9 1000mg par cartouche Prix unitaire $19.5 Nombre d'unit\u00e9s 50","og_url":"https:\/\/bcweededible.net\/fr\/buy\/marques\/eden-edibles-fr\/eden-en-vrac\/cartouches-live-resin-vrac\/","og_site_name":"BC Weed Edible","article_modified_time":"2025-10-11T02:28:39+00:00","og_image":[{"width":800,"height":800,"url":"https:\/\/bcweededible.net\/wp-content\/uploads\/2024\/04\/bulk-live-resin-vape-carts-eden.jpg","type":"image\/jpeg"}],"twitter_card":"summary_large_image","twitter_misc":{"Dur\u00e9e de lecture estim\u00e9e":"1 minute"},"schema":{"@context":"https:\/\/schema.org","@graph":[{"@type":"WebPage","@id":"https:\/\/bcweededible.net\/fr\/buy\/marques\/eden-edibles-fr\/eden-en-vrac\/cartouches-live-resin-vrac\/","url":"https:\/\/bcweededible.net\/fr\/buy\/marques\/eden-edibles-fr\/eden-en-vrac\/cartouches-live-resin-vrac\/","name":"Acheter un Cartouches Live Resin en Vrac au Canada | BC Weed Edible","isPartOf":{"@id":"https:\/\/bcweededible.net\/fr\/#website"},"primaryImageOfPage":{"@id":"https:\/\/bcweededible.net\/fr\/buy\/marques\/eden-edibles-fr\/eden-en-vrac\/cartouches-live-resin-vrac\/#primaryimage"},"image":{"@id":"https:\/\/bcweededible.net\/fr\/buy\/marques\/eden-edibles-fr\/eden-en-vrac\/cartouches-live-resin-vrac\/#primaryimage"},"thumbnailUrl":"https:\/\/bcweededible.net\/wp-content\/uploads\/2024\/04\/bulk-live-resin-vape-carts-eden.jpg","datePublished":"2024-04-17T17:49:37+00:00","dateModified":"2025-10-11T02:28:39+00:00","breadcrumb":{"@id":"https:\/\/bcweededible.net\/fr\/buy\/marques\/eden-edibles-fr\/eden-en-vrac\/cartouches-live-resin-vrac\/#breadcrumb"},"inLanguage":"fr-FR","potentialAction":[{"@type":"ReadAction","target":["https:\/\/bcweededible.net\/fr\/buy\/marques\/eden-edibles-fr\/eden-en-vrac\/cartouches-live-resin-vrac\/"]}]},{"@type":"ImageObject","inLanguage":"fr-FR","@id":"https:\/\/bcweededible.net\/fr\/buy\/marques\/eden-edibles-fr\/eden-en-vrac\/cartouches-live-resin-vrac\/#primaryimage","url":"https:\/\/bcweededible.net\/wp-content\/uploads\/2024\/04\/bulk-live-resin-vape-carts-eden.jpg","contentUrl":"https:\/\/bcweededible.net\/wp-content\/uploads\/2024\/04\/bulk-live-resin-vape-carts-eden.jpg","width":800,"height":800,"caption":"bulk live resin vape carts eden"},{"@type":"BreadcrumbList","@id":"https:\/\/bcweededible.net\/fr\/buy\/marques\/eden-edibles-fr\/eden-en-vrac\/cartouches-live-resin-vrac\/#breadcrumb","itemListElement":[{"@type":"ListItem","position":1,"name":"Jujubes au Pot Canada","item":"https:\/\/bcweededible.net\/fr\/shop\/"},{"@type":"ListItem","position":2,"name":"Cartouches Live Resin en Vrac"}]},{"@type":"WebSite","@id":"https:\/\/bcweededible.net\/fr\/#website","url":"https:\/\/bcweededible.net\/fr\/","name":"BC Weed Edible","description":"","publisher":{"@id":"https:\/\/bcweededible.net\/fr\/#organization"},"potentialAction":[{"@type":"SearchAction","target":{"@type":"EntryPoint","urlTemplate":"https:\/\/bcweededible.net\/fr\/?s={search_term_string}"},"query-input":{"@type":"PropertyValueSpecification","valueRequired":true,"valueName":"search_term_string"}}],"inLanguage":"fr-FR"},{"@type":"Organization","@id":"https:\/\/bcweededible.net\/fr\/#organization","name":"BC Weed Edible","url":"https:\/\/bcweededible.net\/fr\/","logo":{"@type":"ImageObject","inLanguage":"fr-FR","@id":"https:\/\/bcweededible.net\/fr\/#\/schema\/logo\/image\/","url":"https:\/\/bcweededible.net\/wp-content\/uploads\/2021\/12\/bc-weed-edible-canada.png","contentUrl":"https:\/\/bcweededible.net\/wp-content\/uploads\/2021\/12\/bc-weed-edible-canada.png","width":270,"height":185,"caption":"BC Weed Edible"},"image":{"@id":"https:\/\/bcweededible.net\/fr\/#\/schema\/logo\/image\/"}}]}},"_links":{"self":[{"href":"https:\/\/bcweededible.net\/fr\/wp-json\/wp\/v2\/product\/72707","targetHints":{"allow":["GET"]}}],"collection":[{"href":"https:\/\/bcweededible.net\/fr\/wp-json\/wp\/v2\/product"}],"about":[{"href":"https:\/\/bcweededible.net\/fr\/wp-json\/wp\/v2\/types\/product"}],"replies":[{"embeddable":true,"href":"https:\/\/bcweededible.net\/fr\/wp-json\/wp\/v2\/comments?post=72707"}],"wp:featuredmedia":[{"embeddable":true,"href":"https:\/\/bcweededible.net\/fr\/wp-json\/wp\/v2\/media\/72697"}],"wp:attachment":[{"href":"https:\/\/bcweededible.net\/fr\/wp-json\/wp\/v2\/media?parent=72707"}],"wp:term":[{"taxonomy":"product_brand","embeddable":true,"href":"https:\/\/bcweededible.net\/fr\/wp-json\/wp\/v2\/product_brand?post=72707"},{"taxonomy":"product_cat","embeddable":true,"href":"https:\/\/bcweededible.net\/fr\/wp-json\/wp\/v2\/product_cat?post=72707"},{"taxonomy":"product_tag","embeddable":true,"href":"https:\/\/bcweededible.net\/fr\/wp-json\/wp\/v2\/product_tag?post=72707"}],"curies":[{"name":"wp","href":"https:\/\/api.w.org\/{rel}","templated":true}]}}