{"id":70554,"date":"2024-03-12T18:08:36","date_gmt":"2024-03-20T21:56:48","guid":{"rendered":"https:\/\/bcweededible.net\/buy\/non%20class\u00e9\/larmes-de-phoenix-rso\/"},"modified":"2026-04-02T17:12:55","modified_gmt":"2026-04-03T00:12:55","slug":"larmes-de-phoenix-rso","status":"publish","type":"product","link":"https:\/\/bcweededible.net\/fr\/buy\/gros\/concentres-en-gros\/larmes-de-phoenix-rso\/","title":{"rendered":"Larmes de Phoenix &#8211; RSO"},"content":{"rendered":"<h1 class=\"product_title entry-title\">Acheter Phoenix Tears Canada<\/h1>\n<p>Vous cherchez \u00e0 acheter Phoenix Tears au Canada ? Ne cherchez pas plus loin ! Nos larmes de Phoenix de premi\u00e8re qualit\u00e9 offrent un soulagement in\u00e9gal\u00e9 et des avantages en mati\u00e8re de bien-\u00eatre d\u00e9riv\u00e9s des propri\u00e9t\u00e9s puissantes du cannabis. Nous fournissons \u00e0 chaque Canadien une aide rentable pour r\u00e9pondre \u00e0 ses besoins.<\/p>\n<p>Surtout lorsqu&#8217;il s&#8217;agit de produits comme <a href=\"https:\/\/phoenixtears.ca\/\">Phoenix Tears, alias Rick Simpson Oil (RSO)<\/a>. Nous voulons simplement que ce produit soit accessible \u00e0 tous les Canadiens sans qu&#8217;ils aient \u00e0 quitter la chaleur de leur maison.<\/p>\n<h2>Qu&#8217;est-ce que les larmes de Phoenix ?<\/h2>\n<p>Les Phoenix Tears, \u00e9galement connues sous le nom de Rick Simpson Oil (RSO), sont un extrait de cannabis hautement concentr\u00e9, r\u00e9put\u00e9 pour ses propri\u00e9t\u00e9s m\u00e9dicinales. Cette huile puissante est extraite de plantes de cannabis enti\u00e8res, en utilisant une m\u00e9thode d&#8217;extraction \u00e0 base d&#8217;alcool pour capturer le <strong>spectre complet des cannabino\u00efdes, des terp\u00e8nes et d&#8217;autres compos\u00e9s b\u00e9n\u00e9fiques<\/strong>. Le r\u00e9sultat est une huile puissante, sombre et \u00e9paisse qui peut \u00eatre consomm\u00e9e de diff\u00e9rentes mani\u00e8res.<\/p>\n<h2>Comment utiliser les larmes de Phoenix ?<\/h2>\n<p>L&#8217;utilisation de Phoenix Tears est simple et polyvalente. Cette huile concentr\u00e9e peut \u00eatre administr\u00e9e <strong>par voie orale, sublinguale (sous la langue), topique ou m\u00eame incorpor\u00e9e dans des edibles et des boissons<\/strong>. Pour un <a href=\"https:\/\/phoenixtears.ca\/dosage-information\/\">dosage pr\u00e9cis<\/a>, il est recommand\u00e9 de commencer par une petite quantit\u00e9 et d&#8217;augmenter progressivement selon les besoins. Il est conseill\u00e9 de consulter un professionnel de la sant\u00e9 pour d\u00e9terminer le dosage optimal et la m\u00e9thode d&#8217;administration en fonction des besoins et des pr\u00e9f\u00e9rences de chacun.<\/p>\n","protected":false},"excerpt":{"rendered":"<p><strong>Notre Phoenix Tears, \u00e9galement connu sous le nom de RSO<\/strong>, est fabriqu\u00e9 \u00e0 partir de fleurs de cannabis d&#8217;origine locale en Colombie-Britannique. Cet <strong>extrait \u00e0 spectre complet<\/strong> est extr\u00eamement puissant, environ<strong> 70 % de THC<\/strong>, et contient<strong> tous les terp\u00e8nes et cannabino\u00efdes<\/strong> pour offrir l&#8217;effet d&#8217;entourage complet du plan de cannabis. RSO peut aider \u00e0 traiter un large \u00e9ventail de probl\u00e8mes de sant\u00e9. Chez BC Weed Edible, nous faisons de notre mieux pour que cet extrait m\u00e9dicinal soit disponible \u00e0 un prix raisonnable. Nos prix commencent \u00e0 partir de<strong> 3 $ par gramme pour les<\/strong> quantit\u00e9s en gros et en<strong> vrac<\/strong>. Pour une seringue unique, il faut compter environ<strong> 19 dollars par unit\u00e9<\/strong>.<\/p>\n<h4>Phoenix Tears info<\/h4>\n<table>\n<tbody>\n<tr>\n<td class=\"has-text-align-center\" style=\"text-align: left;\" data-align=\"center\"><strong>Puissance<\/strong><\/td>\n<td class=\"has-text-align-center\" style=\"text-align: left;\" data-align=\"center\">70% THC<\/td>\n<\/tr>\n<tr>\n<td class=\"has-text-align-center\" data-align=\"center\"><strong>Type d&#8217;extrait<\/strong><\/td>\n<td class=\"has-text-align-center\" data-align=\"center\">Spectre complet<\/td>\n<\/tr>\n<tr>\n<td class=\"has-text-align-center\" data-align=\"center\"><strong>Consistence<\/strong><\/td>\n<td class=\"has-text-align-center\" data-align=\"center\">Huile \u00e9paisse<\/td>\n<\/tr>\n<tr>\n<td class=\"has-text-align-center\" style=\"text-align: left;\" data-align=\"center\"><strong>Extraction<\/strong><\/td>\n<td class=\"has-text-align-center\" style=\"text-align: left;\" data-align=\"center\">Alcool<\/td>\n<\/tr>\n<tr>\n<td class=\"has-text-align-center\" style=\"text-align: left;\" data-align=\"center\"><strong>Stockage<\/strong><\/td>\n<td class=\"has-text-align-center\" style=\"text-align: left;\" data-align=\"center\">Stocker dans un endroit frais et sec<\/td>\n<\/tr>\n<\/tbody>\n<\/table>\n","protected":false},"featured_media":69920,"comment_status":"open","ping_status":"closed","template":"","meta":[],"product_brand":[],"product_cat":[535,305,306],"product_tag":[],"class_list":{"0":"post-70554","1":"product","2":"type-product","3":"status-publish","4":"has-post-thumbnail","6":"product_cat-concentres-en-gros","7":"product_cat-concentres","8":"product_cat-distillat","10":"first","11":"onbackorder","12":"sale","13":"shipping-taxable","14":"product-type-variable","15":"has-default-attributes"},"yoast_head":"\n<title>Acheter Phoenix Tears (Rick Simpson Oil) en ligne au Canada \u00e0 partir de 3 $\/gr | BC Weed Edible %.<\/title>\n<meta name=\"description\" content=\"Acheter Phoenix Tears - RSO \u00e0 partir de 3$\/gramme avec BC Weed Edible. Huile de cannabis \u00e0 extrait complet, \u00e9galement connue sous le nom d&#039;huile Rick Simpson. Livraison gratuite \u00e0 partir d&#039;une commande de 99 $ et coupon de 20 $ !\" \/>\n<meta name=\"robots\" content=\"index, follow, max-snippet:-1, max-image-preview:large, max-video-preview:-1\" \/>\n<link rel=\"canonical\" href=\"https:\/\/bcweededible.net\/fr\/buy\/gros\/concentres-en-gros\/larmes-de-phoenix-rso\/\" \/>\n<meta property=\"og:locale\" content=\"fr_FR\" \/>\n<meta property=\"og:type\" content=\"article\" \/>\n<meta property=\"og:title\" content=\"Acheter Phoenix Tears (Rick Simpson Oil) en ligne au Canada \u00e0 partir de 3 $\/gr | BC Weed Edible %.\" \/>\n<meta property=\"og:description\" content=\"Acheter Phoenix Tears - RSO \u00e0 partir de 3$\/gramme avec BC Weed Edible. Huile de cannabis \u00e0 extrait complet, \u00e9galement connue sous le nom d&#039;huile Rick Simpson. Livraison gratuite \u00e0 partir d&#039;une commande de 99 $ et coupon de 20 $ !\" \/>\n<meta property=\"og:url\" content=\"https:\/\/bcweededible.net\/fr\/buy\/gros\/concentres-en-gros\/larmes-de-phoenix-rso\/\" \/>\n<meta property=\"og:site_name\" content=\"BC Weed Edible\" \/>\n<meta property=\"article:modified_time\" content=\"2026-04-03T00:12:55+00:00\" \/>\n<meta property=\"og:image\" content=\"https:\/\/bcweededible.net\/wp-content\/uploads\/2024\/03\/phoenix-tears-canada-jars.jpg\" \/>\n\t<meta property=\"og:image:width\" content=\"726\" \/>\n\t<meta property=\"og:image:height\" content=\"713\" \/>\n\t<meta property=\"og:image:type\" content=\"image\/jpeg\" \/>\n<meta name=\"twitter:card\" content=\"summary_large_image\" \/>\n<meta name=\"twitter:label1\" content=\"Dur\u00e9e de lecture estim\u00e9e\" \/>\n\t<meta name=\"twitter:data1\" content=\"2 minutes\" \/>\n<script type=\"application\/ld+json\" class=\"yoast-schema-graph\">{\"@context\":\"https:\\\/\\\/schema.org\",\"@graph\":[{\"@type\":\"WebPage\",\"@id\":\"https:\\\/\\\/bcweededible.net\\\/fr\\\/buy\\\/gros\\\/concentres-en-gros\\\/larmes-de-phoenix-rso\\\/\",\"url\":\"https:\\\/\\\/bcweededible.net\\\/fr\\\/buy\\\/gros\\\/concentres-en-gros\\\/larmes-de-phoenix-rso\\\/\",\"name\":\"Acheter Phoenix Tears (Rick Simpson Oil) en ligne au Canada \u00e0 partir de 3 $\\\/gr | BC Weed Edible %.\",\"isPartOf\":{\"@id\":\"https:\\\/\\\/bcweededible.net\\\/fr\\\/#website\"},\"primaryImageOfPage\":{\"@id\":\"https:\\\/\\\/bcweededible.net\\\/fr\\\/buy\\\/gros\\\/concentres-en-gros\\\/larmes-de-phoenix-rso\\\/#primaryimage\"},\"image\":{\"@id\":\"https:\\\/\\\/bcweededible.net\\\/fr\\\/buy\\\/gros\\\/concentres-en-gros\\\/larmes-de-phoenix-rso\\\/#primaryimage\"},\"thumbnailUrl\":\"https:\\\/\\\/bcweededible.net\\\/wp-content\\\/uploads\\\/2024\\\/03\\\/phoenix-tears-canada-jars.jpg\",\"datePublished\":\"2024-03-20T21:56:48+00:00\",\"dateModified\":\"2026-04-03T00:12:55+00:00\",\"description\":\"Acheter Phoenix Tears - RSO \u00e0 partir de 3$\\\/gramme avec BC Weed Edible. Huile de cannabis \u00e0 extrait complet, \u00e9galement connue sous le nom d'huile Rick Simpson. Livraison gratuite \u00e0 partir d'une commande de 99 $ et coupon de 20 $ !\",\"breadcrumb\":{\"@id\":\"https:\\\/\\\/bcweededible.net\\\/fr\\\/buy\\\/gros\\\/concentres-en-gros\\\/larmes-de-phoenix-rso\\\/#breadcrumb\"},\"inLanguage\":\"fr-FR\",\"potentialAction\":[{\"@type\":\"ReadAction\",\"target\":[\"https:\\\/\\\/bcweededible.net\\\/fr\\\/buy\\\/gros\\\/concentres-en-gros\\\/larmes-de-phoenix-rso\\\/\"]}]},{\"@type\":\"ImageObject\",\"inLanguage\":\"fr-FR\",\"@id\":\"https:\\\/\\\/bcweededible.net\\\/fr\\\/buy\\\/gros\\\/concentres-en-gros\\\/larmes-de-phoenix-rso\\\/#primaryimage\",\"url\":\"https:\\\/\\\/bcweededible.net\\\/wp-content\\\/uploads\\\/2024\\\/03\\\/phoenix-tears-canada-jars.jpg\",\"contentUrl\":\"https:\\\/\\\/bcweededible.net\\\/wp-content\\\/uploads\\\/2024\\\/03\\\/phoenix-tears-canada-jars.jpg\",\"width\":726,\"height\":713,\"caption\":\"phoenix tears ounce jars\"},{\"@type\":\"BreadcrumbList\",\"@id\":\"https:\\\/\\\/bcweededible.net\\\/fr\\\/buy\\\/gros\\\/concentres-en-gros\\\/larmes-de-phoenix-rso\\\/#breadcrumb\",\"itemListElement\":[{\"@type\":\"ListItem\",\"position\":1,\"name\":\"Jujubes au Pot Canada\",\"item\":\"https:\\\/\\\/bcweededible.net\\\/fr\\\/shop\\\/\"},{\"@type\":\"ListItem\",\"position\":2,\"name\":\"Larmes de Phoenix &#8211; RSO\"}]},{\"@type\":\"WebSite\",\"@id\":\"https:\\\/\\\/bcweededible.net\\\/fr\\\/#website\",\"url\":\"https:\\\/\\\/bcweededible.net\\\/fr\\\/\",\"name\":\"BC Weed Edible\",\"description\":\"\",\"publisher\":{\"@id\":\"https:\\\/\\\/bcweededible.net\\\/fr\\\/#organization\"},\"potentialAction\":[{\"@type\":\"SearchAction\",\"target\":{\"@type\":\"EntryPoint\",\"urlTemplate\":\"https:\\\/\\\/bcweededible.net\\\/fr\\\/?s={search_term_string}\"},\"query-input\":{\"@type\":\"PropertyValueSpecification\",\"valueRequired\":true,\"valueName\":\"search_term_string\"}}],\"inLanguage\":\"fr-FR\"},{\"@type\":\"Organization\",\"@id\":\"https:\\\/\\\/bcweededible.net\\\/fr\\\/#organization\",\"name\":\"BC Weed Edible\",\"url\":\"https:\\\/\\\/bcweededible.net\\\/fr\\\/\",\"logo\":{\"@type\":\"ImageObject\",\"inLanguage\":\"fr-FR\",\"@id\":\"https:\\\/\\\/bcweededible.net\\\/fr\\\/#\\\/schema\\\/logo\\\/image\\\/\",\"url\":\"https:\\\/\\\/bcweededible.net\\\/wp-content\\\/uploads\\\/2021\\\/12\\\/bc-weed-edible-canada.png\",\"contentUrl\":\"https:\\\/\\\/bcweededible.net\\\/wp-content\\\/uploads\\\/2021\\\/12\\\/bc-weed-edible-canada.png\",\"width\":270,\"height\":185,\"caption\":\"BC Weed Edible\"},\"image\":{\"@id\":\"https:\\\/\\\/bcweededible.net\\\/fr\\\/#\\\/schema\\\/logo\\\/image\\\/\"}}]}<\/script>\n","yoast_head_json":{"title":"Acheter Phoenix Tears (Rick Simpson Oil) en ligne au Canada \u00e0 partir de 3 $\/gr | BC Weed Edible %.","description":"Acheter Phoenix Tears - RSO \u00e0 partir de 3$\/gramme avec BC Weed Edible. Huile de cannabis \u00e0 extrait complet, \u00e9galement connue sous le nom d'huile Rick Simpson. Livraison gratuite \u00e0 partir d'une commande de 99 $ et coupon de 20 $ !","robots":{"index":"index","follow":"follow","max-snippet":"max-snippet:-1","max-image-preview":"max-image-preview:large","max-video-preview":"max-video-preview:-1"},"canonical":"https:\/\/bcweededible.net\/fr\/buy\/gros\/concentres-en-gros\/larmes-de-phoenix-rso\/","og_locale":"fr_FR","og_type":"article","og_title":"Acheter Phoenix Tears (Rick Simpson Oil) en ligne au Canada \u00e0 partir de 3 $\/gr | BC Weed Edible %.","og_description":"Acheter Phoenix Tears - RSO \u00e0 partir de 3$\/gramme avec BC Weed Edible. Huile de cannabis \u00e0 extrait complet, \u00e9galement connue sous le nom d'huile Rick Simpson. Livraison gratuite \u00e0 partir d'une commande de 99 $ et coupon de 20 $ !","og_url":"https:\/\/bcweededible.net\/fr\/buy\/gros\/concentres-en-gros\/larmes-de-phoenix-rso\/","og_site_name":"BC Weed Edible","article_modified_time":"2026-04-03T00:12:55+00:00","og_image":[{"width":726,"height":713,"url":"https:\/\/bcweededible.net\/wp-content\/uploads\/2024\/03\/phoenix-tears-canada-jars.jpg","type":"image\/jpeg"}],"twitter_card":"summary_large_image","twitter_misc":{"Dur\u00e9e de lecture estim\u00e9e":"2 minutes"},"schema":{"@context":"https:\/\/schema.org","@graph":[{"@type":"WebPage","@id":"https:\/\/bcweededible.net\/fr\/buy\/gros\/concentres-en-gros\/larmes-de-phoenix-rso\/","url":"https:\/\/bcweededible.net\/fr\/buy\/gros\/concentres-en-gros\/larmes-de-phoenix-rso\/","name":"Acheter Phoenix Tears (Rick Simpson Oil) en ligne au Canada \u00e0 partir de 3 $\/gr | BC Weed Edible %.","isPartOf":{"@id":"https:\/\/bcweededible.net\/fr\/#website"},"primaryImageOfPage":{"@id":"https:\/\/bcweededible.net\/fr\/buy\/gros\/concentres-en-gros\/larmes-de-phoenix-rso\/#primaryimage"},"image":{"@id":"https:\/\/bcweededible.net\/fr\/buy\/gros\/concentres-en-gros\/larmes-de-phoenix-rso\/#primaryimage"},"thumbnailUrl":"https:\/\/bcweededible.net\/wp-content\/uploads\/2024\/03\/phoenix-tears-canada-jars.jpg","datePublished":"2024-03-20T21:56:48+00:00","dateModified":"2026-04-03T00:12:55+00:00","description":"Acheter Phoenix Tears - RSO \u00e0 partir de 3$\/gramme avec BC Weed Edible. Huile de cannabis \u00e0 extrait complet, \u00e9galement connue sous le nom d'huile Rick Simpson. Livraison gratuite \u00e0 partir d'une commande de 99 $ et coupon de 20 $ !","breadcrumb":{"@id":"https:\/\/bcweededible.net\/fr\/buy\/gros\/concentres-en-gros\/larmes-de-phoenix-rso\/#breadcrumb"},"inLanguage":"fr-FR","potentialAction":[{"@type":"ReadAction","target":["https:\/\/bcweededible.net\/fr\/buy\/gros\/concentres-en-gros\/larmes-de-phoenix-rso\/"]}]},{"@type":"ImageObject","inLanguage":"fr-FR","@id":"https:\/\/bcweededible.net\/fr\/buy\/gros\/concentres-en-gros\/larmes-de-phoenix-rso\/#primaryimage","url":"https:\/\/bcweededible.net\/wp-content\/uploads\/2024\/03\/phoenix-tears-canada-jars.jpg","contentUrl":"https:\/\/bcweededible.net\/wp-content\/uploads\/2024\/03\/phoenix-tears-canada-jars.jpg","width":726,"height":713,"caption":"phoenix tears ounce jars"},{"@type":"BreadcrumbList","@id":"https:\/\/bcweededible.net\/fr\/buy\/gros\/concentres-en-gros\/larmes-de-phoenix-rso\/#breadcrumb","itemListElement":[{"@type":"ListItem","position":1,"name":"Jujubes au Pot Canada","item":"https:\/\/bcweededible.net\/fr\/shop\/"},{"@type":"ListItem","position":2,"name":"Larmes de Phoenix &#8211; RSO"}]},{"@type":"WebSite","@id":"https:\/\/bcweededible.net\/fr\/#website","url":"https:\/\/bcweededible.net\/fr\/","name":"BC Weed Edible","description":"","publisher":{"@id":"https:\/\/bcweededible.net\/fr\/#organization"},"potentialAction":[{"@type":"SearchAction","target":{"@type":"EntryPoint","urlTemplate":"https:\/\/bcweededible.net\/fr\/?s={search_term_string}"},"query-input":{"@type":"PropertyValueSpecification","valueRequired":true,"valueName":"search_term_string"}}],"inLanguage":"fr-FR"},{"@type":"Organization","@id":"https:\/\/bcweededible.net\/fr\/#organization","name":"BC Weed Edible","url":"https:\/\/bcweededible.net\/fr\/","logo":{"@type":"ImageObject","inLanguage":"fr-FR","@id":"https:\/\/bcweededible.net\/fr\/#\/schema\/logo\/image\/","url":"https:\/\/bcweededible.net\/wp-content\/uploads\/2021\/12\/bc-weed-edible-canada.png","contentUrl":"https:\/\/bcweededible.net\/wp-content\/uploads\/2021\/12\/bc-weed-edible-canada.png","width":270,"height":185,"caption":"BC Weed Edible"},"image":{"@id":"https:\/\/bcweededible.net\/fr\/#\/schema\/logo\/image\/"}}]}},"_links":{"self":[{"href":"https:\/\/bcweededible.net\/fr\/wp-json\/wp\/v2\/product\/70554","targetHints":{"allow":["GET"]}}],"collection":[{"href":"https:\/\/bcweededible.net\/fr\/wp-json\/wp\/v2\/product"}],"about":[{"href":"https:\/\/bcweededible.net\/fr\/wp-json\/wp\/v2\/types\/product"}],"replies":[{"embeddable":true,"href":"https:\/\/bcweededible.net\/fr\/wp-json\/wp\/v2\/comments?post=70554"}],"wp:featuredmedia":[{"embeddable":true,"href":"https:\/\/bcweededible.net\/fr\/wp-json\/wp\/v2\/media\/69920"}],"wp:attachment":[{"href":"https:\/\/bcweededible.net\/fr\/wp-json\/wp\/v2\/media?parent=70554"}],"wp:term":[{"taxonomy":"product_brand","embeddable":true,"href":"https:\/\/bcweededible.net\/fr\/wp-json\/wp\/v2\/product_brand?post=70554"},{"taxonomy":"product_cat","embeddable":true,"href":"https:\/\/bcweededible.net\/fr\/wp-json\/wp\/v2\/product_cat?post=70554"},{"taxonomy":"product_tag","embeddable":true,"href":"https:\/\/bcweededible.net\/fr\/wp-json\/wp\/v2\/product_tag?post=70554"}],"curies":[{"name":"wp","href":"https:\/\/api.w.org\/{rel}","templated":true}]}}