{"id":70553,"date":"2024-03-22T11:04:55","date_gmt":"2024-04-17T17:48:11","guid":{"rendered":"https:\/\/bcweededible.net\/?post_type=product&#038;p=70553"},"modified":"2025-05-04T22:43:08","modified_gmt":"2025-05-05T05:43:08","slug":"bubble-hash-aaaa","status":"publish","type":"product","link":"https:\/\/bcweededible.net\/fr\/buy\/concentres\/hasch\/hash-importe\/bubble-hash-aaaa\/","title":{"rendered":"Bubble Hash (AAAA)"},"content":{"rendered":"","protected":false},"excerpt":{"rendered":"<p>Notre exquis <strong>Bubble Hash<\/strong> est fabriqu\u00e9 \u00e0 partir de haschisch \u00e0 l&#8217;eau glac\u00e9e de la vari\u00e9t\u00e9 la plus fine de <a href=\"https:\/\/bcweededible.net\/fr\/buy\/gros\/pot-gros\/aaaa-pink-death-smalls\/\">Pink Death<\/a>, ce qui lui conf\u00e8re un <strong>ar\u00f4me gazeux<\/strong> distinct au moment du d\u00e9ballage. Avec sa texture collante qui s&#8217;effrite facilement lorsqu&#8217;il est chaud, ce haschisch puissant offre un voyage de sensations sans pareil. Sa forte teneur en THC assure un <strong>effet calmant. <\/strong>Am\u00e9liorez vos rituels de fumage et laissez-vous s\u00e9duire par l&#8217;essence captivante de notre Bubble Hash de premi\u00e8re qualit\u00e9 d\u00e8s aujourd&#8217;hui !<\/p>\n<h4>Informations sur le produit<\/h4>\n<table>\n<tbody>\n<tr>\n<td class=\"has-text-align-center\" style=\"text-align: left;\" data-align=\"center\"><strong>Ph\u00e9notype<\/strong><\/td>\n<td class=\"has-text-align-center\" style=\"text-align: left;\" data-align=\"center\">Indica<\/td>\n<\/tr>\n<tr>\n<td class=\"has-text-align-center\" data-align=\"center\"><strong>Teneur en THC<\/strong><\/td>\n<td class=\"has-text-align-center\" data-align=\"center\">40%+<\/td>\n<\/tr>\n<tr>\n<td class=\"has-text-align-center\" data-align=\"center\"><strong>Consistance<\/strong><\/td>\n<td class=\"has-text-align-center\" data-align=\"center\">\u00a0Mall\u00e9able et collante \u00e0 chaud<\/td>\n<\/tr>\n<tr>\n<td class=\"has-text-align-center\" style=\"text-align: left;\" data-align=\"center\"><strong>Grade<\/strong><\/td>\n<td class=\"has-text-align-center\" style=\"text-align: left;\" data-align=\"center\">AAAA<\/td>\n<\/tr>\n<tr>\n<td class=\"has-text-align-center\" style=\"text-align: left;\" data-align=\"center\"><strong>Couleur<\/strong><\/td>\n<td class=\"has-text-align-center\" style=\"text-align: left;\" data-align=\"center\">Gris, Blond<\/td>\n<\/tr>\n<tr>\n<td class=\"has-text-align-center\" style=\"text-align: left;\" data-align=\"center\"><strong>Effets<\/strong><\/td>\n<td class=\"has-text-align-center\" style=\"text-align: left;\" data-align=\"center\">Relaxant, calmant<\/td>\n<\/tr>\n<tr>\n<td class=\"has-text-align-center\" style=\"text-align: left;\" data-align=\"center\"><strong>Profil des terp\u00e8nes<\/strong><\/td>\n<td class=\"has-text-align-center\" style=\"text-align: left;\" data-align=\"center\">Gazeux, terreux, poivr\u00e9<\/td>\n<\/tr>\n<\/tbody>\n<\/table>\n<p>&nbsp;<\/p>\n","protected":false},"featured_media":70513,"comment_status":"open","ping_status":"closed","template":"","meta":{"wprm-recipe-roundup-name":"","wprm-recipe-roundup-description":""},"product_cat":[800,305,628,636,653],"product_tag":[],"class_list":{"0":"post-70553","1":"product","2":"type-product","3":"status-publish","4":"has-post-thumbnail","6":"product_cat-bubble-hash-fr","7":"product_cat-concentres","8":"product_cat-hasch","9":"product_cat-hash-importe","10":"product_cat-hash-premium","12":"first","13":"outofstock","14":"shipping-taxable","15":"purchasable","16":"product-type-variable","17":"has-default-attributes"},"yoast_head":"\n<title>Acheter Bubble Hash (AAAA) Canada | BC Weed Edible<\/title>\n<meta name=\"robots\" content=\"index, follow, max-snippet:-1, max-image-preview:large, max-video-preview:-1\" \/>\n<link rel=\"canonical\" href=\"https:\/\/bcweededible.net\/fr\/buy\/concentres\/hasch\/hash-importe\/bubble-hash-aaaa\/\" \/>\n<meta property=\"og:locale\" content=\"fr_FR\" \/>\n<meta property=\"og:type\" content=\"article\" \/>\n<meta property=\"og:title\" content=\"Acheter Bubble Hash (AAAA) Canada | BC Weed Edible\" \/>\n<meta property=\"og:description\" content=\"Notre exquis Bubble Hash est fabriqu\u00e9 \u00e0 partir de haschisch \u00e0 l&#039;eau glac\u00e9e de la vari\u00e9t\u00e9 la plus fine de Pink Death, ce qui lui conf\u00e8re un ar\u00f4me gazeux distinct au moment du d\u00e9ballage. Avec sa texture collante qui s&#039;effrite facilement lorsqu&#039;il est chaud, ce haschisch puissant offre un voyage de sensations sans pareil. Sa forte teneur en THC assure un effet calmant. Am\u00e9liorez vos rituels de fumage et laissez-vous s\u00e9duire par l&#039;essence captivante de notre Bubble Hash de premi\u00e8re qualit\u00e9 d\u00e8s aujourd&#039;hui ! Informations sur le produit Ph\u00e9notype Indica Teneur en THC 40%+ Consistance \u00a0Mall\u00e9able et collante \u00e0 chaud Grade AAAA Couleur Gris, Blond Effets Relaxant, calmant Profil des terp\u00e8nes Gazeux, terreux, poivr\u00e9 &nbsp;\" \/>\n<meta property=\"og:url\" content=\"https:\/\/bcweededible.net\/fr\/buy\/concentres\/hasch\/hash-importe\/bubble-hash-aaaa\/\" \/>\n<meta property=\"og:site_name\" content=\"BC Weed Edible\" \/>\n<meta property=\"article:modified_time\" content=\"2025-05-05T05:43:08+00:00\" \/>\n<meta property=\"og:image\" content=\"https:\/\/bcweededible.net\/wp-content\/uploads\/2024\/03\/bubble-hash-inside.jpg\" \/>\n\t<meta property=\"og:image:width\" content=\"800\" \/>\n\t<meta property=\"og:image:height\" content=\"800\" \/>\n\t<meta property=\"og:image:type\" content=\"image\/jpeg\" \/>\n<meta name=\"twitter:card\" content=\"summary_large_image\" \/>\n<script type=\"application\/ld+json\" class=\"yoast-schema-graph\">{\"@context\":\"https:\/\/schema.org\",\"@graph\":[{\"@type\":\"WebPage\",\"@id\":\"https:\/\/bcweededible.net\/fr\/buy\/concentres\/hasch\/hash-importe\/bubble-hash-aaaa\/\",\"url\":\"https:\/\/bcweededible.net\/fr\/buy\/concentres\/hasch\/hash-importe\/bubble-hash-aaaa\/\",\"name\":\"Acheter Bubble Hash (AAAA) Canada | BC Weed Edible\",\"isPartOf\":{\"@id\":\"https:\/\/bcweededible.net\/fr\/#website\"},\"primaryImageOfPage\":{\"@id\":\"https:\/\/bcweededible.net\/fr\/buy\/concentres\/hasch\/hash-importe\/bubble-hash-aaaa\/#primaryimage\"},\"image\":{\"@id\":\"https:\/\/bcweededible.net\/fr\/buy\/concentres\/hasch\/hash-importe\/bubble-hash-aaaa\/#primaryimage\"},\"thumbnailUrl\":\"https:\/\/bcweededible.net\/wp-content\/uploads\/2024\/03\/bubble-hash-inside.jpg\",\"datePublished\":\"2024-04-17T17:48:11+00:00\",\"dateModified\":\"2025-05-05T05:43:08+00:00\",\"breadcrumb\":{\"@id\":\"https:\/\/bcweededible.net\/fr\/buy\/concentres\/hasch\/hash-importe\/bubble-hash-aaaa\/#breadcrumb\"},\"inLanguage\":\"fr-FR\",\"potentialAction\":[{\"@type\":\"ReadAction\",\"target\":[\"https:\/\/bcweededible.net\/fr\/buy\/concentres\/hasch\/hash-importe\/bubble-hash-aaaa\/\"]}]},{\"@type\":\"ImageObject\",\"inLanguage\":\"fr-FR\",\"@id\":\"https:\/\/bcweededible.net\/fr\/buy\/concentres\/hasch\/hash-importe\/bubble-hash-aaaa\/#primaryimage\",\"url\":\"https:\/\/bcweededible.net\/wp-content\/uploads\/2024\/03\/bubble-hash-inside.jpg\",\"contentUrl\":\"https:\/\/bcweededible.net\/wp-content\/uploads\/2024\/03\/bubble-hash-inside.jpg\",\"width\":800,\"height\":800,\"caption\":\"bubble hash ipen\"},{\"@type\":\"BreadcrumbList\",\"@id\":\"https:\/\/bcweededible.net\/fr\/buy\/concentres\/hasch\/hash-importe\/bubble-hash-aaaa\/#breadcrumb\",\"itemListElement\":[{\"@type\":\"ListItem\",\"position\":1,\"name\":\"Jujubes au Pot Canada\",\"item\":\"https:\/\/bcweededible.net\/fr\/shop\/\"},{\"@type\":\"ListItem\",\"position\":2,\"name\":\"Bubble Hash (AAAA)\"}]},{\"@type\":\"WebSite\",\"@id\":\"https:\/\/bcweededible.net\/fr\/#website\",\"url\":\"https:\/\/bcweededible.net\/fr\/\",\"name\":\"BC Weed Edible\",\"description\":\"\",\"publisher\":{\"@id\":\"https:\/\/bcweededible.net\/fr\/#organization\"},\"potentialAction\":[{\"@type\":\"SearchAction\",\"target\":{\"@type\":\"EntryPoint\",\"urlTemplate\":\"https:\/\/bcweededible.net\/fr\/?s={search_term_string}\"},\"query-input\":{\"@type\":\"PropertyValueSpecification\",\"valueRequired\":true,\"valueName\":\"search_term_string\"}}],\"inLanguage\":\"fr-FR\"},{\"@type\":\"Organization\",\"@id\":\"https:\/\/bcweededible.net\/fr\/#organization\",\"name\":\"BC Weed Edible\",\"url\":\"https:\/\/bcweededible.net\/fr\/\",\"logo\":{\"@type\":\"ImageObject\",\"inLanguage\":\"fr-FR\",\"@id\":\"https:\/\/bcweededible.net\/fr\/#\/schema\/logo\/image\/\",\"url\":\"https:\/\/bcweededible.net\/wp-content\/uploads\/2021\/12\/bc-weed-edible-canada.png\",\"contentUrl\":\"https:\/\/bcweededible.net\/wp-content\/uploads\/2021\/12\/bc-weed-edible-canada.png\",\"width\":270,\"height\":185,\"caption\":\"BC Weed Edible\"},\"image\":{\"@id\":\"https:\/\/bcweededible.net\/fr\/#\/schema\/logo\/image\/\"}}]}<\/script>\n","yoast_head_json":{"title":"Acheter Bubble Hash (AAAA) Canada | BC Weed Edible","robots":{"index":"index","follow":"follow","max-snippet":"max-snippet:-1","max-image-preview":"max-image-preview:large","max-video-preview":"max-video-preview:-1"},"canonical":"https:\/\/bcweededible.net\/fr\/buy\/concentres\/hasch\/hash-importe\/bubble-hash-aaaa\/","og_locale":"fr_FR","og_type":"article","og_title":"Acheter Bubble Hash (AAAA) Canada | BC Weed Edible","og_description":"Notre exquis Bubble Hash est fabriqu\u00e9 \u00e0 partir de haschisch \u00e0 l'eau glac\u00e9e de la vari\u00e9t\u00e9 la plus fine de Pink Death, ce qui lui conf\u00e8re un ar\u00f4me gazeux distinct au moment du d\u00e9ballage. Avec sa texture collante qui s'effrite facilement lorsqu'il est chaud, ce haschisch puissant offre un voyage de sensations sans pareil. Sa forte teneur en THC assure un effet calmant. Am\u00e9liorez vos rituels de fumage et laissez-vous s\u00e9duire par l'essence captivante de notre Bubble Hash de premi\u00e8re qualit\u00e9 d\u00e8s aujourd'hui ! Informations sur le produit Ph\u00e9notype Indica Teneur en THC 40%+ Consistance \u00a0Mall\u00e9able et collante \u00e0 chaud Grade AAAA Couleur Gris, Blond Effets Relaxant, calmant Profil des terp\u00e8nes Gazeux, terreux, poivr\u00e9 &nbsp;","og_url":"https:\/\/bcweededible.net\/fr\/buy\/concentres\/hasch\/hash-importe\/bubble-hash-aaaa\/","og_site_name":"BC Weed Edible","article_modified_time":"2025-05-05T05:43:08+00:00","og_image":[{"width":800,"height":800,"url":"https:\/\/bcweededible.net\/wp-content\/uploads\/2024\/03\/bubble-hash-inside.jpg","type":"image\/jpeg"}],"twitter_card":"summary_large_image","schema":{"@context":"https:\/\/schema.org","@graph":[{"@type":"WebPage","@id":"https:\/\/bcweededible.net\/fr\/buy\/concentres\/hasch\/hash-importe\/bubble-hash-aaaa\/","url":"https:\/\/bcweededible.net\/fr\/buy\/concentres\/hasch\/hash-importe\/bubble-hash-aaaa\/","name":"Acheter Bubble Hash (AAAA) Canada | BC Weed Edible","isPartOf":{"@id":"https:\/\/bcweededible.net\/fr\/#website"},"primaryImageOfPage":{"@id":"https:\/\/bcweededible.net\/fr\/buy\/concentres\/hasch\/hash-importe\/bubble-hash-aaaa\/#primaryimage"},"image":{"@id":"https:\/\/bcweededible.net\/fr\/buy\/concentres\/hasch\/hash-importe\/bubble-hash-aaaa\/#primaryimage"},"thumbnailUrl":"https:\/\/bcweededible.net\/wp-content\/uploads\/2024\/03\/bubble-hash-inside.jpg","datePublished":"2024-04-17T17:48:11+00:00","dateModified":"2025-05-05T05:43:08+00:00","breadcrumb":{"@id":"https:\/\/bcweededible.net\/fr\/buy\/concentres\/hasch\/hash-importe\/bubble-hash-aaaa\/#breadcrumb"},"inLanguage":"fr-FR","potentialAction":[{"@type":"ReadAction","target":["https:\/\/bcweededible.net\/fr\/buy\/concentres\/hasch\/hash-importe\/bubble-hash-aaaa\/"]}]},{"@type":"ImageObject","inLanguage":"fr-FR","@id":"https:\/\/bcweededible.net\/fr\/buy\/concentres\/hasch\/hash-importe\/bubble-hash-aaaa\/#primaryimage","url":"https:\/\/bcweededible.net\/wp-content\/uploads\/2024\/03\/bubble-hash-inside.jpg","contentUrl":"https:\/\/bcweededible.net\/wp-content\/uploads\/2024\/03\/bubble-hash-inside.jpg","width":800,"height":800,"caption":"bubble hash ipen"},{"@type":"BreadcrumbList","@id":"https:\/\/bcweededible.net\/fr\/buy\/concentres\/hasch\/hash-importe\/bubble-hash-aaaa\/#breadcrumb","itemListElement":[{"@type":"ListItem","position":1,"name":"Jujubes au Pot Canada","item":"https:\/\/bcweededible.net\/fr\/shop\/"},{"@type":"ListItem","position":2,"name":"Bubble Hash (AAAA)"}]},{"@type":"WebSite","@id":"https:\/\/bcweededible.net\/fr\/#website","url":"https:\/\/bcweededible.net\/fr\/","name":"BC Weed Edible","description":"","publisher":{"@id":"https:\/\/bcweededible.net\/fr\/#organization"},"potentialAction":[{"@type":"SearchAction","target":{"@type":"EntryPoint","urlTemplate":"https:\/\/bcweededible.net\/fr\/?s={search_term_string}"},"query-input":{"@type":"PropertyValueSpecification","valueRequired":true,"valueName":"search_term_string"}}],"inLanguage":"fr-FR"},{"@type":"Organization","@id":"https:\/\/bcweededible.net\/fr\/#organization","name":"BC Weed Edible","url":"https:\/\/bcweededible.net\/fr\/","logo":{"@type":"ImageObject","inLanguage":"fr-FR","@id":"https:\/\/bcweededible.net\/fr\/#\/schema\/logo\/image\/","url":"https:\/\/bcweededible.net\/wp-content\/uploads\/2021\/12\/bc-weed-edible-canada.png","contentUrl":"https:\/\/bcweededible.net\/wp-content\/uploads\/2021\/12\/bc-weed-edible-canada.png","width":270,"height":185,"caption":"BC Weed Edible"},"image":{"@id":"https:\/\/bcweededible.net\/fr\/#\/schema\/logo\/image\/"}}]}},"_links":{"self":[{"href":"https:\/\/bcweededible.net\/fr\/wp-json\/wp\/v2\/product\/70553","targetHints":{"allow":["GET"]}}],"collection":[{"href":"https:\/\/bcweededible.net\/fr\/wp-json\/wp\/v2\/product"}],"about":[{"href":"https:\/\/bcweededible.net\/fr\/wp-json\/wp\/v2\/types\/product"}],"replies":[{"embeddable":true,"href":"https:\/\/bcweededible.net\/fr\/wp-json\/wp\/v2\/comments?post=70553"}],"wp:featuredmedia":[{"embeddable":true,"href":"https:\/\/bcweededible.net\/fr\/wp-json\/wp\/v2\/media\/70513"}],"wp:attachment":[{"href":"https:\/\/bcweededible.net\/fr\/wp-json\/wp\/v2\/media?parent=70553"}],"wp:term":[{"taxonomy":"product_cat","embeddable":true,"href":"https:\/\/bcweededible.net\/fr\/wp-json\/wp\/v2\/product_cat?post=70553"},{"taxonomy":"product_tag","embeddable":true,"href":"https:\/\/bcweededible.net\/fr\/wp-json\/wp\/v2\/product_tag?post=70553"}],"curies":[{"name":"wp","href":"https:\/\/api.w.org\/{rel}","templated":true}]}}