{"id":69886,"date":"2024-03-12T16:44:34","date_gmt":"2024-03-13T00:26:48","guid":{"rendered":"https:\/\/bcweededible.net\/buy\/non%20class\u00e9\/pre-rolls-infuses-a-la-live-resin\/"},"modified":"2024-09-15T16:18:17","modified_gmt":"2024-09-15T23:18:17","slug":"pre-roules-infuses-au-live-resin","status":"publish","type":"product","link":"https:\/\/bcweededible.net\/fr\/buy\/concentres\/live-resine\/pre-roules-infuses-au-live-resin\/","title":{"rendered":"Pr\u00e9-roul\u00e9s Infus\u00e9s au Live Resin"},"content":{"rendered":"","protected":false},"excerpt":{"rendered":"<p>Offrez-vous l&#8217;opulence du <strong>preroll infus\u00e9 au Live Resin de SpaceXotics<\/strong>. Ce preroll se targue de contenir <strong>1,2 g de fleurs de premi\u00e8re qualit\u00e9<\/strong>, m\u00e9ticuleusement<strong> infus\u00e9es avec un distillat de premi\u00e8re qualit\u00e9 et enrichies de <a href=\"https:\/\/bcweededible.net\/shop\/concentrates\/live-resin\/\">r\u00e9sine vivante<\/a><\/strong>. Abandonnez-vous \u00e0 la douceur succulente de saveurs savamment m\u00e9lang\u00e9es, qui vous invitent \u00e0 un voyage sensoriel sans pareil. Plongez dans le royaume du raffinement avec le Preroll Live Resin de SpaceXotics, o\u00f9 la sophistication rencontre l&#8217;indulgence.<\/p>\n<p>&nbsp;<\/p>\n","protected":false},"featured_media":69869,"comment_status":"open","ping_status":"closed","template":"","meta":{"wprm-recipe-roundup-name":"","wprm-recipe-roundup-description":""},"product_cat":[245,293,294,534,548,391,390,295],"product_tag":[],"class_list":{"0":"post-69886","1":"product","2":"type-product","3":"status-publish","4":"has-post-thumbnail","6":"product_cat-fleurs-cannabis","7":"product_cat-hybrid-fr","8":"product_cat-indica-fr","9":"product_cat-kief-fr","10":"product_cat-moonrocks-fr","11":"product_cat-preroules","12":"product_cat-live-resine","13":"product_cat-sativa-fr","15":"first","16":"outofstock","17":"shipping-taxable","18":"purchasable","19":"product-type-variable","20":"has-default-attributes"},"yoast_head":"\n<title>Acheter Pr\u00e9-roul\u00e9s Infus\u00e9s au Live Resin Canada | BC Weed Edible<\/title>\n<meta name=\"robots\" content=\"index, follow, max-snippet:-1, max-image-preview:large, max-video-preview:-1\" \/>\n<link rel=\"canonical\" href=\"https:\/\/bcweededible.net\/fr\/buy\/concentres\/live-resine\/pre-roules-infuses-au-live-resin\/\" \/>\n<meta property=\"og:locale\" content=\"fr_FR\" \/>\n<meta property=\"og:type\" content=\"article\" \/>\n<meta property=\"og:title\" content=\"Acheter Pr\u00e9-roul\u00e9s Infus\u00e9s au Live Resin Canada | BC Weed Edible\" \/>\n<meta property=\"og:description\" content=\"Offrez-vous l&#039;opulence du preroll infus\u00e9 au Live Resin de SpaceXotics. Ce preroll se targue de contenir 1,2 g de fleurs de premi\u00e8re qualit\u00e9, m\u00e9ticuleusement infus\u00e9es avec un distillat de premi\u00e8re qualit\u00e9 et enrichies de r\u00e9sine vivante . Abandonnez-vous \u00e0 la douceur succulente de saveurs savamment m\u00e9lang\u00e9es, qui vous invitent \u00e0 un voyage sensoriel sans pareil. Plongez dans le royaume du raffinement avec le Preroll Live Resin de SpaceXotics, o\u00f9 la sophistication rencontre l&#039;indulgence. &nbsp;\" \/>\n<meta property=\"og:url\" content=\"https:\/\/bcweededible.net\/fr\/buy\/concentres\/live-resine\/pre-roules-infuses-au-live-resin\/\" \/>\n<meta property=\"og:site_name\" content=\"BC Weed Edible\" \/>\n<meta property=\"article:modified_time\" content=\"2024-09-15T23:18:17+00:00\" \/>\n<meta property=\"og:image\" content=\"https:\/\/bcweededible.net\/wp-content\/uploads\/2024\/03\/live-resin-infused-pre-roll-caramel.jpg\" \/>\n\t<meta property=\"og:image:width\" content=\"890\" \/>\n\t<meta property=\"og:image:height\" content=\"890\" \/>\n\t<meta property=\"og:image:type\" content=\"image\/jpeg\" \/>\n<meta name=\"twitter:card\" content=\"summary_large_image\" \/>\n<script type=\"application\/ld+json\" class=\"yoast-schema-graph\">{\"@context\":\"https:\/\/schema.org\",\"@graph\":[{\"@type\":\"WebPage\",\"@id\":\"https:\/\/bcweededible.net\/fr\/buy\/concentres\/live-resine\/pre-roules-infuses-au-live-resin\/\",\"url\":\"https:\/\/bcweededible.net\/fr\/buy\/concentres\/live-resine\/pre-roules-infuses-au-live-resin\/\",\"name\":\"Acheter Pr\u00e9-roul\u00e9s Infus\u00e9s au Live Resin Canada | BC Weed Edible\",\"isPartOf\":{\"@id\":\"https:\/\/bcweededible.net\/fr\/#website\"},\"primaryImageOfPage\":{\"@id\":\"https:\/\/bcweededible.net\/fr\/buy\/concentres\/live-resine\/pre-roules-infuses-au-live-resin\/#primaryimage\"},\"image\":{\"@id\":\"https:\/\/bcweededible.net\/fr\/buy\/concentres\/live-resine\/pre-roules-infuses-au-live-resin\/#primaryimage\"},\"thumbnailUrl\":\"https:\/\/bcweededible.net\/wp-content\/uploads\/2024\/03\/live-resin-infused-pre-roll-caramel.jpg\",\"datePublished\":\"2024-03-13T00:26:48+00:00\",\"dateModified\":\"2024-09-15T23:18:17+00:00\",\"breadcrumb\":{\"@id\":\"https:\/\/bcweededible.net\/fr\/buy\/concentres\/live-resine\/pre-roules-infuses-au-live-resin\/#breadcrumb\"},\"inLanguage\":\"fr-FR\",\"potentialAction\":[{\"@type\":\"ReadAction\",\"target\":[\"https:\/\/bcweededible.net\/fr\/buy\/concentres\/live-resine\/pre-roules-infuses-au-live-resin\/\"]}]},{\"@type\":\"ImageObject\",\"inLanguage\":\"fr-FR\",\"@id\":\"https:\/\/bcweededible.net\/fr\/buy\/concentres\/live-resine\/pre-roules-infuses-au-live-resin\/#primaryimage\",\"url\":\"https:\/\/bcweededible.net\/wp-content\/uploads\/2024\/03\/live-resin-infused-pre-roll-caramel.jpg\",\"contentUrl\":\"https:\/\/bcweededible.net\/wp-content\/uploads\/2024\/03\/live-resin-infused-pre-roll-caramel.jpg\",\"width\":890,\"height\":890},{\"@type\":\"BreadcrumbList\",\"@id\":\"https:\/\/bcweededible.net\/fr\/buy\/concentres\/live-resine\/pre-roules-infuses-au-live-resin\/#breadcrumb\",\"itemListElement\":[{\"@type\":\"ListItem\",\"position\":1,\"name\":\"Jujubes au Pot Canada\",\"item\":\"https:\/\/bcweededible.net\/fr\/shop\/\"},{\"@type\":\"ListItem\",\"position\":2,\"name\":\"Pr\u00e9-roul\u00e9s Infus\u00e9s au Live Resin\"}]},{\"@type\":\"WebSite\",\"@id\":\"https:\/\/bcweededible.net\/fr\/#website\",\"url\":\"https:\/\/bcweededible.net\/fr\/\",\"name\":\"BC Weed Edible\",\"description\":\"\",\"publisher\":{\"@id\":\"https:\/\/bcweededible.net\/fr\/#organization\"},\"potentialAction\":[{\"@type\":\"SearchAction\",\"target\":{\"@type\":\"EntryPoint\",\"urlTemplate\":\"https:\/\/bcweededible.net\/fr\/?s={search_term_string}\"},\"query-input\":{\"@type\":\"PropertyValueSpecification\",\"valueRequired\":true,\"valueName\":\"search_term_string\"}}],\"inLanguage\":\"fr-FR\"},{\"@type\":\"Organization\",\"@id\":\"https:\/\/bcweededible.net\/fr\/#organization\",\"name\":\"BC Weed Edible\",\"url\":\"https:\/\/bcweededible.net\/fr\/\",\"logo\":{\"@type\":\"ImageObject\",\"inLanguage\":\"fr-FR\",\"@id\":\"https:\/\/bcweededible.net\/fr\/#\/schema\/logo\/image\/\",\"url\":\"https:\/\/bcweededible.net\/wp-content\/uploads\/2021\/12\/bc-weed-edible-canada.png\",\"contentUrl\":\"https:\/\/bcweededible.net\/wp-content\/uploads\/2021\/12\/bc-weed-edible-canada.png\",\"width\":270,\"height\":185,\"caption\":\"BC Weed Edible\"},\"image\":{\"@id\":\"https:\/\/bcweededible.net\/fr\/#\/schema\/logo\/image\/\"}}]}<\/script>\n","yoast_head_json":{"title":"Acheter Pr\u00e9-roul\u00e9s Infus\u00e9s au Live Resin Canada | BC Weed Edible","robots":{"index":"index","follow":"follow","max-snippet":"max-snippet:-1","max-image-preview":"max-image-preview:large","max-video-preview":"max-video-preview:-1"},"canonical":"https:\/\/bcweededible.net\/fr\/buy\/concentres\/live-resine\/pre-roules-infuses-au-live-resin\/","og_locale":"fr_FR","og_type":"article","og_title":"Acheter Pr\u00e9-roul\u00e9s Infus\u00e9s au Live Resin Canada | BC Weed Edible","og_description":"Offrez-vous l'opulence du preroll infus\u00e9 au Live Resin de SpaceXotics. Ce preroll se targue de contenir 1,2 g de fleurs de premi\u00e8re qualit\u00e9, m\u00e9ticuleusement infus\u00e9es avec un distillat de premi\u00e8re qualit\u00e9 et enrichies de r\u00e9sine vivante . Abandonnez-vous \u00e0 la douceur succulente de saveurs savamment m\u00e9lang\u00e9es, qui vous invitent \u00e0 un voyage sensoriel sans pareil. Plongez dans le royaume du raffinement avec le Preroll Live Resin de SpaceXotics, o\u00f9 la sophistication rencontre l'indulgence. &nbsp;","og_url":"https:\/\/bcweededible.net\/fr\/buy\/concentres\/live-resine\/pre-roules-infuses-au-live-resin\/","og_site_name":"BC Weed Edible","article_modified_time":"2024-09-15T23:18:17+00:00","og_image":[{"width":890,"height":890,"url":"https:\/\/bcweededible.net\/wp-content\/uploads\/2024\/03\/live-resin-infused-pre-roll-caramel.jpg","type":"image\/jpeg"}],"twitter_card":"summary_large_image","schema":{"@context":"https:\/\/schema.org","@graph":[{"@type":"WebPage","@id":"https:\/\/bcweededible.net\/fr\/buy\/concentres\/live-resine\/pre-roules-infuses-au-live-resin\/","url":"https:\/\/bcweededible.net\/fr\/buy\/concentres\/live-resine\/pre-roules-infuses-au-live-resin\/","name":"Acheter Pr\u00e9-roul\u00e9s Infus\u00e9s au Live Resin Canada | BC Weed Edible","isPartOf":{"@id":"https:\/\/bcweededible.net\/fr\/#website"},"primaryImageOfPage":{"@id":"https:\/\/bcweededible.net\/fr\/buy\/concentres\/live-resine\/pre-roules-infuses-au-live-resin\/#primaryimage"},"image":{"@id":"https:\/\/bcweededible.net\/fr\/buy\/concentres\/live-resine\/pre-roules-infuses-au-live-resin\/#primaryimage"},"thumbnailUrl":"https:\/\/bcweededible.net\/wp-content\/uploads\/2024\/03\/live-resin-infused-pre-roll-caramel.jpg","datePublished":"2024-03-13T00:26:48+00:00","dateModified":"2024-09-15T23:18:17+00:00","breadcrumb":{"@id":"https:\/\/bcweededible.net\/fr\/buy\/concentres\/live-resine\/pre-roules-infuses-au-live-resin\/#breadcrumb"},"inLanguage":"fr-FR","potentialAction":[{"@type":"ReadAction","target":["https:\/\/bcweededible.net\/fr\/buy\/concentres\/live-resine\/pre-roules-infuses-au-live-resin\/"]}]},{"@type":"ImageObject","inLanguage":"fr-FR","@id":"https:\/\/bcweededible.net\/fr\/buy\/concentres\/live-resine\/pre-roules-infuses-au-live-resin\/#primaryimage","url":"https:\/\/bcweededible.net\/wp-content\/uploads\/2024\/03\/live-resin-infused-pre-roll-caramel.jpg","contentUrl":"https:\/\/bcweededible.net\/wp-content\/uploads\/2024\/03\/live-resin-infused-pre-roll-caramel.jpg","width":890,"height":890},{"@type":"BreadcrumbList","@id":"https:\/\/bcweededible.net\/fr\/buy\/concentres\/live-resine\/pre-roules-infuses-au-live-resin\/#breadcrumb","itemListElement":[{"@type":"ListItem","position":1,"name":"Jujubes au Pot Canada","item":"https:\/\/bcweededible.net\/fr\/shop\/"},{"@type":"ListItem","position":2,"name":"Pr\u00e9-roul\u00e9s Infus\u00e9s au Live Resin"}]},{"@type":"WebSite","@id":"https:\/\/bcweededible.net\/fr\/#website","url":"https:\/\/bcweededible.net\/fr\/","name":"BC Weed Edible","description":"","publisher":{"@id":"https:\/\/bcweededible.net\/fr\/#organization"},"potentialAction":[{"@type":"SearchAction","target":{"@type":"EntryPoint","urlTemplate":"https:\/\/bcweededible.net\/fr\/?s={search_term_string}"},"query-input":{"@type":"PropertyValueSpecification","valueRequired":true,"valueName":"search_term_string"}}],"inLanguage":"fr-FR"},{"@type":"Organization","@id":"https:\/\/bcweededible.net\/fr\/#organization","name":"BC Weed Edible","url":"https:\/\/bcweededible.net\/fr\/","logo":{"@type":"ImageObject","inLanguage":"fr-FR","@id":"https:\/\/bcweededible.net\/fr\/#\/schema\/logo\/image\/","url":"https:\/\/bcweededible.net\/wp-content\/uploads\/2021\/12\/bc-weed-edible-canada.png","contentUrl":"https:\/\/bcweededible.net\/wp-content\/uploads\/2021\/12\/bc-weed-edible-canada.png","width":270,"height":185,"caption":"BC Weed Edible"},"image":{"@id":"https:\/\/bcweededible.net\/fr\/#\/schema\/logo\/image\/"}}]}},"_links":{"self":[{"href":"https:\/\/bcweededible.net\/fr\/wp-json\/wp\/v2\/product\/69886","targetHints":{"allow":["GET"]}}],"collection":[{"href":"https:\/\/bcweededible.net\/fr\/wp-json\/wp\/v2\/product"}],"about":[{"href":"https:\/\/bcweededible.net\/fr\/wp-json\/wp\/v2\/types\/product"}],"replies":[{"embeddable":true,"href":"https:\/\/bcweededible.net\/fr\/wp-json\/wp\/v2\/comments?post=69886"}],"wp:featuredmedia":[{"embeddable":true,"href":"https:\/\/bcweededible.net\/fr\/wp-json\/wp\/v2\/media\/69869"}],"wp:attachment":[{"href":"https:\/\/bcweededible.net\/fr\/wp-json\/wp\/v2\/media?parent=69886"}],"wp:term":[{"taxonomy":"product_cat","embeddable":true,"href":"https:\/\/bcweededible.net\/fr\/wp-json\/wp\/v2\/product_cat?post=69886"},{"taxonomy":"product_tag","embeddable":true,"href":"https:\/\/bcweededible.net\/fr\/wp-json\/wp\/v2\/product_tag?post=69886"}],"curies":[{"name":"wp","href":"https:\/\/api.w.org\/{rel}","templated":true}]}}