{"id":68850,"date":"2024-03-01T10:19:34","date_gmt":"2024-03-01T18:19:34","guid":{"rendered":"https:\/\/bcweededible.net\/?post_type=product&#038;p=68850"},"modified":"2026-03-27T12:00:58","modified_gmt":"2026-03-27T19:00:58","slug":"jujubes-12-thc-cbd-copy","status":"publish","type":"product","link":"https:\/\/bcweededible.net\/fr\/buy\/marques\/eden-edibles-fr\/jujubes-12-thc-cbd-copy\/","title":{"rendered":"Jujubes CBN &#8211; Doux r\u00eaves"},"content":{"rendered":"<h2>Acheter des Jujubes CBN au Canada<\/h2>\n<p>Am\u00e9liorez votre routine de sommeil avec nos Jujubes CBN de premi\u00e8re qualit\u00e9, maintenant disponibles \u00e0 l&#8217;achat au Canada. Fabriqu\u00e9s avec soin et pr\u00e9cision, ces jujubes sont infus\u00e9s de CBN naturel pour favoriser un sommeil r\u00e9parateur. Adoptez la tranquillit\u00e9 et commandez vos Jujubes CBN d\u00e8s aujourd&#8217;hui pour une exp\u00e9rience apaisante \u00e0 nulle autre pareille. De beaux r\u00eaves vous attendent !<\/p>\n<h2>Ingr\u00e9dients actifs<\/h2>\n<h3>CBN<\/h3>\n<p>Le CBN est un cannabino\u00efde d\u00e9riv\u00e9 du chanvre canadien. Le CBN a gagn\u00e9 en popularit\u00e9 pour sa capacit\u00e9 \u00e0 favoriser le sommeil et le bien-\u00eatre g\u00e9n\u00e9ral. Disponibles sous diff\u00e9rentes formes telles que les jujubes et les vapes, les produits CBN sont ch\u00e9ris pour leurs effets apaisants.\u00a0Am\u00e9liorez votre bien-\u00eatre gr\u00e2ce \u00e0 notre gamme d&#8217;offres CBN, soigneusement con\u00e7ues pour une nuit de repos paisible.<\/p>\n<h3>Indica THC<\/h3>\n<p>Les produits infus\u00e9s au THC sont r\u00e9put\u00e9s pour leurs propri\u00e9t\u00e9s naturelles qui contribuent \u00e0 la<strong> relaxation et au bien-\u00eatre g\u00e9n\u00e9ral<\/strong>. Disponibles sous diverses formes comme les jujubes et les vapes, les produits \u00e0 base de THC offrent une exp\u00e9rience unique appr\u00e9ci\u00e9e par de nombreuses personnes \u00e0 la recherche d&#8217;un sentiment de s\u00e9dation et d&#8217;immobilit\u00e9.<\/p>\n","protected":false},"excerpt":{"rendered":"<p>Voici les <strong>Jujubes CBN Eden Sweet Dreams<\/strong> &#8211; un d\u00e9lice vegan con\u00e7u pour la tranquillit\u00e9. Chaque bo\u00eete contient <strong>10 jujubes vegan-friendly<\/strong>, avec <strong>100 mg de THC et 50 mg de CBN au total<\/strong>. Infus\u00e9s avec des <strong>terp\u00e8nes indica<\/strong>, ces jujubes offrent une touche apaisante, ce qui en fait le choix parfait pour un sommeil paisible. <strong>Am\u00e9liorez votre routine du coucher<\/strong> avec les meilleurs jujubes CBN au Canada.<\/p>\n<h4>Informations sur les Jujubes CBN<\/h4>\n<table>\n<tbody>\n<tr>\n<td><strong>Produit<\/strong><\/td>\n<td>Jujubes THC:CBN<\/td>\n<\/tr>\n<tr>\n<td><strong>Directions<\/strong><\/td>\n<td>Prendre 60 minutes avant le coucher<\/td>\n<\/tr>\n<tr>\n<td><strong>Ingr\u00e9dients<\/strong><\/td>\n<td>pur\u00e9e de fruits, sucre, pectine NH, glucose, jus de citron, extrait de cannabis<\/td>\n<\/tr>\n<tr>\n<td><strong>Contenu du paquet<\/strong><\/td>\n<td>10 jujubes par paquet<\/td>\n<\/tr>\n<tr>\n<td><strong>Dosage<\/strong><\/td>\n<td>100mg THC et 50mg CBN<\/td>\n<\/tr>\n<tr>\n<td><\/td>\n<td><\/td>\n<\/tr>\n<tr>\n<td><strong>Stockage<\/strong><\/td>\n<td>6 mois au r\u00e9frig\u00e9rateur, 2 mois \u00e0 temp\u00e9rature ambiante<\/td>\n<\/tr>\n<\/tbody>\n<\/table>\n","protected":false},"featured_media":99945,"comment_status":"open","ping_status":"closed","template":"","meta":{"wprm-recipe-roundup-name":"","wprm-recipe-roundup-description":""},"product_cat":[664,244,269,265,266,246,276,280],"product_tag":[588],"class_list":{"0":"post-68850","1":"product","2":"type-product","3":"status-publish","4":"has-post-thumbnail","6":"product_cat-eden-edibles-fr","7":"product_cat-comestibles","8":"product_cat-200mg-fr","9":"product_cat-comestibles-au-cbd","10":"product_cat-cbd-jujubes","11":"product_cat-pas-cher","12":"product_cat-jujubes","13":"product_cat-vegan-fr","14":"product_tag-10mg-gummies","16":"first","17":"instock","18":"shipping-taxable","19":"purchasable","20":"product-type-variable","21":"has-default-attributes"},"yoast_head":"\n<title>Acheter la Jujubes CBN - Doux r\u00eaves en ligne Canada | BC Weed Edible<\/title>\n<meta name=\"robots\" content=\"index, follow, max-snippet:-1, max-image-preview:large, max-video-preview:-1\" \/>\n<link rel=\"canonical\" href=\"https:\/\/bcweededible.net\/fr\/buy\/marques\/eden-edibles-fr\/jujubes-12-thc-cbd-copy\/\" \/>\n<meta property=\"og:locale\" content=\"fr_FR\" \/>\n<meta property=\"og:type\" content=\"article\" \/>\n<meta property=\"og:title\" content=\"Acheter la Jujubes CBN - Doux r\u00eaves en ligne Canada | BC Weed Edible\" \/>\n<meta property=\"og:description\" content=\"Voici les Jujubes CBN Eden Sweet Dreams - un d\u00e9lice vegan con\u00e7u pour la tranquillit\u00e9. Chaque bo\u00eete contient 10 jujubes vegan-friendly, avec 100 mg de THC et 50 mg de CBN au total. Infus\u00e9s avec des terp\u00e8nes indica, ces jujubes offrent une touche apaisante, ce qui en fait le choix parfait pour un sommeil paisible. Am\u00e9liorez votre routine du coucher avec les meilleurs jujubes CBN au Canada. Informations sur les Jujubes CBN Produit Jujubes THC:CBN Directions Prendre 60 minutes avant le coucher Ingr\u00e9dients pur\u00e9e de fruits, sucre, pectine NH, glucose, jus de citron, extrait de cannabis Contenu du paquet 10 jujubes par paquet Dosage 100mg THC et 50mg CBN Stockage 6 mois au r\u00e9frig\u00e9rateur, 2 mois \u00e0 temp\u00e9rature ambiante\" \/>\n<meta property=\"og:url\" content=\"https:\/\/bcweededible.net\/fr\/buy\/marques\/eden-edibles-fr\/jujubes-12-thc-cbd-copy\/\" \/>\n<meta property=\"og:site_name\" content=\"BC Weed Edible\" \/>\n<meta property=\"article:modified_time\" content=\"2026-03-27T19:00:58+00:00\" \/>\n<meta property=\"og:image\" content=\"https:\/\/bcweededible.net\/wp-content\/uploads\/2025\/06\/CBN-THC-Sleep-Gummies-Eden.jpg\" \/>\n\t<meta property=\"og:image:width\" content=\"1080\" \/>\n\t<meta property=\"og:image:height\" content=\"1080\" \/>\n\t<meta property=\"og:image:type\" content=\"image\/jpeg\" \/>\n<meta name=\"twitter:card\" content=\"summary_large_image\" \/>\n<meta name=\"twitter:label1\" content=\"Dur\u00e9e de lecture estim\u00e9e\" \/>\n\t<meta name=\"twitter:data1\" content=\"1 minute\" \/>\n<script type=\"application\/ld+json\" class=\"yoast-schema-graph\">{\"@context\":\"https:\/\/schema.org\",\"@graph\":[{\"@type\":\"WebPage\",\"@id\":\"https:\/\/bcweededible.net\/fr\/buy\/marques\/eden-edibles-fr\/jujubes-12-thc-cbd-copy\/\",\"url\":\"https:\/\/bcweededible.net\/fr\/buy\/marques\/eden-edibles-fr\/jujubes-12-thc-cbd-copy\/\",\"name\":\"Acheter la Jujubes CBN - Doux r\u00eaves en ligne Canada | BC Weed Edible\",\"isPartOf\":{\"@id\":\"https:\/\/bcweededible.net\/fr\/#website\"},\"primaryImageOfPage\":{\"@id\":\"https:\/\/bcweededible.net\/fr\/buy\/marques\/eden-edibles-fr\/jujubes-12-thc-cbd-copy\/#primaryimage\"},\"image\":{\"@id\":\"https:\/\/bcweededible.net\/fr\/buy\/marques\/eden-edibles-fr\/jujubes-12-thc-cbd-copy\/#primaryimage\"},\"thumbnailUrl\":\"https:\/\/bcweededible.net\/wp-content\/uploads\/2025\/06\/CBN-THC-Sleep-Gummies-Eden.jpg\",\"datePublished\":\"2024-03-01T18:19:34+00:00\",\"dateModified\":\"2026-03-27T19:00:58+00:00\",\"breadcrumb\":{\"@id\":\"https:\/\/bcweededible.net\/fr\/buy\/marques\/eden-edibles-fr\/jujubes-12-thc-cbd-copy\/#breadcrumb\"},\"inLanguage\":\"fr-FR\",\"potentialAction\":[{\"@type\":\"ReadAction\",\"target\":[\"https:\/\/bcweededible.net\/fr\/buy\/marques\/eden-edibles-fr\/jujubes-12-thc-cbd-copy\/\"]}]},{\"@type\":\"ImageObject\",\"inLanguage\":\"fr-FR\",\"@id\":\"https:\/\/bcweededible.net\/fr\/buy\/marques\/eden-edibles-fr\/jujubes-12-thc-cbd-copy\/#primaryimage\",\"url\":\"https:\/\/bcweededible.net\/wp-content\/uploads\/2025\/06\/CBN-THC-Sleep-Gummies-Eden.jpg\",\"contentUrl\":\"https:\/\/bcweededible.net\/wp-content\/uploads\/2025\/06\/CBN-THC-Sleep-Gummies-Eden.jpg\",\"width\":1080,\"height\":1080},{\"@type\":\"BreadcrumbList\",\"@id\":\"https:\/\/bcweededible.net\/fr\/buy\/marques\/eden-edibles-fr\/jujubes-12-thc-cbd-copy\/#breadcrumb\",\"itemListElement\":[{\"@type\":\"ListItem\",\"position\":1,\"name\":\"Jujubes au Pot Canada\",\"item\":\"https:\/\/bcweededible.net\/fr\/shop\/\"},{\"@type\":\"ListItem\",\"position\":2,\"name\":\"Jujubes CBN &#8211; Doux r\u00eaves\"}]},{\"@type\":\"WebSite\",\"@id\":\"https:\/\/bcweededible.net\/fr\/#website\",\"url\":\"https:\/\/bcweededible.net\/fr\/\",\"name\":\"BC Weed Edible\",\"description\":\"\",\"publisher\":{\"@id\":\"https:\/\/bcweededible.net\/fr\/#organization\"},\"potentialAction\":[{\"@type\":\"SearchAction\",\"target\":{\"@type\":\"EntryPoint\",\"urlTemplate\":\"https:\/\/bcweededible.net\/fr\/?s={search_term_string}\"},\"query-input\":{\"@type\":\"PropertyValueSpecification\",\"valueRequired\":true,\"valueName\":\"search_term_string\"}}],\"inLanguage\":\"fr-FR\"},{\"@type\":\"Organization\",\"@id\":\"https:\/\/bcweededible.net\/fr\/#organization\",\"name\":\"BC Weed Edible\",\"url\":\"https:\/\/bcweededible.net\/fr\/\",\"logo\":{\"@type\":\"ImageObject\",\"inLanguage\":\"fr-FR\",\"@id\":\"https:\/\/bcweededible.net\/fr\/#\/schema\/logo\/image\/\",\"url\":\"https:\/\/bcweededible.net\/wp-content\/uploads\/2021\/12\/bc-weed-edible-canada.png\",\"contentUrl\":\"https:\/\/bcweededible.net\/wp-content\/uploads\/2021\/12\/bc-weed-edible-canada.png\",\"width\":270,\"height\":185,\"caption\":\"BC Weed Edible\"},\"image\":{\"@id\":\"https:\/\/bcweededible.net\/fr\/#\/schema\/logo\/image\/\"}}]}<\/script>\n","yoast_head_json":{"title":"Acheter la Jujubes CBN - Doux r\u00eaves en ligne Canada | BC Weed Edible","robots":{"index":"index","follow":"follow","max-snippet":"max-snippet:-1","max-image-preview":"max-image-preview:large","max-video-preview":"max-video-preview:-1"},"canonical":"https:\/\/bcweededible.net\/fr\/buy\/marques\/eden-edibles-fr\/jujubes-12-thc-cbd-copy\/","og_locale":"fr_FR","og_type":"article","og_title":"Acheter la Jujubes CBN - Doux r\u00eaves en ligne Canada | BC Weed Edible","og_description":"Voici les Jujubes CBN Eden Sweet Dreams - un d\u00e9lice vegan con\u00e7u pour la tranquillit\u00e9. Chaque bo\u00eete contient 10 jujubes vegan-friendly, avec 100 mg de THC et 50 mg de CBN au total. Infus\u00e9s avec des terp\u00e8nes indica, ces jujubes offrent une touche apaisante, ce qui en fait le choix parfait pour un sommeil paisible. Am\u00e9liorez votre routine du coucher avec les meilleurs jujubes CBN au Canada. Informations sur les Jujubes CBN Produit Jujubes THC:CBN Directions Prendre 60 minutes avant le coucher Ingr\u00e9dients pur\u00e9e de fruits, sucre, pectine NH, glucose, jus de citron, extrait de cannabis Contenu du paquet 10 jujubes par paquet Dosage 100mg THC et 50mg CBN Stockage 6 mois au r\u00e9frig\u00e9rateur, 2 mois \u00e0 temp\u00e9rature ambiante","og_url":"https:\/\/bcweededible.net\/fr\/buy\/marques\/eden-edibles-fr\/jujubes-12-thc-cbd-copy\/","og_site_name":"BC Weed Edible","article_modified_time":"2026-03-27T19:00:58+00:00","og_image":[{"width":1080,"height":1080,"url":"https:\/\/bcweededible.net\/wp-content\/uploads\/2025\/06\/CBN-THC-Sleep-Gummies-Eden.jpg","type":"image\/jpeg"}],"twitter_card":"summary_large_image","twitter_misc":{"Dur\u00e9e de lecture estim\u00e9e":"1 minute"},"schema":{"@context":"https:\/\/schema.org","@graph":[{"@type":"WebPage","@id":"https:\/\/bcweededible.net\/fr\/buy\/marques\/eden-edibles-fr\/jujubes-12-thc-cbd-copy\/","url":"https:\/\/bcweededible.net\/fr\/buy\/marques\/eden-edibles-fr\/jujubes-12-thc-cbd-copy\/","name":"Acheter la Jujubes CBN - Doux r\u00eaves en ligne Canada | BC Weed Edible","isPartOf":{"@id":"https:\/\/bcweededible.net\/fr\/#website"},"primaryImageOfPage":{"@id":"https:\/\/bcweededible.net\/fr\/buy\/marques\/eden-edibles-fr\/jujubes-12-thc-cbd-copy\/#primaryimage"},"image":{"@id":"https:\/\/bcweededible.net\/fr\/buy\/marques\/eden-edibles-fr\/jujubes-12-thc-cbd-copy\/#primaryimage"},"thumbnailUrl":"https:\/\/bcweededible.net\/wp-content\/uploads\/2025\/06\/CBN-THC-Sleep-Gummies-Eden.jpg","datePublished":"2024-03-01T18:19:34+00:00","dateModified":"2026-03-27T19:00:58+00:00","breadcrumb":{"@id":"https:\/\/bcweededible.net\/fr\/buy\/marques\/eden-edibles-fr\/jujubes-12-thc-cbd-copy\/#breadcrumb"},"inLanguage":"fr-FR","potentialAction":[{"@type":"ReadAction","target":["https:\/\/bcweededible.net\/fr\/buy\/marques\/eden-edibles-fr\/jujubes-12-thc-cbd-copy\/"]}]},{"@type":"ImageObject","inLanguage":"fr-FR","@id":"https:\/\/bcweededible.net\/fr\/buy\/marques\/eden-edibles-fr\/jujubes-12-thc-cbd-copy\/#primaryimage","url":"https:\/\/bcweededible.net\/wp-content\/uploads\/2025\/06\/CBN-THC-Sleep-Gummies-Eden.jpg","contentUrl":"https:\/\/bcweededible.net\/wp-content\/uploads\/2025\/06\/CBN-THC-Sleep-Gummies-Eden.jpg","width":1080,"height":1080},{"@type":"BreadcrumbList","@id":"https:\/\/bcweededible.net\/fr\/buy\/marques\/eden-edibles-fr\/jujubes-12-thc-cbd-copy\/#breadcrumb","itemListElement":[{"@type":"ListItem","position":1,"name":"Jujubes au Pot Canada","item":"https:\/\/bcweededible.net\/fr\/shop\/"},{"@type":"ListItem","position":2,"name":"Jujubes CBN &#8211; Doux r\u00eaves"}]},{"@type":"WebSite","@id":"https:\/\/bcweededible.net\/fr\/#website","url":"https:\/\/bcweededible.net\/fr\/","name":"BC Weed Edible","description":"","publisher":{"@id":"https:\/\/bcweededible.net\/fr\/#organization"},"potentialAction":[{"@type":"SearchAction","target":{"@type":"EntryPoint","urlTemplate":"https:\/\/bcweededible.net\/fr\/?s={search_term_string}"},"query-input":{"@type":"PropertyValueSpecification","valueRequired":true,"valueName":"search_term_string"}}],"inLanguage":"fr-FR"},{"@type":"Organization","@id":"https:\/\/bcweededible.net\/fr\/#organization","name":"BC Weed Edible","url":"https:\/\/bcweededible.net\/fr\/","logo":{"@type":"ImageObject","inLanguage":"fr-FR","@id":"https:\/\/bcweededible.net\/fr\/#\/schema\/logo\/image\/","url":"https:\/\/bcweededible.net\/wp-content\/uploads\/2021\/12\/bc-weed-edible-canada.png","contentUrl":"https:\/\/bcweededible.net\/wp-content\/uploads\/2021\/12\/bc-weed-edible-canada.png","width":270,"height":185,"caption":"BC Weed Edible"},"image":{"@id":"https:\/\/bcweededible.net\/fr\/#\/schema\/logo\/image\/"}}]}},"_links":{"self":[{"href":"https:\/\/bcweededible.net\/fr\/wp-json\/wp\/v2\/product\/68850","targetHints":{"allow":["GET"]}}],"collection":[{"href":"https:\/\/bcweededible.net\/fr\/wp-json\/wp\/v2\/product"}],"about":[{"href":"https:\/\/bcweededible.net\/fr\/wp-json\/wp\/v2\/types\/product"}],"replies":[{"embeddable":true,"href":"https:\/\/bcweededible.net\/fr\/wp-json\/wp\/v2\/comments?post=68850"}],"wp:featuredmedia":[{"embeddable":true,"href":"https:\/\/bcweededible.net\/fr\/wp-json\/wp\/v2\/media\/99945"}],"wp:attachment":[{"href":"https:\/\/bcweededible.net\/fr\/wp-json\/wp\/v2\/media?parent=68850"}],"wp:term":[{"taxonomy":"product_cat","embeddable":true,"href":"https:\/\/bcweededible.net\/fr\/wp-json\/wp\/v2\/product_cat?post=68850"},{"taxonomy":"product_tag","embeddable":true,"href":"https:\/\/bcweededible.net\/fr\/wp-json\/wp\/v2\/product_tag?post=68850"}],"curies":[{"name":"wp","href":"https:\/\/api.w.org\/{rel}","templated":true}]}}