{"id":66400,"date":"2023-12-11T11:04:46","date_gmt":"2024-02-06T18:10:43","guid":{"rendered":"https:\/\/bcweededible.net\/buy\/non%20class\u00e9\/bulk-magic-mushroom-jujubes-gommes-a-macher\/"},"modified":"2025-11-19T07:07:31","modified_gmt":"2025-11-19T15:07:31","slug":"bulk-magic-mushroom-jujubes-gommes-a-macher","status":"publish","type":"product","link":"https:\/\/bcweededible.net\/fr\/buy\/marques\/eden-edibles-fr\/eden-en-vrac\/bulk-magic-mushroom-jujubes-gommes-a-macher\/","title":{"rendered":"Jujubes aux Shrooms en Vrac"},"content":{"rendered":"<p><strong>Eden Edibles<\/strong> s&#8217;adresse aux vrais amateurs de comestibles de haute qualit\u00e9. Notre <b>chef p\u00e2tissier professionnel<\/b> \u00e9labore chaque saveur avec soin, en combinant des <b>ingr\u00e9dients naturels et vegans<\/b> de mani\u00e8re r\u00e9fl\u00e9chie afin que les jujubes soient incroyablement d\u00e9licieux. Nous dosons soigneusement nos jujubes avec des champignons magiques locaux de la Colombie-Britannique afin que vous puissiez profiter d&#8217;une exp\u00e9rience constante et similaire \u00e0 chaque fois que vous consommez nos d\u00e9licieux produits.<\/p>\n<p><b>Mode d&#8217;emploi :<\/b> 250 mg est un excellent dosage pour les nouveaux utilisateurs r\u00e9cr\u00e9atifs. Attendez 60 minutes pour que l&#8217;effet soit complet avant d&#8217;envisager une autre dose.<\/p>\n<p><strong>Ingr\u00e9dients :<\/strong> Sirop de fruits, sucre, pectine, glucose, acide citrique, champignon psilocybine, ar\u00f4me naturel, eau.<\/p>\n<p><strong>Conservation :<\/strong> 6 mois au r\u00e9frig\u00e9rateur, 2 mois \u00e0 temp\u00e9rature ambiante, \u00e0 conserver dans un endroit sec et sombre.<\/p>\n<p><b>AVERTISSEMENT : <\/b>Il s&#8217;agit d&#8217;un produit infus\u00e9 \u00e0 la psilocybine destin\u00e9 \u00e0 un usage m\u00e9dical et r\u00e9cr\u00e9atif. Tenir hors de port\u00e9e des enfants et des animaux domestiques. Ne pas conduire ou utiliser de la machinerie sous l&#8217;influence des champignons.<\/p>\n","protected":false},"excerpt":{"rendered":"<p>Nos <strong><a href=\"https:\/\/bcweededible.net\/fr\/buy\/marques\/eden-edibles-fr\/250mg-champignons-jujubes\/\">Jujubes<\/a> aux shrooms en vrac <\/strong>sont <a href=\"http:\/\/bcweededible.net\/shop\/edibles\/vegan\/\">vegans<\/a> et sont fabriqu\u00e9s avec des <a href=\"https:\/\/bcweededible.net\/shop\/shrooms\/dried\/\">champignons s\u00e9ch\u00e9s<\/a> de haute qualit\u00e9 et avec un sirop de fruits naturel. <strong>Chaque sac contient 2500mg, <\/strong>250mg par carr\u00e9. 10 carr\u00e9s par sac.<\/p>\n<p>Pour b\u00e9n\u00e9ficier du prix en vrac \u00e0 <strong>50% du prix de d\u00e9tail<\/strong>, il vous suffit de <strong>commander au moins 50 sacs (pas de maximum)<\/strong>, ce qui est id\u00e9al si vous avez besoin de grandes quantit\u00e9s pour des raisons m\u00e9dicales ou si vous voulez les donner autour de vous.<\/p>\n<h3>Info sur les Jujubes aux shrooms en vrac<\/h3>\n<table>\n<tbody>\n<tr>\n<td class=\"has-text-align-center\" style=\"text-align: left;\" data-align=\"center\"><strong>Total des sacs<\/strong><\/td>\n<td class=\"has-text-align-center\" style=\"text-align: left;\" data-align=\"center\">50 Sacs min.<\/td>\n<\/tr>\n<tr>\n<td class=\"has-text-align-center\" style=\"text-align: left;\" data-align=\"center\"><strong>Champignons par barre<\/strong><\/td>\n<td class=\"has-text-align-center\" style=\"text-align: left;\" data-align=\"center\">2500mg<\/td>\n<\/tr>\n<tr>\n<td class=\"has-text-align-center\" style=\"text-align: left;\" data-align=\"center\"><strong>Champignon par carr\u00e9<\/strong><\/td>\n<td class=\"has-text-align-center\" style=\"text-align: left;\" data-align=\"center\">250 mg<\/td>\n<\/tr>\n<tr>\n<td class=\"has-text-align-center\" style=\"text-align: left;\" data-align=\"center\"><strong>Effets<\/strong><\/td>\n<td class=\"has-text-align-center\" style=\"text-align: left;\" data-align=\"center\">Concentration, plaisir<\/td>\n<\/tr>\n<tr>\n<td class=\"has-text-align-center\" style=\"text-align: left;\" data-align=\"center\"><strong>Prix en vrac<\/strong><\/td>\n<td class=\"has-text-align-center\" style=\"text-align: left;\" data-align=\"center\">50% de r\u00e9duction sur le prix de d\u00e9tail<\/td>\n<\/tr>\n<\/tbody>\n<\/table>\n","protected":false},"featured_media":88592,"comment_status":"open","ping_status":"closed","template":"","meta":{"wprm-recipe-roundup-name":"","wprm-recipe-roundup-description":""},"product_cat":[237,274,244,284,533,664,768,285,280],"product_tag":[],"class_list":{"0":"post-66400","1":"product","2":"type-product","3":"status-publish","4":"has-post-thumbnail","6":"product_cat-champignons-magiques","7":"product_cat-chocolat","8":"product_cat-comestibles","9":"product_cat-comestibles-aux-champignons","10":"product_cat-comestibles-en-gros","11":"product_cat-eden-edibles-fr","12":"product_cat-eden-en-vrac","13":"product_cat-jujubes-aux-champignons","14":"product_cat-vegan-fr","16":"first","17":"instock","18":"sale","19":"shipping-taxable","20":"purchasable","21":"product-type-mix-and-match"},"yoast_head":"\n<title>Acheter une Jujubes aux Shrooms en Vrac en ligne au Canada | Vente en gros de chocolats comestibles | BC Weed Edible<\/title>\n<meta name=\"robots\" content=\"index, follow, max-snippet:-1, max-image-preview:large, max-video-preview:-1\" \/>\n<link rel=\"canonical\" href=\"https:\/\/bcweededible.net\/fr\/buy\/marques\/eden-edibles-fr\/eden-en-vrac\/bulk-magic-mushroom-jujubes-gommes-a-macher\/\" \/>\n<meta property=\"og:locale\" content=\"fr_FR\" \/>\n<meta property=\"og:type\" content=\"article\" \/>\n<meta property=\"og:title\" content=\"Acheter une Jujubes aux Shrooms en Vrac en ligne au Canada | Vente en gros de chocolats comestibles | BC Weed Edible\" \/>\n<meta property=\"og:description\" content=\"Nos Jujubes aux shrooms en vrac sont vegans et sont fabriqu\u00e9s avec des champignons s\u00e9ch\u00e9s de haute qualit\u00e9 et avec un sirop de fruits naturel. Chaque sac contient 2500mg, 250mg par carr\u00e9. 10 carr\u00e9s par sac. Pour b\u00e9n\u00e9ficier du prix en vrac \u00e0 50% du prix de d\u00e9tail, il vous suffit de commander au moins 50 sacs (pas de maximum), ce qui est id\u00e9al si vous avez besoin de grandes quantit\u00e9s pour des raisons m\u00e9dicales ou si vous voulez les donner autour de vous. Info sur les Jujubes aux shrooms en vrac Total des sacs 50 Sacs min. Champignons par barre 2500mg Champignon par carr\u00e9 250 mg Effets Concentration, plaisir Prix en vrac 50% de r\u00e9duction sur le prix de d\u00e9tail\" \/>\n<meta property=\"og:url\" content=\"https:\/\/bcweededible.net\/fr\/buy\/marques\/eden-edibles-fr\/eden-en-vrac\/bulk-magic-mushroom-jujubes-gommes-a-macher\/\" \/>\n<meta property=\"og:site_name\" content=\"BC Weed Edible\" \/>\n<meta property=\"article:modified_time\" content=\"2025-11-19T15:07:31+00:00\" \/>\n<meta property=\"og:image\" content=\"https:\/\/bcweededible.net\/wp-content\/uploads\/2023\/12\/bulk-magic-mushroom-edibles-canada.jpg\" \/>\n\t<meta property=\"og:image:width\" content=\"1080\" \/>\n\t<meta property=\"og:image:height\" content=\"1080\" \/>\n\t<meta property=\"og:image:type\" content=\"image\/jpeg\" \/>\n<meta name=\"twitter:card\" content=\"summary_large_image\" \/>\n<meta name=\"twitter:label1\" content=\"Dur\u00e9e de lecture estim\u00e9e\" \/>\n\t<meta name=\"twitter:data1\" content=\"1 minute\" \/>\n<script type=\"application\/ld+json\" class=\"yoast-schema-graph\">{\"@context\":\"https:\/\/schema.org\",\"@graph\":[{\"@type\":\"WebPage\",\"@id\":\"https:\/\/bcweededible.net\/fr\/buy\/marques\/eden-edibles-fr\/eden-en-vrac\/bulk-magic-mushroom-jujubes-gommes-a-macher\/\",\"url\":\"https:\/\/bcweededible.net\/fr\/buy\/marques\/eden-edibles-fr\/eden-en-vrac\/bulk-magic-mushroom-jujubes-gommes-a-macher\/\",\"name\":\"Acheter une Jujubes aux Shrooms en Vrac en ligne au Canada | Vente en gros de chocolats comestibles | BC Weed Edible\",\"isPartOf\":{\"@id\":\"https:\/\/bcweededible.net\/fr\/#website\"},\"primaryImageOfPage\":{\"@id\":\"https:\/\/bcweededible.net\/fr\/buy\/marques\/eden-edibles-fr\/eden-en-vrac\/bulk-magic-mushroom-jujubes-gommes-a-macher\/#primaryimage\"},\"image\":{\"@id\":\"https:\/\/bcweededible.net\/fr\/buy\/marques\/eden-edibles-fr\/eden-en-vrac\/bulk-magic-mushroom-jujubes-gommes-a-macher\/#primaryimage\"},\"thumbnailUrl\":\"https:\/\/bcweededible.net\/wp-content\/uploads\/2023\/12\/bulk-magic-mushroom-edibles-canada.jpg\",\"datePublished\":\"2024-02-06T18:10:43+00:00\",\"dateModified\":\"2025-11-19T15:07:31+00:00\",\"breadcrumb\":{\"@id\":\"https:\/\/bcweededible.net\/fr\/buy\/marques\/eden-edibles-fr\/eden-en-vrac\/bulk-magic-mushroom-jujubes-gommes-a-macher\/#breadcrumb\"},\"inLanguage\":\"fr-FR\",\"potentialAction\":[{\"@type\":\"ReadAction\",\"target\":[\"https:\/\/bcweededible.net\/fr\/buy\/marques\/eden-edibles-fr\/eden-en-vrac\/bulk-magic-mushroom-jujubes-gommes-a-macher\/\"]}]},{\"@type\":\"ImageObject\",\"inLanguage\":\"fr-FR\",\"@id\":\"https:\/\/bcweededible.net\/fr\/buy\/marques\/eden-edibles-fr\/eden-en-vrac\/bulk-magic-mushroom-jujubes-gommes-a-macher\/#primaryimage\",\"url\":\"https:\/\/bcweededible.net\/wp-content\/uploads\/2023\/12\/bulk-magic-mushroom-edibles-canada.jpg\",\"contentUrl\":\"https:\/\/bcweededible.net\/wp-content\/uploads\/2023\/12\/bulk-magic-mushroom-edibles-canada.jpg\",\"width\":1080,\"height\":1080,\"caption\":\"bulk magic mushroom edibles canada\"},{\"@type\":\"BreadcrumbList\",\"@id\":\"https:\/\/bcweededible.net\/fr\/buy\/marques\/eden-edibles-fr\/eden-en-vrac\/bulk-magic-mushroom-jujubes-gommes-a-macher\/#breadcrumb\",\"itemListElement\":[{\"@type\":\"ListItem\",\"position\":1,\"name\":\"Jujubes au Pot Canada\",\"item\":\"https:\/\/bcweededible.net\/fr\/shop\/\"},{\"@type\":\"ListItem\",\"position\":2,\"name\":\"Jujubes aux Shrooms en Vrac\"}]},{\"@type\":\"WebSite\",\"@id\":\"https:\/\/bcweededible.net\/fr\/#website\",\"url\":\"https:\/\/bcweededible.net\/fr\/\",\"name\":\"BC Weed Edible\",\"description\":\"\",\"publisher\":{\"@id\":\"https:\/\/bcweededible.net\/fr\/#organization\"},\"potentialAction\":[{\"@type\":\"SearchAction\",\"target\":{\"@type\":\"EntryPoint\",\"urlTemplate\":\"https:\/\/bcweededible.net\/fr\/?s={search_term_string}\"},\"query-input\":{\"@type\":\"PropertyValueSpecification\",\"valueRequired\":true,\"valueName\":\"search_term_string\"}}],\"inLanguage\":\"fr-FR\"},{\"@type\":\"Organization\",\"@id\":\"https:\/\/bcweededible.net\/fr\/#organization\",\"name\":\"BC Weed Edible\",\"url\":\"https:\/\/bcweededible.net\/fr\/\",\"logo\":{\"@type\":\"ImageObject\",\"inLanguage\":\"fr-FR\",\"@id\":\"https:\/\/bcweededible.net\/fr\/#\/schema\/logo\/image\/\",\"url\":\"https:\/\/bcweededible.net\/wp-content\/uploads\/2021\/12\/bc-weed-edible-canada.png\",\"contentUrl\":\"https:\/\/bcweededible.net\/wp-content\/uploads\/2021\/12\/bc-weed-edible-canada.png\",\"width\":270,\"height\":185,\"caption\":\"BC Weed Edible\"},\"image\":{\"@id\":\"https:\/\/bcweededible.net\/fr\/#\/schema\/logo\/image\/\"}}]}<\/script>\n","yoast_head_json":{"title":"Acheter une Jujubes aux Shrooms en Vrac en ligne au Canada | Vente en gros de chocolats comestibles | BC Weed Edible","robots":{"index":"index","follow":"follow","max-snippet":"max-snippet:-1","max-image-preview":"max-image-preview:large","max-video-preview":"max-video-preview:-1"},"canonical":"https:\/\/bcweededible.net\/fr\/buy\/marques\/eden-edibles-fr\/eden-en-vrac\/bulk-magic-mushroom-jujubes-gommes-a-macher\/","og_locale":"fr_FR","og_type":"article","og_title":"Acheter une Jujubes aux Shrooms en Vrac en ligne au Canada | Vente en gros de chocolats comestibles | BC Weed Edible","og_description":"Nos Jujubes aux shrooms en vrac sont vegans et sont fabriqu\u00e9s avec des champignons s\u00e9ch\u00e9s de haute qualit\u00e9 et avec un sirop de fruits naturel. Chaque sac contient 2500mg, 250mg par carr\u00e9. 10 carr\u00e9s par sac. Pour b\u00e9n\u00e9ficier du prix en vrac \u00e0 50% du prix de d\u00e9tail, il vous suffit de commander au moins 50 sacs (pas de maximum), ce qui est id\u00e9al si vous avez besoin de grandes quantit\u00e9s pour des raisons m\u00e9dicales ou si vous voulez les donner autour de vous. Info sur les Jujubes aux shrooms en vrac Total des sacs 50 Sacs min. Champignons par barre 2500mg Champignon par carr\u00e9 250 mg Effets Concentration, plaisir Prix en vrac 50% de r\u00e9duction sur le prix de d\u00e9tail","og_url":"https:\/\/bcweededible.net\/fr\/buy\/marques\/eden-edibles-fr\/eden-en-vrac\/bulk-magic-mushroom-jujubes-gommes-a-macher\/","og_site_name":"BC Weed Edible","article_modified_time":"2025-11-19T15:07:31+00:00","og_image":[{"width":1080,"height":1080,"url":"https:\/\/bcweededible.net\/wp-content\/uploads\/2023\/12\/bulk-magic-mushroom-edibles-canada.jpg","type":"image\/jpeg"}],"twitter_card":"summary_large_image","twitter_misc":{"Dur\u00e9e de lecture estim\u00e9e":"1 minute"},"schema":{"@context":"https:\/\/schema.org","@graph":[{"@type":"WebPage","@id":"https:\/\/bcweededible.net\/fr\/buy\/marques\/eden-edibles-fr\/eden-en-vrac\/bulk-magic-mushroom-jujubes-gommes-a-macher\/","url":"https:\/\/bcweededible.net\/fr\/buy\/marques\/eden-edibles-fr\/eden-en-vrac\/bulk-magic-mushroom-jujubes-gommes-a-macher\/","name":"Acheter une Jujubes aux Shrooms en Vrac en ligne au Canada | Vente en gros de chocolats comestibles | BC Weed Edible","isPartOf":{"@id":"https:\/\/bcweededible.net\/fr\/#website"},"primaryImageOfPage":{"@id":"https:\/\/bcweededible.net\/fr\/buy\/marques\/eden-edibles-fr\/eden-en-vrac\/bulk-magic-mushroom-jujubes-gommes-a-macher\/#primaryimage"},"image":{"@id":"https:\/\/bcweededible.net\/fr\/buy\/marques\/eden-edibles-fr\/eden-en-vrac\/bulk-magic-mushroom-jujubes-gommes-a-macher\/#primaryimage"},"thumbnailUrl":"https:\/\/bcweededible.net\/wp-content\/uploads\/2023\/12\/bulk-magic-mushroom-edibles-canada.jpg","datePublished":"2024-02-06T18:10:43+00:00","dateModified":"2025-11-19T15:07:31+00:00","breadcrumb":{"@id":"https:\/\/bcweededible.net\/fr\/buy\/marques\/eden-edibles-fr\/eden-en-vrac\/bulk-magic-mushroom-jujubes-gommes-a-macher\/#breadcrumb"},"inLanguage":"fr-FR","potentialAction":[{"@type":"ReadAction","target":["https:\/\/bcweededible.net\/fr\/buy\/marques\/eden-edibles-fr\/eden-en-vrac\/bulk-magic-mushroom-jujubes-gommes-a-macher\/"]}]},{"@type":"ImageObject","inLanguage":"fr-FR","@id":"https:\/\/bcweededible.net\/fr\/buy\/marques\/eden-edibles-fr\/eden-en-vrac\/bulk-magic-mushroom-jujubes-gommes-a-macher\/#primaryimage","url":"https:\/\/bcweededible.net\/wp-content\/uploads\/2023\/12\/bulk-magic-mushroom-edibles-canada.jpg","contentUrl":"https:\/\/bcweededible.net\/wp-content\/uploads\/2023\/12\/bulk-magic-mushroom-edibles-canada.jpg","width":1080,"height":1080,"caption":"bulk magic mushroom edibles canada"},{"@type":"BreadcrumbList","@id":"https:\/\/bcweededible.net\/fr\/buy\/marques\/eden-edibles-fr\/eden-en-vrac\/bulk-magic-mushroom-jujubes-gommes-a-macher\/#breadcrumb","itemListElement":[{"@type":"ListItem","position":1,"name":"Jujubes au Pot Canada","item":"https:\/\/bcweededible.net\/fr\/shop\/"},{"@type":"ListItem","position":2,"name":"Jujubes aux Shrooms en Vrac"}]},{"@type":"WebSite","@id":"https:\/\/bcweededible.net\/fr\/#website","url":"https:\/\/bcweededible.net\/fr\/","name":"BC Weed Edible","description":"","publisher":{"@id":"https:\/\/bcweededible.net\/fr\/#organization"},"potentialAction":[{"@type":"SearchAction","target":{"@type":"EntryPoint","urlTemplate":"https:\/\/bcweededible.net\/fr\/?s={search_term_string}"},"query-input":{"@type":"PropertyValueSpecification","valueRequired":true,"valueName":"search_term_string"}}],"inLanguage":"fr-FR"},{"@type":"Organization","@id":"https:\/\/bcweededible.net\/fr\/#organization","name":"BC Weed Edible","url":"https:\/\/bcweededible.net\/fr\/","logo":{"@type":"ImageObject","inLanguage":"fr-FR","@id":"https:\/\/bcweededible.net\/fr\/#\/schema\/logo\/image\/","url":"https:\/\/bcweededible.net\/wp-content\/uploads\/2021\/12\/bc-weed-edible-canada.png","contentUrl":"https:\/\/bcweededible.net\/wp-content\/uploads\/2021\/12\/bc-weed-edible-canada.png","width":270,"height":185,"caption":"BC Weed Edible"},"image":{"@id":"https:\/\/bcweededible.net\/fr\/#\/schema\/logo\/image\/"}}]}},"_links":{"self":[{"href":"https:\/\/bcweededible.net\/fr\/wp-json\/wp\/v2\/product\/66400","targetHints":{"allow":["GET"]}}],"collection":[{"href":"https:\/\/bcweededible.net\/fr\/wp-json\/wp\/v2\/product"}],"about":[{"href":"https:\/\/bcweededible.net\/fr\/wp-json\/wp\/v2\/types\/product"}],"replies":[{"embeddable":true,"href":"https:\/\/bcweededible.net\/fr\/wp-json\/wp\/v2\/comments?post=66400"}],"wp:featuredmedia":[{"embeddable":true,"href":"https:\/\/bcweededible.net\/fr\/wp-json\/wp\/v2\/media\/88592"}],"wp:attachment":[{"href":"https:\/\/bcweededible.net\/fr\/wp-json\/wp\/v2\/media?parent=66400"}],"wp:term":[{"taxonomy":"product_cat","embeddable":true,"href":"https:\/\/bcweededible.net\/fr\/wp-json\/wp\/v2\/product_cat?post=66400"},{"taxonomy":"product_tag","embeddable":true,"href":"https:\/\/bcweededible.net\/fr\/wp-json\/wp\/v2\/product_tag?post=66400"}],"curies":[{"name":"wp","href":"https:\/\/api.w.org\/{rel}","templated":true}]}}