{"id":66399,"date":"2024-01-23T10:15:29","date_gmt":"2024-02-06T18:10:43","guid":{"rendered":"https:\/\/bcweededible.net\/buy\/non%20class\u00e9\/joints-xl-moonrocks\/"},"modified":"2025-01-14T10:44:47","modified_gmt":"2025-01-14T18:44:47","slug":"joints-xl-moonrocks","status":"publish","type":"product","link":"https:\/\/bcweededible.net\/fr\/buy\/concentres\/kief-fr\/joints-xl-moonrocks\/","title":{"rendered":"Joints Moonrocks XL"},"content":{"rendered":"","protected":false},"excerpt":{"rendered":"<p>Les <strong>joints pr\u00e9-roul\u00e9s XL Moonrock<\/strong> sont fabriqu\u00e9s \u00e0 la main \u00e0 100% avec des ingr\u00e9dients de premier choix, garantissant un joint de qualit\u00e9 sup\u00e9rieure qui br\u00fble en cendres blanches du d\u00e9but \u00e0 la fin. Chaque joint est emball\u00e9 dans un tube individuel.<\/p>\n<p>Ce qu&#8217;il contient :<\/p>\n<ul>\n<li>Fabriqu\u00e9 \u00e0 partir de <strong>2 grammes<\/strong> de notre <a href=\"http:\/\/bcweededible.net\/shop\/cannabis-flowers\/aaaa-grade\/\">Gas Flower AAAA+<\/a> dans un joint bien roul\u00e9.<\/li>\n<li>Roul\u00e9 avec de la\u00a0<a href=\"https:\/\/bcweededible.net\/shop\/concentrates\/live-resin\/\"><span class=\"st\">Live Resin<\/span> AAAA+<\/a><\/li>\n<li>Roul\u00e9 avec du <a href=\"https:\/\/bcweededible.net\/shop\/concentrates\/kief\/\">Kief Premium AAAA+<\/a>.<\/li>\n<\/ul>\n<h2>Informations sur le joint Moonrock<\/h2>\n<table>\n<tbody>\n<tr>\n<td class=\"has-text-align-center\" style=\"text-align: left;\" data-align=\"center\"><strong>Poids<\/strong><\/td>\n<td class=\"has-text-align-center\" style=\"text-align: left;\" data-align=\"center\">2 grammes de pot, enrob\u00e9 de live r\u00e9sine et de kief<\/td>\n<\/tr>\n<tr>\n<td class=\"has-text-align-center\" style=\"text-align: left;\" data-align=\"center\"><strong>Grade<\/strong><\/td>\n<td class=\"has-text-align-center\" style=\"text-align: left;\" data-align=\"center\">AAAA+<\/td>\n<\/tr>\n<tr>\n<td class=\"has-text-align-center\" style=\"text-align: left;\" data-align=\"center\"><strong>THC<\/strong><\/td>\n<td class=\"has-text-align-center\" style=\"text-align: left;\" data-align=\"center\">55%<\/td>\n<\/tr>\n<tr>\n<td class=\"has-text-align-center\" style=\"text-align: left;\" data-align=\"center\"><strong>Ph\u00e9notype<\/strong><\/td>\n<td class=\"has-text-align-center\" style=\"text-align: left;\" data-align=\"center\">Hybride<\/td>\n<\/tr>\n<tr>\n<td class=\"has-text-align-center\" style=\"text-align: left;\" data-align=\"center\"><strong>Effets<\/strong><\/td>\n<td class=\"has-text-align-center\" style=\"text-align: left;\" data-align=\"center\">Heureux, euphorique, \u00e9nergique et d\u00e9tendu.<\/td>\n<\/tr>\n<tr>\n<td class=\"has-text-align-center\" style=\"text-align: left;\" data-align=\"center\"><strong>Saveurs<\/strong><\/td>\n<td class=\"has-text-align-center\" style=\"text-align: left;\" data-align=\"center\">Gas, terreux, floral, doux, bois\u00e9<\/td>\n<\/tr>\n<\/tbody>\n<\/table>\n","protected":false},"featured_media":65243,"comment_status":"open","ping_status":"closed","template":"","meta":{"wprm-recipe-roundup-name":"","wprm-recipe-roundup-description":""},"product_cat":[737,534,548,245,293,294,391,295],"product_tag":[],"class_list":{"0":"post-66399","1":"product","2":"type-product","3":"status-publish","4":"has-post-thumbnail","6":"product_cat-haute-teneur-en-thc","7":"product_cat-kief-fr","8":"product_cat-moonrocks-fr","9":"product_cat-fleurs-cannabis","10":"product_cat-hybrid-fr","11":"product_cat-indica-fr","12":"product_cat-preroules","13":"product_cat-sativa-fr","15":"first","16":"outofstock","17":"sale","18":"shipping-taxable","19":"purchasable","20":"product-type-variable","21":"has-default-attributes"},"yoast_head":"\n<title>Joints Moonrocks XL achat Canada | Moonrock Preroll | BC Weed Edible<\/title>\n<meta name=\"robots\" content=\"index, follow, max-snippet:-1, max-image-preview:large, max-video-preview:-1\" \/>\n<link rel=\"canonical\" href=\"https:\/\/bcweededible.net\/fr\/buy\/concentres\/kief-fr\/joints-xl-moonrocks\/\" \/>\n<meta property=\"og:locale\" content=\"fr_FR\" \/>\n<meta property=\"og:type\" content=\"article\" \/>\n<meta property=\"og:title\" content=\"Joints Moonrocks XL achat Canada | Moonrock Preroll | BC Weed Edible\" \/>\n<meta property=\"og:description\" content=\"Les joints pr\u00e9-roul\u00e9s XL Moonrock sont fabriqu\u00e9s \u00e0 la main \u00e0 100% avec des ingr\u00e9dients de premier choix, garantissant un joint de qualit\u00e9 sup\u00e9rieure qui br\u00fble en cendres blanches du d\u00e9but \u00e0 la fin. Chaque joint est emball\u00e9 dans un tube individuel. Ce qu&#039;il contient : Fabriqu\u00e9 \u00e0 partir de 2 grammes de notre Gas Flower AAAA+ dans un joint bien roul\u00e9. Roul\u00e9 avec de la\u00a0 Live Resin AAAA+ Roul\u00e9 avec du Kief Premium AAAA+. Informations sur le joint Moonrock Poids 2 grammes de pot, enrob\u00e9 de live r\u00e9sine et de kief Grade AAAA+ THC 55% Ph\u00e9notype Hybride Effets Heureux, euphorique, \u00e9nergique et d\u00e9tendu. Saveurs Gas, terreux, floral, doux, bois\u00e9\" \/>\n<meta property=\"og:url\" content=\"https:\/\/bcweededible.net\/fr\/buy\/concentres\/kief-fr\/joints-xl-moonrocks\/\" \/>\n<meta property=\"og:site_name\" content=\"BC Weed Edible\" \/>\n<meta property=\"article:modified_time\" content=\"2025-01-14T18:44:47+00:00\" \/>\n<meta property=\"og:image\" content=\"https:\/\/bcweededible.net\/wp-content\/uploads\/2022\/10\/Moonrock-Joints.jpg\" \/>\n\t<meta property=\"og:image:width\" content=\"414\" \/>\n\t<meta property=\"og:image:height\" content=\"400\" \/>\n\t<meta property=\"og:image:type\" content=\"image\/jpeg\" \/>\n<meta name=\"twitter:card\" content=\"summary_large_image\" \/>\n<script type=\"application\/ld+json\" class=\"yoast-schema-graph\">{\"@context\":\"https:\/\/schema.org\",\"@graph\":[{\"@type\":\"WebPage\",\"@id\":\"https:\/\/bcweededible.net\/fr\/buy\/concentres\/kief-fr\/joints-xl-moonrocks\/\",\"url\":\"https:\/\/bcweededible.net\/fr\/buy\/concentres\/kief-fr\/joints-xl-moonrocks\/\",\"name\":\"Joints Moonrocks XL achat Canada | Moonrock Preroll | BC Weed Edible\",\"isPartOf\":{\"@id\":\"https:\/\/bcweededible.net\/fr\/#website\"},\"primaryImageOfPage\":{\"@id\":\"https:\/\/bcweededible.net\/fr\/buy\/concentres\/kief-fr\/joints-xl-moonrocks\/#primaryimage\"},\"image\":{\"@id\":\"https:\/\/bcweededible.net\/fr\/buy\/concentres\/kief-fr\/joints-xl-moonrocks\/#primaryimage\"},\"thumbnailUrl\":\"https:\/\/bcweededible.net\/wp-content\/uploads\/2022\/10\/Moonrock-Joints.jpg\",\"datePublished\":\"2024-02-06T18:10:43+00:00\",\"dateModified\":\"2025-01-14T18:44:47+00:00\",\"breadcrumb\":{\"@id\":\"https:\/\/bcweededible.net\/fr\/buy\/concentres\/kief-fr\/joints-xl-moonrocks\/#breadcrumb\"},\"inLanguage\":\"fr-FR\",\"potentialAction\":[{\"@type\":\"ReadAction\",\"target\":[\"https:\/\/bcweededible.net\/fr\/buy\/concentres\/kief-fr\/joints-xl-moonrocks\/\"]}]},{\"@type\":\"ImageObject\",\"inLanguage\":\"fr-FR\",\"@id\":\"https:\/\/bcweededible.net\/fr\/buy\/concentres\/kief-fr\/joints-xl-moonrocks\/#primaryimage\",\"url\":\"https:\/\/bcweededible.net\/wp-content\/uploads\/2022\/10\/Moonrock-Joints.jpg\",\"contentUrl\":\"https:\/\/bcweededible.net\/wp-content\/uploads\/2022\/10\/Moonrock-Joints.jpg\",\"width\":414,\"height\":400,\"caption\":\"xl moonrock joints\"},{\"@type\":\"BreadcrumbList\",\"@id\":\"https:\/\/bcweededible.net\/fr\/buy\/concentres\/kief-fr\/joints-xl-moonrocks\/#breadcrumb\",\"itemListElement\":[{\"@type\":\"ListItem\",\"position\":1,\"name\":\"Jujubes au Pot Canada\",\"item\":\"https:\/\/bcweededible.net\/fr\/shop\/\"},{\"@type\":\"ListItem\",\"position\":2,\"name\":\"Joints Moonrocks XL\"}]},{\"@type\":\"WebSite\",\"@id\":\"https:\/\/bcweededible.net\/fr\/#website\",\"url\":\"https:\/\/bcweededible.net\/fr\/\",\"name\":\"BC Weed Edible\",\"description\":\"\",\"publisher\":{\"@id\":\"https:\/\/bcweededible.net\/fr\/#organization\"},\"potentialAction\":[{\"@type\":\"SearchAction\",\"target\":{\"@type\":\"EntryPoint\",\"urlTemplate\":\"https:\/\/bcweededible.net\/fr\/?s={search_term_string}\"},\"query-input\":{\"@type\":\"PropertyValueSpecification\",\"valueRequired\":true,\"valueName\":\"search_term_string\"}}],\"inLanguage\":\"fr-FR\"},{\"@type\":\"Organization\",\"@id\":\"https:\/\/bcweededible.net\/fr\/#organization\",\"name\":\"BC Weed Edible\",\"url\":\"https:\/\/bcweededible.net\/fr\/\",\"logo\":{\"@type\":\"ImageObject\",\"inLanguage\":\"fr-FR\",\"@id\":\"https:\/\/bcweededible.net\/fr\/#\/schema\/logo\/image\/\",\"url\":\"https:\/\/bcweededible.net\/wp-content\/uploads\/2021\/12\/bc-weed-edible-canada.png\",\"contentUrl\":\"https:\/\/bcweededible.net\/wp-content\/uploads\/2021\/12\/bc-weed-edible-canada.png\",\"width\":270,\"height\":185,\"caption\":\"BC Weed Edible\"},\"image\":{\"@id\":\"https:\/\/bcweededible.net\/fr\/#\/schema\/logo\/image\/\"}}]}<\/script>\n","yoast_head_json":{"title":"Joints Moonrocks XL achat Canada | Moonrock Preroll | BC Weed Edible","robots":{"index":"index","follow":"follow","max-snippet":"max-snippet:-1","max-image-preview":"max-image-preview:large","max-video-preview":"max-video-preview:-1"},"canonical":"https:\/\/bcweededible.net\/fr\/buy\/concentres\/kief-fr\/joints-xl-moonrocks\/","og_locale":"fr_FR","og_type":"article","og_title":"Joints Moonrocks XL achat Canada | Moonrock Preroll | BC Weed Edible","og_description":"Les joints pr\u00e9-roul\u00e9s XL Moonrock sont fabriqu\u00e9s \u00e0 la main \u00e0 100% avec des ingr\u00e9dients de premier choix, garantissant un joint de qualit\u00e9 sup\u00e9rieure qui br\u00fble en cendres blanches du d\u00e9but \u00e0 la fin. Chaque joint est emball\u00e9 dans un tube individuel. Ce qu'il contient : Fabriqu\u00e9 \u00e0 partir de 2 grammes de notre Gas Flower AAAA+ dans un joint bien roul\u00e9. Roul\u00e9 avec de la\u00a0 Live Resin AAAA+ Roul\u00e9 avec du Kief Premium AAAA+. Informations sur le joint Moonrock Poids 2 grammes de pot, enrob\u00e9 de live r\u00e9sine et de kief Grade AAAA+ THC 55% Ph\u00e9notype Hybride Effets Heureux, euphorique, \u00e9nergique et d\u00e9tendu. Saveurs Gas, terreux, floral, doux, bois\u00e9","og_url":"https:\/\/bcweededible.net\/fr\/buy\/concentres\/kief-fr\/joints-xl-moonrocks\/","og_site_name":"BC Weed Edible","article_modified_time":"2025-01-14T18:44:47+00:00","og_image":[{"width":414,"height":400,"url":"https:\/\/bcweededible.net\/wp-content\/uploads\/2022\/10\/Moonrock-Joints.jpg","type":"image\/jpeg"}],"twitter_card":"summary_large_image","schema":{"@context":"https:\/\/schema.org","@graph":[{"@type":"WebPage","@id":"https:\/\/bcweededible.net\/fr\/buy\/concentres\/kief-fr\/joints-xl-moonrocks\/","url":"https:\/\/bcweededible.net\/fr\/buy\/concentres\/kief-fr\/joints-xl-moonrocks\/","name":"Joints Moonrocks XL achat Canada | Moonrock Preroll | BC Weed Edible","isPartOf":{"@id":"https:\/\/bcweededible.net\/fr\/#website"},"primaryImageOfPage":{"@id":"https:\/\/bcweededible.net\/fr\/buy\/concentres\/kief-fr\/joints-xl-moonrocks\/#primaryimage"},"image":{"@id":"https:\/\/bcweededible.net\/fr\/buy\/concentres\/kief-fr\/joints-xl-moonrocks\/#primaryimage"},"thumbnailUrl":"https:\/\/bcweededible.net\/wp-content\/uploads\/2022\/10\/Moonrock-Joints.jpg","datePublished":"2024-02-06T18:10:43+00:00","dateModified":"2025-01-14T18:44:47+00:00","breadcrumb":{"@id":"https:\/\/bcweededible.net\/fr\/buy\/concentres\/kief-fr\/joints-xl-moonrocks\/#breadcrumb"},"inLanguage":"fr-FR","potentialAction":[{"@type":"ReadAction","target":["https:\/\/bcweededible.net\/fr\/buy\/concentres\/kief-fr\/joints-xl-moonrocks\/"]}]},{"@type":"ImageObject","inLanguage":"fr-FR","@id":"https:\/\/bcweededible.net\/fr\/buy\/concentres\/kief-fr\/joints-xl-moonrocks\/#primaryimage","url":"https:\/\/bcweededible.net\/wp-content\/uploads\/2022\/10\/Moonrock-Joints.jpg","contentUrl":"https:\/\/bcweededible.net\/wp-content\/uploads\/2022\/10\/Moonrock-Joints.jpg","width":414,"height":400,"caption":"xl moonrock joints"},{"@type":"BreadcrumbList","@id":"https:\/\/bcweededible.net\/fr\/buy\/concentres\/kief-fr\/joints-xl-moonrocks\/#breadcrumb","itemListElement":[{"@type":"ListItem","position":1,"name":"Jujubes au Pot Canada","item":"https:\/\/bcweededible.net\/fr\/shop\/"},{"@type":"ListItem","position":2,"name":"Joints Moonrocks XL"}]},{"@type":"WebSite","@id":"https:\/\/bcweededible.net\/fr\/#website","url":"https:\/\/bcweededible.net\/fr\/","name":"BC Weed Edible","description":"","publisher":{"@id":"https:\/\/bcweededible.net\/fr\/#organization"},"potentialAction":[{"@type":"SearchAction","target":{"@type":"EntryPoint","urlTemplate":"https:\/\/bcweededible.net\/fr\/?s={search_term_string}"},"query-input":{"@type":"PropertyValueSpecification","valueRequired":true,"valueName":"search_term_string"}}],"inLanguage":"fr-FR"},{"@type":"Organization","@id":"https:\/\/bcweededible.net\/fr\/#organization","name":"BC Weed Edible","url":"https:\/\/bcweededible.net\/fr\/","logo":{"@type":"ImageObject","inLanguage":"fr-FR","@id":"https:\/\/bcweededible.net\/fr\/#\/schema\/logo\/image\/","url":"https:\/\/bcweededible.net\/wp-content\/uploads\/2021\/12\/bc-weed-edible-canada.png","contentUrl":"https:\/\/bcweededible.net\/wp-content\/uploads\/2021\/12\/bc-weed-edible-canada.png","width":270,"height":185,"caption":"BC Weed Edible"},"image":{"@id":"https:\/\/bcweededible.net\/fr\/#\/schema\/logo\/image\/"}}]}},"_links":{"self":[{"href":"https:\/\/bcweededible.net\/fr\/wp-json\/wp\/v2\/product\/66399","targetHints":{"allow":["GET"]}}],"collection":[{"href":"https:\/\/bcweededible.net\/fr\/wp-json\/wp\/v2\/product"}],"about":[{"href":"https:\/\/bcweededible.net\/fr\/wp-json\/wp\/v2\/types\/product"}],"replies":[{"embeddable":true,"href":"https:\/\/bcweededible.net\/fr\/wp-json\/wp\/v2\/comments?post=66399"}],"wp:featuredmedia":[{"embeddable":true,"href":"https:\/\/bcweededible.net\/fr\/wp-json\/wp\/v2\/media\/65243"}],"wp:attachment":[{"href":"https:\/\/bcweededible.net\/fr\/wp-json\/wp\/v2\/media?parent=66399"}],"wp:term":[{"taxonomy":"product_cat","embeddable":true,"href":"https:\/\/bcweededible.net\/fr\/wp-json\/wp\/v2\/product_cat?post=66399"},{"taxonomy":"product_tag","embeddable":true,"href":"https:\/\/bcweededible.net\/fr\/wp-json\/wp\/v2\/product_tag?post=66399"}],"curies":[{"name":"wp","href":"https:\/\/api.w.org\/{rel}","templated":true}]}}