{"id":66397,"date":"2024-01-03T15:06:38","date_gmt":"2024-02-06T18:10:43","guid":{"rendered":"https:\/\/bcweededible.net\/buy\/non%20class\u00e9\/aa-tarte-aux-myrtilles-59oz\/"},"modified":"2024-03-22T13:45:39","modified_gmt":"2024-03-22T20:45:39","slug":"aa-tarte-aux-myrtilles-59oz","status":"publish","type":"product","link":"https:\/\/bcweededible.net\/fr\/buy\/gros\/pot-gros\/aa-tarte-aux-myrtilles-59oz\/","title":{"rendered":"Blueberry Pie AA+ (59oz)"},"content":{"rendered":"","protected":false},"excerpt":{"rendered":"<p>Voici Blueberry Pie, un invit\u00e9 parfaitement \u00e9quilibr\u00e9 qui est \u00e0 <strong>moiti\u00e9 indica, moiti\u00e9 sativa<\/strong>. N\u00e9e du couple l\u00e9gendaire <a href=\"https:\/\/bcweededible.net\/buy\/bulk\/bulk-weed\/girl-scout-cookies\/\">Girl Scout Cookies<\/a> et Blue Dream, cette vari\u00e9t\u00e9 sait comment faire une entr\u00e9e remarqu\u00e9e.<\/p>\n<p class=\"my-0.5\">Cette vari\u00e9t\u00e9 a du punch avec un <strong>taux de THC avoisinant les 19 %<\/strong>. Une seule bouff\u00e9e et vous serez sur un nuage, convaincu que la tarte aux bleuets est votre nouveau meilleur ami pour <strong>seulement 59 $ l&#8217;once !<\/strong><\/p>\n<p><strong>Un prix incroyable pour une qualit\u00e9 AA+ !<\/strong><\/p>\n","protected":false},"featured_media":63816,"comment_status":"open","ping_status":"closed","template":"","meta":[],"product_brand":[],"product_cat":[290,245,558,293,294,470,289,292,452],"product_tag":[],"class_list":{"0":"post-66397","1":"product","2":"type-product","3":"status-publish","4":"has-post-thumbnail","6":"product_cat-aaa","7":"product_cat-fleurs-cannabis","8":"product_cat-gros","9":"product_cat-hybrid-fr","10":"product_cat-indica-fr","11":"product_cat-livre-de-pot","12":"product_cat-99-oz-fr","13":"product_cat-ounces-pas-cher","14":"product_cat-pot-gros","16":"first","17":"outofstock","18":"shipping-taxable","19":"purchasable","20":"product-type-variable","21":"has-default-attributes"},"yoast_head":"\n<title>Acheter Blueberry Pie AA+ (59oz) en Ligne Canada | BC Weed Edible<\/title>\n<meta name=\"robots\" content=\"index, follow, max-snippet:-1, max-image-preview:large, max-video-preview:-1\" \/>\n<link rel=\"canonical\" href=\"https:\/\/bcweededible.net\/fr\/buy\/gros\/pot-gros\/aa-tarte-aux-myrtilles-59oz\/\" \/>\n<meta property=\"og:locale\" content=\"fr_FR\" \/>\n<meta property=\"og:type\" content=\"article\" \/>\n<meta property=\"og:title\" content=\"Acheter Blueberry Pie AA+ (59oz) en Ligne Canada | BC Weed Edible\" \/>\n<meta property=\"og:description\" content=\"Voici Blueberry Pie, un invit\u00e9 parfaitement \u00e9quilibr\u00e9 qui est \u00e0 moiti\u00e9 indica, moiti\u00e9 sativa. N\u00e9e du couple l\u00e9gendaire Girl Scout Cookies et Blue Dream, cette vari\u00e9t\u00e9 sait comment faire une entr\u00e9e remarqu\u00e9e. Cette vari\u00e9t\u00e9 a du punch avec un taux de THC avoisinant les 19 %. Une seule bouff\u00e9e et vous serez sur un nuage, convaincu que la tarte aux bleuets est votre nouveau meilleur ami pour seulement 59 $ l&#039;once ! Un prix incroyable pour une qualit\u00e9 AA+ !\" \/>\n<meta property=\"og:url\" content=\"https:\/\/bcweededible.net\/fr\/buy\/gros\/pot-gros\/aa-tarte-aux-myrtilles-59oz\/\" \/>\n<meta property=\"og:site_name\" content=\"BC Weed Edible\" \/>\n<meta property=\"article:modified_time\" content=\"2024-03-22T20:45:39+00:00\" \/>\n<meta property=\"og:image\" content=\"https:\/\/bcweededible.net\/wp-content\/uploads\/2024\/01\/Blueberry-Pie-Strain-4.jpg\" \/>\n\t<meta property=\"og:image:width\" content=\"1000\" \/>\n\t<meta property=\"og:image:height\" content=\"1000\" \/>\n\t<meta property=\"og:image:type\" content=\"image\/jpeg\" \/>\n<meta name=\"twitter:card\" content=\"summary_large_image\" \/>\n<script type=\"application\/ld+json\" class=\"yoast-schema-graph\">{\"@context\":\"https:\\\/\\\/schema.org\",\"@graph\":[{\"@type\":\"WebPage\",\"@id\":\"https:\\\/\\\/bcweededible.net\\\/fr\\\/buy\\\/gros\\\/pot-gros\\\/aa-tarte-aux-myrtilles-59oz\\\/\",\"url\":\"https:\\\/\\\/bcweededible.net\\\/fr\\\/buy\\\/gros\\\/pot-gros\\\/aa-tarte-aux-myrtilles-59oz\\\/\",\"name\":\"Acheter Blueberry Pie AA+ (59oz) en Ligne Canada | BC Weed Edible\",\"isPartOf\":{\"@id\":\"https:\\\/\\\/bcweededible.net\\\/fr\\\/#website\"},\"primaryImageOfPage\":{\"@id\":\"https:\\\/\\\/bcweededible.net\\\/fr\\\/buy\\\/gros\\\/pot-gros\\\/aa-tarte-aux-myrtilles-59oz\\\/#primaryimage\"},\"image\":{\"@id\":\"https:\\\/\\\/bcweededible.net\\\/fr\\\/buy\\\/gros\\\/pot-gros\\\/aa-tarte-aux-myrtilles-59oz\\\/#primaryimage\"},\"thumbnailUrl\":\"https:\\\/\\\/bcweededible.net\\\/wp-content\\\/uploads\\\/2024\\\/01\\\/Blueberry-Pie-Strain-4.jpg\",\"datePublished\":\"2024-02-06T18:10:43+00:00\",\"dateModified\":\"2024-03-22T20:45:39+00:00\",\"breadcrumb\":{\"@id\":\"https:\\\/\\\/bcweededible.net\\\/fr\\\/buy\\\/gros\\\/pot-gros\\\/aa-tarte-aux-myrtilles-59oz\\\/#breadcrumb\"},\"inLanguage\":\"fr-FR\",\"potentialAction\":[{\"@type\":\"ReadAction\",\"target\":[\"https:\\\/\\\/bcweededible.net\\\/fr\\\/buy\\\/gros\\\/pot-gros\\\/aa-tarte-aux-myrtilles-59oz\\\/\"]}]},{\"@type\":\"ImageObject\",\"inLanguage\":\"fr-FR\",\"@id\":\"https:\\\/\\\/bcweededible.net\\\/fr\\\/buy\\\/gros\\\/pot-gros\\\/aa-tarte-aux-myrtilles-59oz\\\/#primaryimage\",\"url\":\"https:\\\/\\\/bcweededible.net\\\/wp-content\\\/uploads\\\/2024\\\/01\\\/Blueberry-Pie-Strain-4.jpg\",\"contentUrl\":\"https:\\\/\\\/bcweededible.net\\\/wp-content\\\/uploads\\\/2024\\\/01\\\/Blueberry-Pie-Strain-4.jpg\",\"width\":1000,\"height\":1000,\"caption\":\"blueberry pie\"},{\"@type\":\"BreadcrumbList\",\"@id\":\"https:\\\/\\\/bcweededible.net\\\/fr\\\/buy\\\/gros\\\/pot-gros\\\/aa-tarte-aux-myrtilles-59oz\\\/#breadcrumb\",\"itemListElement\":[{\"@type\":\"ListItem\",\"position\":1,\"name\":\"Jujubes au Pot Canada\",\"item\":\"https:\\\/\\\/bcweededible.net\\\/fr\\\/shop\\\/\"},{\"@type\":\"ListItem\",\"position\":2,\"name\":\"Blueberry Pie AA+ (59oz)\"}]},{\"@type\":\"WebSite\",\"@id\":\"https:\\\/\\\/bcweededible.net\\\/fr\\\/#website\",\"url\":\"https:\\\/\\\/bcweededible.net\\\/fr\\\/\",\"name\":\"BC Weed Edible\",\"description\":\"\",\"publisher\":{\"@id\":\"https:\\\/\\\/bcweededible.net\\\/fr\\\/#organization\"},\"potentialAction\":[{\"@type\":\"SearchAction\",\"target\":{\"@type\":\"EntryPoint\",\"urlTemplate\":\"https:\\\/\\\/bcweededible.net\\\/fr\\\/?s={search_term_string}\"},\"query-input\":{\"@type\":\"PropertyValueSpecification\",\"valueRequired\":true,\"valueName\":\"search_term_string\"}}],\"inLanguage\":\"fr-FR\"},{\"@type\":\"Organization\",\"@id\":\"https:\\\/\\\/bcweededible.net\\\/fr\\\/#organization\",\"name\":\"BC Weed Edible\",\"url\":\"https:\\\/\\\/bcweededible.net\\\/fr\\\/\",\"logo\":{\"@type\":\"ImageObject\",\"inLanguage\":\"fr-FR\",\"@id\":\"https:\\\/\\\/bcweededible.net\\\/fr\\\/#\\\/schema\\\/logo\\\/image\\\/\",\"url\":\"https:\\\/\\\/bcweededible.net\\\/wp-content\\\/uploads\\\/2021\\\/12\\\/bc-weed-edible-canada.png\",\"contentUrl\":\"https:\\\/\\\/bcweededible.net\\\/wp-content\\\/uploads\\\/2021\\\/12\\\/bc-weed-edible-canada.png\",\"width\":270,\"height\":185,\"caption\":\"BC Weed Edible\"},\"image\":{\"@id\":\"https:\\\/\\\/bcweededible.net\\\/fr\\\/#\\\/schema\\\/logo\\\/image\\\/\"}}]}<\/script>\n","yoast_head_json":{"title":"Acheter Blueberry Pie AA+ (59oz) en Ligne Canada | BC Weed Edible","robots":{"index":"index","follow":"follow","max-snippet":"max-snippet:-1","max-image-preview":"max-image-preview:large","max-video-preview":"max-video-preview:-1"},"canonical":"https:\/\/bcweededible.net\/fr\/buy\/gros\/pot-gros\/aa-tarte-aux-myrtilles-59oz\/","og_locale":"fr_FR","og_type":"article","og_title":"Acheter Blueberry Pie AA+ (59oz) en Ligne Canada | BC Weed Edible","og_description":"Voici Blueberry Pie, un invit\u00e9 parfaitement \u00e9quilibr\u00e9 qui est \u00e0 moiti\u00e9 indica, moiti\u00e9 sativa. N\u00e9e du couple l\u00e9gendaire Girl Scout Cookies et Blue Dream, cette vari\u00e9t\u00e9 sait comment faire une entr\u00e9e remarqu\u00e9e. Cette vari\u00e9t\u00e9 a du punch avec un taux de THC avoisinant les 19 %. Une seule bouff\u00e9e et vous serez sur un nuage, convaincu que la tarte aux bleuets est votre nouveau meilleur ami pour seulement 59 $ l'once ! Un prix incroyable pour une qualit\u00e9 AA+ !","og_url":"https:\/\/bcweededible.net\/fr\/buy\/gros\/pot-gros\/aa-tarte-aux-myrtilles-59oz\/","og_site_name":"BC Weed Edible","article_modified_time":"2024-03-22T20:45:39+00:00","og_image":[{"width":1000,"height":1000,"url":"https:\/\/bcweededible.net\/wp-content\/uploads\/2024\/01\/Blueberry-Pie-Strain-4.jpg","type":"image\/jpeg"}],"twitter_card":"summary_large_image","schema":{"@context":"https:\/\/schema.org","@graph":[{"@type":"WebPage","@id":"https:\/\/bcweededible.net\/fr\/buy\/gros\/pot-gros\/aa-tarte-aux-myrtilles-59oz\/","url":"https:\/\/bcweededible.net\/fr\/buy\/gros\/pot-gros\/aa-tarte-aux-myrtilles-59oz\/","name":"Acheter Blueberry Pie AA+ (59oz) en Ligne Canada | BC Weed Edible","isPartOf":{"@id":"https:\/\/bcweededible.net\/fr\/#website"},"primaryImageOfPage":{"@id":"https:\/\/bcweededible.net\/fr\/buy\/gros\/pot-gros\/aa-tarte-aux-myrtilles-59oz\/#primaryimage"},"image":{"@id":"https:\/\/bcweededible.net\/fr\/buy\/gros\/pot-gros\/aa-tarte-aux-myrtilles-59oz\/#primaryimage"},"thumbnailUrl":"https:\/\/bcweededible.net\/wp-content\/uploads\/2024\/01\/Blueberry-Pie-Strain-4.jpg","datePublished":"2024-02-06T18:10:43+00:00","dateModified":"2024-03-22T20:45:39+00:00","breadcrumb":{"@id":"https:\/\/bcweededible.net\/fr\/buy\/gros\/pot-gros\/aa-tarte-aux-myrtilles-59oz\/#breadcrumb"},"inLanguage":"fr-FR","potentialAction":[{"@type":"ReadAction","target":["https:\/\/bcweededible.net\/fr\/buy\/gros\/pot-gros\/aa-tarte-aux-myrtilles-59oz\/"]}]},{"@type":"ImageObject","inLanguage":"fr-FR","@id":"https:\/\/bcweededible.net\/fr\/buy\/gros\/pot-gros\/aa-tarte-aux-myrtilles-59oz\/#primaryimage","url":"https:\/\/bcweededible.net\/wp-content\/uploads\/2024\/01\/Blueberry-Pie-Strain-4.jpg","contentUrl":"https:\/\/bcweededible.net\/wp-content\/uploads\/2024\/01\/Blueberry-Pie-Strain-4.jpg","width":1000,"height":1000,"caption":"blueberry pie"},{"@type":"BreadcrumbList","@id":"https:\/\/bcweededible.net\/fr\/buy\/gros\/pot-gros\/aa-tarte-aux-myrtilles-59oz\/#breadcrumb","itemListElement":[{"@type":"ListItem","position":1,"name":"Jujubes au Pot Canada","item":"https:\/\/bcweededible.net\/fr\/shop\/"},{"@type":"ListItem","position":2,"name":"Blueberry Pie AA+ (59oz)"}]},{"@type":"WebSite","@id":"https:\/\/bcweededible.net\/fr\/#website","url":"https:\/\/bcweededible.net\/fr\/","name":"BC Weed Edible","description":"","publisher":{"@id":"https:\/\/bcweededible.net\/fr\/#organization"},"potentialAction":[{"@type":"SearchAction","target":{"@type":"EntryPoint","urlTemplate":"https:\/\/bcweededible.net\/fr\/?s={search_term_string}"},"query-input":{"@type":"PropertyValueSpecification","valueRequired":true,"valueName":"search_term_string"}}],"inLanguage":"fr-FR"},{"@type":"Organization","@id":"https:\/\/bcweededible.net\/fr\/#organization","name":"BC Weed Edible","url":"https:\/\/bcweededible.net\/fr\/","logo":{"@type":"ImageObject","inLanguage":"fr-FR","@id":"https:\/\/bcweededible.net\/fr\/#\/schema\/logo\/image\/","url":"https:\/\/bcweededible.net\/wp-content\/uploads\/2021\/12\/bc-weed-edible-canada.png","contentUrl":"https:\/\/bcweededible.net\/wp-content\/uploads\/2021\/12\/bc-weed-edible-canada.png","width":270,"height":185,"caption":"BC Weed Edible"},"image":{"@id":"https:\/\/bcweededible.net\/fr\/#\/schema\/logo\/image\/"}}]}},"_links":{"self":[{"href":"https:\/\/bcweededible.net\/fr\/wp-json\/wp\/v2\/product\/66397","targetHints":{"allow":["GET"]}}],"collection":[{"href":"https:\/\/bcweededible.net\/fr\/wp-json\/wp\/v2\/product"}],"about":[{"href":"https:\/\/bcweededible.net\/fr\/wp-json\/wp\/v2\/types\/product"}],"replies":[{"embeddable":true,"href":"https:\/\/bcweededible.net\/fr\/wp-json\/wp\/v2\/comments?post=66397"}],"wp:featuredmedia":[{"embeddable":true,"href":"https:\/\/bcweededible.net\/fr\/wp-json\/wp\/v2\/media\/63816"}],"wp:attachment":[{"href":"https:\/\/bcweededible.net\/fr\/wp-json\/wp\/v2\/media?parent=66397"}],"wp:term":[{"taxonomy":"product_brand","embeddable":true,"href":"https:\/\/bcweededible.net\/fr\/wp-json\/wp\/v2\/product_brand?post=66397"},{"taxonomy":"product_cat","embeddable":true,"href":"https:\/\/bcweededible.net\/fr\/wp-json\/wp\/v2\/product_cat?post=66397"},{"taxonomy":"product_tag","embeddable":true,"href":"https:\/\/bcweededible.net\/fr\/wp-json\/wp\/v2\/product_tag?post=66397"}],"curies":[{"name":"wp","href":"https:\/\/api.w.org\/{rel}","templated":true}]}}