{"id":49354,"date":"2023-11-09T11:27:03","date_gmt":"2023-11-09T19:40:46","guid":{"rendered":"https:\/\/bcweededible.net\/buy\/non%20class\u00e9\/choix-du-president-hash\/"},"modified":"2026-03-27T09:01:25","modified_gmt":"2026-03-27T16:01:25","slug":"choix-du-president-hash","status":"publish","type":"product","link":"https:\/\/bcweededible.net\/fr\/buy\/concentres\/hasch\/bc-hash-fr\/choix-du-president-hash\/","title":{"rendered":"Choix du Pr\u00e9sident Hash"},"content":{"rendered":"","protected":false},"excerpt":{"rendered":"<p>Nous vous pr\u00e9sentons notre <strong>Choix du pr\u00e9sident Hash<\/strong>, un hash afghan de grande valeur fabriqu\u00e9 avec soin dans la belle province de la Colombie-Britannique, au Canada. Ce <a href=\"https:\/\/bcweededible.net\/shop\/concentrates\/\">concentr\u00e9 de cannabis<\/a> exceptionnel transportera les connaisseurs de haschisch de la vieille \u00e9cole dans un voyage nostalgique vers le pass\u00e9, tout en offrant aux nouveaux venus un <strong>go\u00fbt authentique de l&#8217;h\u00e9ritage du haschisch<\/strong>. Ce hash est dot\u00e9 d&#8217;un <strong>ar\u00f4me \u00e9pic\u00e9<\/strong> qui saura vous s\u00e9duire. La texture est<strong> souple et facile \u00e0 travailler<\/strong>, ce qui garantit un processus de pr\u00e9paration sans probl\u00e8me pour votre plaisir de fumer.<\/p>\n<h2>Informations sur le hash<\/h2>\n<table>\n<tbody>\n<tr>\n<td class=\"has-text-align-center\" style=\"text-align: left;\" data-align=\"center\">Ph\u00e9notype<\/td>\n<td class=\"has-text-align-center\" style=\"text-align: left;\" data-align=\"center\">Hybride<\/td>\n<\/tr>\n<tr>\n<td class=\"has-text-align-center\" data-align=\"center\">Teneur en THC<\/td>\n<td class=\"has-text-align-center\" data-align=\"center\">30-40%+<\/td>\n<\/tr>\n<tr>\n<td class=\"has-text-align-center\" data-align=\"center\">Coh\u00e9rence<\/td>\n<td class=\"has-text-align-center\" data-align=\"center\">Souple et flexible<\/td>\n<\/tr>\n<tr>\n<td class=\"has-text-align-center\" style=\"text-align: left;\" data-align=\"center\">Grade<\/td>\n<td class=\"has-text-align-center\" style=\"text-align: left;\" data-align=\"center\">AAA<\/td>\n<\/tr>\n<tr>\n<td class=\"has-text-align-center\" style=\"text-align: left;\" data-align=\"center\">Couleur<\/td>\n<td class=\"has-text-align-center\" style=\"text-align: left;\" data-align=\"center\">\u00a0Brun fonc\u00e9, fonc\u00e9<\/td>\n<\/tr>\n<tr>\n<td class=\"has-text-align-center\" style=\"text-align: left;\" data-align=\"center\">Effets<\/td>\n<td class=\"has-text-align-center\" style=\"text-align: left;\" data-align=\"center\">Heureux, d\u00e9tendu<\/td>\n<\/tr>\n<tr>\n<td class=\"has-text-align-center\" style=\"text-align: left;\" data-align=\"center\">Saveur<\/td>\n<td class=\"has-text-align-center\" style=\"text-align: left;\" data-align=\"center\">\u00c9pic\u00e9, piquant, poivr\u00e9<\/td>\n<\/tr>\n<\/tbody>\n<\/table>\n","protected":false},"featured_media":33846,"comment_status":"open","ping_status":"closed","template":"","meta":{"wprm-recipe-roundup-name":"","wprm-recipe-roundup-description":""},"product_cat":[659,660,661,628,305],"product_tag":[],"class_list":{"0":"post-49354","1":"product","2":"type-product","3":"status-publish","4":"has-post-thumbnail","6":"product_cat-bc-hash-fr","7":"product_cat-bulk-hash-fr","8":"product_cat-haschisch-bon-marche","9":"product_cat-hasch","10":"product_cat-concentres","12":"first","13":"instock","14":"sale","15":"shipping-taxable","16":"purchasable","17":"product-type-variable","18":"has-default-attributes"},"yoast_head":"\n<title>Acheter Choix du Pr\u00e9sident Hash \u00e0 partir de $3\/gramme | Acheter du haschisch en vrac et bon march\u00e9 en ligne | BC Weed Edible.<\/title>\n<meta name=\"robots\" content=\"index, follow, max-snippet:-1, max-image-preview:large, max-video-preview:-1\" \/>\n<link rel=\"canonical\" href=\"https:\/\/bcweededible.net\/fr\/buy\/concentres\/hasch\/bc-hash-fr\/choix-du-president-hash\/\" \/>\n<meta property=\"og:locale\" content=\"fr_FR\" \/>\n<meta property=\"og:type\" content=\"article\" \/>\n<meta property=\"og:title\" content=\"Acheter Choix du Pr\u00e9sident Hash \u00e0 partir de $3\/gramme | Acheter du haschisch en vrac et bon march\u00e9 en ligne | BC Weed Edible.\" \/>\n<meta property=\"og:description\" content=\"Nous vous pr\u00e9sentons notre Choix du pr\u00e9sident Hash, un hash afghan de grande valeur fabriqu\u00e9 avec soin dans la belle province de la Colombie-Britannique, au Canada. Ce concentr\u00e9 de cannabis exceptionnel transportera les connaisseurs de haschisch de la vieille \u00e9cole dans un voyage nostalgique vers le pass\u00e9, tout en offrant aux nouveaux venus un go\u00fbt authentique de l&#039;h\u00e9ritage du haschisch. Ce hash est dot\u00e9 d&#039;un ar\u00f4me \u00e9pic\u00e9 qui saura vous s\u00e9duire. La texture est souple et facile \u00e0 travailler, ce qui garantit un processus de pr\u00e9paration sans probl\u00e8me pour votre plaisir de fumer. Informations sur le hash Ph\u00e9notype Hybride Teneur en THC 30-40%+ Coh\u00e9rence Souple et flexible Grade AAA Couleur \u00a0Brun fonc\u00e9, fonc\u00e9 Effets Heureux, d\u00e9tendu Saveur \u00c9pic\u00e9, piquant, poivr\u00e9\" \/>\n<meta property=\"og:url\" content=\"https:\/\/bcweededible.net\/fr\/buy\/concentres\/hasch\/bc-hash-fr\/choix-du-president-hash\/\" \/>\n<meta property=\"og:site_name\" content=\"BC Weed Edible\" \/>\n<meta property=\"article:modified_time\" content=\"2026-03-27T16:01:25+00:00\" \/>\n<meta property=\"og:image\" content=\"https:\/\/bcweededible.net\/wp-content\/uploads\/2023\/05\/Mercedes-Hash-concentrate.jpg\" \/>\n\t<meta property=\"og:image:width\" content=\"1357\" \/>\n\t<meta property=\"og:image:height\" content=\"1357\" \/>\n\t<meta property=\"og:image:type\" content=\"image\/jpeg\" \/>\n<meta name=\"twitter:card\" content=\"summary_large_image\" \/>\n<script type=\"application\/ld+json\" class=\"yoast-schema-graph\">{\"@context\":\"https:\/\/schema.org\",\"@graph\":[{\"@type\":\"WebPage\",\"@id\":\"https:\/\/bcweededible.net\/fr\/buy\/concentres\/hasch\/bc-hash-fr\/choix-du-president-hash\/\",\"url\":\"https:\/\/bcweededible.net\/fr\/buy\/concentres\/hasch\/bc-hash-fr\/choix-du-president-hash\/\",\"name\":\"Acheter Choix du Pr\u00e9sident Hash \u00e0 partir de $3\/gramme | Acheter du haschisch en vrac et bon march\u00e9 en ligne | BC Weed Edible.\",\"isPartOf\":{\"@id\":\"https:\/\/bcweededible.net\/fr\/#website\"},\"primaryImageOfPage\":{\"@id\":\"https:\/\/bcweededible.net\/fr\/buy\/concentres\/hasch\/bc-hash-fr\/choix-du-president-hash\/#primaryimage\"},\"image\":{\"@id\":\"https:\/\/bcweededible.net\/fr\/buy\/concentres\/hasch\/bc-hash-fr\/choix-du-president-hash\/#primaryimage\"},\"thumbnailUrl\":\"https:\/\/bcweededible.net\/wp-content\/uploads\/2023\/05\/Mercedes-Hash-concentrate.jpg\",\"datePublished\":\"2023-11-09T19:40:46+00:00\",\"dateModified\":\"2026-03-27T16:01:25+00:00\",\"breadcrumb\":{\"@id\":\"https:\/\/bcweededible.net\/fr\/buy\/concentres\/hasch\/bc-hash-fr\/choix-du-president-hash\/#breadcrumb\"},\"inLanguage\":\"fr-FR\",\"potentialAction\":[{\"@type\":\"ReadAction\",\"target\":[\"https:\/\/bcweededible.net\/fr\/buy\/concentres\/hasch\/bc-hash-fr\/choix-du-president-hash\/\"]}]},{\"@type\":\"ImageObject\",\"inLanguage\":\"fr-FR\",\"@id\":\"https:\/\/bcweededible.net\/fr\/buy\/concentres\/hasch\/bc-hash-fr\/choix-du-president-hash\/#primaryimage\",\"url\":\"https:\/\/bcweededible.net\/wp-content\/uploads\/2023\/05\/Mercedes-Hash-concentrate.jpg\",\"contentUrl\":\"https:\/\/bcweededible.net\/wp-content\/uploads\/2023\/05\/Mercedes-Hash-concentrate.jpg\",\"width\":1357,\"height\":1357,\"caption\":\"mercedes hash open\"},{\"@type\":\"BreadcrumbList\",\"@id\":\"https:\/\/bcweededible.net\/fr\/buy\/concentres\/hasch\/bc-hash-fr\/choix-du-president-hash\/#breadcrumb\",\"itemListElement\":[{\"@type\":\"ListItem\",\"position\":1,\"name\":\"Jujubes au Pot Canada\",\"item\":\"https:\/\/bcweededible.net\/fr\/shop\/\"},{\"@type\":\"ListItem\",\"position\":2,\"name\":\"Choix du Pr\u00e9sident Hash\"}]},{\"@type\":\"WebSite\",\"@id\":\"https:\/\/bcweededible.net\/fr\/#website\",\"url\":\"https:\/\/bcweededible.net\/fr\/\",\"name\":\"BC Weed Edible\",\"description\":\"\",\"publisher\":{\"@id\":\"https:\/\/bcweededible.net\/fr\/#organization\"},\"potentialAction\":[{\"@type\":\"SearchAction\",\"target\":{\"@type\":\"EntryPoint\",\"urlTemplate\":\"https:\/\/bcweededible.net\/fr\/?s={search_term_string}\"},\"query-input\":{\"@type\":\"PropertyValueSpecification\",\"valueRequired\":true,\"valueName\":\"search_term_string\"}}],\"inLanguage\":\"fr-FR\"},{\"@type\":\"Organization\",\"@id\":\"https:\/\/bcweededible.net\/fr\/#organization\",\"name\":\"BC Weed Edible\",\"url\":\"https:\/\/bcweededible.net\/fr\/\",\"logo\":{\"@type\":\"ImageObject\",\"inLanguage\":\"fr-FR\",\"@id\":\"https:\/\/bcweededible.net\/fr\/#\/schema\/logo\/image\/\",\"url\":\"https:\/\/bcweededible.net\/wp-content\/uploads\/2021\/12\/bc-weed-edible-canada.png\",\"contentUrl\":\"https:\/\/bcweededible.net\/wp-content\/uploads\/2021\/12\/bc-weed-edible-canada.png\",\"width\":270,\"height\":185,\"caption\":\"BC Weed Edible\"},\"image\":{\"@id\":\"https:\/\/bcweededible.net\/fr\/#\/schema\/logo\/image\/\"}}]}<\/script>\n","yoast_head_json":{"title":"Acheter Choix du Pr\u00e9sident Hash \u00e0 partir de $3\/gramme | Acheter du haschisch en vrac et bon march\u00e9 en ligne | BC Weed Edible.","robots":{"index":"index","follow":"follow","max-snippet":"max-snippet:-1","max-image-preview":"max-image-preview:large","max-video-preview":"max-video-preview:-1"},"canonical":"https:\/\/bcweededible.net\/fr\/buy\/concentres\/hasch\/bc-hash-fr\/choix-du-president-hash\/","og_locale":"fr_FR","og_type":"article","og_title":"Acheter Choix du Pr\u00e9sident Hash \u00e0 partir de $3\/gramme | Acheter du haschisch en vrac et bon march\u00e9 en ligne | BC Weed Edible.","og_description":"Nous vous pr\u00e9sentons notre Choix du pr\u00e9sident Hash, un hash afghan de grande valeur fabriqu\u00e9 avec soin dans la belle province de la Colombie-Britannique, au Canada. Ce concentr\u00e9 de cannabis exceptionnel transportera les connaisseurs de haschisch de la vieille \u00e9cole dans un voyage nostalgique vers le pass\u00e9, tout en offrant aux nouveaux venus un go\u00fbt authentique de l'h\u00e9ritage du haschisch. Ce hash est dot\u00e9 d'un ar\u00f4me \u00e9pic\u00e9 qui saura vous s\u00e9duire. La texture est souple et facile \u00e0 travailler, ce qui garantit un processus de pr\u00e9paration sans probl\u00e8me pour votre plaisir de fumer. Informations sur le hash Ph\u00e9notype Hybride Teneur en THC 30-40%+ Coh\u00e9rence Souple et flexible Grade AAA Couleur \u00a0Brun fonc\u00e9, fonc\u00e9 Effets Heureux, d\u00e9tendu Saveur \u00c9pic\u00e9, piquant, poivr\u00e9","og_url":"https:\/\/bcweededible.net\/fr\/buy\/concentres\/hasch\/bc-hash-fr\/choix-du-president-hash\/","og_site_name":"BC Weed Edible","article_modified_time":"2026-03-27T16:01:25+00:00","og_image":[{"width":1357,"height":1357,"url":"https:\/\/bcweededible.net\/wp-content\/uploads\/2023\/05\/Mercedes-Hash-concentrate.jpg","type":"image\/jpeg"}],"twitter_card":"summary_large_image","schema":{"@context":"https:\/\/schema.org","@graph":[{"@type":"WebPage","@id":"https:\/\/bcweededible.net\/fr\/buy\/concentres\/hasch\/bc-hash-fr\/choix-du-president-hash\/","url":"https:\/\/bcweededible.net\/fr\/buy\/concentres\/hasch\/bc-hash-fr\/choix-du-president-hash\/","name":"Acheter Choix du Pr\u00e9sident Hash \u00e0 partir de $3\/gramme | Acheter du haschisch en vrac et bon march\u00e9 en ligne | BC Weed Edible.","isPartOf":{"@id":"https:\/\/bcweededible.net\/fr\/#website"},"primaryImageOfPage":{"@id":"https:\/\/bcweededible.net\/fr\/buy\/concentres\/hasch\/bc-hash-fr\/choix-du-president-hash\/#primaryimage"},"image":{"@id":"https:\/\/bcweededible.net\/fr\/buy\/concentres\/hasch\/bc-hash-fr\/choix-du-president-hash\/#primaryimage"},"thumbnailUrl":"https:\/\/bcweededible.net\/wp-content\/uploads\/2023\/05\/Mercedes-Hash-concentrate.jpg","datePublished":"2023-11-09T19:40:46+00:00","dateModified":"2026-03-27T16:01:25+00:00","breadcrumb":{"@id":"https:\/\/bcweededible.net\/fr\/buy\/concentres\/hasch\/bc-hash-fr\/choix-du-president-hash\/#breadcrumb"},"inLanguage":"fr-FR","potentialAction":[{"@type":"ReadAction","target":["https:\/\/bcweededible.net\/fr\/buy\/concentres\/hasch\/bc-hash-fr\/choix-du-president-hash\/"]}]},{"@type":"ImageObject","inLanguage":"fr-FR","@id":"https:\/\/bcweededible.net\/fr\/buy\/concentres\/hasch\/bc-hash-fr\/choix-du-president-hash\/#primaryimage","url":"https:\/\/bcweededible.net\/wp-content\/uploads\/2023\/05\/Mercedes-Hash-concentrate.jpg","contentUrl":"https:\/\/bcweededible.net\/wp-content\/uploads\/2023\/05\/Mercedes-Hash-concentrate.jpg","width":1357,"height":1357,"caption":"mercedes hash open"},{"@type":"BreadcrumbList","@id":"https:\/\/bcweededible.net\/fr\/buy\/concentres\/hasch\/bc-hash-fr\/choix-du-president-hash\/#breadcrumb","itemListElement":[{"@type":"ListItem","position":1,"name":"Jujubes au Pot Canada","item":"https:\/\/bcweededible.net\/fr\/shop\/"},{"@type":"ListItem","position":2,"name":"Choix du Pr\u00e9sident Hash"}]},{"@type":"WebSite","@id":"https:\/\/bcweededible.net\/fr\/#website","url":"https:\/\/bcweededible.net\/fr\/","name":"BC Weed Edible","description":"","publisher":{"@id":"https:\/\/bcweededible.net\/fr\/#organization"},"potentialAction":[{"@type":"SearchAction","target":{"@type":"EntryPoint","urlTemplate":"https:\/\/bcweededible.net\/fr\/?s={search_term_string}"},"query-input":{"@type":"PropertyValueSpecification","valueRequired":true,"valueName":"search_term_string"}}],"inLanguage":"fr-FR"},{"@type":"Organization","@id":"https:\/\/bcweededible.net\/fr\/#organization","name":"BC Weed Edible","url":"https:\/\/bcweededible.net\/fr\/","logo":{"@type":"ImageObject","inLanguage":"fr-FR","@id":"https:\/\/bcweededible.net\/fr\/#\/schema\/logo\/image\/","url":"https:\/\/bcweededible.net\/wp-content\/uploads\/2021\/12\/bc-weed-edible-canada.png","contentUrl":"https:\/\/bcweededible.net\/wp-content\/uploads\/2021\/12\/bc-weed-edible-canada.png","width":270,"height":185,"caption":"BC Weed Edible"},"image":{"@id":"https:\/\/bcweededible.net\/fr\/#\/schema\/logo\/image\/"}}]}},"_links":{"self":[{"href":"https:\/\/bcweededible.net\/fr\/wp-json\/wp\/v2\/product\/49354","targetHints":{"allow":["GET"]}}],"collection":[{"href":"https:\/\/bcweededible.net\/fr\/wp-json\/wp\/v2\/product"}],"about":[{"href":"https:\/\/bcweededible.net\/fr\/wp-json\/wp\/v2\/types\/product"}],"replies":[{"embeddable":true,"href":"https:\/\/bcweededible.net\/fr\/wp-json\/wp\/v2\/comments?post=49354"}],"wp:featuredmedia":[{"embeddable":true,"href":"https:\/\/bcweededible.net\/fr\/wp-json\/wp\/v2\/media\/33846"}],"wp:attachment":[{"href":"https:\/\/bcweededible.net\/fr\/wp-json\/wp\/v2\/media?parent=49354"}],"wp:term":[{"taxonomy":"product_cat","embeddable":true,"href":"https:\/\/bcweededible.net\/fr\/wp-json\/wp\/v2\/product_cat?post=49354"},{"taxonomy":"product_tag","embeddable":true,"href":"https:\/\/bcweededible.net\/fr\/wp-json\/wp\/v2\/product_tag?post=49354"}],"curies":[{"name":"wp","href":"https:\/\/api.w.org\/{rel}","templated":true}]}}