{"id":49142,"date":"2023-10-26T11:05:59","date_gmt":"2023-11-07T19:33:30","guid":{"rendered":"https:\/\/bcweededible.net\/buy\/non%20class\u00e9\/live-resin\/"},"modified":"2024-08-05T17:41:15","modified_gmt":"2024-08-06T00:41:15","slug":"live-resin","status":"publish","type":"product","link":"https:\/\/bcweededible.net\/fr\/buy\/concentres\/hasch\/live-resin\/","title":{"rendered":"Live Resin"},"content":{"rendered":"","protected":false},"excerpt":{"rendered":"<p>Vous souhaitez d\u00e9couvrir la <strong>live resin(<\/strong>r\u00e9sine vivante) avec un budget limit\u00e9 ? Notre r\u00e9sine de hash est produite lors de la fabrication du fameux <a href=\"https:\/\/bcweededible.net\/fr\/buy\/concentres\/hasch\/bc-hash-fr\/hash-blond-marocain\/\">hash marocain<\/a>. En pressant et en chauffant des blocs de kief, un <strong>m\u00e9lange d&#8217;huile de hash et de hash fondu<\/strong> s&#8217;\u00e9coule lentement. C&#8217;est ce m\u00e9lange que nous rassemblons dans des pots de 2 grammes. La teneur en THC est \u00e9lev\u00e9e, et il faut s&#8217;attendre \u00e0 ce que le produit soit <strong>tr\u00e8s collant, presque liquide<\/strong> lorsque la temp\u00e9rature augmente.<\/p>\n<p>40$ <strong>pour 2 grammes de cette r\u00e9sine, c&#8217;est un vol!<\/strong><\/p>\n<h3>INFORMATIONS SUR LA LIVE RESIN<\/h3>\n<table>\n<tbody>\n<tr>\n<td class=\"has-text-align-center\" data-align=\"center\"><strong>Ph\u00e9notype<\/strong><\/td>\n<td class=\"has-text-align-center\" data-align=\"center\">Hybride<\/td>\n<\/tr>\n<tr>\n<td class=\"has-text-align-center\" data-align=\"center\"><strong>Teneur en THC<\/strong><\/td>\n<td class=\"has-text-align-center\" data-align=\"center\">40%+<\/td>\n<\/tr>\n<tr>\n<td class=\"has-text-align-center\" data-align=\"center\"><strong>Consistance<\/strong><\/td>\n<td class=\"has-text-align-center\" data-align=\"center\">Grasse et collante<\/td>\n<\/tr>\n<tr>\n<td class=\"has-text-align-center\" data-align=\"center\"><strong>Grade<\/strong><\/td>\n<td class=\"has-text-align-center\" data-align=\"center\">AAA+<\/td>\n<\/tr>\n<tr>\n<td class=\"has-text-align-center\" data-align=\"center\"><strong>Couleur<\/strong><\/td>\n<td class=\"has-text-align-center\" data-align=\"center\">Brun fonc\u00e9<\/td>\n<\/tr>\n<tr>\n<td class=\"has-text-align-center\" data-align=\"center\"><strong>Effets<\/strong><\/td>\n<td class=\"has-text-align-center\" data-align=\"center\">Un peu plus c\u00e9r\u00e9bral<\/td>\n<\/tr>\n<tr>\n<td class=\"has-text-align-center\" data-align=\"center\"><strong>Profil des terp\u00e8nes<\/strong><\/td>\n<td class=\"has-text-align-center\" data-align=\"center\">\u00c9pic\u00e9 \u00e0 tr\u00e8s \u00e9pic\u00e9, odeur rafra\u00eechissante<\/td>\n<\/tr>\n<\/tbody>\n<\/table>\n","protected":false},"featured_media":48102,"comment_status":"closed","ping_status":"closed","template":"","meta":[],"product_brand":[],"product_cat":[628,305],"product_tag":[],"class_list":{"0":"post-49142","1":"product","2":"type-product","3":"status-publish","4":"has-post-thumbnail","6":"product_cat-hasch","7":"product_cat-concentres","9":"first","10":"outofstock","11":"sale","12":"shipping-taxable","13":"product-type-variable","14":"has-default-attributes"},"yoast_head":"\n<title>Acheter Live Resin en Ligne Canada | BC Weed Edible<\/title>\n<meta name=\"robots\" content=\"index, follow, max-snippet:-1, max-image-preview:large, max-video-preview:-1\" \/>\n<link rel=\"canonical\" href=\"https:\/\/bcweededible.net\/fr\/buy\/concentres\/hasch\/live-resin\/\" \/>\n<meta property=\"og:locale\" content=\"fr_FR\" \/>\n<meta property=\"og:type\" content=\"article\" \/>\n<meta property=\"og:title\" content=\"Acheter Live Resin en Ligne Canada | BC Weed Edible\" \/>\n<meta property=\"og:description\" content=\"Vous souhaitez d\u00e9couvrir la live resin(r\u00e9sine vivante) avec un budget limit\u00e9 ? Notre r\u00e9sine de hash est produite lors de la fabrication du fameux hash marocain. En pressant et en chauffant des blocs de kief, un m\u00e9lange d&#039;huile de hash et de hash fondu s&#039;\u00e9coule lentement. C&#039;est ce m\u00e9lange que nous rassemblons dans des pots de 2 grammes. La teneur en THC est \u00e9lev\u00e9e, et il faut s&#039;attendre \u00e0 ce que le produit soit tr\u00e8s collant, presque liquide lorsque la temp\u00e9rature augmente. 40$ pour 2 grammes de cette r\u00e9sine, c&#039;est un vol! INFORMATIONS SUR LA LIVE RESIN Ph\u00e9notype Hybride Teneur en THC 40%+ Consistance Grasse et collante Grade AAA+ Couleur Brun fonc\u00e9 Effets Un peu plus c\u00e9r\u00e9bral Profil des terp\u00e8nes \u00c9pic\u00e9 \u00e0 tr\u00e8s \u00e9pic\u00e9, odeur rafra\u00eechissante\" \/>\n<meta property=\"og:url\" content=\"https:\/\/bcweededible.net\/fr\/buy\/concentres\/hasch\/live-resin\/\" \/>\n<meta property=\"og:site_name\" content=\"BC Weed Edible\" \/>\n<meta property=\"article:modified_time\" content=\"2024-08-06T00:41:15+00:00\" \/>\n<meta property=\"og:image\" content=\"https:\/\/bcweededible.net\/wp-content\/uploads\/2023\/10\/hash-rosin-dark.jpg\" \/>\n\t<meta property=\"og:image:width\" content=\"1080\" \/>\n\t<meta property=\"og:image:height\" content=\"1080\" \/>\n\t<meta property=\"og:image:type\" content=\"image\/jpeg\" \/>\n<meta name=\"twitter:card\" content=\"summary_large_image\" \/>\n<script type=\"application\/ld+json\" class=\"yoast-schema-graph\">{\"@context\":\"https:\\\/\\\/schema.org\",\"@graph\":[{\"@type\":\"WebPage\",\"@id\":\"https:\\\/\\\/bcweededible.net\\\/fr\\\/buy\\\/concentres\\\/hasch\\\/live-resin\\\/\",\"url\":\"https:\\\/\\\/bcweededible.net\\\/fr\\\/buy\\\/concentres\\\/hasch\\\/live-resin\\\/\",\"name\":\"Acheter Live Resin en Ligne Canada | BC Weed Edible\",\"isPartOf\":{\"@id\":\"https:\\\/\\\/bcweededible.net\\\/fr\\\/#website\"},\"primaryImageOfPage\":{\"@id\":\"https:\\\/\\\/bcweededible.net\\\/fr\\\/buy\\\/concentres\\\/hasch\\\/live-resin\\\/#primaryimage\"},\"image\":{\"@id\":\"https:\\\/\\\/bcweededible.net\\\/fr\\\/buy\\\/concentres\\\/hasch\\\/live-resin\\\/#primaryimage\"},\"thumbnailUrl\":\"https:\\\/\\\/bcweededible.net\\\/wp-content\\\/uploads\\\/2023\\\/10\\\/hash-rosin-dark.jpg\",\"datePublished\":\"2023-11-07T19:33:30+00:00\",\"dateModified\":\"2024-08-06T00:41:15+00:00\",\"breadcrumb\":{\"@id\":\"https:\\\/\\\/bcweededible.net\\\/fr\\\/buy\\\/concentres\\\/hasch\\\/live-resin\\\/#breadcrumb\"},\"inLanguage\":\"fr-FR\",\"potentialAction\":[{\"@type\":\"ReadAction\",\"target\":[\"https:\\\/\\\/bcweededible.net\\\/fr\\\/buy\\\/concentres\\\/hasch\\\/live-resin\\\/\"]}]},{\"@type\":\"ImageObject\",\"inLanguage\":\"fr-FR\",\"@id\":\"https:\\\/\\\/bcweededible.net\\\/fr\\\/buy\\\/concentres\\\/hasch\\\/live-resin\\\/#primaryimage\",\"url\":\"https:\\\/\\\/bcweededible.net\\\/wp-content\\\/uploads\\\/2023\\\/10\\\/hash-rosin-dark.jpg\",\"contentUrl\":\"https:\\\/\\\/bcweededible.net\\\/wp-content\\\/uploads\\\/2023\\\/10\\\/hash-rosin-dark.jpg\",\"width\":1080,\"height\":1080,\"caption\":\"live hash resin\"},{\"@type\":\"BreadcrumbList\",\"@id\":\"https:\\\/\\\/bcweededible.net\\\/fr\\\/buy\\\/concentres\\\/hasch\\\/live-resin\\\/#breadcrumb\",\"itemListElement\":[{\"@type\":\"ListItem\",\"position\":1,\"name\":\"Jujubes au Pot Canada\",\"item\":\"https:\\\/\\\/bcweededible.net\\\/fr\\\/shop\\\/\"},{\"@type\":\"ListItem\",\"position\":2,\"name\":\"Live Resin\"}]},{\"@type\":\"WebSite\",\"@id\":\"https:\\\/\\\/bcweededible.net\\\/fr\\\/#website\",\"url\":\"https:\\\/\\\/bcweededible.net\\\/fr\\\/\",\"name\":\"BC Weed Edible\",\"description\":\"\",\"publisher\":{\"@id\":\"https:\\\/\\\/bcweededible.net\\\/fr\\\/#organization\"},\"potentialAction\":[{\"@type\":\"SearchAction\",\"target\":{\"@type\":\"EntryPoint\",\"urlTemplate\":\"https:\\\/\\\/bcweededible.net\\\/fr\\\/?s={search_term_string}\"},\"query-input\":{\"@type\":\"PropertyValueSpecification\",\"valueRequired\":true,\"valueName\":\"search_term_string\"}}],\"inLanguage\":\"fr-FR\"},{\"@type\":\"Organization\",\"@id\":\"https:\\\/\\\/bcweededible.net\\\/fr\\\/#organization\",\"name\":\"BC Weed Edible\",\"url\":\"https:\\\/\\\/bcweededible.net\\\/fr\\\/\",\"logo\":{\"@type\":\"ImageObject\",\"inLanguage\":\"fr-FR\",\"@id\":\"https:\\\/\\\/bcweededible.net\\\/fr\\\/#\\\/schema\\\/logo\\\/image\\\/\",\"url\":\"https:\\\/\\\/bcweededible.net\\\/wp-content\\\/uploads\\\/2021\\\/12\\\/bc-weed-edible-canada.png\",\"contentUrl\":\"https:\\\/\\\/bcweededible.net\\\/wp-content\\\/uploads\\\/2021\\\/12\\\/bc-weed-edible-canada.png\",\"width\":270,\"height\":185,\"caption\":\"BC Weed Edible\"},\"image\":{\"@id\":\"https:\\\/\\\/bcweededible.net\\\/fr\\\/#\\\/schema\\\/logo\\\/image\\\/\"}}]}<\/script>\n","yoast_head_json":{"title":"Acheter Live Resin en Ligne Canada | BC Weed Edible","robots":{"index":"index","follow":"follow","max-snippet":"max-snippet:-1","max-image-preview":"max-image-preview:large","max-video-preview":"max-video-preview:-1"},"canonical":"https:\/\/bcweededible.net\/fr\/buy\/concentres\/hasch\/live-resin\/","og_locale":"fr_FR","og_type":"article","og_title":"Acheter Live Resin en Ligne Canada | BC Weed Edible","og_description":"Vous souhaitez d\u00e9couvrir la live resin(r\u00e9sine vivante) avec un budget limit\u00e9 ? Notre r\u00e9sine de hash est produite lors de la fabrication du fameux hash marocain. En pressant et en chauffant des blocs de kief, un m\u00e9lange d'huile de hash et de hash fondu s'\u00e9coule lentement. C'est ce m\u00e9lange que nous rassemblons dans des pots de 2 grammes. La teneur en THC est \u00e9lev\u00e9e, et il faut s'attendre \u00e0 ce que le produit soit tr\u00e8s collant, presque liquide lorsque la temp\u00e9rature augmente. 40$ pour 2 grammes de cette r\u00e9sine, c'est un vol! INFORMATIONS SUR LA LIVE RESIN Ph\u00e9notype Hybride Teneur en THC 40%+ Consistance Grasse et collante Grade AAA+ Couleur Brun fonc\u00e9 Effets Un peu plus c\u00e9r\u00e9bral Profil des terp\u00e8nes \u00c9pic\u00e9 \u00e0 tr\u00e8s \u00e9pic\u00e9, odeur rafra\u00eechissante","og_url":"https:\/\/bcweededible.net\/fr\/buy\/concentres\/hasch\/live-resin\/","og_site_name":"BC Weed Edible","article_modified_time":"2024-08-06T00:41:15+00:00","og_image":[{"width":1080,"height":1080,"url":"https:\/\/bcweededible.net\/wp-content\/uploads\/2023\/10\/hash-rosin-dark.jpg","type":"image\/jpeg"}],"twitter_card":"summary_large_image","schema":{"@context":"https:\/\/schema.org","@graph":[{"@type":"WebPage","@id":"https:\/\/bcweededible.net\/fr\/buy\/concentres\/hasch\/live-resin\/","url":"https:\/\/bcweededible.net\/fr\/buy\/concentres\/hasch\/live-resin\/","name":"Acheter Live Resin en Ligne Canada | BC Weed Edible","isPartOf":{"@id":"https:\/\/bcweededible.net\/fr\/#website"},"primaryImageOfPage":{"@id":"https:\/\/bcweededible.net\/fr\/buy\/concentres\/hasch\/live-resin\/#primaryimage"},"image":{"@id":"https:\/\/bcweededible.net\/fr\/buy\/concentres\/hasch\/live-resin\/#primaryimage"},"thumbnailUrl":"https:\/\/bcweededible.net\/wp-content\/uploads\/2023\/10\/hash-rosin-dark.jpg","datePublished":"2023-11-07T19:33:30+00:00","dateModified":"2024-08-06T00:41:15+00:00","breadcrumb":{"@id":"https:\/\/bcweededible.net\/fr\/buy\/concentres\/hasch\/live-resin\/#breadcrumb"},"inLanguage":"fr-FR","potentialAction":[{"@type":"ReadAction","target":["https:\/\/bcweededible.net\/fr\/buy\/concentres\/hasch\/live-resin\/"]}]},{"@type":"ImageObject","inLanguage":"fr-FR","@id":"https:\/\/bcweededible.net\/fr\/buy\/concentres\/hasch\/live-resin\/#primaryimage","url":"https:\/\/bcweededible.net\/wp-content\/uploads\/2023\/10\/hash-rosin-dark.jpg","contentUrl":"https:\/\/bcweededible.net\/wp-content\/uploads\/2023\/10\/hash-rosin-dark.jpg","width":1080,"height":1080,"caption":"live hash resin"},{"@type":"BreadcrumbList","@id":"https:\/\/bcweededible.net\/fr\/buy\/concentres\/hasch\/live-resin\/#breadcrumb","itemListElement":[{"@type":"ListItem","position":1,"name":"Jujubes au Pot Canada","item":"https:\/\/bcweededible.net\/fr\/shop\/"},{"@type":"ListItem","position":2,"name":"Live Resin"}]},{"@type":"WebSite","@id":"https:\/\/bcweededible.net\/fr\/#website","url":"https:\/\/bcweededible.net\/fr\/","name":"BC Weed Edible","description":"","publisher":{"@id":"https:\/\/bcweededible.net\/fr\/#organization"},"potentialAction":[{"@type":"SearchAction","target":{"@type":"EntryPoint","urlTemplate":"https:\/\/bcweededible.net\/fr\/?s={search_term_string}"},"query-input":{"@type":"PropertyValueSpecification","valueRequired":true,"valueName":"search_term_string"}}],"inLanguage":"fr-FR"},{"@type":"Organization","@id":"https:\/\/bcweededible.net\/fr\/#organization","name":"BC Weed Edible","url":"https:\/\/bcweededible.net\/fr\/","logo":{"@type":"ImageObject","inLanguage":"fr-FR","@id":"https:\/\/bcweededible.net\/fr\/#\/schema\/logo\/image\/","url":"https:\/\/bcweededible.net\/wp-content\/uploads\/2021\/12\/bc-weed-edible-canada.png","contentUrl":"https:\/\/bcweededible.net\/wp-content\/uploads\/2021\/12\/bc-weed-edible-canada.png","width":270,"height":185,"caption":"BC Weed Edible"},"image":{"@id":"https:\/\/bcweededible.net\/fr\/#\/schema\/logo\/image\/"}}]}},"_links":{"self":[{"href":"https:\/\/bcweededible.net\/fr\/wp-json\/wp\/v2\/product\/49142","targetHints":{"allow":["GET"]}}],"collection":[{"href":"https:\/\/bcweededible.net\/fr\/wp-json\/wp\/v2\/product"}],"about":[{"href":"https:\/\/bcweededible.net\/fr\/wp-json\/wp\/v2\/types\/product"}],"replies":[{"embeddable":true,"href":"https:\/\/bcweededible.net\/fr\/wp-json\/wp\/v2\/comments?post=49142"}],"wp:featuredmedia":[{"embeddable":true,"href":"https:\/\/bcweededible.net\/fr\/wp-json\/wp\/v2\/media\/48102"}],"wp:attachment":[{"href":"https:\/\/bcweededible.net\/fr\/wp-json\/wp\/v2\/media?parent=49142"}],"wp:term":[{"taxonomy":"product_brand","embeddable":true,"href":"https:\/\/bcweededible.net\/fr\/wp-json\/wp\/v2\/product_brand?post=49142"},{"taxonomy":"product_cat","embeddable":true,"href":"https:\/\/bcweededible.net\/fr\/wp-json\/wp\/v2\/product_cat?post=49142"},{"taxonomy":"product_tag","embeddable":true,"href":"https:\/\/bcweededible.net\/fr\/wp-json\/wp\/v2\/product_tag?post=49142"}],"curies":[{"name":"wp","href":"https:\/\/api.w.org\/{rel}","templated":true}]}}