{"id":49127,"date":"2023-10-31T11:23:18","date_gmt":"2023-11-07T19:25:59","guid":{"rendered":"https:\/\/bcweededible.net\/buy\/non%20class\u00e9\/aaa-mk-ultra-indica\/"},"modified":"2025-05-07T13:21:32","modified_gmt":"2025-05-07T20:21:32","slug":"mk-ultra","status":"publish","type":"product","link":"https:\/\/bcweededible.net\/fr\/buy\/fleurs-cannabis\/99-oz-fr\/mk-ultra\/","title":{"rendered":"AAA+ MK Ultra (Indica)"},"content":{"rendered":"","protected":false},"excerpt":{"rendered":"<p><b>MK Ultra, \u00e9galement connue sous le nom de &#8220;MKU&#8221;, est une <\/b>vari\u00e9t\u00e9 <b>hybride \u00e0 dominance indica (70% indica\/<\/b><b>30% sativa) <\/b>cr\u00e9\u00e9e en croisant l&#8217;<a href=\"https:\/\/bcweededible.net\/fr\/buy\/gros\/pot-gros\/og-kush\/\">OG Kush<\/a> et la vari\u00e9t\u00e9 G13. Sa saveur est dite douce et bois\u00e9e et rappelle le pin. MKU a des effets tr\u00e8s puissants qui vous laisseront dans un \u00e9tat heureux et relaxant. Le taux de THC est d&#8217;environ 20 %.<\/p>\n<p><strong>Fleurs moyennes et denses, qualit\u00e9 AAA+. Les fleurs ont une couleur orange fonc\u00e9 et sont fortement recouvertes de trichomes.<\/strong><\/p>\n","protected":false},"featured_media":48533,"comment_status":"open","ping_status":"closed","template":"","meta":{"wprm-recipe-roundup-name":"","wprm-recipe-roundup-description":""},"product_cat":[245,293,294,289,292],"product_tag":[],"class_list":{"0":"post-49127","1":"product","2":"type-product","3":"status-publish","4":"has-post-thumbnail","6":"product_cat-fleurs-cannabis","7":"product_cat-hybrid-fr","8":"product_cat-indica-fr","9":"product_cat-99-oz-fr","10":"product_cat-ounces-pas-cher","12":"first","13":"outofstock","14":"sale","15":"shipping-taxable","16":"purchasable","17":"product-type-variable","18":"has-default-attributes"},"yoast_head":"\n<title>Acheter AAA+ MK Ultra (Indica) en Ligne Canada | BC Weed Edible<\/title>\n<meta name=\"robots\" content=\"index, follow, max-snippet:-1, max-image-preview:large, max-video-preview:-1\" \/>\n<link rel=\"canonical\" href=\"https:\/\/bcweededible.net\/fr\/buy\/fleurs-cannabis\/99-oz-fr\/mk-ultra\/\" \/>\n<meta property=\"og:locale\" content=\"fr_FR\" \/>\n<meta property=\"og:type\" content=\"article\" \/>\n<meta property=\"og:title\" content=\"Acheter AAA+ MK Ultra (Indica) en Ligne Canada | BC Weed Edible\" \/>\n<meta property=\"og:description\" content=\"MK Ultra, \u00e9galement connue sous le nom de &quot;MKU&quot;, est une vari\u00e9t\u00e9 hybride \u00e0 dominance indica (70% indica\/30% sativa) cr\u00e9\u00e9e en croisant l&#039;OG Kush et la vari\u00e9t\u00e9 G13. Sa saveur est dite douce et bois\u00e9e et rappelle le pin. MKU a des effets tr\u00e8s puissants qui vous laisseront dans un \u00e9tat heureux et relaxant. Le taux de THC est d&#039;environ 20 %. Fleurs moyennes et denses, qualit\u00e9 AAA+. Les fleurs ont une couleur orange fonc\u00e9 et sont fortement recouvertes de trichomes.\" \/>\n<meta property=\"og:url\" content=\"https:\/\/bcweededible.net\/fr\/buy\/fleurs-cannabis\/99-oz-fr\/mk-ultra\/\" \/>\n<meta property=\"og:site_name\" content=\"BC Weed Edible\" \/>\n<meta property=\"article:modified_time\" content=\"2025-05-07T20:21:32+00:00\" \/>\n<meta property=\"og:image\" content=\"https:\/\/bcweededible.net\/wp-content\/uploads\/2022\/11\/mku3.jpg\" \/>\n\t<meta property=\"og:image:width\" content=\"1000\" \/>\n\t<meta property=\"og:image:height\" content=\"1000\" \/>\n\t<meta property=\"og:image:type\" content=\"image\/jpeg\" \/>\n<meta name=\"twitter:card\" content=\"summary_large_image\" \/>\n<script type=\"application\/ld+json\" class=\"yoast-schema-graph\">{\"@context\":\"https:\/\/schema.org\",\"@graph\":[{\"@type\":\"WebPage\",\"@id\":\"https:\/\/bcweededible.net\/fr\/buy\/fleurs-cannabis\/99-oz-fr\/mk-ultra\/\",\"url\":\"https:\/\/bcweededible.net\/fr\/buy\/fleurs-cannabis\/99-oz-fr\/mk-ultra\/\",\"name\":\"Acheter AAA+ MK Ultra (Indica) en Ligne Canada | BC Weed Edible\",\"isPartOf\":{\"@id\":\"https:\/\/bcweededible.net\/fr\/#website\"},\"primaryImageOfPage\":{\"@id\":\"https:\/\/bcweededible.net\/fr\/buy\/fleurs-cannabis\/99-oz-fr\/mk-ultra\/#primaryimage\"},\"image\":{\"@id\":\"https:\/\/bcweededible.net\/fr\/buy\/fleurs-cannabis\/99-oz-fr\/mk-ultra\/#primaryimage\"},\"thumbnailUrl\":\"https:\/\/bcweededible.net\/wp-content\/uploads\/2022\/11\/mku3.jpg\",\"datePublished\":\"2023-11-07T19:25:59+00:00\",\"dateModified\":\"2025-05-07T20:21:32+00:00\",\"breadcrumb\":{\"@id\":\"https:\/\/bcweededible.net\/fr\/buy\/fleurs-cannabis\/99-oz-fr\/mk-ultra\/#breadcrumb\"},\"inLanguage\":\"fr-FR\",\"potentialAction\":[{\"@type\":\"ReadAction\",\"target\":[\"https:\/\/bcweededible.net\/fr\/buy\/fleurs-cannabis\/99-oz-fr\/mk-ultra\/\"]}]},{\"@type\":\"ImageObject\",\"inLanguage\":\"fr-FR\",\"@id\":\"https:\/\/bcweededible.net\/fr\/buy\/fleurs-cannabis\/99-oz-fr\/mk-ultra\/#primaryimage\",\"url\":\"https:\/\/bcweededible.net\/wp-content\/uploads\/2022\/11\/mku3.jpg\",\"contentUrl\":\"https:\/\/bcweededible.net\/wp-content\/uploads\/2022\/11\/mku3.jpg\",\"width\":1000,\"height\":1000},{\"@type\":\"BreadcrumbList\",\"@id\":\"https:\/\/bcweededible.net\/fr\/buy\/fleurs-cannabis\/99-oz-fr\/mk-ultra\/#breadcrumb\",\"itemListElement\":[{\"@type\":\"ListItem\",\"position\":1,\"name\":\"Jujubes au Pot Canada\",\"item\":\"https:\/\/bcweededible.net\/fr\/shop\/\"},{\"@type\":\"ListItem\",\"position\":2,\"name\":\"AAA+ MK Ultra (Indica)\"}]},{\"@type\":\"WebSite\",\"@id\":\"https:\/\/bcweededible.net\/fr\/#website\",\"url\":\"https:\/\/bcweededible.net\/fr\/\",\"name\":\"BC Weed Edible\",\"description\":\"\",\"publisher\":{\"@id\":\"https:\/\/bcweededible.net\/fr\/#organization\"},\"potentialAction\":[{\"@type\":\"SearchAction\",\"target\":{\"@type\":\"EntryPoint\",\"urlTemplate\":\"https:\/\/bcweededible.net\/fr\/?s={search_term_string}\"},\"query-input\":{\"@type\":\"PropertyValueSpecification\",\"valueRequired\":true,\"valueName\":\"search_term_string\"}}],\"inLanguage\":\"fr-FR\"},{\"@type\":\"Organization\",\"@id\":\"https:\/\/bcweededible.net\/fr\/#organization\",\"name\":\"BC Weed Edible\",\"url\":\"https:\/\/bcweededible.net\/fr\/\",\"logo\":{\"@type\":\"ImageObject\",\"inLanguage\":\"fr-FR\",\"@id\":\"https:\/\/bcweededible.net\/fr\/#\/schema\/logo\/image\/\",\"url\":\"https:\/\/bcweededible.net\/wp-content\/uploads\/2021\/12\/bc-weed-edible-canada.png\",\"contentUrl\":\"https:\/\/bcweededible.net\/wp-content\/uploads\/2021\/12\/bc-weed-edible-canada.png\",\"width\":270,\"height\":185,\"caption\":\"BC Weed Edible\"},\"image\":{\"@id\":\"https:\/\/bcweededible.net\/fr\/#\/schema\/logo\/image\/\"}}]}<\/script>\n","yoast_head_json":{"title":"Acheter AAA+ MK Ultra (Indica) en Ligne Canada | BC Weed Edible","robots":{"index":"index","follow":"follow","max-snippet":"max-snippet:-1","max-image-preview":"max-image-preview:large","max-video-preview":"max-video-preview:-1"},"canonical":"https:\/\/bcweededible.net\/fr\/buy\/fleurs-cannabis\/99-oz-fr\/mk-ultra\/","og_locale":"fr_FR","og_type":"article","og_title":"Acheter AAA+ MK Ultra (Indica) en Ligne Canada | BC Weed Edible","og_description":"MK Ultra, \u00e9galement connue sous le nom de \"MKU\", est une vari\u00e9t\u00e9 hybride \u00e0 dominance indica (70% indica\/30% sativa) cr\u00e9\u00e9e en croisant l'OG Kush et la vari\u00e9t\u00e9 G13. Sa saveur est dite douce et bois\u00e9e et rappelle le pin. MKU a des effets tr\u00e8s puissants qui vous laisseront dans un \u00e9tat heureux et relaxant. Le taux de THC est d'environ 20 %. Fleurs moyennes et denses, qualit\u00e9 AAA+. Les fleurs ont une couleur orange fonc\u00e9 et sont fortement recouvertes de trichomes.","og_url":"https:\/\/bcweededible.net\/fr\/buy\/fleurs-cannabis\/99-oz-fr\/mk-ultra\/","og_site_name":"BC Weed Edible","article_modified_time":"2025-05-07T20:21:32+00:00","og_image":[{"width":1000,"height":1000,"url":"https:\/\/bcweededible.net\/wp-content\/uploads\/2022\/11\/mku3.jpg","type":"image\/jpeg"}],"twitter_card":"summary_large_image","schema":{"@context":"https:\/\/schema.org","@graph":[{"@type":"WebPage","@id":"https:\/\/bcweededible.net\/fr\/buy\/fleurs-cannabis\/99-oz-fr\/mk-ultra\/","url":"https:\/\/bcweededible.net\/fr\/buy\/fleurs-cannabis\/99-oz-fr\/mk-ultra\/","name":"Acheter AAA+ MK Ultra (Indica) en Ligne Canada | BC Weed Edible","isPartOf":{"@id":"https:\/\/bcweededible.net\/fr\/#website"},"primaryImageOfPage":{"@id":"https:\/\/bcweededible.net\/fr\/buy\/fleurs-cannabis\/99-oz-fr\/mk-ultra\/#primaryimage"},"image":{"@id":"https:\/\/bcweededible.net\/fr\/buy\/fleurs-cannabis\/99-oz-fr\/mk-ultra\/#primaryimage"},"thumbnailUrl":"https:\/\/bcweededible.net\/wp-content\/uploads\/2022\/11\/mku3.jpg","datePublished":"2023-11-07T19:25:59+00:00","dateModified":"2025-05-07T20:21:32+00:00","breadcrumb":{"@id":"https:\/\/bcweededible.net\/fr\/buy\/fleurs-cannabis\/99-oz-fr\/mk-ultra\/#breadcrumb"},"inLanguage":"fr-FR","potentialAction":[{"@type":"ReadAction","target":["https:\/\/bcweededible.net\/fr\/buy\/fleurs-cannabis\/99-oz-fr\/mk-ultra\/"]}]},{"@type":"ImageObject","inLanguage":"fr-FR","@id":"https:\/\/bcweededible.net\/fr\/buy\/fleurs-cannabis\/99-oz-fr\/mk-ultra\/#primaryimage","url":"https:\/\/bcweededible.net\/wp-content\/uploads\/2022\/11\/mku3.jpg","contentUrl":"https:\/\/bcweededible.net\/wp-content\/uploads\/2022\/11\/mku3.jpg","width":1000,"height":1000},{"@type":"BreadcrumbList","@id":"https:\/\/bcweededible.net\/fr\/buy\/fleurs-cannabis\/99-oz-fr\/mk-ultra\/#breadcrumb","itemListElement":[{"@type":"ListItem","position":1,"name":"Jujubes au Pot Canada","item":"https:\/\/bcweededible.net\/fr\/shop\/"},{"@type":"ListItem","position":2,"name":"AAA+ MK Ultra (Indica)"}]},{"@type":"WebSite","@id":"https:\/\/bcweededible.net\/fr\/#website","url":"https:\/\/bcweededible.net\/fr\/","name":"BC Weed Edible","description":"","publisher":{"@id":"https:\/\/bcweededible.net\/fr\/#organization"},"potentialAction":[{"@type":"SearchAction","target":{"@type":"EntryPoint","urlTemplate":"https:\/\/bcweededible.net\/fr\/?s={search_term_string}"},"query-input":{"@type":"PropertyValueSpecification","valueRequired":true,"valueName":"search_term_string"}}],"inLanguage":"fr-FR"},{"@type":"Organization","@id":"https:\/\/bcweededible.net\/fr\/#organization","name":"BC Weed Edible","url":"https:\/\/bcweededible.net\/fr\/","logo":{"@type":"ImageObject","inLanguage":"fr-FR","@id":"https:\/\/bcweededible.net\/fr\/#\/schema\/logo\/image\/","url":"https:\/\/bcweededible.net\/wp-content\/uploads\/2021\/12\/bc-weed-edible-canada.png","contentUrl":"https:\/\/bcweededible.net\/wp-content\/uploads\/2021\/12\/bc-weed-edible-canada.png","width":270,"height":185,"caption":"BC Weed Edible"},"image":{"@id":"https:\/\/bcweededible.net\/fr\/#\/schema\/logo\/image\/"}}]}},"_links":{"self":[{"href":"https:\/\/bcweededible.net\/fr\/wp-json\/wp\/v2\/product\/49127","targetHints":{"allow":["GET"]}}],"collection":[{"href":"https:\/\/bcweededible.net\/fr\/wp-json\/wp\/v2\/product"}],"about":[{"href":"https:\/\/bcweededible.net\/fr\/wp-json\/wp\/v2\/types\/product"}],"replies":[{"embeddable":true,"href":"https:\/\/bcweededible.net\/fr\/wp-json\/wp\/v2\/comments?post=49127"}],"wp:featuredmedia":[{"embeddable":true,"href":"https:\/\/bcweededible.net\/fr\/wp-json\/wp\/v2\/media\/48533"}],"wp:attachment":[{"href":"https:\/\/bcweededible.net\/fr\/wp-json\/wp\/v2\/media?parent=49127"}],"wp:term":[{"taxonomy":"product_cat","embeddable":true,"href":"https:\/\/bcweededible.net\/fr\/wp-json\/wp\/v2\/product_cat?post=49127"},{"taxonomy":"product_tag","embeddable":true,"href":"https:\/\/bcweededible.net\/fr\/wp-json\/wp\/v2\/product_tag?post=49127"}],"curies":[{"name":"wp","href":"https:\/\/api.w.org\/{rel}","templated":true}]}}