{"id":44165,"date":"2023-09-13T11:07:20","date_gmt":"2023-09-13T18:07:20","guid":{"rendered":"https:\/\/bcweededible.net\/buy\/non%20class\u00e9\/vapoteuse-thc-jetable-en-vrac\/"},"modified":"2026-03-27T05:53:19","modified_gmt":"2026-03-27T12:53:19","slug":"vapoteuse-thc-jetable-gros","status":"publish","type":"product","link":"https:\/\/bcweededible.net\/fr\/buy\/marques\/eden-edibles-fr\/eden-en-vrac\/vapoteuse-thc-jetable-gros\/","title":{"rendered":"Wax Pen Jetable en Gros"},"content":{"rendered":"<div class=\"wpb-content-wrapper\"><p>[vc_row][vc_column][vc_column_text css=&#8221;&#8221; woodmart_inline=&#8221;no&#8221; text_larger=&#8221;no&#8221;]<\/p>\n<h1>Acheter des wax pens jetables en gros au Canada<\/h1>\n<p><strong>Acheter des wax pens jetables en grande quantites<\/strong>\u00a0pr\u00e9sente des avantages. Tout d&#8217;abord, il permet de <strong>r\u00e9aliser des \u00e9conomies<\/strong>, rendant chaque unit\u00e9 plus abordable. Avec une plus grande quantit\u00e9, vous pouvez vous approvisionner facilement <strong>et minimiser les r\u00e9approvisionnements<\/strong>. Les achats en gros offrent \u00e9galement la possibilit\u00e9 d&#8217;<strong>explorer diff\u00e9rentes saveurs et vari\u00e9t\u00e9s<\/strong>.<\/p>\n<h2>Combien co\u00fbte un lot de wax pens ?<\/h2>\n<p>Avec un <strong>achat de 50 wax pens<\/strong>, vous pouvez <span style=\"text-decoration: underline;\"><strong>\u00e9conomiser plus de 50 %<\/strong><\/span>, r\u00e9duisant le prix total de 2 500,00 $ \u00e0 seulement 1 250,00 $. Cette remise importante vous permet de r\u00e9aliser des <strong>\u00e9conomies substantielles<\/strong> tout en<strong> b\u00e9n\u00e9ficiant de produits de grande qualit\u00e9<\/strong>. Ne manquez pas l&#8217;occasion d&#8217;\u00e9conomiser beaucoup d&#8217;argent et d&#8217;am\u00e9liorer votre exp\u00e9rience de vapotage en achetant en vrac.<\/p>\n<h2>Comment acheter des wax pens?<\/h2>\n<p>Suivez ces \u00e9tapes simples :<\/p>\n<ol>\n<li>Choisissez parmi notre<strong> s\u00e9lection de vari\u00e9t\u00e9s<\/strong>: Gorilla Glue 4 (Hybride) | Grape (Sativa) | Girl Scout Cookies (Hybride) | Blackberry Kush (Indica) | Super Sour Diesel (Sativa)<\/li>\n<li>S\u00e9lectionnez au moins 50 wax pens de vos vari\u00e9t\u00e9s pr\u00e9f\u00e9r\u00e9es.<\/li>\n<li>Ajoutez les \u00e0 votre panier.<\/li>\n<li>Passez \u00e0 la caisse et passez votre commande.<\/li>\n<\/ol>\n<h2>O\u00f9 puis-je acheter des wax pens en vrac ?<\/h2>\n<p>Chez BC Weed Edible, vous avez la possibilit\u00e9 d&#8217;<strong> acheter \u00e0 la fois des wax pens et des cartouches vapes THC en vrac<\/strong>. Nous sommes fiers d&#8217;offrir une <strong>large gamme d&#8217;options savoureuses \u00e0 des prix comp\u00e9titifs<\/strong>. Que vous recherchiez des vari\u00e9t\u00e9s fruit\u00e9es, \u00e0 base de plantes ou classiques, notre s\u00e9lection a de quoi satisfaire tout le monde. En outre, nous assurons une livraison \u00e0 l&#8217;\u00e9chelle nationale, ce qui permet aux clients de tout le Canada de profiter de nos produits. Choisissez BC Weed Edible pour des cartouches de THC de qualit\u00e9 sup\u00e9rieure, une <strong>abondance de saveurs, des prix abordables et une livraison pratique<\/strong> dans tout le pays.[\/vc_column_text][\/vc_column][\/vc_row]<\/p>\n<\/div>","protected":false},"excerpt":{"rendered":"<p>Faites l&#8217;exp\u00e9rience de la commodit\u00e9 et du plaisir ultime avec nos<strong> wax pens jetables au THC de 2 grammes \u00e0 50 % du prix r\u00e9gulier<\/strong>. Ces wax pens \u00e9l\u00e9gants et portables sont con\u00e7us pour \u00e9lever votre exp\u00e9rience du cannabis \u00e0 de nouveaux sommets. Avec une capacit\u00e9 g\u00e9n\u00e9reuse de 2 grammes, vous disposerez d&#8217;une r\u00e9serve suffisante pour <strong>profiter de longues sessions de pur bonheur<\/strong>. Immergez vous dans la <strong>vapeur douce et puissante tandis que les riches saveurs et ar\u00f4mes<\/strong> envahissent vos sens.<\/p>\n<table class=\"wccs-bulk-pricing-table wccs-horizontal-table\">\n<tbody>\n<tr>\n<th>Produit en<\/th>\n<th>Colombie-Britannique<\/th>\n<\/tr>\n<tr>\n<td>Puissance du THC<\/td>\n<td>90-95%<\/td>\n<\/tr>\n<tr>\n<td>Ingr\u00e9dients<\/td>\n<td>Distillat &amp; Terp\u00e8nes naturels<\/td>\n<\/tr>\n<tr>\n<td>Quantit\u00e9<\/td>\n<td>2000mg par wax pen<\/td>\n<\/tr>\n<tr>\n<td>Prix unitaire<\/td>\n<td>$25<\/td>\n<\/tr>\n<tr>\n<td>Nombre d&#8217;unit\u00e9s<\/td>\n<td>50 unit\u00e9s minimum<\/td>\n<\/tr>\n<\/tbody>\n<\/table>\n","protected":false},"featured_media":88588,"comment_status":"open","ping_status":"closed","template":"","meta":{"wprm-recipe-roundup-name":"","wprm-recipe-roundup-description":""},"product_cat":[664,768,665,637,535,558,305,306,287,288],"product_tag":[],"class_list":{"0":"post-44165","1":"product","2":"type-product","3":"status-publish","4":"has-post-thumbnail","6":"product_cat-eden-edibles-fr","7":"product_cat-eden-en-vrac","8":"product_cat-vapoteuse-thc-gros","9":"product_cat-jetable","10":"product_cat-concentres-en-gros","11":"product_cat-gros","12":"product_cat-concentres","13":"product_cat-distillat","14":"product_cat-vape","15":"product_cat-cartouches-distillat","17":"first","18":"instock","19":"sale","20":"shipping-taxable","21":"purchasable","22":"product-type-mix-and-match"},"yoast_head":"\n<title>Acheter des Wax Pen Jetable en Gros au Canada $19\/Unit\u00e9 | BC Weed Edible<\/title>\n<meta name=\"robots\" content=\"index, follow, max-snippet:-1, max-image-preview:large, max-video-preview:-1\" \/>\n<link rel=\"canonical\" href=\"https:\/\/bcweededible.net\/fr\/buy\/marques\/eden-edibles-fr\/eden-en-vrac\/vapoteuse-thc-jetable-gros\/\" \/>\n<meta property=\"og:locale\" content=\"fr_FR\" \/>\n<meta property=\"og:type\" content=\"article\" \/>\n<meta property=\"og:title\" content=\"Acheter des Wax Pen Jetable en Gros au Canada $19\/Unit\u00e9 | BC Weed Edible\" \/>\n<meta property=\"og:description\" content=\"Faites l&#039;exp\u00e9rience de la commodit\u00e9 et du plaisir ultime avec nos wax pens jetables au THC de 2 grammes \u00e0 50 % du prix r\u00e9gulier. Ces wax pens \u00e9l\u00e9gants et portables sont con\u00e7us pour \u00e9lever votre exp\u00e9rience du cannabis \u00e0 de nouveaux sommets. Avec une capacit\u00e9 g\u00e9n\u00e9reuse de 2 grammes, vous disposerez d&#039;une r\u00e9serve suffisante pour profiter de longues sessions de pur bonheur. Immergez vous dans la vapeur douce et puissante tandis que les riches saveurs et ar\u00f4mes envahissent vos sens. Produit en Colombie-Britannique Puissance du THC 90-95% Ingr\u00e9dients Distillat &amp; Terp\u00e8nes naturels Quantit\u00e9 2000mg par wax pen Prix unitaire $25 Nombre d&#039;unit\u00e9s 50 unit\u00e9s minimum\" \/>\n<meta property=\"og:url\" content=\"https:\/\/bcweededible.net\/fr\/buy\/marques\/eden-edibles-fr\/eden-en-vrac\/vapoteuse-thc-jetable-gros\/\" \/>\n<meta property=\"og:site_name\" content=\"BC Weed Edible\" \/>\n<meta property=\"article:modified_time\" content=\"2026-03-27T12:53:19+00:00\" \/>\n<meta property=\"og:image\" content=\"https:\/\/bcweededible.net\/wp-content\/uploads\/2023\/09\/bulk-disposable-thc-vape-pens-canada.jpg\" \/>\n\t<meta property=\"og:image:width\" content=\"800\" \/>\n\t<meta property=\"og:image:height\" content=\"800\" \/>\n\t<meta property=\"og:image:type\" content=\"image\/jpeg\" \/>\n<meta name=\"twitter:card\" content=\"summary_large_image\" \/>\n<meta name=\"twitter:label1\" content=\"Dur\u00e9e de lecture estim\u00e9e\" \/>\n\t<meta name=\"twitter:data1\" content=\"2 minutes\" \/>\n<script type=\"application\/ld+json\" class=\"yoast-schema-graph\">{\"@context\":\"https:\/\/schema.org\",\"@graph\":[{\"@type\":\"WebPage\",\"@id\":\"https:\/\/bcweededible.net\/fr\/buy\/marques\/eden-edibles-fr\/eden-en-vrac\/vapoteuse-thc-jetable-gros\/\",\"url\":\"https:\/\/bcweededible.net\/fr\/buy\/marques\/eden-edibles-fr\/eden-en-vrac\/vapoteuse-thc-jetable-gros\/\",\"name\":\"Acheter des Wax Pen Jetable en Gros au Canada $19\/Unit\u00e9 | BC Weed Edible\",\"isPartOf\":{\"@id\":\"https:\/\/bcweededible.net\/fr\/#website\"},\"primaryImageOfPage\":{\"@id\":\"https:\/\/bcweededible.net\/fr\/buy\/marques\/eden-edibles-fr\/eden-en-vrac\/vapoteuse-thc-jetable-gros\/#primaryimage\"},\"image\":{\"@id\":\"https:\/\/bcweededible.net\/fr\/buy\/marques\/eden-edibles-fr\/eden-en-vrac\/vapoteuse-thc-jetable-gros\/#primaryimage\"},\"thumbnailUrl\":\"https:\/\/bcweededible.net\/wp-content\/uploads\/2023\/09\/bulk-disposable-thc-vape-pens-canada.jpg\",\"datePublished\":\"2023-09-13T18:07:20+00:00\",\"dateModified\":\"2026-03-27T12:53:19+00:00\",\"breadcrumb\":{\"@id\":\"https:\/\/bcweededible.net\/fr\/buy\/marques\/eden-edibles-fr\/eden-en-vrac\/vapoteuse-thc-jetable-gros\/#breadcrumb\"},\"inLanguage\":\"fr-FR\",\"potentialAction\":[{\"@type\":\"ReadAction\",\"target\":[\"https:\/\/bcweededible.net\/fr\/buy\/marques\/eden-edibles-fr\/eden-en-vrac\/vapoteuse-thc-jetable-gros\/\"]}]},{\"@type\":\"ImageObject\",\"inLanguage\":\"fr-FR\",\"@id\":\"https:\/\/bcweededible.net\/fr\/buy\/marques\/eden-edibles-fr\/eden-en-vrac\/vapoteuse-thc-jetable-gros\/#primaryimage\",\"url\":\"https:\/\/bcweededible.net\/wp-content\/uploads\/2023\/09\/bulk-disposable-thc-vape-pens-canada.jpg\",\"contentUrl\":\"https:\/\/bcweededible.net\/wp-content\/uploads\/2023\/09\/bulk-disposable-thc-vape-pens-canada.jpg\",\"width\":800,\"height\":800,\"caption\":\"bulk disposable thc vape pens\"},{\"@type\":\"BreadcrumbList\",\"@id\":\"https:\/\/bcweededible.net\/fr\/buy\/marques\/eden-edibles-fr\/eden-en-vrac\/vapoteuse-thc-jetable-gros\/#breadcrumb\",\"itemListElement\":[{\"@type\":\"ListItem\",\"position\":1,\"name\":\"Jujubes au Pot Canada\",\"item\":\"https:\/\/bcweededible.net\/fr\/shop\/\"},{\"@type\":\"ListItem\",\"position\":2,\"name\":\"Wax Pen Jetable en Gros\"}]},{\"@type\":\"WebSite\",\"@id\":\"https:\/\/bcweededible.net\/fr\/#website\",\"url\":\"https:\/\/bcweededible.net\/fr\/\",\"name\":\"BC Weed Edible\",\"description\":\"\",\"publisher\":{\"@id\":\"https:\/\/bcweededible.net\/fr\/#organization\"},\"potentialAction\":[{\"@type\":\"SearchAction\",\"target\":{\"@type\":\"EntryPoint\",\"urlTemplate\":\"https:\/\/bcweededible.net\/fr\/?s={search_term_string}\"},\"query-input\":{\"@type\":\"PropertyValueSpecification\",\"valueRequired\":true,\"valueName\":\"search_term_string\"}}],\"inLanguage\":\"fr-FR\"},{\"@type\":\"Organization\",\"@id\":\"https:\/\/bcweededible.net\/fr\/#organization\",\"name\":\"BC Weed Edible\",\"url\":\"https:\/\/bcweededible.net\/fr\/\",\"logo\":{\"@type\":\"ImageObject\",\"inLanguage\":\"fr-FR\",\"@id\":\"https:\/\/bcweededible.net\/fr\/#\/schema\/logo\/image\/\",\"url\":\"https:\/\/bcweededible.net\/wp-content\/uploads\/2021\/12\/bc-weed-edible-canada.png\",\"contentUrl\":\"https:\/\/bcweededible.net\/wp-content\/uploads\/2021\/12\/bc-weed-edible-canada.png\",\"width\":270,\"height\":185,\"caption\":\"BC Weed Edible\"},\"image\":{\"@id\":\"https:\/\/bcweededible.net\/fr\/#\/schema\/logo\/image\/\"}}]}<\/script>\n","yoast_head_json":{"title":"Acheter des Wax Pen Jetable en Gros au Canada $19\/Unit\u00e9 | BC Weed Edible","robots":{"index":"index","follow":"follow","max-snippet":"max-snippet:-1","max-image-preview":"max-image-preview:large","max-video-preview":"max-video-preview:-1"},"canonical":"https:\/\/bcweededible.net\/fr\/buy\/marques\/eden-edibles-fr\/eden-en-vrac\/vapoteuse-thc-jetable-gros\/","og_locale":"fr_FR","og_type":"article","og_title":"Acheter des Wax Pen Jetable en Gros au Canada $19\/Unit\u00e9 | BC Weed Edible","og_description":"Faites l'exp\u00e9rience de la commodit\u00e9 et du plaisir ultime avec nos wax pens jetables au THC de 2 grammes \u00e0 50 % du prix r\u00e9gulier. Ces wax pens \u00e9l\u00e9gants et portables sont con\u00e7us pour \u00e9lever votre exp\u00e9rience du cannabis \u00e0 de nouveaux sommets. Avec une capacit\u00e9 g\u00e9n\u00e9reuse de 2 grammes, vous disposerez d'une r\u00e9serve suffisante pour profiter de longues sessions de pur bonheur. Immergez vous dans la vapeur douce et puissante tandis que les riches saveurs et ar\u00f4mes envahissent vos sens. Produit en Colombie-Britannique Puissance du THC 90-95% Ingr\u00e9dients Distillat &amp; Terp\u00e8nes naturels Quantit\u00e9 2000mg par wax pen Prix unitaire $25 Nombre d'unit\u00e9s 50 unit\u00e9s minimum","og_url":"https:\/\/bcweededible.net\/fr\/buy\/marques\/eden-edibles-fr\/eden-en-vrac\/vapoteuse-thc-jetable-gros\/","og_site_name":"BC Weed Edible","article_modified_time":"2026-03-27T12:53:19+00:00","og_image":[{"width":800,"height":800,"url":"https:\/\/bcweededible.net\/wp-content\/uploads\/2023\/09\/bulk-disposable-thc-vape-pens-canada.jpg","type":"image\/jpeg"}],"twitter_card":"summary_large_image","twitter_misc":{"Dur\u00e9e de lecture estim\u00e9e":"2 minutes"},"schema":{"@context":"https:\/\/schema.org","@graph":[{"@type":"WebPage","@id":"https:\/\/bcweededible.net\/fr\/buy\/marques\/eden-edibles-fr\/eden-en-vrac\/vapoteuse-thc-jetable-gros\/","url":"https:\/\/bcweededible.net\/fr\/buy\/marques\/eden-edibles-fr\/eden-en-vrac\/vapoteuse-thc-jetable-gros\/","name":"Acheter des Wax Pen Jetable en Gros au Canada $19\/Unit\u00e9 | BC Weed Edible","isPartOf":{"@id":"https:\/\/bcweededible.net\/fr\/#website"},"primaryImageOfPage":{"@id":"https:\/\/bcweededible.net\/fr\/buy\/marques\/eden-edibles-fr\/eden-en-vrac\/vapoteuse-thc-jetable-gros\/#primaryimage"},"image":{"@id":"https:\/\/bcweededible.net\/fr\/buy\/marques\/eden-edibles-fr\/eden-en-vrac\/vapoteuse-thc-jetable-gros\/#primaryimage"},"thumbnailUrl":"https:\/\/bcweededible.net\/wp-content\/uploads\/2023\/09\/bulk-disposable-thc-vape-pens-canada.jpg","datePublished":"2023-09-13T18:07:20+00:00","dateModified":"2026-03-27T12:53:19+00:00","breadcrumb":{"@id":"https:\/\/bcweededible.net\/fr\/buy\/marques\/eden-edibles-fr\/eden-en-vrac\/vapoteuse-thc-jetable-gros\/#breadcrumb"},"inLanguage":"fr-FR","potentialAction":[{"@type":"ReadAction","target":["https:\/\/bcweededible.net\/fr\/buy\/marques\/eden-edibles-fr\/eden-en-vrac\/vapoteuse-thc-jetable-gros\/"]}]},{"@type":"ImageObject","inLanguage":"fr-FR","@id":"https:\/\/bcweededible.net\/fr\/buy\/marques\/eden-edibles-fr\/eden-en-vrac\/vapoteuse-thc-jetable-gros\/#primaryimage","url":"https:\/\/bcweededible.net\/wp-content\/uploads\/2023\/09\/bulk-disposable-thc-vape-pens-canada.jpg","contentUrl":"https:\/\/bcweededible.net\/wp-content\/uploads\/2023\/09\/bulk-disposable-thc-vape-pens-canada.jpg","width":800,"height":800,"caption":"bulk disposable thc vape pens"},{"@type":"BreadcrumbList","@id":"https:\/\/bcweededible.net\/fr\/buy\/marques\/eden-edibles-fr\/eden-en-vrac\/vapoteuse-thc-jetable-gros\/#breadcrumb","itemListElement":[{"@type":"ListItem","position":1,"name":"Jujubes au Pot Canada","item":"https:\/\/bcweededible.net\/fr\/shop\/"},{"@type":"ListItem","position":2,"name":"Wax Pen Jetable en Gros"}]},{"@type":"WebSite","@id":"https:\/\/bcweededible.net\/fr\/#website","url":"https:\/\/bcweededible.net\/fr\/","name":"BC Weed Edible","description":"","publisher":{"@id":"https:\/\/bcweededible.net\/fr\/#organization"},"potentialAction":[{"@type":"SearchAction","target":{"@type":"EntryPoint","urlTemplate":"https:\/\/bcweededible.net\/fr\/?s={search_term_string}"},"query-input":{"@type":"PropertyValueSpecification","valueRequired":true,"valueName":"search_term_string"}}],"inLanguage":"fr-FR"},{"@type":"Organization","@id":"https:\/\/bcweededible.net\/fr\/#organization","name":"BC Weed Edible","url":"https:\/\/bcweededible.net\/fr\/","logo":{"@type":"ImageObject","inLanguage":"fr-FR","@id":"https:\/\/bcweededible.net\/fr\/#\/schema\/logo\/image\/","url":"https:\/\/bcweededible.net\/wp-content\/uploads\/2021\/12\/bc-weed-edible-canada.png","contentUrl":"https:\/\/bcweededible.net\/wp-content\/uploads\/2021\/12\/bc-weed-edible-canada.png","width":270,"height":185,"caption":"BC Weed Edible"},"image":{"@id":"https:\/\/bcweededible.net\/fr\/#\/schema\/logo\/image\/"}}]}},"_links":{"self":[{"href":"https:\/\/bcweededible.net\/fr\/wp-json\/wp\/v2\/product\/44165","targetHints":{"allow":["GET"]}}],"collection":[{"href":"https:\/\/bcweededible.net\/fr\/wp-json\/wp\/v2\/product"}],"about":[{"href":"https:\/\/bcweededible.net\/fr\/wp-json\/wp\/v2\/types\/product"}],"replies":[{"embeddable":true,"href":"https:\/\/bcweededible.net\/fr\/wp-json\/wp\/v2\/comments?post=44165"}],"wp:featuredmedia":[{"embeddable":true,"href":"https:\/\/bcweededible.net\/fr\/wp-json\/wp\/v2\/media\/88588"}],"wp:attachment":[{"href":"https:\/\/bcweededible.net\/fr\/wp-json\/wp\/v2\/media?parent=44165"}],"wp:term":[{"taxonomy":"product_cat","embeddable":true,"href":"https:\/\/bcweededible.net\/fr\/wp-json\/wp\/v2\/product_cat?post=44165"},{"taxonomy":"product_tag","embeddable":true,"href":"https:\/\/bcweededible.net\/fr\/wp-json\/wp\/v2\/product_tag?post=44165"}],"curies":[{"name":"wp","href":"https:\/\/api.w.org\/{rel}","templated":true}]}}