{"id":41768,"date":"2023-08-17T09:44:44","date_gmt":"2023-08-17T16:44:44","guid":{"rendered":"https:\/\/bcweededible.net\/?post_type=product&#038;p=41768"},"modified":"2026-04-09T08:02:13","modified_gmt":"2026-04-09T15:02:13","slug":"wax-pen-jetable-2gr","status":"publish","type":"product","link":"https:\/\/bcweededible.net\/fr\/buy\/marques\/eden-edibles-fr\/wax-pen-jetable-2gr\/","title":{"rendered":"Wax Pen Jetable Eden (2gr)"},"content":{"rendered":"<div class=\"wpb-content-wrapper\"><h2>Achat en ligne de Wax Pen Jetable<\/h2>\n<p>Explorez l&#8217;univers passionnant des <strong>Wax Pens Jetables au Canada<\/strong> avec <a href=\"https:\/\/bcweededible.net\/fr\/\">BC Weed Edible<\/a>. Notre s\u00e9lection de vapes jetables vous offre une exp\u00e9rience de consommation de concentr\u00e9s de la plus haute qualit\u00e9. Que vous soyez novice ou connaisseur, nous avons le choix parfait pour satisfaire vos besoins. Parcourez notre gamme de produits pour d\u00e9couvrir des saveurs exquises, un design haut de gamme et une commodit\u00e9 in\u00e9gal\u00e9e. Magasinez d\u00e8s aujourd&#8217;hui et d\u00e9couvrez pourquoi BC Weed Edible est la destination de choix pour les amateurs de wax pen jetable au Canada.<\/p>\n<h3>A propos du Wax Pen Jetable Eden (2gr)<\/h3>\n<table>\n<thead>\n<tr>\n<th><strong>Informations<\/strong><\/th>\n<th><strong>D\u00e9tails<\/strong><\/th>\n<\/tr>\n<\/thead>\n<tbody>\n<tr>\n<td>Teneur en THC<\/td>\n<td>Chaque stylo contient 2 grammes de distillat de THC<\/td>\n<\/tr>\n<tr>\n<td>Ingr\u00e9dients<\/td>\n<td>Distillat THC, Terp\u00e8nes Naturels<\/td>\n<\/tr>\n<tr>\n<td>Concentration de THC<\/td>\n<td>90-96% THC<\/td>\n<\/tr>\n<tr>\n<td>Base<\/td>\n<td>Biologique<\/td>\n<\/tr>\n<tr>\n<td>Solvant<\/td>\n<td>Sans solvant<\/td>\n<\/tr>\n<tr>\n<td>Effets<\/td>\n<td>D\u00e9pend de la vari\u00e9t\u00e9 (Sativa, Indica ou Hybride)<\/td>\n<\/tr>\n<tr>\n<td>VG\/PG<\/td>\n<td>Pas de VG ni de PG<\/td>\n<\/tr>\n<\/tbody>\n<\/table\n\n\n<h3>Caract\u00e9ristiques Cl\u00e9s<\/h3>\n<ol>\n<li><strong>Praticit\u00e9 :<\/strong> Pas besoin de recharger ni de remplir, profitez de votre wax quand et o\u00f9 vous le souhaitez.<\/li>\n<li><strong>Design de Haute Qualit\u00e9 :<\/strong> Con\u00e7u avec pr\u00e9cision pour des performances optimales.<\/li>\n<li><strong>Dosage Pr\u00e9cis :<\/strong> Obtenez des bouff\u00e9es parfaites gr\u00e2ce \u00e0 notre design convivial.<\/li>\n<li><strong>Jetable et Discret :<\/strong> Utilisez-le et jetez-le de mani\u00e8re responsable sans vous soucier des odeurs ou des fuites.<\/li>\n<\/ol>\n<h3>Comment utiliser notre Wax Pen?<\/h3>\n<p>Notre stylo wax jetable est incroyablement simple \u00e0 utiliser :<\/p>\n<ol>\n<li><strong>D\u00e9ballez et Ouvrez :<\/strong> Ouvrez l&#8217;emballage et retirez le stylo de sa protection.<\/li>\n<li><strong>Inhalez et Appr\u00e9ciez :<\/strong> Inhalez simplement depuis l&#8217;embout du stylo &#8211; pas de boutons ni de param\u00e8tres compliqu\u00e9s.<\/li>\n<li><strong>Rechargez :<\/strong> utilisez avec un c\u00e2ble USB-C si la batterie est vide.<\/li>\n<li><strong>Jetez Responsablement :<\/strong> Lorsqu&#8217;il est vide, jetez le stylo de mani\u00e8re appropri\u00e9e, en veillant \u00e0 l&#8217;\u00e9co-responsabilit\u00e9.<\/li>\n<\/ol>\n<h3>Questions Fr\u00e9quentes (FAQ)<\/h3>\n[vc_row][vc_column][vc_tta_accordion][vc_tta_section title=\"Combien de temps dure une vape wax jetable ?\" tab_id=\"1694558058191-dc8d6a28-b96f\"][vc_column_text woodmart_inline=\"no\" text_larger=\"no\"]La dur\u00e9e de vie d\u00e9pend de votre utilisation, pour une personne ayant une consommation occasionelle ou simplement quelques puff tous les jours il peut vous durer plusieurs mois voir plus! Pour des personne ayant une consommation quotidienne potentiellement 1 mois.[\/vc_column_text][\/vc_tta_section][vc_tta_section title=\" Le wax pen jetable produit-il une odeur ?\" tab_id=\"1694562620327-1c32cb73-eab0\"][vc_column_text woodmart_inline=\"no\" text_larger=\"no\"]Les stylos wax jetables produisent moins d'odeur que d'autres m\u00e9thodes de consommation, comme un joint, dab rig ou encore bang. Les wax pen jetable tous comme les <a href=\"https:\/\/bcweededible.net\/fr\/buy\/marques\/eden-edibles-fr\/cartouches-thc-vape\/\">cartouches de THC pour vape<\/a> sont parfaits pour une utilisation discrete en interieur comme en exterieur.[\/vc_column_text][\/vc_tta_section][vc_tta_section title=\"Puis-je voyager avec un stylo wax jetable ?\" tab_id=\"1694562824103-3348ed14-933d\"][vc_column_text woodmart_inline=\"no\" text_larger=\"no\"]En g\u00e9n\u00e9ral, les stylos wax jetables sont <strong>parfaits pour vos d\u00e9placements, pas besoin de materiel, feuilles, pot, feu...<\/strong> Excellent pour vos vacances! Assurez-vous de respecter les lois locales sur la consommation de produits \u00e0 base de cannabis en voyageant.[\/vc_column_text][\/vc_tta_section][vc_tta_section title=\"Puis-je voyager avec un stylo wax jetable ?\" tab_id=\"1694562982491-0517ae31-4e79\"][vc_column_text woodmart_inline=\"no\" text_larger=\"no\"]En g\u00e9n\u00e9ral, les stylos wax jetables sont <strong>parfaits pour vos d\u00e9placements, pas besoin de materiel, feuilles, pot, feu...<\/strong> Excellent pour vos vacances! Assurez-vous de respecter les lois locales sur la consommation de produits \u00e0 base de cannabis en voyageant.[\/vc_column_text][\/vc_tta_section][vc_tta_section title=\"Puis-je recharger le wax pen ?\" tab_id=\"1694563023009-4da3b448-ffa4\"][vc_column_text woodmart_inline=\"no\" text_larger=\"no\"]Oui, bien que nos stylos sont con\u00e7us pour une utilisation unique <strong>il est possible que vous deviez le recharger<\/strong> surtout si vous avez une utilisation occasionnelle. Dans ce cas vous pouvez simplement recharger votre vape pen avec un<strong> chargeur USB-C.<\/strong>[\/vc_column_text][\/vc_tta_section][\/vc_tta_accordion][\/vc_column][\/vc_row]\n<h3>Pourquoi Choisir Notre Stylo Wax Jetable ?<\/h3>\n<p>Notre Stylo Wax Jetable offre la combinaison ultime de praticit\u00e9, de qualit\u00e9 et de discr\u00e9tion. Voici pourquoi c&#8217;est le choix num\u00e9ro un :<\/p>\n<ol>\n<li><strong>Qualit\u00e9 Premium :<\/strong> Con\u00e7u avec uniquement 2 ingr\u00e9dients, Distillat de THC et 5% de terp\u00e8nes naturels.<\/li>\n<li><strong>Aucun Entretien :<\/strong> Oubliez la recharge ou le remplissage ; il est pr\u00eat quand vous l&#8217;\u00eates.<\/li>\n<li><strong>Convivial en Voyage :<\/strong> Glissez-le dans votre poche ou votre sac pour une consommation en d\u00e9placement.<\/li>\n<\/ol>\n<h3>Obtenez votre Vape au THC Jetable Aujourd&#8217;hui<\/h3>\n<p>Pr\u00eat \u00e0 d\u00e9couvrir la praticit\u00e9 et l&#8217;efficacit\u00e9 de notre Stylo Wax Jetable ? Ne manquez pas cette opportunit\u00e9 &#8211; commandez le v\u00f4tre d\u00e8s maintenant et \u00e9levez votre consommation de wax \u00e0 un tout autre niveau !<\/p>\n<\/div>","protected":false},"excerpt":{"rendered":"<p>Voici le <strong><a href=\"https:\/\/bcweededible.net\/fr\/shop\/vape\/jetable\/\"> wax pen jetable<\/a> Eden 2 grammes<\/strong> &#8211; un concentr\u00e9 de puissance compact pr\u00eat \u00e0 \u00e9lever votre exp\u00e9rience de vapotage. Chaque bouff\u00e9e produit une fum\u00e9e douce en gorge et savoureuse gr\u00e2ce \u00e0 des ingr\u00e9dients de haute qualit\u00e9 tel que le distillat de THC mais aussi aux terp\u00e8nes naturels<\/p>\n<p>Vous avez le choix entre les\u00a0<strong>types Sativa et Indica<\/strong>. Les cartouches de sativa offrent une exp\u00e9rience plus stimulante et c\u00e9r\u00e9brale, parfaite pour la journ\u00e9e et pour rester vigilant. D\u2019autre part, les cartouches Indica procurent un \u201dhigh\u201d relaxant pour le corps et apaisant, id\u00e9al pour se d\u00e9tendre et favoriser le sommeil.><\/p>\n","protected":false},"featured_media":72467,"comment_status":"open","ping_status":"closed","template":"","meta":[],"product_brand":[],"product_cat":[288,305,306,664,287,637],"product_tag":[],"class_list":{"0":"post-41768","1":"product","2":"type-product","3":"status-publish","4":"has-post-thumbnail","6":"product_cat-cartouches-distillat","7":"product_cat-concentres","8":"product_cat-distillat","9":"product_cat-eden-edibles-fr","10":"product_cat-vape","11":"product_cat-jetable","13":"first","14":"instock","15":"sale","16":"shipping-taxable","17":"product-type-variable"},"yoast_head":"\n<title>Achat de Wax Pen Jetable Canada \u00e0 partir de $39 | BC Weed Edible<\/title>\n<meta name=\"robots\" content=\"index, follow, max-snippet:-1, max-image-preview:large, max-video-preview:-1\" \/>\n<link rel=\"canonical\" href=\"https:\/\/bcweededible.net\/fr\/buy\/marques\/eden-edibles-fr\/wax-pen-jetable-2gr\/\" \/>\n<meta property=\"og:locale\" content=\"fr_FR\" \/>\n<meta property=\"og:type\" content=\"article\" \/>\n<meta property=\"og:title\" content=\"Achat de Wax Pen Jetable Canada \u00e0 partir de $39 | BC Weed Edible\" \/>\n<meta property=\"og:description\" content=\"Voici le wax pen jetable Eden 2 grammes - un concentr\u00e9 de puissance compact pr\u00eat \u00e0 \u00e9lever votre exp\u00e9rience de vapotage. Chaque bouff\u00e9e produit une fum\u00e9e douce en gorge et savoureuse gr\u00e2ce \u00e0 des ingr\u00e9dients de haute qualit\u00e9 tel que le distillat de THC mais aussi aux terp\u00e8nes naturels Vous avez le choix entre les\u00a0types Sativa et Indica. Les cartouches de sativa offrent une exp\u00e9rience plus stimulante et c\u00e9r\u00e9brale, parfaite pour la journ\u00e9e et pour rester vigilant. D\u2019autre part, les cartouches Indica procurent un \u201dhigh\u201d relaxant pour le corps et apaisant, id\u00e9al pour se d\u00e9tendre et favoriser le sommeil.&gt;\" \/>\n<meta property=\"og:url\" content=\"https:\/\/bcweededible.net\/fr\/buy\/marques\/eden-edibles-fr\/wax-pen-jetable-2gr\/\" \/>\n<meta property=\"og:site_name\" content=\"BC Weed Edible\" \/>\n<meta property=\"article:modified_time\" content=\"2026-04-09T15:02:13+00:00\" \/>\n<meta property=\"og:image\" content=\"https:\/\/bcweededible.net\/wp-content\/uploads\/2023\/08\/BlackBerry-Kush-Blue.jpg\" \/>\n\t<meta property=\"og:image:width\" content=\"1080\" \/>\n\t<meta property=\"og:image:height\" content=\"1080\" \/>\n\t<meta property=\"og:image:type\" content=\"image\/jpeg\" \/>\n<meta name=\"twitter:card\" content=\"summary_large_image\" \/>\n<meta name=\"twitter:label1\" content=\"Dur\u00e9e de lecture estim\u00e9e\" \/>\n\t<meta name=\"twitter:data1\" content=\"2 minutes\" \/>\n<script type=\"application\/ld+json\" class=\"yoast-schema-graph\">{\"@context\":\"https:\\\/\\\/schema.org\",\"@graph\":[{\"@type\":\"WebPage\",\"@id\":\"https:\\\/\\\/bcweededible.net\\\/fr\\\/buy\\\/marques\\\/eden-edibles-fr\\\/wax-pen-jetable-2gr\\\/\",\"url\":\"https:\\\/\\\/bcweededible.net\\\/fr\\\/buy\\\/marques\\\/eden-edibles-fr\\\/wax-pen-jetable-2gr\\\/\",\"name\":\"Achat de Wax Pen Jetable Canada \u00e0 partir de $39 | BC Weed Edible\",\"isPartOf\":{\"@id\":\"https:\\\/\\\/bcweededible.net\\\/fr\\\/#website\"},\"primaryImageOfPage\":{\"@id\":\"https:\\\/\\\/bcweededible.net\\\/fr\\\/buy\\\/marques\\\/eden-edibles-fr\\\/wax-pen-jetable-2gr\\\/#primaryimage\"},\"image\":{\"@id\":\"https:\\\/\\\/bcweededible.net\\\/fr\\\/buy\\\/marques\\\/eden-edibles-fr\\\/wax-pen-jetable-2gr\\\/#primaryimage\"},\"thumbnailUrl\":\"https:\\\/\\\/bcweededible.net\\\/wp-content\\\/uploads\\\/2023\\\/08\\\/BlackBerry-Kush-Blue.jpg\",\"datePublished\":\"2023-08-17T16:44:44+00:00\",\"dateModified\":\"2026-04-09T15:02:13+00:00\",\"breadcrumb\":{\"@id\":\"https:\\\/\\\/bcweededible.net\\\/fr\\\/buy\\\/marques\\\/eden-edibles-fr\\\/wax-pen-jetable-2gr\\\/#breadcrumb\"},\"inLanguage\":\"fr-FR\",\"potentialAction\":[{\"@type\":\"ReadAction\",\"target\":[\"https:\\\/\\\/bcweededible.net\\\/fr\\\/buy\\\/marques\\\/eden-edibles-fr\\\/wax-pen-jetable-2gr\\\/\"]}]},{\"@type\":\"ImageObject\",\"inLanguage\":\"fr-FR\",\"@id\":\"https:\\\/\\\/bcweededible.net\\\/fr\\\/buy\\\/marques\\\/eden-edibles-fr\\\/wax-pen-jetable-2gr\\\/#primaryimage\",\"url\":\"https:\\\/\\\/bcweededible.net\\\/wp-content\\\/uploads\\\/2023\\\/08\\\/BlackBerry-Kush-Blue.jpg\",\"contentUrl\":\"https:\\\/\\\/bcweededible.net\\\/wp-content\\\/uploads\\\/2023\\\/08\\\/BlackBerry-Kush-Blue.jpg\",\"width\":1080,\"height\":1080,\"caption\":\"eden disposable 2gr blackberry kush\"},{\"@type\":\"BreadcrumbList\",\"@id\":\"https:\\\/\\\/bcweededible.net\\\/fr\\\/buy\\\/marques\\\/eden-edibles-fr\\\/wax-pen-jetable-2gr\\\/#breadcrumb\",\"itemListElement\":[{\"@type\":\"ListItem\",\"position\":1,\"name\":\"Jujubes au Pot Canada\",\"item\":\"https:\\\/\\\/bcweededible.net\\\/fr\\\/shop\\\/\"},{\"@type\":\"ListItem\",\"position\":2,\"name\":\"Wax Pen Jetable Eden (2gr)\"}]},{\"@type\":\"WebSite\",\"@id\":\"https:\\\/\\\/bcweededible.net\\\/fr\\\/#website\",\"url\":\"https:\\\/\\\/bcweededible.net\\\/fr\\\/\",\"name\":\"BC Weed Edible\",\"description\":\"\",\"publisher\":{\"@id\":\"https:\\\/\\\/bcweededible.net\\\/fr\\\/#organization\"},\"potentialAction\":[{\"@type\":\"SearchAction\",\"target\":{\"@type\":\"EntryPoint\",\"urlTemplate\":\"https:\\\/\\\/bcweededible.net\\\/fr\\\/?s={search_term_string}\"},\"query-input\":{\"@type\":\"PropertyValueSpecification\",\"valueRequired\":true,\"valueName\":\"search_term_string\"}}],\"inLanguage\":\"fr-FR\"},{\"@type\":\"Organization\",\"@id\":\"https:\\\/\\\/bcweededible.net\\\/fr\\\/#organization\",\"name\":\"BC Weed Edible\",\"url\":\"https:\\\/\\\/bcweededible.net\\\/fr\\\/\",\"logo\":{\"@type\":\"ImageObject\",\"inLanguage\":\"fr-FR\",\"@id\":\"https:\\\/\\\/bcweededible.net\\\/fr\\\/#\\\/schema\\\/logo\\\/image\\\/\",\"url\":\"https:\\\/\\\/bcweededible.net\\\/wp-content\\\/uploads\\\/2021\\\/12\\\/bc-weed-edible-canada.png\",\"contentUrl\":\"https:\\\/\\\/bcweededible.net\\\/wp-content\\\/uploads\\\/2021\\\/12\\\/bc-weed-edible-canada.png\",\"width\":270,\"height\":185,\"caption\":\"BC Weed Edible\"},\"image\":{\"@id\":\"https:\\\/\\\/bcweededible.net\\\/fr\\\/#\\\/schema\\\/logo\\\/image\\\/\"}}]}<\/script>\n","yoast_head_json":{"title":"Achat de Wax Pen Jetable Canada \u00e0 partir de $39 | BC Weed Edible","robots":{"index":"index","follow":"follow","max-snippet":"max-snippet:-1","max-image-preview":"max-image-preview:large","max-video-preview":"max-video-preview:-1"},"canonical":"https:\/\/bcweededible.net\/fr\/buy\/marques\/eden-edibles-fr\/wax-pen-jetable-2gr\/","og_locale":"fr_FR","og_type":"article","og_title":"Achat de Wax Pen Jetable Canada \u00e0 partir de $39 | BC Weed Edible","og_description":"Voici le wax pen jetable Eden 2 grammes - un concentr\u00e9 de puissance compact pr\u00eat \u00e0 \u00e9lever votre exp\u00e9rience de vapotage. Chaque bouff\u00e9e produit une fum\u00e9e douce en gorge et savoureuse gr\u00e2ce \u00e0 des ingr\u00e9dients de haute qualit\u00e9 tel que le distillat de THC mais aussi aux terp\u00e8nes naturels Vous avez le choix entre les\u00a0types Sativa et Indica. Les cartouches de sativa offrent une exp\u00e9rience plus stimulante et c\u00e9r\u00e9brale, parfaite pour la journ\u00e9e et pour rester vigilant. D\u2019autre part, les cartouches Indica procurent un \u201dhigh\u201d relaxant pour le corps et apaisant, id\u00e9al pour se d\u00e9tendre et favoriser le sommeil.>","og_url":"https:\/\/bcweededible.net\/fr\/buy\/marques\/eden-edibles-fr\/wax-pen-jetable-2gr\/","og_site_name":"BC Weed Edible","article_modified_time":"2026-04-09T15:02:13+00:00","og_image":[{"width":1080,"height":1080,"url":"https:\/\/bcweededible.net\/wp-content\/uploads\/2023\/08\/BlackBerry-Kush-Blue.jpg","type":"image\/jpeg"}],"twitter_card":"summary_large_image","twitter_misc":{"Dur\u00e9e de lecture estim\u00e9e":"2 minutes"},"schema":{"@context":"https:\/\/schema.org","@graph":[{"@type":"WebPage","@id":"https:\/\/bcweededible.net\/fr\/buy\/marques\/eden-edibles-fr\/wax-pen-jetable-2gr\/","url":"https:\/\/bcweededible.net\/fr\/buy\/marques\/eden-edibles-fr\/wax-pen-jetable-2gr\/","name":"Achat de Wax Pen Jetable Canada \u00e0 partir de $39 | BC Weed Edible","isPartOf":{"@id":"https:\/\/bcweededible.net\/fr\/#website"},"primaryImageOfPage":{"@id":"https:\/\/bcweededible.net\/fr\/buy\/marques\/eden-edibles-fr\/wax-pen-jetable-2gr\/#primaryimage"},"image":{"@id":"https:\/\/bcweededible.net\/fr\/buy\/marques\/eden-edibles-fr\/wax-pen-jetable-2gr\/#primaryimage"},"thumbnailUrl":"https:\/\/bcweededible.net\/wp-content\/uploads\/2023\/08\/BlackBerry-Kush-Blue.jpg","datePublished":"2023-08-17T16:44:44+00:00","dateModified":"2026-04-09T15:02:13+00:00","breadcrumb":{"@id":"https:\/\/bcweededible.net\/fr\/buy\/marques\/eden-edibles-fr\/wax-pen-jetable-2gr\/#breadcrumb"},"inLanguage":"fr-FR","potentialAction":[{"@type":"ReadAction","target":["https:\/\/bcweededible.net\/fr\/buy\/marques\/eden-edibles-fr\/wax-pen-jetable-2gr\/"]}]},{"@type":"ImageObject","inLanguage":"fr-FR","@id":"https:\/\/bcweededible.net\/fr\/buy\/marques\/eden-edibles-fr\/wax-pen-jetable-2gr\/#primaryimage","url":"https:\/\/bcweededible.net\/wp-content\/uploads\/2023\/08\/BlackBerry-Kush-Blue.jpg","contentUrl":"https:\/\/bcweededible.net\/wp-content\/uploads\/2023\/08\/BlackBerry-Kush-Blue.jpg","width":1080,"height":1080,"caption":"eden disposable 2gr blackberry kush"},{"@type":"BreadcrumbList","@id":"https:\/\/bcweededible.net\/fr\/buy\/marques\/eden-edibles-fr\/wax-pen-jetable-2gr\/#breadcrumb","itemListElement":[{"@type":"ListItem","position":1,"name":"Jujubes au Pot Canada","item":"https:\/\/bcweededible.net\/fr\/shop\/"},{"@type":"ListItem","position":2,"name":"Wax Pen Jetable Eden (2gr)"}]},{"@type":"WebSite","@id":"https:\/\/bcweededible.net\/fr\/#website","url":"https:\/\/bcweededible.net\/fr\/","name":"BC Weed Edible","description":"","publisher":{"@id":"https:\/\/bcweededible.net\/fr\/#organization"},"potentialAction":[{"@type":"SearchAction","target":{"@type":"EntryPoint","urlTemplate":"https:\/\/bcweededible.net\/fr\/?s={search_term_string}"},"query-input":{"@type":"PropertyValueSpecification","valueRequired":true,"valueName":"search_term_string"}}],"inLanguage":"fr-FR"},{"@type":"Organization","@id":"https:\/\/bcweededible.net\/fr\/#organization","name":"BC Weed Edible","url":"https:\/\/bcweededible.net\/fr\/","logo":{"@type":"ImageObject","inLanguage":"fr-FR","@id":"https:\/\/bcweededible.net\/fr\/#\/schema\/logo\/image\/","url":"https:\/\/bcweededible.net\/wp-content\/uploads\/2021\/12\/bc-weed-edible-canada.png","contentUrl":"https:\/\/bcweededible.net\/wp-content\/uploads\/2021\/12\/bc-weed-edible-canada.png","width":270,"height":185,"caption":"BC Weed Edible"},"image":{"@id":"https:\/\/bcweededible.net\/fr\/#\/schema\/logo\/image\/"}}]}},"_links":{"self":[{"href":"https:\/\/bcweededible.net\/fr\/wp-json\/wp\/v2\/product\/41768","targetHints":{"allow":["GET"]}}],"collection":[{"href":"https:\/\/bcweededible.net\/fr\/wp-json\/wp\/v2\/product"}],"about":[{"href":"https:\/\/bcweededible.net\/fr\/wp-json\/wp\/v2\/types\/product"}],"replies":[{"embeddable":true,"href":"https:\/\/bcweededible.net\/fr\/wp-json\/wp\/v2\/comments?post=41768"}],"wp:featuredmedia":[{"embeddable":true,"href":"https:\/\/bcweededible.net\/fr\/wp-json\/wp\/v2\/media\/72467"}],"wp:attachment":[{"href":"https:\/\/bcweededible.net\/fr\/wp-json\/wp\/v2\/media?parent=41768"}],"wp:term":[{"taxonomy":"product_brand","embeddable":true,"href":"https:\/\/bcweededible.net\/fr\/wp-json\/wp\/v2\/product_brand?post=41768"},{"taxonomy":"product_cat","embeddable":true,"href":"https:\/\/bcweededible.net\/fr\/wp-json\/wp\/v2\/product_cat?post=41768"},{"taxonomy":"product_tag","embeddable":true,"href":"https:\/\/bcweededible.net\/fr\/wp-json\/wp\/v2\/product_tag?post=41768"}],"curies":[{"name":"wp","href":"https:\/\/api.w.org\/{rel}","templated":true}]}}