{"id":40180,"date":"2023-05-18T16:23:24","date_gmt":"2023-08-04T21:09:14","guid":{"rendered":"https:\/\/bcweededible.net\/buy\/non%20class\u00e9\/mercedes-hash\/"},"modified":"2026-04-01T11:07:45","modified_gmt":"2026-04-01T18:07:45","slug":"mercedes-hash","status":"publish","type":"product","link":"https:\/\/bcweededible.net\/fr\/buy\/concentres\/hasch\/bc-hash-fr\/mercedes-hash\/","title":{"rendered":"Hash Mercedes"},"content":{"rendered":"<h2><strong>Acheter le hash Mercedes au Canada<\/strong><\/h2>\n<p>Ne cherchez pas plus loin, nous vous offrons un moyen pratique d&#8217;acheter le hash Mercedes<strong> \u00e0 bon prix <\/strong>Nos prix sont comp\u00e9titifs et nous proposons une livraison \u00e0 domicile.<br \/>\nPour commencer, il vous suffit de parcourir notre <a href=\"https:\/\/bcweededible.net\/fr\/shop\/concentres\/hasch\/\">s\u00e9lection de hash<\/a> sur notre site web et de s\u00e9lectionner le produit que vous souhaitez acheter. Une fois votre s\u00e9lection effectu\u00e9e, passez \u00e0 la caisse et indiquez vos coordonn\u00e9es de livraison. Nous nous occupons du reste !<\/p>\n<h2>Le c\u00e9l\u00e8bre hash de la Colombie-Britannique<\/h2>\n<p>En ce qui concerne le <strong>c\u00e9l\u00e8bre haschisch de Colombie-Britannique<\/strong>, les options ne manquent pas. Mais ce qui distingue le haschisch fabriqu\u00e9 en Colombie-Britannique, c&#8217;est la qualit\u00e9 de son processus de fabrication. La Colombie-Britannique est depuis longtemps r\u00e9put\u00e9e pour la qualit\u00e9 de ses produits \u00e0 base de cannabis, et le haschisch ne fait pas exception \u00e0 la r\u00e8gle. Le processus de fabrication en Colombie-Britannique implique souvent l&#8217;utilisation de techniques traditionnelles transmises de g\u00e9n\u00e9ration en g\u00e9n\u00e9ration par les amateurs de cannabis, ce qui garantit un produit de haute qualit\u00e9.<\/p>\n<p>Sur notre site web, nous proposons une vari\u00e9t\u00e9 de produits de haschisch fabriqu\u00e9s en Colombie-Britannique qui ne manqueront pas d&#8217;impressionner m\u00eame les connaisseurs les plus exigeants. Nous vous recommandons d&#8217;essayer de plus petites quantit\u00e9s avant de faire des gros achats\u00a0 pour vous assurer que vous trouvez ce qui correspond \u00e0 vos pr\u00e9f\u00e9rences.<\/p>\n<h2>Critique du hash Mercedes<\/h2>\n<p class=\"my-0.5\">La v\u00e9ritable magie r\u00e9side dans ses effets. Plongez dans un monde de d\u00e9tente et de cr\u00e9ativit\u00e9, le hash Mercedes apaise doucement votre corps et votre esprit, offrant un cadre id\u00e9al pour l&#8217;introspection et les conversations inspir\u00e9es.<\/p>\n<p class=\"my-0.5\">Que vous soyez un connaisseur chevronn\u00e9 du cannabis ou un nouveau venu curieux, ce hash vous offre une exp\u00e9rience in\u00e9gal\u00e9e qui vous donnera envie d&#8217;en redemander. Alors pourquoi attendre ? Offrez-vous d\u00e8s aujourd&#8217;hui l&#8217;univers riche, aromatique et transformateur du hash Mercedes<\/p>\n<h2>Comment fumer le hash Mercedes ?<\/h2>\n<p>Pour fumer le hash Mercedes, il suffit d&#8217;en casser un petit morceau et de le chauffer jusqu&#8217;\u00e0 ce qu&#8217;il s&#8217;effrite ou qu&#8217;il fonde. Introduisez-le dans une pipe ou un joint et tirez lentement une bouff\u00e9e. Commencez par de petites quantit\u00e9s en raison de sa puissance. Profitez d&#8217;une saveur et d&#8217;une exp\u00e9rience unique!<\/p>\n","protected":false},"excerpt":{"rendered":"<p>Nous vous pr\u00e9sentons notre <strong>hash Mercedes<\/strong>, un hash afghan de grande valeur fabriqu\u00e9 avec soin dans la belle province de Colombie-Britannique, au Canada. Ce <a href=\"https:\/\/bcweededible.net\/shop\/concentrates\/\">concentr\u00e9 de cannabis<\/a> exceptionnel transportera les connaisseurs de haschisch de la vieille \u00e9cole dans un voyage nostalgique vers le pass\u00e9, tout en offrant aux nouveaux venus un <strong>go\u00fbt authentique de l&#8217;h\u00e9ritage du haschisch<\/strong>. Notre hash Mercedes d\u00e9gage un <strong>ar\u00f4me \u00e9pic\u00e9<\/strong> s\u00e9duisant qui ne manquera pas d&#8217;\u00e9veiller vos sens et de vous faire vivre une exp\u00e9rience m\u00e9morable. La texture est<strong> mall\u00e9able et facile \u00e0 travailler<\/strong>, ce qui garantit un processus de pr\u00e9paration sans probl\u00e8me pour votre plaisir de fumer.<\/p>\n<h2>Informations sur le hash Mercedes<\/h2>\n<table>\n<tbody>\n<tr>\n<td class=\"has-text-align-center\" style=\"text-align: left;\" data-align=\"center\">Ph\u00e9notype<\/td>\n<td class=\"has-text-align-center\" style=\"text-align: left;\" data-align=\"center\">Hybride<\/td>\n<\/tr>\n<tr>\n<td class=\"has-text-align-center\" data-align=\"center\">Teneur en THC<\/td>\n<td class=\"has-text-align-center\" data-align=\"center\">30-40%+<\/td>\n<\/tr>\n<tr>\n<td class=\"has-text-align-center\" data-align=\"center\">Consistance<\/td>\n<td class=\"has-text-align-center\" data-align=\"center\">Mall\u00e9able et flexible<\/td>\n<\/tr>\n<tr>\n<td class=\"has-text-align-center\" style=\"text-align: left;\" data-align=\"center\">Grade<\/td>\n<td class=\"has-text-align-center\" style=\"text-align: left;\" data-align=\"center\">AAA<\/td>\n<\/tr>\n<tr>\n<td class=\"has-text-align-center\" style=\"text-align: left;\" data-align=\"center\">Couleur<\/td>\n<td class=\"has-text-align-center\" style=\"text-align: left;\" data-align=\"center\">Brun fonc\u00e9<\/td>\n<\/tr>\n<tr>\n<td class=\"has-text-align-center\" style=\"text-align: left;\" data-align=\"center\">Effets<\/td>\n<td class=\"has-text-align-center\" style=\"text-align: left;\" data-align=\"center\">Heureux, d\u00e9tendu<\/td>\n<\/tr>\n<tr>\n<td class=\"has-text-align-center\" style=\"text-align: left;\" data-align=\"center\">Saveur<\/td>\n<td class=\"has-text-align-center\" style=\"text-align: left;\" data-align=\"center\">\u00c9pic\u00e9, puissant, poivr\u00e9<\/td>\n<\/tr>\n<\/tbody>\n<\/table>\n","protected":false},"featured_media":33848,"comment_status":"open","ping_status":"closed","template":"","meta":{"wprm-recipe-roundup-name":"","wprm-recipe-roundup-description":""},"product_cat":[659,660,661,628,305],"product_tag":[],"class_list":{"0":"post-40180","1":"product","2":"type-product","3":"status-publish","4":"has-post-thumbnail","6":"product_cat-bc-hash-fr","7":"product_cat-bulk-hash-fr","8":"product_cat-haschisch-bon-marche","9":"product_cat-hasch","10":"product_cat-concentres","12":"first","13":"instock","14":"sale","15":"shipping-taxable","16":"purchasable","17":"product-type-variable","18":"has-default-attributes"},"yoast_head":"\n<title>Acheter Hash Mercedes \u00e0 partir de $3\/gramme | Acheter du haschisch en vrac et bon march\u00e9 en ligne | BC Weed Edible.<\/title>\n<meta name=\"description\" content=\"Le haschisch Mercedes est un choix populaire parmi les amateurs de cannabis et il est souvent consomm\u00e9 en le fumant ou en le vaporisant. Si vous \u00eates \u00e0 la recherche d&#039;une Mercedes hash de qualit\u00e9 sup\u00e9rieure, ne cherchez pas plus loin que notre site web !\" \/>\n<meta name=\"robots\" content=\"index, follow, max-snippet:-1, max-image-preview:large, max-video-preview:-1\" \/>\n<link rel=\"canonical\" href=\"https:\/\/bcweededible.net\/fr\/buy\/concentres\/hasch\/bc-hash-fr\/mercedes-hash\/\" \/>\n<meta property=\"og:locale\" content=\"fr_FR\" \/>\n<meta property=\"og:type\" content=\"article\" \/>\n<meta property=\"og:title\" content=\"Acheter Hash Mercedes \u00e0 partir de $3\/gramme | Acheter du haschisch en vrac et bon march\u00e9 en ligne | BC Weed Edible.\" \/>\n<meta property=\"og:description\" content=\"Le haschisch Mercedes est un choix populaire parmi les amateurs de cannabis et il est souvent consomm\u00e9 en le fumant ou en le vaporisant. Si vous \u00eates \u00e0 la recherche d&#039;une Mercedes hash de qualit\u00e9 sup\u00e9rieure, ne cherchez pas plus loin que notre site web !\" \/>\n<meta property=\"og:url\" content=\"https:\/\/bcweededible.net\/fr\/buy\/concentres\/hasch\/bc-hash-fr\/mercedes-hash\/\" \/>\n<meta property=\"og:site_name\" content=\"BC Weed Edible\" \/>\n<meta property=\"article:modified_time\" content=\"2026-04-01T18:07:45+00:00\" \/>\n<meta property=\"og:image\" content=\"https:\/\/bcweededible.net\/wp-content\/uploads\/2023\/05\/Mercedes-Hash-New-1-1.jpg\" \/>\n\t<meta property=\"og:image:width\" content=\"924\" \/>\n\t<meta property=\"og:image:height\" content=\"924\" \/>\n\t<meta property=\"og:image:type\" content=\"image\/jpeg\" \/>\n<meta name=\"twitter:card\" content=\"summary_large_image\" \/>\n<meta name=\"twitter:label1\" content=\"Dur\u00e9e de lecture estim\u00e9e\" \/>\n\t<meta name=\"twitter:data1\" content=\"2 minutes\" \/>\n<script type=\"application\/ld+json\" class=\"yoast-schema-graph\">{\"@context\":\"https:\/\/schema.org\",\"@graph\":[{\"@type\":\"WebPage\",\"@id\":\"https:\/\/bcweededible.net\/fr\/buy\/concentres\/hasch\/bc-hash-fr\/mercedes-hash\/\",\"url\":\"https:\/\/bcweededible.net\/fr\/buy\/concentres\/hasch\/bc-hash-fr\/mercedes-hash\/\",\"name\":\"Acheter Hash Mercedes \u00e0 partir de $3\/gramme | Acheter du haschisch en vrac et bon march\u00e9 en ligne | BC Weed Edible.\",\"isPartOf\":{\"@id\":\"https:\/\/bcweededible.net\/fr\/#website\"},\"primaryImageOfPage\":{\"@id\":\"https:\/\/bcweededible.net\/fr\/buy\/concentres\/hasch\/bc-hash-fr\/mercedes-hash\/#primaryimage\"},\"image\":{\"@id\":\"https:\/\/bcweededible.net\/fr\/buy\/concentres\/hasch\/bc-hash-fr\/mercedes-hash\/#primaryimage\"},\"thumbnailUrl\":\"https:\/\/bcweededible.net\/wp-content\/uploads\/2023\/05\/Mercedes-Hash-New-1-1.jpg\",\"datePublished\":\"2023-08-04T21:09:14+00:00\",\"dateModified\":\"2026-04-01T18:07:45+00:00\",\"description\":\"Le haschisch Mercedes est un choix populaire parmi les amateurs de cannabis et il est souvent consomm\u00e9 en le fumant ou en le vaporisant. Si vous \u00eates \u00e0 la recherche d'une Mercedes hash de qualit\u00e9 sup\u00e9rieure, ne cherchez pas plus loin que notre site web !\",\"breadcrumb\":{\"@id\":\"https:\/\/bcweededible.net\/fr\/buy\/concentres\/hasch\/bc-hash-fr\/mercedes-hash\/#breadcrumb\"},\"inLanguage\":\"fr-FR\",\"potentialAction\":[{\"@type\":\"ReadAction\",\"target\":[\"https:\/\/bcweededible.net\/fr\/buy\/concentres\/hasch\/bc-hash-fr\/mercedes-hash\/\"]}]},{\"@type\":\"ImageObject\",\"inLanguage\":\"fr-FR\",\"@id\":\"https:\/\/bcweededible.net\/fr\/buy\/concentres\/hasch\/bc-hash-fr\/mercedes-hash\/#primaryimage\",\"url\":\"https:\/\/bcweededible.net\/wp-content\/uploads\/2023\/05\/Mercedes-Hash-New-1-1.jpg\",\"contentUrl\":\"https:\/\/bcweededible.net\/wp-content\/uploads\/2023\/05\/Mercedes-Hash-New-1-1.jpg\",\"width\":924,\"height\":924,\"caption\":\"mercedes hash bar\"},{\"@type\":\"BreadcrumbList\",\"@id\":\"https:\/\/bcweededible.net\/fr\/buy\/concentres\/hasch\/bc-hash-fr\/mercedes-hash\/#breadcrumb\",\"itemListElement\":[{\"@type\":\"ListItem\",\"position\":1,\"name\":\"Jujubes au Pot Canada\",\"item\":\"https:\/\/bcweededible.net\/fr\/shop\/\"},{\"@type\":\"ListItem\",\"position\":2,\"name\":\"Hash Mercedes\"}]},{\"@type\":\"WebSite\",\"@id\":\"https:\/\/bcweededible.net\/fr\/#website\",\"url\":\"https:\/\/bcweededible.net\/fr\/\",\"name\":\"BC Weed Edible\",\"description\":\"\",\"publisher\":{\"@id\":\"https:\/\/bcweededible.net\/fr\/#organization\"},\"potentialAction\":[{\"@type\":\"SearchAction\",\"target\":{\"@type\":\"EntryPoint\",\"urlTemplate\":\"https:\/\/bcweededible.net\/fr\/?s={search_term_string}\"},\"query-input\":{\"@type\":\"PropertyValueSpecification\",\"valueRequired\":true,\"valueName\":\"search_term_string\"}}],\"inLanguage\":\"fr-FR\"},{\"@type\":\"Organization\",\"@id\":\"https:\/\/bcweededible.net\/fr\/#organization\",\"name\":\"BC Weed Edible\",\"url\":\"https:\/\/bcweededible.net\/fr\/\",\"logo\":{\"@type\":\"ImageObject\",\"inLanguage\":\"fr-FR\",\"@id\":\"https:\/\/bcweededible.net\/fr\/#\/schema\/logo\/image\/\",\"url\":\"https:\/\/bcweededible.net\/wp-content\/uploads\/2021\/12\/bc-weed-edible-canada.png\",\"contentUrl\":\"https:\/\/bcweededible.net\/wp-content\/uploads\/2021\/12\/bc-weed-edible-canada.png\",\"width\":270,\"height\":185,\"caption\":\"BC Weed Edible\"},\"image\":{\"@id\":\"https:\/\/bcweededible.net\/fr\/#\/schema\/logo\/image\/\"}}]}<\/script>\n","yoast_head_json":{"title":"Acheter Hash Mercedes \u00e0 partir de $3\/gramme | Acheter du haschisch en vrac et bon march\u00e9 en ligne | BC Weed Edible.","description":"Le haschisch Mercedes est un choix populaire parmi les amateurs de cannabis et il est souvent consomm\u00e9 en le fumant ou en le vaporisant. Si vous \u00eates \u00e0 la recherche d'une Mercedes hash de qualit\u00e9 sup\u00e9rieure, ne cherchez pas plus loin que notre site web !","robots":{"index":"index","follow":"follow","max-snippet":"max-snippet:-1","max-image-preview":"max-image-preview:large","max-video-preview":"max-video-preview:-1"},"canonical":"https:\/\/bcweededible.net\/fr\/buy\/concentres\/hasch\/bc-hash-fr\/mercedes-hash\/","og_locale":"fr_FR","og_type":"article","og_title":"Acheter Hash Mercedes \u00e0 partir de $3\/gramme | Acheter du haschisch en vrac et bon march\u00e9 en ligne | BC Weed Edible.","og_description":"Le haschisch Mercedes est un choix populaire parmi les amateurs de cannabis et il est souvent consomm\u00e9 en le fumant ou en le vaporisant. Si vous \u00eates \u00e0 la recherche d'une Mercedes hash de qualit\u00e9 sup\u00e9rieure, ne cherchez pas plus loin que notre site web !","og_url":"https:\/\/bcweededible.net\/fr\/buy\/concentres\/hasch\/bc-hash-fr\/mercedes-hash\/","og_site_name":"BC Weed Edible","article_modified_time":"2026-04-01T18:07:45+00:00","og_image":[{"width":924,"height":924,"url":"https:\/\/bcweededible.net\/wp-content\/uploads\/2023\/05\/Mercedes-Hash-New-1-1.jpg","type":"image\/jpeg"}],"twitter_card":"summary_large_image","twitter_misc":{"Dur\u00e9e de lecture estim\u00e9e":"2 minutes"},"schema":{"@context":"https:\/\/schema.org","@graph":[{"@type":"WebPage","@id":"https:\/\/bcweededible.net\/fr\/buy\/concentres\/hasch\/bc-hash-fr\/mercedes-hash\/","url":"https:\/\/bcweededible.net\/fr\/buy\/concentres\/hasch\/bc-hash-fr\/mercedes-hash\/","name":"Acheter Hash Mercedes \u00e0 partir de $3\/gramme | Acheter du haschisch en vrac et bon march\u00e9 en ligne | BC Weed Edible.","isPartOf":{"@id":"https:\/\/bcweededible.net\/fr\/#website"},"primaryImageOfPage":{"@id":"https:\/\/bcweededible.net\/fr\/buy\/concentres\/hasch\/bc-hash-fr\/mercedes-hash\/#primaryimage"},"image":{"@id":"https:\/\/bcweededible.net\/fr\/buy\/concentres\/hasch\/bc-hash-fr\/mercedes-hash\/#primaryimage"},"thumbnailUrl":"https:\/\/bcweededible.net\/wp-content\/uploads\/2023\/05\/Mercedes-Hash-New-1-1.jpg","datePublished":"2023-08-04T21:09:14+00:00","dateModified":"2026-04-01T18:07:45+00:00","description":"Le haschisch Mercedes est un choix populaire parmi les amateurs de cannabis et il est souvent consomm\u00e9 en le fumant ou en le vaporisant. Si vous \u00eates \u00e0 la recherche d'une Mercedes hash de qualit\u00e9 sup\u00e9rieure, ne cherchez pas plus loin que notre site web !","breadcrumb":{"@id":"https:\/\/bcweededible.net\/fr\/buy\/concentres\/hasch\/bc-hash-fr\/mercedes-hash\/#breadcrumb"},"inLanguage":"fr-FR","potentialAction":[{"@type":"ReadAction","target":["https:\/\/bcweededible.net\/fr\/buy\/concentres\/hasch\/bc-hash-fr\/mercedes-hash\/"]}]},{"@type":"ImageObject","inLanguage":"fr-FR","@id":"https:\/\/bcweededible.net\/fr\/buy\/concentres\/hasch\/bc-hash-fr\/mercedes-hash\/#primaryimage","url":"https:\/\/bcweededible.net\/wp-content\/uploads\/2023\/05\/Mercedes-Hash-New-1-1.jpg","contentUrl":"https:\/\/bcweededible.net\/wp-content\/uploads\/2023\/05\/Mercedes-Hash-New-1-1.jpg","width":924,"height":924,"caption":"mercedes hash bar"},{"@type":"BreadcrumbList","@id":"https:\/\/bcweededible.net\/fr\/buy\/concentres\/hasch\/bc-hash-fr\/mercedes-hash\/#breadcrumb","itemListElement":[{"@type":"ListItem","position":1,"name":"Jujubes au Pot Canada","item":"https:\/\/bcweededible.net\/fr\/shop\/"},{"@type":"ListItem","position":2,"name":"Hash Mercedes"}]},{"@type":"WebSite","@id":"https:\/\/bcweededible.net\/fr\/#website","url":"https:\/\/bcweededible.net\/fr\/","name":"BC Weed Edible","description":"","publisher":{"@id":"https:\/\/bcweededible.net\/fr\/#organization"},"potentialAction":[{"@type":"SearchAction","target":{"@type":"EntryPoint","urlTemplate":"https:\/\/bcweededible.net\/fr\/?s={search_term_string}"},"query-input":{"@type":"PropertyValueSpecification","valueRequired":true,"valueName":"search_term_string"}}],"inLanguage":"fr-FR"},{"@type":"Organization","@id":"https:\/\/bcweededible.net\/fr\/#organization","name":"BC Weed Edible","url":"https:\/\/bcweededible.net\/fr\/","logo":{"@type":"ImageObject","inLanguage":"fr-FR","@id":"https:\/\/bcweededible.net\/fr\/#\/schema\/logo\/image\/","url":"https:\/\/bcweededible.net\/wp-content\/uploads\/2021\/12\/bc-weed-edible-canada.png","contentUrl":"https:\/\/bcweededible.net\/wp-content\/uploads\/2021\/12\/bc-weed-edible-canada.png","width":270,"height":185,"caption":"BC Weed Edible"},"image":{"@id":"https:\/\/bcweededible.net\/fr\/#\/schema\/logo\/image\/"}}]}},"_links":{"self":[{"href":"https:\/\/bcweededible.net\/fr\/wp-json\/wp\/v2\/product\/40180","targetHints":{"allow":["GET"]}}],"collection":[{"href":"https:\/\/bcweededible.net\/fr\/wp-json\/wp\/v2\/product"}],"about":[{"href":"https:\/\/bcweededible.net\/fr\/wp-json\/wp\/v2\/types\/product"}],"replies":[{"embeddable":true,"href":"https:\/\/bcweededible.net\/fr\/wp-json\/wp\/v2\/comments?post=40180"}],"wp:featuredmedia":[{"embeddable":true,"href":"https:\/\/bcweededible.net\/fr\/wp-json\/wp\/v2\/media\/33848"}],"wp:attachment":[{"href":"https:\/\/bcweededible.net\/fr\/wp-json\/wp\/v2\/media?parent=40180"}],"wp:term":[{"taxonomy":"product_cat","embeddable":true,"href":"https:\/\/bcweededible.net\/fr\/wp-json\/wp\/v2\/product_cat?post=40180"},{"taxonomy":"product_tag","embeddable":true,"href":"https:\/\/bcweededible.net\/fr\/wp-json\/wp\/v2\/product_tag?post=40180"}],"curies":[{"name":"wp","href":"https:\/\/api.w.org\/{rel}","templated":true}]}}