{"id":40113,"date":"2023-05-19T11:19:43","date_gmt":"2023-08-04T21:08:47","guid":{"rendered":"https:\/\/bcweededible.net\/buy\/non%20class\u00e9\/bentley-hash\/"},"modified":"2026-03-07T04:35:55","modified_gmt":"2026-03-07T12:35:55","slug":"bentley-hash","status":"publish","type":"product","link":"https:\/\/bcweededible.net\/fr\/buy\/concentres\/hasch\/bc-hash-fr\/bentley-hash\/","title":{"rendered":"Hash Bentley"},"content":{"rendered":"<p>Le <strong>hash Bentley<\/strong> est plus qu&#8217;un simple concentr\u00e9 de cannabis &#8211; c&#8217;est un produit de premi\u00e8re qualit\u00e9 qui offre une exp\u00e9rience unique aux amateurs de cannabis. Ses ingr\u00e9dients de haute qualit\u00e9 et son processus de fabrication traditionnel garantissent un bon go\u00fbt, un bel ar\u00f4me et une puissance sup\u00e9rieure.<\/p>\n<p>Le hash Bentley est connu pour sa saveur agr\u00e9able et riche et son ar\u00f4me unique. La saveur exacte peut varier en fonction de la vari\u00e9t\u00e9 sp\u00e9cifique de cannabis utilis\u00e9e pour fabriquer le haschisch et du processus de fabrication.<\/p>\n<p>Lorsqu&#8217;il est fum\u00e9, il offre un go\u00fbt agr\u00e9able et satisfaisant qui compl\u00e8te ses effets puissants.<\/p>\n<p>&nbsp;<\/p>\n<p>&nbsp;<\/p>\n<p>&nbsp;<\/p>\n<p>&nbsp;<\/p>\n<p>&nbsp;<\/p>\n","protected":false},"excerpt":{"rendered":"<p>Le <strong>hash Bentley<\/strong> est un concentr\u00e9 de cannabis de haute qualit\u00e9, fabriqu\u00e9 selon des m\u00e9thodes traditionnelles pour cr\u00e9er un produit exceptionnel. Il est connu pour son ar\u00f4me unique, sa saveur douce et ses effets puissants, ce qui en fait un choix populaire parmi les amateurs de cannabis.<\/p>\n<p>Que vous soyez novice dans le monde du haschisch ou un professionnel chevronn\u00e9, le hash Bentley ne manquera pas d&#8217;impressionner. Essayez-le vous-m\u00eame et constatez la diff\u00e9rence de qualit\u00e9 et de puissance.<\/p>\n<h2>Informations Hash Bentley<\/h2>\n<table>\n<tbody>\n<tr>\n<td class=\"has-text-align-center\" style=\"text-align: left;\" data-align=\"center\">Ph\u00e9notype<\/td>\n<td class=\"has-text-align-center\" style=\"text-align: left;\" data-align=\"center\">Hybride<\/td>\n<\/tr>\n<tr>\n<td class=\"has-text-align-center\" data-align=\"center\">Teneur en THC<\/td>\n<td class=\"has-text-align-center\" data-align=\"center\">30-40%+<\/td>\n<\/tr>\n<tr>\n<td class=\"has-text-align-center\" data-align=\"center\">Consistance<\/td>\n<td class=\"has-text-align-center\" data-align=\"center\">Mall\u00e9able et flexible<\/td>\n<\/tr>\n<tr>\n<td class=\"has-text-align-center\" style=\"text-align: left;\" data-align=\"center\">Grade<\/td>\n<td class=\"has-text-align-center\" style=\"text-align: left;\" data-align=\"center\">AAA<\/td>\n<\/tr>\n<tr>\n<td class=\"has-text-align-center\" style=\"text-align: left;\" data-align=\"center\">Couleur<\/td>\n<td class=\"has-text-align-center\" style=\"text-align: left;\" data-align=\"center\">Brun fonc\u00e9<\/td>\n<\/tr>\n<tr>\n<td class=\"has-text-align-center\" style=\"text-align: left;\" data-align=\"center\">Effets<\/td>\n<td class=\"has-text-align-center\" style=\"text-align: left;\" data-align=\"center\">Calme, endormant, D\u00e9tente<\/td>\n<\/tr>\n<tr>\n<td class=\"has-text-align-center\" style=\"text-align: left;\" data-align=\"center\">Saveur<\/td>\n<td class=\"has-text-align-center\" style=\"text-align: left;\" data-align=\"center\">Terreux, \u00e9pic\u00e9, bois\u00e9<\/td>\n<\/tr>\n<\/tbody>\n<\/table>\n","protected":false},"featured_media":33873,"comment_status":"open","ping_status":"closed","template":"","meta":[],"product_brand":[],"product_cat":[659,305,660,661,628],"product_tag":[],"class_list":{"0":"post-40113","1":"product","2":"type-product","3":"status-publish","4":"has-post-thumbnail","6":"product_cat-bc-hash-fr","7":"product_cat-concentres","8":"product_cat-bulk-hash-fr","9":"product_cat-haschisch-bon-marche","10":"product_cat-hasch","12":"first","13":"instock","14":"sale","15":"shipping-taxable","16":"product-type-variable","17":"has-default-attributes"},"yoast_head":"\n<title>Acheter Hash Bentley \u00e0 partir de $3\/gramme | Acheter du haschisch en vrac et bon march\u00e9 en ligne | BC Weed Edible.<\/title>\n<meta name=\"robots\" content=\"index, follow, max-snippet:-1, max-image-preview:large, max-video-preview:-1\" \/>\n<link rel=\"canonical\" href=\"https:\/\/bcweededible.net\/fr\/buy\/concentres\/hasch\/bc-hash-fr\/bentley-hash\/\" \/>\n<meta property=\"og:locale\" content=\"fr_FR\" \/>\n<meta property=\"og:type\" content=\"article\" \/>\n<meta property=\"og:title\" content=\"Acheter Hash Bentley \u00e0 partir de $3\/gramme | Acheter du haschisch en vrac et bon march\u00e9 en ligne | BC Weed Edible.\" \/>\n<meta property=\"og:description\" content=\"Le hash Bentley est un concentr\u00e9 de cannabis de haute qualit\u00e9, fabriqu\u00e9 selon des m\u00e9thodes traditionnelles pour cr\u00e9er un produit exceptionnel. Il est connu pour son ar\u00f4me unique, sa saveur douce et ses effets puissants, ce qui en fait un choix populaire parmi les amateurs de cannabis. Que vous soyez novice dans le monde du haschisch ou un professionnel chevronn\u00e9, le hash Bentley ne manquera pas d&#039;impressionner. Essayez-le vous-m\u00eame et constatez la diff\u00e9rence de qualit\u00e9 et de puissance. Informations Hash Bentley Ph\u00e9notype Hybride Teneur en THC 30-40%+ Consistance Mall\u00e9able et flexible Grade AAA Couleur Brun fonc\u00e9 Effets Calme, endormant, D\u00e9tente Saveur Terreux, \u00e9pic\u00e9, bois\u00e9\" \/>\n<meta property=\"og:url\" content=\"https:\/\/bcweededible.net\/fr\/buy\/concentres\/hasch\/bc-hash-fr\/bentley-hash\/\" \/>\n<meta property=\"og:site_name\" content=\"BC Weed Edible\" \/>\n<meta property=\"article:modified_time\" content=\"2026-03-07T12:35:55+00:00\" \/>\n<meta property=\"og:image\" content=\"https:\/\/bcweededible.net\/wp-content\/uploads\/2023\/05\/Bentley-Hash.jpg\" \/>\n\t<meta property=\"og:image:width\" content=\"900\" \/>\n\t<meta property=\"og:image:height\" content=\"900\" \/>\n\t<meta property=\"og:image:type\" content=\"image\/jpeg\" \/>\n<meta name=\"twitter:card\" content=\"summary_large_image\" \/>\n<meta name=\"twitter:label1\" content=\"Dur\u00e9e de lecture estim\u00e9e\" \/>\n\t<meta name=\"twitter:data1\" content=\"1 minute\" \/>\n<script type=\"application\/ld+json\" class=\"yoast-schema-graph\">{\"@context\":\"https:\\\/\\\/schema.org\",\"@graph\":[{\"@type\":\"WebPage\",\"@id\":\"https:\\\/\\\/bcweededible.net\\\/fr\\\/buy\\\/concentres\\\/hasch\\\/bc-hash-fr\\\/bentley-hash\\\/\",\"url\":\"https:\\\/\\\/bcweededible.net\\\/fr\\\/buy\\\/concentres\\\/hasch\\\/bc-hash-fr\\\/bentley-hash\\\/\",\"name\":\"Acheter Hash Bentley \u00e0 partir de $3\\\/gramme | Acheter du haschisch en vrac et bon march\u00e9 en ligne | BC Weed Edible.\",\"isPartOf\":{\"@id\":\"https:\\\/\\\/bcweededible.net\\\/fr\\\/#website\"},\"primaryImageOfPage\":{\"@id\":\"https:\\\/\\\/bcweededible.net\\\/fr\\\/buy\\\/concentres\\\/hasch\\\/bc-hash-fr\\\/bentley-hash\\\/#primaryimage\"},\"image\":{\"@id\":\"https:\\\/\\\/bcweededible.net\\\/fr\\\/buy\\\/concentres\\\/hasch\\\/bc-hash-fr\\\/bentley-hash\\\/#primaryimage\"},\"thumbnailUrl\":\"https:\\\/\\\/bcweededible.net\\\/wp-content\\\/uploads\\\/2023\\\/05\\\/Bentley-Hash.jpg\",\"datePublished\":\"2023-08-04T21:08:47+00:00\",\"dateModified\":\"2026-03-07T12:35:55+00:00\",\"breadcrumb\":{\"@id\":\"https:\\\/\\\/bcweededible.net\\\/fr\\\/buy\\\/concentres\\\/hasch\\\/bc-hash-fr\\\/bentley-hash\\\/#breadcrumb\"},\"inLanguage\":\"fr-FR\",\"potentialAction\":[{\"@type\":\"ReadAction\",\"target\":[\"https:\\\/\\\/bcweededible.net\\\/fr\\\/buy\\\/concentres\\\/hasch\\\/bc-hash-fr\\\/bentley-hash\\\/\"]}]},{\"@type\":\"ImageObject\",\"inLanguage\":\"fr-FR\",\"@id\":\"https:\\\/\\\/bcweededible.net\\\/fr\\\/buy\\\/concentres\\\/hasch\\\/bc-hash-fr\\\/bentley-hash\\\/#primaryimage\",\"url\":\"https:\\\/\\\/bcweededible.net\\\/wp-content\\\/uploads\\\/2023\\\/05\\\/Bentley-Hash.jpg\",\"contentUrl\":\"https:\\\/\\\/bcweededible.net\\\/wp-content\\\/uploads\\\/2023\\\/05\\\/Bentley-Hash.jpg\",\"width\":900,\"height\":900,\"caption\":\"Bentley hash\"},{\"@type\":\"BreadcrumbList\",\"@id\":\"https:\\\/\\\/bcweededible.net\\\/fr\\\/buy\\\/concentres\\\/hasch\\\/bc-hash-fr\\\/bentley-hash\\\/#breadcrumb\",\"itemListElement\":[{\"@type\":\"ListItem\",\"position\":1,\"name\":\"Jujubes au Pot Canada\",\"item\":\"https:\\\/\\\/bcweededible.net\\\/fr\\\/shop\\\/\"},{\"@type\":\"ListItem\",\"position\":2,\"name\":\"Hash Bentley\"}]},{\"@type\":\"WebSite\",\"@id\":\"https:\\\/\\\/bcweededible.net\\\/fr\\\/#website\",\"url\":\"https:\\\/\\\/bcweededible.net\\\/fr\\\/\",\"name\":\"BC Weed Edible\",\"description\":\"\",\"publisher\":{\"@id\":\"https:\\\/\\\/bcweededible.net\\\/fr\\\/#organization\"},\"potentialAction\":[{\"@type\":\"SearchAction\",\"target\":{\"@type\":\"EntryPoint\",\"urlTemplate\":\"https:\\\/\\\/bcweededible.net\\\/fr\\\/?s={search_term_string}\"},\"query-input\":{\"@type\":\"PropertyValueSpecification\",\"valueRequired\":true,\"valueName\":\"search_term_string\"}}],\"inLanguage\":\"fr-FR\"},{\"@type\":\"Organization\",\"@id\":\"https:\\\/\\\/bcweededible.net\\\/fr\\\/#organization\",\"name\":\"BC Weed Edible\",\"url\":\"https:\\\/\\\/bcweededible.net\\\/fr\\\/\",\"logo\":{\"@type\":\"ImageObject\",\"inLanguage\":\"fr-FR\",\"@id\":\"https:\\\/\\\/bcweededible.net\\\/fr\\\/#\\\/schema\\\/logo\\\/image\\\/\",\"url\":\"https:\\\/\\\/bcweededible.net\\\/wp-content\\\/uploads\\\/2021\\\/12\\\/bc-weed-edible-canada.png\",\"contentUrl\":\"https:\\\/\\\/bcweededible.net\\\/wp-content\\\/uploads\\\/2021\\\/12\\\/bc-weed-edible-canada.png\",\"width\":270,\"height\":185,\"caption\":\"BC Weed Edible\"},\"image\":{\"@id\":\"https:\\\/\\\/bcweededible.net\\\/fr\\\/#\\\/schema\\\/logo\\\/image\\\/\"}}]}<\/script>\n","yoast_head_json":{"title":"Acheter Hash Bentley \u00e0 partir de $3\/gramme | Acheter du haschisch en vrac et bon march\u00e9 en ligne | BC Weed Edible.","robots":{"index":"index","follow":"follow","max-snippet":"max-snippet:-1","max-image-preview":"max-image-preview:large","max-video-preview":"max-video-preview:-1"},"canonical":"https:\/\/bcweededible.net\/fr\/buy\/concentres\/hasch\/bc-hash-fr\/bentley-hash\/","og_locale":"fr_FR","og_type":"article","og_title":"Acheter Hash Bentley \u00e0 partir de $3\/gramme | Acheter du haschisch en vrac et bon march\u00e9 en ligne | BC Weed Edible.","og_description":"Le hash Bentley est un concentr\u00e9 de cannabis de haute qualit\u00e9, fabriqu\u00e9 selon des m\u00e9thodes traditionnelles pour cr\u00e9er un produit exceptionnel. Il est connu pour son ar\u00f4me unique, sa saveur douce et ses effets puissants, ce qui en fait un choix populaire parmi les amateurs de cannabis. Que vous soyez novice dans le monde du haschisch ou un professionnel chevronn\u00e9, le hash Bentley ne manquera pas d'impressionner. Essayez-le vous-m\u00eame et constatez la diff\u00e9rence de qualit\u00e9 et de puissance. Informations Hash Bentley Ph\u00e9notype Hybride Teneur en THC 30-40%+ Consistance Mall\u00e9able et flexible Grade AAA Couleur Brun fonc\u00e9 Effets Calme, endormant, D\u00e9tente Saveur Terreux, \u00e9pic\u00e9, bois\u00e9","og_url":"https:\/\/bcweededible.net\/fr\/buy\/concentres\/hasch\/bc-hash-fr\/bentley-hash\/","og_site_name":"BC Weed Edible","article_modified_time":"2026-03-07T12:35:55+00:00","og_image":[{"width":900,"height":900,"url":"https:\/\/bcweededible.net\/wp-content\/uploads\/2023\/05\/Bentley-Hash.jpg","type":"image\/jpeg"}],"twitter_card":"summary_large_image","twitter_misc":{"Dur\u00e9e de lecture estim\u00e9e":"1 minute"},"schema":{"@context":"https:\/\/schema.org","@graph":[{"@type":"WebPage","@id":"https:\/\/bcweededible.net\/fr\/buy\/concentres\/hasch\/bc-hash-fr\/bentley-hash\/","url":"https:\/\/bcweededible.net\/fr\/buy\/concentres\/hasch\/bc-hash-fr\/bentley-hash\/","name":"Acheter Hash Bentley \u00e0 partir de $3\/gramme | Acheter du haschisch en vrac et bon march\u00e9 en ligne | BC Weed Edible.","isPartOf":{"@id":"https:\/\/bcweededible.net\/fr\/#website"},"primaryImageOfPage":{"@id":"https:\/\/bcweededible.net\/fr\/buy\/concentres\/hasch\/bc-hash-fr\/bentley-hash\/#primaryimage"},"image":{"@id":"https:\/\/bcweededible.net\/fr\/buy\/concentres\/hasch\/bc-hash-fr\/bentley-hash\/#primaryimage"},"thumbnailUrl":"https:\/\/bcweededible.net\/wp-content\/uploads\/2023\/05\/Bentley-Hash.jpg","datePublished":"2023-08-04T21:08:47+00:00","dateModified":"2026-03-07T12:35:55+00:00","breadcrumb":{"@id":"https:\/\/bcweededible.net\/fr\/buy\/concentres\/hasch\/bc-hash-fr\/bentley-hash\/#breadcrumb"},"inLanguage":"fr-FR","potentialAction":[{"@type":"ReadAction","target":["https:\/\/bcweededible.net\/fr\/buy\/concentres\/hasch\/bc-hash-fr\/bentley-hash\/"]}]},{"@type":"ImageObject","inLanguage":"fr-FR","@id":"https:\/\/bcweededible.net\/fr\/buy\/concentres\/hasch\/bc-hash-fr\/bentley-hash\/#primaryimage","url":"https:\/\/bcweededible.net\/wp-content\/uploads\/2023\/05\/Bentley-Hash.jpg","contentUrl":"https:\/\/bcweededible.net\/wp-content\/uploads\/2023\/05\/Bentley-Hash.jpg","width":900,"height":900,"caption":"Bentley hash"},{"@type":"BreadcrumbList","@id":"https:\/\/bcweededible.net\/fr\/buy\/concentres\/hasch\/bc-hash-fr\/bentley-hash\/#breadcrumb","itemListElement":[{"@type":"ListItem","position":1,"name":"Jujubes au Pot Canada","item":"https:\/\/bcweededible.net\/fr\/shop\/"},{"@type":"ListItem","position":2,"name":"Hash Bentley"}]},{"@type":"WebSite","@id":"https:\/\/bcweededible.net\/fr\/#website","url":"https:\/\/bcweededible.net\/fr\/","name":"BC Weed Edible","description":"","publisher":{"@id":"https:\/\/bcweededible.net\/fr\/#organization"},"potentialAction":[{"@type":"SearchAction","target":{"@type":"EntryPoint","urlTemplate":"https:\/\/bcweededible.net\/fr\/?s={search_term_string}"},"query-input":{"@type":"PropertyValueSpecification","valueRequired":true,"valueName":"search_term_string"}}],"inLanguage":"fr-FR"},{"@type":"Organization","@id":"https:\/\/bcweededible.net\/fr\/#organization","name":"BC Weed Edible","url":"https:\/\/bcweededible.net\/fr\/","logo":{"@type":"ImageObject","inLanguage":"fr-FR","@id":"https:\/\/bcweededible.net\/fr\/#\/schema\/logo\/image\/","url":"https:\/\/bcweededible.net\/wp-content\/uploads\/2021\/12\/bc-weed-edible-canada.png","contentUrl":"https:\/\/bcweededible.net\/wp-content\/uploads\/2021\/12\/bc-weed-edible-canada.png","width":270,"height":185,"caption":"BC Weed Edible"},"image":{"@id":"https:\/\/bcweededible.net\/fr\/#\/schema\/logo\/image\/"}}]}},"_links":{"self":[{"href":"https:\/\/bcweededible.net\/fr\/wp-json\/wp\/v2\/product\/40113","targetHints":{"allow":["GET"]}}],"collection":[{"href":"https:\/\/bcweededible.net\/fr\/wp-json\/wp\/v2\/product"}],"about":[{"href":"https:\/\/bcweededible.net\/fr\/wp-json\/wp\/v2\/types\/product"}],"replies":[{"embeddable":true,"href":"https:\/\/bcweededible.net\/fr\/wp-json\/wp\/v2\/comments?post=40113"}],"wp:featuredmedia":[{"embeddable":true,"href":"https:\/\/bcweededible.net\/fr\/wp-json\/wp\/v2\/media\/33873"}],"wp:attachment":[{"href":"https:\/\/bcweededible.net\/fr\/wp-json\/wp\/v2\/media?parent=40113"}],"wp:term":[{"taxonomy":"product_brand","embeddable":true,"href":"https:\/\/bcweededible.net\/fr\/wp-json\/wp\/v2\/product_brand?post=40113"},{"taxonomy":"product_cat","embeddable":true,"href":"https:\/\/bcweededible.net\/fr\/wp-json\/wp\/v2\/product_cat?post=40113"},{"taxonomy":"product_tag","embeddable":true,"href":"https:\/\/bcweededible.net\/fr\/wp-json\/wp\/v2\/product_tag?post=40113"}],"curies":[{"name":"wp","href":"https:\/\/api.w.org\/{rel}","templated":true}]}}