{"id":40068,"date":"2023-05-19T11:51:43","date_gmt":"2023-08-04T21:08:27","guid":{"rendered":"https:\/\/bcweededible.net\/buy\/non%20class\u00e9\/hash-de-lours-polaire\/"},"modified":"2026-03-18T12:36:36","modified_gmt":"2026-03-18T19:36:36","slug":"polar-bear-hash","status":"publish","type":"product","link":"https:\/\/bcweededible.net\/fr\/buy\/concentres\/hasch\/bc-hash-fr\/polar-bear-hash\/","title":{"rendered":"Hash Polar Bear"},"content":{"rendered":"<p class=\"my-0.5\">Le <strong>hash Polar Bear<\/strong>\u00a0est un puissant <a href=\"https:\/\/bcweededible.net\/fr\/shop\/concentres\/\">concentr\u00e9 de cannabis<\/a> fabriqu\u00e9 \u00e0 partir de la r\u00e9sine de la plante de cannabis. Elle est connue pour sa teneur \u00e9lev\u00e9e en THC et sa texture unique, qui ressemble \u00e0 la fourrure d&#8217;un ours polaire.<\/p>\n<p class=\"my-0.5\">L&#8217;un des avantages de la fabrication du hash Polar Bear en Colombie-Britannique est que la r\u00e9gion a une longue tradition de production de <strong>produits de cannabis de haute qualit\u00e9<\/strong>. Cela signifie que le processus de fabrication fait souvent appel \u00e0 des techniques traditionnelles transmises de g\u00e9n\u00e9ration en g\u00e9n\u00e9ration, ce qui garantit un produit de qualit\u00e9 sup\u00e9rieure.<\/p>\n<p class=\"my-0.5\">Les avantages de l&#8217;utilisation de ce produit sont similaires \u00e0 ceux des autres concentr\u00e9s de cannabis. Comme il s&#8217;agit d&#8217;une forme concentr\u00e9e de cannabis, l&#8217;<strong>exp\u00e9rience<\/strong> est plus <strong>intense et dure plus longtemps<\/strong> que si l&#8217;on fumait des fleurs de cannabis. Il peut \u00e9galement \u00eatre utilis\u00e9 de diff\u00e9rentes mani\u00e8res et constitue une option polyvalente pour les amateurs de cannabis.<\/p>\n","protected":false},"excerpt":{"rendered":"<p>Le <strong>hash Polar Bear<\/strong> est un choix populaire parmi les amateurs de cannabis en raison de sa teneur \u00e9lev\u00e9e en THC et de sa texture unique. Ce hash offre une exp\u00e9rience plus intense et plus durable que celle de fumer la fleur de cannabis. Sa polyvalence lui permet de s&#8217;adapter \u00e0 diverses m\u00e9thodes de consommation.<\/p>\n<h2>Informations Hash Polar Bear<\/h2>\n<table>\n<tbody>\n<tr>\n<td class=\"has-text-align-center\" style=\"text-align: left;\" data-align=\"center\">Ph\u00e9notype<\/td>\n<td class=\"has-text-align-center\" style=\"text-align: left;\" data-align=\"center\">Hybride<\/td>\n<\/tr>\n<tr>\n<td class=\"has-text-align-center\" data-align=\"center\">Teneur en THC<\/td>\n<td class=\"has-text-align-center\" data-align=\"center\">30-40%+<\/td>\n<\/tr>\n<tr>\n<td class=\"has-text-align-center\" data-align=\"center\">Consistance<\/td>\n<td class=\"has-text-align-center\" data-align=\"center\">Mall\u00e9able et flexible<\/td>\n<\/tr>\n<tr>\n<td class=\"has-text-align-center\" style=\"text-align: left;\" data-align=\"center\">Grade<\/td>\n<td class=\"has-text-align-center\" style=\"text-align: left;\" data-align=\"center\">AAA<\/td>\n<\/tr>\n<tr>\n<td class=\"has-text-align-center\" style=\"text-align: left;\" data-align=\"center\">Couleur<\/td>\n<td class=\"has-text-align-center\" style=\"text-align: left;\" data-align=\"center\">Brun fonc\u00e9<\/td>\n<\/tr>\n<tr>\n<td class=\"has-text-align-center\" style=\"text-align: left;\" data-align=\"center\">Effets<\/td>\n<td class=\"has-text-align-center\" style=\"text-align: left;\" data-align=\"center\">Euphorique, Relaxant<\/td>\n<\/tr>\n<tr>\n<td class=\"has-text-align-center\" style=\"text-align: left;\" data-align=\"center\">Saveur<\/td>\n<td class=\"has-text-align-center\" style=\"text-align: left;\" data-align=\"center\">Terreux, \u00e9pic\u00e9, Puissant<\/td>\n<\/tr>\n<\/tbody>\n<\/table>\n","protected":false},"featured_media":33877,"comment_status":"open","ping_status":"closed","template":"","meta":[],"product_brand":[],"product_cat":[659,305,660,661,628],"product_tag":[],"class_list":{"0":"post-40068","1":"product","2":"type-product","3":"status-publish","4":"has-post-thumbnail","6":"product_cat-bc-hash-fr","7":"product_cat-concentres","8":"product_cat-bulk-hash-fr","9":"product_cat-haschisch-bon-marche","10":"product_cat-hasch","12":"first","13":"instock","14":"shipping-taxable","15":"product-type-variable","16":"has-default-attributes"},"yoast_head":"\n<title>Acheter Hash Polar Bear \u00e0 partir de $3\/gramme | Acheter du haschisch en vrac et bon march\u00e9 en ligne | BC Weed Edible.<\/title>\n<meta name=\"robots\" content=\"index, follow, max-snippet:-1, max-image-preview:large, max-video-preview:-1\" \/>\n<link rel=\"canonical\" href=\"https:\/\/bcweededible.net\/fr\/buy\/concentres\/hasch\/bc-hash-fr\/polar-bear-hash\/\" \/>\n<meta property=\"og:locale\" content=\"fr_FR\" \/>\n<meta property=\"og:type\" content=\"article\" \/>\n<meta property=\"og:title\" content=\"Acheter Hash Polar Bear \u00e0 partir de $3\/gramme | Acheter du haschisch en vrac et bon march\u00e9 en ligne | BC Weed Edible.\" \/>\n<meta property=\"og:description\" content=\"Le hash Polar Bear est un choix populaire parmi les amateurs de cannabis en raison de sa teneur \u00e9lev\u00e9e en THC et de sa texture unique. Ce hash offre une exp\u00e9rience plus intense et plus durable que celle de fumer la fleur de cannabis. Sa polyvalence lui permet de s&#039;adapter \u00e0 diverses m\u00e9thodes de consommation. Informations Hash Polar Bear Ph\u00e9notype Hybride Teneur en THC 30-40%+ Consistance Mall\u00e9able et flexible Grade AAA Couleur Brun fonc\u00e9 Effets Euphorique, Relaxant Saveur Terreux, \u00e9pic\u00e9, Puissant\" \/>\n<meta property=\"og:url\" content=\"https:\/\/bcweededible.net\/fr\/buy\/concentres\/hasch\/bc-hash-fr\/polar-bear-hash\/\" \/>\n<meta property=\"og:site_name\" content=\"BC Weed Edible\" \/>\n<meta property=\"article:modified_time\" content=\"2026-03-18T19:36:36+00:00\" \/>\n<meta property=\"og:image\" content=\"https:\/\/bcweededible.net\/wp-content\/uploads\/2023\/05\/Polar-Bear-Hash.jpg\" \/>\n\t<meta property=\"og:image:width\" content=\"1000\" \/>\n\t<meta property=\"og:image:height\" content=\"1000\" \/>\n\t<meta property=\"og:image:type\" content=\"image\/jpeg\" \/>\n<meta name=\"twitter:card\" content=\"summary_large_image\" \/>\n<meta name=\"twitter:label1\" content=\"Dur\u00e9e de lecture estim\u00e9e\" \/>\n\t<meta name=\"twitter:data1\" content=\"1 minute\" \/>\n<script type=\"application\/ld+json\" class=\"yoast-schema-graph\">{\"@context\":\"https:\\\/\\\/schema.org\",\"@graph\":[{\"@type\":\"WebPage\",\"@id\":\"https:\\\/\\\/bcweededible.net\\\/fr\\\/buy\\\/concentres\\\/hasch\\\/bc-hash-fr\\\/polar-bear-hash\\\/\",\"url\":\"https:\\\/\\\/bcweededible.net\\\/fr\\\/buy\\\/concentres\\\/hasch\\\/bc-hash-fr\\\/polar-bear-hash\\\/\",\"name\":\"Acheter Hash Polar Bear \u00e0 partir de $3\\\/gramme | Acheter du haschisch en vrac et bon march\u00e9 en ligne | BC Weed Edible.\",\"isPartOf\":{\"@id\":\"https:\\\/\\\/bcweededible.net\\\/fr\\\/#website\"},\"primaryImageOfPage\":{\"@id\":\"https:\\\/\\\/bcweededible.net\\\/fr\\\/buy\\\/concentres\\\/hasch\\\/bc-hash-fr\\\/polar-bear-hash\\\/#primaryimage\"},\"image\":{\"@id\":\"https:\\\/\\\/bcweededible.net\\\/fr\\\/buy\\\/concentres\\\/hasch\\\/bc-hash-fr\\\/polar-bear-hash\\\/#primaryimage\"},\"thumbnailUrl\":\"https:\\\/\\\/bcweededible.net\\\/wp-content\\\/uploads\\\/2023\\\/05\\\/Polar-Bear-Hash.jpg\",\"datePublished\":\"2023-08-04T21:08:27+00:00\",\"dateModified\":\"2026-03-18T19:36:36+00:00\",\"breadcrumb\":{\"@id\":\"https:\\\/\\\/bcweededible.net\\\/fr\\\/buy\\\/concentres\\\/hasch\\\/bc-hash-fr\\\/polar-bear-hash\\\/#breadcrumb\"},\"inLanguage\":\"fr-FR\",\"potentialAction\":[{\"@type\":\"ReadAction\",\"target\":[\"https:\\\/\\\/bcweededible.net\\\/fr\\\/buy\\\/concentres\\\/hasch\\\/bc-hash-fr\\\/polar-bear-hash\\\/\"]}]},{\"@type\":\"ImageObject\",\"inLanguage\":\"fr-FR\",\"@id\":\"https:\\\/\\\/bcweededible.net\\\/fr\\\/buy\\\/concentres\\\/hasch\\\/bc-hash-fr\\\/polar-bear-hash\\\/#primaryimage\",\"url\":\"https:\\\/\\\/bcweededible.net\\\/wp-content\\\/uploads\\\/2023\\\/05\\\/Polar-Bear-Hash.jpg\",\"contentUrl\":\"https:\\\/\\\/bcweededible.net\\\/wp-content\\\/uploads\\\/2023\\\/05\\\/Polar-Bear-Hash.jpg\",\"width\":1000,\"height\":1000,\"caption\":\"Polar-Bear-Hash\"},{\"@type\":\"BreadcrumbList\",\"@id\":\"https:\\\/\\\/bcweededible.net\\\/fr\\\/buy\\\/concentres\\\/hasch\\\/bc-hash-fr\\\/polar-bear-hash\\\/#breadcrumb\",\"itemListElement\":[{\"@type\":\"ListItem\",\"position\":1,\"name\":\"Jujubes au Pot Canada\",\"item\":\"https:\\\/\\\/bcweededible.net\\\/fr\\\/shop\\\/\"},{\"@type\":\"ListItem\",\"position\":2,\"name\":\"Hash Polar Bear\"}]},{\"@type\":\"WebSite\",\"@id\":\"https:\\\/\\\/bcweededible.net\\\/fr\\\/#website\",\"url\":\"https:\\\/\\\/bcweededible.net\\\/fr\\\/\",\"name\":\"BC Weed Edible\",\"description\":\"\",\"publisher\":{\"@id\":\"https:\\\/\\\/bcweededible.net\\\/fr\\\/#organization\"},\"potentialAction\":[{\"@type\":\"SearchAction\",\"target\":{\"@type\":\"EntryPoint\",\"urlTemplate\":\"https:\\\/\\\/bcweededible.net\\\/fr\\\/?s={search_term_string}\"},\"query-input\":{\"@type\":\"PropertyValueSpecification\",\"valueRequired\":true,\"valueName\":\"search_term_string\"}}],\"inLanguage\":\"fr-FR\"},{\"@type\":\"Organization\",\"@id\":\"https:\\\/\\\/bcweededible.net\\\/fr\\\/#organization\",\"name\":\"BC Weed Edible\",\"url\":\"https:\\\/\\\/bcweededible.net\\\/fr\\\/\",\"logo\":{\"@type\":\"ImageObject\",\"inLanguage\":\"fr-FR\",\"@id\":\"https:\\\/\\\/bcweededible.net\\\/fr\\\/#\\\/schema\\\/logo\\\/image\\\/\",\"url\":\"https:\\\/\\\/bcweededible.net\\\/wp-content\\\/uploads\\\/2021\\\/12\\\/bc-weed-edible-canada.png\",\"contentUrl\":\"https:\\\/\\\/bcweededible.net\\\/wp-content\\\/uploads\\\/2021\\\/12\\\/bc-weed-edible-canada.png\",\"width\":270,\"height\":185,\"caption\":\"BC Weed Edible\"},\"image\":{\"@id\":\"https:\\\/\\\/bcweededible.net\\\/fr\\\/#\\\/schema\\\/logo\\\/image\\\/\"}}]}<\/script>\n","yoast_head_json":{"title":"Acheter Hash Polar Bear \u00e0 partir de $3\/gramme | Acheter du haschisch en vrac et bon march\u00e9 en ligne | BC Weed Edible.","robots":{"index":"index","follow":"follow","max-snippet":"max-snippet:-1","max-image-preview":"max-image-preview:large","max-video-preview":"max-video-preview:-1"},"canonical":"https:\/\/bcweededible.net\/fr\/buy\/concentres\/hasch\/bc-hash-fr\/polar-bear-hash\/","og_locale":"fr_FR","og_type":"article","og_title":"Acheter Hash Polar Bear \u00e0 partir de $3\/gramme | Acheter du haschisch en vrac et bon march\u00e9 en ligne | BC Weed Edible.","og_description":"Le hash Polar Bear est un choix populaire parmi les amateurs de cannabis en raison de sa teneur \u00e9lev\u00e9e en THC et de sa texture unique. Ce hash offre une exp\u00e9rience plus intense et plus durable que celle de fumer la fleur de cannabis. Sa polyvalence lui permet de s'adapter \u00e0 diverses m\u00e9thodes de consommation. Informations Hash Polar Bear Ph\u00e9notype Hybride Teneur en THC 30-40%+ Consistance Mall\u00e9able et flexible Grade AAA Couleur Brun fonc\u00e9 Effets Euphorique, Relaxant Saveur Terreux, \u00e9pic\u00e9, Puissant","og_url":"https:\/\/bcweededible.net\/fr\/buy\/concentres\/hasch\/bc-hash-fr\/polar-bear-hash\/","og_site_name":"BC Weed Edible","article_modified_time":"2026-03-18T19:36:36+00:00","og_image":[{"width":1000,"height":1000,"url":"https:\/\/bcweededible.net\/wp-content\/uploads\/2023\/05\/Polar-Bear-Hash.jpg","type":"image\/jpeg"}],"twitter_card":"summary_large_image","twitter_misc":{"Dur\u00e9e de lecture estim\u00e9e":"1 minute"},"schema":{"@context":"https:\/\/schema.org","@graph":[{"@type":"WebPage","@id":"https:\/\/bcweededible.net\/fr\/buy\/concentres\/hasch\/bc-hash-fr\/polar-bear-hash\/","url":"https:\/\/bcweededible.net\/fr\/buy\/concentres\/hasch\/bc-hash-fr\/polar-bear-hash\/","name":"Acheter Hash Polar Bear \u00e0 partir de $3\/gramme | Acheter du haschisch en vrac et bon march\u00e9 en ligne | BC Weed Edible.","isPartOf":{"@id":"https:\/\/bcweededible.net\/fr\/#website"},"primaryImageOfPage":{"@id":"https:\/\/bcweededible.net\/fr\/buy\/concentres\/hasch\/bc-hash-fr\/polar-bear-hash\/#primaryimage"},"image":{"@id":"https:\/\/bcweededible.net\/fr\/buy\/concentres\/hasch\/bc-hash-fr\/polar-bear-hash\/#primaryimage"},"thumbnailUrl":"https:\/\/bcweededible.net\/wp-content\/uploads\/2023\/05\/Polar-Bear-Hash.jpg","datePublished":"2023-08-04T21:08:27+00:00","dateModified":"2026-03-18T19:36:36+00:00","breadcrumb":{"@id":"https:\/\/bcweededible.net\/fr\/buy\/concentres\/hasch\/bc-hash-fr\/polar-bear-hash\/#breadcrumb"},"inLanguage":"fr-FR","potentialAction":[{"@type":"ReadAction","target":["https:\/\/bcweededible.net\/fr\/buy\/concentres\/hasch\/bc-hash-fr\/polar-bear-hash\/"]}]},{"@type":"ImageObject","inLanguage":"fr-FR","@id":"https:\/\/bcweededible.net\/fr\/buy\/concentres\/hasch\/bc-hash-fr\/polar-bear-hash\/#primaryimage","url":"https:\/\/bcweededible.net\/wp-content\/uploads\/2023\/05\/Polar-Bear-Hash.jpg","contentUrl":"https:\/\/bcweededible.net\/wp-content\/uploads\/2023\/05\/Polar-Bear-Hash.jpg","width":1000,"height":1000,"caption":"Polar-Bear-Hash"},{"@type":"BreadcrumbList","@id":"https:\/\/bcweededible.net\/fr\/buy\/concentres\/hasch\/bc-hash-fr\/polar-bear-hash\/#breadcrumb","itemListElement":[{"@type":"ListItem","position":1,"name":"Jujubes au Pot Canada","item":"https:\/\/bcweededible.net\/fr\/shop\/"},{"@type":"ListItem","position":2,"name":"Hash Polar Bear"}]},{"@type":"WebSite","@id":"https:\/\/bcweededible.net\/fr\/#website","url":"https:\/\/bcweededible.net\/fr\/","name":"BC Weed Edible","description":"","publisher":{"@id":"https:\/\/bcweededible.net\/fr\/#organization"},"potentialAction":[{"@type":"SearchAction","target":{"@type":"EntryPoint","urlTemplate":"https:\/\/bcweededible.net\/fr\/?s={search_term_string}"},"query-input":{"@type":"PropertyValueSpecification","valueRequired":true,"valueName":"search_term_string"}}],"inLanguage":"fr-FR"},{"@type":"Organization","@id":"https:\/\/bcweededible.net\/fr\/#organization","name":"BC Weed Edible","url":"https:\/\/bcweededible.net\/fr\/","logo":{"@type":"ImageObject","inLanguage":"fr-FR","@id":"https:\/\/bcweededible.net\/fr\/#\/schema\/logo\/image\/","url":"https:\/\/bcweededible.net\/wp-content\/uploads\/2021\/12\/bc-weed-edible-canada.png","contentUrl":"https:\/\/bcweededible.net\/wp-content\/uploads\/2021\/12\/bc-weed-edible-canada.png","width":270,"height":185,"caption":"BC Weed Edible"},"image":{"@id":"https:\/\/bcweededible.net\/fr\/#\/schema\/logo\/image\/"}}]}},"_links":{"self":[{"href":"https:\/\/bcweededible.net\/fr\/wp-json\/wp\/v2\/product\/40068","targetHints":{"allow":["GET"]}}],"collection":[{"href":"https:\/\/bcweededible.net\/fr\/wp-json\/wp\/v2\/product"}],"about":[{"href":"https:\/\/bcweededible.net\/fr\/wp-json\/wp\/v2\/types\/product"}],"replies":[{"embeddable":true,"href":"https:\/\/bcweededible.net\/fr\/wp-json\/wp\/v2\/comments?post=40068"}],"wp:featuredmedia":[{"embeddable":true,"href":"https:\/\/bcweededible.net\/fr\/wp-json\/wp\/v2\/media\/33877"}],"wp:attachment":[{"href":"https:\/\/bcweededible.net\/fr\/wp-json\/wp\/v2\/media?parent=40068"}],"wp:term":[{"taxonomy":"product_brand","embeddable":true,"href":"https:\/\/bcweededible.net\/fr\/wp-json\/wp\/v2\/product_brand?post=40068"},{"taxonomy":"product_cat","embeddable":true,"href":"https:\/\/bcweededible.net\/fr\/wp-json\/wp\/v2\/product_cat?post=40068"},{"taxonomy":"product_tag","embeddable":true,"href":"https:\/\/bcweededible.net\/fr\/wp-json\/wp\/v2\/product_tag?post=40068"}],"curies":[{"name":"wp","href":"https:\/\/api.w.org\/{rel}","templated":true}]}}