{"id":39837,"date":"2023-06-14T11:44:15","date_gmt":"2023-06-14T18:44:15","guid":{"rendered":"https:\/\/bcweededible.net\/buy\/non%20class\u00e9\/chariots-de-vaporisation-de-thc-en-vrac-50-chariots\/"},"modified":"2026-02-09T15:50:23","modified_gmt":"2026-02-09T23:50:23","slug":"bulk-thc-carts","status":"publish","type":"product","link":"https:\/\/bcweededible.net\/fr\/buy\/marques\/eden-edibles-fr\/eden-en-vrac\/bulk-thc-carts\/","title":{"rendered":"Cartouches Vape THC en Gros"},"content":{"rendered":"<div class=\"wpb-content-wrapper\"><p>[vc_row][vc_column][vc_column_text css=&#8221;&#8221; woodmart_inline=&#8221;no&#8221; text_larger=&#8221;no&#8221;]<\/p>\n<h1>Acheter des cartouches Vape THC en gros au Canada<\/h1>\n<p>L&#8217;<strong>achat de cartouches de vape de THC en vrac<\/strong> pr\u00e9sente des avantages. Tout d&#8217;abord, il permet de <strong>r\u00e9aliser des \u00e9conomies<\/strong>, rendant chaque unit\u00e9 plus abordable. Avec une plus grande quantit\u00e9, vous pouvez vous approvisionner facilement <strong>et minimiser les r\u00e9approvisionnements<\/strong>. Les achats en vrac offrent \u00e9galement la possibilit\u00e9 d&#8217;<strong>explorer diff\u00e9rentes saveurs et vari\u00e9t\u00e9s<\/strong>.<\/p>\n<h2>Combien co\u00fbte un lot de cartouches ?<\/h2>\n<p>En <strong>achetant 50 cartouches en vrac<\/strong>, vous pouvez \u00e9conomiser plus de 50 %, ce qui ram\u00e8ne le prix total de 1 450,00 $ \u00e0 seulement <strong> 700,00 $<\/strong>. Cette remise importante vous permet de r\u00e9aliser des <strong>\u00e9conomies substantielles<\/strong> tout en<strong> b\u00e9n\u00e9ficiant de produits de grande qualit\u00e9<\/strong>. L&#8217;achat en vrac est une <strong>solution rentable<\/strong> qui vous permet d&#8217;\u00e9tirer votre budget et de disposer d&#8217;une grande quantit\u00e9 de vos cartouches pr\u00e9f\u00e9r\u00e9es.<\/p>\n<h2>Comment acheter des cartouches vape THC en vrac ?<\/h2>\n<p>Suivez ces \u00e9tapes simples :<\/p>\n<ol>\n<li>Choisissez parmi notre<strong> s\u00e9lection de vari\u00e9t\u00e9s<\/strong>: Super Lemon Haze(Sativa), Jack Herer (Sativa), Pineapple Express(Hybride), Death Bubba(Indica), et Blue Dream (Indica).<\/li>\n<li>S\u00e9lectionnez 50 cartouches parmi vos vari\u00e9t\u00e9s pr\u00e9f\u00e9r\u00e9es.<\/li>\n<li>Ajoutez les cartouches\u00a0 s\u00e9lectionn\u00e9es \u00e0 votre panier.<\/li>\n<li>Passez \u00e0 la caisse et passez votre commande.<\/li>\n<\/ol>\n<h2>O\u00f9 puis-je acheter des cartouches en gros ?<\/h2>\n<p>Chez BC Weed<a href=\"https:\/\/bcweededible.net\/fr\/\"> Edible<\/a>, vous avez la possibilit\u00e9 d&#8217;<strong> acheter des cartouches de THC en vrac<\/strong>. Nous sommes fiers d&#8217;offrir une <strong>large gamme d&#8217;options savoureuses \u00e0 des prix comp\u00e9titifs<\/strong>. Que vous recherchiez des vari\u00e9t\u00e9s fruit\u00e9es, \u00e0 base de plantes ou classiques, notre s\u00e9lection a de quoi satisfaire tout le monde. Choisissez BC Weed Edible pour des cartouches de THC de qualit\u00e9 sup\u00e9rieure, une <strong>abondance de saveurs, des prix abordables et une livraison pratique<\/strong> dans tout le pays.[\/vc_column_text][\/vc_column][\/vc_row]<\/p>\n<\/div>","protected":false},"excerpt":{"rendered":"<p>Faites l&#8217;exp\u00e9rience de la commodit\u00e9 et du plaisir ultime avec nos <strong>cartouches de vape de 1 gramme de THC<\/strong>. Ces cartouches \u00e9l\u00e9gantes et portables sont con\u00e7ues pour \u00e9lever votre exp\u00e9rience du cannabis vers de nouveaux sommets. Avec une capacit\u00e9 g\u00e9n\u00e9reuse de 1 gramme, vous disposerez d&#8217;une r\u00e9serve suffisante pour <strong>profiter de sessions prolong\u00e9es de pur bonheur<\/strong>. Immergez-vous dans la <strong>vapeur agr\u00e9able et puissante tandis que les ar\u00f4mes <\/strong>\u00a0envahissent vos sens.<\/p>\n<table class=\"wccs-bulk-pricing-table wccs-horizontal-table\">\n<tbody>\n<tr>\n<th>Produit en<\/th>\n<th>Colombie-Britannique<\/th>\n<\/tr>\n<tr>\n<td>Puissance du THC<\/td>\n<td>90-95%<\/td>\n<\/tr>\n<tr>\n<td>Cartouche de fil<\/td>\n<td>Cartouche CCELL (filetage 510)<\/td>\n<\/tr>\n<tr>\n<td>Quantit\u00e9<\/td>\n<td>1000mg par cartouche<\/td>\n<\/tr>\n<tr>\n<td>Prix unitaire<\/td>\n<td>$14<\/td>\n<\/tr>\n<tr>\n<td>Nombre d&#8217;unit\u00e9s<\/td>\n<td>50<\/td>\n<\/tr>\n<\/tbody>\n<\/table>\n<p>&nbsp;<\/p>\n","protected":false},"featured_media":52076,"comment_status":"open","ping_status":"closed","template":"","meta":[],"product_brand":[],"product_cat":[803,664,768,665,637,535,558,305,306,287,288],"product_tag":[],"class_list":{"0":"post-39837","1":"product","2":"type-product","3":"status-publish","4":"has-post-thumbnail","6":"product_cat-cartouches-thc","7":"product_cat-eden-edibles-fr","8":"product_cat-eden-en-vrac","9":"product_cat-vapoteuse-thc-gros","10":"product_cat-jetable","11":"product_cat-concentres-en-gros","12":"product_cat-gros","13":"product_cat-concentres","14":"product_cat-distillat","15":"product_cat-vape","16":"product_cat-cartouches-distillat","18":"first","19":"instock","20":"sale","21":"shipping-taxable","22":"purchasable","23":"product-type-mix-and-match"},"yoast_head":"\n<title>Acheter des Cartouches Vape THC en Gros au Canada $14\/Unit\u00e9 | BC Weed Edible.<\/title>\n<meta name=\"robots\" content=\"index, follow, max-snippet:-1, max-image-preview:large, max-video-preview:-1\" \/>\n<link rel=\"canonical\" href=\"https:\/\/bcweededible.net\/fr\/buy\/marques\/eden-edibles-fr\/eden-en-vrac\/bulk-thc-carts\/\" \/>\n<meta property=\"og:locale\" content=\"fr_FR\" \/>\n<meta property=\"og:type\" content=\"article\" \/>\n<meta property=\"og:title\" content=\"Acheter des Cartouches Vape THC en Gros au Canada $14\/Unit\u00e9 | BC Weed Edible.\" \/>\n<meta property=\"og:description\" content=\"Faites l&#039;exp\u00e9rience de la commodit\u00e9 et du plaisir ultime avec nos cartouches de vape de 1 gramme de THC. Ces cartouches \u00e9l\u00e9gantes et portables sont con\u00e7ues pour \u00e9lever votre exp\u00e9rience du cannabis vers de nouveaux sommets. Avec une capacit\u00e9 g\u00e9n\u00e9reuse de 1 gramme, vous disposerez d&#039;une r\u00e9serve suffisante pour profiter de sessions prolong\u00e9es de pur bonheur. Immergez-vous dans la vapeur agr\u00e9able et puissante tandis que les ar\u00f4mes \u00a0envahissent vos sens. Produit en Colombie-Britannique Puissance du THC 90-95% Cartouche de fil Cartouche CCELL (filetage 510) Quantit\u00e9 1000mg par cartouche Prix unitaire $14 Nombre d&#039;unit\u00e9s 50 &nbsp;\" \/>\n<meta property=\"og:url\" content=\"https:\/\/bcweededible.net\/fr\/buy\/marques\/eden-edibles-fr\/eden-en-vrac\/bulk-thc-carts\/\" \/>\n<meta property=\"og:site_name\" content=\"BC Weed Edible\" \/>\n<meta property=\"article:modified_time\" content=\"2026-02-09T23:50:23+00:00\" \/>\n<meta property=\"og:image\" content=\"https:\/\/bcweededible.net\/wp-content\/uploads\/2023\/06\/bulk-thc-carts.jpg\" \/>\n\t<meta property=\"og:image:width\" content=\"1080\" \/>\n\t<meta property=\"og:image:height\" content=\"1080\" \/>\n\t<meta property=\"og:image:type\" content=\"image\/jpeg\" \/>\n<meta name=\"twitter:card\" content=\"summary_large_image\" \/>\n<meta name=\"twitter:label1\" content=\"Dur\u00e9e de lecture estim\u00e9e\" \/>\n\t<meta name=\"twitter:data1\" content=\"2 minutes\" \/>\n<script type=\"application\/ld+json\" class=\"yoast-schema-graph\">{\"@context\":\"https:\\\/\\\/schema.org\",\"@graph\":[{\"@type\":\"WebPage\",\"@id\":\"https:\\\/\\\/bcweededible.net\\\/fr\\\/buy\\\/marques\\\/eden-edibles-fr\\\/eden-en-vrac\\\/bulk-thc-carts\\\/\",\"url\":\"https:\\\/\\\/bcweededible.net\\\/fr\\\/buy\\\/marques\\\/eden-edibles-fr\\\/eden-en-vrac\\\/bulk-thc-carts\\\/\",\"name\":\"Acheter des Cartouches Vape THC en Gros au Canada $14\\\/Unit\u00e9 | BC Weed Edible.\",\"isPartOf\":{\"@id\":\"https:\\\/\\\/bcweededible.net\\\/fr\\\/#website\"},\"primaryImageOfPage\":{\"@id\":\"https:\\\/\\\/bcweededible.net\\\/fr\\\/buy\\\/marques\\\/eden-edibles-fr\\\/eden-en-vrac\\\/bulk-thc-carts\\\/#primaryimage\"},\"image\":{\"@id\":\"https:\\\/\\\/bcweededible.net\\\/fr\\\/buy\\\/marques\\\/eden-edibles-fr\\\/eden-en-vrac\\\/bulk-thc-carts\\\/#primaryimage\"},\"thumbnailUrl\":\"https:\\\/\\\/bcweededible.net\\\/wp-content\\\/uploads\\\/2023\\\/06\\\/bulk-thc-carts.jpg\",\"datePublished\":\"2023-06-14T18:44:15+00:00\",\"dateModified\":\"2026-02-09T23:50:23+00:00\",\"breadcrumb\":{\"@id\":\"https:\\\/\\\/bcweededible.net\\\/fr\\\/buy\\\/marques\\\/eden-edibles-fr\\\/eden-en-vrac\\\/bulk-thc-carts\\\/#breadcrumb\"},\"inLanguage\":\"fr-FR\",\"potentialAction\":[{\"@type\":\"ReadAction\",\"target\":[\"https:\\\/\\\/bcweededible.net\\\/fr\\\/buy\\\/marques\\\/eden-edibles-fr\\\/eden-en-vrac\\\/bulk-thc-carts\\\/\"]}]},{\"@type\":\"ImageObject\",\"inLanguage\":\"fr-FR\",\"@id\":\"https:\\\/\\\/bcweededible.net\\\/fr\\\/buy\\\/marques\\\/eden-edibles-fr\\\/eden-en-vrac\\\/bulk-thc-carts\\\/#primaryimage\",\"url\":\"https:\\\/\\\/bcweededible.net\\\/wp-content\\\/uploads\\\/2023\\\/06\\\/bulk-thc-carts.jpg\",\"contentUrl\":\"https:\\\/\\\/bcweededible.net\\\/wp-content\\\/uploads\\\/2023\\\/06\\\/bulk-thc-carts.jpg\",\"width\":1080,\"height\":1080},{\"@type\":\"BreadcrumbList\",\"@id\":\"https:\\\/\\\/bcweededible.net\\\/fr\\\/buy\\\/marques\\\/eden-edibles-fr\\\/eden-en-vrac\\\/bulk-thc-carts\\\/#breadcrumb\",\"itemListElement\":[{\"@type\":\"ListItem\",\"position\":1,\"name\":\"Jujubes au Pot Canada\",\"item\":\"https:\\\/\\\/bcweededible.net\\\/fr\\\/shop\\\/\"},{\"@type\":\"ListItem\",\"position\":2,\"name\":\"Cartouches Vape THC en Gros\"}]},{\"@type\":\"WebSite\",\"@id\":\"https:\\\/\\\/bcweededible.net\\\/fr\\\/#website\",\"url\":\"https:\\\/\\\/bcweededible.net\\\/fr\\\/\",\"name\":\"BC Weed Edible\",\"description\":\"\",\"publisher\":{\"@id\":\"https:\\\/\\\/bcweededible.net\\\/fr\\\/#organization\"},\"potentialAction\":[{\"@type\":\"SearchAction\",\"target\":{\"@type\":\"EntryPoint\",\"urlTemplate\":\"https:\\\/\\\/bcweededible.net\\\/fr\\\/?s={search_term_string}\"},\"query-input\":{\"@type\":\"PropertyValueSpecification\",\"valueRequired\":true,\"valueName\":\"search_term_string\"}}],\"inLanguage\":\"fr-FR\"},{\"@type\":\"Organization\",\"@id\":\"https:\\\/\\\/bcweededible.net\\\/fr\\\/#organization\",\"name\":\"BC Weed Edible\",\"url\":\"https:\\\/\\\/bcweededible.net\\\/fr\\\/\",\"logo\":{\"@type\":\"ImageObject\",\"inLanguage\":\"fr-FR\",\"@id\":\"https:\\\/\\\/bcweededible.net\\\/fr\\\/#\\\/schema\\\/logo\\\/image\\\/\",\"url\":\"https:\\\/\\\/bcweededible.net\\\/wp-content\\\/uploads\\\/2021\\\/12\\\/bc-weed-edible-canada.png\",\"contentUrl\":\"https:\\\/\\\/bcweededible.net\\\/wp-content\\\/uploads\\\/2021\\\/12\\\/bc-weed-edible-canada.png\",\"width\":270,\"height\":185,\"caption\":\"BC Weed Edible\"},\"image\":{\"@id\":\"https:\\\/\\\/bcweededible.net\\\/fr\\\/#\\\/schema\\\/logo\\\/image\\\/\"}}]}<\/script>\n","yoast_head_json":{"title":"Acheter des Cartouches Vape THC en Gros au Canada $14\/Unit\u00e9 | BC Weed Edible.","robots":{"index":"index","follow":"follow","max-snippet":"max-snippet:-1","max-image-preview":"max-image-preview:large","max-video-preview":"max-video-preview:-1"},"canonical":"https:\/\/bcweededible.net\/fr\/buy\/marques\/eden-edibles-fr\/eden-en-vrac\/bulk-thc-carts\/","og_locale":"fr_FR","og_type":"article","og_title":"Acheter des Cartouches Vape THC en Gros au Canada $14\/Unit\u00e9 | BC Weed Edible.","og_description":"Faites l'exp\u00e9rience de la commodit\u00e9 et du plaisir ultime avec nos cartouches de vape de 1 gramme de THC. Ces cartouches \u00e9l\u00e9gantes et portables sont con\u00e7ues pour \u00e9lever votre exp\u00e9rience du cannabis vers de nouveaux sommets. Avec une capacit\u00e9 g\u00e9n\u00e9reuse de 1 gramme, vous disposerez d'une r\u00e9serve suffisante pour profiter de sessions prolong\u00e9es de pur bonheur. Immergez-vous dans la vapeur agr\u00e9able et puissante tandis que les ar\u00f4mes \u00a0envahissent vos sens. Produit en Colombie-Britannique Puissance du THC 90-95% Cartouche de fil Cartouche CCELL (filetage 510) Quantit\u00e9 1000mg par cartouche Prix unitaire $14 Nombre d'unit\u00e9s 50 &nbsp;","og_url":"https:\/\/bcweededible.net\/fr\/buy\/marques\/eden-edibles-fr\/eden-en-vrac\/bulk-thc-carts\/","og_site_name":"BC Weed Edible","article_modified_time":"2026-02-09T23:50:23+00:00","og_image":[{"width":1080,"height":1080,"url":"https:\/\/bcweededible.net\/wp-content\/uploads\/2023\/06\/bulk-thc-carts.jpg","type":"image\/jpeg"}],"twitter_card":"summary_large_image","twitter_misc":{"Dur\u00e9e de lecture estim\u00e9e":"2 minutes"},"schema":{"@context":"https:\/\/schema.org","@graph":[{"@type":"WebPage","@id":"https:\/\/bcweededible.net\/fr\/buy\/marques\/eden-edibles-fr\/eden-en-vrac\/bulk-thc-carts\/","url":"https:\/\/bcweededible.net\/fr\/buy\/marques\/eden-edibles-fr\/eden-en-vrac\/bulk-thc-carts\/","name":"Acheter des Cartouches Vape THC en Gros au Canada $14\/Unit\u00e9 | BC Weed Edible.","isPartOf":{"@id":"https:\/\/bcweededible.net\/fr\/#website"},"primaryImageOfPage":{"@id":"https:\/\/bcweededible.net\/fr\/buy\/marques\/eden-edibles-fr\/eden-en-vrac\/bulk-thc-carts\/#primaryimage"},"image":{"@id":"https:\/\/bcweededible.net\/fr\/buy\/marques\/eden-edibles-fr\/eden-en-vrac\/bulk-thc-carts\/#primaryimage"},"thumbnailUrl":"https:\/\/bcweededible.net\/wp-content\/uploads\/2023\/06\/bulk-thc-carts.jpg","datePublished":"2023-06-14T18:44:15+00:00","dateModified":"2026-02-09T23:50:23+00:00","breadcrumb":{"@id":"https:\/\/bcweededible.net\/fr\/buy\/marques\/eden-edibles-fr\/eden-en-vrac\/bulk-thc-carts\/#breadcrumb"},"inLanguage":"fr-FR","potentialAction":[{"@type":"ReadAction","target":["https:\/\/bcweededible.net\/fr\/buy\/marques\/eden-edibles-fr\/eden-en-vrac\/bulk-thc-carts\/"]}]},{"@type":"ImageObject","inLanguage":"fr-FR","@id":"https:\/\/bcweededible.net\/fr\/buy\/marques\/eden-edibles-fr\/eden-en-vrac\/bulk-thc-carts\/#primaryimage","url":"https:\/\/bcweededible.net\/wp-content\/uploads\/2023\/06\/bulk-thc-carts.jpg","contentUrl":"https:\/\/bcweededible.net\/wp-content\/uploads\/2023\/06\/bulk-thc-carts.jpg","width":1080,"height":1080},{"@type":"BreadcrumbList","@id":"https:\/\/bcweededible.net\/fr\/buy\/marques\/eden-edibles-fr\/eden-en-vrac\/bulk-thc-carts\/#breadcrumb","itemListElement":[{"@type":"ListItem","position":1,"name":"Jujubes au Pot Canada","item":"https:\/\/bcweededible.net\/fr\/shop\/"},{"@type":"ListItem","position":2,"name":"Cartouches Vape THC en Gros"}]},{"@type":"WebSite","@id":"https:\/\/bcweededible.net\/fr\/#website","url":"https:\/\/bcweededible.net\/fr\/","name":"BC Weed Edible","description":"","publisher":{"@id":"https:\/\/bcweededible.net\/fr\/#organization"},"potentialAction":[{"@type":"SearchAction","target":{"@type":"EntryPoint","urlTemplate":"https:\/\/bcweededible.net\/fr\/?s={search_term_string}"},"query-input":{"@type":"PropertyValueSpecification","valueRequired":true,"valueName":"search_term_string"}}],"inLanguage":"fr-FR"},{"@type":"Organization","@id":"https:\/\/bcweededible.net\/fr\/#organization","name":"BC Weed Edible","url":"https:\/\/bcweededible.net\/fr\/","logo":{"@type":"ImageObject","inLanguage":"fr-FR","@id":"https:\/\/bcweededible.net\/fr\/#\/schema\/logo\/image\/","url":"https:\/\/bcweededible.net\/wp-content\/uploads\/2021\/12\/bc-weed-edible-canada.png","contentUrl":"https:\/\/bcweededible.net\/wp-content\/uploads\/2021\/12\/bc-weed-edible-canada.png","width":270,"height":185,"caption":"BC Weed Edible"},"image":{"@id":"https:\/\/bcweededible.net\/fr\/#\/schema\/logo\/image\/"}}]}},"_links":{"self":[{"href":"https:\/\/bcweededible.net\/fr\/wp-json\/wp\/v2\/product\/39837","targetHints":{"allow":["GET"]}}],"collection":[{"href":"https:\/\/bcweededible.net\/fr\/wp-json\/wp\/v2\/product"}],"about":[{"href":"https:\/\/bcweededible.net\/fr\/wp-json\/wp\/v2\/types\/product"}],"replies":[{"embeddable":true,"href":"https:\/\/bcweededible.net\/fr\/wp-json\/wp\/v2\/comments?post=39837"}],"wp:featuredmedia":[{"embeddable":true,"href":"https:\/\/bcweededible.net\/fr\/wp-json\/wp\/v2\/media\/52076"}],"wp:attachment":[{"href":"https:\/\/bcweededible.net\/fr\/wp-json\/wp\/v2\/media?parent=39837"}],"wp:term":[{"taxonomy":"product_brand","embeddable":true,"href":"https:\/\/bcweededible.net\/fr\/wp-json\/wp\/v2\/product_brand?post=39837"},{"taxonomy":"product_cat","embeddable":true,"href":"https:\/\/bcweededible.net\/fr\/wp-json\/wp\/v2\/product_cat?post=39837"},{"taxonomy":"product_tag","embeddable":true,"href":"https:\/\/bcweededible.net\/fr\/wp-json\/wp\/v2\/product_tag?post=39837"}],"curies":[{"name":"wp","href":"https:\/\/api.w.org\/{rel}","templated":true}]}}