{"id":39739,"date":"2023-07-21T11:51:46","date_gmt":"2023-08-03T19:09:37","guid":{"rendered":"https:\/\/bcweededible.net\/buy\/non%20class\u00e9\/tamis-pour-tuyaux-5-tamis-par-paquet\/"},"modified":"2025-09-10T12:51:10","modified_gmt":"2025-09-10T19:51:10","slug":"grilles-pour-pipe","status":"publish","type":"product","link":"https:\/\/bcweededible.net\/fr\/buy\/accessoires\/grilles-pour-pipe\/","title":{"rendered":"Grilles pour pipe (5 par paquet)"},"content":{"rendered":"","protected":false},"excerpt":{"rendered":"<p>D\u00e9couvrez l&#8217;<a href=\"https:\/\/bcweededible.net\/fr\/shop\/accessoires\/\">accessoire<\/a> essentiel du cannabis &#8211; <strong>Grilles pour pipe (5 par paquet)<\/strong>! Ces grilles de haute qualit\u00e9 sont con\u00e7ues pour <strong>s&#8217;adapter \u00e0 la plupart des pipes<\/strong>, garantissant une <strong>exp\u00e9rience douce et agr\u00e9able pour fumer<\/strong>. Construit en acier inoxydable cela garantit la durabilit\u00e9 et la long\u00e9vit\u00e9 de ce produit.<\/p>\n<h2>Informations sur les grilles pour pipe<\/h2>\n<table>\n<thead>\n<tr>\n<th>Sp\u00e9cifications<\/th>\n<th>Description<\/th>\n<\/tr>\n<\/thead>\n<tbody>\n<tr>\n<td>Quantit\u00e9 par paquet<\/td>\n<td>5 grilles<\/td>\n<\/tr>\n<tr>\n<td>Mat\u00e9riau<\/td>\n<td>Acier inoxydable<\/td>\n<\/tr>\n<tr>\n<td>Caract\u00e9ristiques<\/td>\n<td>Robuste et r\u00e9sistant \u00e0 la rouille<\/p>\n<p>Facile \u00e0 utiliser, \u00e0 nettoyer et \u00e0 st\u00e9riliser<\/p>\n<p>Durable et de longue dur\u00e9e de vie<\/td>\n<\/tr>\n<tr>\n<td>Diam\u00e8tre<\/td>\n<td>20 mm<\/td>\n<\/tr>\n<tr>\n<td>Compatibilit\u00e9<\/td>\n<td>Forme et taille universelles, adapt\u00e9es \u00e0 la plupart des pipes ou bols \u00e0 fumer<\/td>\n<\/tr>\n<\/tbody>\n<\/table>\n","protected":false},"featured_media":38493,"comment_status":"closed","ping_status":"closed","template":"","meta":{"wprm-recipe-roundup-name":"","wprm-recipe-roundup-description":""},"product_cat":[654],"product_tag":[],"class_list":{"0":"post-39739","1":"product","2":"type-product","3":"status-publish","4":"has-post-thumbnail","6":"product_cat-accessoires","8":"first","9":"outofstock","10":"shipping-taxable","11":"purchasable","12":"product-type-simple"},"yoast_head":"\n<title>Acheter Grilles pour pipe (5 par paquet) en Ligne Canada | BC Weed Edible<\/title>\n<meta name=\"robots\" content=\"index, follow, max-snippet:-1, max-image-preview:large, max-video-preview:-1\" \/>\n<link rel=\"canonical\" href=\"https:\/\/bcweededible.net\/fr\/buy\/accessoires\/grilles-pour-pipe\/\" \/>\n<meta property=\"og:locale\" content=\"fr_FR\" \/>\n<meta property=\"og:type\" content=\"article\" \/>\n<meta property=\"og:title\" content=\"Acheter Grilles pour pipe (5 par paquet) en Ligne Canada | BC Weed Edible\" \/>\n<meta property=\"og:description\" content=\"D\u00e9couvrez l&#039;accessoire essentiel du cannabis - Grilles pour pipe (5 par paquet)! Ces grilles de haute qualit\u00e9 sont con\u00e7ues pour s&#039;adapter \u00e0 la plupart des pipes, garantissant une exp\u00e9rience douce et agr\u00e9able pour fumer. Construit en acier inoxydable cela garantit la durabilit\u00e9 et la long\u00e9vit\u00e9 de ce produit. Informations sur les grilles pour pipe Sp\u00e9cifications Description Quantit\u00e9 par paquet 5 grilles Mat\u00e9riau Acier inoxydable Caract\u00e9ristiques Robuste et r\u00e9sistant \u00e0 la rouille Facile \u00e0 utiliser, \u00e0 nettoyer et \u00e0 st\u00e9riliser Durable et de longue dur\u00e9e de vie Diam\u00e8tre 20 mm Compatibilit\u00e9 Forme et taille universelles, adapt\u00e9es \u00e0 la plupart des pipes ou bols \u00e0 fumer\" \/>\n<meta property=\"og:url\" content=\"https:\/\/bcweededible.net\/fr\/buy\/accessoires\/grilles-pour-pipe\/\" \/>\n<meta property=\"og:site_name\" content=\"BC Weed Edible\" \/>\n<meta property=\"article:modified_time\" content=\"2025-09-10T19:51:10+00:00\" \/>\n<meta property=\"og:image\" content=\"https:\/\/bcweededible.net\/wp-content\/uploads\/2023\/07\/Pipe-Screen-5screenw-per-pack.jpeg\" \/>\n\t<meta property=\"og:image:width\" content=\"600\" \/>\n\t<meta property=\"og:image:height\" content=\"600\" \/>\n\t<meta property=\"og:image:type\" content=\"image\/jpeg\" \/>\n<meta name=\"twitter:card\" content=\"summary_large_image\" \/>\n<script type=\"application\/ld+json\" class=\"yoast-schema-graph\">{\"@context\":\"https:\/\/schema.org\",\"@graph\":[{\"@type\":\"WebPage\",\"@id\":\"https:\/\/bcweededible.net\/fr\/buy\/accessoires\/grilles-pour-pipe\/\",\"url\":\"https:\/\/bcweededible.net\/fr\/buy\/accessoires\/grilles-pour-pipe\/\",\"name\":\"Acheter Grilles pour pipe (5 par paquet) en Ligne Canada | BC Weed Edible\",\"isPartOf\":{\"@id\":\"https:\/\/bcweededible.net\/fr\/#website\"},\"primaryImageOfPage\":{\"@id\":\"https:\/\/bcweededible.net\/fr\/buy\/accessoires\/grilles-pour-pipe\/#primaryimage\"},\"image\":{\"@id\":\"https:\/\/bcweededible.net\/fr\/buy\/accessoires\/grilles-pour-pipe\/#primaryimage\"},\"thumbnailUrl\":\"https:\/\/bcweededible.net\/wp-content\/uploads\/2023\/07\/Pipe-Screen-5screenw-per-pack.jpeg\",\"datePublished\":\"2023-08-03T19:09:37+00:00\",\"dateModified\":\"2025-09-10T19:51:10+00:00\",\"breadcrumb\":{\"@id\":\"https:\/\/bcweededible.net\/fr\/buy\/accessoires\/grilles-pour-pipe\/#breadcrumb\"},\"inLanguage\":\"fr-FR\",\"potentialAction\":[{\"@type\":\"ReadAction\",\"target\":[\"https:\/\/bcweededible.net\/fr\/buy\/accessoires\/grilles-pour-pipe\/\"]}]},{\"@type\":\"ImageObject\",\"inLanguage\":\"fr-FR\",\"@id\":\"https:\/\/bcweededible.net\/fr\/buy\/accessoires\/grilles-pour-pipe\/#primaryimage\",\"url\":\"https:\/\/bcweededible.net\/wp-content\/uploads\/2023\/07\/Pipe-Screen-5screenw-per-pack.jpeg\",\"contentUrl\":\"https:\/\/bcweededible.net\/wp-content\/uploads\/2023\/07\/Pipe-Screen-5screenw-per-pack.jpeg\",\"width\":600,\"height\":600},{\"@type\":\"BreadcrumbList\",\"@id\":\"https:\/\/bcweededible.net\/fr\/buy\/accessoires\/grilles-pour-pipe\/#breadcrumb\",\"itemListElement\":[{\"@type\":\"ListItem\",\"position\":1,\"name\":\"Jujubes au Pot Canada\",\"item\":\"https:\/\/bcweededible.net\/fr\/shop\/\"},{\"@type\":\"ListItem\",\"position\":2,\"name\":\"Grilles pour pipe (5 par paquet)\"}]},{\"@type\":\"WebSite\",\"@id\":\"https:\/\/bcweededible.net\/fr\/#website\",\"url\":\"https:\/\/bcweededible.net\/fr\/\",\"name\":\"BC Weed Edible\",\"description\":\"\",\"publisher\":{\"@id\":\"https:\/\/bcweededible.net\/fr\/#organization\"},\"potentialAction\":[{\"@type\":\"SearchAction\",\"target\":{\"@type\":\"EntryPoint\",\"urlTemplate\":\"https:\/\/bcweededible.net\/fr\/?s={search_term_string}\"},\"query-input\":{\"@type\":\"PropertyValueSpecification\",\"valueRequired\":true,\"valueName\":\"search_term_string\"}}],\"inLanguage\":\"fr-FR\"},{\"@type\":\"Organization\",\"@id\":\"https:\/\/bcweededible.net\/fr\/#organization\",\"name\":\"BC Weed Edible\",\"url\":\"https:\/\/bcweededible.net\/fr\/\",\"logo\":{\"@type\":\"ImageObject\",\"inLanguage\":\"fr-FR\",\"@id\":\"https:\/\/bcweededible.net\/fr\/#\/schema\/logo\/image\/\",\"url\":\"https:\/\/bcweededible.net\/wp-content\/uploads\/2021\/12\/bc-weed-edible-canada.png\",\"contentUrl\":\"https:\/\/bcweededible.net\/wp-content\/uploads\/2021\/12\/bc-weed-edible-canada.png\",\"width\":270,\"height\":185,\"caption\":\"BC Weed Edible\"},\"image\":{\"@id\":\"https:\/\/bcweededible.net\/fr\/#\/schema\/logo\/image\/\"}}]}<\/script>\n","yoast_head_json":{"title":"Acheter Grilles pour pipe (5 par paquet) en Ligne Canada | BC Weed Edible","robots":{"index":"index","follow":"follow","max-snippet":"max-snippet:-1","max-image-preview":"max-image-preview:large","max-video-preview":"max-video-preview:-1"},"canonical":"https:\/\/bcweededible.net\/fr\/buy\/accessoires\/grilles-pour-pipe\/","og_locale":"fr_FR","og_type":"article","og_title":"Acheter Grilles pour pipe (5 par paquet) en Ligne Canada | BC Weed Edible","og_description":"D\u00e9couvrez l'accessoire essentiel du cannabis - Grilles pour pipe (5 par paquet)! Ces grilles de haute qualit\u00e9 sont con\u00e7ues pour s'adapter \u00e0 la plupart des pipes, garantissant une exp\u00e9rience douce et agr\u00e9able pour fumer. Construit en acier inoxydable cela garantit la durabilit\u00e9 et la long\u00e9vit\u00e9 de ce produit. Informations sur les grilles pour pipe Sp\u00e9cifications Description Quantit\u00e9 par paquet 5 grilles Mat\u00e9riau Acier inoxydable Caract\u00e9ristiques Robuste et r\u00e9sistant \u00e0 la rouille Facile \u00e0 utiliser, \u00e0 nettoyer et \u00e0 st\u00e9riliser Durable et de longue dur\u00e9e de vie Diam\u00e8tre 20 mm Compatibilit\u00e9 Forme et taille universelles, adapt\u00e9es \u00e0 la plupart des pipes ou bols \u00e0 fumer","og_url":"https:\/\/bcweededible.net\/fr\/buy\/accessoires\/grilles-pour-pipe\/","og_site_name":"BC Weed Edible","article_modified_time":"2025-09-10T19:51:10+00:00","og_image":[{"width":600,"height":600,"url":"https:\/\/bcweededible.net\/wp-content\/uploads\/2023\/07\/Pipe-Screen-5screenw-per-pack.jpeg","type":"image\/jpeg"}],"twitter_card":"summary_large_image","schema":{"@context":"https:\/\/schema.org","@graph":[{"@type":"WebPage","@id":"https:\/\/bcweededible.net\/fr\/buy\/accessoires\/grilles-pour-pipe\/","url":"https:\/\/bcweededible.net\/fr\/buy\/accessoires\/grilles-pour-pipe\/","name":"Acheter Grilles pour pipe (5 par paquet) en Ligne Canada | BC Weed Edible","isPartOf":{"@id":"https:\/\/bcweededible.net\/fr\/#website"},"primaryImageOfPage":{"@id":"https:\/\/bcweededible.net\/fr\/buy\/accessoires\/grilles-pour-pipe\/#primaryimage"},"image":{"@id":"https:\/\/bcweededible.net\/fr\/buy\/accessoires\/grilles-pour-pipe\/#primaryimage"},"thumbnailUrl":"https:\/\/bcweededible.net\/wp-content\/uploads\/2023\/07\/Pipe-Screen-5screenw-per-pack.jpeg","datePublished":"2023-08-03T19:09:37+00:00","dateModified":"2025-09-10T19:51:10+00:00","breadcrumb":{"@id":"https:\/\/bcweededible.net\/fr\/buy\/accessoires\/grilles-pour-pipe\/#breadcrumb"},"inLanguage":"fr-FR","potentialAction":[{"@type":"ReadAction","target":["https:\/\/bcweededible.net\/fr\/buy\/accessoires\/grilles-pour-pipe\/"]}]},{"@type":"ImageObject","inLanguage":"fr-FR","@id":"https:\/\/bcweededible.net\/fr\/buy\/accessoires\/grilles-pour-pipe\/#primaryimage","url":"https:\/\/bcweededible.net\/wp-content\/uploads\/2023\/07\/Pipe-Screen-5screenw-per-pack.jpeg","contentUrl":"https:\/\/bcweededible.net\/wp-content\/uploads\/2023\/07\/Pipe-Screen-5screenw-per-pack.jpeg","width":600,"height":600},{"@type":"BreadcrumbList","@id":"https:\/\/bcweededible.net\/fr\/buy\/accessoires\/grilles-pour-pipe\/#breadcrumb","itemListElement":[{"@type":"ListItem","position":1,"name":"Jujubes au Pot Canada","item":"https:\/\/bcweededible.net\/fr\/shop\/"},{"@type":"ListItem","position":2,"name":"Grilles pour pipe (5 par paquet)"}]},{"@type":"WebSite","@id":"https:\/\/bcweededible.net\/fr\/#website","url":"https:\/\/bcweededible.net\/fr\/","name":"BC Weed Edible","description":"","publisher":{"@id":"https:\/\/bcweededible.net\/fr\/#organization"},"potentialAction":[{"@type":"SearchAction","target":{"@type":"EntryPoint","urlTemplate":"https:\/\/bcweededible.net\/fr\/?s={search_term_string}"},"query-input":{"@type":"PropertyValueSpecification","valueRequired":true,"valueName":"search_term_string"}}],"inLanguage":"fr-FR"},{"@type":"Organization","@id":"https:\/\/bcweededible.net\/fr\/#organization","name":"BC Weed Edible","url":"https:\/\/bcweededible.net\/fr\/","logo":{"@type":"ImageObject","inLanguage":"fr-FR","@id":"https:\/\/bcweededible.net\/fr\/#\/schema\/logo\/image\/","url":"https:\/\/bcweededible.net\/wp-content\/uploads\/2021\/12\/bc-weed-edible-canada.png","contentUrl":"https:\/\/bcweededible.net\/wp-content\/uploads\/2021\/12\/bc-weed-edible-canada.png","width":270,"height":185,"caption":"BC Weed Edible"},"image":{"@id":"https:\/\/bcweededible.net\/fr\/#\/schema\/logo\/image\/"}}]}},"_links":{"self":[{"href":"https:\/\/bcweededible.net\/fr\/wp-json\/wp\/v2\/product\/39739","targetHints":{"allow":["GET"]}}],"collection":[{"href":"https:\/\/bcweededible.net\/fr\/wp-json\/wp\/v2\/product"}],"about":[{"href":"https:\/\/bcweededible.net\/fr\/wp-json\/wp\/v2\/types\/product"}],"replies":[{"embeddable":true,"href":"https:\/\/bcweededible.net\/fr\/wp-json\/wp\/v2\/comments?post=39739"}],"wp:featuredmedia":[{"embeddable":true,"href":"https:\/\/bcweededible.net\/fr\/wp-json\/wp\/v2\/media\/38493"}],"wp:attachment":[{"href":"https:\/\/bcweededible.net\/fr\/wp-json\/wp\/v2\/media?parent=39739"}],"wp:term":[{"taxonomy":"product_cat","embeddable":true,"href":"https:\/\/bcweededible.net\/fr\/wp-json\/wp\/v2\/product_cat?post=39739"},{"taxonomy":"product_tag","embeddable":true,"href":"https:\/\/bcweededible.net\/fr\/wp-json\/wp\/v2\/product_tag?post=39739"}],"curies":[{"name":"wp","href":"https:\/\/api.w.org\/{rel}","templated":true}]}}