{"id":39713,"date":"2023-07-21T12:03:10","date_gmt":"2023-08-03T19:08:21","guid":{"rendered":"https:\/\/bcweededible.net\/buy\/non%20class\u00e9\/meuleuse-50mm-en-4-parties\/"},"modified":"2024-11-13T09:47:02","modified_gmt":"2024-11-13T17:47:02","slug":"meuleuse-50mm-en-4-parties","status":"publish","type":"product","link":"https:\/\/bcweededible.net\/fr\/buy\/accessoires\/meuleuse-50mm-en-4-parties\/","title":{"rendered":"Grinder 50mm en 4 parties"},"content":{"rendered":"","protected":false},"excerpt":{"rendered":"<p>D\u00e9couvrez l&#8217;excellence de notre <strong>grinder\u00a0de 50 mm en 4 parties avec tamis<\/strong>, m\u00e9ticuleusement fabriqu\u00e9 \u00e0 partir d&#8217;aluminium de premi\u00e8re qualit\u00e9. Ce grinder de haute qualit\u00e9 est un must dans votre collection d&#8217;<a href=\"https:\/\/bcweededible.net\/fr\/shop\/accessoires\/\">accessoires pour le cannabis<\/a>. Il offre une pr\u00e9cision de broyage exceptionnelle pour vos cannabis. La conception en 4 parties comporte un tamis qui s\u00e9pare le pollen. <strong>Durable, efficace et facile \u00e0 utiliser<\/strong>, ce grinder garantit un broyage en douceur et des r\u00e9sultats constants \u00e0 chaque fois. Achetez maintenant et am\u00e9liorez votre exp\u00e9rience<\/p>\n<h2>Informations sur le grinder de 50mm<\/h2>\n<table>\n<thead>\n<tr>\n<th>Sp\u00e9cifications<\/th>\n<th>Description<\/th>\n<\/tr>\n<\/thead>\n<tbody>\n<tr>\n<td>Mat\u00e9riau<\/td>\n<td>Aluminium de haute qualit\u00e9<\/td>\n<\/tr>\n<tr>\n<td>Densit\u00e9 du mat\u00e9riau<\/td>\n<td>Densit\u00e9 \u00e9lev\u00e9e<\/td>\n<\/tr>\n<tr>\n<td>Dents<\/td>\n<td>Dents super aiguis\u00e9es pour un broyage efficace<\/td>\n<\/tr>\n<tr>\n<td>Surface<\/td>\n<td>Surface lisse et polie<\/td>\n<\/tr>\n<tr>\n<td>Conception compacte<\/td>\n<td>Conception compacte sup\u00e9rieure<\/td>\n<\/tr>\n<tr>\n<td>Comprend<\/td>\n<td>1x grinder en 4 parties (noir) &amp; 1x grattoir \u00e0 pollen<\/td>\n<\/tr>\n<tr>\n<td>Diam\u00e8tre<\/td>\n<td>5cm (2 pouces)<\/td>\n<\/tr>\n<tr>\n<td>Transportabilit\u00e9<\/td>\n<td>Petit et facile \u00e0 transporter dans votre poche ou dans les mains<\/td>\n<\/tr>\n<\/tbody>\n<\/table>\n<p>&nbsp;<\/p>\n","protected":false},"featured_media":38498,"comment_status":"closed","ping_status":"closed","template":"","meta":{"wprm-recipe-roundup-name":"","wprm-recipe-roundup-description":""},"product_cat":[654],"product_tag":[],"class_list":{"0":"post-39713","1":"product","2":"type-product","3":"status-publish","4":"has-post-thumbnail","6":"product_cat-accessoires","8":"first","9":"instock","10":"shipping-taxable","11":"purchasable","12":"product-type-simple"},"yoast_head":"\n<title>Acheter Grinder 50mm en 4 parties en Ligne Canada | BC Weed Edible<\/title>\n<meta name=\"robots\" content=\"index, follow, max-snippet:-1, max-image-preview:large, max-video-preview:-1\" \/>\n<link rel=\"canonical\" href=\"https:\/\/bcweededible.net\/fr\/buy\/accessoires\/meuleuse-50mm-en-4-parties\/\" \/>\n<meta property=\"og:locale\" content=\"fr_FR\" \/>\n<meta property=\"og:type\" content=\"article\" \/>\n<meta property=\"og:title\" content=\"Acheter Grinder 50mm en 4 parties en Ligne Canada | BC Weed Edible\" \/>\n<meta property=\"og:description\" content=\"D\u00e9couvrez l&#039;excellence de notre grinder\u00a0de 50 mm en 4 parties avec tamis, m\u00e9ticuleusement fabriqu\u00e9 \u00e0 partir d&#039;aluminium de premi\u00e8re qualit\u00e9. Ce grinder de haute qualit\u00e9 est un must dans votre collection d&#039;accessoires pour le cannabis. Il offre une pr\u00e9cision de broyage exceptionnelle pour vos cannabis. La conception en 4 parties comporte un tamis qui s\u00e9pare le pollen. Durable, efficace et facile \u00e0 utiliser, ce grinder garantit un broyage en douceur et des r\u00e9sultats constants \u00e0 chaque fois. Achetez maintenant et am\u00e9liorez votre exp\u00e9rience Informations sur le grinder de 50mm Sp\u00e9cifications Description Mat\u00e9riau Aluminium de haute qualit\u00e9 Densit\u00e9 du mat\u00e9riau Densit\u00e9 \u00e9lev\u00e9e Dents Dents super aiguis\u00e9es pour un broyage efficace Surface Surface lisse et polie Conception compacte Conception compacte sup\u00e9rieure Comprend 1x grinder en 4 parties (noir) &amp; 1x grattoir \u00e0 pollen Diam\u00e8tre 5cm (2 pouces) Transportabilit\u00e9 Petit et facile \u00e0 transporter dans votre poche ou dans les mains &nbsp;\" \/>\n<meta property=\"og:url\" content=\"https:\/\/bcweededible.net\/fr\/buy\/accessoires\/meuleuse-50mm-en-4-parties\/\" \/>\n<meta property=\"og:site_name\" content=\"BC Weed Edible\" \/>\n<meta property=\"article:modified_time\" content=\"2024-11-13T17:47:02+00:00\" \/>\n<meta property=\"og:image\" content=\"https:\/\/bcweededible.net\/wp-content\/uploads\/2023\/07\/50mm-Grinder-4-part.jpeg\" \/>\n\t<meta property=\"og:image:width\" content=\"700\" \/>\n\t<meta property=\"og:image:height\" content=\"700\" \/>\n\t<meta property=\"og:image:type\" content=\"image\/jpeg\" \/>\n<meta name=\"twitter:card\" content=\"summary_large_image\" \/>\n<script type=\"application\/ld+json\" class=\"yoast-schema-graph\">{\"@context\":\"https:\/\/schema.org\",\"@graph\":[{\"@type\":\"WebPage\",\"@id\":\"https:\/\/bcweededible.net\/fr\/buy\/accessoires\/meuleuse-50mm-en-4-parties\/\",\"url\":\"https:\/\/bcweededible.net\/fr\/buy\/accessoires\/meuleuse-50mm-en-4-parties\/\",\"name\":\"Acheter Grinder 50mm en 4 parties en Ligne Canada | BC Weed Edible\",\"isPartOf\":{\"@id\":\"https:\/\/bcweededible.net\/fr\/#website\"},\"primaryImageOfPage\":{\"@id\":\"https:\/\/bcweededible.net\/fr\/buy\/accessoires\/meuleuse-50mm-en-4-parties\/#primaryimage\"},\"image\":{\"@id\":\"https:\/\/bcweededible.net\/fr\/buy\/accessoires\/meuleuse-50mm-en-4-parties\/#primaryimage\"},\"thumbnailUrl\":\"https:\/\/bcweededible.net\/wp-content\/uploads\/2023\/07\/50mm-Grinder-4-part.jpeg\",\"datePublished\":\"2023-08-03T19:08:21+00:00\",\"dateModified\":\"2024-11-13T17:47:02+00:00\",\"breadcrumb\":{\"@id\":\"https:\/\/bcweededible.net\/fr\/buy\/accessoires\/meuleuse-50mm-en-4-parties\/#breadcrumb\"},\"inLanguage\":\"fr-FR\",\"potentialAction\":[{\"@type\":\"ReadAction\",\"target\":[\"https:\/\/bcweededible.net\/fr\/buy\/accessoires\/meuleuse-50mm-en-4-parties\/\"]}]},{\"@type\":\"ImageObject\",\"inLanguage\":\"fr-FR\",\"@id\":\"https:\/\/bcweededible.net\/fr\/buy\/accessoires\/meuleuse-50mm-en-4-parties\/#primaryimage\",\"url\":\"https:\/\/bcweededible.net\/wp-content\/uploads\/2023\/07\/50mm-Grinder-4-part.jpeg\",\"contentUrl\":\"https:\/\/bcweededible.net\/wp-content\/uploads\/2023\/07\/50mm-Grinder-4-part.jpeg\",\"width\":700,\"height\":700,\"caption\":\"50 mm Grinder 4-Part\"},{\"@type\":\"BreadcrumbList\",\"@id\":\"https:\/\/bcweededible.net\/fr\/buy\/accessoires\/meuleuse-50mm-en-4-parties\/#breadcrumb\",\"itemListElement\":[{\"@type\":\"ListItem\",\"position\":1,\"name\":\"Jujubes au Pot Canada\",\"item\":\"https:\/\/bcweededible.net\/fr\/shop\/\"},{\"@type\":\"ListItem\",\"position\":2,\"name\":\"Grinder 50mm en 4 parties\"}]},{\"@type\":\"WebSite\",\"@id\":\"https:\/\/bcweededible.net\/fr\/#website\",\"url\":\"https:\/\/bcweededible.net\/fr\/\",\"name\":\"BC Weed Edible\",\"description\":\"\",\"publisher\":{\"@id\":\"https:\/\/bcweededible.net\/fr\/#organization\"},\"potentialAction\":[{\"@type\":\"SearchAction\",\"target\":{\"@type\":\"EntryPoint\",\"urlTemplate\":\"https:\/\/bcweededible.net\/fr\/?s={search_term_string}\"},\"query-input\":{\"@type\":\"PropertyValueSpecification\",\"valueRequired\":true,\"valueName\":\"search_term_string\"}}],\"inLanguage\":\"fr-FR\"},{\"@type\":\"Organization\",\"@id\":\"https:\/\/bcweededible.net\/fr\/#organization\",\"name\":\"BC Weed Edible\",\"url\":\"https:\/\/bcweededible.net\/fr\/\",\"logo\":{\"@type\":\"ImageObject\",\"inLanguage\":\"fr-FR\",\"@id\":\"https:\/\/bcweededible.net\/fr\/#\/schema\/logo\/image\/\",\"url\":\"https:\/\/bcweededible.net\/wp-content\/uploads\/2021\/12\/bc-weed-edible-canada.png\",\"contentUrl\":\"https:\/\/bcweededible.net\/wp-content\/uploads\/2021\/12\/bc-weed-edible-canada.png\",\"width\":270,\"height\":185,\"caption\":\"BC Weed Edible\"},\"image\":{\"@id\":\"https:\/\/bcweededible.net\/fr\/#\/schema\/logo\/image\/\"}}]}<\/script>\n","yoast_head_json":{"title":"Acheter Grinder 50mm en 4 parties en Ligne Canada | BC Weed Edible","robots":{"index":"index","follow":"follow","max-snippet":"max-snippet:-1","max-image-preview":"max-image-preview:large","max-video-preview":"max-video-preview:-1"},"canonical":"https:\/\/bcweededible.net\/fr\/buy\/accessoires\/meuleuse-50mm-en-4-parties\/","og_locale":"fr_FR","og_type":"article","og_title":"Acheter Grinder 50mm en 4 parties en Ligne Canada | BC Weed Edible","og_description":"D\u00e9couvrez l'excellence de notre grinder\u00a0de 50 mm en 4 parties avec tamis, m\u00e9ticuleusement fabriqu\u00e9 \u00e0 partir d'aluminium de premi\u00e8re qualit\u00e9. Ce grinder de haute qualit\u00e9 est un must dans votre collection d'accessoires pour le cannabis. Il offre une pr\u00e9cision de broyage exceptionnelle pour vos cannabis. La conception en 4 parties comporte un tamis qui s\u00e9pare le pollen. Durable, efficace et facile \u00e0 utiliser, ce grinder garantit un broyage en douceur et des r\u00e9sultats constants \u00e0 chaque fois. Achetez maintenant et am\u00e9liorez votre exp\u00e9rience Informations sur le grinder de 50mm Sp\u00e9cifications Description Mat\u00e9riau Aluminium de haute qualit\u00e9 Densit\u00e9 du mat\u00e9riau Densit\u00e9 \u00e9lev\u00e9e Dents Dents super aiguis\u00e9es pour un broyage efficace Surface Surface lisse et polie Conception compacte Conception compacte sup\u00e9rieure Comprend 1x grinder en 4 parties (noir) &amp; 1x grattoir \u00e0 pollen Diam\u00e8tre 5cm (2 pouces) Transportabilit\u00e9 Petit et facile \u00e0 transporter dans votre poche ou dans les mains &nbsp;","og_url":"https:\/\/bcweededible.net\/fr\/buy\/accessoires\/meuleuse-50mm-en-4-parties\/","og_site_name":"BC Weed Edible","article_modified_time":"2024-11-13T17:47:02+00:00","og_image":[{"width":700,"height":700,"url":"https:\/\/bcweededible.net\/wp-content\/uploads\/2023\/07\/50mm-Grinder-4-part.jpeg","type":"image\/jpeg"}],"twitter_card":"summary_large_image","schema":{"@context":"https:\/\/schema.org","@graph":[{"@type":"WebPage","@id":"https:\/\/bcweededible.net\/fr\/buy\/accessoires\/meuleuse-50mm-en-4-parties\/","url":"https:\/\/bcweededible.net\/fr\/buy\/accessoires\/meuleuse-50mm-en-4-parties\/","name":"Acheter Grinder 50mm en 4 parties en Ligne Canada | BC Weed Edible","isPartOf":{"@id":"https:\/\/bcweededible.net\/fr\/#website"},"primaryImageOfPage":{"@id":"https:\/\/bcweededible.net\/fr\/buy\/accessoires\/meuleuse-50mm-en-4-parties\/#primaryimage"},"image":{"@id":"https:\/\/bcweededible.net\/fr\/buy\/accessoires\/meuleuse-50mm-en-4-parties\/#primaryimage"},"thumbnailUrl":"https:\/\/bcweededible.net\/wp-content\/uploads\/2023\/07\/50mm-Grinder-4-part.jpeg","datePublished":"2023-08-03T19:08:21+00:00","dateModified":"2024-11-13T17:47:02+00:00","breadcrumb":{"@id":"https:\/\/bcweededible.net\/fr\/buy\/accessoires\/meuleuse-50mm-en-4-parties\/#breadcrumb"},"inLanguage":"fr-FR","potentialAction":[{"@type":"ReadAction","target":["https:\/\/bcweededible.net\/fr\/buy\/accessoires\/meuleuse-50mm-en-4-parties\/"]}]},{"@type":"ImageObject","inLanguage":"fr-FR","@id":"https:\/\/bcweededible.net\/fr\/buy\/accessoires\/meuleuse-50mm-en-4-parties\/#primaryimage","url":"https:\/\/bcweededible.net\/wp-content\/uploads\/2023\/07\/50mm-Grinder-4-part.jpeg","contentUrl":"https:\/\/bcweededible.net\/wp-content\/uploads\/2023\/07\/50mm-Grinder-4-part.jpeg","width":700,"height":700,"caption":"50 mm Grinder 4-Part"},{"@type":"BreadcrumbList","@id":"https:\/\/bcweededible.net\/fr\/buy\/accessoires\/meuleuse-50mm-en-4-parties\/#breadcrumb","itemListElement":[{"@type":"ListItem","position":1,"name":"Jujubes au Pot Canada","item":"https:\/\/bcweededible.net\/fr\/shop\/"},{"@type":"ListItem","position":2,"name":"Grinder 50mm en 4 parties"}]},{"@type":"WebSite","@id":"https:\/\/bcweededible.net\/fr\/#website","url":"https:\/\/bcweededible.net\/fr\/","name":"BC Weed Edible","description":"","publisher":{"@id":"https:\/\/bcweededible.net\/fr\/#organization"},"potentialAction":[{"@type":"SearchAction","target":{"@type":"EntryPoint","urlTemplate":"https:\/\/bcweededible.net\/fr\/?s={search_term_string}"},"query-input":{"@type":"PropertyValueSpecification","valueRequired":true,"valueName":"search_term_string"}}],"inLanguage":"fr-FR"},{"@type":"Organization","@id":"https:\/\/bcweededible.net\/fr\/#organization","name":"BC Weed Edible","url":"https:\/\/bcweededible.net\/fr\/","logo":{"@type":"ImageObject","inLanguage":"fr-FR","@id":"https:\/\/bcweededible.net\/fr\/#\/schema\/logo\/image\/","url":"https:\/\/bcweededible.net\/wp-content\/uploads\/2021\/12\/bc-weed-edible-canada.png","contentUrl":"https:\/\/bcweededible.net\/wp-content\/uploads\/2021\/12\/bc-weed-edible-canada.png","width":270,"height":185,"caption":"BC Weed Edible"},"image":{"@id":"https:\/\/bcweededible.net\/fr\/#\/schema\/logo\/image\/"}}]}},"_links":{"self":[{"href":"https:\/\/bcweededible.net\/fr\/wp-json\/wp\/v2\/product\/39713","targetHints":{"allow":["GET"]}}],"collection":[{"href":"https:\/\/bcweededible.net\/fr\/wp-json\/wp\/v2\/product"}],"about":[{"href":"https:\/\/bcweededible.net\/fr\/wp-json\/wp\/v2\/types\/product"}],"replies":[{"embeddable":true,"href":"https:\/\/bcweededible.net\/fr\/wp-json\/wp\/v2\/comments?post=39713"}],"wp:featuredmedia":[{"embeddable":true,"href":"https:\/\/bcweededible.net\/fr\/wp-json\/wp\/v2\/media\/38498"}],"wp:attachment":[{"href":"https:\/\/bcweededible.net\/fr\/wp-json\/wp\/v2\/media?parent=39713"}],"wp:term":[{"taxonomy":"product_cat","embeddable":true,"href":"https:\/\/bcweededible.net\/fr\/wp-json\/wp\/v2\/product_cat?post=39713"},{"taxonomy":"product_tag","embeddable":true,"href":"https:\/\/bcweededible.net\/fr\/wp-json\/wp\/v2\/product_tag?post=39713"}],"curies":[{"name":"wp","href":"https:\/\/api.w.org\/{rel}","templated":true}]}}