{"id":39696,"date":"2023-07-21T10:55:28","date_gmt":"2023-08-03T19:08:00","guid":{"rendered":"https:\/\/bcweededible.net\/buy\/non%20class\u00e9\/papier-a-rouler-naturel-raw\/"},"modified":"2026-03-13T10:13:14","modified_gmt":"2026-03-13T17:13:14","slug":"papier-rouleau-naturel-brut","status":"publish","type":"product","link":"https:\/\/bcweededible.net\/fr\/buy\/accessoires\/papier-rouleau-naturel-brut\/","title":{"rendered":"Papier \u00e0 Rouler Naturel RAW"},"content":{"rendered":"","protected":false},"excerpt":{"rendered":"<p>D\u00e9couvrez l&#8217;attrait in\u00e9gal\u00e9 des <strong>papiers \u00e0 rouler Naturel RAW<\/strong> &#8211; un v\u00e9ritable favori parmi les amateurs de roulage. Ces papiers ont acquis une grande popularit\u00e9 en raison de leur nature pure et non blanchie, ce qui les distingue de tous les autres papiers \u00e0 rouler sur le march\u00e9. Fabriqu\u00e9s \u00e0 partir d&#8217;un m\u00e9lange hybride de fibres non blanchies, les papiers RAW ont une couleur naturelle brun clair qui met en valeur leur authenticit\u00e9. Leur minceur est remarquable et permet de voir \u00e0 travers chaque feuille. Le filigrane CrissCross brevet\u00e9 garantit une combustion parfaite et r\u00e9guli\u00e8re et emp\u00eache les coulures, ce qui rend l&#8217;exp\u00e9rience agr\u00e9able \u00e0 tout coup.<\/p>\n<h2><strong>Informations sur les Papiers \u00e0 rouler NaturelRAW\u00a0<\/strong><\/h2>\n<table>\n<tbody>\n<tr>\n<td>Contenu<\/td>\n<td>32 feuilles\/paquet<\/td>\n<\/tr>\n<tr>\n<td>Tailles<\/td>\n<td>1 1\/4 Size ou king size<\/td>\n<\/tr>\n<tr>\n<td>Composition<\/td>\n<td>m\u00e9lange hybride de fibres non blanchies (non blanchies au chlore)<\/td>\n<\/tr>\n<tr>\n<td>Couleur<\/td>\n<td>Brun clair naturel et translucide<\/td>\n<\/tr>\n<tr>\n<td>Additif<\/td>\n<td>100% sans additifs<\/td>\n<\/tr>\n<tr>\n<td>Vegan<\/td>\n<td>100% Vegan<\/td>\n<\/tr>\n<\/tbody>\n<\/table>\n","protected":false},"featured_media":38466,"comment_status":"closed","ping_status":"closed","template":"","meta":[],"product_brand":[],"product_cat":[654],"product_tag":[],"class_list":{"0":"post-39696","1":"product","2":"type-product","3":"status-publish","4":"has-post-thumbnail","6":"product_cat-accessoires","8":"first","9":"instock","10":"shipping-taxable","11":"purchasable","12":"product-type-variable"},"yoast_head":"\n<title>Acheter Papier \u00e0 Rouler Naturel RAW en Ligne Canada | BC Weed Edible<\/title>\n<meta name=\"robots\" content=\"index, follow, max-snippet:-1, max-image-preview:large, max-video-preview:-1\" \/>\n<link rel=\"canonical\" href=\"https:\/\/bcweededible.net\/fr\/buy\/accessoires\/papier-rouleau-naturel-brut\/\" \/>\n<meta property=\"og:locale\" content=\"fr_FR\" \/>\n<meta property=\"og:type\" content=\"article\" \/>\n<meta property=\"og:title\" content=\"Acheter Papier \u00e0 Rouler Naturel RAW en Ligne Canada | BC Weed Edible\" \/>\n<meta property=\"og:description\" content=\"D\u00e9couvrez l&#039;attrait in\u00e9gal\u00e9 des papiers \u00e0 rouler Naturel RAW - un v\u00e9ritable favori parmi les amateurs de roulage. Ces papiers ont acquis une grande popularit\u00e9 en raison de leur nature pure et non blanchie, ce qui les distingue de tous les autres papiers \u00e0 rouler sur le march\u00e9. Fabriqu\u00e9s \u00e0 partir d&#039;un m\u00e9lange hybride de fibres non blanchies, les papiers RAW ont une couleur naturelle brun clair qui met en valeur leur authenticit\u00e9. Leur minceur est remarquable et permet de voir \u00e0 travers chaque feuille. Le filigrane CrissCross brevet\u00e9 garantit une combustion parfaite et r\u00e9guli\u00e8re et emp\u00eache les coulures, ce qui rend l&#039;exp\u00e9rience agr\u00e9able \u00e0 tout coup. Informations sur les Papiers \u00e0 rouler NaturelRAW\u00a0 Contenu 32 feuilles\/paquet Tailles 1 1\/4 Size ou king size Composition m\u00e9lange hybride de fibres non blanchies (non blanchies au chlore) Couleur Brun clair naturel et translucide Additif 100% sans additifs Vegan 100% Vegan\" \/>\n<meta property=\"og:url\" content=\"https:\/\/bcweededible.net\/fr\/buy\/accessoires\/papier-rouleau-naturel-brut\/\" \/>\n<meta property=\"og:site_name\" content=\"BC Weed Edible\" \/>\n<meta property=\"article:modified_time\" content=\"2026-03-13T17:13:14+00:00\" \/>\n<meta property=\"og:image\" content=\"https:\/\/bcweededible.net\/wp-content\/uploads\/2023\/07\/rollings-paper-RAW-Natural-box.jpeg\" \/>\n\t<meta property=\"og:image:width\" content=\"925\" \/>\n\t<meta property=\"og:image:height\" content=\"994\" \/>\n\t<meta property=\"og:image:type\" content=\"image\/jpeg\" \/>\n<meta name=\"twitter:card\" content=\"summary_large_image\" \/>\n<script type=\"application\/ld+json\" class=\"yoast-schema-graph\">{\"@context\":\"https:\\\/\\\/schema.org\",\"@graph\":[{\"@type\":\"WebPage\",\"@id\":\"https:\\\/\\\/bcweededible.net\\\/fr\\\/buy\\\/accessoires\\\/papier-rouleau-naturel-brut\\\/\",\"url\":\"https:\\\/\\\/bcweededible.net\\\/fr\\\/buy\\\/accessoires\\\/papier-rouleau-naturel-brut\\\/\",\"name\":\"Acheter Papier \u00e0 Rouler Naturel RAW en Ligne Canada | BC Weed Edible\",\"isPartOf\":{\"@id\":\"https:\\\/\\\/bcweededible.net\\\/fr\\\/#website\"},\"primaryImageOfPage\":{\"@id\":\"https:\\\/\\\/bcweededible.net\\\/fr\\\/buy\\\/accessoires\\\/papier-rouleau-naturel-brut\\\/#primaryimage\"},\"image\":{\"@id\":\"https:\\\/\\\/bcweededible.net\\\/fr\\\/buy\\\/accessoires\\\/papier-rouleau-naturel-brut\\\/#primaryimage\"},\"thumbnailUrl\":\"https:\\\/\\\/bcweededible.net\\\/wp-content\\\/uploads\\\/2023\\\/07\\\/rollings-paper-RAW-Natural-box.jpeg\",\"datePublished\":\"2023-08-03T19:08:00+00:00\",\"dateModified\":\"2026-03-13T17:13:14+00:00\",\"breadcrumb\":{\"@id\":\"https:\\\/\\\/bcweededible.net\\\/fr\\\/buy\\\/accessoires\\\/papier-rouleau-naturel-brut\\\/#breadcrumb\"},\"inLanguage\":\"fr-FR\",\"potentialAction\":[{\"@type\":\"ReadAction\",\"target\":[\"https:\\\/\\\/bcweededible.net\\\/fr\\\/buy\\\/accessoires\\\/papier-rouleau-naturel-brut\\\/\"]}]},{\"@type\":\"ImageObject\",\"inLanguage\":\"fr-FR\",\"@id\":\"https:\\\/\\\/bcweededible.net\\\/fr\\\/buy\\\/accessoires\\\/papier-rouleau-naturel-brut\\\/#primaryimage\",\"url\":\"https:\\\/\\\/bcweededible.net\\\/wp-content\\\/uploads\\\/2023\\\/07\\\/rollings-paper-RAW-Natural-box.jpeg\",\"contentUrl\":\"https:\\\/\\\/bcweededible.net\\\/wp-content\\\/uploads\\\/2023\\\/07\\\/rollings-paper-RAW-Natural-box.jpeg\",\"width\":925,\"height\":994},{\"@type\":\"BreadcrumbList\",\"@id\":\"https:\\\/\\\/bcweededible.net\\\/fr\\\/buy\\\/accessoires\\\/papier-rouleau-naturel-brut\\\/#breadcrumb\",\"itemListElement\":[{\"@type\":\"ListItem\",\"position\":1,\"name\":\"Jujubes au Pot Canada\",\"item\":\"https:\\\/\\\/bcweededible.net\\\/fr\\\/shop\\\/\"},{\"@type\":\"ListItem\",\"position\":2,\"name\":\"Papier \u00e0 Rouler Naturel RAW\"}]},{\"@type\":\"WebSite\",\"@id\":\"https:\\\/\\\/bcweededible.net\\\/fr\\\/#website\",\"url\":\"https:\\\/\\\/bcweededible.net\\\/fr\\\/\",\"name\":\"BC Weed Edible\",\"description\":\"\",\"publisher\":{\"@id\":\"https:\\\/\\\/bcweededible.net\\\/fr\\\/#organization\"},\"potentialAction\":[{\"@type\":\"SearchAction\",\"target\":{\"@type\":\"EntryPoint\",\"urlTemplate\":\"https:\\\/\\\/bcweededible.net\\\/fr\\\/?s={search_term_string}\"},\"query-input\":{\"@type\":\"PropertyValueSpecification\",\"valueRequired\":true,\"valueName\":\"search_term_string\"}}],\"inLanguage\":\"fr-FR\"},{\"@type\":\"Organization\",\"@id\":\"https:\\\/\\\/bcweededible.net\\\/fr\\\/#organization\",\"name\":\"BC Weed Edible\",\"url\":\"https:\\\/\\\/bcweededible.net\\\/fr\\\/\",\"logo\":{\"@type\":\"ImageObject\",\"inLanguage\":\"fr-FR\",\"@id\":\"https:\\\/\\\/bcweededible.net\\\/fr\\\/#\\\/schema\\\/logo\\\/image\\\/\",\"url\":\"https:\\\/\\\/bcweededible.net\\\/wp-content\\\/uploads\\\/2021\\\/12\\\/bc-weed-edible-canada.png\",\"contentUrl\":\"https:\\\/\\\/bcweededible.net\\\/wp-content\\\/uploads\\\/2021\\\/12\\\/bc-weed-edible-canada.png\",\"width\":270,\"height\":185,\"caption\":\"BC Weed Edible\"},\"image\":{\"@id\":\"https:\\\/\\\/bcweededible.net\\\/fr\\\/#\\\/schema\\\/logo\\\/image\\\/\"}}]}<\/script>\n","yoast_head_json":{"title":"Acheter Papier \u00e0 Rouler Naturel RAW en Ligne Canada | BC Weed Edible","robots":{"index":"index","follow":"follow","max-snippet":"max-snippet:-1","max-image-preview":"max-image-preview:large","max-video-preview":"max-video-preview:-1"},"canonical":"https:\/\/bcweededible.net\/fr\/buy\/accessoires\/papier-rouleau-naturel-brut\/","og_locale":"fr_FR","og_type":"article","og_title":"Acheter Papier \u00e0 Rouler Naturel RAW en Ligne Canada | BC Weed Edible","og_description":"D\u00e9couvrez l'attrait in\u00e9gal\u00e9 des papiers \u00e0 rouler Naturel RAW - un v\u00e9ritable favori parmi les amateurs de roulage. Ces papiers ont acquis une grande popularit\u00e9 en raison de leur nature pure et non blanchie, ce qui les distingue de tous les autres papiers \u00e0 rouler sur le march\u00e9. Fabriqu\u00e9s \u00e0 partir d'un m\u00e9lange hybride de fibres non blanchies, les papiers RAW ont une couleur naturelle brun clair qui met en valeur leur authenticit\u00e9. Leur minceur est remarquable et permet de voir \u00e0 travers chaque feuille. Le filigrane CrissCross brevet\u00e9 garantit une combustion parfaite et r\u00e9guli\u00e8re et emp\u00eache les coulures, ce qui rend l'exp\u00e9rience agr\u00e9able \u00e0 tout coup. Informations sur les Papiers \u00e0 rouler NaturelRAW\u00a0 Contenu 32 feuilles\/paquet Tailles 1 1\/4 Size ou king size Composition m\u00e9lange hybride de fibres non blanchies (non blanchies au chlore) Couleur Brun clair naturel et translucide Additif 100% sans additifs Vegan 100% Vegan","og_url":"https:\/\/bcweededible.net\/fr\/buy\/accessoires\/papier-rouleau-naturel-brut\/","og_site_name":"BC Weed Edible","article_modified_time":"2026-03-13T17:13:14+00:00","og_image":[{"width":925,"height":994,"url":"https:\/\/bcweededible.net\/wp-content\/uploads\/2023\/07\/rollings-paper-RAW-Natural-box.jpeg","type":"image\/jpeg"}],"twitter_card":"summary_large_image","schema":{"@context":"https:\/\/schema.org","@graph":[{"@type":"WebPage","@id":"https:\/\/bcweededible.net\/fr\/buy\/accessoires\/papier-rouleau-naturel-brut\/","url":"https:\/\/bcweededible.net\/fr\/buy\/accessoires\/papier-rouleau-naturel-brut\/","name":"Acheter Papier \u00e0 Rouler Naturel RAW en Ligne Canada | BC Weed Edible","isPartOf":{"@id":"https:\/\/bcweededible.net\/fr\/#website"},"primaryImageOfPage":{"@id":"https:\/\/bcweededible.net\/fr\/buy\/accessoires\/papier-rouleau-naturel-brut\/#primaryimage"},"image":{"@id":"https:\/\/bcweededible.net\/fr\/buy\/accessoires\/papier-rouleau-naturel-brut\/#primaryimage"},"thumbnailUrl":"https:\/\/bcweededible.net\/wp-content\/uploads\/2023\/07\/rollings-paper-RAW-Natural-box.jpeg","datePublished":"2023-08-03T19:08:00+00:00","dateModified":"2026-03-13T17:13:14+00:00","breadcrumb":{"@id":"https:\/\/bcweededible.net\/fr\/buy\/accessoires\/papier-rouleau-naturel-brut\/#breadcrumb"},"inLanguage":"fr-FR","potentialAction":[{"@type":"ReadAction","target":["https:\/\/bcweededible.net\/fr\/buy\/accessoires\/papier-rouleau-naturel-brut\/"]}]},{"@type":"ImageObject","inLanguage":"fr-FR","@id":"https:\/\/bcweededible.net\/fr\/buy\/accessoires\/papier-rouleau-naturel-brut\/#primaryimage","url":"https:\/\/bcweededible.net\/wp-content\/uploads\/2023\/07\/rollings-paper-RAW-Natural-box.jpeg","contentUrl":"https:\/\/bcweededible.net\/wp-content\/uploads\/2023\/07\/rollings-paper-RAW-Natural-box.jpeg","width":925,"height":994},{"@type":"BreadcrumbList","@id":"https:\/\/bcweededible.net\/fr\/buy\/accessoires\/papier-rouleau-naturel-brut\/#breadcrumb","itemListElement":[{"@type":"ListItem","position":1,"name":"Jujubes au Pot Canada","item":"https:\/\/bcweededible.net\/fr\/shop\/"},{"@type":"ListItem","position":2,"name":"Papier \u00e0 Rouler Naturel RAW"}]},{"@type":"WebSite","@id":"https:\/\/bcweededible.net\/fr\/#website","url":"https:\/\/bcweededible.net\/fr\/","name":"BC Weed Edible","description":"","publisher":{"@id":"https:\/\/bcweededible.net\/fr\/#organization"},"potentialAction":[{"@type":"SearchAction","target":{"@type":"EntryPoint","urlTemplate":"https:\/\/bcweededible.net\/fr\/?s={search_term_string}"},"query-input":{"@type":"PropertyValueSpecification","valueRequired":true,"valueName":"search_term_string"}}],"inLanguage":"fr-FR"},{"@type":"Organization","@id":"https:\/\/bcweededible.net\/fr\/#organization","name":"BC Weed Edible","url":"https:\/\/bcweededible.net\/fr\/","logo":{"@type":"ImageObject","inLanguage":"fr-FR","@id":"https:\/\/bcweededible.net\/fr\/#\/schema\/logo\/image\/","url":"https:\/\/bcweededible.net\/wp-content\/uploads\/2021\/12\/bc-weed-edible-canada.png","contentUrl":"https:\/\/bcweededible.net\/wp-content\/uploads\/2021\/12\/bc-weed-edible-canada.png","width":270,"height":185,"caption":"BC Weed Edible"},"image":{"@id":"https:\/\/bcweededible.net\/fr\/#\/schema\/logo\/image\/"}}]}},"_links":{"self":[{"href":"https:\/\/bcweededible.net\/fr\/wp-json\/wp\/v2\/product\/39696","targetHints":{"allow":["GET"]}}],"collection":[{"href":"https:\/\/bcweededible.net\/fr\/wp-json\/wp\/v2\/product"}],"about":[{"href":"https:\/\/bcweededible.net\/fr\/wp-json\/wp\/v2\/types\/product"}],"replies":[{"embeddable":true,"href":"https:\/\/bcweededible.net\/fr\/wp-json\/wp\/v2\/comments?post=39696"}],"wp:featuredmedia":[{"embeddable":true,"href":"https:\/\/bcweededible.net\/fr\/wp-json\/wp\/v2\/media\/38466"}],"wp:attachment":[{"href":"https:\/\/bcweededible.net\/fr\/wp-json\/wp\/v2\/media?parent=39696"}],"wp:term":[{"taxonomy":"product_brand","embeddable":true,"href":"https:\/\/bcweededible.net\/fr\/wp-json\/wp\/v2\/product_brand?post=39696"},{"taxonomy":"product_cat","embeddable":true,"href":"https:\/\/bcweededible.net\/fr\/wp-json\/wp\/v2\/product_cat?post=39696"},{"taxonomy":"product_tag","embeddable":true,"href":"https:\/\/bcweededible.net\/fr\/wp-json\/wp\/v2\/product_tag?post=39696"}],"curies":[{"name":"wp","href":"https:\/\/api.w.org\/{rel}","templated":true}]}}