{"id":39695,"date":"2023-07-21T12:17:55","date_gmt":"2023-08-03T19:08:00","guid":{"rendered":"https:\/\/bcweededible.net\/buy\/non%20class\u00e9\/conseils-sur-le-papier-a-rouler-brut\/"},"modified":"2026-04-09T08:02:14","modified_gmt":"2026-04-09T15:02:14","slug":"filtre-a-rouler-raw","status":"publish","type":"product","link":"https:\/\/bcweededible.net\/fr\/buy\/accessoires\/filtre-a-rouler-raw\/","title":{"rendered":"Filtres \u00e0 rouler RAW"},"content":{"rendered":"","protected":false},"excerpt":{"rendered":"<p>D\u00e9couvrez le compagnon ultime pour votre plaisir de fumer &#8211; les <strong>filtres\u00a0de papier \u00e0 rouler RAW<\/strong>! Ces filtres de haute qualit\u00e9 sont con\u00e7us pour am\u00e9liorer votre <strong>exp\u00e9rience de roulage<\/strong>, en apportant stabilit\u00e9 et structure \u00e0 vos joints. Fabriqu\u00e9s \u00e0 partir de fibres naturelles non blanchies, ils constituent une option douce et \u00e9cologique pour vos besoins. <strong>Achetez les filtres de papier \u00e0 rouler RAW<\/strong> maintenant et passer au prochain niveau pour rouler vos joints.<\/p>\n<h2>Informations sur les filtres \u00e0 rouler RAW<\/h2>\n<table>\n<thead>\n<tr>\n<th>Sp\u00e9cifications<\/th>\n<th>Description<\/th>\n<\/tr>\n<\/thead>\n<tbody>\n<tr>\n<td>Quantit\u00e9 par unit\u00e9<\/td>\n<td>50 filtres<\/td>\n<\/tr>\n<tr>\n<td>Marque<\/td>\n<td>RAW<\/td>\n<\/tr>\n<tr>\n<td>Caract\u00e9ristiques<\/td>\n<td>Filtres de papier roul\u00e9es en \u00e9paisseur<\/td>\n<\/tr>\n<tr>\n<td>Mat\u00e9riau<\/td>\n<td>Papier naturel non raffin\u00e9<\/td>\n<\/tr>\n<tr>\n<td>Couleur<\/td>\n<td>Non blanchi<\/td>\n<\/tr>\n<tr>\n<td>Fibre<\/td>\n<td>Fibres naturelles les plus pures<\/td>\n<\/tr>\n<tr>\n<td>Sans chlore<\/td>\n<td>100% sans chlore<\/td>\n<\/tr>\n<tr>\n<td>Sans produits chimiques<\/td>\n<td>Sans produits chimiques<\/td>\n<\/tr>\n<\/tbody>\n<\/table>\n","protected":false},"featured_media":38501,"comment_status":"closed","ping_status":"closed","template":"","meta":[],"product_brand":[],"product_cat":[654],"product_tag":[],"class_list":{"0":"post-39695","1":"product","2":"type-product","3":"status-publish","4":"has-post-thumbnail","6":"product_cat-accessoires","8":"first","9":"instock","10":"shipping-taxable","11":"product-type-simple"},"yoast_head":"\n<title>Acheter Filtres \u00e0 rouler RAW en Ligne Canada | BC Weed Edible<\/title>\n<meta name=\"robots\" content=\"index, follow, max-snippet:-1, max-image-preview:large, max-video-preview:-1\" \/>\n<link rel=\"canonical\" href=\"https:\/\/bcweededible.net\/fr\/buy\/accessoires\/filtre-a-rouler-raw\/\" \/>\n<meta property=\"og:locale\" content=\"fr_FR\" \/>\n<meta property=\"og:type\" content=\"article\" \/>\n<meta property=\"og:title\" content=\"Acheter Filtres \u00e0 rouler RAW en Ligne Canada | BC Weed Edible\" \/>\n<meta property=\"og:description\" content=\"D\u00e9couvrez le compagnon ultime pour votre plaisir de fumer - les filtres\u00a0de papier \u00e0 rouler RAW! Ces filtres de haute qualit\u00e9 sont con\u00e7us pour am\u00e9liorer votre exp\u00e9rience de roulage, en apportant stabilit\u00e9 et structure \u00e0 vos joints. Fabriqu\u00e9s \u00e0 partir de fibres naturelles non blanchies, ils constituent une option douce et \u00e9cologique pour vos besoins. Achetez les filtres de papier \u00e0 rouler RAW maintenant et passer au prochain niveau pour rouler vos joints. Informations sur les filtres \u00e0 rouler RAW Sp\u00e9cifications Description Quantit\u00e9 par unit\u00e9 50 filtres Marque RAW Caract\u00e9ristiques Filtres de papier roul\u00e9es en \u00e9paisseur Mat\u00e9riau Papier naturel non raffin\u00e9 Couleur Non blanchi Fibre Fibres naturelles les plus pures Sans chlore 100% sans chlore Sans produits chimiques Sans produits chimiques\" \/>\n<meta property=\"og:url\" content=\"https:\/\/bcweededible.net\/fr\/buy\/accessoires\/filtre-a-rouler-raw\/\" \/>\n<meta property=\"og:site_name\" content=\"BC Weed Edible\" \/>\n<meta property=\"article:modified_time\" content=\"2026-04-09T15:02:14+00:00\" \/>\n<meta property=\"og:image\" content=\"https:\/\/bcweededible.net\/wp-content\/uploads\/2023\/07\/Raw-Rolling-Paper-Tips.png\" \/>\n\t<meta property=\"og:image:width\" content=\"500\" \/>\n\t<meta property=\"og:image:height\" content=\"500\" \/>\n\t<meta property=\"og:image:type\" content=\"image\/png\" \/>\n<meta name=\"twitter:card\" content=\"summary_large_image\" \/>\n<script type=\"application\/ld+json\" class=\"yoast-schema-graph\">{\"@context\":\"https:\\\/\\\/schema.org\",\"@graph\":[{\"@type\":\"WebPage\",\"@id\":\"https:\\\/\\\/bcweededible.net\\\/fr\\\/buy\\\/accessoires\\\/filtre-a-rouler-raw\\\/\",\"url\":\"https:\\\/\\\/bcweededible.net\\\/fr\\\/buy\\\/accessoires\\\/filtre-a-rouler-raw\\\/\",\"name\":\"Acheter Filtres \u00e0 rouler RAW en Ligne Canada | BC Weed Edible\",\"isPartOf\":{\"@id\":\"https:\\\/\\\/bcweededible.net\\\/fr\\\/#website\"},\"primaryImageOfPage\":{\"@id\":\"https:\\\/\\\/bcweededible.net\\\/fr\\\/buy\\\/accessoires\\\/filtre-a-rouler-raw\\\/#primaryimage\"},\"image\":{\"@id\":\"https:\\\/\\\/bcweededible.net\\\/fr\\\/buy\\\/accessoires\\\/filtre-a-rouler-raw\\\/#primaryimage\"},\"thumbnailUrl\":\"https:\\\/\\\/bcweededible.net\\\/wp-content\\\/uploads\\\/2023\\\/07\\\/Raw-Rolling-Paper-Tips.png\",\"datePublished\":\"2023-08-03T19:08:00+00:00\",\"dateModified\":\"2026-04-09T15:02:14+00:00\",\"breadcrumb\":{\"@id\":\"https:\\\/\\\/bcweededible.net\\\/fr\\\/buy\\\/accessoires\\\/filtre-a-rouler-raw\\\/#breadcrumb\"},\"inLanguage\":\"fr-FR\",\"potentialAction\":[{\"@type\":\"ReadAction\",\"target\":[\"https:\\\/\\\/bcweededible.net\\\/fr\\\/buy\\\/accessoires\\\/filtre-a-rouler-raw\\\/\"]}]},{\"@type\":\"ImageObject\",\"inLanguage\":\"fr-FR\",\"@id\":\"https:\\\/\\\/bcweededible.net\\\/fr\\\/buy\\\/accessoires\\\/filtre-a-rouler-raw\\\/#primaryimage\",\"url\":\"https:\\\/\\\/bcweededible.net\\\/wp-content\\\/uploads\\\/2023\\\/07\\\/Raw-Rolling-Paper-Tips.png\",\"contentUrl\":\"https:\\\/\\\/bcweededible.net\\\/wp-content\\\/uploads\\\/2023\\\/07\\\/Raw-Rolling-Paper-Tips.png\",\"width\":500,\"height\":500,\"caption\":\"Raw Rolling Paper Tips\"},{\"@type\":\"BreadcrumbList\",\"@id\":\"https:\\\/\\\/bcweededible.net\\\/fr\\\/buy\\\/accessoires\\\/filtre-a-rouler-raw\\\/#breadcrumb\",\"itemListElement\":[{\"@type\":\"ListItem\",\"position\":1,\"name\":\"Jujubes au Pot Canada\",\"item\":\"https:\\\/\\\/bcweededible.net\\\/fr\\\/shop\\\/\"},{\"@type\":\"ListItem\",\"position\":2,\"name\":\"Filtres \u00e0 rouler RAW\"}]},{\"@type\":\"WebSite\",\"@id\":\"https:\\\/\\\/bcweededible.net\\\/fr\\\/#website\",\"url\":\"https:\\\/\\\/bcweededible.net\\\/fr\\\/\",\"name\":\"BC Weed Edible\",\"description\":\"\",\"publisher\":{\"@id\":\"https:\\\/\\\/bcweededible.net\\\/fr\\\/#organization\"},\"potentialAction\":[{\"@type\":\"SearchAction\",\"target\":{\"@type\":\"EntryPoint\",\"urlTemplate\":\"https:\\\/\\\/bcweededible.net\\\/fr\\\/?s={search_term_string}\"},\"query-input\":{\"@type\":\"PropertyValueSpecification\",\"valueRequired\":true,\"valueName\":\"search_term_string\"}}],\"inLanguage\":\"fr-FR\"},{\"@type\":\"Organization\",\"@id\":\"https:\\\/\\\/bcweededible.net\\\/fr\\\/#organization\",\"name\":\"BC Weed Edible\",\"url\":\"https:\\\/\\\/bcweededible.net\\\/fr\\\/\",\"logo\":{\"@type\":\"ImageObject\",\"inLanguage\":\"fr-FR\",\"@id\":\"https:\\\/\\\/bcweededible.net\\\/fr\\\/#\\\/schema\\\/logo\\\/image\\\/\",\"url\":\"https:\\\/\\\/bcweededible.net\\\/wp-content\\\/uploads\\\/2021\\\/12\\\/bc-weed-edible-canada.png\",\"contentUrl\":\"https:\\\/\\\/bcweededible.net\\\/wp-content\\\/uploads\\\/2021\\\/12\\\/bc-weed-edible-canada.png\",\"width\":270,\"height\":185,\"caption\":\"BC Weed Edible\"},\"image\":{\"@id\":\"https:\\\/\\\/bcweededible.net\\\/fr\\\/#\\\/schema\\\/logo\\\/image\\\/\"}}]}<\/script>\n","yoast_head_json":{"title":"Acheter Filtres \u00e0 rouler RAW en Ligne Canada | BC Weed Edible","robots":{"index":"index","follow":"follow","max-snippet":"max-snippet:-1","max-image-preview":"max-image-preview:large","max-video-preview":"max-video-preview:-1"},"canonical":"https:\/\/bcweededible.net\/fr\/buy\/accessoires\/filtre-a-rouler-raw\/","og_locale":"fr_FR","og_type":"article","og_title":"Acheter Filtres \u00e0 rouler RAW en Ligne Canada | BC Weed Edible","og_description":"D\u00e9couvrez le compagnon ultime pour votre plaisir de fumer - les filtres\u00a0de papier \u00e0 rouler RAW! Ces filtres de haute qualit\u00e9 sont con\u00e7us pour am\u00e9liorer votre exp\u00e9rience de roulage, en apportant stabilit\u00e9 et structure \u00e0 vos joints. Fabriqu\u00e9s \u00e0 partir de fibres naturelles non blanchies, ils constituent une option douce et \u00e9cologique pour vos besoins. Achetez les filtres de papier \u00e0 rouler RAW maintenant et passer au prochain niveau pour rouler vos joints. Informations sur les filtres \u00e0 rouler RAW Sp\u00e9cifications Description Quantit\u00e9 par unit\u00e9 50 filtres Marque RAW Caract\u00e9ristiques Filtres de papier roul\u00e9es en \u00e9paisseur Mat\u00e9riau Papier naturel non raffin\u00e9 Couleur Non blanchi Fibre Fibres naturelles les plus pures Sans chlore 100% sans chlore Sans produits chimiques Sans produits chimiques","og_url":"https:\/\/bcweededible.net\/fr\/buy\/accessoires\/filtre-a-rouler-raw\/","og_site_name":"BC Weed Edible","article_modified_time":"2026-04-09T15:02:14+00:00","og_image":[{"width":500,"height":500,"url":"https:\/\/bcweededible.net\/wp-content\/uploads\/2023\/07\/Raw-Rolling-Paper-Tips.png","type":"image\/png"}],"twitter_card":"summary_large_image","schema":{"@context":"https:\/\/schema.org","@graph":[{"@type":"WebPage","@id":"https:\/\/bcweededible.net\/fr\/buy\/accessoires\/filtre-a-rouler-raw\/","url":"https:\/\/bcweededible.net\/fr\/buy\/accessoires\/filtre-a-rouler-raw\/","name":"Acheter Filtres \u00e0 rouler RAW en Ligne Canada | BC Weed Edible","isPartOf":{"@id":"https:\/\/bcweededible.net\/fr\/#website"},"primaryImageOfPage":{"@id":"https:\/\/bcweededible.net\/fr\/buy\/accessoires\/filtre-a-rouler-raw\/#primaryimage"},"image":{"@id":"https:\/\/bcweededible.net\/fr\/buy\/accessoires\/filtre-a-rouler-raw\/#primaryimage"},"thumbnailUrl":"https:\/\/bcweededible.net\/wp-content\/uploads\/2023\/07\/Raw-Rolling-Paper-Tips.png","datePublished":"2023-08-03T19:08:00+00:00","dateModified":"2026-04-09T15:02:14+00:00","breadcrumb":{"@id":"https:\/\/bcweededible.net\/fr\/buy\/accessoires\/filtre-a-rouler-raw\/#breadcrumb"},"inLanguage":"fr-FR","potentialAction":[{"@type":"ReadAction","target":["https:\/\/bcweededible.net\/fr\/buy\/accessoires\/filtre-a-rouler-raw\/"]}]},{"@type":"ImageObject","inLanguage":"fr-FR","@id":"https:\/\/bcweededible.net\/fr\/buy\/accessoires\/filtre-a-rouler-raw\/#primaryimage","url":"https:\/\/bcweededible.net\/wp-content\/uploads\/2023\/07\/Raw-Rolling-Paper-Tips.png","contentUrl":"https:\/\/bcweededible.net\/wp-content\/uploads\/2023\/07\/Raw-Rolling-Paper-Tips.png","width":500,"height":500,"caption":"Raw Rolling Paper Tips"},{"@type":"BreadcrumbList","@id":"https:\/\/bcweededible.net\/fr\/buy\/accessoires\/filtre-a-rouler-raw\/#breadcrumb","itemListElement":[{"@type":"ListItem","position":1,"name":"Jujubes au Pot Canada","item":"https:\/\/bcweededible.net\/fr\/shop\/"},{"@type":"ListItem","position":2,"name":"Filtres \u00e0 rouler RAW"}]},{"@type":"WebSite","@id":"https:\/\/bcweededible.net\/fr\/#website","url":"https:\/\/bcweededible.net\/fr\/","name":"BC Weed Edible","description":"","publisher":{"@id":"https:\/\/bcweededible.net\/fr\/#organization"},"potentialAction":[{"@type":"SearchAction","target":{"@type":"EntryPoint","urlTemplate":"https:\/\/bcweededible.net\/fr\/?s={search_term_string}"},"query-input":{"@type":"PropertyValueSpecification","valueRequired":true,"valueName":"search_term_string"}}],"inLanguage":"fr-FR"},{"@type":"Organization","@id":"https:\/\/bcweededible.net\/fr\/#organization","name":"BC Weed Edible","url":"https:\/\/bcweededible.net\/fr\/","logo":{"@type":"ImageObject","inLanguage":"fr-FR","@id":"https:\/\/bcweededible.net\/fr\/#\/schema\/logo\/image\/","url":"https:\/\/bcweededible.net\/wp-content\/uploads\/2021\/12\/bc-weed-edible-canada.png","contentUrl":"https:\/\/bcweededible.net\/wp-content\/uploads\/2021\/12\/bc-weed-edible-canada.png","width":270,"height":185,"caption":"BC Weed Edible"},"image":{"@id":"https:\/\/bcweededible.net\/fr\/#\/schema\/logo\/image\/"}}]}},"_links":{"self":[{"href":"https:\/\/bcweededible.net\/fr\/wp-json\/wp\/v2\/product\/39695","targetHints":{"allow":["GET"]}}],"collection":[{"href":"https:\/\/bcweededible.net\/fr\/wp-json\/wp\/v2\/product"}],"about":[{"href":"https:\/\/bcweededible.net\/fr\/wp-json\/wp\/v2\/types\/product"}],"replies":[{"embeddable":true,"href":"https:\/\/bcweededible.net\/fr\/wp-json\/wp\/v2\/comments?post=39695"}],"wp:featuredmedia":[{"embeddable":true,"href":"https:\/\/bcweededible.net\/fr\/wp-json\/wp\/v2\/media\/38501"}],"wp:attachment":[{"href":"https:\/\/bcweededible.net\/fr\/wp-json\/wp\/v2\/media?parent=39695"}],"wp:term":[{"taxonomy":"product_brand","embeddable":true,"href":"https:\/\/bcweededible.net\/fr\/wp-json\/wp\/v2\/product_brand?post=39695"},{"taxonomy":"product_cat","embeddable":true,"href":"https:\/\/bcweededible.net\/fr\/wp-json\/wp\/v2\/product_cat?post=39695"},{"taxonomy":"product_tag","embeddable":true,"href":"https:\/\/bcweededible.net\/fr\/wp-json\/wp\/v2\/product_tag?post=39695"}],"curies":[{"name":"wp","href":"https:\/\/api.w.org\/{rel}","templated":true}]}}