{"id":35793,"date":"2022-06-03T17:02:22","date_gmt":"2023-06-14T21:12:37","guid":{"rendered":"https:\/\/bcweededible.net\/buy\/non%20class\u00e9\/mota-11-jelly-sativa-ou-indica\/"},"modified":"2025-11-18T21:21:23","modified_gmt":"2025-11-19T05:21:23","slug":"mota-jelly","status":"publish","type":"product","link":"https:\/\/bcweededible.net\/fr\/buy\/marques\/mota-gummies-fr\/mota-jelly\/","title":{"rendered":"Mota 1:1 Jelly (Sativa ou Indica)"},"content":{"rendered":"","protected":false},"excerpt":{"rendered":"<h4 class=\"fusion-responsive-typography-calculated\" data-fontsize=\"21\" data-lineheight=\"21px\">50mg THC 50mg CBD<\/h4>\n<p>Ces jujubes sont infus\u00e9s avec 50 mg de THC et 50 mg de CBD, disponibles en Sativa et Indica. Chaque paquet contient un jujube et est disponible dans une gamme de saveurs d\u00e9licieuses. Destin\u00e9 aux personnes \u00e0 haute tol\u00e9rance, mais \u00e9galement aux utilisateurs \u00e0 faible tol\u00e9rance lorsqu&#8217;il est divis\u00e9 en plus petites doses. Un bon moyen pour les personnes de trouver le dosage qui leur convient le mieux.<\/p>\n","protected":false},"featured_media":16261,"comment_status":"open","ping_status":"closed","template":"","meta":[],"product_brand":[],"product_cat":[244,276,555],"product_tag":[588],"class_list":{"0":"post-35793","1":"product","2":"type-product","3":"status-publish","4":"has-post-thumbnail","6":"product_cat-comestibles","7":"product_cat-jujubes","8":"product_cat-mota-gummies-fr","9":"product_tag-10mg-gummies","11":"first","12":"outofstock","13":"shipping-taxable","14":"product-type-variable"},"yoast_head":"\n<title>Acheter la Mota 1:1 Jelly (Sativa ou Indica) en ligne Canada | BC Weed Edible<\/title>\n<meta name=\"robots\" content=\"index, follow, max-snippet:-1, max-image-preview:large, max-video-preview:-1\" \/>\n<link rel=\"canonical\" href=\"https:\/\/bcweededible.net\/fr\/buy\/marques\/mota-gummies-fr\/mota-jelly\/\" \/>\n<meta property=\"og:locale\" content=\"fr_FR\" \/>\n<meta property=\"og:type\" content=\"article\" \/>\n<meta property=\"og:title\" content=\"Acheter la Mota 1:1 Jelly (Sativa ou Indica) en ligne Canada | BC Weed Edible\" \/>\n<meta property=\"og:description\" content=\"50mg THC 50mg CBD Ces jujubes sont infus\u00e9s avec 50 mg de THC et 50 mg de CBD, disponibles en Sativa et Indica. Chaque paquet contient un jujube et est disponible dans une gamme de saveurs d\u00e9licieuses. Destin\u00e9 aux personnes \u00e0 haute tol\u00e9rance, mais \u00e9galement aux utilisateurs \u00e0 faible tol\u00e9rance lorsqu&#039;il est divis\u00e9 en plus petites doses. Un bon moyen pour les personnes de trouver le dosage qui leur convient le mieux.\" \/>\n<meta property=\"og:url\" content=\"https:\/\/bcweededible.net\/fr\/buy\/marques\/mota-gummies-fr\/mota-jelly\/\" \/>\n<meta property=\"og:site_name\" content=\"BC Weed Edible\" \/>\n<meta property=\"article:modified_time\" content=\"2025-11-19T05:21:23+00:00\" \/>\n<meta property=\"og:image\" content=\"https:\/\/bcweededible.net\/wp-content\/uploads\/2022\/06\/mota-jelly-gummies-1.jpeg\" \/>\n\t<meta property=\"og:image:width\" content=\"1024\" \/>\n\t<meta property=\"og:image:height\" content=\"1024\" \/>\n\t<meta property=\"og:image:type\" content=\"image\/jpeg\" \/>\n<meta name=\"twitter:card\" content=\"summary_large_image\" \/>\n<script type=\"application\/ld+json\" class=\"yoast-schema-graph\">{\"@context\":\"https:\\\/\\\/schema.org\",\"@graph\":[{\"@type\":\"WebPage\",\"@id\":\"https:\\\/\\\/bcweededible.net\\\/fr\\\/buy\\\/marques\\\/mota-gummies-fr\\\/mota-jelly\\\/\",\"url\":\"https:\\\/\\\/bcweededible.net\\\/fr\\\/buy\\\/marques\\\/mota-gummies-fr\\\/mota-jelly\\\/\",\"name\":\"Acheter la Mota 1:1 Jelly (Sativa ou Indica) en ligne Canada | BC Weed Edible\",\"isPartOf\":{\"@id\":\"https:\\\/\\\/bcweededible.net\\\/fr\\\/#website\"},\"primaryImageOfPage\":{\"@id\":\"https:\\\/\\\/bcweededible.net\\\/fr\\\/buy\\\/marques\\\/mota-gummies-fr\\\/mota-jelly\\\/#primaryimage\"},\"image\":{\"@id\":\"https:\\\/\\\/bcweededible.net\\\/fr\\\/buy\\\/marques\\\/mota-gummies-fr\\\/mota-jelly\\\/#primaryimage\"},\"thumbnailUrl\":\"https:\\\/\\\/bcweededible.net\\\/wp-content\\\/uploads\\\/2022\\\/06\\\/mota-jelly-gummies-1.jpeg\",\"datePublished\":\"2023-06-14T21:12:37+00:00\",\"dateModified\":\"2025-11-19T05:21:23+00:00\",\"breadcrumb\":{\"@id\":\"https:\\\/\\\/bcweededible.net\\\/fr\\\/buy\\\/marques\\\/mota-gummies-fr\\\/mota-jelly\\\/#breadcrumb\"},\"inLanguage\":\"fr-FR\",\"potentialAction\":[{\"@type\":\"ReadAction\",\"target\":[\"https:\\\/\\\/bcweededible.net\\\/fr\\\/buy\\\/marques\\\/mota-gummies-fr\\\/mota-jelly\\\/\"]}]},{\"@type\":\"ImageObject\",\"inLanguage\":\"fr-FR\",\"@id\":\"https:\\\/\\\/bcweededible.net\\\/fr\\\/buy\\\/marques\\\/mota-gummies-fr\\\/mota-jelly\\\/#primaryimage\",\"url\":\"https:\\\/\\\/bcweededible.net\\\/wp-content\\\/uploads\\\/2022\\\/06\\\/mota-jelly-gummies-1.jpeg\",\"contentUrl\":\"https:\\\/\\\/bcweededible.net\\\/wp-content\\\/uploads\\\/2022\\\/06\\\/mota-jelly-gummies-1.jpeg\",\"width\":1024,\"height\":1024,\"caption\":\"mota gummies jelly\"},{\"@type\":\"BreadcrumbList\",\"@id\":\"https:\\\/\\\/bcweededible.net\\\/fr\\\/buy\\\/marques\\\/mota-gummies-fr\\\/mota-jelly\\\/#breadcrumb\",\"itemListElement\":[{\"@type\":\"ListItem\",\"position\":1,\"name\":\"Jujubes au Pot Canada\",\"item\":\"https:\\\/\\\/bcweededible.net\\\/fr\\\/shop\\\/\"},{\"@type\":\"ListItem\",\"position\":2,\"name\":\"Mota 1:1 Jelly (Sativa ou Indica)\"}]},{\"@type\":\"WebSite\",\"@id\":\"https:\\\/\\\/bcweededible.net\\\/fr\\\/#website\",\"url\":\"https:\\\/\\\/bcweededible.net\\\/fr\\\/\",\"name\":\"BC Weed Edible\",\"description\":\"\",\"publisher\":{\"@id\":\"https:\\\/\\\/bcweededible.net\\\/fr\\\/#organization\"},\"potentialAction\":[{\"@type\":\"SearchAction\",\"target\":{\"@type\":\"EntryPoint\",\"urlTemplate\":\"https:\\\/\\\/bcweededible.net\\\/fr\\\/?s={search_term_string}\"},\"query-input\":{\"@type\":\"PropertyValueSpecification\",\"valueRequired\":true,\"valueName\":\"search_term_string\"}}],\"inLanguage\":\"fr-FR\"},{\"@type\":\"Organization\",\"@id\":\"https:\\\/\\\/bcweededible.net\\\/fr\\\/#organization\",\"name\":\"BC Weed Edible\",\"url\":\"https:\\\/\\\/bcweededible.net\\\/fr\\\/\",\"logo\":{\"@type\":\"ImageObject\",\"inLanguage\":\"fr-FR\",\"@id\":\"https:\\\/\\\/bcweededible.net\\\/fr\\\/#\\\/schema\\\/logo\\\/image\\\/\",\"url\":\"https:\\\/\\\/bcweededible.net\\\/wp-content\\\/uploads\\\/2021\\\/12\\\/bc-weed-edible-canada.png\",\"contentUrl\":\"https:\\\/\\\/bcweededible.net\\\/wp-content\\\/uploads\\\/2021\\\/12\\\/bc-weed-edible-canada.png\",\"width\":270,\"height\":185,\"caption\":\"BC Weed Edible\"},\"image\":{\"@id\":\"https:\\\/\\\/bcweededible.net\\\/fr\\\/#\\\/schema\\\/logo\\\/image\\\/\"}}]}<\/script>\n","yoast_head_json":{"title":"Acheter la Mota 1:1 Jelly (Sativa ou Indica) en ligne Canada | BC Weed Edible","robots":{"index":"index","follow":"follow","max-snippet":"max-snippet:-1","max-image-preview":"max-image-preview:large","max-video-preview":"max-video-preview:-1"},"canonical":"https:\/\/bcweededible.net\/fr\/buy\/marques\/mota-gummies-fr\/mota-jelly\/","og_locale":"fr_FR","og_type":"article","og_title":"Acheter la Mota 1:1 Jelly (Sativa ou Indica) en ligne Canada | BC Weed Edible","og_description":"50mg THC 50mg CBD Ces jujubes sont infus\u00e9s avec 50 mg de THC et 50 mg de CBD, disponibles en Sativa et Indica. Chaque paquet contient un jujube et est disponible dans une gamme de saveurs d\u00e9licieuses. Destin\u00e9 aux personnes \u00e0 haute tol\u00e9rance, mais \u00e9galement aux utilisateurs \u00e0 faible tol\u00e9rance lorsqu'il est divis\u00e9 en plus petites doses. Un bon moyen pour les personnes de trouver le dosage qui leur convient le mieux.","og_url":"https:\/\/bcweededible.net\/fr\/buy\/marques\/mota-gummies-fr\/mota-jelly\/","og_site_name":"BC Weed Edible","article_modified_time":"2025-11-19T05:21:23+00:00","og_image":[{"width":1024,"height":1024,"url":"https:\/\/bcweededible.net\/wp-content\/uploads\/2022\/06\/mota-jelly-gummies-1.jpeg","type":"image\/jpeg"}],"twitter_card":"summary_large_image","schema":{"@context":"https:\/\/schema.org","@graph":[{"@type":"WebPage","@id":"https:\/\/bcweededible.net\/fr\/buy\/marques\/mota-gummies-fr\/mota-jelly\/","url":"https:\/\/bcweededible.net\/fr\/buy\/marques\/mota-gummies-fr\/mota-jelly\/","name":"Acheter la Mota 1:1 Jelly (Sativa ou Indica) en ligne Canada | BC Weed Edible","isPartOf":{"@id":"https:\/\/bcweededible.net\/fr\/#website"},"primaryImageOfPage":{"@id":"https:\/\/bcweededible.net\/fr\/buy\/marques\/mota-gummies-fr\/mota-jelly\/#primaryimage"},"image":{"@id":"https:\/\/bcweededible.net\/fr\/buy\/marques\/mota-gummies-fr\/mota-jelly\/#primaryimage"},"thumbnailUrl":"https:\/\/bcweededible.net\/wp-content\/uploads\/2022\/06\/mota-jelly-gummies-1.jpeg","datePublished":"2023-06-14T21:12:37+00:00","dateModified":"2025-11-19T05:21:23+00:00","breadcrumb":{"@id":"https:\/\/bcweededible.net\/fr\/buy\/marques\/mota-gummies-fr\/mota-jelly\/#breadcrumb"},"inLanguage":"fr-FR","potentialAction":[{"@type":"ReadAction","target":["https:\/\/bcweededible.net\/fr\/buy\/marques\/mota-gummies-fr\/mota-jelly\/"]}]},{"@type":"ImageObject","inLanguage":"fr-FR","@id":"https:\/\/bcweededible.net\/fr\/buy\/marques\/mota-gummies-fr\/mota-jelly\/#primaryimage","url":"https:\/\/bcweededible.net\/wp-content\/uploads\/2022\/06\/mota-jelly-gummies-1.jpeg","contentUrl":"https:\/\/bcweededible.net\/wp-content\/uploads\/2022\/06\/mota-jelly-gummies-1.jpeg","width":1024,"height":1024,"caption":"mota gummies jelly"},{"@type":"BreadcrumbList","@id":"https:\/\/bcweededible.net\/fr\/buy\/marques\/mota-gummies-fr\/mota-jelly\/#breadcrumb","itemListElement":[{"@type":"ListItem","position":1,"name":"Jujubes au Pot Canada","item":"https:\/\/bcweededible.net\/fr\/shop\/"},{"@type":"ListItem","position":2,"name":"Mota 1:1 Jelly (Sativa ou Indica)"}]},{"@type":"WebSite","@id":"https:\/\/bcweededible.net\/fr\/#website","url":"https:\/\/bcweededible.net\/fr\/","name":"BC Weed Edible","description":"","publisher":{"@id":"https:\/\/bcweededible.net\/fr\/#organization"},"potentialAction":[{"@type":"SearchAction","target":{"@type":"EntryPoint","urlTemplate":"https:\/\/bcweededible.net\/fr\/?s={search_term_string}"},"query-input":{"@type":"PropertyValueSpecification","valueRequired":true,"valueName":"search_term_string"}}],"inLanguage":"fr-FR"},{"@type":"Organization","@id":"https:\/\/bcweededible.net\/fr\/#organization","name":"BC Weed Edible","url":"https:\/\/bcweededible.net\/fr\/","logo":{"@type":"ImageObject","inLanguage":"fr-FR","@id":"https:\/\/bcweededible.net\/fr\/#\/schema\/logo\/image\/","url":"https:\/\/bcweededible.net\/wp-content\/uploads\/2021\/12\/bc-weed-edible-canada.png","contentUrl":"https:\/\/bcweededible.net\/wp-content\/uploads\/2021\/12\/bc-weed-edible-canada.png","width":270,"height":185,"caption":"BC Weed Edible"},"image":{"@id":"https:\/\/bcweededible.net\/fr\/#\/schema\/logo\/image\/"}}]}},"_links":{"self":[{"href":"https:\/\/bcweededible.net\/fr\/wp-json\/wp\/v2\/product\/35793","targetHints":{"allow":["GET"]}}],"collection":[{"href":"https:\/\/bcweededible.net\/fr\/wp-json\/wp\/v2\/product"}],"about":[{"href":"https:\/\/bcweededible.net\/fr\/wp-json\/wp\/v2\/types\/product"}],"replies":[{"embeddable":true,"href":"https:\/\/bcweededible.net\/fr\/wp-json\/wp\/v2\/comments?post=35793"}],"wp:featuredmedia":[{"embeddable":true,"href":"https:\/\/bcweededible.net\/fr\/wp-json\/wp\/v2\/media\/16261"}],"wp:attachment":[{"href":"https:\/\/bcweededible.net\/fr\/wp-json\/wp\/v2\/media?parent=35793"}],"wp:term":[{"taxonomy":"product_brand","embeddable":true,"href":"https:\/\/bcweededible.net\/fr\/wp-json\/wp\/v2\/product_brand?post=35793"},{"taxonomy":"product_cat","embeddable":true,"href":"https:\/\/bcweededible.net\/fr\/wp-json\/wp\/v2\/product_cat?post=35793"},{"taxonomy":"product_tag","embeddable":true,"href":"https:\/\/bcweededible.net\/fr\/wp-json\/wp\/v2\/product_tag?post=35793"}],"curies":[{"name":"wp","href":"https:\/\/api.w.org\/{rel}","templated":true}]}}