{"id":31853,"date":"2023-01-22T21:40:10","date_gmt":"2023-04-19T01:32:27","guid":{"rendered":"https:\/\/bcweededible.net\/buy\/non%20class\u00e9\/mac-1-live-resin-indica\/"},"modified":"2025-05-07T17:42:02","modified_gmt":"2025-05-08T00:42:02","slug":"mac-1-live-resin-indica","status":"publish","type":"product","link":"https:\/\/bcweededible.net\/fr\/buy\/concentres\/live-resine\/mac-1-live-resin-indica\/","title":{"rendered":"MAC 1 Live Resin (Indica)"},"content":{"rendered":"<h2>Description du MAC1<\/h2>\n<p>MAC #1 ou &#8220;the MAC&#8221;, \u00e9galement connu sous le nom de Miracle Alien Cookies, est un hybride \u00e0 dominance Indica issu du croisement Alien Cookies x Colombian x Starfighter et cultiv\u00e9 \u00e0 partir d&#8217;un plan clone par Dark Heart Nursery \u00e0 San Leandro, en Californie.<\/p>\n<h2>Qu&#8217;est-ce que la r\u00e9sine vivante(Live Resin) ?<\/h2>\n<p>La live resin est la forme la plus savoureuse et la plus agr\u00e9able des concentr\u00e9s de cannabis. Elle est extraite du plant de marijuana fra\u00eechement r\u00e9colt\u00e9 qui a \u00e9t\u00e9 congel\u00e9 rapidement (ou congel\u00e9 frais) \u00e0 des temp\u00e9ratures inf\u00e9rieures \u00e0 celles de la normale.<\/p>\n<p><strong>Qu&#8217;est-ce qui rend ce produit si sp\u00e9cial ?<\/strong> La r\u00e9sine vivante contient plus de terp\u00e8nes qui d\u00e9gagent un ar\u00f4me que les autres formes ; ces compos\u00e9s chimiques contribuent \u00e0 g\u00e9n\u00e9rer les odeurs associ\u00e9es aux diff\u00e9rents types de vari\u00e9t\u00e9s de cannabis.<\/p>\n<p>&nbsp;<\/p>\n","protected":false},"excerpt":{"rendered":"<p>\u00c0 la recherche d&#8217;un concentr\u00e9<strong> MAC1<\/strong><strong>\u00a0<\/strong>qui vous fera planer \u00e0 coup s\u00fbr ? Ne cherchez pas plus loin que <strong>notre Live Resin MAC1<\/strong>. Cet extrait puissant est l&#8217;un des plus populaires au Canada et est parfait pour ceux qui veulent un high puissant. La live resin (r\u00e9sine vivante) est une forme tr\u00e8s concentr\u00e9e de cannabis qui est connue pour ses effets intenses. Id\u00e9al pour les adeptes du dabbing m\u00e9dical et r\u00e9cr\u00e9atif \u00e0 la recherche des meilleurs concentr\u00e9s au Canada.<\/p>\n<p>Toutes nos r\u00e9sines vivantes <strong>sont disponibles \u00e0 partir de 8 $ par gramme !<\/strong> L&#8217;offre est limit\u00e9e, profitez-en tant qu&#8217;elle dure !<\/p>\n<h2>Informations pour la MAC1 Live Resin<\/h2>\n<ul>\n<li><strong>Consistance :<\/strong> Live Resin (R\u00e9sine vivante)<\/li>\n<li><strong>Ph\u00e9notype :<\/strong> Indica<\/li>\n<li><strong>Teneur en THC :<\/strong> entre 70 et 80%.<\/li>\n<li><strong>Effets : <\/strong>Calme, Euphorie<\/li>\n<li><strong>Ar\u00f4mes : <\/strong>Sucr\u00e9, Gazeux<\/li>\n<li><strong>Fabriqu\u00e9 en :<\/strong> La belle Colombie-Britannique<\/li>\n<\/ul>\n","protected":false},"featured_media":26752,"comment_status":"open","ping_status":"closed","template":"","meta":[],"product_brand":[],"product_cat":[305,558,390],"product_tag":[],"class_list":{"0":"post-31853","1":"product","2":"type-product","3":"status-publish","4":"has-post-thumbnail","6":"product_cat-concentres","7":"product_cat-gros","8":"product_cat-live-resine","10":"first","11":"outofstock","12":"sale","13":"shipping-taxable","14":"product-type-variable","15":"has-default-attributes"},"yoast_head":"\n<title>Acheter un MAC 1 Live Resin (Indica) en ligne | Acheter une r\u00e9sine vivante au Canada | BC Weed Edible<\/title>\n<meta name=\"robots\" content=\"index, follow, max-snippet:-1, max-image-preview:large, max-video-preview:-1\" \/>\n<link rel=\"canonical\" href=\"https:\/\/bcweededible.net\/fr\/buy\/concentres\/live-resine\/mac-1-live-resin-indica\/\" \/>\n<meta property=\"og:locale\" content=\"fr_FR\" \/>\n<meta property=\"og:type\" content=\"article\" \/>\n<meta property=\"og:title\" content=\"Acheter un MAC 1 Live Resin (Indica) en ligne | Acheter une r\u00e9sine vivante au Canada | BC Weed Edible\" \/>\n<meta property=\"og:description\" content=\"\u00c0 la recherche d&#039;un concentr\u00e9 MAC1\u00a0qui vous fera planer \u00e0 coup s\u00fbr ? Ne cherchez pas plus loin que notre Live Resin MAC1. Cet extrait puissant est l&#039;un des plus populaires au Canada et est parfait pour ceux qui veulent un high puissant. La live resin (r\u00e9sine vivante) est une forme tr\u00e8s concentr\u00e9e de cannabis qui est connue pour ses effets intenses. Id\u00e9al pour les adeptes du dabbing m\u00e9dical et r\u00e9cr\u00e9atif \u00e0 la recherche des meilleurs concentr\u00e9s au Canada. Toutes nos r\u00e9sines vivantes sont disponibles \u00e0 partir de 8 $ par gramme ! L&#039;offre est limit\u00e9e, profitez-en tant qu&#039;elle dure ! Informations pour la MAC1 Live Resin Consistance : Live Resin (R\u00e9sine vivante) Ph\u00e9notype : Indica Teneur en THC : entre 70 et 80%. Effets : Calme, Euphorie Ar\u00f4mes : Sucr\u00e9, Gazeux Fabriqu\u00e9 en : La belle Colombie-Britannique\" \/>\n<meta property=\"og:url\" content=\"https:\/\/bcweededible.net\/fr\/buy\/concentres\/live-resine\/mac-1-live-resin-indica\/\" \/>\n<meta property=\"og:site_name\" content=\"BC Weed Edible\" \/>\n<meta property=\"article:modified_time\" content=\"2025-05-08T00:42:02+00:00\" \/>\n<meta property=\"og:image\" content=\"https:\/\/bcweededible.net\/wp-content\/uploads\/2023\/01\/mac1-live-resin-jar.jpg\" \/>\n\t<meta property=\"og:image:width\" content=\"1024\" \/>\n\t<meta property=\"og:image:height\" content=\"1024\" \/>\n\t<meta property=\"og:image:type\" content=\"image\/jpeg\" \/>\n<meta name=\"twitter:card\" content=\"summary_large_image\" \/>\n<meta name=\"twitter:label1\" content=\"Dur\u00e9e de lecture estim\u00e9e\" \/>\n\t<meta name=\"twitter:data1\" content=\"1 minute\" \/>\n<script type=\"application\/ld+json\" class=\"yoast-schema-graph\">{\"@context\":\"https:\\\/\\\/schema.org\",\"@graph\":[{\"@type\":\"WebPage\",\"@id\":\"https:\\\/\\\/bcweededible.net\\\/fr\\\/buy\\\/concentres\\\/live-resine\\\/mac-1-live-resin-indica\\\/\",\"url\":\"https:\\\/\\\/bcweededible.net\\\/fr\\\/buy\\\/concentres\\\/live-resine\\\/mac-1-live-resin-indica\\\/\",\"name\":\"Acheter un MAC 1 Live Resin (Indica) en ligne | Acheter une r\u00e9sine vivante au Canada | BC Weed Edible\",\"isPartOf\":{\"@id\":\"https:\\\/\\\/bcweededible.net\\\/fr\\\/#website\"},\"primaryImageOfPage\":{\"@id\":\"https:\\\/\\\/bcweededible.net\\\/fr\\\/buy\\\/concentres\\\/live-resine\\\/mac-1-live-resin-indica\\\/#primaryimage\"},\"image\":{\"@id\":\"https:\\\/\\\/bcweededible.net\\\/fr\\\/buy\\\/concentres\\\/live-resine\\\/mac-1-live-resin-indica\\\/#primaryimage\"},\"thumbnailUrl\":\"https:\\\/\\\/bcweededible.net\\\/wp-content\\\/uploads\\\/2023\\\/01\\\/mac1-live-resin-jar.jpg\",\"datePublished\":\"2023-04-19T01:32:27+00:00\",\"dateModified\":\"2025-05-08T00:42:02+00:00\",\"breadcrumb\":{\"@id\":\"https:\\\/\\\/bcweededible.net\\\/fr\\\/buy\\\/concentres\\\/live-resine\\\/mac-1-live-resin-indica\\\/#breadcrumb\"},\"inLanguage\":\"fr-FR\",\"potentialAction\":[{\"@type\":\"ReadAction\",\"target\":[\"https:\\\/\\\/bcweededible.net\\\/fr\\\/buy\\\/concentres\\\/live-resine\\\/mac-1-live-resin-indica\\\/\"]}]},{\"@type\":\"ImageObject\",\"inLanguage\":\"fr-FR\",\"@id\":\"https:\\\/\\\/bcweededible.net\\\/fr\\\/buy\\\/concentres\\\/live-resine\\\/mac-1-live-resin-indica\\\/#primaryimage\",\"url\":\"https:\\\/\\\/bcweededible.net\\\/wp-content\\\/uploads\\\/2023\\\/01\\\/mac1-live-resin-jar.jpg\",\"contentUrl\":\"https:\\\/\\\/bcweededible.net\\\/wp-content\\\/uploads\\\/2023\\\/01\\\/mac1-live-resin-jar.jpg\",\"width\":1024,\"height\":1024,\"caption\":\"live resin mac1 jar\"},{\"@type\":\"BreadcrumbList\",\"@id\":\"https:\\\/\\\/bcweededible.net\\\/fr\\\/buy\\\/concentres\\\/live-resine\\\/mac-1-live-resin-indica\\\/#breadcrumb\",\"itemListElement\":[{\"@type\":\"ListItem\",\"position\":1,\"name\":\"Jujubes au Pot Canada\",\"item\":\"https:\\\/\\\/bcweededible.net\\\/fr\\\/shop\\\/\"},{\"@type\":\"ListItem\",\"position\":2,\"name\":\"MAC 1 Live Resin (Indica)\"}]},{\"@type\":\"WebSite\",\"@id\":\"https:\\\/\\\/bcweededible.net\\\/fr\\\/#website\",\"url\":\"https:\\\/\\\/bcweededible.net\\\/fr\\\/\",\"name\":\"BC Weed Edible\",\"description\":\"\",\"publisher\":{\"@id\":\"https:\\\/\\\/bcweededible.net\\\/fr\\\/#organization\"},\"potentialAction\":[{\"@type\":\"SearchAction\",\"target\":{\"@type\":\"EntryPoint\",\"urlTemplate\":\"https:\\\/\\\/bcweededible.net\\\/fr\\\/?s={search_term_string}\"},\"query-input\":{\"@type\":\"PropertyValueSpecification\",\"valueRequired\":true,\"valueName\":\"search_term_string\"}}],\"inLanguage\":\"fr-FR\"},{\"@type\":\"Organization\",\"@id\":\"https:\\\/\\\/bcweededible.net\\\/fr\\\/#organization\",\"name\":\"BC Weed Edible\",\"url\":\"https:\\\/\\\/bcweededible.net\\\/fr\\\/\",\"logo\":{\"@type\":\"ImageObject\",\"inLanguage\":\"fr-FR\",\"@id\":\"https:\\\/\\\/bcweededible.net\\\/fr\\\/#\\\/schema\\\/logo\\\/image\\\/\",\"url\":\"https:\\\/\\\/bcweededible.net\\\/wp-content\\\/uploads\\\/2021\\\/12\\\/bc-weed-edible-canada.png\",\"contentUrl\":\"https:\\\/\\\/bcweededible.net\\\/wp-content\\\/uploads\\\/2021\\\/12\\\/bc-weed-edible-canada.png\",\"width\":270,\"height\":185,\"caption\":\"BC Weed Edible\"},\"image\":{\"@id\":\"https:\\\/\\\/bcweededible.net\\\/fr\\\/#\\\/schema\\\/logo\\\/image\\\/\"}}]}<\/script>\n","yoast_head_json":{"title":"Acheter un MAC 1 Live Resin (Indica) en ligne | Acheter une r\u00e9sine vivante au Canada | BC Weed Edible","robots":{"index":"index","follow":"follow","max-snippet":"max-snippet:-1","max-image-preview":"max-image-preview:large","max-video-preview":"max-video-preview:-1"},"canonical":"https:\/\/bcweededible.net\/fr\/buy\/concentres\/live-resine\/mac-1-live-resin-indica\/","og_locale":"fr_FR","og_type":"article","og_title":"Acheter un MAC 1 Live Resin (Indica) en ligne | Acheter une r\u00e9sine vivante au Canada | BC Weed Edible","og_description":"\u00c0 la recherche d'un concentr\u00e9 MAC1\u00a0qui vous fera planer \u00e0 coup s\u00fbr ? Ne cherchez pas plus loin que notre Live Resin MAC1. Cet extrait puissant est l'un des plus populaires au Canada et est parfait pour ceux qui veulent un high puissant. La live resin (r\u00e9sine vivante) est une forme tr\u00e8s concentr\u00e9e de cannabis qui est connue pour ses effets intenses. Id\u00e9al pour les adeptes du dabbing m\u00e9dical et r\u00e9cr\u00e9atif \u00e0 la recherche des meilleurs concentr\u00e9s au Canada. Toutes nos r\u00e9sines vivantes sont disponibles \u00e0 partir de 8 $ par gramme ! L'offre est limit\u00e9e, profitez-en tant qu'elle dure ! Informations pour la MAC1 Live Resin Consistance : Live Resin (R\u00e9sine vivante) Ph\u00e9notype : Indica Teneur en THC : entre 70 et 80%. Effets : Calme, Euphorie Ar\u00f4mes : Sucr\u00e9, Gazeux Fabriqu\u00e9 en : La belle Colombie-Britannique","og_url":"https:\/\/bcweededible.net\/fr\/buy\/concentres\/live-resine\/mac-1-live-resin-indica\/","og_site_name":"BC Weed Edible","article_modified_time":"2025-05-08T00:42:02+00:00","og_image":[{"width":1024,"height":1024,"url":"https:\/\/bcweededible.net\/wp-content\/uploads\/2023\/01\/mac1-live-resin-jar.jpg","type":"image\/jpeg"}],"twitter_card":"summary_large_image","twitter_misc":{"Dur\u00e9e de lecture estim\u00e9e":"1 minute"},"schema":{"@context":"https:\/\/schema.org","@graph":[{"@type":"WebPage","@id":"https:\/\/bcweededible.net\/fr\/buy\/concentres\/live-resine\/mac-1-live-resin-indica\/","url":"https:\/\/bcweededible.net\/fr\/buy\/concentres\/live-resine\/mac-1-live-resin-indica\/","name":"Acheter un MAC 1 Live Resin (Indica) en ligne | Acheter une r\u00e9sine vivante au Canada | BC Weed Edible","isPartOf":{"@id":"https:\/\/bcweededible.net\/fr\/#website"},"primaryImageOfPage":{"@id":"https:\/\/bcweededible.net\/fr\/buy\/concentres\/live-resine\/mac-1-live-resin-indica\/#primaryimage"},"image":{"@id":"https:\/\/bcweededible.net\/fr\/buy\/concentres\/live-resine\/mac-1-live-resin-indica\/#primaryimage"},"thumbnailUrl":"https:\/\/bcweededible.net\/wp-content\/uploads\/2023\/01\/mac1-live-resin-jar.jpg","datePublished":"2023-04-19T01:32:27+00:00","dateModified":"2025-05-08T00:42:02+00:00","breadcrumb":{"@id":"https:\/\/bcweededible.net\/fr\/buy\/concentres\/live-resine\/mac-1-live-resin-indica\/#breadcrumb"},"inLanguage":"fr-FR","potentialAction":[{"@type":"ReadAction","target":["https:\/\/bcweededible.net\/fr\/buy\/concentres\/live-resine\/mac-1-live-resin-indica\/"]}]},{"@type":"ImageObject","inLanguage":"fr-FR","@id":"https:\/\/bcweededible.net\/fr\/buy\/concentres\/live-resine\/mac-1-live-resin-indica\/#primaryimage","url":"https:\/\/bcweededible.net\/wp-content\/uploads\/2023\/01\/mac1-live-resin-jar.jpg","contentUrl":"https:\/\/bcweededible.net\/wp-content\/uploads\/2023\/01\/mac1-live-resin-jar.jpg","width":1024,"height":1024,"caption":"live resin mac1 jar"},{"@type":"BreadcrumbList","@id":"https:\/\/bcweededible.net\/fr\/buy\/concentres\/live-resine\/mac-1-live-resin-indica\/#breadcrumb","itemListElement":[{"@type":"ListItem","position":1,"name":"Jujubes au Pot Canada","item":"https:\/\/bcweededible.net\/fr\/shop\/"},{"@type":"ListItem","position":2,"name":"MAC 1 Live Resin (Indica)"}]},{"@type":"WebSite","@id":"https:\/\/bcweededible.net\/fr\/#website","url":"https:\/\/bcweededible.net\/fr\/","name":"BC Weed Edible","description":"","publisher":{"@id":"https:\/\/bcweededible.net\/fr\/#organization"},"potentialAction":[{"@type":"SearchAction","target":{"@type":"EntryPoint","urlTemplate":"https:\/\/bcweededible.net\/fr\/?s={search_term_string}"},"query-input":{"@type":"PropertyValueSpecification","valueRequired":true,"valueName":"search_term_string"}}],"inLanguage":"fr-FR"},{"@type":"Organization","@id":"https:\/\/bcweededible.net\/fr\/#organization","name":"BC Weed Edible","url":"https:\/\/bcweededible.net\/fr\/","logo":{"@type":"ImageObject","inLanguage":"fr-FR","@id":"https:\/\/bcweededible.net\/fr\/#\/schema\/logo\/image\/","url":"https:\/\/bcweededible.net\/wp-content\/uploads\/2021\/12\/bc-weed-edible-canada.png","contentUrl":"https:\/\/bcweededible.net\/wp-content\/uploads\/2021\/12\/bc-weed-edible-canada.png","width":270,"height":185,"caption":"BC Weed Edible"},"image":{"@id":"https:\/\/bcweededible.net\/fr\/#\/schema\/logo\/image\/"}}]}},"_links":{"self":[{"href":"https:\/\/bcweededible.net\/fr\/wp-json\/wp\/v2\/product\/31853","targetHints":{"allow":["GET"]}}],"collection":[{"href":"https:\/\/bcweededible.net\/fr\/wp-json\/wp\/v2\/product"}],"about":[{"href":"https:\/\/bcweededible.net\/fr\/wp-json\/wp\/v2\/types\/product"}],"replies":[{"embeddable":true,"href":"https:\/\/bcweededible.net\/fr\/wp-json\/wp\/v2\/comments?post=31853"}],"wp:featuredmedia":[{"embeddable":true,"href":"https:\/\/bcweededible.net\/fr\/wp-json\/wp\/v2\/media\/26752"}],"wp:attachment":[{"href":"https:\/\/bcweededible.net\/fr\/wp-json\/wp\/v2\/media?parent=31853"}],"wp:term":[{"taxonomy":"product_brand","embeddable":true,"href":"https:\/\/bcweededible.net\/fr\/wp-json\/wp\/v2\/product_brand?post=31853"},{"taxonomy":"product_cat","embeddable":true,"href":"https:\/\/bcweededible.net\/fr\/wp-json\/wp\/v2\/product_cat?post=31853"},{"taxonomy":"product_tag","embeddable":true,"href":"https:\/\/bcweededible.net\/fr\/wp-json\/wp\/v2\/product_tag?post=31853"}],"curies":[{"name":"wp","href":"https:\/\/api.w.org\/{rel}","templated":true}]}}