{"id":31844,"date":"2022-12-16T17:53:08","date_gmt":"2022-12-17T01:53:08","guid":{"rendered":"https:\/\/bcweededible.net\/buy\/non%20class\u00e9\/og-kush-budder-hybride\/"},"modified":"2026-04-08T09:14:24","modified_gmt":"2026-04-08T16:14:24","slug":"og-kush-budder","status":"publish","type":"product","link":"https:\/\/bcweededible.net\/fr\/buy\/gros\/concentres-en-gros\/og-kush-budder\/","title":{"rendered":"Budder"},"content":{"rendered":"<h2>Acheter le produit Budder au Canada<\/h2>\n<p>Au Canada, il est l\u00e9gal d&#8217;acheter du cannabis et des produits d\u00e9riv\u00e9s du cannabis. BC Weed Edible est un vendeur en ligne qui propose une vari\u00e9t\u00e9 de produits \u00e0 base de cannabis, dont le budder. Lorsque vous achetez du budder en ligne sur BC Weed Edible, vous pouvez vous attendre \u00e0 une exp\u00e9rience d&#8217;achat pratique et s\u00e9curis\u00e9e. Le site web est facile \u00e0 naviguer, et vous pouvez parcourir une large s\u00e9lection de produits, y compris diff\u00e9rentes vari\u00e9t\u00e9s et niveaux de puissance. Chez BC Weed Edible, nous proposons des options de paiement s\u00e9curis\u00e9es, et votre commande sera emball\u00e9e de mani\u00e8re discr\u00e8te et exp\u00e9di\u00e9e \u00e0 votre adresse.<\/p>\n<h2>Qu&#8217;est-ce que le Budder ?<\/h2>\n<p>Le budder est un type de concentr\u00e9 de cannabis fabriqu\u00e9 \u00e0 l&#8217;aide d&#8217;un processus d&#8217;extraction par solvant. Il est connu pour sa texture lisse et qui rappelle le beurre, d&#8217;o\u00f9 son nom de &#8220;budder&#8221;. Pour faire du budder, les plantes de cannabis sont tremp\u00e9es dans un solvant, tel que le butane ou le CO2, afin d&#8217;en extraire les cannabino\u00efdes, les terp\u00e8nes et d&#8217;autres compos\u00e9s. Le m\u00e9lange obtenu est ensuite purg\u00e9 du solvant, laissant derri\u00e8re lui un produit concentr\u00e9 \u00e0 forte teneur en CBD ou en THC, selon le type de cannabis utilis\u00e9.<\/p>\n<h2>Comment consommer le Budder?<\/h2>\n<p>Le Budder peut \u00eatre utilis\u00e9 de diverses mani\u00e8res, notamment en le tamponnant(Dabbing), en le vaporisant et en l&#8217;ajoutant \u00e0 la nourriture ou aux boissons. Il est g\u00e9n\u00e9ralement plus puissant que d&#8217;autres formes de cannabis, il est donc important de commencer par une faible dose et de progresser jusqu&#8217;\u00e0 un niveau confortable.<\/p>\n<p>&nbsp;<\/p>\n","protected":false},"excerpt":{"rendered":"<p>Vous recherchez un <a href=\"https:\/\/bcweededible.net\/fr\/shop\/concentres\/\"><strong>concentr\u00e9<\/strong><\/a>\u00a0puissant qui vous fera planer \u00e0 coup s\u00fbr ? Ne cherchez pas plus loin que <strong>notre produit Budder<\/strong>. Cet extrait puissant est l&#8217;un des plus populaires au Canada et est parfait pour ceux qui veulent un &#8221;high&#8221; puissant. Le budder est une forme tr\u00e8s concentr\u00e9e de cannabis, connue pour ses effets intenses. Id\u00e9al pour les adeptes du dabbing m\u00e9dical et r\u00e9cr\u00e9atif \u00e0 la recherche des meilleurs concentr\u00e9s au Canada.<\/p>\n<p><strong>Disponible \u00e0 partir de 8$ le gramme !<\/strong> Nous avons un approvisionnement limit\u00e9, alors profitez-en tant qu&#8217;il dure !<\/p>\n<h2>Informations sur le Budder<\/h2>\n<ul>\n<li><strong>Consistance :<\/strong> Budder<\/li>\n<li><strong>Ph\u00e9notype :<\/strong> Hybride<\/li>\n<li><strong>Teneur en THC :<\/strong> entre 70% et 80%.<\/li>\n<li><strong>Effets : <\/strong>C\u00e9r\u00e9bral, cr\u00e9atif, d\u00e9tendu, concentr\u00e9, heureux.<\/li>\n<li><strong>Saveurs : <\/strong>Agrumes, Fruit\u00e9, Pin, Sucr\u00e9<\/li>\n<li><strong>Fabriqu\u00e9 en :<\/strong> La belle Colombie-Britannique<\/li>\n<\/ul>\n","protected":false},"featured_media":24756,"comment_status":"open","ping_status":"closed","template":"","meta":[],"product_brand":[],"product_cat":[628,535,558,305,389],"product_tag":[],"class_list":{"0":"post-31844","1":"product","2":"type-product","3":"status-publish","4":"has-post-thumbnail","6":"product_cat-hasch","7":"product_cat-concentres-en-gros","8":"product_cat-gros","9":"product_cat-concentres","10":"product_cat-shatter-fr","12":"first","13":"instock","14":"sale","15":"shipping-taxable","16":"product-type-variable","17":"has-default-attributes"},"yoast_head":"\n<title>Budder achat en ligne | Acheter des boudins au Canada | BC Weed Edible<\/title>\n<meta name=\"robots\" content=\"index, follow, max-snippet:-1, max-image-preview:large, max-video-preview:-1\" \/>\n<link rel=\"canonical\" href=\"https:\/\/bcweededible.net\/fr\/buy\/gros\/concentres-en-gros\/og-kush-budder\/\" \/>\n<meta property=\"og:locale\" content=\"fr_FR\" \/>\n<meta property=\"og:type\" content=\"article\" \/>\n<meta property=\"og:title\" content=\"Budder achat en ligne | Acheter des boudins au Canada | BC Weed Edible\" \/>\n<meta property=\"og:description\" content=\"Vous recherchez un concentr\u00e9\u00a0puissant qui vous fera planer \u00e0 coup s\u00fbr ? Ne cherchez pas plus loin que notre produit Budder. Cet extrait puissant est l&#039;un des plus populaires au Canada et est parfait pour ceux qui veulent un &#039;&#039;high&#039;&#039; puissant. Le budder est une forme tr\u00e8s concentr\u00e9e de cannabis, connue pour ses effets intenses. Id\u00e9al pour les adeptes du dabbing m\u00e9dical et r\u00e9cr\u00e9atif \u00e0 la recherche des meilleurs concentr\u00e9s au Canada. Disponible \u00e0 partir de 8$ le gramme ! Nous avons un approvisionnement limit\u00e9, alors profitez-en tant qu&#039;il dure ! Informations sur le Budder Consistance : Budder Ph\u00e9notype : Hybride Teneur en THC : entre 70% et 80%. Effets : C\u00e9r\u00e9bral, cr\u00e9atif, d\u00e9tendu, concentr\u00e9, heureux. Saveurs : Agrumes, Fruit\u00e9, Pin, Sucr\u00e9 Fabriqu\u00e9 en : La belle Colombie-Britannique\" \/>\n<meta property=\"og:url\" content=\"https:\/\/bcweededible.net\/fr\/buy\/gros\/concentres-en-gros\/og-kush-budder\/\" \/>\n<meta property=\"og:site_name\" content=\"BC Weed Edible\" \/>\n<meta property=\"article:modified_time\" content=\"2026-04-08T16:14:24+00:00\" \/>\n<meta property=\"og:image\" content=\"https:\/\/bcweededible.net\/wp-content\/uploads\/2022\/12\/cannabis-budder-canada.jpg\" \/>\n\t<meta property=\"og:image:width\" content=\"1000\" \/>\n\t<meta property=\"og:image:height\" content=\"1000\" \/>\n\t<meta property=\"og:image:type\" content=\"image\/jpeg\" \/>\n<meta name=\"twitter:card\" content=\"summary_large_image\" \/>\n<meta name=\"twitter:label1\" content=\"Dur\u00e9e de lecture estim\u00e9e\" \/>\n\t<meta name=\"twitter:data1\" content=\"2 minutes\" \/>\n<script type=\"application\/ld+json\" class=\"yoast-schema-graph\">{\"@context\":\"https:\\\/\\\/schema.org\",\"@graph\":[{\"@type\":\"WebPage\",\"@id\":\"https:\\\/\\\/bcweededible.net\\\/fr\\\/buy\\\/gros\\\/concentres-en-gros\\\/og-kush-budder\\\/\",\"url\":\"https:\\\/\\\/bcweededible.net\\\/fr\\\/buy\\\/gros\\\/concentres-en-gros\\\/og-kush-budder\\\/\",\"name\":\"Budder achat en ligne | Acheter des boudins au Canada | BC Weed Edible\",\"isPartOf\":{\"@id\":\"https:\\\/\\\/bcweededible.net\\\/fr\\\/#website\"},\"primaryImageOfPage\":{\"@id\":\"https:\\\/\\\/bcweededible.net\\\/fr\\\/buy\\\/gros\\\/concentres-en-gros\\\/og-kush-budder\\\/#primaryimage\"},\"image\":{\"@id\":\"https:\\\/\\\/bcweededible.net\\\/fr\\\/buy\\\/gros\\\/concentres-en-gros\\\/og-kush-budder\\\/#primaryimage\"},\"thumbnailUrl\":\"https:\\\/\\\/bcweededible.net\\\/wp-content\\\/uploads\\\/2022\\\/12\\\/cannabis-budder-canada.jpg\",\"datePublished\":\"2022-12-17T01:53:08+00:00\",\"dateModified\":\"2026-04-08T16:14:24+00:00\",\"breadcrumb\":{\"@id\":\"https:\\\/\\\/bcweededible.net\\\/fr\\\/buy\\\/gros\\\/concentres-en-gros\\\/og-kush-budder\\\/#breadcrumb\"},\"inLanguage\":\"fr-FR\",\"potentialAction\":[{\"@type\":\"ReadAction\",\"target\":[\"https:\\\/\\\/bcweededible.net\\\/fr\\\/buy\\\/gros\\\/concentres-en-gros\\\/og-kush-budder\\\/\"]}]},{\"@type\":\"ImageObject\",\"inLanguage\":\"fr-FR\",\"@id\":\"https:\\\/\\\/bcweededible.net\\\/fr\\\/buy\\\/gros\\\/concentres-en-gros\\\/og-kush-budder\\\/#primaryimage\",\"url\":\"https:\\\/\\\/bcweededible.net\\\/wp-content\\\/uploads\\\/2022\\\/12\\\/cannabis-budder-canada.jpg\",\"contentUrl\":\"https:\\\/\\\/bcweededible.net\\\/wp-content\\\/uploads\\\/2022\\\/12\\\/cannabis-budder-canada.jpg\",\"width\":1000,\"height\":1000,\"caption\":\"budder cannabis\"},{\"@type\":\"BreadcrumbList\",\"@id\":\"https:\\\/\\\/bcweededible.net\\\/fr\\\/buy\\\/gros\\\/concentres-en-gros\\\/og-kush-budder\\\/#breadcrumb\",\"itemListElement\":[{\"@type\":\"ListItem\",\"position\":1,\"name\":\"Jujubes au Pot Canada\",\"item\":\"https:\\\/\\\/bcweededible.net\\\/fr\\\/shop\\\/\"},{\"@type\":\"ListItem\",\"position\":2,\"name\":\"Budder\"}]},{\"@type\":\"WebSite\",\"@id\":\"https:\\\/\\\/bcweededible.net\\\/fr\\\/#website\",\"url\":\"https:\\\/\\\/bcweededible.net\\\/fr\\\/\",\"name\":\"BC Weed Edible\",\"description\":\"\",\"publisher\":{\"@id\":\"https:\\\/\\\/bcweededible.net\\\/fr\\\/#organization\"},\"potentialAction\":[{\"@type\":\"SearchAction\",\"target\":{\"@type\":\"EntryPoint\",\"urlTemplate\":\"https:\\\/\\\/bcweededible.net\\\/fr\\\/?s={search_term_string}\"},\"query-input\":{\"@type\":\"PropertyValueSpecification\",\"valueRequired\":true,\"valueName\":\"search_term_string\"}}],\"inLanguage\":\"fr-FR\"},{\"@type\":\"Organization\",\"@id\":\"https:\\\/\\\/bcweededible.net\\\/fr\\\/#organization\",\"name\":\"BC Weed Edible\",\"url\":\"https:\\\/\\\/bcweededible.net\\\/fr\\\/\",\"logo\":{\"@type\":\"ImageObject\",\"inLanguage\":\"fr-FR\",\"@id\":\"https:\\\/\\\/bcweededible.net\\\/fr\\\/#\\\/schema\\\/logo\\\/image\\\/\",\"url\":\"https:\\\/\\\/bcweededible.net\\\/wp-content\\\/uploads\\\/2021\\\/12\\\/bc-weed-edible-canada.png\",\"contentUrl\":\"https:\\\/\\\/bcweededible.net\\\/wp-content\\\/uploads\\\/2021\\\/12\\\/bc-weed-edible-canada.png\",\"width\":270,\"height\":185,\"caption\":\"BC Weed Edible\"},\"image\":{\"@id\":\"https:\\\/\\\/bcweededible.net\\\/fr\\\/#\\\/schema\\\/logo\\\/image\\\/\"}}]}<\/script>\n","yoast_head_json":{"title":"Budder achat en ligne | Acheter des boudins au Canada | BC Weed Edible","robots":{"index":"index","follow":"follow","max-snippet":"max-snippet:-1","max-image-preview":"max-image-preview:large","max-video-preview":"max-video-preview:-1"},"canonical":"https:\/\/bcweededible.net\/fr\/buy\/gros\/concentres-en-gros\/og-kush-budder\/","og_locale":"fr_FR","og_type":"article","og_title":"Budder achat en ligne | Acheter des boudins au Canada | BC Weed Edible","og_description":"Vous recherchez un concentr\u00e9\u00a0puissant qui vous fera planer \u00e0 coup s\u00fbr ? Ne cherchez pas plus loin que notre produit Budder. Cet extrait puissant est l'un des plus populaires au Canada et est parfait pour ceux qui veulent un ''high'' puissant. Le budder est une forme tr\u00e8s concentr\u00e9e de cannabis, connue pour ses effets intenses. Id\u00e9al pour les adeptes du dabbing m\u00e9dical et r\u00e9cr\u00e9atif \u00e0 la recherche des meilleurs concentr\u00e9s au Canada. Disponible \u00e0 partir de 8$ le gramme ! Nous avons un approvisionnement limit\u00e9, alors profitez-en tant qu'il dure ! Informations sur le Budder Consistance : Budder Ph\u00e9notype : Hybride Teneur en THC : entre 70% et 80%. Effets : C\u00e9r\u00e9bral, cr\u00e9atif, d\u00e9tendu, concentr\u00e9, heureux. Saveurs : Agrumes, Fruit\u00e9, Pin, Sucr\u00e9 Fabriqu\u00e9 en : La belle Colombie-Britannique","og_url":"https:\/\/bcweededible.net\/fr\/buy\/gros\/concentres-en-gros\/og-kush-budder\/","og_site_name":"BC Weed Edible","article_modified_time":"2026-04-08T16:14:24+00:00","og_image":[{"width":1000,"height":1000,"url":"https:\/\/bcweededible.net\/wp-content\/uploads\/2022\/12\/cannabis-budder-canada.jpg","type":"image\/jpeg"}],"twitter_card":"summary_large_image","twitter_misc":{"Dur\u00e9e de lecture estim\u00e9e":"2 minutes"},"schema":{"@context":"https:\/\/schema.org","@graph":[{"@type":"WebPage","@id":"https:\/\/bcweededible.net\/fr\/buy\/gros\/concentres-en-gros\/og-kush-budder\/","url":"https:\/\/bcweededible.net\/fr\/buy\/gros\/concentres-en-gros\/og-kush-budder\/","name":"Budder achat en ligne | Acheter des boudins au Canada | BC Weed Edible","isPartOf":{"@id":"https:\/\/bcweededible.net\/fr\/#website"},"primaryImageOfPage":{"@id":"https:\/\/bcweededible.net\/fr\/buy\/gros\/concentres-en-gros\/og-kush-budder\/#primaryimage"},"image":{"@id":"https:\/\/bcweededible.net\/fr\/buy\/gros\/concentres-en-gros\/og-kush-budder\/#primaryimage"},"thumbnailUrl":"https:\/\/bcweededible.net\/wp-content\/uploads\/2022\/12\/cannabis-budder-canada.jpg","datePublished":"2022-12-17T01:53:08+00:00","dateModified":"2026-04-08T16:14:24+00:00","breadcrumb":{"@id":"https:\/\/bcweededible.net\/fr\/buy\/gros\/concentres-en-gros\/og-kush-budder\/#breadcrumb"},"inLanguage":"fr-FR","potentialAction":[{"@type":"ReadAction","target":["https:\/\/bcweededible.net\/fr\/buy\/gros\/concentres-en-gros\/og-kush-budder\/"]}]},{"@type":"ImageObject","inLanguage":"fr-FR","@id":"https:\/\/bcweededible.net\/fr\/buy\/gros\/concentres-en-gros\/og-kush-budder\/#primaryimage","url":"https:\/\/bcweededible.net\/wp-content\/uploads\/2022\/12\/cannabis-budder-canada.jpg","contentUrl":"https:\/\/bcweededible.net\/wp-content\/uploads\/2022\/12\/cannabis-budder-canada.jpg","width":1000,"height":1000,"caption":"budder cannabis"},{"@type":"BreadcrumbList","@id":"https:\/\/bcweededible.net\/fr\/buy\/gros\/concentres-en-gros\/og-kush-budder\/#breadcrumb","itemListElement":[{"@type":"ListItem","position":1,"name":"Jujubes au Pot Canada","item":"https:\/\/bcweededible.net\/fr\/shop\/"},{"@type":"ListItem","position":2,"name":"Budder"}]},{"@type":"WebSite","@id":"https:\/\/bcweededible.net\/fr\/#website","url":"https:\/\/bcweededible.net\/fr\/","name":"BC Weed Edible","description":"","publisher":{"@id":"https:\/\/bcweededible.net\/fr\/#organization"},"potentialAction":[{"@type":"SearchAction","target":{"@type":"EntryPoint","urlTemplate":"https:\/\/bcweededible.net\/fr\/?s={search_term_string}"},"query-input":{"@type":"PropertyValueSpecification","valueRequired":true,"valueName":"search_term_string"}}],"inLanguage":"fr-FR"},{"@type":"Organization","@id":"https:\/\/bcweededible.net\/fr\/#organization","name":"BC Weed Edible","url":"https:\/\/bcweededible.net\/fr\/","logo":{"@type":"ImageObject","inLanguage":"fr-FR","@id":"https:\/\/bcweededible.net\/fr\/#\/schema\/logo\/image\/","url":"https:\/\/bcweededible.net\/wp-content\/uploads\/2021\/12\/bc-weed-edible-canada.png","contentUrl":"https:\/\/bcweededible.net\/wp-content\/uploads\/2021\/12\/bc-weed-edible-canada.png","width":270,"height":185,"caption":"BC Weed Edible"},"image":{"@id":"https:\/\/bcweededible.net\/fr\/#\/schema\/logo\/image\/"}}]}},"_links":{"self":[{"href":"https:\/\/bcweededible.net\/fr\/wp-json\/wp\/v2\/product\/31844","targetHints":{"allow":["GET"]}}],"collection":[{"href":"https:\/\/bcweededible.net\/fr\/wp-json\/wp\/v2\/product"}],"about":[{"href":"https:\/\/bcweededible.net\/fr\/wp-json\/wp\/v2\/types\/product"}],"replies":[{"embeddable":true,"href":"https:\/\/bcweededible.net\/fr\/wp-json\/wp\/v2\/comments?post=31844"}],"wp:featuredmedia":[{"embeddable":true,"href":"https:\/\/bcweededible.net\/fr\/wp-json\/wp\/v2\/media\/24756"}],"wp:attachment":[{"href":"https:\/\/bcweededible.net\/fr\/wp-json\/wp\/v2\/media?parent=31844"}],"wp:term":[{"taxonomy":"product_brand","embeddable":true,"href":"https:\/\/bcweededible.net\/fr\/wp-json\/wp\/v2\/product_brand?post=31844"},{"taxonomy":"product_cat","embeddable":true,"href":"https:\/\/bcweededible.net\/fr\/wp-json\/wp\/v2\/product_cat?post=31844"},{"taxonomy":"product_tag","embeddable":true,"href":"https:\/\/bcweededible.net\/fr\/wp-json\/wp\/v2\/product_tag?post=31844"}],"curies":[{"name":"wp","href":"https:\/\/api.w.org\/{rel}","templated":true}]}}