{"id":25625,"date":"2022-04-04T13:03:45","date_gmt":"2022-04-04T20:03:45","guid":{"rendered":"https:\/\/bcweededible.net\/buy\/non%20class\u00e9\/1gramme-de-joints-pre-roules-aaaa\/"},"modified":"2026-03-23T03:05:24","modified_gmt":"2026-03-23T10:05:24","slug":"aaaa-joint-preroules","status":"publish","type":"product","link":"https:\/\/bcweededible.net\/fr\/buy\/fleurs-cannabis\/hybrid-fr\/aaaa-joint-preroules\/","title":{"rendered":"Joints pr\u00e9-roul\u00e9s"},"content":{"rendered":"","protected":false},"excerpt":{"rendered":"<p>Laissez-vous tenter par l&#8217;<strong>excellence<\/strong> in\u00e9gal\u00e9e de nos <strong>joints pr\u00e9-roul\u00e9s AAAA de 1 gramme.<\/strong> Ces joints t\u00e9moignent de notre engagement pour une qualit\u00e9 sup\u00e9rieure, car nous n&#8217;utilisons que des <strong>fleurs AAAA+.<\/strong>\u00a0Chaque joint est un <strong>chef-d&#8217;\u0153uvre<\/strong>, contenant<strong> 1 gramme de fleur de premi\u00e8re qualit\u00e9<\/strong> pour assurer une <strong>combustion<\/strong> r\u00e9guli\u00e8re et la production d&#8217;une <strong>cendre blanche immacul\u00e9e<\/strong> de la premi\u00e8re \u00e0 la derni\u00e8re <strong>bouff\u00e9e<\/strong>. Disponibles sous forme de <strong>tube individuel<\/strong>\u00a0ou de bo\u00eetes de <strong>7 joints pr\u00e9-roul\u00e9s<\/strong>.<\/p>\n<p>&nbsp;<\/p>\n<h2>Informations sur les joints pr\u00e9-roul\u00e9s<\/h2>\n<table>\n<tbody>\n<tr>\n<td class=\"has-text-align-center\" style=\"text-align: left;\" data-align=\"center\"><strong>Quantit\u00e9<\/strong><\/td>\n<td class=\"has-text-align-center\" style=\"text-align: left;\" data-align=\"center\">1 gramme par joint<\/td>\n<\/tr>\n<tr>\n<td class=\"has-text-align-center\" style=\"text-align: left;\" data-align=\"center\"><strong>Grade<\/strong><\/td>\n<td class=\"has-text-align-center\" style=\"text-align: left;\" data-align=\"center\">AAAA+<\/td>\n<\/tr>\n<tr>\n<td class=\"has-text-align-center\" style=\"text-align: left;\" data-align=\"center\"><strong>THC<\/strong><\/td>\n<td class=\"has-text-align-center\" style=\"text-align: left;\" data-align=\"center\">20%+<\/td>\n<\/tr>\n<tr>\n<td class=\"has-text-align-center\" style=\"text-align: left;\" data-align=\"center\"><strong>Ph\u00e9notype<\/strong><\/td>\n<td class=\"has-text-align-center\" style=\"text-align: left;\" data-align=\"center\">Hybride, Indica, Sativa<\/td>\n<\/tr>\n<tr>\n<td class=\"has-text-align-center\" style=\"text-align: left;\" data-align=\"center\"><strong>Effets<\/strong><\/td>\n<td class=\"has-text-align-center\" style=\"text-align: left;\" data-align=\"center\">Hybride : regain d&#8217;\u00e9nergie suivi d&#8217;une sensation de fatigue.<br \/>\nIndica : Intens\u00e9ment relaxant.<br \/>\nSativa : \u00c9nergisant et euphorique<\/td>\n<\/tr>\n<tr>\n<td class=\"has-text-align-center\" style=\"text-align: left;\" data-align=\"center\"><strong>Saveurs<\/strong><\/td>\n<td class=\"has-text-align-center\" style=\"text-align: left;\" data-align=\"center\">Agrumes, terreux, floral, sucr\u00e9, bois\u00e9.<\/td>\n<\/tr>\n<\/tbody>\n<\/table>\n","protected":false},"featured_media":12889,"comment_status":"open","ping_status":"closed","template":"","meta":{"wprm-recipe-roundup-name":"","wprm-recipe-roundup-description":""},"product_cat":[245,293,294,391,295],"product_tag":[],"class_list":{"0":"post-25625","1":"product","2":"type-product","3":"status-publish","4":"has-post-thumbnail","6":"product_cat-fleurs-cannabis","7":"product_cat-hybrid-fr","8":"product_cat-indica-fr","9":"product_cat-preroules","10":"product_cat-sativa-fr","12":"first","13":"instock","14":"sale","15":"shipping-taxable","16":"purchasable","17":"product-type-variable","18":"has-default-attributes"},"yoast_head":"\n<title>Acheter Joints pr\u00e9-roul\u00e9s Canada | BC Weed Edible<\/title>\n<meta name=\"robots\" content=\"index, follow, max-snippet:-1, max-image-preview:large, max-video-preview:-1\" \/>\n<link rel=\"canonical\" href=\"https:\/\/bcweededible.net\/fr\/buy\/fleurs-cannabis\/hybrid-fr\/aaaa-joint-preroules\/\" \/>\n<meta property=\"og:locale\" content=\"fr_FR\" \/>\n<meta property=\"og:type\" content=\"article\" \/>\n<meta property=\"og:title\" content=\"Acheter Joints pr\u00e9-roul\u00e9s Canada | BC Weed Edible\" \/>\n<meta property=\"og:description\" content=\"Laissez-vous tenter par l&#039;excellence in\u00e9gal\u00e9e de nos joints pr\u00e9-roul\u00e9s AAAA de 1 gramme. Ces joints t\u00e9moignent de notre engagement pour une qualit\u00e9 sup\u00e9rieure, car nous n&#039;utilisons que des fleurs AAAA+.\u00a0Chaque joint est un chef-d&#039;\u0153uvre, contenant 1 gramme de fleur de premi\u00e8re qualit\u00e9 pour assurer une combustion r\u00e9guli\u00e8re et la production d&#039;une cendre blanche immacul\u00e9e de la premi\u00e8re \u00e0 la derni\u00e8re bouff\u00e9e. Disponibles sous forme de tube individuel\u00a0ou de bo\u00eetes de 7 joints pr\u00e9-roul\u00e9s. &nbsp; Informations sur les joints pr\u00e9-roul\u00e9s Quantit\u00e9 1 gramme par joint Grade AAAA+ THC 20%+ Ph\u00e9notype Hybride, Indica, Sativa Effets Hybride : regain d&#039;\u00e9nergie suivi d&#039;une sensation de fatigue. Indica : Intens\u00e9ment relaxant. Sativa : \u00c9nergisant et euphorique Saveurs Agrumes, terreux, floral, sucr\u00e9, bois\u00e9.\" \/>\n<meta property=\"og:url\" content=\"https:\/\/bcweededible.net\/fr\/buy\/fleurs-cannabis\/hybrid-fr\/aaaa-joint-preroules\/\" \/>\n<meta property=\"og:site_name\" content=\"BC Weed Edible\" \/>\n<meta property=\"article:modified_time\" content=\"2026-03-23T10:05:24+00:00\" \/>\n<meta property=\"og:image\" content=\"https:\/\/bcweededible.net\/wp-content\/uploads\/2022\/04\/green-valleys-pre-rolled-joints.jpg\" \/>\n\t<meta property=\"og:image:width\" content=\"800\" \/>\n\t<meta property=\"og:image:height\" content=\"800\" \/>\n\t<meta property=\"og:image:type\" content=\"image\/jpeg\" \/>\n<meta name=\"twitter:card\" content=\"summary_large_image\" \/>\n<script type=\"application\/ld+json\" class=\"yoast-schema-graph\">{\"@context\":\"https:\/\/schema.org\",\"@graph\":[{\"@type\":\"WebPage\",\"@id\":\"https:\/\/bcweededible.net\/fr\/buy\/fleurs-cannabis\/hybrid-fr\/aaaa-joint-preroules\/\",\"url\":\"https:\/\/bcweededible.net\/fr\/buy\/fleurs-cannabis\/hybrid-fr\/aaaa-joint-preroules\/\",\"name\":\"Acheter Joints pr\u00e9-roul\u00e9s Canada | BC Weed Edible\",\"isPartOf\":{\"@id\":\"https:\/\/bcweededible.net\/fr\/#website\"},\"primaryImageOfPage\":{\"@id\":\"https:\/\/bcweededible.net\/fr\/buy\/fleurs-cannabis\/hybrid-fr\/aaaa-joint-preroules\/#primaryimage\"},\"image\":{\"@id\":\"https:\/\/bcweededible.net\/fr\/buy\/fleurs-cannabis\/hybrid-fr\/aaaa-joint-preroules\/#primaryimage\"},\"thumbnailUrl\":\"https:\/\/bcweededible.net\/wp-content\/uploads\/2022\/04\/green-valleys-pre-rolled-joints.jpg\",\"datePublished\":\"2022-04-04T20:03:45+00:00\",\"dateModified\":\"2026-03-23T10:05:24+00:00\",\"breadcrumb\":{\"@id\":\"https:\/\/bcweededible.net\/fr\/buy\/fleurs-cannabis\/hybrid-fr\/aaaa-joint-preroules\/#breadcrumb\"},\"inLanguage\":\"fr-FR\",\"potentialAction\":[{\"@type\":\"ReadAction\",\"target\":[\"https:\/\/bcweededible.net\/fr\/buy\/fleurs-cannabis\/hybrid-fr\/aaaa-joint-preroules\/\"]}]},{\"@type\":\"ImageObject\",\"inLanguage\":\"fr-FR\",\"@id\":\"https:\/\/bcweededible.net\/fr\/buy\/fleurs-cannabis\/hybrid-fr\/aaaa-joint-preroules\/#primaryimage\",\"url\":\"https:\/\/bcweededible.net\/wp-content\/uploads\/2022\/04\/green-valleys-pre-rolled-joints.jpg\",\"contentUrl\":\"https:\/\/bcweededible.net\/wp-content\/uploads\/2022\/04\/green-valleys-pre-rolled-joints.jpg\",\"width\":800,\"height\":800,\"caption\":\"aaaa grade pre roll joint\"},{\"@type\":\"BreadcrumbList\",\"@id\":\"https:\/\/bcweededible.net\/fr\/buy\/fleurs-cannabis\/hybrid-fr\/aaaa-joint-preroules\/#breadcrumb\",\"itemListElement\":[{\"@type\":\"ListItem\",\"position\":1,\"name\":\"Jujubes au Pot Canada\",\"item\":\"https:\/\/bcweededible.net\/fr\/shop\/\"},{\"@type\":\"ListItem\",\"position\":2,\"name\":\"Joints pr\u00e9-roul\u00e9s\"}]},{\"@type\":\"WebSite\",\"@id\":\"https:\/\/bcweededible.net\/fr\/#website\",\"url\":\"https:\/\/bcweededible.net\/fr\/\",\"name\":\"BC Weed Edible\",\"description\":\"\",\"publisher\":{\"@id\":\"https:\/\/bcweededible.net\/fr\/#organization\"},\"potentialAction\":[{\"@type\":\"SearchAction\",\"target\":{\"@type\":\"EntryPoint\",\"urlTemplate\":\"https:\/\/bcweededible.net\/fr\/?s={search_term_string}\"},\"query-input\":{\"@type\":\"PropertyValueSpecification\",\"valueRequired\":true,\"valueName\":\"search_term_string\"}}],\"inLanguage\":\"fr-FR\"},{\"@type\":\"Organization\",\"@id\":\"https:\/\/bcweededible.net\/fr\/#organization\",\"name\":\"BC Weed Edible\",\"url\":\"https:\/\/bcweededible.net\/fr\/\",\"logo\":{\"@type\":\"ImageObject\",\"inLanguage\":\"fr-FR\",\"@id\":\"https:\/\/bcweededible.net\/fr\/#\/schema\/logo\/image\/\",\"url\":\"https:\/\/bcweededible.net\/wp-content\/uploads\/2021\/12\/bc-weed-edible-canada.png\",\"contentUrl\":\"https:\/\/bcweededible.net\/wp-content\/uploads\/2021\/12\/bc-weed-edible-canada.png\",\"width\":270,\"height\":185,\"caption\":\"BC Weed Edible\"},\"image\":{\"@id\":\"https:\/\/bcweededible.net\/fr\/#\/schema\/logo\/image\/\"}}]}<\/script>\n","yoast_head_json":{"title":"Acheter Joints pr\u00e9-roul\u00e9s Canada | BC Weed Edible","robots":{"index":"index","follow":"follow","max-snippet":"max-snippet:-1","max-image-preview":"max-image-preview:large","max-video-preview":"max-video-preview:-1"},"canonical":"https:\/\/bcweededible.net\/fr\/buy\/fleurs-cannabis\/hybrid-fr\/aaaa-joint-preroules\/","og_locale":"fr_FR","og_type":"article","og_title":"Acheter Joints pr\u00e9-roul\u00e9s Canada | BC Weed Edible","og_description":"Laissez-vous tenter par l'excellence in\u00e9gal\u00e9e de nos joints pr\u00e9-roul\u00e9s AAAA de 1 gramme. Ces joints t\u00e9moignent de notre engagement pour une qualit\u00e9 sup\u00e9rieure, car nous n'utilisons que des fleurs AAAA+.\u00a0Chaque joint est un chef-d'\u0153uvre, contenant 1 gramme de fleur de premi\u00e8re qualit\u00e9 pour assurer une combustion r\u00e9guli\u00e8re et la production d'une cendre blanche immacul\u00e9e de la premi\u00e8re \u00e0 la derni\u00e8re bouff\u00e9e. Disponibles sous forme de tube individuel\u00a0ou de bo\u00eetes de 7 joints pr\u00e9-roul\u00e9s. &nbsp; Informations sur les joints pr\u00e9-roul\u00e9s Quantit\u00e9 1 gramme par joint Grade AAAA+ THC 20%+ Ph\u00e9notype Hybride, Indica, Sativa Effets Hybride : regain d'\u00e9nergie suivi d'une sensation de fatigue. Indica : Intens\u00e9ment relaxant. Sativa : \u00c9nergisant et euphorique Saveurs Agrumes, terreux, floral, sucr\u00e9, bois\u00e9.","og_url":"https:\/\/bcweededible.net\/fr\/buy\/fleurs-cannabis\/hybrid-fr\/aaaa-joint-preroules\/","og_site_name":"BC Weed Edible","article_modified_time":"2026-03-23T10:05:24+00:00","og_image":[{"width":800,"height":800,"url":"https:\/\/bcweededible.net\/wp-content\/uploads\/2022\/04\/green-valleys-pre-rolled-joints.jpg","type":"image\/jpeg"}],"twitter_card":"summary_large_image","schema":{"@context":"https:\/\/schema.org","@graph":[{"@type":"WebPage","@id":"https:\/\/bcweededible.net\/fr\/buy\/fleurs-cannabis\/hybrid-fr\/aaaa-joint-preroules\/","url":"https:\/\/bcweededible.net\/fr\/buy\/fleurs-cannabis\/hybrid-fr\/aaaa-joint-preroules\/","name":"Acheter Joints pr\u00e9-roul\u00e9s Canada | BC Weed Edible","isPartOf":{"@id":"https:\/\/bcweededible.net\/fr\/#website"},"primaryImageOfPage":{"@id":"https:\/\/bcweededible.net\/fr\/buy\/fleurs-cannabis\/hybrid-fr\/aaaa-joint-preroules\/#primaryimage"},"image":{"@id":"https:\/\/bcweededible.net\/fr\/buy\/fleurs-cannabis\/hybrid-fr\/aaaa-joint-preroules\/#primaryimage"},"thumbnailUrl":"https:\/\/bcweededible.net\/wp-content\/uploads\/2022\/04\/green-valleys-pre-rolled-joints.jpg","datePublished":"2022-04-04T20:03:45+00:00","dateModified":"2026-03-23T10:05:24+00:00","breadcrumb":{"@id":"https:\/\/bcweededible.net\/fr\/buy\/fleurs-cannabis\/hybrid-fr\/aaaa-joint-preroules\/#breadcrumb"},"inLanguage":"fr-FR","potentialAction":[{"@type":"ReadAction","target":["https:\/\/bcweededible.net\/fr\/buy\/fleurs-cannabis\/hybrid-fr\/aaaa-joint-preroules\/"]}]},{"@type":"ImageObject","inLanguage":"fr-FR","@id":"https:\/\/bcweededible.net\/fr\/buy\/fleurs-cannabis\/hybrid-fr\/aaaa-joint-preroules\/#primaryimage","url":"https:\/\/bcweededible.net\/wp-content\/uploads\/2022\/04\/green-valleys-pre-rolled-joints.jpg","contentUrl":"https:\/\/bcweededible.net\/wp-content\/uploads\/2022\/04\/green-valleys-pre-rolled-joints.jpg","width":800,"height":800,"caption":"aaaa grade pre roll joint"},{"@type":"BreadcrumbList","@id":"https:\/\/bcweededible.net\/fr\/buy\/fleurs-cannabis\/hybrid-fr\/aaaa-joint-preroules\/#breadcrumb","itemListElement":[{"@type":"ListItem","position":1,"name":"Jujubes au Pot Canada","item":"https:\/\/bcweededible.net\/fr\/shop\/"},{"@type":"ListItem","position":2,"name":"Joints pr\u00e9-roul\u00e9s"}]},{"@type":"WebSite","@id":"https:\/\/bcweededible.net\/fr\/#website","url":"https:\/\/bcweededible.net\/fr\/","name":"BC Weed Edible","description":"","publisher":{"@id":"https:\/\/bcweededible.net\/fr\/#organization"},"potentialAction":[{"@type":"SearchAction","target":{"@type":"EntryPoint","urlTemplate":"https:\/\/bcweededible.net\/fr\/?s={search_term_string}"},"query-input":{"@type":"PropertyValueSpecification","valueRequired":true,"valueName":"search_term_string"}}],"inLanguage":"fr-FR"},{"@type":"Organization","@id":"https:\/\/bcweededible.net\/fr\/#organization","name":"BC Weed Edible","url":"https:\/\/bcweededible.net\/fr\/","logo":{"@type":"ImageObject","inLanguage":"fr-FR","@id":"https:\/\/bcweededible.net\/fr\/#\/schema\/logo\/image\/","url":"https:\/\/bcweededible.net\/wp-content\/uploads\/2021\/12\/bc-weed-edible-canada.png","contentUrl":"https:\/\/bcweededible.net\/wp-content\/uploads\/2021\/12\/bc-weed-edible-canada.png","width":270,"height":185,"caption":"BC Weed Edible"},"image":{"@id":"https:\/\/bcweededible.net\/fr\/#\/schema\/logo\/image\/"}}]}},"_links":{"self":[{"href":"https:\/\/bcweededible.net\/fr\/wp-json\/wp\/v2\/product\/25625","targetHints":{"allow":["GET"]}}],"collection":[{"href":"https:\/\/bcweededible.net\/fr\/wp-json\/wp\/v2\/product"}],"about":[{"href":"https:\/\/bcweededible.net\/fr\/wp-json\/wp\/v2\/types\/product"}],"replies":[{"embeddable":true,"href":"https:\/\/bcweededible.net\/fr\/wp-json\/wp\/v2\/comments?post=25625"}],"wp:featuredmedia":[{"embeddable":true,"href":"https:\/\/bcweededible.net\/fr\/wp-json\/wp\/v2\/media\/12889"}],"wp:attachment":[{"href":"https:\/\/bcweededible.net\/fr\/wp-json\/wp\/v2\/media?parent=25625"}],"wp:term":[{"taxonomy":"product_cat","embeddable":true,"href":"https:\/\/bcweededible.net\/fr\/wp-json\/wp\/v2\/product_cat?post=25625"},{"taxonomy":"product_tag","embeddable":true,"href":"https:\/\/bcweededible.net\/fr\/wp-json\/wp\/v2\/product_tag?post=25625"}],"curies":[{"name":"wp","href":"https:\/\/api.w.org\/{rel}","templated":true}]}}