{"id":23890,"date":"2022-05-25T13:54:10","date_gmt":"2022-12-01T17:31:39","guid":{"rendered":"https:\/\/bcweededible.net\/buy\/non%20class\u00e9\/construisez-votre-propre-demi-livre-aaa-8-x-1-oz\/"},"modified":"2024-02-24T18:26:29","modified_gmt":"2024-02-25T02:26:29","slug":"mix-match-aaa-demi-livre","status":"publish","type":"product","link":"https:\/\/bcweededible.net\/fr\/buy\/gros\/pot-gros\/mix-match-aaa-demi-livre\/","title":{"rendered":"Construisez votre demi-livre AAA+ 8 x 1 oz"},"content":{"rendered":"","protected":false},"excerpt":{"rendered":"<p><strong>Construisez votre demi-livre AAA+<\/strong> chez BC Weed Edible, vous avez maintenant la possibilit\u00e9 de <strong>choisir 8 diff\u00e9rents produits de 28 grammes dans notre cat\u00e9gorie <a href=\"https:\/\/bcweededible.net\/fr\/acheter\/fleurs-cannabis\/aaa\/\">AAA+<\/a>.<\/strong> Tous des grades entre <strong>AAA+ et AAAA<\/strong>. Cette offre Mix N Match est un pack \u00e9conomique qui est id\u00e9al pour les acheteurs ind\u00e9cis, ceux qui aiment la vari\u00e9t\u00e9 et tous ceux qui cherchent \u00e0 \u00e9conomiser sans avoir \u00e0 renoncer \u00e0 une bonne qualit\u00e9.<\/p>\n<p>Choisissez entre vos vari\u00e9t\u00e9s pr\u00e9f\u00e9r\u00e9es\u00a0: Sativa, Indica et hybrides.<\/p>\n","protected":false},"featured_media":15667,"comment_status":"open","ping_status":"closed","template":"","meta":{"wprm-recipe-roundup-name":"","wprm-recipe-roundup-description":""},"product_cat":[550,245,290,452,293,294,295],"product_tag":[],"class_list":{"0":"post-23890","1":"product","2":"type-product","3":"status-publish","4":"has-post-thumbnail","6":"product_cat-mix-match-fr","7":"product_cat-fleurs-cannabis","8":"product_cat-aaa","9":"product_cat-pot-gros","10":"product_cat-hybrid-fr","11":"product_cat-indica-fr","12":"product_cat-sativa-fr","14":"first","15":"instock","16":"sale","17":"shipping-taxable","18":"product-type-mix-and-match"},"yoast_head":"\n<title>Acheter la Construisez votre demi-livre AAA+ 8 x 1 oz en ligne Canada | BC Weed Edible<\/title>\n<meta name=\"robots\" content=\"index, follow, max-snippet:-1, max-image-preview:large, max-video-preview:-1\" \/>\n<link rel=\"canonical\" href=\"https:\/\/bcweededible.net\/fr\/buy\/gros\/pot-gros\/mix-match-aaa-demi-livre\/\" \/>\n<meta property=\"og:locale\" content=\"fr_FR\" \/>\n<meta property=\"og:type\" content=\"article\" \/>\n<meta property=\"og:title\" content=\"Acheter la Construisez votre demi-livre AAA+ 8 x 1 oz en ligne Canada | BC Weed Edible\" \/>\n<meta property=\"og:description\" content=\"Construisez votre demi-livre AAA+ chez BC Weed Edible, vous avez maintenant la possibilit\u00e9 de choisir 8 diff\u00e9rents produits de 28 grammes dans notre cat\u00e9gorie AAA+. Tous des grades entre AAA+ et AAAA. Cette offre Mix N Match est un pack \u00e9conomique qui est id\u00e9al pour les acheteurs ind\u00e9cis, ceux qui aiment la vari\u00e9t\u00e9 et tous ceux qui cherchent \u00e0 \u00e9conomiser sans avoir \u00e0 renoncer \u00e0 une bonne qualit\u00e9. Choisissez entre vos vari\u00e9t\u00e9s pr\u00e9f\u00e9r\u00e9es\u00a0: Sativa, Indica et hybrides.\" \/>\n<meta property=\"og:url\" content=\"https:\/\/bcweededible.net\/fr\/buy\/gros\/pot-gros\/mix-match-aaa-demi-livre\/\" \/>\n<meta property=\"og:site_name\" content=\"BC Weed Edible\" \/>\n<meta property=\"article:modified_time\" content=\"2024-02-25T02:26:29+00:00\" \/>\n<meta property=\"og:image\" content=\"https:\/\/bcweededible.net\/wp-content\/uploads\/2022\/05\/mixnmatch-halfpound-aaaplus-weed.jpg\" \/>\n\t<meta property=\"og:image:width\" content=\"600\" \/>\n\t<meta property=\"og:image:height\" content=\"600\" \/>\n\t<meta property=\"og:image:type\" content=\"image\/jpeg\" \/>\n<meta name=\"twitter:card\" content=\"summary_large_image\" \/>\n<script type=\"application\/ld+json\" class=\"yoast-schema-graph\">{\"@context\":\"https:\/\/schema.org\",\"@graph\":[{\"@type\":\"WebPage\",\"@id\":\"https:\/\/bcweededible.net\/fr\/buy\/gros\/pot-gros\/mix-match-aaa-demi-livre\/\",\"url\":\"https:\/\/bcweededible.net\/fr\/buy\/gros\/pot-gros\/mix-match-aaa-demi-livre\/\",\"name\":\"Acheter la Construisez votre demi-livre AAA+ 8 x 1 oz en ligne Canada | BC Weed Edible\",\"isPartOf\":{\"@id\":\"https:\/\/bcweededible.net\/fr\/#website\"},\"primaryImageOfPage\":{\"@id\":\"https:\/\/bcweededible.net\/fr\/buy\/gros\/pot-gros\/mix-match-aaa-demi-livre\/#primaryimage\"},\"image\":{\"@id\":\"https:\/\/bcweededible.net\/fr\/buy\/gros\/pot-gros\/mix-match-aaa-demi-livre\/#primaryimage\"},\"thumbnailUrl\":\"https:\/\/bcweededible.net\/wp-content\/uploads\/2022\/05\/mixnmatch-halfpound-aaaplus-weed.jpg\",\"datePublished\":\"2022-12-01T17:31:39+00:00\",\"dateModified\":\"2024-02-25T02:26:29+00:00\",\"breadcrumb\":{\"@id\":\"https:\/\/bcweededible.net\/fr\/buy\/gros\/pot-gros\/mix-match-aaa-demi-livre\/#breadcrumb\"},\"inLanguage\":\"fr-FR\",\"potentialAction\":[{\"@type\":\"ReadAction\",\"target\":[\"https:\/\/bcweededible.net\/fr\/buy\/gros\/pot-gros\/mix-match-aaa-demi-livre\/\"]}]},{\"@type\":\"ImageObject\",\"inLanguage\":\"fr-FR\",\"@id\":\"https:\/\/bcweededible.net\/fr\/buy\/gros\/pot-gros\/mix-match-aaa-demi-livre\/#primaryimage\",\"url\":\"https:\/\/bcweededible.net\/wp-content\/uploads\/2022\/05\/mixnmatch-halfpound-aaaplus-weed.jpg\",\"contentUrl\":\"https:\/\/bcweededible.net\/wp-content\/uploads\/2022\/05\/mixnmatch-halfpound-aaaplus-weed.jpg\",\"width\":600,\"height\":600,\"caption\":\"miz match half pound aaa flowers\"},{\"@type\":\"BreadcrumbList\",\"@id\":\"https:\/\/bcweededible.net\/fr\/buy\/gros\/pot-gros\/mix-match-aaa-demi-livre\/#breadcrumb\",\"itemListElement\":[{\"@type\":\"ListItem\",\"position\":1,\"name\":\"Jujubes au Pot Canada\",\"item\":\"https:\/\/bcweededible.net\/fr\/shop\/\"},{\"@type\":\"ListItem\",\"position\":2,\"name\":\"Construisez votre demi-livre AAA+ 8 x 1 oz\"}]},{\"@type\":\"WebSite\",\"@id\":\"https:\/\/bcweededible.net\/fr\/#website\",\"url\":\"https:\/\/bcweededible.net\/fr\/\",\"name\":\"BC Weed Edible\",\"description\":\"\",\"publisher\":{\"@id\":\"https:\/\/bcweededible.net\/fr\/#organization\"},\"potentialAction\":[{\"@type\":\"SearchAction\",\"target\":{\"@type\":\"EntryPoint\",\"urlTemplate\":\"https:\/\/bcweededible.net\/fr\/?s={search_term_string}\"},\"query-input\":{\"@type\":\"PropertyValueSpecification\",\"valueRequired\":true,\"valueName\":\"search_term_string\"}}],\"inLanguage\":\"fr-FR\"},{\"@type\":\"Organization\",\"@id\":\"https:\/\/bcweededible.net\/fr\/#organization\",\"name\":\"BC Weed Edible\",\"url\":\"https:\/\/bcweededible.net\/fr\/\",\"logo\":{\"@type\":\"ImageObject\",\"inLanguage\":\"fr-FR\",\"@id\":\"https:\/\/bcweededible.net\/fr\/#\/schema\/logo\/image\/\",\"url\":\"https:\/\/bcweededible.net\/wp-content\/uploads\/2021\/12\/bc-weed-edible-canada.png\",\"contentUrl\":\"https:\/\/bcweededible.net\/wp-content\/uploads\/2021\/12\/bc-weed-edible-canada.png\",\"width\":270,\"height\":185,\"caption\":\"BC Weed Edible\"},\"image\":{\"@id\":\"https:\/\/bcweededible.net\/fr\/#\/schema\/logo\/image\/\"}}]}<\/script>\n","yoast_head_json":{"title":"Acheter la Construisez votre demi-livre AAA+ 8 x 1 oz en ligne Canada | BC Weed Edible","robots":{"index":"index","follow":"follow","max-snippet":"max-snippet:-1","max-image-preview":"max-image-preview:large","max-video-preview":"max-video-preview:-1"},"canonical":"https:\/\/bcweededible.net\/fr\/buy\/gros\/pot-gros\/mix-match-aaa-demi-livre\/","og_locale":"fr_FR","og_type":"article","og_title":"Acheter la Construisez votre demi-livre AAA+ 8 x 1 oz en ligne Canada | BC Weed Edible","og_description":"Construisez votre demi-livre AAA+ chez BC Weed Edible, vous avez maintenant la possibilit\u00e9 de choisir 8 diff\u00e9rents produits de 28 grammes dans notre cat\u00e9gorie AAA+. Tous des grades entre AAA+ et AAAA. Cette offre Mix N Match est un pack \u00e9conomique qui est id\u00e9al pour les acheteurs ind\u00e9cis, ceux qui aiment la vari\u00e9t\u00e9 et tous ceux qui cherchent \u00e0 \u00e9conomiser sans avoir \u00e0 renoncer \u00e0 une bonne qualit\u00e9. Choisissez entre vos vari\u00e9t\u00e9s pr\u00e9f\u00e9r\u00e9es\u00a0: Sativa, Indica et hybrides.","og_url":"https:\/\/bcweededible.net\/fr\/buy\/gros\/pot-gros\/mix-match-aaa-demi-livre\/","og_site_name":"BC Weed Edible","article_modified_time":"2024-02-25T02:26:29+00:00","og_image":[{"width":600,"height":600,"url":"https:\/\/bcweededible.net\/wp-content\/uploads\/2022\/05\/mixnmatch-halfpound-aaaplus-weed.jpg","type":"image\/jpeg"}],"twitter_card":"summary_large_image","schema":{"@context":"https:\/\/schema.org","@graph":[{"@type":"WebPage","@id":"https:\/\/bcweededible.net\/fr\/buy\/gros\/pot-gros\/mix-match-aaa-demi-livre\/","url":"https:\/\/bcweededible.net\/fr\/buy\/gros\/pot-gros\/mix-match-aaa-demi-livre\/","name":"Acheter la Construisez votre demi-livre AAA+ 8 x 1 oz en ligne Canada | BC Weed Edible","isPartOf":{"@id":"https:\/\/bcweededible.net\/fr\/#website"},"primaryImageOfPage":{"@id":"https:\/\/bcweededible.net\/fr\/buy\/gros\/pot-gros\/mix-match-aaa-demi-livre\/#primaryimage"},"image":{"@id":"https:\/\/bcweededible.net\/fr\/buy\/gros\/pot-gros\/mix-match-aaa-demi-livre\/#primaryimage"},"thumbnailUrl":"https:\/\/bcweededible.net\/wp-content\/uploads\/2022\/05\/mixnmatch-halfpound-aaaplus-weed.jpg","datePublished":"2022-12-01T17:31:39+00:00","dateModified":"2024-02-25T02:26:29+00:00","breadcrumb":{"@id":"https:\/\/bcweededible.net\/fr\/buy\/gros\/pot-gros\/mix-match-aaa-demi-livre\/#breadcrumb"},"inLanguage":"fr-FR","potentialAction":[{"@type":"ReadAction","target":["https:\/\/bcweededible.net\/fr\/buy\/gros\/pot-gros\/mix-match-aaa-demi-livre\/"]}]},{"@type":"ImageObject","inLanguage":"fr-FR","@id":"https:\/\/bcweededible.net\/fr\/buy\/gros\/pot-gros\/mix-match-aaa-demi-livre\/#primaryimage","url":"https:\/\/bcweededible.net\/wp-content\/uploads\/2022\/05\/mixnmatch-halfpound-aaaplus-weed.jpg","contentUrl":"https:\/\/bcweededible.net\/wp-content\/uploads\/2022\/05\/mixnmatch-halfpound-aaaplus-weed.jpg","width":600,"height":600,"caption":"miz match half pound aaa flowers"},{"@type":"BreadcrumbList","@id":"https:\/\/bcweededible.net\/fr\/buy\/gros\/pot-gros\/mix-match-aaa-demi-livre\/#breadcrumb","itemListElement":[{"@type":"ListItem","position":1,"name":"Jujubes au Pot Canada","item":"https:\/\/bcweededible.net\/fr\/shop\/"},{"@type":"ListItem","position":2,"name":"Construisez votre demi-livre AAA+ 8 x 1 oz"}]},{"@type":"WebSite","@id":"https:\/\/bcweededible.net\/fr\/#website","url":"https:\/\/bcweededible.net\/fr\/","name":"BC Weed Edible","description":"","publisher":{"@id":"https:\/\/bcweededible.net\/fr\/#organization"},"potentialAction":[{"@type":"SearchAction","target":{"@type":"EntryPoint","urlTemplate":"https:\/\/bcweededible.net\/fr\/?s={search_term_string}"},"query-input":{"@type":"PropertyValueSpecification","valueRequired":true,"valueName":"search_term_string"}}],"inLanguage":"fr-FR"},{"@type":"Organization","@id":"https:\/\/bcweededible.net\/fr\/#organization","name":"BC Weed Edible","url":"https:\/\/bcweededible.net\/fr\/","logo":{"@type":"ImageObject","inLanguage":"fr-FR","@id":"https:\/\/bcweededible.net\/fr\/#\/schema\/logo\/image\/","url":"https:\/\/bcweededible.net\/wp-content\/uploads\/2021\/12\/bc-weed-edible-canada.png","contentUrl":"https:\/\/bcweededible.net\/wp-content\/uploads\/2021\/12\/bc-weed-edible-canada.png","width":270,"height":185,"caption":"BC Weed Edible"},"image":{"@id":"https:\/\/bcweededible.net\/fr\/#\/schema\/logo\/image\/"}}]}},"_links":{"self":[{"href":"https:\/\/bcweededible.net\/fr\/wp-json\/wp\/v2\/product\/23890","targetHints":{"allow":["GET"]}}],"collection":[{"href":"https:\/\/bcweededible.net\/fr\/wp-json\/wp\/v2\/product"}],"about":[{"href":"https:\/\/bcweededible.net\/fr\/wp-json\/wp\/v2\/types\/product"}],"replies":[{"embeddable":true,"href":"https:\/\/bcweededible.net\/fr\/wp-json\/wp\/v2\/comments?post=23890"}],"wp:featuredmedia":[{"embeddable":true,"href":"https:\/\/bcweededible.net\/fr\/wp-json\/wp\/v2\/media\/15667"}],"wp:attachment":[{"href":"https:\/\/bcweededible.net\/fr\/wp-json\/wp\/v2\/media?parent=23890"}],"wp:term":[{"taxonomy":"product_cat","embeddable":true,"href":"https:\/\/bcweededible.net\/fr\/wp-json\/wp\/v2\/product_cat?post=23890"},{"taxonomy":"product_tag","embeddable":true,"href":"https:\/\/bcweededible.net\/fr\/wp-json\/wp\/v2\/product_tag?post=23890"}],"curies":[{"name":"wp","href":"https:\/\/api.w.org\/{rel}","templated":true}]}}