{"id":23829,"date":"2022-08-12T16:50:22","date_gmt":"2022-08-12T23:50:22","guid":{"rendered":"https:\/\/bcweededible.net\/buy\/non%20class\u00e9\/cartouches-a-vaper-thc-1-gramme\/"},"modified":"2026-04-08T09:14:35","modified_gmt":"2026-04-08T16:14:35","slug":"cartouches-thc-vape","status":"publish","type":"product","link":"https:\/\/bcweededible.net\/fr\/buy\/marques\/eden-edibles-fr\/cartouches-thc-vape\/","title":{"rendered":"Cartouches THC pour Vape (1gr)"},"content":{"rendered":"<h2>\u00c0 propos des cartouches THC pour Vape<\/h2>\n<ul>\n<li>Puissance du distillat de THC : 90-95%.<\/li>\n<li>Cartouche CCELL (510)<\/li>\n<li>Cartouches de distillat de 1000mg<\/li>\n<li>Fabriqu\u00e9 en Colombie-Britannique<\/li>\n<\/ul>\n<p>Nous proposons \u00e9galement le <a href=\"https:\/\/bcweededible.net\/fr\/buy\/gros\/concentres-en-gros\/delta-9-distillat\/\"><strong>Distillat de THC Delta 9 <\/strong><\/a>si vous \u00eates int\u00e9ress\u00e9 par d&#8217;autres variantes de ce produit.<\/p>\n","protected":false},"excerpt":{"rendered":"<p><strong>Nos cartouches de THC<\/strong> sont fabriqu\u00e9es avec du <strong>distillat de premi\u00e8re qualit\u00e9 <\/strong>et <strong>5% de terp\u00e8nes naturels<\/strong> qui vous permettent d&#8217;obtenir l&#8217;effet d&#8217;entourage du cannabis. Vous avez le <strong>choix entre des <\/strong>cartouches de type <strong>Sativa ou Indica <\/strong>pour obtenir les effets que vous recherchez.<strong> Achetez plus et \u00e9conomisez jusqu&#8217;\u00e0 30% sur le prix de d\u00e9tail !<\/strong> Consultez le tableau des prix ci-dessous !<\/p>\n<p>Chaque lot de distillat est test\u00e9 en laboratoire pour garantir la qualit\u00e9 et la constance de chaque inhalation. Con\u00e7ue pour fournir le go\u00fbt le plus savoureux, chaque cartouche contient 1000 mg de THC, log\u00e9s dans une cartouche TH2 de 1,0 ml.<\/p>\n","protected":false},"featured_media":67062,"comment_status":"open","ping_status":"closed","template":"","meta":[],"product_brand":[],"product_cat":[803,664,637,549,305,306,287,288],"product_tag":[],"class_list":{"0":"post-23829","1":"product","2":"type-product","3":"status-publish","4":"has-post-thumbnail","6":"product_cat-cartouches-thc","7":"product_cat-eden-edibles-fr","8":"product_cat-jetable","9":"product_cat-promotions","10":"product_cat-concentres","11":"product_cat-distillat","12":"product_cat-vape","13":"product_cat-cartouches-distillat","15":"first","16":"instock","17":"sale","18":"shipping-taxable","19":"product-type-variable"},"yoast_head":"\n<title>Acheter des cartouches de distillat THC Canada | BC Weed Edible<\/title>\n<meta name=\"robots\" content=\"index, follow, max-snippet:-1, max-image-preview:large, max-video-preview:-1\" \/>\n<link rel=\"canonical\" href=\"https:\/\/bcweededible.net\/fr\/buy\/marques\/eden-edibles-fr\/cartouches-thc-vape\/\" \/>\n<meta property=\"og:locale\" content=\"fr_FR\" \/>\n<meta property=\"og:type\" content=\"article\" \/>\n<meta property=\"og:title\" content=\"Acheter des cartouches de distillat THC Canada | BC Weed Edible\" \/>\n<meta property=\"og:description\" content=\"Nos cartouches de THC sont fabriqu\u00e9es avec du distillat de premi\u00e8re qualit\u00e9 et 5% de terp\u00e8nes naturels qui vous permettent d&#039;obtenir l&#039;effet d&#039;entourage du cannabis. Vous avez le choix entre des cartouches de type Sativa ou Indica pour obtenir les effets que vous recherchez. Achetez plus et \u00e9conomisez jusqu&#039;\u00e0 30% sur le prix de d\u00e9tail ! Consultez le tableau des prix ci-dessous ! Chaque lot de distillat est test\u00e9 en laboratoire pour garantir la qualit\u00e9 et la constance de chaque inhalation. Con\u00e7ue pour fournir le go\u00fbt le plus savoureux, chaque cartouche contient 1000 mg de THC, log\u00e9s dans une cartouche TH2 de 1,0 ml.\" \/>\n<meta property=\"og:url\" content=\"https:\/\/bcweededible.net\/fr\/buy\/marques\/eden-edibles-fr\/cartouches-thc-vape\/\" \/>\n<meta property=\"og:site_name\" content=\"BC Weed Edible\" \/>\n<meta property=\"article:modified_time\" content=\"2026-04-08T16:14:35+00:00\" \/>\n<meta property=\"og:image\" content=\"https:\/\/bcweededible.net\/wp-content\/uploads\/2022\/08\/thc-vape-carts-canada.jpg\" \/>\n\t<meta property=\"og:image:width\" content=\"1080\" \/>\n\t<meta property=\"og:image:height\" content=\"1080\" \/>\n\t<meta property=\"og:image:type\" content=\"image\/jpeg\" \/>\n<meta name=\"twitter:card\" content=\"summary_large_image\" \/>\n<meta name=\"twitter:label1\" content=\"Dur\u00e9e de lecture estim\u00e9e\" \/>\n\t<meta name=\"twitter:data1\" content=\"1 minute\" \/>\n<script type=\"application\/ld+json\" class=\"yoast-schema-graph\">{\"@context\":\"https:\\\/\\\/schema.org\",\"@graph\":[{\"@type\":\"WebPage\",\"@id\":\"https:\\\/\\\/bcweededible.net\\\/fr\\\/buy\\\/marques\\\/eden-edibles-fr\\\/cartouches-thc-vape\\\/\",\"url\":\"https:\\\/\\\/bcweededible.net\\\/fr\\\/buy\\\/marques\\\/eden-edibles-fr\\\/cartouches-thc-vape\\\/\",\"name\":\"Acheter des cartouches de distillat THC Canada | BC Weed Edible\",\"isPartOf\":{\"@id\":\"https:\\\/\\\/bcweededible.net\\\/fr\\\/#website\"},\"primaryImageOfPage\":{\"@id\":\"https:\\\/\\\/bcweededible.net\\\/fr\\\/buy\\\/marques\\\/eden-edibles-fr\\\/cartouches-thc-vape\\\/#primaryimage\"},\"image\":{\"@id\":\"https:\\\/\\\/bcweededible.net\\\/fr\\\/buy\\\/marques\\\/eden-edibles-fr\\\/cartouches-thc-vape\\\/#primaryimage\"},\"thumbnailUrl\":\"https:\\\/\\\/bcweededible.net\\\/wp-content\\\/uploads\\\/2022\\\/08\\\/thc-vape-carts-canada.jpg\",\"datePublished\":\"2022-08-12T23:50:22+00:00\",\"dateModified\":\"2026-04-08T16:14:35+00:00\",\"breadcrumb\":{\"@id\":\"https:\\\/\\\/bcweededible.net\\\/fr\\\/buy\\\/marques\\\/eden-edibles-fr\\\/cartouches-thc-vape\\\/#breadcrumb\"},\"inLanguage\":\"fr-FR\",\"potentialAction\":[{\"@type\":\"ReadAction\",\"target\":[\"https:\\\/\\\/bcweededible.net\\\/fr\\\/buy\\\/marques\\\/eden-edibles-fr\\\/cartouches-thc-vape\\\/\"]}]},{\"@type\":\"ImageObject\",\"inLanguage\":\"fr-FR\",\"@id\":\"https:\\\/\\\/bcweededible.net\\\/fr\\\/buy\\\/marques\\\/eden-edibles-fr\\\/cartouches-thc-vape\\\/#primaryimage\",\"url\":\"https:\\\/\\\/bcweededible.net\\\/wp-content\\\/uploads\\\/2022\\\/08\\\/thc-vape-carts-canada.jpg\",\"contentUrl\":\"https:\\\/\\\/bcweededible.net\\\/wp-content\\\/uploads\\\/2022\\\/08\\\/thc-vape-carts-canada.jpg\",\"width\":1080,\"height\":1080},{\"@type\":\"BreadcrumbList\",\"@id\":\"https:\\\/\\\/bcweededible.net\\\/fr\\\/buy\\\/marques\\\/eden-edibles-fr\\\/cartouches-thc-vape\\\/#breadcrumb\",\"itemListElement\":[{\"@type\":\"ListItem\",\"position\":1,\"name\":\"Jujubes au Pot Canada\",\"item\":\"https:\\\/\\\/bcweededible.net\\\/fr\\\/shop\\\/\"},{\"@type\":\"ListItem\",\"position\":2,\"name\":\"Cartouches THC pour Vape (1gr)\"}]},{\"@type\":\"WebSite\",\"@id\":\"https:\\\/\\\/bcweededible.net\\\/fr\\\/#website\",\"url\":\"https:\\\/\\\/bcweededible.net\\\/fr\\\/\",\"name\":\"BC Weed Edible\",\"description\":\"\",\"publisher\":{\"@id\":\"https:\\\/\\\/bcweededible.net\\\/fr\\\/#organization\"},\"potentialAction\":[{\"@type\":\"SearchAction\",\"target\":{\"@type\":\"EntryPoint\",\"urlTemplate\":\"https:\\\/\\\/bcweededible.net\\\/fr\\\/?s={search_term_string}\"},\"query-input\":{\"@type\":\"PropertyValueSpecification\",\"valueRequired\":true,\"valueName\":\"search_term_string\"}}],\"inLanguage\":\"fr-FR\"},{\"@type\":\"Organization\",\"@id\":\"https:\\\/\\\/bcweededible.net\\\/fr\\\/#organization\",\"name\":\"BC Weed Edible\",\"url\":\"https:\\\/\\\/bcweededible.net\\\/fr\\\/\",\"logo\":{\"@type\":\"ImageObject\",\"inLanguage\":\"fr-FR\",\"@id\":\"https:\\\/\\\/bcweededible.net\\\/fr\\\/#\\\/schema\\\/logo\\\/image\\\/\",\"url\":\"https:\\\/\\\/bcweededible.net\\\/wp-content\\\/uploads\\\/2021\\\/12\\\/bc-weed-edible-canada.png\",\"contentUrl\":\"https:\\\/\\\/bcweededible.net\\\/wp-content\\\/uploads\\\/2021\\\/12\\\/bc-weed-edible-canada.png\",\"width\":270,\"height\":185,\"caption\":\"BC Weed Edible\"},\"image\":{\"@id\":\"https:\\\/\\\/bcweededible.net\\\/fr\\\/#\\\/schema\\\/logo\\\/image\\\/\"}}]}<\/script>\n","yoast_head_json":{"title":"Acheter des cartouches de distillat THC Canada | BC Weed Edible","robots":{"index":"index","follow":"follow","max-snippet":"max-snippet:-1","max-image-preview":"max-image-preview:large","max-video-preview":"max-video-preview:-1"},"canonical":"https:\/\/bcweededible.net\/fr\/buy\/marques\/eden-edibles-fr\/cartouches-thc-vape\/","og_locale":"fr_FR","og_type":"article","og_title":"Acheter des cartouches de distillat THC Canada | BC Weed Edible","og_description":"Nos cartouches de THC sont fabriqu\u00e9es avec du distillat de premi\u00e8re qualit\u00e9 et 5% de terp\u00e8nes naturels qui vous permettent d'obtenir l'effet d'entourage du cannabis. Vous avez le choix entre des cartouches de type Sativa ou Indica pour obtenir les effets que vous recherchez. Achetez plus et \u00e9conomisez jusqu'\u00e0 30% sur le prix de d\u00e9tail ! Consultez le tableau des prix ci-dessous ! Chaque lot de distillat est test\u00e9 en laboratoire pour garantir la qualit\u00e9 et la constance de chaque inhalation. Con\u00e7ue pour fournir le go\u00fbt le plus savoureux, chaque cartouche contient 1000 mg de THC, log\u00e9s dans une cartouche TH2 de 1,0 ml.","og_url":"https:\/\/bcweededible.net\/fr\/buy\/marques\/eden-edibles-fr\/cartouches-thc-vape\/","og_site_name":"BC Weed Edible","article_modified_time":"2026-04-08T16:14:35+00:00","og_image":[{"width":1080,"height":1080,"url":"https:\/\/bcweededible.net\/wp-content\/uploads\/2022\/08\/thc-vape-carts-canada.jpg","type":"image\/jpeg"}],"twitter_card":"summary_large_image","twitter_misc":{"Dur\u00e9e de lecture estim\u00e9e":"1 minute"},"schema":{"@context":"https:\/\/schema.org","@graph":[{"@type":"WebPage","@id":"https:\/\/bcweededible.net\/fr\/buy\/marques\/eden-edibles-fr\/cartouches-thc-vape\/","url":"https:\/\/bcweededible.net\/fr\/buy\/marques\/eden-edibles-fr\/cartouches-thc-vape\/","name":"Acheter des cartouches de distillat THC Canada | BC Weed Edible","isPartOf":{"@id":"https:\/\/bcweededible.net\/fr\/#website"},"primaryImageOfPage":{"@id":"https:\/\/bcweededible.net\/fr\/buy\/marques\/eden-edibles-fr\/cartouches-thc-vape\/#primaryimage"},"image":{"@id":"https:\/\/bcweededible.net\/fr\/buy\/marques\/eden-edibles-fr\/cartouches-thc-vape\/#primaryimage"},"thumbnailUrl":"https:\/\/bcweededible.net\/wp-content\/uploads\/2022\/08\/thc-vape-carts-canada.jpg","datePublished":"2022-08-12T23:50:22+00:00","dateModified":"2026-04-08T16:14:35+00:00","breadcrumb":{"@id":"https:\/\/bcweededible.net\/fr\/buy\/marques\/eden-edibles-fr\/cartouches-thc-vape\/#breadcrumb"},"inLanguage":"fr-FR","potentialAction":[{"@type":"ReadAction","target":["https:\/\/bcweededible.net\/fr\/buy\/marques\/eden-edibles-fr\/cartouches-thc-vape\/"]}]},{"@type":"ImageObject","inLanguage":"fr-FR","@id":"https:\/\/bcweededible.net\/fr\/buy\/marques\/eden-edibles-fr\/cartouches-thc-vape\/#primaryimage","url":"https:\/\/bcweededible.net\/wp-content\/uploads\/2022\/08\/thc-vape-carts-canada.jpg","contentUrl":"https:\/\/bcweededible.net\/wp-content\/uploads\/2022\/08\/thc-vape-carts-canada.jpg","width":1080,"height":1080},{"@type":"BreadcrumbList","@id":"https:\/\/bcweededible.net\/fr\/buy\/marques\/eden-edibles-fr\/cartouches-thc-vape\/#breadcrumb","itemListElement":[{"@type":"ListItem","position":1,"name":"Jujubes au Pot Canada","item":"https:\/\/bcweededible.net\/fr\/shop\/"},{"@type":"ListItem","position":2,"name":"Cartouches THC pour Vape (1gr)"}]},{"@type":"WebSite","@id":"https:\/\/bcweededible.net\/fr\/#website","url":"https:\/\/bcweededible.net\/fr\/","name":"BC Weed Edible","description":"","publisher":{"@id":"https:\/\/bcweededible.net\/fr\/#organization"},"potentialAction":[{"@type":"SearchAction","target":{"@type":"EntryPoint","urlTemplate":"https:\/\/bcweededible.net\/fr\/?s={search_term_string}"},"query-input":{"@type":"PropertyValueSpecification","valueRequired":true,"valueName":"search_term_string"}}],"inLanguage":"fr-FR"},{"@type":"Organization","@id":"https:\/\/bcweededible.net\/fr\/#organization","name":"BC Weed Edible","url":"https:\/\/bcweededible.net\/fr\/","logo":{"@type":"ImageObject","inLanguage":"fr-FR","@id":"https:\/\/bcweededible.net\/fr\/#\/schema\/logo\/image\/","url":"https:\/\/bcweededible.net\/wp-content\/uploads\/2021\/12\/bc-weed-edible-canada.png","contentUrl":"https:\/\/bcweededible.net\/wp-content\/uploads\/2021\/12\/bc-weed-edible-canada.png","width":270,"height":185,"caption":"BC Weed Edible"},"image":{"@id":"https:\/\/bcweededible.net\/fr\/#\/schema\/logo\/image\/"}}]}},"_links":{"self":[{"href":"https:\/\/bcweededible.net\/fr\/wp-json\/wp\/v2\/product\/23829","targetHints":{"allow":["GET"]}}],"collection":[{"href":"https:\/\/bcweededible.net\/fr\/wp-json\/wp\/v2\/product"}],"about":[{"href":"https:\/\/bcweededible.net\/fr\/wp-json\/wp\/v2\/types\/product"}],"replies":[{"embeddable":true,"href":"https:\/\/bcweededible.net\/fr\/wp-json\/wp\/v2\/comments?post=23829"}],"wp:featuredmedia":[{"embeddable":true,"href":"https:\/\/bcweededible.net\/fr\/wp-json\/wp\/v2\/media\/67062"}],"wp:attachment":[{"href":"https:\/\/bcweededible.net\/fr\/wp-json\/wp\/v2\/media?parent=23829"}],"wp:term":[{"taxonomy":"product_brand","embeddable":true,"href":"https:\/\/bcweededible.net\/fr\/wp-json\/wp\/v2\/product_brand?post=23829"},{"taxonomy":"product_cat","embeddable":true,"href":"https:\/\/bcweededible.net\/fr\/wp-json\/wp\/v2\/product_cat?post=23829"},{"taxonomy":"product_tag","embeddable":true,"href":"https:\/\/bcweededible.net\/fr\/wp-json\/wp\/v2\/product_tag?post=23829"}],"curies":[{"name":"wp","href":"https:\/\/api.w.org\/{rel}","templated":true}]}}