{"id":23730,"date":"2022-05-26T12:45:30","date_gmt":"2022-12-01T09:42:17","guid":{"rendered":"https:\/\/bcweededible.net\/buy\/non%20class\u00e9\/chocolats-thc-en-vrac\/"},"modified":"2025-02-05T12:28:56","modified_gmt":"2025-02-05T20:28:56","slug":"chocolats-thc-en-vrac","status":"publish","type":"product","link":"https:\/\/bcweededible.net\/fr\/buy\/marques\/eden-edibles-fr\/eden-en-vrac\/chocolats-thc-en-vrac\/","title":{"rendered":"Barres de Chocolats THC en vrac"},"content":{"rendered":"","protected":false},"excerpt":{"rendered":"<p>Nos <strong>barres de chocolats THC <\/strong>sont vegan et fabriqu\u00e9es \u00e0 \u00a0partir de distillat de THC de haute qualit\u00e9 et de chocolat noir v\u00e9n\u00e9zu\u00e9lien \u00e0 73 %. <strong>Chaque barre contient 240mg, 500mg ou 1200mg de THC<\/strong> contenant entre 10mg, 20mg, 30mg et 50mg de THC par carr\u00e9 de chocolat.<\/p>\n<p><strong>En achetant au moins 50 barres de chocolat,<\/strong>\u00a0 vous b\u00e9n\u00e9ficiez d&#8217;une r\u00e9duction de 50 % sur le prix de d\u00e9tail. Un excellent moyen d&#8217;\u00e9conomiser ou de gagner de l&#8217;argent suppl\u00e9mentaire pour vous !<\/p>\n<p><strong>Ingr\u00e9dients :<\/strong> chocolat 72%, beurre de cacao, THC distill\u00e9.<br \/>\n<strong>Conservation :<\/strong> 6 mois au r\u00e9frig\u00e9rateur, 2 mois \u00e0 temp\u00e9rature ambiante, \u00e0 conserver dans un endroit sec et sombre.<\/p>\n<p><strong>VEUILLEZ NOTER QUE LES PRODUITS PEUVENT FONDRE PENDANT LE TRANSPORT EN RAISON DES CONDITIONS M\u00c9T\u00c9OROLOGIQUES.<\/strong><\/p>\n","protected":false},"featured_media":87964,"comment_status":"open","ping_status":"closed","template":"","meta":{"wprm-recipe-roundup-name":"","wprm-recipe-roundup-description":""},"product_cat":[274,244,533,664,768,280],"product_tag":[],"class_list":{"0":"post-23730","1":"product","2":"type-product","3":"status-publish","4":"has-post-thumbnail","6":"product_cat-chocolat","7":"product_cat-comestibles","8":"product_cat-comestibles-en-gros","9":"product_cat-eden-edibles-fr","10":"product_cat-eden-en-vrac","11":"product_cat-vegan-fr","13":"first","14":"instock","15":"sale","16":"shipping-taxable","17":"purchasable","18":"product-type-mix-and-match"},"yoast_head":"\n<title>Acheter une Barres de Chocolats THC en vrac en ligne au Canada | Vente en gros de chocolats comestibles | BC Weed Edible<\/title>\n<meta name=\"robots\" content=\"index, follow, max-snippet:-1, max-image-preview:large, max-video-preview:-1\" \/>\n<link rel=\"canonical\" href=\"https:\/\/bcweededible.net\/fr\/buy\/marques\/eden-edibles-fr\/eden-en-vrac\/chocolats-thc-en-vrac\/\" \/>\n<meta property=\"og:locale\" content=\"fr_FR\" \/>\n<meta property=\"og:type\" content=\"article\" \/>\n<meta property=\"og:title\" content=\"Acheter une Barres de Chocolats THC en vrac en ligne au Canada | Vente en gros de chocolats comestibles | BC Weed Edible\" \/>\n<meta property=\"og:description\" content=\"Nos barres de chocolats THC sont vegan et fabriqu\u00e9es \u00e0 \u00a0partir de distillat de THC de haute qualit\u00e9 et de chocolat noir v\u00e9n\u00e9zu\u00e9lien \u00e0 73 %. Chaque barre contient 240mg, 500mg ou 1200mg de THC contenant entre 10mg, 20mg, 30mg et 50mg de THC par carr\u00e9 de chocolat. En achetant au moins 50 barres de chocolat,\u00a0 vous b\u00e9n\u00e9ficiez d&#039;une r\u00e9duction de 50 % sur le prix de d\u00e9tail. Un excellent moyen d&#039;\u00e9conomiser ou de gagner de l&#039;argent suppl\u00e9mentaire pour vous ! Ingr\u00e9dients : chocolat 72%, beurre de cacao, THC distill\u00e9. Conservation : 6 mois au r\u00e9frig\u00e9rateur, 2 mois \u00e0 temp\u00e9rature ambiante, \u00e0 conserver dans un endroit sec et sombre. VEUILLEZ NOTER QUE LES PRODUITS PEUVENT FONDRE PENDANT LE TRANSPORT EN RAISON DES CONDITIONS M\u00c9T\u00c9OROLOGIQUES.\" \/>\n<meta property=\"og:url\" content=\"https:\/\/bcweededible.net\/fr\/buy\/marques\/eden-edibles-fr\/eden-en-vrac\/chocolats-thc-en-vrac\/\" \/>\n<meta property=\"og:site_name\" content=\"BC Weed Edible\" \/>\n<meta property=\"article:modified_time\" content=\"2025-02-05T20:28:56+00:00\" \/>\n<meta property=\"og:image\" content=\"https:\/\/bcweededible.net\/wp-content\/uploads\/2022\/05\/Bulk-Chocolate-bars.jpg\" \/>\n\t<meta property=\"og:image:width\" content=\"1080\" \/>\n\t<meta property=\"og:image:height\" content=\"1080\" \/>\n\t<meta property=\"og:image:type\" content=\"image\/jpeg\" \/>\n<meta name=\"twitter:card\" content=\"summary_large_image\" \/>\n<script type=\"application\/ld+json\" class=\"yoast-schema-graph\">{\"@context\":\"https:\/\/schema.org\",\"@graph\":[{\"@type\":\"WebPage\",\"@id\":\"https:\/\/bcweededible.net\/fr\/buy\/marques\/eden-edibles-fr\/eden-en-vrac\/chocolats-thc-en-vrac\/\",\"url\":\"https:\/\/bcweededible.net\/fr\/buy\/marques\/eden-edibles-fr\/eden-en-vrac\/chocolats-thc-en-vrac\/\",\"name\":\"Acheter une Barres de Chocolats THC en vrac en ligne au Canada | Vente en gros de chocolats comestibles | BC Weed Edible\",\"isPartOf\":{\"@id\":\"https:\/\/bcweededible.net\/fr\/#website\"},\"primaryImageOfPage\":{\"@id\":\"https:\/\/bcweededible.net\/fr\/buy\/marques\/eden-edibles-fr\/eden-en-vrac\/chocolats-thc-en-vrac\/#primaryimage\"},\"image\":{\"@id\":\"https:\/\/bcweededible.net\/fr\/buy\/marques\/eden-edibles-fr\/eden-en-vrac\/chocolats-thc-en-vrac\/#primaryimage\"},\"thumbnailUrl\":\"https:\/\/bcweededible.net\/wp-content\/uploads\/2022\/05\/Bulk-Chocolate-bars.jpg\",\"datePublished\":\"2022-12-01T09:42:17+00:00\",\"dateModified\":\"2025-02-05T20:28:56+00:00\",\"breadcrumb\":{\"@id\":\"https:\/\/bcweededible.net\/fr\/buy\/marques\/eden-edibles-fr\/eden-en-vrac\/chocolats-thc-en-vrac\/#breadcrumb\"},\"inLanguage\":\"fr-FR\",\"potentialAction\":[{\"@type\":\"ReadAction\",\"target\":[\"https:\/\/bcweededible.net\/fr\/buy\/marques\/eden-edibles-fr\/eden-en-vrac\/chocolats-thc-en-vrac\/\"]}]},{\"@type\":\"ImageObject\",\"inLanguage\":\"fr-FR\",\"@id\":\"https:\/\/bcweededible.net\/fr\/buy\/marques\/eden-edibles-fr\/eden-en-vrac\/chocolats-thc-en-vrac\/#primaryimage\",\"url\":\"https:\/\/bcweededible.net\/wp-content\/uploads\/2022\/05\/Bulk-Chocolate-bars.jpg\",\"contentUrl\":\"https:\/\/bcweededible.net\/wp-content\/uploads\/2022\/05\/Bulk-Chocolate-bars.jpg\",\"width\":1080,\"height\":1080,\"caption\":\"bulk thc chocolate bars\"},{\"@type\":\"BreadcrumbList\",\"@id\":\"https:\/\/bcweededible.net\/fr\/buy\/marques\/eden-edibles-fr\/eden-en-vrac\/chocolats-thc-en-vrac\/#breadcrumb\",\"itemListElement\":[{\"@type\":\"ListItem\",\"position\":1,\"name\":\"Jujubes au Pot Canada\",\"item\":\"https:\/\/bcweededible.net\/fr\/shop\/\"},{\"@type\":\"ListItem\",\"position\":2,\"name\":\"Barres de Chocolats THC en vrac\"}]},{\"@type\":\"WebSite\",\"@id\":\"https:\/\/bcweededible.net\/fr\/#website\",\"url\":\"https:\/\/bcweededible.net\/fr\/\",\"name\":\"BC Weed Edible\",\"description\":\"\",\"publisher\":{\"@id\":\"https:\/\/bcweededible.net\/fr\/#organization\"},\"potentialAction\":[{\"@type\":\"SearchAction\",\"target\":{\"@type\":\"EntryPoint\",\"urlTemplate\":\"https:\/\/bcweededible.net\/fr\/?s={search_term_string}\"},\"query-input\":{\"@type\":\"PropertyValueSpecification\",\"valueRequired\":true,\"valueName\":\"search_term_string\"}}],\"inLanguage\":\"fr-FR\"},{\"@type\":\"Organization\",\"@id\":\"https:\/\/bcweededible.net\/fr\/#organization\",\"name\":\"BC Weed Edible\",\"url\":\"https:\/\/bcweededible.net\/fr\/\",\"logo\":{\"@type\":\"ImageObject\",\"inLanguage\":\"fr-FR\",\"@id\":\"https:\/\/bcweededible.net\/fr\/#\/schema\/logo\/image\/\",\"url\":\"https:\/\/bcweededible.net\/wp-content\/uploads\/2021\/12\/bc-weed-edible-canada.png\",\"contentUrl\":\"https:\/\/bcweededible.net\/wp-content\/uploads\/2021\/12\/bc-weed-edible-canada.png\",\"width\":270,\"height\":185,\"caption\":\"BC Weed Edible\"},\"image\":{\"@id\":\"https:\/\/bcweededible.net\/fr\/#\/schema\/logo\/image\/\"}}]}<\/script>\n","yoast_head_json":{"title":"Acheter une Barres de Chocolats THC en vrac en ligne au Canada | Vente en gros de chocolats comestibles | BC Weed Edible","robots":{"index":"index","follow":"follow","max-snippet":"max-snippet:-1","max-image-preview":"max-image-preview:large","max-video-preview":"max-video-preview:-1"},"canonical":"https:\/\/bcweededible.net\/fr\/buy\/marques\/eden-edibles-fr\/eden-en-vrac\/chocolats-thc-en-vrac\/","og_locale":"fr_FR","og_type":"article","og_title":"Acheter une Barres de Chocolats THC en vrac en ligne au Canada | Vente en gros de chocolats comestibles | BC Weed Edible","og_description":"Nos barres de chocolats THC sont vegan et fabriqu\u00e9es \u00e0 \u00a0partir de distillat de THC de haute qualit\u00e9 et de chocolat noir v\u00e9n\u00e9zu\u00e9lien \u00e0 73 %. Chaque barre contient 240mg, 500mg ou 1200mg de THC contenant entre 10mg, 20mg, 30mg et 50mg de THC par carr\u00e9 de chocolat. En achetant au moins 50 barres de chocolat,\u00a0 vous b\u00e9n\u00e9ficiez d'une r\u00e9duction de 50 % sur le prix de d\u00e9tail. Un excellent moyen d'\u00e9conomiser ou de gagner de l'argent suppl\u00e9mentaire pour vous ! Ingr\u00e9dients : chocolat 72%, beurre de cacao, THC distill\u00e9. Conservation : 6 mois au r\u00e9frig\u00e9rateur, 2 mois \u00e0 temp\u00e9rature ambiante, \u00e0 conserver dans un endroit sec et sombre. VEUILLEZ NOTER QUE LES PRODUITS PEUVENT FONDRE PENDANT LE TRANSPORT EN RAISON DES CONDITIONS M\u00c9T\u00c9OROLOGIQUES.","og_url":"https:\/\/bcweededible.net\/fr\/buy\/marques\/eden-edibles-fr\/eden-en-vrac\/chocolats-thc-en-vrac\/","og_site_name":"BC Weed Edible","article_modified_time":"2025-02-05T20:28:56+00:00","og_image":[{"width":1080,"height":1080,"url":"https:\/\/bcweededible.net\/wp-content\/uploads\/2022\/05\/Bulk-Chocolate-bars.jpg","type":"image\/jpeg"}],"twitter_card":"summary_large_image","schema":{"@context":"https:\/\/schema.org","@graph":[{"@type":"WebPage","@id":"https:\/\/bcweededible.net\/fr\/buy\/marques\/eden-edibles-fr\/eden-en-vrac\/chocolats-thc-en-vrac\/","url":"https:\/\/bcweededible.net\/fr\/buy\/marques\/eden-edibles-fr\/eden-en-vrac\/chocolats-thc-en-vrac\/","name":"Acheter une Barres de Chocolats THC en vrac en ligne au Canada | Vente en gros de chocolats comestibles | BC Weed Edible","isPartOf":{"@id":"https:\/\/bcweededible.net\/fr\/#website"},"primaryImageOfPage":{"@id":"https:\/\/bcweededible.net\/fr\/buy\/marques\/eden-edibles-fr\/eden-en-vrac\/chocolats-thc-en-vrac\/#primaryimage"},"image":{"@id":"https:\/\/bcweededible.net\/fr\/buy\/marques\/eden-edibles-fr\/eden-en-vrac\/chocolats-thc-en-vrac\/#primaryimage"},"thumbnailUrl":"https:\/\/bcweededible.net\/wp-content\/uploads\/2022\/05\/Bulk-Chocolate-bars.jpg","datePublished":"2022-12-01T09:42:17+00:00","dateModified":"2025-02-05T20:28:56+00:00","breadcrumb":{"@id":"https:\/\/bcweededible.net\/fr\/buy\/marques\/eden-edibles-fr\/eden-en-vrac\/chocolats-thc-en-vrac\/#breadcrumb"},"inLanguage":"fr-FR","potentialAction":[{"@type":"ReadAction","target":["https:\/\/bcweededible.net\/fr\/buy\/marques\/eden-edibles-fr\/eden-en-vrac\/chocolats-thc-en-vrac\/"]}]},{"@type":"ImageObject","inLanguage":"fr-FR","@id":"https:\/\/bcweededible.net\/fr\/buy\/marques\/eden-edibles-fr\/eden-en-vrac\/chocolats-thc-en-vrac\/#primaryimage","url":"https:\/\/bcweededible.net\/wp-content\/uploads\/2022\/05\/Bulk-Chocolate-bars.jpg","contentUrl":"https:\/\/bcweededible.net\/wp-content\/uploads\/2022\/05\/Bulk-Chocolate-bars.jpg","width":1080,"height":1080,"caption":"bulk thc chocolate bars"},{"@type":"BreadcrumbList","@id":"https:\/\/bcweededible.net\/fr\/buy\/marques\/eden-edibles-fr\/eden-en-vrac\/chocolats-thc-en-vrac\/#breadcrumb","itemListElement":[{"@type":"ListItem","position":1,"name":"Jujubes au Pot Canada","item":"https:\/\/bcweededible.net\/fr\/shop\/"},{"@type":"ListItem","position":2,"name":"Barres de Chocolats THC en vrac"}]},{"@type":"WebSite","@id":"https:\/\/bcweededible.net\/fr\/#website","url":"https:\/\/bcweededible.net\/fr\/","name":"BC Weed Edible","description":"","publisher":{"@id":"https:\/\/bcweededible.net\/fr\/#organization"},"potentialAction":[{"@type":"SearchAction","target":{"@type":"EntryPoint","urlTemplate":"https:\/\/bcweededible.net\/fr\/?s={search_term_string}"},"query-input":{"@type":"PropertyValueSpecification","valueRequired":true,"valueName":"search_term_string"}}],"inLanguage":"fr-FR"},{"@type":"Organization","@id":"https:\/\/bcweededible.net\/fr\/#organization","name":"BC Weed Edible","url":"https:\/\/bcweededible.net\/fr\/","logo":{"@type":"ImageObject","inLanguage":"fr-FR","@id":"https:\/\/bcweededible.net\/fr\/#\/schema\/logo\/image\/","url":"https:\/\/bcweededible.net\/wp-content\/uploads\/2021\/12\/bc-weed-edible-canada.png","contentUrl":"https:\/\/bcweededible.net\/wp-content\/uploads\/2021\/12\/bc-weed-edible-canada.png","width":270,"height":185,"caption":"BC Weed Edible"},"image":{"@id":"https:\/\/bcweededible.net\/fr\/#\/schema\/logo\/image\/"}}]}},"_links":{"self":[{"href":"https:\/\/bcweededible.net\/fr\/wp-json\/wp\/v2\/product\/23730","targetHints":{"allow":["GET"]}}],"collection":[{"href":"https:\/\/bcweededible.net\/fr\/wp-json\/wp\/v2\/product"}],"about":[{"href":"https:\/\/bcweededible.net\/fr\/wp-json\/wp\/v2\/types\/product"}],"replies":[{"embeddable":true,"href":"https:\/\/bcweededible.net\/fr\/wp-json\/wp\/v2\/comments?post=23730"}],"wp:featuredmedia":[{"embeddable":true,"href":"https:\/\/bcweededible.net\/fr\/wp-json\/wp\/v2\/media\/87964"}],"wp:attachment":[{"href":"https:\/\/bcweededible.net\/fr\/wp-json\/wp\/v2\/media?parent=23730"}],"wp:term":[{"taxonomy":"product_cat","embeddable":true,"href":"https:\/\/bcweededible.net\/fr\/wp-json\/wp\/v2\/product_cat?post=23730"},{"taxonomy":"product_tag","embeddable":true,"href":"https:\/\/bcweededible.net\/fr\/wp-json\/wp\/v2\/product_tag?post=23730"}],"curies":[{"name":"wp","href":"https:\/\/api.w.org\/{rel}","templated":true}]}}