{"id":23686,"date":"2022-06-03T16:45:45","date_gmt":"2022-12-01T09:42:11","guid":{"rendered":"https:\/\/bcweededible.net\/buy\/non%20class\u00e9\/mota-jujubes-medicamenteux-wigglers\/"},"modified":"2026-04-01T04:01:30","modified_gmt":"2026-04-01T11:01:30","slug":"mota-jujubes-medicamenteux-wigglers","status":"publish","type":"product","link":"https:\/\/bcweededible.net\/fr\/buy\/marques\/mota-gummies-fr\/mota-jujubes-medicamenteux-wigglers\/","title":{"rendered":"Jujubes MOTA &#8211; Wigglers"},"content":{"rendered":"","protected":false},"excerpt":{"rendered":"<p>Tu te souviens de ces vers en g\u00e9latine que tu adorais quand tu \u00e9tais enfant ? Eh bien, maintenant ils sont de retour &#8211; et m\u00e9dicament\u00e9s ! Ces Jujubes <strong>MOTA Wigglers <\/strong>\u00a0sont infus\u00e9s avec une dose pr\u00e9cis\u00e9ment mesur\u00e9e de THC pour ajouter une touche euphorique et relaxante. parfait pour ceux qui veulent se d\u00e9tendre et se relaxer apr\u00e8s une longue journ\u00e9e, ou pour ceux qui cherchent une fa\u00e7on amusante et d\u00e9licieuse de consommer leurs m\u00e9dicaments.<\/p>\n<p>Ces jujubes sont fabriqu\u00e9s avec un <strong>concentr\u00e9 de THC Sativa ou Indica de premi\u00e8re qualit\u00e9<\/strong> et contiennent 20 mg de CBD et 100 mg de THC. Cela \u00e9quivaut \u00e0 2 mg de CBD et 10 mg de THC par jujube ! Les Jujubes MOTA Wigglers vous apporterons le soulagement dont vous avez besoin.<\/p>\n<p><strong>Effets : <\/strong>Euphorie, relaxation, \u00e9nergie, cr\u00e9ativit\u00e9.<\/p>\n<p><strong>Ingr\u00e9dients :<\/strong> Sirop de glucose, sucre, pectine, g\u00e9latine, acide citrique, cannabis, ar\u00f4mes naturels et artificiels, cire de carnuba, citrate de sodium, acides gras et colorants artificiels.<\/p>\n<p><strong>Conservation :<\/strong> Les jujubes peuvent se ramollir lorsqu&#8217;ils sont expos\u00e9s \u00e0 des temp\u00e9ratures sup\u00e9rieures \u00e0 38 degr\u00e9s Celsius. <b>Conservez-les dans un endroit frais et sombre, \u00e0 l&#8217;abri de la lumi\u00e8re directe du soleil.<\/b><\/p>\n","protected":false},"featured_media":16283,"comment_status":"open","ping_status":"closed","template":"","meta":[],"product_brand":[],"product_cat":[244,276,555],"product_tag":[588],"class_list":{"0":"post-23686","1":"product","2":"type-product","3":"status-publish","4":"has-post-thumbnail","6":"product_cat-comestibles","7":"product_cat-jujubes","8":"product_cat-mota-gummies-fr","9":"product_tag-10mg-gummies","11":"first","12":"instock","13":"shipping-taxable","14":"product-type-variable"},"yoast_head":"\n<title>Acheter la Jujubes MOTA - Wigglers en ligne Canada | BC Weed Edible<\/title>\n<meta name=\"robots\" content=\"index, follow, max-snippet:-1, max-image-preview:large, max-video-preview:-1\" \/>\n<link rel=\"canonical\" href=\"https:\/\/bcweededible.net\/fr\/buy\/marques\/mota-gummies-fr\/mota-jujubes-medicamenteux-wigglers\/\" \/>\n<meta property=\"og:locale\" content=\"fr_FR\" \/>\n<meta property=\"og:type\" content=\"article\" \/>\n<meta property=\"og:title\" content=\"Acheter la Jujubes MOTA - Wigglers en ligne Canada | BC Weed Edible\" \/>\n<meta property=\"og:description\" content=\"Tu te souviens de ces vers en g\u00e9latine que tu adorais quand tu \u00e9tais enfant ? Eh bien, maintenant ils sont de retour - et m\u00e9dicament\u00e9s ! Ces Jujubes MOTA Wigglers \u00a0sont infus\u00e9s avec une dose pr\u00e9cis\u00e9ment mesur\u00e9e de THC pour ajouter une touche euphorique et relaxante. parfait pour ceux qui veulent se d\u00e9tendre et se relaxer apr\u00e8s une longue journ\u00e9e, ou pour ceux qui cherchent une fa\u00e7on amusante et d\u00e9licieuse de consommer leurs m\u00e9dicaments. Ces jujubes sont fabriqu\u00e9s avec un concentr\u00e9 de THC Sativa ou Indica de premi\u00e8re qualit\u00e9 et contiennent 20 mg de CBD et 100 mg de THC. Cela \u00e9quivaut \u00e0 2 mg de CBD et 10 mg de THC par jujube ! Les Jujubes MOTA Wigglers vous apporterons le soulagement dont vous avez besoin. Effets : Euphorie, relaxation, \u00e9nergie, cr\u00e9ativit\u00e9. Ingr\u00e9dients : Sirop de glucose, sucre, pectine, g\u00e9latine, acide citrique, cannabis, ar\u00f4mes naturels et artificiels, cire de carnuba, citrate de sodium, acides gras et colorants artificiels. Conservation : Les jujubes peuvent se ramollir lorsqu&#039;ils sont expos\u00e9s \u00e0 des temp\u00e9ratures sup\u00e9rieures \u00e0 38 degr\u00e9s Celsius. Conservez-les dans un endroit frais et sombre, \u00e0 l&#039;abri de la lumi\u00e8re directe du soleil.\" \/>\n<meta property=\"og:url\" content=\"https:\/\/bcweededible.net\/fr\/buy\/marques\/mota-gummies-fr\/mota-jujubes-medicamenteux-wigglers\/\" \/>\n<meta property=\"og:site_name\" content=\"BC Weed Edible\" \/>\n<meta property=\"article:modified_time\" content=\"2026-04-01T11:01:30+00:00\" \/>\n<meta property=\"og:image\" content=\"https:\/\/bcweededible.net\/wp-content\/uploads\/2022\/06\/mota-medicated-gummies-wigglers-1.jpeg\" \/>\n\t<meta property=\"og:image:width\" content=\"1024\" \/>\n\t<meta property=\"og:image:height\" content=\"1024\" \/>\n\t<meta property=\"og:image:type\" content=\"image\/jpeg\" \/>\n<meta name=\"twitter:card\" content=\"summary_large_image\" \/>\n<script type=\"application\/ld+json\" class=\"yoast-schema-graph\">{\"@context\":\"https:\\\/\\\/schema.org\",\"@graph\":[{\"@type\":\"WebPage\",\"@id\":\"https:\\\/\\\/bcweededible.net\\\/fr\\\/buy\\\/marques\\\/mota-gummies-fr\\\/mota-jujubes-medicamenteux-wigglers\\\/\",\"url\":\"https:\\\/\\\/bcweededible.net\\\/fr\\\/buy\\\/marques\\\/mota-gummies-fr\\\/mota-jujubes-medicamenteux-wigglers\\\/\",\"name\":\"Acheter la Jujubes MOTA - Wigglers en ligne Canada | BC Weed Edible\",\"isPartOf\":{\"@id\":\"https:\\\/\\\/bcweededible.net\\\/fr\\\/#website\"},\"primaryImageOfPage\":{\"@id\":\"https:\\\/\\\/bcweededible.net\\\/fr\\\/buy\\\/marques\\\/mota-gummies-fr\\\/mota-jujubes-medicamenteux-wigglers\\\/#primaryimage\"},\"image\":{\"@id\":\"https:\\\/\\\/bcweededible.net\\\/fr\\\/buy\\\/marques\\\/mota-gummies-fr\\\/mota-jujubes-medicamenteux-wigglers\\\/#primaryimage\"},\"thumbnailUrl\":\"https:\\\/\\\/bcweededible.net\\\/wp-content\\\/uploads\\\/2022\\\/06\\\/mota-medicated-gummies-wigglers-1.jpeg\",\"datePublished\":\"2022-12-01T09:42:11+00:00\",\"dateModified\":\"2026-04-01T11:01:30+00:00\",\"breadcrumb\":{\"@id\":\"https:\\\/\\\/bcweededible.net\\\/fr\\\/buy\\\/marques\\\/mota-gummies-fr\\\/mota-jujubes-medicamenteux-wigglers\\\/#breadcrumb\"},\"inLanguage\":\"fr-FR\",\"potentialAction\":[{\"@type\":\"ReadAction\",\"target\":[\"https:\\\/\\\/bcweededible.net\\\/fr\\\/buy\\\/marques\\\/mota-gummies-fr\\\/mota-jujubes-medicamenteux-wigglers\\\/\"]}]},{\"@type\":\"ImageObject\",\"inLanguage\":\"fr-FR\",\"@id\":\"https:\\\/\\\/bcweededible.net\\\/fr\\\/buy\\\/marques\\\/mota-gummies-fr\\\/mota-jujubes-medicamenteux-wigglers\\\/#primaryimage\",\"url\":\"https:\\\/\\\/bcweededible.net\\\/wp-content\\\/uploads\\\/2022\\\/06\\\/mota-medicated-gummies-wigglers-1.jpeg\",\"contentUrl\":\"https:\\\/\\\/bcweededible.net\\\/wp-content\\\/uploads\\\/2022\\\/06\\\/mota-medicated-gummies-wigglers-1.jpeg\",\"width\":1024,\"height\":1024,\"caption\":\"mota medicated gummies wigglers\"},{\"@type\":\"BreadcrumbList\",\"@id\":\"https:\\\/\\\/bcweededible.net\\\/fr\\\/buy\\\/marques\\\/mota-gummies-fr\\\/mota-jujubes-medicamenteux-wigglers\\\/#breadcrumb\",\"itemListElement\":[{\"@type\":\"ListItem\",\"position\":1,\"name\":\"Jujubes au Pot Canada\",\"item\":\"https:\\\/\\\/bcweededible.net\\\/fr\\\/shop\\\/\"},{\"@type\":\"ListItem\",\"position\":2,\"name\":\"Jujubes MOTA &#8211; Wigglers\"}]},{\"@type\":\"WebSite\",\"@id\":\"https:\\\/\\\/bcweededible.net\\\/fr\\\/#website\",\"url\":\"https:\\\/\\\/bcweededible.net\\\/fr\\\/\",\"name\":\"BC Weed Edible\",\"description\":\"\",\"publisher\":{\"@id\":\"https:\\\/\\\/bcweededible.net\\\/fr\\\/#organization\"},\"potentialAction\":[{\"@type\":\"SearchAction\",\"target\":{\"@type\":\"EntryPoint\",\"urlTemplate\":\"https:\\\/\\\/bcweededible.net\\\/fr\\\/?s={search_term_string}\"},\"query-input\":{\"@type\":\"PropertyValueSpecification\",\"valueRequired\":true,\"valueName\":\"search_term_string\"}}],\"inLanguage\":\"fr-FR\"},{\"@type\":\"Organization\",\"@id\":\"https:\\\/\\\/bcweededible.net\\\/fr\\\/#organization\",\"name\":\"BC Weed Edible\",\"url\":\"https:\\\/\\\/bcweededible.net\\\/fr\\\/\",\"logo\":{\"@type\":\"ImageObject\",\"inLanguage\":\"fr-FR\",\"@id\":\"https:\\\/\\\/bcweededible.net\\\/fr\\\/#\\\/schema\\\/logo\\\/image\\\/\",\"url\":\"https:\\\/\\\/bcweededible.net\\\/wp-content\\\/uploads\\\/2021\\\/12\\\/bc-weed-edible-canada.png\",\"contentUrl\":\"https:\\\/\\\/bcweededible.net\\\/wp-content\\\/uploads\\\/2021\\\/12\\\/bc-weed-edible-canada.png\",\"width\":270,\"height\":185,\"caption\":\"BC Weed Edible\"},\"image\":{\"@id\":\"https:\\\/\\\/bcweededible.net\\\/fr\\\/#\\\/schema\\\/logo\\\/image\\\/\"}}]}<\/script>\n","yoast_head_json":{"title":"Acheter la Jujubes MOTA - Wigglers en ligne Canada | BC Weed Edible","robots":{"index":"index","follow":"follow","max-snippet":"max-snippet:-1","max-image-preview":"max-image-preview:large","max-video-preview":"max-video-preview:-1"},"canonical":"https:\/\/bcweededible.net\/fr\/buy\/marques\/mota-gummies-fr\/mota-jujubes-medicamenteux-wigglers\/","og_locale":"fr_FR","og_type":"article","og_title":"Acheter la Jujubes MOTA - Wigglers en ligne Canada | BC Weed Edible","og_description":"Tu te souviens de ces vers en g\u00e9latine que tu adorais quand tu \u00e9tais enfant ? Eh bien, maintenant ils sont de retour - et m\u00e9dicament\u00e9s ! Ces Jujubes MOTA Wigglers \u00a0sont infus\u00e9s avec une dose pr\u00e9cis\u00e9ment mesur\u00e9e de THC pour ajouter une touche euphorique et relaxante. parfait pour ceux qui veulent se d\u00e9tendre et se relaxer apr\u00e8s une longue journ\u00e9e, ou pour ceux qui cherchent une fa\u00e7on amusante et d\u00e9licieuse de consommer leurs m\u00e9dicaments. Ces jujubes sont fabriqu\u00e9s avec un concentr\u00e9 de THC Sativa ou Indica de premi\u00e8re qualit\u00e9 et contiennent 20 mg de CBD et 100 mg de THC. Cela \u00e9quivaut \u00e0 2 mg de CBD et 10 mg de THC par jujube ! Les Jujubes MOTA Wigglers vous apporterons le soulagement dont vous avez besoin. Effets : Euphorie, relaxation, \u00e9nergie, cr\u00e9ativit\u00e9. Ingr\u00e9dients : Sirop de glucose, sucre, pectine, g\u00e9latine, acide citrique, cannabis, ar\u00f4mes naturels et artificiels, cire de carnuba, citrate de sodium, acides gras et colorants artificiels. Conservation : Les jujubes peuvent se ramollir lorsqu'ils sont expos\u00e9s \u00e0 des temp\u00e9ratures sup\u00e9rieures \u00e0 38 degr\u00e9s Celsius. Conservez-les dans un endroit frais et sombre, \u00e0 l'abri de la lumi\u00e8re directe du soleil.","og_url":"https:\/\/bcweededible.net\/fr\/buy\/marques\/mota-gummies-fr\/mota-jujubes-medicamenteux-wigglers\/","og_site_name":"BC Weed Edible","article_modified_time":"2026-04-01T11:01:30+00:00","og_image":[{"width":1024,"height":1024,"url":"https:\/\/bcweededible.net\/wp-content\/uploads\/2022\/06\/mota-medicated-gummies-wigglers-1.jpeg","type":"image\/jpeg"}],"twitter_card":"summary_large_image","schema":{"@context":"https:\/\/schema.org","@graph":[{"@type":"WebPage","@id":"https:\/\/bcweededible.net\/fr\/buy\/marques\/mota-gummies-fr\/mota-jujubes-medicamenteux-wigglers\/","url":"https:\/\/bcweededible.net\/fr\/buy\/marques\/mota-gummies-fr\/mota-jujubes-medicamenteux-wigglers\/","name":"Acheter la Jujubes MOTA - Wigglers en ligne Canada | BC Weed Edible","isPartOf":{"@id":"https:\/\/bcweededible.net\/fr\/#website"},"primaryImageOfPage":{"@id":"https:\/\/bcweededible.net\/fr\/buy\/marques\/mota-gummies-fr\/mota-jujubes-medicamenteux-wigglers\/#primaryimage"},"image":{"@id":"https:\/\/bcweededible.net\/fr\/buy\/marques\/mota-gummies-fr\/mota-jujubes-medicamenteux-wigglers\/#primaryimage"},"thumbnailUrl":"https:\/\/bcweededible.net\/wp-content\/uploads\/2022\/06\/mota-medicated-gummies-wigglers-1.jpeg","datePublished":"2022-12-01T09:42:11+00:00","dateModified":"2026-04-01T11:01:30+00:00","breadcrumb":{"@id":"https:\/\/bcweededible.net\/fr\/buy\/marques\/mota-gummies-fr\/mota-jujubes-medicamenteux-wigglers\/#breadcrumb"},"inLanguage":"fr-FR","potentialAction":[{"@type":"ReadAction","target":["https:\/\/bcweededible.net\/fr\/buy\/marques\/mota-gummies-fr\/mota-jujubes-medicamenteux-wigglers\/"]}]},{"@type":"ImageObject","inLanguage":"fr-FR","@id":"https:\/\/bcweededible.net\/fr\/buy\/marques\/mota-gummies-fr\/mota-jujubes-medicamenteux-wigglers\/#primaryimage","url":"https:\/\/bcweededible.net\/wp-content\/uploads\/2022\/06\/mota-medicated-gummies-wigglers-1.jpeg","contentUrl":"https:\/\/bcweededible.net\/wp-content\/uploads\/2022\/06\/mota-medicated-gummies-wigglers-1.jpeg","width":1024,"height":1024,"caption":"mota medicated gummies wigglers"},{"@type":"BreadcrumbList","@id":"https:\/\/bcweededible.net\/fr\/buy\/marques\/mota-gummies-fr\/mota-jujubes-medicamenteux-wigglers\/#breadcrumb","itemListElement":[{"@type":"ListItem","position":1,"name":"Jujubes au Pot Canada","item":"https:\/\/bcweededible.net\/fr\/shop\/"},{"@type":"ListItem","position":2,"name":"Jujubes MOTA &#8211; Wigglers"}]},{"@type":"WebSite","@id":"https:\/\/bcweededible.net\/fr\/#website","url":"https:\/\/bcweededible.net\/fr\/","name":"BC Weed Edible","description":"","publisher":{"@id":"https:\/\/bcweededible.net\/fr\/#organization"},"potentialAction":[{"@type":"SearchAction","target":{"@type":"EntryPoint","urlTemplate":"https:\/\/bcweededible.net\/fr\/?s={search_term_string}"},"query-input":{"@type":"PropertyValueSpecification","valueRequired":true,"valueName":"search_term_string"}}],"inLanguage":"fr-FR"},{"@type":"Organization","@id":"https:\/\/bcweededible.net\/fr\/#organization","name":"BC Weed Edible","url":"https:\/\/bcweededible.net\/fr\/","logo":{"@type":"ImageObject","inLanguage":"fr-FR","@id":"https:\/\/bcweededible.net\/fr\/#\/schema\/logo\/image\/","url":"https:\/\/bcweededible.net\/wp-content\/uploads\/2021\/12\/bc-weed-edible-canada.png","contentUrl":"https:\/\/bcweededible.net\/wp-content\/uploads\/2021\/12\/bc-weed-edible-canada.png","width":270,"height":185,"caption":"BC Weed Edible"},"image":{"@id":"https:\/\/bcweededible.net\/fr\/#\/schema\/logo\/image\/"}}]}},"_links":{"self":[{"href":"https:\/\/bcweededible.net\/fr\/wp-json\/wp\/v2\/product\/23686","targetHints":{"allow":["GET"]}}],"collection":[{"href":"https:\/\/bcweededible.net\/fr\/wp-json\/wp\/v2\/product"}],"about":[{"href":"https:\/\/bcweededible.net\/fr\/wp-json\/wp\/v2\/types\/product"}],"replies":[{"embeddable":true,"href":"https:\/\/bcweededible.net\/fr\/wp-json\/wp\/v2\/comments?post=23686"}],"wp:featuredmedia":[{"embeddable":true,"href":"https:\/\/bcweededible.net\/fr\/wp-json\/wp\/v2\/media\/16283"}],"wp:attachment":[{"href":"https:\/\/bcweededible.net\/fr\/wp-json\/wp\/v2\/media?parent=23686"}],"wp:term":[{"taxonomy":"product_brand","embeddable":true,"href":"https:\/\/bcweededible.net\/fr\/wp-json\/wp\/v2\/product_brand?post=23686"},{"taxonomy":"product_cat","embeddable":true,"href":"https:\/\/bcweededible.net\/fr\/wp-json\/wp\/v2\/product_cat?post=23686"},{"taxonomy":"product_tag","embeddable":true,"href":"https:\/\/bcweededible.net\/fr\/wp-json\/wp\/v2\/product_tag?post=23686"}],"curies":[{"name":"wp","href":"https:\/\/api.w.org\/{rel}","templated":true}]}}