{"id":23671,"date":"2022-11-07T15:04:23","date_gmt":"2022-12-01T09:42:05","guid":{"rendered":"https:\/\/bcweededible.net\/buy\/non%20class\u00e9\/hash-2-ounce-mix-match\/"},"modified":"2026-03-18T17:33:20","modified_gmt":"2026-03-19T00:33:20","slug":"hash-2-ounce","status":"publish","type":"product","link":"https:\/\/bcweededible.net\/fr\/buy\/concentres\/hasch\/hash-2-ounce\/","title":{"rendered":"2 onces de Hash Mix &#038; Match"},"content":{"rendered":"<h2>Informations sur le hash BC Weed Edible<\/h2>\n<table>\n<tbody>\n<tr>\n<td class=\"has-text-align-center\" style=\"text-align: left;\" data-align=\"center\"><strong>Types<\/strong><\/td>\n<td class=\"has-text-align-center\" style=\"text-align: left;\" data-align=\"center\">Caramelo, Afghan, Licorne, Libanais rouge&#8230;<\/td>\n<\/tr>\n<tr>\n<td class=\"has-text-align-center\" data-align=\"center\"><strong>Teneur en THC<\/strong><\/td>\n<td class=\"has-text-align-center\" data-align=\"center\">40%+<\/td>\n<\/tr>\n<tr>\n<td class=\"has-text-align-center\" data-align=\"center\"><strong>Consistance<\/strong><\/td>\n<td class=\"has-text-align-center\" data-align=\"center\">Souple et mall\u00e9able<\/td>\n<\/tr>\n<tr>\n<td class=\"has-text-align-center\" style=\"text-align: left;\" data-align=\"center\"><strong>Grade<\/strong><\/td>\n<td class=\"has-text-align-center\" style=\"text-align: left;\" data-align=\"center\">AAAA+<\/td>\n<\/tr>\n<tr>\n<td class=\"has-text-align-center\" style=\"text-align: left;\" data-align=\"center\"><strong>Couleur<\/strong><\/td>\n<td class=\"has-text-align-center\" style=\"text-align: left;\" data-align=\"center\">de brun clair \u00e0 brun fonc\u00e9 presque noir<\/td>\n<\/tr>\n<tr>\n<td class=\"has-text-align-center\" style=\"text-align: left;\" data-align=\"center\"><strong>Effets<\/strong><\/td>\n<td class=\"has-text-align-center\" style=\"text-align: left;\" data-align=\"center\">Heureux, \u00c9nergique, D\u00e9tendu, Cr\u00e9atif, Euphorique<\/td>\n<\/tr>\n<tr>\n<td class=\"has-text-align-center\" style=\"text-align: left;\" data-align=\"center\"><strong>Profil des terp\u00e8nes<\/strong><\/td>\n<td class=\"has-text-align-center\" style=\"text-align: left;\" data-align=\"center\">\u00c9pic\u00e9, terreux, poivr\u00e9, de pin<\/td>\n<\/tr>\n<\/tbody>\n<\/table>\n","protected":false},"excerpt":{"rendered":"<p><b>S\u00e9lectionnez 4 produits (14 grammes) de hash parmi les options ci-dessous !<\/b><\/p>\n","protected":false},"featured_media":21937,"comment_status":"open","ping_status":"closed","template":"","meta":{"wprm-recipe-roundup-name":"","wprm-recipe-roundup-description":""},"product_cat":[305,558,628],"product_tag":[],"class_list":{"0":"post-23671","1":"product","2":"type-product","3":"status-publish","4":"has-post-thumbnail","6":"product_cat-concentres","7":"product_cat-gros","8":"product_cat-hasch","10":"first","11":"instock","12":"sale","13":"shipping-taxable","14":"purchasable","15":"product-type-mix-and-match"},"yoast_head":"\n<title>Acheter 2 onces de Hash Mix &amp; Match Canada | BC Weed Edible<\/title>\n<meta name=\"robots\" content=\"index, follow, max-snippet:-1, max-image-preview:large, max-video-preview:-1\" \/>\n<link rel=\"canonical\" href=\"https:\/\/bcweededible.net\/fr\/buy\/concentres\/hasch\/hash-2-ounce\/\" \/>\n<meta property=\"og:locale\" content=\"fr_FR\" \/>\n<meta property=\"og:type\" content=\"article\" \/>\n<meta property=\"og:title\" content=\"Acheter 2 onces de Hash Mix &amp; Match Canada | BC Weed Edible\" \/>\n<meta property=\"og:description\" content=\"S\u00e9lectionnez 4 produits (14 grammes) de hash parmi les options ci-dessous !\" \/>\n<meta property=\"og:url\" content=\"https:\/\/bcweededible.net\/fr\/buy\/concentres\/hasch\/hash-2-ounce\/\" \/>\n<meta property=\"og:site_name\" content=\"BC Weed Edible\" \/>\n<meta property=\"article:modified_time\" content=\"2026-03-19T00:33:20+00:00\" \/>\n<meta property=\"og:image\" content=\"https:\/\/bcweededible.net\/wp-content\/uploads\/2022\/11\/hash-two-ounce-bcwe.jpg\" \/>\n\t<meta property=\"og:image:width\" content=\"720\" \/>\n\t<meta property=\"og:image:height\" content=\"720\" \/>\n\t<meta property=\"og:image:type\" content=\"image\/jpeg\" \/>\n<meta name=\"twitter:card\" content=\"summary_large_image\" \/>\n<meta name=\"twitter:label1\" content=\"Dur\u00e9e de lecture estim\u00e9e\" \/>\n\t<meta name=\"twitter:data1\" content=\"1 minute\" \/>\n<script type=\"application\/ld+json\" class=\"yoast-schema-graph\">{\"@context\":\"https:\/\/schema.org\",\"@graph\":[{\"@type\":\"WebPage\",\"@id\":\"https:\/\/bcweededible.net\/fr\/buy\/concentres\/hasch\/hash-2-ounce\/\",\"url\":\"https:\/\/bcweededible.net\/fr\/buy\/concentres\/hasch\/hash-2-ounce\/\",\"name\":\"Acheter 2 onces de Hash Mix & Match Canada | BC Weed Edible\",\"isPartOf\":{\"@id\":\"https:\/\/bcweededible.net\/fr\/#website\"},\"primaryImageOfPage\":{\"@id\":\"https:\/\/bcweededible.net\/fr\/buy\/concentres\/hasch\/hash-2-ounce\/#primaryimage\"},\"image\":{\"@id\":\"https:\/\/bcweededible.net\/fr\/buy\/concentres\/hasch\/hash-2-ounce\/#primaryimage\"},\"thumbnailUrl\":\"https:\/\/bcweededible.net\/wp-content\/uploads\/2022\/11\/hash-two-ounce-bcwe.jpg\",\"datePublished\":\"2022-12-01T09:42:05+00:00\",\"dateModified\":\"2026-03-19T00:33:20+00:00\",\"breadcrumb\":{\"@id\":\"https:\/\/bcweededible.net\/fr\/buy\/concentres\/hasch\/hash-2-ounce\/#breadcrumb\"},\"inLanguage\":\"fr-FR\",\"potentialAction\":[{\"@type\":\"ReadAction\",\"target\":[\"https:\/\/bcweededible.net\/fr\/buy\/concentres\/hasch\/hash-2-ounce\/\"]}]},{\"@type\":\"ImageObject\",\"inLanguage\":\"fr-FR\",\"@id\":\"https:\/\/bcweededible.net\/fr\/buy\/concentres\/hasch\/hash-2-ounce\/#primaryimage\",\"url\":\"https:\/\/bcweededible.net\/wp-content\/uploads\/2022\/11\/hash-two-ounce-bcwe.jpg\",\"contentUrl\":\"https:\/\/bcweededible.net\/wp-content\/uploads\/2022\/11\/hash-two-ounce-bcwe.jpg\",\"width\":720,\"height\":720,\"caption\":\"hash two ounce\"},{\"@type\":\"BreadcrumbList\",\"@id\":\"https:\/\/bcweededible.net\/fr\/buy\/concentres\/hasch\/hash-2-ounce\/#breadcrumb\",\"itemListElement\":[{\"@type\":\"ListItem\",\"position\":1,\"name\":\"Jujubes au Pot Canada\",\"item\":\"https:\/\/bcweededible.net\/fr\/shop\/\"},{\"@type\":\"ListItem\",\"position\":2,\"name\":\"2 onces de Hash Mix &#038; Match\"}]},{\"@type\":\"WebSite\",\"@id\":\"https:\/\/bcweededible.net\/fr\/#website\",\"url\":\"https:\/\/bcweededible.net\/fr\/\",\"name\":\"BC Weed Edible\",\"description\":\"\",\"publisher\":{\"@id\":\"https:\/\/bcweededible.net\/fr\/#organization\"},\"potentialAction\":[{\"@type\":\"SearchAction\",\"target\":{\"@type\":\"EntryPoint\",\"urlTemplate\":\"https:\/\/bcweededible.net\/fr\/?s={search_term_string}\"},\"query-input\":{\"@type\":\"PropertyValueSpecification\",\"valueRequired\":true,\"valueName\":\"search_term_string\"}}],\"inLanguage\":\"fr-FR\"},{\"@type\":\"Organization\",\"@id\":\"https:\/\/bcweededible.net\/fr\/#organization\",\"name\":\"BC Weed Edible\",\"url\":\"https:\/\/bcweededible.net\/fr\/\",\"logo\":{\"@type\":\"ImageObject\",\"inLanguage\":\"fr-FR\",\"@id\":\"https:\/\/bcweededible.net\/fr\/#\/schema\/logo\/image\/\",\"url\":\"https:\/\/bcweededible.net\/wp-content\/uploads\/2021\/12\/bc-weed-edible-canada.png\",\"contentUrl\":\"https:\/\/bcweededible.net\/wp-content\/uploads\/2021\/12\/bc-weed-edible-canada.png\",\"width\":270,\"height\":185,\"caption\":\"BC Weed Edible\"},\"image\":{\"@id\":\"https:\/\/bcweededible.net\/fr\/#\/schema\/logo\/image\/\"}}]}<\/script>\n","yoast_head_json":{"title":"Acheter 2 onces de Hash Mix & Match Canada | BC Weed Edible","robots":{"index":"index","follow":"follow","max-snippet":"max-snippet:-1","max-image-preview":"max-image-preview:large","max-video-preview":"max-video-preview:-1"},"canonical":"https:\/\/bcweededible.net\/fr\/buy\/concentres\/hasch\/hash-2-ounce\/","og_locale":"fr_FR","og_type":"article","og_title":"Acheter 2 onces de Hash Mix & Match Canada | BC Weed Edible","og_description":"S\u00e9lectionnez 4 produits (14 grammes) de hash parmi les options ci-dessous !","og_url":"https:\/\/bcweededible.net\/fr\/buy\/concentres\/hasch\/hash-2-ounce\/","og_site_name":"BC Weed Edible","article_modified_time":"2026-03-19T00:33:20+00:00","og_image":[{"width":720,"height":720,"url":"https:\/\/bcweededible.net\/wp-content\/uploads\/2022\/11\/hash-two-ounce-bcwe.jpg","type":"image\/jpeg"}],"twitter_card":"summary_large_image","twitter_misc":{"Dur\u00e9e de lecture estim\u00e9e":"1 minute"},"schema":{"@context":"https:\/\/schema.org","@graph":[{"@type":"WebPage","@id":"https:\/\/bcweededible.net\/fr\/buy\/concentres\/hasch\/hash-2-ounce\/","url":"https:\/\/bcweededible.net\/fr\/buy\/concentres\/hasch\/hash-2-ounce\/","name":"Acheter 2 onces de Hash Mix & Match Canada | BC Weed Edible","isPartOf":{"@id":"https:\/\/bcweededible.net\/fr\/#website"},"primaryImageOfPage":{"@id":"https:\/\/bcweededible.net\/fr\/buy\/concentres\/hasch\/hash-2-ounce\/#primaryimage"},"image":{"@id":"https:\/\/bcweededible.net\/fr\/buy\/concentres\/hasch\/hash-2-ounce\/#primaryimage"},"thumbnailUrl":"https:\/\/bcweededible.net\/wp-content\/uploads\/2022\/11\/hash-two-ounce-bcwe.jpg","datePublished":"2022-12-01T09:42:05+00:00","dateModified":"2026-03-19T00:33:20+00:00","breadcrumb":{"@id":"https:\/\/bcweededible.net\/fr\/buy\/concentres\/hasch\/hash-2-ounce\/#breadcrumb"},"inLanguage":"fr-FR","potentialAction":[{"@type":"ReadAction","target":["https:\/\/bcweededible.net\/fr\/buy\/concentres\/hasch\/hash-2-ounce\/"]}]},{"@type":"ImageObject","inLanguage":"fr-FR","@id":"https:\/\/bcweededible.net\/fr\/buy\/concentres\/hasch\/hash-2-ounce\/#primaryimage","url":"https:\/\/bcweededible.net\/wp-content\/uploads\/2022\/11\/hash-two-ounce-bcwe.jpg","contentUrl":"https:\/\/bcweededible.net\/wp-content\/uploads\/2022\/11\/hash-two-ounce-bcwe.jpg","width":720,"height":720,"caption":"hash two ounce"},{"@type":"BreadcrumbList","@id":"https:\/\/bcweededible.net\/fr\/buy\/concentres\/hasch\/hash-2-ounce\/#breadcrumb","itemListElement":[{"@type":"ListItem","position":1,"name":"Jujubes au Pot Canada","item":"https:\/\/bcweededible.net\/fr\/shop\/"},{"@type":"ListItem","position":2,"name":"2 onces de Hash Mix &#038; Match"}]},{"@type":"WebSite","@id":"https:\/\/bcweededible.net\/fr\/#website","url":"https:\/\/bcweededible.net\/fr\/","name":"BC Weed Edible","description":"","publisher":{"@id":"https:\/\/bcweededible.net\/fr\/#organization"},"potentialAction":[{"@type":"SearchAction","target":{"@type":"EntryPoint","urlTemplate":"https:\/\/bcweededible.net\/fr\/?s={search_term_string}"},"query-input":{"@type":"PropertyValueSpecification","valueRequired":true,"valueName":"search_term_string"}}],"inLanguage":"fr-FR"},{"@type":"Organization","@id":"https:\/\/bcweededible.net\/fr\/#organization","name":"BC Weed Edible","url":"https:\/\/bcweededible.net\/fr\/","logo":{"@type":"ImageObject","inLanguage":"fr-FR","@id":"https:\/\/bcweededible.net\/fr\/#\/schema\/logo\/image\/","url":"https:\/\/bcweededible.net\/wp-content\/uploads\/2021\/12\/bc-weed-edible-canada.png","contentUrl":"https:\/\/bcweededible.net\/wp-content\/uploads\/2021\/12\/bc-weed-edible-canada.png","width":270,"height":185,"caption":"BC Weed Edible"},"image":{"@id":"https:\/\/bcweededible.net\/fr\/#\/schema\/logo\/image\/"}}]}},"_links":{"self":[{"href":"https:\/\/bcweededible.net\/fr\/wp-json\/wp\/v2\/product\/23671","targetHints":{"allow":["GET"]}}],"collection":[{"href":"https:\/\/bcweededible.net\/fr\/wp-json\/wp\/v2\/product"}],"about":[{"href":"https:\/\/bcweededible.net\/fr\/wp-json\/wp\/v2\/types\/product"}],"replies":[{"embeddable":true,"href":"https:\/\/bcweededible.net\/fr\/wp-json\/wp\/v2\/comments?post=23671"}],"wp:featuredmedia":[{"embeddable":true,"href":"https:\/\/bcweededible.net\/fr\/wp-json\/wp\/v2\/media\/21937"}],"wp:attachment":[{"href":"https:\/\/bcweededible.net\/fr\/wp-json\/wp\/v2\/media?parent=23671"}],"wp:term":[{"taxonomy":"product_cat","embeddable":true,"href":"https:\/\/bcweededible.net\/fr\/wp-json\/wp\/v2\/product_cat?post=23671"},{"taxonomy":"product_tag","embeddable":true,"href":"https:\/\/bcweededible.net\/fr\/wp-json\/wp\/v2\/product_tag?post=23671"}],"curies":[{"name":"wp","href":"https:\/\/api.w.org\/{rel}","templated":true}]}}