{"id":23669,"date":"2022-06-02T13:50:02","date_gmt":"2022-12-01T09:42:05","guid":{"rendered":"https:\/\/bcweededible.net\/buy\/non%20class\u00e9\/twisted-extracts-zzz-bomb-indica\/"},"modified":"2026-04-02T14:56:03","modified_gmt":"2026-04-02T21:56:03","slug":"twisted-extracts-zzz-bomb-indica","status":"publish","type":"product","link":"https:\/\/bcweededible.net\/fr\/buy\/marques\/twisted-extracts-fr\/twisted-extracts-zzz-bomb-indica\/","title":{"rendered":"Twisted Extracts &#8211; ZZZ Bomb (Indica)"},"content":{"rendered":"","protected":false},"excerpt":{"rendered":"<p>Vous cherchez une fa\u00e7on d\u00e9licieuse et facile de profiter de votre dose quotidienne de THC ? Ne cherchez pas plus loin que les <strong>ZZZ Bombs de <a href=\"https:\/\/bcweededible.net\/fr\/shop\/marques\/twisted-extracts-fr\/\">Twisted Extracts<\/a><\/strong>! Ces d\u00e9licieux jujubes sont fabriqu\u00e9s \u00e0 partir d&#8217;<strong>extraits d&#8217;indica de haute qualit\u00e9<\/strong> et sont divis\u00e9s en huit doses de 10 mg afin que vous puissiez personnaliser votre exp\u00e9rience. Que vous vouliez un peu ou beaucoup de THC, les ZZZ Bombs vous permettent d&#8217;obtenir facilement la bonne quantit\u00e9. Et parce qu&#8217;ils sont si d\u00e9licieux, vous aurez h\u00e2te de les prendre tous les jours !<\/p>\n<p><strong>Effets : <\/strong>Euphorie, relaxation, \u00e9nergie, cr\u00e9ativit\u00e9.<\/p>\n<p><strong>Ingr\u00e9dients :<\/strong> Sirop de ma\u00efs, sucre, g\u00e9latine, extrait de cannabis, huile de coco, acide citrique, amidon de ma\u00efs, sorbitol, ar\u00f4me artificiel, extrait d&#8217;indica.<\/p>\n<p><strong>Conservation :<\/strong> les jujubes peuvent se ramollir lorsqu&#8217;ils sont expos\u00e9es \u00e0 des temp\u00e9ratures sup\u00e9rieures \u00e0 38 degr\u00e9s Celsius. <b>Conservez-les dans un endroit frais et sombre, \u00e0 l&#8217;abri de la lumi\u00e8re directe du soleil.<\/b><\/p>\n","protected":false},"featured_media":16095,"comment_status":"open","ping_status":"closed","template":"","meta":[],"product_brand":[],"product_cat":[244,276,557],"product_tag":[588],"class_list":{"0":"post-23669","1":"product","2":"type-product","3":"status-publish","4":"has-post-thumbnail","6":"product_cat-comestibles","7":"product_cat-jujubes","8":"product_cat-twisted-extracts-fr","9":"product_tag-10mg-gummies","11":"first","12":"instock","13":"shipping-taxable","14":"purchasable","15":"product-type-variable"},"yoast_head":"\n<title>Acheter la Twisted Extracts - ZZZ Bomb (Indica) en ligne Canada | BC Weed Edible<\/title>\n<meta name=\"robots\" content=\"index, follow, max-snippet:-1, max-image-preview:large, max-video-preview:-1\" \/>\n<link rel=\"canonical\" href=\"https:\/\/bcweededible.net\/fr\/buy\/marques\/twisted-extracts-fr\/twisted-extracts-zzz-bomb-indica\/\" \/>\n<meta property=\"og:locale\" content=\"fr_FR\" \/>\n<meta property=\"og:type\" content=\"article\" \/>\n<meta property=\"og:title\" content=\"Acheter la Twisted Extracts - ZZZ Bomb (Indica) en ligne Canada | BC Weed Edible\" \/>\n<meta property=\"og:description\" content=\"Vous cherchez une fa\u00e7on d\u00e9licieuse et facile de profiter de votre dose quotidienne de THC ? Ne cherchez pas plus loin que les ZZZ Bombs de Twisted Extracts! Ces d\u00e9licieux jujubes sont fabriqu\u00e9s \u00e0 partir d&#039;extraits d&#039;indica de haute qualit\u00e9 et sont divis\u00e9s en huit doses de 10 mg afin que vous puissiez personnaliser votre exp\u00e9rience. Que vous vouliez un peu ou beaucoup de THC, les ZZZ Bombs vous permettent d&#039;obtenir facilement la bonne quantit\u00e9. Et parce qu&#039;ils sont si d\u00e9licieux, vous aurez h\u00e2te de les prendre tous les jours ! Effets : Euphorie, relaxation, \u00e9nergie, cr\u00e9ativit\u00e9. Ingr\u00e9dients : Sirop de ma\u00efs, sucre, g\u00e9latine, extrait de cannabis, huile de coco, acide citrique, amidon de ma\u00efs, sorbitol, ar\u00f4me artificiel, extrait d&#039;indica. Conservation : les jujubes peuvent se ramollir lorsqu&#039;ils sont expos\u00e9es \u00e0 des temp\u00e9ratures sup\u00e9rieures \u00e0 38 degr\u00e9s Celsius. Conservez-les dans un endroit frais et sombre, \u00e0 l&#039;abri de la lumi\u00e8re directe du soleil.\" \/>\n<meta property=\"og:url\" content=\"https:\/\/bcweededible.net\/fr\/buy\/marques\/twisted-extracts-fr\/twisted-extracts-zzz-bomb-indica\/\" \/>\n<meta property=\"og:site_name\" content=\"BC Weed Edible\" \/>\n<meta property=\"article:modified_time\" content=\"2026-04-02T21:56:03+00:00\" \/>\n<meta property=\"og:image\" content=\"https:\/\/bcweededible.net\/wp-content\/uploads\/2022\/06\/black-cherry-zzz-bomb-indica-twisted-extracts.webp\" \/>\n\t<meta property=\"og:image:width\" content=\"1500\" \/>\n\t<meta property=\"og:image:height\" content=\"1500\" \/>\n\t<meta property=\"og:image:type\" content=\"image\/webp\" \/>\n<meta name=\"twitter:card\" content=\"summary_large_image\" \/>\n<script type=\"application\/ld+json\" class=\"yoast-schema-graph\">{\"@context\":\"https:\\\/\\\/schema.org\",\"@graph\":[{\"@type\":\"WebPage\",\"@id\":\"https:\\\/\\\/bcweededible.net\\\/fr\\\/buy\\\/marques\\\/twisted-extracts-fr\\\/twisted-extracts-zzz-bomb-indica\\\/\",\"url\":\"https:\\\/\\\/bcweededible.net\\\/fr\\\/buy\\\/marques\\\/twisted-extracts-fr\\\/twisted-extracts-zzz-bomb-indica\\\/\",\"name\":\"Acheter la Twisted Extracts - ZZZ Bomb (Indica) en ligne Canada | BC Weed Edible\",\"isPartOf\":{\"@id\":\"https:\\\/\\\/bcweededible.net\\\/fr\\\/#website\"},\"primaryImageOfPage\":{\"@id\":\"https:\\\/\\\/bcweededible.net\\\/fr\\\/buy\\\/marques\\\/twisted-extracts-fr\\\/twisted-extracts-zzz-bomb-indica\\\/#primaryimage\"},\"image\":{\"@id\":\"https:\\\/\\\/bcweededible.net\\\/fr\\\/buy\\\/marques\\\/twisted-extracts-fr\\\/twisted-extracts-zzz-bomb-indica\\\/#primaryimage\"},\"thumbnailUrl\":\"https:\\\/\\\/bcweededible.net\\\/wp-content\\\/uploads\\\/2022\\\/06\\\/black-cherry-zzz-bomb-indica-twisted-extracts.webp\",\"datePublished\":\"2022-12-01T09:42:05+00:00\",\"dateModified\":\"2026-04-02T21:56:03+00:00\",\"breadcrumb\":{\"@id\":\"https:\\\/\\\/bcweededible.net\\\/fr\\\/buy\\\/marques\\\/twisted-extracts-fr\\\/twisted-extracts-zzz-bomb-indica\\\/#breadcrumb\"},\"inLanguage\":\"fr-FR\",\"potentialAction\":[{\"@type\":\"ReadAction\",\"target\":[\"https:\\\/\\\/bcweededible.net\\\/fr\\\/buy\\\/marques\\\/twisted-extracts-fr\\\/twisted-extracts-zzz-bomb-indica\\\/\"]}]},{\"@type\":\"ImageObject\",\"inLanguage\":\"fr-FR\",\"@id\":\"https:\\\/\\\/bcweededible.net\\\/fr\\\/buy\\\/marques\\\/twisted-extracts-fr\\\/twisted-extracts-zzz-bomb-indica\\\/#primaryimage\",\"url\":\"https:\\\/\\\/bcweededible.net\\\/wp-content\\\/uploads\\\/2022\\\/06\\\/black-cherry-zzz-bomb-indica-twisted-extracts.webp\",\"contentUrl\":\"https:\\\/\\\/bcweededible.net\\\/wp-content\\\/uploads\\\/2022\\\/06\\\/black-cherry-zzz-bomb-indica-twisted-extracts.webp\",\"width\":1500,\"height\":1500,\"caption\":\"twisted extracts zzz bomb indica cherry\"},{\"@type\":\"BreadcrumbList\",\"@id\":\"https:\\\/\\\/bcweededible.net\\\/fr\\\/buy\\\/marques\\\/twisted-extracts-fr\\\/twisted-extracts-zzz-bomb-indica\\\/#breadcrumb\",\"itemListElement\":[{\"@type\":\"ListItem\",\"position\":1,\"name\":\"Jujubes au Pot Canada\",\"item\":\"https:\\\/\\\/bcweededible.net\\\/fr\\\/shop\\\/\"},{\"@type\":\"ListItem\",\"position\":2,\"name\":\"Twisted Extracts &#8211; ZZZ Bomb (Indica)\"}]},{\"@type\":\"WebSite\",\"@id\":\"https:\\\/\\\/bcweededible.net\\\/fr\\\/#website\",\"url\":\"https:\\\/\\\/bcweededible.net\\\/fr\\\/\",\"name\":\"BC Weed Edible\",\"description\":\"\",\"publisher\":{\"@id\":\"https:\\\/\\\/bcweededible.net\\\/fr\\\/#organization\"},\"potentialAction\":[{\"@type\":\"SearchAction\",\"target\":{\"@type\":\"EntryPoint\",\"urlTemplate\":\"https:\\\/\\\/bcweededible.net\\\/fr\\\/?s={search_term_string}\"},\"query-input\":{\"@type\":\"PropertyValueSpecification\",\"valueRequired\":true,\"valueName\":\"search_term_string\"}}],\"inLanguage\":\"fr-FR\"},{\"@type\":\"Organization\",\"@id\":\"https:\\\/\\\/bcweededible.net\\\/fr\\\/#organization\",\"name\":\"BC Weed Edible\",\"url\":\"https:\\\/\\\/bcweededible.net\\\/fr\\\/\",\"logo\":{\"@type\":\"ImageObject\",\"inLanguage\":\"fr-FR\",\"@id\":\"https:\\\/\\\/bcweededible.net\\\/fr\\\/#\\\/schema\\\/logo\\\/image\\\/\",\"url\":\"https:\\\/\\\/bcweededible.net\\\/wp-content\\\/uploads\\\/2021\\\/12\\\/bc-weed-edible-canada.png\",\"contentUrl\":\"https:\\\/\\\/bcweededible.net\\\/wp-content\\\/uploads\\\/2021\\\/12\\\/bc-weed-edible-canada.png\",\"width\":270,\"height\":185,\"caption\":\"BC Weed Edible\"},\"image\":{\"@id\":\"https:\\\/\\\/bcweededible.net\\\/fr\\\/#\\\/schema\\\/logo\\\/image\\\/\"}}]}<\/script>\n","yoast_head_json":{"title":"Acheter la Twisted Extracts - ZZZ Bomb (Indica) en ligne Canada | BC Weed Edible","robots":{"index":"index","follow":"follow","max-snippet":"max-snippet:-1","max-image-preview":"max-image-preview:large","max-video-preview":"max-video-preview:-1"},"canonical":"https:\/\/bcweededible.net\/fr\/buy\/marques\/twisted-extracts-fr\/twisted-extracts-zzz-bomb-indica\/","og_locale":"fr_FR","og_type":"article","og_title":"Acheter la Twisted Extracts - ZZZ Bomb (Indica) en ligne Canada | BC Weed Edible","og_description":"Vous cherchez une fa\u00e7on d\u00e9licieuse et facile de profiter de votre dose quotidienne de THC ? Ne cherchez pas plus loin que les ZZZ Bombs de Twisted Extracts! Ces d\u00e9licieux jujubes sont fabriqu\u00e9s \u00e0 partir d'extraits d'indica de haute qualit\u00e9 et sont divis\u00e9s en huit doses de 10 mg afin que vous puissiez personnaliser votre exp\u00e9rience. Que vous vouliez un peu ou beaucoup de THC, les ZZZ Bombs vous permettent d'obtenir facilement la bonne quantit\u00e9. Et parce qu'ils sont si d\u00e9licieux, vous aurez h\u00e2te de les prendre tous les jours ! Effets : Euphorie, relaxation, \u00e9nergie, cr\u00e9ativit\u00e9. Ingr\u00e9dients : Sirop de ma\u00efs, sucre, g\u00e9latine, extrait de cannabis, huile de coco, acide citrique, amidon de ma\u00efs, sorbitol, ar\u00f4me artificiel, extrait d'indica. Conservation : les jujubes peuvent se ramollir lorsqu'ils sont expos\u00e9es \u00e0 des temp\u00e9ratures sup\u00e9rieures \u00e0 38 degr\u00e9s Celsius. Conservez-les dans un endroit frais et sombre, \u00e0 l'abri de la lumi\u00e8re directe du soleil.","og_url":"https:\/\/bcweededible.net\/fr\/buy\/marques\/twisted-extracts-fr\/twisted-extracts-zzz-bomb-indica\/","og_site_name":"BC Weed Edible","article_modified_time":"2026-04-02T21:56:03+00:00","og_image":[{"width":1500,"height":1500,"url":"https:\/\/bcweededible.net\/wp-content\/uploads\/2022\/06\/black-cherry-zzz-bomb-indica-twisted-extracts.webp","type":"image\/webp"}],"twitter_card":"summary_large_image","schema":{"@context":"https:\/\/schema.org","@graph":[{"@type":"WebPage","@id":"https:\/\/bcweededible.net\/fr\/buy\/marques\/twisted-extracts-fr\/twisted-extracts-zzz-bomb-indica\/","url":"https:\/\/bcweededible.net\/fr\/buy\/marques\/twisted-extracts-fr\/twisted-extracts-zzz-bomb-indica\/","name":"Acheter la Twisted Extracts - ZZZ Bomb (Indica) en ligne Canada | BC Weed Edible","isPartOf":{"@id":"https:\/\/bcweededible.net\/fr\/#website"},"primaryImageOfPage":{"@id":"https:\/\/bcweededible.net\/fr\/buy\/marques\/twisted-extracts-fr\/twisted-extracts-zzz-bomb-indica\/#primaryimage"},"image":{"@id":"https:\/\/bcweededible.net\/fr\/buy\/marques\/twisted-extracts-fr\/twisted-extracts-zzz-bomb-indica\/#primaryimage"},"thumbnailUrl":"https:\/\/bcweededible.net\/wp-content\/uploads\/2022\/06\/black-cherry-zzz-bomb-indica-twisted-extracts.webp","datePublished":"2022-12-01T09:42:05+00:00","dateModified":"2026-04-02T21:56:03+00:00","breadcrumb":{"@id":"https:\/\/bcweededible.net\/fr\/buy\/marques\/twisted-extracts-fr\/twisted-extracts-zzz-bomb-indica\/#breadcrumb"},"inLanguage":"fr-FR","potentialAction":[{"@type":"ReadAction","target":["https:\/\/bcweededible.net\/fr\/buy\/marques\/twisted-extracts-fr\/twisted-extracts-zzz-bomb-indica\/"]}]},{"@type":"ImageObject","inLanguage":"fr-FR","@id":"https:\/\/bcweededible.net\/fr\/buy\/marques\/twisted-extracts-fr\/twisted-extracts-zzz-bomb-indica\/#primaryimage","url":"https:\/\/bcweededible.net\/wp-content\/uploads\/2022\/06\/black-cherry-zzz-bomb-indica-twisted-extracts.webp","contentUrl":"https:\/\/bcweededible.net\/wp-content\/uploads\/2022\/06\/black-cherry-zzz-bomb-indica-twisted-extracts.webp","width":1500,"height":1500,"caption":"twisted extracts zzz bomb indica cherry"},{"@type":"BreadcrumbList","@id":"https:\/\/bcweededible.net\/fr\/buy\/marques\/twisted-extracts-fr\/twisted-extracts-zzz-bomb-indica\/#breadcrumb","itemListElement":[{"@type":"ListItem","position":1,"name":"Jujubes au Pot Canada","item":"https:\/\/bcweededible.net\/fr\/shop\/"},{"@type":"ListItem","position":2,"name":"Twisted Extracts &#8211; ZZZ Bomb (Indica)"}]},{"@type":"WebSite","@id":"https:\/\/bcweededible.net\/fr\/#website","url":"https:\/\/bcweededible.net\/fr\/","name":"BC Weed Edible","description":"","publisher":{"@id":"https:\/\/bcweededible.net\/fr\/#organization"},"potentialAction":[{"@type":"SearchAction","target":{"@type":"EntryPoint","urlTemplate":"https:\/\/bcweededible.net\/fr\/?s={search_term_string}"},"query-input":{"@type":"PropertyValueSpecification","valueRequired":true,"valueName":"search_term_string"}}],"inLanguage":"fr-FR"},{"@type":"Organization","@id":"https:\/\/bcweededible.net\/fr\/#organization","name":"BC Weed Edible","url":"https:\/\/bcweededible.net\/fr\/","logo":{"@type":"ImageObject","inLanguage":"fr-FR","@id":"https:\/\/bcweededible.net\/fr\/#\/schema\/logo\/image\/","url":"https:\/\/bcweededible.net\/wp-content\/uploads\/2021\/12\/bc-weed-edible-canada.png","contentUrl":"https:\/\/bcweededible.net\/wp-content\/uploads\/2021\/12\/bc-weed-edible-canada.png","width":270,"height":185,"caption":"BC Weed Edible"},"image":{"@id":"https:\/\/bcweededible.net\/fr\/#\/schema\/logo\/image\/"}}]}},"_links":{"self":[{"href":"https:\/\/bcweededible.net\/fr\/wp-json\/wp\/v2\/product\/23669","targetHints":{"allow":["GET"]}}],"collection":[{"href":"https:\/\/bcweededible.net\/fr\/wp-json\/wp\/v2\/product"}],"about":[{"href":"https:\/\/bcweededible.net\/fr\/wp-json\/wp\/v2\/types\/product"}],"replies":[{"embeddable":true,"href":"https:\/\/bcweededible.net\/fr\/wp-json\/wp\/v2\/comments?post=23669"}],"wp:featuredmedia":[{"embeddable":true,"href":"https:\/\/bcweededible.net\/fr\/wp-json\/wp\/v2\/media\/16095"}],"wp:attachment":[{"href":"https:\/\/bcweededible.net\/fr\/wp-json\/wp\/v2\/media?parent=23669"}],"wp:term":[{"taxonomy":"product_brand","embeddable":true,"href":"https:\/\/bcweededible.net\/fr\/wp-json\/wp\/v2\/product_brand?post=23669"},{"taxonomy":"product_cat","embeddable":true,"href":"https:\/\/bcweededible.net\/fr\/wp-json\/wp\/v2\/product_cat?post=23669"},{"taxonomy":"product_tag","embeddable":true,"href":"https:\/\/bcweededible.net\/fr\/wp-json\/wp\/v2\/product_tag?post=23669"}],"curies":[{"name":"wp","href":"https:\/\/api.w.org\/{rel}","templated":true}]}}