{"id":23666,"date":"2022-06-03T16:51:46","date_gmt":"2022-12-01T09:42:05","guid":{"rendered":"https:\/\/bcweededible.net\/buy\/non%20class\u00e9\/mota-thc-sour-squares\/"},"modified":"2026-04-09T08:02:15","modified_gmt":"2026-04-09T15:02:15","slug":"mota-thc-sour-squares","status":"publish","type":"product","link":"https:\/\/bcweededible.net\/fr\/buy\/marques\/mota-gummies-fr\/mota-thc-sour-squares\/","title":{"rendered":"MOTA THC Sour Squares"},"content":{"rendered":"","protected":false},"excerpt":{"rendered":"<p>Vous cherchez une friandise infus\u00e9e au THC qui vous fera sourire ? Pr\u00e9sentation de MOTA THC Sour Squares ! Ces carr\u00e9s \u00e0 m\u00e2cher contiennent <strong>150 mg de THC hybride<\/strong>, ce qui en fait le moyen id\u00e9al de profiter d&#8217;une petite dose de cannabis. <strong>Chaque carr\u00e9 contient 10 mg de THC<\/strong>, ce qui vous permet de choisir votre propre aventure et de laisser le bon temps rouler.<\/p>\n<p>Que vous cherchiez \u00e0 vous d\u00e9tendre apr\u00e8s une longue journ\u00e9e ou \u00e0 am\u00e9liorer votre humeur, ces jujubes sont s\u00fbres de faire l&#8217;affaire. Et gr\u00e2ce \u00e0 leur pr\u00e9sentation color\u00e9e, ils deviennent rapidement les favoris des consommateurs de cannabis. Alors n&#8217;attendez pas &#8211; prenez un sac (ou deux) de MOTA THC Sour Squares aujourd&#8217;hui !<\/p>\n<p><strong>Effets : <\/strong>Euphorie, relaxation, \u00e9nergie, cr\u00e9ativit\u00e9.<\/p>\n<p><strong>Ingr\u00e9dients : <\/strong>Sirop de ma\u00efs, eau, amidon de ma\u00efs, acide citrique, ar\u00f4mes naturels et artificiels, cannabis, colorant artificiel.<\/p>\n<p><strong>Conservation :<\/strong> les jujubes peuvent se ramollir lorsqu&#8217;elles sont expos\u00e9es \u00e0 des temp\u00e9ratures sup\u00e9rieures \u00e0 38 degr\u00e9s Celsius. <b>Conservez-les dans un endroit frais et sombre, \u00e0 l&#8217;abri de la lumi\u00e8re directe du soleil.<\/b><\/p>\n","protected":false},"featured_media":16259,"comment_status":"open","ping_status":"closed","template":"","meta":[],"product_brand":[],"product_cat":[244,276,555],"product_tag":[588],"class_list":{"0":"post-23666","1":"product","2":"type-product","3":"status-publish","4":"has-post-thumbnail","6":"product_cat-comestibles","7":"product_cat-jujubes","8":"product_cat-mota-gummies-fr","9":"product_tag-10mg-gummies","11":"first","12":"instock","13":"shipping-taxable","14":"product-type-simple"},"yoast_head":"\n<title>Acheter la MOTA THC Sour Squares en ligne Canada | BC Weed Edible<\/title>\n<meta name=\"robots\" content=\"index, follow, max-snippet:-1, max-image-preview:large, max-video-preview:-1\" \/>\n<link rel=\"canonical\" href=\"https:\/\/bcweededible.net\/fr\/buy\/marques\/mota-gummies-fr\/mota-thc-sour-squares\/\" \/>\n<meta property=\"og:locale\" content=\"fr_FR\" \/>\n<meta property=\"og:type\" content=\"article\" \/>\n<meta property=\"og:title\" content=\"Acheter la MOTA THC Sour Squares en ligne Canada | BC Weed Edible\" \/>\n<meta property=\"og:description\" content=\"Vous cherchez une friandise infus\u00e9e au THC qui vous fera sourire ? Pr\u00e9sentation de MOTA THC Sour Squares ! Ces carr\u00e9s \u00e0 m\u00e2cher contiennent 150 mg de THC hybride, ce qui en fait le moyen id\u00e9al de profiter d&#039;une petite dose de cannabis. Chaque carr\u00e9 contient 10 mg de THC, ce qui vous permet de choisir votre propre aventure et de laisser le bon temps rouler. Que vous cherchiez \u00e0 vous d\u00e9tendre apr\u00e8s une longue journ\u00e9e ou \u00e0 am\u00e9liorer votre humeur, ces jujubes sont s\u00fbres de faire l&#039;affaire. Et gr\u00e2ce \u00e0 leur pr\u00e9sentation color\u00e9e, ils deviennent rapidement les favoris des consommateurs de cannabis. Alors n&#039;attendez pas - prenez un sac (ou deux) de MOTA THC Sour Squares aujourd&#039;hui ! Effets : Euphorie, relaxation, \u00e9nergie, cr\u00e9ativit\u00e9. Ingr\u00e9dients : Sirop de ma\u00efs, eau, amidon de ma\u00efs, acide citrique, ar\u00f4mes naturels et artificiels, cannabis, colorant artificiel. Conservation : les jujubes peuvent se ramollir lorsqu&#039;elles sont expos\u00e9es \u00e0 des temp\u00e9ratures sup\u00e9rieures \u00e0 38 degr\u00e9s Celsius. Conservez-les dans un endroit frais et sombre, \u00e0 l&#039;abri de la lumi\u00e8re directe du soleil.\" \/>\n<meta property=\"og:url\" content=\"https:\/\/bcweededible.net\/fr\/buy\/marques\/mota-gummies-fr\/mota-thc-sour-squares\/\" \/>\n<meta property=\"og:site_name\" content=\"BC Weed Edible\" \/>\n<meta property=\"article:modified_time\" content=\"2026-04-09T15:02:15+00:00\" \/>\n<meta property=\"og:image\" content=\"https:\/\/bcweededible.net\/wp-content\/uploads\/2022\/06\/mota-edibles-sour-square-gummies-1.jpeg\" \/>\n\t<meta property=\"og:image:width\" content=\"1024\" \/>\n\t<meta property=\"og:image:height\" content=\"1024\" \/>\n\t<meta property=\"og:image:type\" content=\"image\/jpeg\" \/>\n<meta name=\"twitter:card\" content=\"summary_large_image\" \/>\n<script type=\"application\/ld+json\" class=\"yoast-schema-graph\">{\"@context\":\"https:\\\/\\\/schema.org\",\"@graph\":[{\"@type\":\"WebPage\",\"@id\":\"https:\\\/\\\/bcweededible.net\\\/fr\\\/buy\\\/marques\\\/mota-gummies-fr\\\/mota-thc-sour-squares\\\/\",\"url\":\"https:\\\/\\\/bcweededible.net\\\/fr\\\/buy\\\/marques\\\/mota-gummies-fr\\\/mota-thc-sour-squares\\\/\",\"name\":\"Acheter la MOTA THC Sour Squares en ligne Canada | BC Weed Edible\",\"isPartOf\":{\"@id\":\"https:\\\/\\\/bcweededible.net\\\/fr\\\/#website\"},\"primaryImageOfPage\":{\"@id\":\"https:\\\/\\\/bcweededible.net\\\/fr\\\/buy\\\/marques\\\/mota-gummies-fr\\\/mota-thc-sour-squares\\\/#primaryimage\"},\"image\":{\"@id\":\"https:\\\/\\\/bcweededible.net\\\/fr\\\/buy\\\/marques\\\/mota-gummies-fr\\\/mota-thc-sour-squares\\\/#primaryimage\"},\"thumbnailUrl\":\"https:\\\/\\\/bcweededible.net\\\/wp-content\\\/uploads\\\/2022\\\/06\\\/mota-edibles-sour-square-gummies-1.jpeg\",\"datePublished\":\"2022-12-01T09:42:05+00:00\",\"dateModified\":\"2026-04-09T15:02:15+00:00\",\"breadcrumb\":{\"@id\":\"https:\\\/\\\/bcweededible.net\\\/fr\\\/buy\\\/marques\\\/mota-gummies-fr\\\/mota-thc-sour-squares\\\/#breadcrumb\"},\"inLanguage\":\"fr-FR\",\"potentialAction\":[{\"@type\":\"ReadAction\",\"target\":[\"https:\\\/\\\/bcweededible.net\\\/fr\\\/buy\\\/marques\\\/mota-gummies-fr\\\/mota-thc-sour-squares\\\/\"]}]},{\"@type\":\"ImageObject\",\"inLanguage\":\"fr-FR\",\"@id\":\"https:\\\/\\\/bcweededible.net\\\/fr\\\/buy\\\/marques\\\/mota-gummies-fr\\\/mota-thc-sour-squares\\\/#primaryimage\",\"url\":\"https:\\\/\\\/bcweededible.net\\\/wp-content\\\/uploads\\\/2022\\\/06\\\/mota-edibles-sour-square-gummies-1.jpeg\",\"contentUrl\":\"https:\\\/\\\/bcweededible.net\\\/wp-content\\\/uploads\\\/2022\\\/06\\\/mota-edibles-sour-square-gummies-1.jpeg\",\"width\":1024,\"height\":1024,\"caption\":\"mota gummies thc sour squares\"},{\"@type\":\"BreadcrumbList\",\"@id\":\"https:\\\/\\\/bcweededible.net\\\/fr\\\/buy\\\/marques\\\/mota-gummies-fr\\\/mota-thc-sour-squares\\\/#breadcrumb\",\"itemListElement\":[{\"@type\":\"ListItem\",\"position\":1,\"name\":\"Jujubes au Pot Canada\",\"item\":\"https:\\\/\\\/bcweededible.net\\\/fr\\\/shop\\\/\"},{\"@type\":\"ListItem\",\"position\":2,\"name\":\"MOTA THC Sour Squares\"}]},{\"@type\":\"WebSite\",\"@id\":\"https:\\\/\\\/bcweededible.net\\\/fr\\\/#website\",\"url\":\"https:\\\/\\\/bcweededible.net\\\/fr\\\/\",\"name\":\"BC Weed Edible\",\"description\":\"\",\"publisher\":{\"@id\":\"https:\\\/\\\/bcweededible.net\\\/fr\\\/#organization\"},\"potentialAction\":[{\"@type\":\"SearchAction\",\"target\":{\"@type\":\"EntryPoint\",\"urlTemplate\":\"https:\\\/\\\/bcweededible.net\\\/fr\\\/?s={search_term_string}\"},\"query-input\":{\"@type\":\"PropertyValueSpecification\",\"valueRequired\":true,\"valueName\":\"search_term_string\"}}],\"inLanguage\":\"fr-FR\"},{\"@type\":\"Organization\",\"@id\":\"https:\\\/\\\/bcweededible.net\\\/fr\\\/#organization\",\"name\":\"BC Weed Edible\",\"url\":\"https:\\\/\\\/bcweededible.net\\\/fr\\\/\",\"logo\":{\"@type\":\"ImageObject\",\"inLanguage\":\"fr-FR\",\"@id\":\"https:\\\/\\\/bcweededible.net\\\/fr\\\/#\\\/schema\\\/logo\\\/image\\\/\",\"url\":\"https:\\\/\\\/bcweededible.net\\\/wp-content\\\/uploads\\\/2021\\\/12\\\/bc-weed-edible-canada.png\",\"contentUrl\":\"https:\\\/\\\/bcweededible.net\\\/wp-content\\\/uploads\\\/2021\\\/12\\\/bc-weed-edible-canada.png\",\"width\":270,\"height\":185,\"caption\":\"BC Weed Edible\"},\"image\":{\"@id\":\"https:\\\/\\\/bcweededible.net\\\/fr\\\/#\\\/schema\\\/logo\\\/image\\\/\"}}]}<\/script>\n","yoast_head_json":{"title":"Acheter la MOTA THC Sour Squares en ligne Canada | BC Weed Edible","robots":{"index":"index","follow":"follow","max-snippet":"max-snippet:-1","max-image-preview":"max-image-preview:large","max-video-preview":"max-video-preview:-1"},"canonical":"https:\/\/bcweededible.net\/fr\/buy\/marques\/mota-gummies-fr\/mota-thc-sour-squares\/","og_locale":"fr_FR","og_type":"article","og_title":"Acheter la MOTA THC Sour Squares en ligne Canada | BC Weed Edible","og_description":"Vous cherchez une friandise infus\u00e9e au THC qui vous fera sourire ? Pr\u00e9sentation de MOTA THC Sour Squares ! Ces carr\u00e9s \u00e0 m\u00e2cher contiennent 150 mg de THC hybride, ce qui en fait le moyen id\u00e9al de profiter d'une petite dose de cannabis. Chaque carr\u00e9 contient 10 mg de THC, ce qui vous permet de choisir votre propre aventure et de laisser le bon temps rouler. Que vous cherchiez \u00e0 vous d\u00e9tendre apr\u00e8s une longue journ\u00e9e ou \u00e0 am\u00e9liorer votre humeur, ces jujubes sont s\u00fbres de faire l'affaire. Et gr\u00e2ce \u00e0 leur pr\u00e9sentation color\u00e9e, ils deviennent rapidement les favoris des consommateurs de cannabis. Alors n'attendez pas - prenez un sac (ou deux) de MOTA THC Sour Squares aujourd'hui ! Effets : Euphorie, relaxation, \u00e9nergie, cr\u00e9ativit\u00e9. Ingr\u00e9dients : Sirop de ma\u00efs, eau, amidon de ma\u00efs, acide citrique, ar\u00f4mes naturels et artificiels, cannabis, colorant artificiel. Conservation : les jujubes peuvent se ramollir lorsqu'elles sont expos\u00e9es \u00e0 des temp\u00e9ratures sup\u00e9rieures \u00e0 38 degr\u00e9s Celsius. Conservez-les dans un endroit frais et sombre, \u00e0 l'abri de la lumi\u00e8re directe du soleil.","og_url":"https:\/\/bcweededible.net\/fr\/buy\/marques\/mota-gummies-fr\/mota-thc-sour-squares\/","og_site_name":"BC Weed Edible","article_modified_time":"2026-04-09T15:02:15+00:00","og_image":[{"width":1024,"height":1024,"url":"https:\/\/bcweededible.net\/wp-content\/uploads\/2022\/06\/mota-edibles-sour-square-gummies-1.jpeg","type":"image\/jpeg"}],"twitter_card":"summary_large_image","schema":{"@context":"https:\/\/schema.org","@graph":[{"@type":"WebPage","@id":"https:\/\/bcweededible.net\/fr\/buy\/marques\/mota-gummies-fr\/mota-thc-sour-squares\/","url":"https:\/\/bcweededible.net\/fr\/buy\/marques\/mota-gummies-fr\/mota-thc-sour-squares\/","name":"Acheter la MOTA THC Sour Squares en ligne Canada | BC Weed Edible","isPartOf":{"@id":"https:\/\/bcweededible.net\/fr\/#website"},"primaryImageOfPage":{"@id":"https:\/\/bcweededible.net\/fr\/buy\/marques\/mota-gummies-fr\/mota-thc-sour-squares\/#primaryimage"},"image":{"@id":"https:\/\/bcweededible.net\/fr\/buy\/marques\/mota-gummies-fr\/mota-thc-sour-squares\/#primaryimage"},"thumbnailUrl":"https:\/\/bcweededible.net\/wp-content\/uploads\/2022\/06\/mota-edibles-sour-square-gummies-1.jpeg","datePublished":"2022-12-01T09:42:05+00:00","dateModified":"2026-04-09T15:02:15+00:00","breadcrumb":{"@id":"https:\/\/bcweededible.net\/fr\/buy\/marques\/mota-gummies-fr\/mota-thc-sour-squares\/#breadcrumb"},"inLanguage":"fr-FR","potentialAction":[{"@type":"ReadAction","target":["https:\/\/bcweededible.net\/fr\/buy\/marques\/mota-gummies-fr\/mota-thc-sour-squares\/"]}]},{"@type":"ImageObject","inLanguage":"fr-FR","@id":"https:\/\/bcweededible.net\/fr\/buy\/marques\/mota-gummies-fr\/mota-thc-sour-squares\/#primaryimage","url":"https:\/\/bcweededible.net\/wp-content\/uploads\/2022\/06\/mota-edibles-sour-square-gummies-1.jpeg","contentUrl":"https:\/\/bcweededible.net\/wp-content\/uploads\/2022\/06\/mota-edibles-sour-square-gummies-1.jpeg","width":1024,"height":1024,"caption":"mota gummies thc sour squares"},{"@type":"BreadcrumbList","@id":"https:\/\/bcweededible.net\/fr\/buy\/marques\/mota-gummies-fr\/mota-thc-sour-squares\/#breadcrumb","itemListElement":[{"@type":"ListItem","position":1,"name":"Jujubes au Pot Canada","item":"https:\/\/bcweededible.net\/fr\/shop\/"},{"@type":"ListItem","position":2,"name":"MOTA THC Sour Squares"}]},{"@type":"WebSite","@id":"https:\/\/bcweededible.net\/fr\/#website","url":"https:\/\/bcweededible.net\/fr\/","name":"BC Weed Edible","description":"","publisher":{"@id":"https:\/\/bcweededible.net\/fr\/#organization"},"potentialAction":[{"@type":"SearchAction","target":{"@type":"EntryPoint","urlTemplate":"https:\/\/bcweededible.net\/fr\/?s={search_term_string}"},"query-input":{"@type":"PropertyValueSpecification","valueRequired":true,"valueName":"search_term_string"}}],"inLanguage":"fr-FR"},{"@type":"Organization","@id":"https:\/\/bcweededible.net\/fr\/#organization","name":"BC Weed Edible","url":"https:\/\/bcweededible.net\/fr\/","logo":{"@type":"ImageObject","inLanguage":"fr-FR","@id":"https:\/\/bcweededible.net\/fr\/#\/schema\/logo\/image\/","url":"https:\/\/bcweededible.net\/wp-content\/uploads\/2021\/12\/bc-weed-edible-canada.png","contentUrl":"https:\/\/bcweededible.net\/wp-content\/uploads\/2021\/12\/bc-weed-edible-canada.png","width":270,"height":185,"caption":"BC Weed Edible"},"image":{"@id":"https:\/\/bcweededible.net\/fr\/#\/schema\/logo\/image\/"}}]}},"_links":{"self":[{"href":"https:\/\/bcweededible.net\/fr\/wp-json\/wp\/v2\/product\/23666","targetHints":{"allow":["GET"]}}],"collection":[{"href":"https:\/\/bcweededible.net\/fr\/wp-json\/wp\/v2\/product"}],"about":[{"href":"https:\/\/bcweededible.net\/fr\/wp-json\/wp\/v2\/types\/product"}],"replies":[{"embeddable":true,"href":"https:\/\/bcweededible.net\/fr\/wp-json\/wp\/v2\/comments?post=23666"}],"wp:featuredmedia":[{"embeddable":true,"href":"https:\/\/bcweededible.net\/fr\/wp-json\/wp\/v2\/media\/16259"}],"wp:attachment":[{"href":"https:\/\/bcweededible.net\/fr\/wp-json\/wp\/v2\/media?parent=23666"}],"wp:term":[{"taxonomy":"product_brand","embeddable":true,"href":"https:\/\/bcweededible.net\/fr\/wp-json\/wp\/v2\/product_brand?post=23666"},{"taxonomy":"product_cat","embeddable":true,"href":"https:\/\/bcweededible.net\/fr\/wp-json\/wp\/v2\/product_cat?post=23666"},{"taxonomy":"product_tag","embeddable":true,"href":"https:\/\/bcweededible.net\/fr\/wp-json\/wp\/v2\/product_tag?post=23666"}],"curies":[{"name":"wp","href":"https:\/\/api.w.org\/{rel}","templated":true}]}}