{"id":23637,"date":"2022-06-13T13:27:44","date_gmt":"2022-12-01T09:38:59","guid":{"rendered":"https:\/\/bcweededible.net\/buy\/non%20class\u00e9\/strawberry-cough-shatter-sativa\/"},"modified":"2025-07-16T12:03:03","modified_gmt":"2025-07-16T19:03:03","slug":"strawberry-cough-shatter-sativa","status":"publish","type":"product","link":"https:\/\/bcweededible.net\/fr\/buy\/gros\/concentres-en-gros\/strawberry-cough-shatter-sativa\/","title":{"rendered":"Strawberry Cough Shatter (Sativa)"},"content":{"rendered":"","protected":false},"excerpt":{"rendered":"<p>Vous cherchez un puissant <a href=\"https:\/\/bcweededible.net\/fr\/shop\/concentres\/\"><strong>concentr\u00e9 <\/strong><\/a>qui vous fera planer \u00e0 coup s\u00fbr ? Ne cherchez pas plus loin que <strong>notre Strawberry Cough Shatter<\/strong>. Ce produit puissant est l&#8217;une des vari\u00e9t\u00e9s les plus populaires au Canada et est parfait pour ceux qui veulent un high puissant. <a href=\"http:\/\/bcweededible.net\/shop\/concentrates\/shatter\/\"><br \/>\n<\/a><\/p>\n<p>Le shatter est une forme tr\u00e8s concentr\u00e9e de cannabis qui est connue pour ses effets intenses.<\/p>\n<p>Tous nos <strong>Nug Run Shatters sont disponibles \u00e0 partir de 8$ le gramme !<\/strong> Nous en avons en quantit\u00e9 limit\u00e9e, alors profitez-en rapidement!<\/p>\n<h2>A propos du Strawberry Cough Shatter<\/h2>\n<ul>\n<li><strong>Consistance :<\/strong> Shatter<\/li>\n<li><strong>Ph\u00e9notype :<\/strong> Hybride \u00e0 dominance Sativa<\/li>\n<li><strong>Teneur en THC :<\/strong> +79%<\/li>\n<li><strong>Teneur en CBD :<\/strong> &lt;1-2%<\/li>\n<li><strong>Type d&#8217;\u00e9clats :<\/strong> Nug Run Shatter (fabriqu\u00e9 \u00e0 partir de fleurs seulement)<\/li>\n<li><strong>Fabriqu\u00e9 en :<\/strong> Colombie-Britannique<\/li>\n<\/ul>\n<h2>Description du Strawberry Cough Shatter<\/h2>\n<p>Vous recherchez une vari\u00e9t\u00e9 sativa puissante qui vous donnera de l&#8217;\u00e9nergie et vous fera planer? Ne cherchez pas plus loin que le Strawberry Cough! Cette vari\u00e9t\u00e9 puissante est parfaite pour ceux qui cherchent un remontant, gr\u00e2ce \u00e0 sa combinaison de sativa et indica. Le r\u00e9sultat est un &#8221;high&#8221; enivrant qui est parfait pour les activit\u00e9s cr\u00e9atives ou sociales. Et avec son ar\u00f4me sucr\u00e9 de fraise, cette vari\u00e9t\u00e9 est s\u00fbre de plaire m\u00eame aux connaisseurs de cannabis les plus exigeants.<\/p>\n","protected":false},"featured_media":16877,"comment_status":"open","ping_status":"closed","template":"","meta":{"wprm-recipe-roundup-name":"","wprm-recipe-roundup-description":""},"product_cat":[535,305,389],"product_tag":[],"class_list":{"0":"post-23637","1":"product","2":"type-product","3":"status-publish","4":"has-post-thumbnail","6":"product_cat-concentres-en-gros","7":"product_cat-concentres","8":"product_cat-shatter-fr","10":"first","11":"instock","12":"sale","13":"shipping-taxable","14":"purchasable","15":"product-type-variable","16":"has-default-attributes"},"yoast_head":"\n<title>Acheter Strawberry Cough Shatter (Sativa) en ligne | Acheter Shatter Canada | BC Weed Edible<\/title>\n<meta name=\"robots\" content=\"index, follow, max-snippet:-1, max-image-preview:large, max-video-preview:-1\" \/>\n<link rel=\"canonical\" href=\"https:\/\/bcweededible.net\/fr\/buy\/gros\/concentres-en-gros\/strawberry-cough-shatter-sativa\/\" \/>\n<meta property=\"og:locale\" content=\"fr_FR\" \/>\n<meta property=\"og:type\" content=\"article\" \/>\n<meta property=\"og:title\" content=\"Acheter Strawberry Cough Shatter (Sativa) en ligne | Acheter Shatter Canada | BC Weed Edible\" \/>\n<meta property=\"og:description\" content=\"Vous cherchez un puissant concentr\u00e9 qui vous fera planer \u00e0 coup s\u00fbr ? Ne cherchez pas plus loin que notre Strawberry Cough Shatter. Ce produit puissant est l&#039;une des vari\u00e9t\u00e9s les plus populaires au Canada et est parfait pour ceux qui veulent un high puissant. Le shatter est une forme tr\u00e8s concentr\u00e9e de cannabis qui est connue pour ses effets intenses. Tous nos Nug Run Shatters sont disponibles \u00e0 partir de 8$ le gramme ! Nous en avons en quantit\u00e9 limit\u00e9e, alors profitez-en rapidement! A propos du Strawberry Cough Shatter Consistance : Shatter Ph\u00e9notype : Hybride \u00e0 dominance Sativa Teneur en THC : +79% Teneur en CBD : &lt;1-2% Type d&#039;\u00e9clats : Nug Run Shatter (fabriqu\u00e9 \u00e0 partir de fleurs seulement) Fabriqu\u00e9 en : Colombie-Britannique Description du Strawberry Cough Shatter Vous recherchez une vari\u00e9t\u00e9 sativa puissante qui vous donnera de l&#039;\u00e9nergie et vous fera planer? Ne cherchez pas plus loin que le Strawberry Cough! Cette vari\u00e9t\u00e9 puissante est parfaite pour ceux qui cherchent un remontant, gr\u00e2ce \u00e0 sa combinaison de sativa et indica. Le r\u00e9sultat est un &#039;&#039;high&#039;&#039; enivrant qui est parfait pour les activit\u00e9s cr\u00e9atives ou sociales. Et avec son ar\u00f4me sucr\u00e9 de fraise, cette vari\u00e9t\u00e9 est s\u00fbre de plaire m\u00eame aux connaisseurs de cannabis les plus exigeants.\" \/>\n<meta property=\"og:url\" content=\"https:\/\/bcweededible.net\/fr\/buy\/gros\/concentres-en-gros\/strawberry-cough-shatter-sativa\/\" \/>\n<meta property=\"og:site_name\" content=\"BC Weed Edible\" \/>\n<meta property=\"article:modified_time\" content=\"2025-07-16T19:03:03+00:00\" \/>\n<meta property=\"og:image\" content=\"https:\/\/bcweededible.net\/wp-content\/uploads\/2022\/06\/strawberry-cough-sativa-shatter.jpeg\" \/>\n\t<meta property=\"og:image:width\" content=\"900\" \/>\n\t<meta property=\"og:image:height\" content=\"900\" \/>\n\t<meta property=\"og:image:type\" content=\"image\/jpeg\" \/>\n<meta name=\"twitter:card\" content=\"summary_large_image\" \/>\n<script type=\"application\/ld+json\" class=\"yoast-schema-graph\">{\"@context\":\"https:\/\/schema.org\",\"@graph\":[{\"@type\":\"WebPage\",\"@id\":\"https:\/\/bcweededible.net\/fr\/buy\/gros\/concentres-en-gros\/strawberry-cough-shatter-sativa\/\",\"url\":\"https:\/\/bcweededible.net\/fr\/buy\/gros\/concentres-en-gros\/strawberry-cough-shatter-sativa\/\",\"name\":\"Acheter Strawberry Cough Shatter (Sativa) en ligne | Acheter Shatter Canada | BC Weed Edible\",\"isPartOf\":{\"@id\":\"https:\/\/bcweededible.net\/fr\/#website\"},\"primaryImageOfPage\":{\"@id\":\"https:\/\/bcweededible.net\/fr\/buy\/gros\/concentres-en-gros\/strawberry-cough-shatter-sativa\/#primaryimage\"},\"image\":{\"@id\":\"https:\/\/bcweededible.net\/fr\/buy\/gros\/concentres-en-gros\/strawberry-cough-shatter-sativa\/#primaryimage\"},\"thumbnailUrl\":\"https:\/\/bcweededible.net\/wp-content\/uploads\/2022\/06\/strawberry-cough-sativa-shatter.jpeg\",\"datePublished\":\"2022-12-01T09:38:59+00:00\",\"dateModified\":\"2025-07-16T19:03:03+00:00\",\"breadcrumb\":{\"@id\":\"https:\/\/bcweededible.net\/fr\/buy\/gros\/concentres-en-gros\/strawberry-cough-shatter-sativa\/#breadcrumb\"},\"inLanguage\":\"fr-FR\",\"potentialAction\":[{\"@type\":\"ReadAction\",\"target\":[\"https:\/\/bcweededible.net\/fr\/buy\/gros\/concentres-en-gros\/strawberry-cough-shatter-sativa\/\"]}]},{\"@type\":\"ImageObject\",\"inLanguage\":\"fr-FR\",\"@id\":\"https:\/\/bcweededible.net\/fr\/buy\/gros\/concentres-en-gros\/strawberry-cough-shatter-sativa\/#primaryimage\",\"url\":\"https:\/\/bcweededible.net\/wp-content\/uploads\/2022\/06\/strawberry-cough-sativa-shatter.jpeg\",\"contentUrl\":\"https:\/\/bcweededible.net\/wp-content\/uploads\/2022\/06\/strawberry-cough-sativa-shatter.jpeg\",\"width\":900,\"height\":900,\"caption\":\"strawberry cough sativa shatter\"},{\"@type\":\"BreadcrumbList\",\"@id\":\"https:\/\/bcweededible.net\/fr\/buy\/gros\/concentres-en-gros\/strawberry-cough-shatter-sativa\/#breadcrumb\",\"itemListElement\":[{\"@type\":\"ListItem\",\"position\":1,\"name\":\"Jujubes au Pot Canada\",\"item\":\"https:\/\/bcweededible.net\/fr\/shop\/\"},{\"@type\":\"ListItem\",\"position\":2,\"name\":\"Strawberry Cough Shatter (Sativa)\"}]},{\"@type\":\"WebSite\",\"@id\":\"https:\/\/bcweededible.net\/fr\/#website\",\"url\":\"https:\/\/bcweededible.net\/fr\/\",\"name\":\"BC Weed Edible\",\"description\":\"\",\"publisher\":{\"@id\":\"https:\/\/bcweededible.net\/fr\/#organization\"},\"potentialAction\":[{\"@type\":\"SearchAction\",\"target\":{\"@type\":\"EntryPoint\",\"urlTemplate\":\"https:\/\/bcweededible.net\/fr\/?s={search_term_string}\"},\"query-input\":{\"@type\":\"PropertyValueSpecification\",\"valueRequired\":true,\"valueName\":\"search_term_string\"}}],\"inLanguage\":\"fr-FR\"},{\"@type\":\"Organization\",\"@id\":\"https:\/\/bcweededible.net\/fr\/#organization\",\"name\":\"BC Weed Edible\",\"url\":\"https:\/\/bcweededible.net\/fr\/\",\"logo\":{\"@type\":\"ImageObject\",\"inLanguage\":\"fr-FR\",\"@id\":\"https:\/\/bcweededible.net\/fr\/#\/schema\/logo\/image\/\",\"url\":\"https:\/\/bcweededible.net\/wp-content\/uploads\/2021\/12\/bc-weed-edible-canada.png\",\"contentUrl\":\"https:\/\/bcweededible.net\/wp-content\/uploads\/2021\/12\/bc-weed-edible-canada.png\",\"width\":270,\"height\":185,\"caption\":\"BC Weed Edible\"},\"image\":{\"@id\":\"https:\/\/bcweededible.net\/fr\/#\/schema\/logo\/image\/\"}}]}<\/script>\n","yoast_head_json":{"title":"Acheter Strawberry Cough Shatter (Sativa) en ligne | Acheter Shatter Canada | BC Weed Edible","robots":{"index":"index","follow":"follow","max-snippet":"max-snippet:-1","max-image-preview":"max-image-preview:large","max-video-preview":"max-video-preview:-1"},"canonical":"https:\/\/bcweededible.net\/fr\/buy\/gros\/concentres-en-gros\/strawberry-cough-shatter-sativa\/","og_locale":"fr_FR","og_type":"article","og_title":"Acheter Strawberry Cough Shatter (Sativa) en ligne | Acheter Shatter Canada | BC Weed Edible","og_description":"Vous cherchez un puissant concentr\u00e9 qui vous fera planer \u00e0 coup s\u00fbr ? Ne cherchez pas plus loin que notre Strawberry Cough Shatter. Ce produit puissant est l'une des vari\u00e9t\u00e9s les plus populaires au Canada et est parfait pour ceux qui veulent un high puissant. Le shatter est une forme tr\u00e8s concentr\u00e9e de cannabis qui est connue pour ses effets intenses. Tous nos Nug Run Shatters sont disponibles \u00e0 partir de 8$ le gramme ! Nous en avons en quantit\u00e9 limit\u00e9e, alors profitez-en rapidement! A propos du Strawberry Cough Shatter Consistance : Shatter Ph\u00e9notype : Hybride \u00e0 dominance Sativa Teneur en THC : +79% Teneur en CBD : &lt;1-2% Type d'\u00e9clats : Nug Run Shatter (fabriqu\u00e9 \u00e0 partir de fleurs seulement) Fabriqu\u00e9 en : Colombie-Britannique Description du Strawberry Cough Shatter Vous recherchez une vari\u00e9t\u00e9 sativa puissante qui vous donnera de l'\u00e9nergie et vous fera planer? Ne cherchez pas plus loin que le Strawberry Cough! Cette vari\u00e9t\u00e9 puissante est parfaite pour ceux qui cherchent un remontant, gr\u00e2ce \u00e0 sa combinaison de sativa et indica. Le r\u00e9sultat est un ''high'' enivrant qui est parfait pour les activit\u00e9s cr\u00e9atives ou sociales. Et avec son ar\u00f4me sucr\u00e9 de fraise, cette vari\u00e9t\u00e9 est s\u00fbre de plaire m\u00eame aux connaisseurs de cannabis les plus exigeants.","og_url":"https:\/\/bcweededible.net\/fr\/buy\/gros\/concentres-en-gros\/strawberry-cough-shatter-sativa\/","og_site_name":"BC Weed Edible","article_modified_time":"2025-07-16T19:03:03+00:00","og_image":[{"width":900,"height":900,"url":"https:\/\/bcweededible.net\/wp-content\/uploads\/2022\/06\/strawberry-cough-sativa-shatter.jpeg","type":"image\/jpeg"}],"twitter_card":"summary_large_image","schema":{"@context":"https:\/\/schema.org","@graph":[{"@type":"WebPage","@id":"https:\/\/bcweededible.net\/fr\/buy\/gros\/concentres-en-gros\/strawberry-cough-shatter-sativa\/","url":"https:\/\/bcweededible.net\/fr\/buy\/gros\/concentres-en-gros\/strawberry-cough-shatter-sativa\/","name":"Acheter Strawberry Cough Shatter (Sativa) en ligne | Acheter Shatter Canada | BC Weed Edible","isPartOf":{"@id":"https:\/\/bcweededible.net\/fr\/#website"},"primaryImageOfPage":{"@id":"https:\/\/bcweededible.net\/fr\/buy\/gros\/concentres-en-gros\/strawberry-cough-shatter-sativa\/#primaryimage"},"image":{"@id":"https:\/\/bcweededible.net\/fr\/buy\/gros\/concentres-en-gros\/strawberry-cough-shatter-sativa\/#primaryimage"},"thumbnailUrl":"https:\/\/bcweededible.net\/wp-content\/uploads\/2022\/06\/strawberry-cough-sativa-shatter.jpeg","datePublished":"2022-12-01T09:38:59+00:00","dateModified":"2025-07-16T19:03:03+00:00","breadcrumb":{"@id":"https:\/\/bcweededible.net\/fr\/buy\/gros\/concentres-en-gros\/strawberry-cough-shatter-sativa\/#breadcrumb"},"inLanguage":"fr-FR","potentialAction":[{"@type":"ReadAction","target":["https:\/\/bcweededible.net\/fr\/buy\/gros\/concentres-en-gros\/strawberry-cough-shatter-sativa\/"]}]},{"@type":"ImageObject","inLanguage":"fr-FR","@id":"https:\/\/bcweededible.net\/fr\/buy\/gros\/concentres-en-gros\/strawberry-cough-shatter-sativa\/#primaryimage","url":"https:\/\/bcweededible.net\/wp-content\/uploads\/2022\/06\/strawberry-cough-sativa-shatter.jpeg","contentUrl":"https:\/\/bcweededible.net\/wp-content\/uploads\/2022\/06\/strawberry-cough-sativa-shatter.jpeg","width":900,"height":900,"caption":"strawberry cough sativa shatter"},{"@type":"BreadcrumbList","@id":"https:\/\/bcweededible.net\/fr\/buy\/gros\/concentres-en-gros\/strawberry-cough-shatter-sativa\/#breadcrumb","itemListElement":[{"@type":"ListItem","position":1,"name":"Jujubes au Pot Canada","item":"https:\/\/bcweededible.net\/fr\/shop\/"},{"@type":"ListItem","position":2,"name":"Strawberry Cough Shatter (Sativa)"}]},{"@type":"WebSite","@id":"https:\/\/bcweededible.net\/fr\/#website","url":"https:\/\/bcweededible.net\/fr\/","name":"BC Weed Edible","description":"","publisher":{"@id":"https:\/\/bcweededible.net\/fr\/#organization"},"potentialAction":[{"@type":"SearchAction","target":{"@type":"EntryPoint","urlTemplate":"https:\/\/bcweededible.net\/fr\/?s={search_term_string}"},"query-input":{"@type":"PropertyValueSpecification","valueRequired":true,"valueName":"search_term_string"}}],"inLanguage":"fr-FR"},{"@type":"Organization","@id":"https:\/\/bcweededible.net\/fr\/#organization","name":"BC Weed Edible","url":"https:\/\/bcweededible.net\/fr\/","logo":{"@type":"ImageObject","inLanguage":"fr-FR","@id":"https:\/\/bcweededible.net\/fr\/#\/schema\/logo\/image\/","url":"https:\/\/bcweededible.net\/wp-content\/uploads\/2021\/12\/bc-weed-edible-canada.png","contentUrl":"https:\/\/bcweededible.net\/wp-content\/uploads\/2021\/12\/bc-weed-edible-canada.png","width":270,"height":185,"caption":"BC Weed Edible"},"image":{"@id":"https:\/\/bcweededible.net\/fr\/#\/schema\/logo\/image\/"}}]}},"_links":{"self":[{"href":"https:\/\/bcweededible.net\/fr\/wp-json\/wp\/v2\/product\/23637","targetHints":{"allow":["GET"]}}],"collection":[{"href":"https:\/\/bcweededible.net\/fr\/wp-json\/wp\/v2\/product"}],"about":[{"href":"https:\/\/bcweededible.net\/fr\/wp-json\/wp\/v2\/types\/product"}],"replies":[{"embeddable":true,"href":"https:\/\/bcweededible.net\/fr\/wp-json\/wp\/v2\/comments?post=23637"}],"wp:featuredmedia":[{"embeddable":true,"href":"https:\/\/bcweededible.net\/fr\/wp-json\/wp\/v2\/media\/16877"}],"wp:attachment":[{"href":"https:\/\/bcweededible.net\/fr\/wp-json\/wp\/v2\/media?parent=23637"}],"wp:term":[{"taxonomy":"product_cat","embeddable":true,"href":"https:\/\/bcweededible.net\/fr\/wp-json\/wp\/v2\/product_cat?post=23637"},{"taxonomy":"product_tag","embeddable":true,"href":"https:\/\/bcweededible.net\/fr\/wp-json\/wp\/v2\/product_tag?post=23637"}],"curies":[{"name":"wp","href":"https:\/\/api.w.org\/{rel}","templated":true}]}}