{"id":23589,"date":"2022-08-22T11:57:13","date_gmt":"2022-12-01T09:38:49","guid":{"rendered":"https:\/\/bcweededible.net\/buy\/non%20class\u00e9\/1000mg-cbd-oil-pour-chiens-big\/"},"modified":"2025-04-23T12:16:19","modified_gmt":"2025-04-23T19:16:19","slug":"1000mg-cbd-oil-pour-chiens-big","status":"publish","type":"product","link":"https:\/\/bcweededible.net\/fr\/buy\/comestibles\/comestibles-au-cbd\/huile-cbd\/1000mg-cbd-oil-pour-chiens-big\/","title":{"rendered":"Huile CBD 1000mg pour chiens (Big)"},"content":{"rendered":"<h2>Tableau des doses de CBD pour les chiens<\/h2>\r\n<p><strong>Commencez par 2 mg de CBD pour 10 livres de poids du chien. <\/strong> Certaines personnes donnent de l&#8217;huile de CBD \u00e0 leur chien tous les jours pour l&#8217;aider dans sa sant\u00e9 g\u00e9n\u00e9rale. D&#8217;autres ne l&#8217;utilisent que lorsqu&#8217;il y a une situation stressante, comme un feu d&#8217;artifice ou une visite \u00e0 la clinique v\u00e9t\u00e9rinaire. Donnez du CBD \u00e0 votre chien jusqu&#8217;\u00e0 2 fois par jour, en respectant un intervalle de 4 \u00e0 8 heures entre les portions pendant au moins 3 jours. Pour commencer, nous vous recommandons de donner \u00e0 votre chien du CBD une seule fois par jour pendant une semaine et de surveiller toute am\u00e9lioration de son \u00e9tat de sant\u00e9. Sinon, vous pouvez le faire 2 fois par jour.<\/p>\r\n<h2><\/h2>\r\n<figure class=\"wp-block-table is-style-stripes\">\r\n<table class=\"has-fixed-layout\">\r\n<thead>\r\n<tr>\r\n<th class=\"has-text-align-center\" data-align=\"center\">Poids<\/th>\r\n<th class=\"has-text-align-center\" data-align=\"center\">Total CBD<\/th>\r\n<\/tr>\r\n<\/thead>\r\n<tbody>\r\n<tr>\r\n<td class=\"has-text-align-center\" data-align=\"center\">5 livres<\/td>\r\n<td class=\"has-text-align-center\" data-align=\"center\">1mg<\/td>\r\n<\/tr>\r\n<tr>\r\n<td class=\"has-text-align-center\" data-align=\"center\">10 livres<\/td>\r\n<td class=\"has-text-align-center\" data-align=\"center\">2mg<\/td>\r\n<\/tr>\r\n<tr>\r\n<td class=\"has-text-align-center\" data-align=\"center\">15 livres<\/td>\r\n<td class=\"has-text-align-center\" data-align=\"center\">3mg<\/td>\r\n<\/tr>\r\n<tr>\r\n<td class=\"has-text-align-center\" data-align=\"center\">20 livres<\/td>\r\n<td class=\"has-text-align-center\" data-align=\"center\">4mg<\/td>\r\n<\/tr>\r\n<tr>\r\n<td class=\"has-text-align-center\" data-align=\"center\">25 livres<\/td>\r\n<td class=\"has-text-align-center\" data-align=\"center\">5mg<\/td>\r\n<\/tr>\r\n<tr>\r\n<td class=\"has-text-align-center\" data-align=\"center\">30 livres<\/td>\r\n<td class=\"has-text-align-center\" data-align=\"center\">6mg<\/td>\r\n<\/tr>\r\n<tr>\r\n<td class=\"has-text-align-center\" data-align=\"center\">40 livres<\/td>\r\n<td class=\"has-text-align-center\" data-align=\"center\">8mg<\/td>\r\n<\/tr>\r\n<tr>\r\n<td class=\"has-text-align-center\" data-align=\"center\">50 livres<\/td>\r\n<td class=\"has-text-align-center\" data-align=\"center\">10mg<\/td>\r\n<\/tr>\r\n<tr>\r\n<td class=\"has-text-align-center\" data-align=\"center\">60 livres<\/td>\r\n<td class=\"has-text-align-center\" data-align=\"center\">12mg<\/td>\r\n<\/tr>\r\n<tr>\r\n<td class=\"has-text-align-center\" data-align=\"center\">75 livres<\/td>\r\n<td class=\"has-text-align-center\" data-align=\"center\">15mg<\/td>\r\n<\/tr>\r\n<tr>\r\n<td class=\"has-text-align-center\" data-align=\"center\">100 livres<\/td>\r\n<td class=\"has-text-align-center\" data-align=\"center\">20mg<\/td>\r\n<\/tr>\r\n<tr>\r\n<td class=\"has-text-align-center\" data-align=\"center\">150 livres<\/td>\r\n<td class=\"has-text-align-center\" data-align=\"center\">30mg<\/td>\r\n<\/tr>\r\n<tr>\r\n<td class=\"has-text-align-center\" data-align=\"center\">35 livres<\/td>\r\n<td class=\"has-text-align-center\" data-align=\"center\">14mg<\/td>\r\n<\/tr>\r\n<tr>\r\n<td class=\"has-text-align-center\" data-align=\"center\">35 livres<\/td>\r\n<td class=\"has-text-align-center\" data-align=\"center\">14mg<\/td>\r\n<\/tr>\r\n<\/tbody>\r\n<\/table>\r\n<figcaption><\/figcaption>\r\n<\/figure>\r\n<h2 id=\"tw-target-text\" class=\"tw-data-text tw-text-large tw-ta\" dir=\"ltr\" data-placeholder=\"Traduction\" data-ved=\"2ahUKEwiwm6_40MSEAxUXOjQIHZrqBsEQ3ewLegQIDhAU\"><strong><span class=\"Y2IQFc\" lang=\"fr\">Pourquoi acheter de l\u2019huile de CBD pour chiens chez BC Weed Edible ? <\/span><\/strong><\/h2>\r\n<p class=\"tw-data-text tw-text-large tw-ta\" dir=\"ltr\" data-placeholder=\"Traduction\" data-ved=\"2ahUKEwiwm6_40MSEAxUXOjQIHZrqBsEQ3ewLegQIDhAU\"><span class=\"Y2IQFc\" lang=\"fr\">Vous cherchez un moyen naturel d&#8217;am\u00e9liorer la sant\u00e9 de votre chien ? L\u2019huile de CBD est une excellente option ! Chez BC Weed Edible, nous cr\u00e9ons de l&#8217;huile de CBD sp\u00e9cialement formul\u00e9e pour les chiens, avec des ingr\u00e9dients qui peuvent favoriser la sant\u00e9 globale. Notre huile de CBD est \u00e9galement test\u00e9e en laboratoire pour v\u00e9rifier son exactitude et sa puret\u00e9, vous pouvez donc \u00eatre s\u00fbr que vous donnez \u00e0 votre chien le meilleur produit possible. Et comme nous utilisons uniquement des ingr\u00e9dients naturels, vous pouvez donner de l\u2019huile de CBD \u00e0 votre chien dans le cadre de sa routine de sant\u00e9 habituelle. Alors pourquoi ne pas essayer l\u2019huile de CBD et constater les r\u00e9sultats par vous-m\u00eame ? Votre chien vous remerciera ! <\/span><\/p>\r\n<p class=\"tw-data-text tw-text-large tw-ta\" dir=\"ltr\" data-placeholder=\"Traduction\" data-ved=\"2ahUKEwiwm6_40MSEAxUXOjQIHZrqBsEQ3ewLegQIDhAU\"><span class=\"Y2IQFc\" lang=\"fr\">Chez BC Weed Edible, nous voulons nous assurer que votre chiot puisse tirer le meilleur parti de notre huile, c&#8217;est pourquoi nous ajoutons \u00e9galement de l&#8217;huile de saumon dans notre recette. Tout d\u2019abord, cela le rend d\u00e9licieux pour votre meilleur ami. Deuxi\u00e8mement, c&#8217;est aussi une fa\u00e7on de garder votre compagnon \u00e0 quatre pattes en bonne sant\u00e9 et heureux. Riche en acides gras om\u00e9ga-3 et om\u00e9ga-6, l\u2019huile de saumon est un excellent moyen d\u2019am\u00e9liorer la sant\u00e9 globale de votre chien. L&#8217;huile de saumon peut aider \u00e0 soulager les allergies, \u00e0 am\u00e9liorer la sant\u00e9 de la peau et du poil, \u00e0 r\u00e9duire les douleurs articulaires et bien plus encore.\u00a0<\/span><\/p>","protected":false},"excerpt":{"rendered":"<p>Cette huile de CBD pour les chiens est fabriqu\u00e9e \u00e0 partir du <a href=\"https:\/\/bcweededible.net\/fr\/buy\/gros\/concentres-en-gros\/cbd-isolat-gros\/\">meilleur isolat de CBD<\/a> disponible au Canada, avec une teneur en CBD de plus de 99,9 %.<\/p>\n<ul>\n<li><strong>Bouteille d&#8217;huile de CBD de 30ml<\/strong><\/li>\n<li><strong>16,6 mg de CBD par compte-gouttes plein<\/strong>.<\/li>\n<li><strong>100% sans THC.<\/strong><\/li>\n<\/ul>\n<p>Notre huile de CBD de haute qualit\u00e9 est test\u00e9e en laboratoire et produite dans un environnement contr\u00f4l\u00e9, vous pouvez donc \u00eatre s\u00fbr que vous obtenez le meilleur produit possible. Essayez notre huile de CBD pure aujourd&#8217;hui et voyez la diff\u00e9rence qu&#8217;elle peut faire pour votre chien.<\/p>\n<p><strong>Ingr\u00e9dients :<\/strong> Huile MCT biologique, huile de saumon sauvage d&#8217;Alaska pure, CBD extrait \u00e0 99,9 % de qualit\u00e9 sup\u00e9rieure.<\/p>\n","protected":false},"featured_media":19224,"comment_status":"open","ping_status":"closed","template":"","meta":{"wprm-recipe-roundup-name":"","wprm-recipe-roundup-description":""},"product_cat":[244,265,273,330,280],"product_tag":[],"class_list":{"0":"post-23589","1":"product","2":"type-product","3":"status-publish","4":"has-post-thumbnail","6":"product_cat-comestibles","7":"product_cat-comestibles-au-cbd","8":"product_cat-huile-cbd","9":"product_cat-teintures-thc-cbd","10":"product_cat-vegan-fr","12":"first","13":"outofstock","14":"shipping-taxable","15":"purchasable","16":"product-type-simple"},"yoast_head":"\n<title>Acheter 1000mg CBD Oil for Big Dogs Canada | BC Weed Edible<\/title>\n<meta name=\"robots\" content=\"index, follow, max-snippet:-1, max-image-preview:large, max-video-preview:-1\" \/>\n<link rel=\"canonical\" href=\"https:\/\/bcweededible.net\/fr\/buy\/comestibles\/comestibles-au-cbd\/huile-cbd\/1000mg-cbd-oil-pour-chiens-big\/\" \/>\n<meta property=\"og:locale\" content=\"fr_FR\" \/>\n<meta property=\"og:type\" content=\"article\" \/>\n<meta property=\"og:title\" content=\"Acheter 1000mg CBD Oil for Big Dogs Canada | BC Weed Edible\" \/>\n<meta property=\"og:description\" content=\"Cette huile de CBD pour les chiens est fabriqu\u00e9e \u00e0 partir du meilleur isolat de CBD disponible au Canada, avec une teneur en CBD de plus de 99,9 %. Bouteille d&#039;huile de CBD de 30ml 16,6 mg de CBD par compte-gouttes plein. 100% sans THC. Notre huile de CBD de haute qualit\u00e9 est test\u00e9e en laboratoire et produite dans un environnement contr\u00f4l\u00e9, vous pouvez donc \u00eatre s\u00fbr que vous obtenez le meilleur produit possible. Essayez notre huile de CBD pure aujourd&#039;hui et voyez la diff\u00e9rence qu&#039;elle peut faire pour votre chien. Ingr\u00e9dients : Huile MCT biologique, huile de saumon sauvage d&#039;Alaska pure, CBD extrait \u00e0 99,9 % de qualit\u00e9 sup\u00e9rieure.\" \/>\n<meta property=\"og:url\" content=\"https:\/\/bcweededible.net\/fr\/buy\/comestibles\/comestibles-au-cbd\/huile-cbd\/1000mg-cbd-oil-pour-chiens-big\/\" \/>\n<meta property=\"og:site_name\" content=\"BC Weed Edible\" \/>\n<meta property=\"article:modified_time\" content=\"2025-04-23T19:16:19+00:00\" \/>\n<meta property=\"og:image\" content=\"https:\/\/bcweededible.net\/wp-content\/uploads\/2022\/01\/cbd-oil-for-dogs.jpg\" \/>\n\t<meta property=\"og:image:width\" content=\"1079\" \/>\n\t<meta property=\"og:image:height\" content=\"950\" \/>\n\t<meta property=\"og:image:type\" content=\"image\/jpeg\" \/>\n<meta name=\"twitter:card\" content=\"summary_large_image\" \/>\n<meta name=\"twitter:label1\" content=\"Dur\u00e9e de lecture estim\u00e9e\" \/>\n\t<meta name=\"twitter:data1\" content=\"2 minutes\" \/>\n<script type=\"application\/ld+json\" class=\"yoast-schema-graph\">{\"@context\":\"https:\/\/schema.org\",\"@graph\":[{\"@type\":\"WebPage\",\"@id\":\"https:\/\/bcweededible.net\/fr\/buy\/comestibles\/comestibles-au-cbd\/huile-cbd\/1000mg-cbd-oil-pour-chiens-big\/\",\"url\":\"https:\/\/bcweededible.net\/fr\/buy\/comestibles\/comestibles-au-cbd\/huile-cbd\/1000mg-cbd-oil-pour-chiens-big\/\",\"name\":\"Acheter 1000mg CBD Oil for Big Dogs Canada | BC Weed Edible\",\"isPartOf\":{\"@id\":\"https:\/\/bcweededible.net\/fr\/#website\"},\"primaryImageOfPage\":{\"@id\":\"https:\/\/bcweededible.net\/fr\/buy\/comestibles\/comestibles-au-cbd\/huile-cbd\/1000mg-cbd-oil-pour-chiens-big\/#primaryimage\"},\"image\":{\"@id\":\"https:\/\/bcweededible.net\/fr\/buy\/comestibles\/comestibles-au-cbd\/huile-cbd\/1000mg-cbd-oil-pour-chiens-big\/#primaryimage\"},\"thumbnailUrl\":\"https:\/\/bcweededible.net\/wp-content\/uploads\/2022\/01\/cbd-oil-for-dogs.jpg\",\"datePublished\":\"2022-12-01T09:38:49+00:00\",\"dateModified\":\"2025-04-23T19:16:19+00:00\",\"breadcrumb\":{\"@id\":\"https:\/\/bcweededible.net\/fr\/buy\/comestibles\/comestibles-au-cbd\/huile-cbd\/1000mg-cbd-oil-pour-chiens-big\/#breadcrumb\"},\"inLanguage\":\"fr-FR\",\"potentialAction\":[{\"@type\":\"ReadAction\",\"target\":[\"https:\/\/bcweededible.net\/fr\/buy\/comestibles\/comestibles-au-cbd\/huile-cbd\/1000mg-cbd-oil-pour-chiens-big\/\"]}]},{\"@type\":\"ImageObject\",\"inLanguage\":\"fr-FR\",\"@id\":\"https:\/\/bcweededible.net\/fr\/buy\/comestibles\/comestibles-au-cbd\/huile-cbd\/1000mg-cbd-oil-pour-chiens-big\/#primaryimage\",\"url\":\"https:\/\/bcweededible.net\/wp-content\/uploads\/2022\/01\/cbd-oil-for-dogs.jpg\",\"contentUrl\":\"https:\/\/bcweededible.net\/wp-content\/uploads\/2022\/01\/cbd-oil-for-dogs.jpg\",\"width\":1079,\"height\":950,\"caption\":\"cbd oil for dogs\"},{\"@type\":\"BreadcrumbList\",\"@id\":\"https:\/\/bcweededible.net\/fr\/buy\/comestibles\/comestibles-au-cbd\/huile-cbd\/1000mg-cbd-oil-pour-chiens-big\/#breadcrumb\",\"itemListElement\":[{\"@type\":\"ListItem\",\"position\":1,\"name\":\"Jujubes au Pot Canada\",\"item\":\"https:\/\/bcweededible.net\/fr\/shop\/\"},{\"@type\":\"ListItem\",\"position\":2,\"name\":\"Huile CBD 1000mg pour chiens (Big)\"}]},{\"@type\":\"WebSite\",\"@id\":\"https:\/\/bcweededible.net\/fr\/#website\",\"url\":\"https:\/\/bcweededible.net\/fr\/\",\"name\":\"BC Weed Edible\",\"description\":\"\",\"publisher\":{\"@id\":\"https:\/\/bcweededible.net\/fr\/#organization\"},\"potentialAction\":[{\"@type\":\"SearchAction\",\"target\":{\"@type\":\"EntryPoint\",\"urlTemplate\":\"https:\/\/bcweededible.net\/fr\/?s={search_term_string}\"},\"query-input\":{\"@type\":\"PropertyValueSpecification\",\"valueRequired\":true,\"valueName\":\"search_term_string\"}}],\"inLanguage\":\"fr-FR\"},{\"@type\":\"Organization\",\"@id\":\"https:\/\/bcweededible.net\/fr\/#organization\",\"name\":\"BC Weed Edible\",\"url\":\"https:\/\/bcweededible.net\/fr\/\",\"logo\":{\"@type\":\"ImageObject\",\"inLanguage\":\"fr-FR\",\"@id\":\"https:\/\/bcweededible.net\/fr\/#\/schema\/logo\/image\/\",\"url\":\"https:\/\/bcweededible.net\/wp-content\/uploads\/2021\/12\/bc-weed-edible-canada.png\",\"contentUrl\":\"https:\/\/bcweededible.net\/wp-content\/uploads\/2021\/12\/bc-weed-edible-canada.png\",\"width\":270,\"height\":185,\"caption\":\"BC Weed Edible\"},\"image\":{\"@id\":\"https:\/\/bcweededible.net\/fr\/#\/schema\/logo\/image\/\"}}]}<\/script>\n","yoast_head_json":{"title":"Acheter 1000mg CBD Oil for Big Dogs Canada | BC Weed Edible","robots":{"index":"index","follow":"follow","max-snippet":"max-snippet:-1","max-image-preview":"max-image-preview:large","max-video-preview":"max-video-preview:-1"},"canonical":"https:\/\/bcweededible.net\/fr\/buy\/comestibles\/comestibles-au-cbd\/huile-cbd\/1000mg-cbd-oil-pour-chiens-big\/","og_locale":"fr_FR","og_type":"article","og_title":"Acheter 1000mg CBD Oil for Big Dogs Canada | BC Weed Edible","og_description":"Cette huile de CBD pour les chiens est fabriqu\u00e9e \u00e0 partir du meilleur isolat de CBD disponible au Canada, avec une teneur en CBD de plus de 99,9 %. Bouteille d'huile de CBD de 30ml 16,6 mg de CBD par compte-gouttes plein. 100% sans THC. Notre huile de CBD de haute qualit\u00e9 est test\u00e9e en laboratoire et produite dans un environnement contr\u00f4l\u00e9, vous pouvez donc \u00eatre s\u00fbr que vous obtenez le meilleur produit possible. Essayez notre huile de CBD pure aujourd'hui et voyez la diff\u00e9rence qu'elle peut faire pour votre chien. Ingr\u00e9dients : Huile MCT biologique, huile de saumon sauvage d'Alaska pure, CBD extrait \u00e0 99,9 % de qualit\u00e9 sup\u00e9rieure.","og_url":"https:\/\/bcweededible.net\/fr\/buy\/comestibles\/comestibles-au-cbd\/huile-cbd\/1000mg-cbd-oil-pour-chiens-big\/","og_site_name":"BC Weed Edible","article_modified_time":"2025-04-23T19:16:19+00:00","og_image":[{"width":1079,"height":950,"url":"https:\/\/bcweededible.net\/wp-content\/uploads\/2022\/01\/cbd-oil-for-dogs.jpg","type":"image\/jpeg"}],"twitter_card":"summary_large_image","twitter_misc":{"Dur\u00e9e de lecture estim\u00e9e":"2 minutes"},"schema":{"@context":"https:\/\/schema.org","@graph":[{"@type":"WebPage","@id":"https:\/\/bcweededible.net\/fr\/buy\/comestibles\/comestibles-au-cbd\/huile-cbd\/1000mg-cbd-oil-pour-chiens-big\/","url":"https:\/\/bcweededible.net\/fr\/buy\/comestibles\/comestibles-au-cbd\/huile-cbd\/1000mg-cbd-oil-pour-chiens-big\/","name":"Acheter 1000mg CBD Oil for Big Dogs Canada | BC Weed Edible","isPartOf":{"@id":"https:\/\/bcweededible.net\/fr\/#website"},"primaryImageOfPage":{"@id":"https:\/\/bcweededible.net\/fr\/buy\/comestibles\/comestibles-au-cbd\/huile-cbd\/1000mg-cbd-oil-pour-chiens-big\/#primaryimage"},"image":{"@id":"https:\/\/bcweededible.net\/fr\/buy\/comestibles\/comestibles-au-cbd\/huile-cbd\/1000mg-cbd-oil-pour-chiens-big\/#primaryimage"},"thumbnailUrl":"https:\/\/bcweededible.net\/wp-content\/uploads\/2022\/01\/cbd-oil-for-dogs.jpg","datePublished":"2022-12-01T09:38:49+00:00","dateModified":"2025-04-23T19:16:19+00:00","breadcrumb":{"@id":"https:\/\/bcweededible.net\/fr\/buy\/comestibles\/comestibles-au-cbd\/huile-cbd\/1000mg-cbd-oil-pour-chiens-big\/#breadcrumb"},"inLanguage":"fr-FR","potentialAction":[{"@type":"ReadAction","target":["https:\/\/bcweededible.net\/fr\/buy\/comestibles\/comestibles-au-cbd\/huile-cbd\/1000mg-cbd-oil-pour-chiens-big\/"]}]},{"@type":"ImageObject","inLanguage":"fr-FR","@id":"https:\/\/bcweededible.net\/fr\/buy\/comestibles\/comestibles-au-cbd\/huile-cbd\/1000mg-cbd-oil-pour-chiens-big\/#primaryimage","url":"https:\/\/bcweededible.net\/wp-content\/uploads\/2022\/01\/cbd-oil-for-dogs.jpg","contentUrl":"https:\/\/bcweededible.net\/wp-content\/uploads\/2022\/01\/cbd-oil-for-dogs.jpg","width":1079,"height":950,"caption":"cbd oil for dogs"},{"@type":"BreadcrumbList","@id":"https:\/\/bcweededible.net\/fr\/buy\/comestibles\/comestibles-au-cbd\/huile-cbd\/1000mg-cbd-oil-pour-chiens-big\/#breadcrumb","itemListElement":[{"@type":"ListItem","position":1,"name":"Jujubes au Pot Canada","item":"https:\/\/bcweededible.net\/fr\/shop\/"},{"@type":"ListItem","position":2,"name":"Huile CBD 1000mg pour chiens (Big)"}]},{"@type":"WebSite","@id":"https:\/\/bcweededible.net\/fr\/#website","url":"https:\/\/bcweededible.net\/fr\/","name":"BC Weed Edible","description":"","publisher":{"@id":"https:\/\/bcweededible.net\/fr\/#organization"},"potentialAction":[{"@type":"SearchAction","target":{"@type":"EntryPoint","urlTemplate":"https:\/\/bcweededible.net\/fr\/?s={search_term_string}"},"query-input":{"@type":"PropertyValueSpecification","valueRequired":true,"valueName":"search_term_string"}}],"inLanguage":"fr-FR"},{"@type":"Organization","@id":"https:\/\/bcweededible.net\/fr\/#organization","name":"BC Weed Edible","url":"https:\/\/bcweededible.net\/fr\/","logo":{"@type":"ImageObject","inLanguage":"fr-FR","@id":"https:\/\/bcweededible.net\/fr\/#\/schema\/logo\/image\/","url":"https:\/\/bcweededible.net\/wp-content\/uploads\/2021\/12\/bc-weed-edible-canada.png","contentUrl":"https:\/\/bcweededible.net\/wp-content\/uploads\/2021\/12\/bc-weed-edible-canada.png","width":270,"height":185,"caption":"BC Weed Edible"},"image":{"@id":"https:\/\/bcweededible.net\/fr\/#\/schema\/logo\/image\/"}}]}},"_links":{"self":[{"href":"https:\/\/bcweededible.net\/fr\/wp-json\/wp\/v2\/product\/23589","targetHints":{"allow":["GET"]}}],"collection":[{"href":"https:\/\/bcweededible.net\/fr\/wp-json\/wp\/v2\/product"}],"about":[{"href":"https:\/\/bcweededible.net\/fr\/wp-json\/wp\/v2\/types\/product"}],"replies":[{"embeddable":true,"href":"https:\/\/bcweededible.net\/fr\/wp-json\/wp\/v2\/comments?post=23589"}],"wp:featuredmedia":[{"embeddable":true,"href":"https:\/\/bcweededible.net\/fr\/wp-json\/wp\/v2\/media\/19224"}],"wp:attachment":[{"href":"https:\/\/bcweededible.net\/fr\/wp-json\/wp\/v2\/media?parent=23589"}],"wp:term":[{"taxonomy":"product_cat","embeddable":true,"href":"https:\/\/bcweededible.net\/fr\/wp-json\/wp\/v2\/product_cat?post=23589"},{"taxonomy":"product_tag","embeddable":true,"href":"https:\/\/bcweededible.net\/fr\/wp-json\/wp\/v2\/product_tag?post=23589"}],"curies":[{"name":"wp","href":"https:\/\/api.w.org\/{rel}","templated":true}]}}