{"id":23546,"date":"2022-10-04T17:21:07","date_gmt":"2022-12-01T09:37:18","guid":{"rendered":"https:\/\/bcweededible.net\/buy\/non%20class\u00e9\/bulk-20mg-thc-jujubes\/"},"modified":"2025-04-23T12:23:39","modified_gmt":"2025-04-23T19:23:39","slug":"bulk-20mg-thc-jujubes","status":"publish","type":"product","link":"https:\/\/bcweededible.net\/fr\/buy\/marques\/eden-edibles-fr\/eden-en-vrac\/bulk-20mg-thc-jujubes\/","title":{"rendered":"Jujubes 20mg THC en vrac"},"content":{"rendered":"<h2>DESCRIPTION<\/h2>\n<p>Nous nous engageons \u00e0 cr\u00e9er les jujubes au cannabis du monde. Notre chef p\u00e2tissier professionnel cr\u00e9e chaque saveur avec soin, en combinant des ingr\u00e9dients naturels et vegan de mani\u00e8re r\u00e9fl\u00e9chie pour qu&#8217;ils soient incroyablement d\u00e9licieux. Nous dosons m\u00eame nos edibles avec des extraits de cannabis test\u00e9s en laboratoire pour\u00a0que vous puissiez profiter d\u2019une exp\u00e9rience constante et similaire \u00e0 chaque fois que vous consommez nos d\u00e9licieux produits.<\/p>\n<p><b>Ingr\u00e9dients : <\/b>pur\u00e9e de fruits, sucre, pectine NH, glucose, jus de citron, distillat de THC, terp\u00e8nes naturels.<\/p>\n<p><b>Instructions :<\/b> 20mg est un excellent dosage pour les utilisateurs r\u00e9cr\u00e9atifs exp\u00e9riment\u00e9s. Nous vous recommandons de prendre une dose de 5 \u00e0 10 mg si c&#8217;est votre premi\u00e8re fois. Attendez 90 minutes pour que l&#8217;effet soit complet avant d&#8217;envisager une autre dose.<\/p>\n<p><strong>Conservation :<\/strong>\u00a06 mois au r\u00e9frig\u00e9rateur, 2 mois \u00e0 temp\u00e9rature ambiante, \u00e0 conserver dans un endroit sec et sombre.<\/p>\n<p><b>AVERTISSEMENT : <\/b>Il s&#8217;agit d&#8217;un produit infus\u00e9 au cannabis destin\u00e9 \u00e0 un usage m\u00e9dical et r\u00e9cr\u00e9atif. Tenir hors de port\u00e9e des enfants et des animaux domestiques. Ne conduisez pas ou n&#8217;utilisez pas de machinerie sous l&#8217;influence du cannabis.<\/p>\n","protected":false},"excerpt":{"rendered":"<p>Nos <strong> Jujubes THC 20mg en vrac<\/strong> sont vegan, sans g\u00e9latine et fabriqu\u00e9s avec les meilleurs ingr\u00e9dients. Cette offre en vrac contient 100 paquets ( 10 jujubes de 20mg par paquet). Cette offre est excellente si vous avez besoin de grandes quantit\u00e9s pour des raisons m\u00e9dicales ou si vous voulez les vendre autour de vous.<\/p>\n<p>Vous pouvez donc<strong> choisir entre Sativa et Indica.<\/strong> Avec cette offre, vous b\u00e9n\u00e9ficiez d&#8217;une r\u00e9duction de 50 % sur le prix de d\u00e9tail.<\/p>\n<ul>\n<li>Jujubes Saveur Mangue Indica<\/li>\n<li>Jujubes Saveur Fraise Sativa<\/li>\n<\/ul>\n<h2>Informations sur le produit<\/h2>\n<table>\n<tbody>\n<tr>\n<td class=\"has-text-align-center\" style=\"text-align: left;\" data-align=\"center\"><strong>Total Paquets<\/strong><\/td>\n<td class=\"has-text-align-center\" style=\"text-align: left;\" data-align=\"center\">100 paquets (10 jujubes de 20mg par paquet)<\/td>\n<\/tr>\n<tr>\n<td class=\"has-text-align-center\" style=\"text-align: left;\" data-align=\"center\"><strong>Effets<\/strong><\/td>\n<td class=\"has-text-align-center\" style=\"text-align: left;\" data-align=\"center\">Plaisir, \u00e9nergie, cr\u00e9ativit\u00e9<\/td>\n<\/tr>\n<tr>\n<td class=\"has-text-align-center\" style=\"text-align: left;\" data-align=\"center\"><strong>Prix de d\u00e9tail<\/strong><\/td>\n<td class=\"has-text-align-center\" style=\"text-align: left;\" data-align=\"center\">$1000<\/td>\n<\/tr>\n<tr>\n<td class=\"has-text-align-center\" style=\"text-align: left;\" data-align=\"center\"><strong>Prix r\u00e9gulier<\/strong><\/td>\n<td class=\"has-text-align-center\" style=\"text-align: left;\" data-align=\"center\">$2000<\/td>\n<\/tr>\n<\/tbody>\n<\/table>\n<p>&nbsp;<\/p>\n","protected":false},"featured_media":87968,"comment_status":"open","ping_status":"closed","template":"","meta":{"wprm-recipe-roundup-name":"","wprm-recipe-roundup-description":""},"product_cat":[664,768,533,558,244,276,280],"product_tag":[338],"class_list":{"0":"post-23546","1":"product","2":"type-product","3":"status-publish","4":"has-post-thumbnail","6":"product_cat-eden-edibles-fr","7":"product_cat-eden-en-vrac","8":"product_cat-comestibles-en-gros","9":"product_cat-gros","10":"product_cat-comestibles","11":"product_cat-jujubes","12":"product_cat-vegan-fr","13":"product_tag-20mg-fr","15":"first","16":"instock","17":"sale","18":"shipping-taxable","19":"purchasable","20":"product-type-mix-and-match"},"yoast_head":"\n<title>Acheter une Jujubes 20mg THC en vrac en ligne au Canada | Grossiste 20mg THC Jujubes | BC Weed Edible<\/title>\n<meta name=\"robots\" content=\"index, follow, max-snippet:-1, max-image-preview:large, max-video-preview:-1\" \/>\n<link rel=\"canonical\" href=\"https:\/\/bcweededible.net\/fr\/buy\/marques\/eden-edibles-fr\/eden-en-vrac\/bulk-20mg-thc-jujubes\/\" \/>\n<meta property=\"og:locale\" content=\"fr_FR\" \/>\n<meta property=\"og:type\" content=\"article\" \/>\n<meta property=\"og:title\" content=\"Acheter une Jujubes 20mg THC en vrac en ligne au Canada | Grossiste 20mg THC Jujubes | BC Weed Edible\" \/>\n<meta property=\"og:description\" content=\"Nos Jujubes THC 20mg en vrac sont vegan, sans g\u00e9latine et fabriqu\u00e9s avec les meilleurs ingr\u00e9dients. Cette offre en vrac contient 100 paquets ( 10 jujubes de 20mg par paquet). Cette offre est excellente si vous avez besoin de grandes quantit\u00e9s pour des raisons m\u00e9dicales ou si vous voulez les vendre autour de vous. Vous pouvez donc choisir entre Sativa et Indica. Avec cette offre, vous b\u00e9n\u00e9ficiez d&#039;une r\u00e9duction de 50 % sur le prix de d\u00e9tail. Jujubes Saveur Mangue Indica Jujubes Saveur Fraise Sativa Informations sur le produit Total Paquets 100 paquets (10 jujubes de 20mg par paquet) Effets Plaisir, \u00e9nergie, cr\u00e9ativit\u00e9 Prix de d\u00e9tail $1000 Prix r\u00e9gulier $2000 &nbsp;\" \/>\n<meta property=\"og:url\" content=\"https:\/\/bcweededible.net\/fr\/buy\/marques\/eden-edibles-fr\/eden-en-vrac\/bulk-20mg-thc-jujubes\/\" \/>\n<meta property=\"og:site_name\" content=\"BC Weed Edible\" \/>\n<meta property=\"article:modified_time\" content=\"2025-04-23T19:23:39+00:00\" \/>\n<meta property=\"og:image\" content=\"https:\/\/bcweededible.net\/wp-content\/uploads\/2022\/05\/Bulk-Gummies-200gr.jpg\" \/>\n\t<meta property=\"og:image:width\" content=\"1080\" \/>\n\t<meta property=\"og:image:height\" content=\"1080\" \/>\n\t<meta property=\"og:image:type\" content=\"image\/jpeg\" \/>\n<meta name=\"twitter:card\" content=\"summary_large_image\" \/>\n<meta name=\"twitter:label1\" content=\"Dur\u00e9e de lecture estim\u00e9e\" \/>\n\t<meta name=\"twitter:data1\" content=\"1 minute\" \/>\n<script type=\"application\/ld+json\" class=\"yoast-schema-graph\">{\"@context\":\"https:\/\/schema.org\",\"@graph\":[{\"@type\":\"WebPage\",\"@id\":\"https:\/\/bcweededible.net\/fr\/buy\/marques\/eden-edibles-fr\/eden-en-vrac\/bulk-20mg-thc-jujubes\/\",\"url\":\"https:\/\/bcweededible.net\/fr\/buy\/marques\/eden-edibles-fr\/eden-en-vrac\/bulk-20mg-thc-jujubes\/\",\"name\":\"Acheter une Jujubes 20mg THC en vrac en ligne au Canada | Grossiste 20mg THC Jujubes | BC Weed Edible\",\"isPartOf\":{\"@id\":\"https:\/\/bcweededible.net\/fr\/#website\"},\"primaryImageOfPage\":{\"@id\":\"https:\/\/bcweededible.net\/fr\/buy\/marques\/eden-edibles-fr\/eden-en-vrac\/bulk-20mg-thc-jujubes\/#primaryimage\"},\"image\":{\"@id\":\"https:\/\/bcweededible.net\/fr\/buy\/marques\/eden-edibles-fr\/eden-en-vrac\/bulk-20mg-thc-jujubes\/#primaryimage\"},\"thumbnailUrl\":\"https:\/\/bcweededible.net\/wp-content\/uploads\/2022\/05\/Bulk-Gummies-200gr.jpg\",\"datePublished\":\"2022-12-01T09:37:18+00:00\",\"dateModified\":\"2025-04-23T19:23:39+00:00\",\"breadcrumb\":{\"@id\":\"https:\/\/bcweededible.net\/fr\/buy\/marques\/eden-edibles-fr\/eden-en-vrac\/bulk-20mg-thc-jujubes\/#breadcrumb\"},\"inLanguage\":\"fr-FR\",\"potentialAction\":[{\"@type\":\"ReadAction\",\"target\":[\"https:\/\/bcweededible.net\/fr\/buy\/marques\/eden-edibles-fr\/eden-en-vrac\/bulk-20mg-thc-jujubes\/\"]}]},{\"@type\":\"ImageObject\",\"inLanguage\":\"fr-FR\",\"@id\":\"https:\/\/bcweededible.net\/fr\/buy\/marques\/eden-edibles-fr\/eden-en-vrac\/bulk-20mg-thc-jujubes\/#primaryimage\",\"url\":\"https:\/\/bcweededible.net\/wp-content\/uploads\/2022\/05\/Bulk-Gummies-200gr.jpg\",\"contentUrl\":\"https:\/\/bcweededible.net\/wp-content\/uploads\/2022\/05\/Bulk-Gummies-200gr.jpg\",\"width\":1080,\"height\":1080,\"caption\":\"bulk thc gummies 200mg\"},{\"@type\":\"BreadcrumbList\",\"@id\":\"https:\/\/bcweededible.net\/fr\/buy\/marques\/eden-edibles-fr\/eden-en-vrac\/bulk-20mg-thc-jujubes\/#breadcrumb\",\"itemListElement\":[{\"@type\":\"ListItem\",\"position\":1,\"name\":\"Jujubes au Pot Canada\",\"item\":\"https:\/\/bcweededible.net\/fr\/shop\/\"},{\"@type\":\"ListItem\",\"position\":2,\"name\":\"Jujubes 20mg THC en vrac\"}]},{\"@type\":\"WebSite\",\"@id\":\"https:\/\/bcweededible.net\/fr\/#website\",\"url\":\"https:\/\/bcweededible.net\/fr\/\",\"name\":\"BC Weed Edible\",\"description\":\"\",\"publisher\":{\"@id\":\"https:\/\/bcweededible.net\/fr\/#organization\"},\"potentialAction\":[{\"@type\":\"SearchAction\",\"target\":{\"@type\":\"EntryPoint\",\"urlTemplate\":\"https:\/\/bcweededible.net\/fr\/?s={search_term_string}\"},\"query-input\":{\"@type\":\"PropertyValueSpecification\",\"valueRequired\":true,\"valueName\":\"search_term_string\"}}],\"inLanguage\":\"fr-FR\"},{\"@type\":\"Organization\",\"@id\":\"https:\/\/bcweededible.net\/fr\/#organization\",\"name\":\"BC Weed Edible\",\"url\":\"https:\/\/bcweededible.net\/fr\/\",\"logo\":{\"@type\":\"ImageObject\",\"inLanguage\":\"fr-FR\",\"@id\":\"https:\/\/bcweededible.net\/fr\/#\/schema\/logo\/image\/\",\"url\":\"https:\/\/bcweededible.net\/wp-content\/uploads\/2021\/12\/bc-weed-edible-canada.png\",\"contentUrl\":\"https:\/\/bcweededible.net\/wp-content\/uploads\/2021\/12\/bc-weed-edible-canada.png\",\"width\":270,\"height\":185,\"caption\":\"BC Weed Edible\"},\"image\":{\"@id\":\"https:\/\/bcweededible.net\/fr\/#\/schema\/logo\/image\/\"}}]}<\/script>\n","yoast_head_json":{"title":"Acheter une Jujubes 20mg THC en vrac en ligne au Canada | Grossiste 20mg THC Jujubes | BC Weed Edible","robots":{"index":"index","follow":"follow","max-snippet":"max-snippet:-1","max-image-preview":"max-image-preview:large","max-video-preview":"max-video-preview:-1"},"canonical":"https:\/\/bcweededible.net\/fr\/buy\/marques\/eden-edibles-fr\/eden-en-vrac\/bulk-20mg-thc-jujubes\/","og_locale":"fr_FR","og_type":"article","og_title":"Acheter une Jujubes 20mg THC en vrac en ligne au Canada | Grossiste 20mg THC Jujubes | BC Weed Edible","og_description":"Nos Jujubes THC 20mg en vrac sont vegan, sans g\u00e9latine et fabriqu\u00e9s avec les meilleurs ingr\u00e9dients. Cette offre en vrac contient 100 paquets ( 10 jujubes de 20mg par paquet). Cette offre est excellente si vous avez besoin de grandes quantit\u00e9s pour des raisons m\u00e9dicales ou si vous voulez les vendre autour de vous. Vous pouvez donc choisir entre Sativa et Indica. Avec cette offre, vous b\u00e9n\u00e9ficiez d'une r\u00e9duction de 50 % sur le prix de d\u00e9tail. Jujubes Saveur Mangue Indica Jujubes Saveur Fraise Sativa Informations sur le produit Total Paquets 100 paquets (10 jujubes de 20mg par paquet) Effets Plaisir, \u00e9nergie, cr\u00e9ativit\u00e9 Prix de d\u00e9tail $1000 Prix r\u00e9gulier $2000 &nbsp;","og_url":"https:\/\/bcweededible.net\/fr\/buy\/marques\/eden-edibles-fr\/eden-en-vrac\/bulk-20mg-thc-jujubes\/","og_site_name":"BC Weed Edible","article_modified_time":"2025-04-23T19:23:39+00:00","og_image":[{"width":1080,"height":1080,"url":"https:\/\/bcweededible.net\/wp-content\/uploads\/2022\/05\/Bulk-Gummies-200gr.jpg","type":"image\/jpeg"}],"twitter_card":"summary_large_image","twitter_misc":{"Dur\u00e9e de lecture estim\u00e9e":"1 minute"},"schema":{"@context":"https:\/\/schema.org","@graph":[{"@type":"WebPage","@id":"https:\/\/bcweededible.net\/fr\/buy\/marques\/eden-edibles-fr\/eden-en-vrac\/bulk-20mg-thc-jujubes\/","url":"https:\/\/bcweededible.net\/fr\/buy\/marques\/eden-edibles-fr\/eden-en-vrac\/bulk-20mg-thc-jujubes\/","name":"Acheter une Jujubes 20mg THC en vrac en ligne au Canada | Grossiste 20mg THC Jujubes | BC Weed Edible","isPartOf":{"@id":"https:\/\/bcweededible.net\/fr\/#website"},"primaryImageOfPage":{"@id":"https:\/\/bcweededible.net\/fr\/buy\/marques\/eden-edibles-fr\/eden-en-vrac\/bulk-20mg-thc-jujubes\/#primaryimage"},"image":{"@id":"https:\/\/bcweededible.net\/fr\/buy\/marques\/eden-edibles-fr\/eden-en-vrac\/bulk-20mg-thc-jujubes\/#primaryimage"},"thumbnailUrl":"https:\/\/bcweededible.net\/wp-content\/uploads\/2022\/05\/Bulk-Gummies-200gr.jpg","datePublished":"2022-12-01T09:37:18+00:00","dateModified":"2025-04-23T19:23:39+00:00","breadcrumb":{"@id":"https:\/\/bcweededible.net\/fr\/buy\/marques\/eden-edibles-fr\/eden-en-vrac\/bulk-20mg-thc-jujubes\/#breadcrumb"},"inLanguage":"fr-FR","potentialAction":[{"@type":"ReadAction","target":["https:\/\/bcweededible.net\/fr\/buy\/marques\/eden-edibles-fr\/eden-en-vrac\/bulk-20mg-thc-jujubes\/"]}]},{"@type":"ImageObject","inLanguage":"fr-FR","@id":"https:\/\/bcweededible.net\/fr\/buy\/marques\/eden-edibles-fr\/eden-en-vrac\/bulk-20mg-thc-jujubes\/#primaryimage","url":"https:\/\/bcweededible.net\/wp-content\/uploads\/2022\/05\/Bulk-Gummies-200gr.jpg","contentUrl":"https:\/\/bcweededible.net\/wp-content\/uploads\/2022\/05\/Bulk-Gummies-200gr.jpg","width":1080,"height":1080,"caption":"bulk thc gummies 200mg"},{"@type":"BreadcrumbList","@id":"https:\/\/bcweededible.net\/fr\/buy\/marques\/eden-edibles-fr\/eden-en-vrac\/bulk-20mg-thc-jujubes\/#breadcrumb","itemListElement":[{"@type":"ListItem","position":1,"name":"Jujubes au Pot Canada","item":"https:\/\/bcweededible.net\/fr\/shop\/"},{"@type":"ListItem","position":2,"name":"Jujubes 20mg THC en vrac"}]},{"@type":"WebSite","@id":"https:\/\/bcweededible.net\/fr\/#website","url":"https:\/\/bcweededible.net\/fr\/","name":"BC Weed Edible","description":"","publisher":{"@id":"https:\/\/bcweededible.net\/fr\/#organization"},"potentialAction":[{"@type":"SearchAction","target":{"@type":"EntryPoint","urlTemplate":"https:\/\/bcweededible.net\/fr\/?s={search_term_string}"},"query-input":{"@type":"PropertyValueSpecification","valueRequired":true,"valueName":"search_term_string"}}],"inLanguage":"fr-FR"},{"@type":"Organization","@id":"https:\/\/bcweededible.net\/fr\/#organization","name":"BC Weed Edible","url":"https:\/\/bcweededible.net\/fr\/","logo":{"@type":"ImageObject","inLanguage":"fr-FR","@id":"https:\/\/bcweededible.net\/fr\/#\/schema\/logo\/image\/","url":"https:\/\/bcweededible.net\/wp-content\/uploads\/2021\/12\/bc-weed-edible-canada.png","contentUrl":"https:\/\/bcweededible.net\/wp-content\/uploads\/2021\/12\/bc-weed-edible-canada.png","width":270,"height":185,"caption":"BC Weed Edible"},"image":{"@id":"https:\/\/bcweededible.net\/fr\/#\/schema\/logo\/image\/"}}]}},"_links":{"self":[{"href":"https:\/\/bcweededible.net\/fr\/wp-json\/wp\/v2\/product\/23546","targetHints":{"allow":["GET"]}}],"collection":[{"href":"https:\/\/bcweededible.net\/fr\/wp-json\/wp\/v2\/product"}],"about":[{"href":"https:\/\/bcweededible.net\/fr\/wp-json\/wp\/v2\/types\/product"}],"replies":[{"embeddable":true,"href":"https:\/\/bcweededible.net\/fr\/wp-json\/wp\/v2\/comments?post=23546"}],"wp:featuredmedia":[{"embeddable":true,"href":"https:\/\/bcweededible.net\/fr\/wp-json\/wp\/v2\/media\/87968"}],"wp:attachment":[{"href":"https:\/\/bcweededible.net\/fr\/wp-json\/wp\/v2\/media?parent=23546"}],"wp:term":[{"taxonomy":"product_cat","embeddable":true,"href":"https:\/\/bcweededible.net\/fr\/wp-json\/wp\/v2\/product_cat?post=23546"},{"taxonomy":"product_tag","embeddable":true,"href":"https:\/\/bcweededible.net\/fr\/wp-json\/wp\/v2\/product_tag?post=23546"}],"curies":[{"name":"wp","href":"https:\/\/api.w.org\/{rel}","templated":true}]}}