{"id":23535,"date":"2022-10-04T17:26:32","date_gmt":"2022-12-01T09:37:16","guid":{"rendered":"https:\/\/bcweededible.net\/buy\/non%20class\u00e9\/jujubes-thc-50mg-en-vrac\/"},"modified":"2024-11-24T19:41:44","modified_gmt":"2024-11-25T03:41:44","slug":"jujubes-thc-50mg-en-vrac","status":"publish","type":"product","link":"https:\/\/bcweededible.net\/fr\/buy\/edibles\/jujubes-thc-50mg-en-vrac\/","title":{"rendered":"Jujubes 50mg THC en vrac"},"content":{"rendered":"<h2>DESCRIPTION<\/h2>\n<p>Nous nous engageons \u00e0 cr\u00e9er les jujubes au cannabis du monde. Notre chef p\u00e2tissier professionnel cr\u00e9e chaque saveur avec soin, en combinant des ingr\u00e9dients naturels et vegan de mani\u00e8re r\u00e9fl\u00e9chie pour qu&#8217;ils soient incroyablement d\u00e9licieux. Nous dosons m\u00eame nos edibles avec des extraits de cannabis test\u00e9s en laboratoire pour\u00a0que vous puissiez profiter d\u2019une exp\u00e9rience constante et similaire \u00e0 chaque fois que vous consommez nos d\u00e9licieux produits.<\/p>\n<p><b>Ingr\u00e9dients : <\/b>pur\u00e9e de fruits, sucre, pectine NH, glucose, jus de citron, distillat de THC, terp\u00e8nes naturels.<\/p>\n<p><b>Instructions :<\/b> 50mg est un excellent dosage pour les utilisateurs r\u00e9cr\u00e9atifs exp\u00e9riment\u00e9s. Nous vous recommandons de prendre une dose de 5 \u00e0 10 mg si c&#8217;est votre premi\u00e8re fois. Attendez 90 minutes pour que l&#8217;effet soit complet avant d&#8217;envisager une autre dose.<\/p>\n<p><strong>Conservation :<\/strong>\u00a06 mois au r\u00e9frig\u00e9rateur, 2 mois \u00e0 temp\u00e9rature ambiante, \u00e0 conserver dans un endroit sec et sombre.<\/p>\n<p><b>AVERTISSEMENT : <\/b>Il s&#8217;agit d&#8217;un produit infus\u00e9 au cannabis destin\u00e9 \u00e0 un usage m\u00e9dical et r\u00e9cr\u00e9atif. Tenir hors de port\u00e9e des enfants et des animaux domestiques. Ne conduisez pas ou n&#8217;utilisez pas de machinerie sous l&#8217;influence du cannabis.<\/p>\n<p>&nbsp;<\/p>\n","protected":false},"excerpt":{"rendered":"<p>Nos <strong> Jujubes 50mg THC en vrac<\/strong> sont vegan, sans g\u00e9latine et fabriqu\u00e9s avec les meilleurs ingr\u00e9dients. Cette offre en vrac contient 50 paquets ( 10 jujubes de 50mg par paquet). Cette offre est excellente si vous avez besoin de grandes quantit\u00e9s pour des raisons m\u00e9dicales ou si vous voulez les vendre autour de vous.<\/p>\n<p>Vous pouvez donc<strong> choisir entre Sativa et Indica.<\/strong> Avec cette offre, vous b\u00e9n\u00e9ficiez d&#8217;une r\u00e9duction de 50 % sur le prix de d\u00e9tail.<\/p>\n<h2>Informations sur le produit<\/h2>\n<table>\n<tbody>\n<tr>\n<td class=\"has-text-align-center\" style=\"text-align: left;\" data-align=\"center\"><strong>Total Paquets<\/strong><\/td>\n<td class=\"has-text-align-center\" style=\"text-align: left;\" data-align=\"center\">50 paquets (10 jujubes de 50mg par paquet)<\/td>\n<\/tr>\n<tr>\n<td class=\"has-text-align-center\" style=\"text-align: left;\" data-align=\"center\"><strong>Prix de d\u00e9tail<\/strong><\/td>\n<td class=\"has-text-align-center\" style=\"text-align: left;\" data-align=\"center\">$1000<\/td>\n<\/tr>\n<tr>\n<td class=\"has-text-align-center\" style=\"text-align: left;\" data-align=\"center\"><strong>Prix r\u00e9gulier<\/strong><\/td>\n<td class=\"has-text-align-center\" style=\"text-align: left;\" data-align=\"center\">$2000<\/td>\n<\/tr>\n<\/tbody>\n<\/table>\n","protected":false},"featured_media":49069,"comment_status":"open","ping_status":"closed","template":"","meta":{"wprm-recipe-roundup-name":"","wprm-recipe-roundup-description":""},"product_cat":[232],"product_tag":[],"class_list":{"0":"post-23535","1":"product","2":"type-product","3":"status-publish","4":"has-post-thumbnail","6":"product_cat-edibles","8":"first","9":"outofstock","10":"sale","11":"shipping-taxable","12":"purchasable","13":"product-type-mix-and-match"},"yoast_head":"\n<title>Acheter une Jujubes 50mg THC en vrac en ligne au Canada | Grossiste 50mg THC Jujubes | BC Weed Edible<\/title>\n<meta name=\"robots\" content=\"index, follow, max-snippet:-1, max-image-preview:large, max-video-preview:-1\" \/>\n<link rel=\"canonical\" href=\"https:\/\/bcweededible.net\/fr\/buy\/edibles\/jujubes-thc-50mg-en-vrac\/\" \/>\n<meta property=\"og:locale\" content=\"fr_FR\" \/>\n<meta property=\"og:type\" content=\"article\" \/>\n<meta property=\"og:title\" content=\"Acheter une Jujubes 50mg THC en vrac en ligne au Canada | Grossiste 50mg THC Jujubes | BC Weed Edible\" \/>\n<meta property=\"og:description\" content=\"Nos Jujubes 50mg THC en vrac sont vegan, sans g\u00e9latine et fabriqu\u00e9s avec les meilleurs ingr\u00e9dients. Cette offre en vrac contient 50 paquets ( 10 jujubes de 50mg par paquet). Cette offre est excellente si vous avez besoin de grandes quantit\u00e9s pour des raisons m\u00e9dicales ou si vous voulez les vendre autour de vous. Vous pouvez donc choisir entre Sativa et Indica. Avec cette offre, vous b\u00e9n\u00e9ficiez d&#039;une r\u00e9duction de 50 % sur le prix de d\u00e9tail. Informations sur le produit Total Paquets 50 paquets (10 jujubes de 50mg par paquet) Prix de d\u00e9tail $1000 Prix r\u00e9gulier $2000\" \/>\n<meta property=\"og:url\" content=\"https:\/\/bcweededible.net\/fr\/buy\/edibles\/jujubes-thc-50mg-en-vrac\/\" \/>\n<meta property=\"og:site_name\" content=\"BC Weed Edible\" \/>\n<meta property=\"article:modified_time\" content=\"2024-11-25T03:41:44+00:00\" \/>\n<meta property=\"og:image\" content=\"https:\/\/bcweededible.net\/wp-content\/uploads\/2022\/10\/bulk-500mg-thc-gummies-1.jpg\" \/>\n\t<meta property=\"og:image:width\" content=\"1080\" \/>\n\t<meta property=\"og:image:height\" content=\"1080\" \/>\n\t<meta property=\"og:image:type\" content=\"image\/jpeg\" \/>\n<meta name=\"twitter:card\" content=\"summary_large_image\" \/>\n<meta name=\"twitter:label1\" content=\"Dur\u00e9e de lecture estim\u00e9e\" \/>\n\t<meta name=\"twitter:data1\" content=\"1 minute\" \/>\n<script type=\"application\/ld+json\" class=\"yoast-schema-graph\">{\"@context\":\"https:\/\/schema.org\",\"@graph\":[{\"@type\":\"WebPage\",\"@id\":\"https:\/\/bcweededible.net\/fr\/buy\/edibles\/jujubes-thc-50mg-en-vrac\/\",\"url\":\"https:\/\/bcweededible.net\/fr\/buy\/edibles\/jujubes-thc-50mg-en-vrac\/\",\"name\":\"Acheter une Jujubes 50mg THC en vrac en ligne au Canada | Grossiste 50mg THC Jujubes | BC Weed Edible\",\"isPartOf\":{\"@id\":\"https:\/\/bcweededible.net\/fr\/#website\"},\"primaryImageOfPage\":{\"@id\":\"https:\/\/bcweededible.net\/fr\/buy\/edibles\/jujubes-thc-50mg-en-vrac\/#primaryimage\"},\"image\":{\"@id\":\"https:\/\/bcweededible.net\/fr\/buy\/edibles\/jujubes-thc-50mg-en-vrac\/#primaryimage\"},\"thumbnailUrl\":\"https:\/\/bcweededible.net\/wp-content\/uploads\/2022\/10\/bulk-500mg-thc-gummies-1.jpg\",\"datePublished\":\"2022-12-01T09:37:16+00:00\",\"dateModified\":\"2024-11-25T03:41:44+00:00\",\"breadcrumb\":{\"@id\":\"https:\/\/bcweededible.net\/fr\/buy\/edibles\/jujubes-thc-50mg-en-vrac\/#breadcrumb\"},\"inLanguage\":\"fr-FR\",\"potentialAction\":[{\"@type\":\"ReadAction\",\"target\":[\"https:\/\/bcweededible.net\/fr\/buy\/edibles\/jujubes-thc-50mg-en-vrac\/\"]}]},{\"@type\":\"ImageObject\",\"inLanguage\":\"fr-FR\",\"@id\":\"https:\/\/bcweededible.net\/fr\/buy\/edibles\/jujubes-thc-50mg-en-vrac\/#primaryimage\",\"url\":\"https:\/\/bcweededible.net\/wp-content\/uploads\/2022\/10\/bulk-500mg-thc-gummies-1.jpg\",\"contentUrl\":\"https:\/\/bcweededible.net\/wp-content\/uploads\/2022\/10\/bulk-500mg-thc-gummies-1.jpg\",\"width\":1080,\"height\":1080,\"caption\":\"bulk 500mg thc gummies\"},{\"@type\":\"BreadcrumbList\",\"@id\":\"https:\/\/bcweededible.net\/fr\/buy\/edibles\/jujubes-thc-50mg-en-vrac\/#breadcrumb\",\"itemListElement\":[{\"@type\":\"ListItem\",\"position\":1,\"name\":\"Jujubes au Pot Canada\",\"item\":\"https:\/\/bcweededible.net\/fr\/shop\/\"},{\"@type\":\"ListItem\",\"position\":2,\"name\":\"Jujubes 50mg THC en vrac\"}]},{\"@type\":\"WebSite\",\"@id\":\"https:\/\/bcweededible.net\/fr\/#website\",\"url\":\"https:\/\/bcweededible.net\/fr\/\",\"name\":\"BC Weed Edible\",\"description\":\"\",\"publisher\":{\"@id\":\"https:\/\/bcweededible.net\/fr\/#organization\"},\"potentialAction\":[{\"@type\":\"SearchAction\",\"target\":{\"@type\":\"EntryPoint\",\"urlTemplate\":\"https:\/\/bcweededible.net\/fr\/?s={search_term_string}\"},\"query-input\":{\"@type\":\"PropertyValueSpecification\",\"valueRequired\":true,\"valueName\":\"search_term_string\"}}],\"inLanguage\":\"fr-FR\"},{\"@type\":\"Organization\",\"@id\":\"https:\/\/bcweededible.net\/fr\/#organization\",\"name\":\"BC Weed Edible\",\"url\":\"https:\/\/bcweededible.net\/fr\/\",\"logo\":{\"@type\":\"ImageObject\",\"inLanguage\":\"fr-FR\",\"@id\":\"https:\/\/bcweededible.net\/fr\/#\/schema\/logo\/image\/\",\"url\":\"https:\/\/bcweededible.net\/wp-content\/uploads\/2021\/12\/bc-weed-edible-canada.png\",\"contentUrl\":\"https:\/\/bcweededible.net\/wp-content\/uploads\/2021\/12\/bc-weed-edible-canada.png\",\"width\":270,\"height\":185,\"caption\":\"BC Weed Edible\"},\"image\":{\"@id\":\"https:\/\/bcweededible.net\/fr\/#\/schema\/logo\/image\/\"}}]}<\/script>\n","yoast_head_json":{"title":"Acheter une Jujubes 50mg THC en vrac en ligne au Canada | Grossiste 50mg THC Jujubes | BC Weed Edible","robots":{"index":"index","follow":"follow","max-snippet":"max-snippet:-1","max-image-preview":"max-image-preview:large","max-video-preview":"max-video-preview:-1"},"canonical":"https:\/\/bcweededible.net\/fr\/buy\/edibles\/jujubes-thc-50mg-en-vrac\/","og_locale":"fr_FR","og_type":"article","og_title":"Acheter une Jujubes 50mg THC en vrac en ligne au Canada | Grossiste 50mg THC Jujubes | BC Weed Edible","og_description":"Nos Jujubes 50mg THC en vrac sont vegan, sans g\u00e9latine et fabriqu\u00e9s avec les meilleurs ingr\u00e9dients. Cette offre en vrac contient 50 paquets ( 10 jujubes de 50mg par paquet). Cette offre est excellente si vous avez besoin de grandes quantit\u00e9s pour des raisons m\u00e9dicales ou si vous voulez les vendre autour de vous. Vous pouvez donc choisir entre Sativa et Indica. Avec cette offre, vous b\u00e9n\u00e9ficiez d'une r\u00e9duction de 50 % sur le prix de d\u00e9tail. Informations sur le produit Total Paquets 50 paquets (10 jujubes de 50mg par paquet) Prix de d\u00e9tail $1000 Prix r\u00e9gulier $2000","og_url":"https:\/\/bcweededible.net\/fr\/buy\/edibles\/jujubes-thc-50mg-en-vrac\/","og_site_name":"BC Weed Edible","article_modified_time":"2024-11-25T03:41:44+00:00","og_image":[{"width":1080,"height":1080,"url":"https:\/\/bcweededible.net\/wp-content\/uploads\/2022\/10\/bulk-500mg-thc-gummies-1.jpg","type":"image\/jpeg"}],"twitter_card":"summary_large_image","twitter_misc":{"Dur\u00e9e de lecture estim\u00e9e":"1 minute"},"schema":{"@context":"https:\/\/schema.org","@graph":[{"@type":"WebPage","@id":"https:\/\/bcweededible.net\/fr\/buy\/edibles\/jujubes-thc-50mg-en-vrac\/","url":"https:\/\/bcweededible.net\/fr\/buy\/edibles\/jujubes-thc-50mg-en-vrac\/","name":"Acheter une Jujubes 50mg THC en vrac en ligne au Canada | Grossiste 50mg THC Jujubes | BC Weed Edible","isPartOf":{"@id":"https:\/\/bcweededible.net\/fr\/#website"},"primaryImageOfPage":{"@id":"https:\/\/bcweededible.net\/fr\/buy\/edibles\/jujubes-thc-50mg-en-vrac\/#primaryimage"},"image":{"@id":"https:\/\/bcweededible.net\/fr\/buy\/edibles\/jujubes-thc-50mg-en-vrac\/#primaryimage"},"thumbnailUrl":"https:\/\/bcweededible.net\/wp-content\/uploads\/2022\/10\/bulk-500mg-thc-gummies-1.jpg","datePublished":"2022-12-01T09:37:16+00:00","dateModified":"2024-11-25T03:41:44+00:00","breadcrumb":{"@id":"https:\/\/bcweededible.net\/fr\/buy\/edibles\/jujubes-thc-50mg-en-vrac\/#breadcrumb"},"inLanguage":"fr-FR","potentialAction":[{"@type":"ReadAction","target":["https:\/\/bcweededible.net\/fr\/buy\/edibles\/jujubes-thc-50mg-en-vrac\/"]}]},{"@type":"ImageObject","inLanguage":"fr-FR","@id":"https:\/\/bcweededible.net\/fr\/buy\/edibles\/jujubes-thc-50mg-en-vrac\/#primaryimage","url":"https:\/\/bcweededible.net\/wp-content\/uploads\/2022\/10\/bulk-500mg-thc-gummies-1.jpg","contentUrl":"https:\/\/bcweededible.net\/wp-content\/uploads\/2022\/10\/bulk-500mg-thc-gummies-1.jpg","width":1080,"height":1080,"caption":"bulk 500mg thc gummies"},{"@type":"BreadcrumbList","@id":"https:\/\/bcweededible.net\/fr\/buy\/edibles\/jujubes-thc-50mg-en-vrac\/#breadcrumb","itemListElement":[{"@type":"ListItem","position":1,"name":"Jujubes au Pot Canada","item":"https:\/\/bcweededible.net\/fr\/shop\/"},{"@type":"ListItem","position":2,"name":"Jujubes 50mg THC en vrac"}]},{"@type":"WebSite","@id":"https:\/\/bcweededible.net\/fr\/#website","url":"https:\/\/bcweededible.net\/fr\/","name":"BC Weed Edible","description":"","publisher":{"@id":"https:\/\/bcweededible.net\/fr\/#organization"},"potentialAction":[{"@type":"SearchAction","target":{"@type":"EntryPoint","urlTemplate":"https:\/\/bcweededible.net\/fr\/?s={search_term_string}"},"query-input":{"@type":"PropertyValueSpecification","valueRequired":true,"valueName":"search_term_string"}}],"inLanguage":"fr-FR"},{"@type":"Organization","@id":"https:\/\/bcweededible.net\/fr\/#organization","name":"BC Weed Edible","url":"https:\/\/bcweededible.net\/fr\/","logo":{"@type":"ImageObject","inLanguage":"fr-FR","@id":"https:\/\/bcweededible.net\/fr\/#\/schema\/logo\/image\/","url":"https:\/\/bcweededible.net\/wp-content\/uploads\/2021\/12\/bc-weed-edible-canada.png","contentUrl":"https:\/\/bcweededible.net\/wp-content\/uploads\/2021\/12\/bc-weed-edible-canada.png","width":270,"height":185,"caption":"BC Weed Edible"},"image":{"@id":"https:\/\/bcweededible.net\/fr\/#\/schema\/logo\/image\/"}}]}},"_links":{"self":[{"href":"https:\/\/bcweededible.net\/fr\/wp-json\/wp\/v2\/product\/23535","targetHints":{"allow":["GET"]}}],"collection":[{"href":"https:\/\/bcweededible.net\/fr\/wp-json\/wp\/v2\/product"}],"about":[{"href":"https:\/\/bcweededible.net\/fr\/wp-json\/wp\/v2\/types\/product"}],"replies":[{"embeddable":true,"href":"https:\/\/bcweededible.net\/fr\/wp-json\/wp\/v2\/comments?post=23535"}],"wp:featuredmedia":[{"embeddable":true,"href":"https:\/\/bcweededible.net\/fr\/wp-json\/wp\/v2\/media\/49069"}],"wp:attachment":[{"href":"https:\/\/bcweededible.net\/fr\/wp-json\/wp\/v2\/media?parent=23535"}],"wp:term":[{"taxonomy":"product_cat","embeddable":true,"href":"https:\/\/bcweededible.net\/fr\/wp-json\/wp\/v2\/product_cat?post=23535"},{"taxonomy":"product_tag","embeddable":true,"href":"https:\/\/bcweededible.net\/fr\/wp-json\/wp\/v2\/product_tag?post=23535"}],"curies":[{"name":"wp","href":"https:\/\/api.w.org\/{rel}","templated":true}]}}