{"id":23380,"date":"2022-01-11T14:34:47","date_gmt":"2022-11-29T20:52:10","guid":{"rendered":"https:\/\/bcweededible.net\/buy\/non%20class\u00e9\/batterie-vape-510\/"},"modified":"2026-03-27T14:52:51","modified_gmt":"2026-03-27T21:52:51","slug":"batterie-vape-510","status":"publish","type":"product","link":"https:\/\/bcweededible.net\/fr\/buy\/accessoires\/batterie-vape-510\/","title":{"rendered":"Batterie de Vapoteuse"},"content":{"rendered":"","protected":false},"excerpt":{"rendered":"<p><strong>Les vapes (Thread 510)<\/strong> sont la norme en mati\u00e8re de vapotage. Le &#8220;510&#8221; est la connexion entre l&#8217;atomiseur et la batterie &#8211; c&#8217;est ainsi que vous vissez le r\u00e9servoir. Le terme signifie, 10 fils \u00e0 5 mm.<\/p>\n<p>Mais aujourd&#8217;hui, le terme de batterie de vapoteuse 510 est surtout utilis\u00e9 pour d\u00e9signer les stylos \u00e0 vape \u00e0 l&#8217;huile de cannabis en g\u00e9n\u00e9ral. Qu&#8217;il s&#8217;agisse d&#8217;huile de THC, de cartouches delta 8 ou de cartouche \u00e0 l&#8217;huile de CBD, ce type d&#8217;appareil sera votre incontournable avec des avantages et des caract\u00e9ristiques qui r\u00e9pondent aux besoins de tous les types de vapoteurs.<\/p>\n","protected":false},"featured_media":43718,"comment_status":"open","ping_status":"closed","template":"","meta":[],"product_brand":[],"product_cat":[654],"product_tag":[],"class_list":{"0":"post-23380","1":"product","2":"type-product","3":"status-publish","4":"has-post-thumbnail","6":"product_cat-accessoires","8":"first","9":"instock","10":"shipping-taxable","11":"product-type-simple"},"yoast_head":"\n<title>Batterie de Vapoteuse achat Canada | BC Weed Edible<\/title>\n<meta name=\"robots\" content=\"index, follow, max-snippet:-1, max-image-preview:large, max-video-preview:-1\" \/>\n<link rel=\"canonical\" href=\"https:\/\/bcweededible.net\/fr\/buy\/accessoires\/batterie-vape-510\/\" \/>\n<meta property=\"og:locale\" content=\"fr_FR\" \/>\n<meta property=\"og:type\" content=\"article\" \/>\n<meta property=\"og:title\" content=\"Batterie de Vapoteuse achat Canada | BC Weed Edible\" \/>\n<meta property=\"og:description\" content=\"Les vapes (Thread 510) sont la norme en mati\u00e8re de vapotage. Le &quot;510&quot; est la connexion entre l&#039;atomiseur et la batterie - c&#039;est ainsi que vous vissez le r\u00e9servoir. Le terme signifie, 10 fils \u00e0 5 mm. Mais aujourd&#039;hui, le terme de batterie de vapoteuse 510 est surtout utilis\u00e9 pour d\u00e9signer les stylos \u00e0 vape \u00e0 l&#039;huile de cannabis en g\u00e9n\u00e9ral. Qu&#039;il s&#039;agisse d&#039;huile de THC, de cartouches delta 8 ou de cartouche \u00e0 l&#039;huile de CBD, ce type d&#039;appareil sera votre incontournable avec des avantages et des caract\u00e9ristiques qui r\u00e9pondent aux besoins de tous les types de vapoteurs.\" \/>\n<meta property=\"og:url\" content=\"https:\/\/bcweededible.net\/fr\/buy\/accessoires\/batterie-vape-510\/\" \/>\n<meta property=\"og:site_name\" content=\"BC Weed Edible\" \/>\n<meta property=\"article:modified_time\" content=\"2026-03-27T21:52:51+00:00\" \/>\n<meta property=\"og:image\" content=\"https:\/\/bcweededible.net\/wp-content\/uploads\/2022\/01\/Eden-VapeBattery-Charger-1.jpg\" \/>\n\t<meta property=\"og:image:width\" content=\"1080\" \/>\n\t<meta property=\"og:image:height\" content=\"1080\" \/>\n\t<meta property=\"og:image:type\" content=\"image\/jpeg\" \/>\n<meta name=\"twitter:card\" content=\"summary_large_image\" \/>\n<script type=\"application\/ld+json\" class=\"yoast-schema-graph\">{\"@context\":\"https:\\\/\\\/schema.org\",\"@graph\":[{\"@type\":\"WebPage\",\"@id\":\"https:\\\/\\\/bcweededible.net\\\/fr\\\/buy\\\/accessoires\\\/batterie-vape-510\\\/\",\"url\":\"https:\\\/\\\/bcweededible.net\\\/fr\\\/buy\\\/accessoires\\\/batterie-vape-510\\\/\",\"name\":\"Batterie de Vapoteuse achat Canada | BC Weed Edible\",\"isPartOf\":{\"@id\":\"https:\\\/\\\/bcweededible.net\\\/fr\\\/#website\"},\"primaryImageOfPage\":{\"@id\":\"https:\\\/\\\/bcweededible.net\\\/fr\\\/buy\\\/accessoires\\\/batterie-vape-510\\\/#primaryimage\"},\"image\":{\"@id\":\"https:\\\/\\\/bcweededible.net\\\/fr\\\/buy\\\/accessoires\\\/batterie-vape-510\\\/#primaryimage\"},\"thumbnailUrl\":\"https:\\\/\\\/bcweededible.net\\\/wp-content\\\/uploads\\\/2022\\\/01\\\/Eden-VapeBattery-Charger-1.jpg\",\"datePublished\":\"2022-11-29T20:52:10+00:00\",\"dateModified\":\"2026-03-27T21:52:51+00:00\",\"breadcrumb\":{\"@id\":\"https:\\\/\\\/bcweededible.net\\\/fr\\\/buy\\\/accessoires\\\/batterie-vape-510\\\/#breadcrumb\"},\"inLanguage\":\"fr-FR\",\"potentialAction\":[{\"@type\":\"ReadAction\",\"target\":[\"https:\\\/\\\/bcweededible.net\\\/fr\\\/buy\\\/accessoires\\\/batterie-vape-510\\\/\"]}]},{\"@type\":\"ImageObject\",\"inLanguage\":\"fr-FR\",\"@id\":\"https:\\\/\\\/bcweededible.net\\\/fr\\\/buy\\\/accessoires\\\/batterie-vape-510\\\/#primaryimage\",\"url\":\"https:\\\/\\\/bcweededible.net\\\/wp-content\\\/uploads\\\/2022\\\/01\\\/Eden-VapeBattery-Charger-1.jpg\",\"contentUrl\":\"https:\\\/\\\/bcweededible.net\\\/wp-content\\\/uploads\\\/2022\\\/01\\\/Eden-VapeBattery-Charger-1.jpg\",\"width\":1080,\"height\":1080},{\"@type\":\"BreadcrumbList\",\"@id\":\"https:\\\/\\\/bcweededible.net\\\/fr\\\/buy\\\/accessoires\\\/batterie-vape-510\\\/#breadcrumb\",\"itemListElement\":[{\"@type\":\"ListItem\",\"position\":1,\"name\":\"Jujubes au Pot Canada\",\"item\":\"https:\\\/\\\/bcweededible.net\\\/fr\\\/shop\\\/\"},{\"@type\":\"ListItem\",\"position\":2,\"name\":\"Batterie de Vapoteuse\"}]},{\"@type\":\"WebSite\",\"@id\":\"https:\\\/\\\/bcweededible.net\\\/fr\\\/#website\",\"url\":\"https:\\\/\\\/bcweededible.net\\\/fr\\\/\",\"name\":\"BC Weed Edible\",\"description\":\"\",\"publisher\":{\"@id\":\"https:\\\/\\\/bcweededible.net\\\/fr\\\/#organization\"},\"potentialAction\":[{\"@type\":\"SearchAction\",\"target\":{\"@type\":\"EntryPoint\",\"urlTemplate\":\"https:\\\/\\\/bcweededible.net\\\/fr\\\/?s={search_term_string}\"},\"query-input\":{\"@type\":\"PropertyValueSpecification\",\"valueRequired\":true,\"valueName\":\"search_term_string\"}}],\"inLanguage\":\"fr-FR\"},{\"@type\":\"Organization\",\"@id\":\"https:\\\/\\\/bcweededible.net\\\/fr\\\/#organization\",\"name\":\"BC Weed Edible\",\"url\":\"https:\\\/\\\/bcweededible.net\\\/fr\\\/\",\"logo\":{\"@type\":\"ImageObject\",\"inLanguage\":\"fr-FR\",\"@id\":\"https:\\\/\\\/bcweededible.net\\\/fr\\\/#\\\/schema\\\/logo\\\/image\\\/\",\"url\":\"https:\\\/\\\/bcweededible.net\\\/wp-content\\\/uploads\\\/2021\\\/12\\\/bc-weed-edible-canada.png\",\"contentUrl\":\"https:\\\/\\\/bcweededible.net\\\/wp-content\\\/uploads\\\/2021\\\/12\\\/bc-weed-edible-canada.png\",\"width\":270,\"height\":185,\"caption\":\"BC Weed Edible\"},\"image\":{\"@id\":\"https:\\\/\\\/bcweededible.net\\\/fr\\\/#\\\/schema\\\/logo\\\/image\\\/\"}}]}<\/script>\n","yoast_head_json":{"title":"Batterie de Vapoteuse achat Canada | BC Weed Edible","robots":{"index":"index","follow":"follow","max-snippet":"max-snippet:-1","max-image-preview":"max-image-preview:large","max-video-preview":"max-video-preview:-1"},"canonical":"https:\/\/bcweededible.net\/fr\/buy\/accessoires\/batterie-vape-510\/","og_locale":"fr_FR","og_type":"article","og_title":"Batterie de Vapoteuse achat Canada | BC Weed Edible","og_description":"Les vapes (Thread 510) sont la norme en mati\u00e8re de vapotage. Le \"510\" est la connexion entre l'atomiseur et la batterie - c'est ainsi que vous vissez le r\u00e9servoir. Le terme signifie, 10 fils \u00e0 5 mm. Mais aujourd'hui, le terme de batterie de vapoteuse 510 est surtout utilis\u00e9 pour d\u00e9signer les stylos \u00e0 vape \u00e0 l'huile de cannabis en g\u00e9n\u00e9ral. Qu'il s'agisse d'huile de THC, de cartouches delta 8 ou de cartouche \u00e0 l'huile de CBD, ce type d'appareil sera votre incontournable avec des avantages et des caract\u00e9ristiques qui r\u00e9pondent aux besoins de tous les types de vapoteurs.","og_url":"https:\/\/bcweededible.net\/fr\/buy\/accessoires\/batterie-vape-510\/","og_site_name":"BC Weed Edible","article_modified_time":"2026-03-27T21:52:51+00:00","og_image":[{"width":1080,"height":1080,"url":"https:\/\/bcweededible.net\/wp-content\/uploads\/2022\/01\/Eden-VapeBattery-Charger-1.jpg","type":"image\/jpeg"}],"twitter_card":"summary_large_image","schema":{"@context":"https:\/\/schema.org","@graph":[{"@type":"WebPage","@id":"https:\/\/bcweededible.net\/fr\/buy\/accessoires\/batterie-vape-510\/","url":"https:\/\/bcweededible.net\/fr\/buy\/accessoires\/batterie-vape-510\/","name":"Batterie de Vapoteuse achat Canada | BC Weed Edible","isPartOf":{"@id":"https:\/\/bcweededible.net\/fr\/#website"},"primaryImageOfPage":{"@id":"https:\/\/bcweededible.net\/fr\/buy\/accessoires\/batterie-vape-510\/#primaryimage"},"image":{"@id":"https:\/\/bcweededible.net\/fr\/buy\/accessoires\/batterie-vape-510\/#primaryimage"},"thumbnailUrl":"https:\/\/bcweededible.net\/wp-content\/uploads\/2022\/01\/Eden-VapeBattery-Charger-1.jpg","datePublished":"2022-11-29T20:52:10+00:00","dateModified":"2026-03-27T21:52:51+00:00","breadcrumb":{"@id":"https:\/\/bcweededible.net\/fr\/buy\/accessoires\/batterie-vape-510\/#breadcrumb"},"inLanguage":"fr-FR","potentialAction":[{"@type":"ReadAction","target":["https:\/\/bcweededible.net\/fr\/buy\/accessoires\/batterie-vape-510\/"]}]},{"@type":"ImageObject","inLanguage":"fr-FR","@id":"https:\/\/bcweededible.net\/fr\/buy\/accessoires\/batterie-vape-510\/#primaryimage","url":"https:\/\/bcweededible.net\/wp-content\/uploads\/2022\/01\/Eden-VapeBattery-Charger-1.jpg","contentUrl":"https:\/\/bcweededible.net\/wp-content\/uploads\/2022\/01\/Eden-VapeBattery-Charger-1.jpg","width":1080,"height":1080},{"@type":"BreadcrumbList","@id":"https:\/\/bcweededible.net\/fr\/buy\/accessoires\/batterie-vape-510\/#breadcrumb","itemListElement":[{"@type":"ListItem","position":1,"name":"Jujubes au Pot Canada","item":"https:\/\/bcweededible.net\/fr\/shop\/"},{"@type":"ListItem","position":2,"name":"Batterie de Vapoteuse"}]},{"@type":"WebSite","@id":"https:\/\/bcweededible.net\/fr\/#website","url":"https:\/\/bcweededible.net\/fr\/","name":"BC Weed Edible","description":"","publisher":{"@id":"https:\/\/bcweededible.net\/fr\/#organization"},"potentialAction":[{"@type":"SearchAction","target":{"@type":"EntryPoint","urlTemplate":"https:\/\/bcweededible.net\/fr\/?s={search_term_string}"},"query-input":{"@type":"PropertyValueSpecification","valueRequired":true,"valueName":"search_term_string"}}],"inLanguage":"fr-FR"},{"@type":"Organization","@id":"https:\/\/bcweededible.net\/fr\/#organization","name":"BC Weed Edible","url":"https:\/\/bcweededible.net\/fr\/","logo":{"@type":"ImageObject","inLanguage":"fr-FR","@id":"https:\/\/bcweededible.net\/fr\/#\/schema\/logo\/image\/","url":"https:\/\/bcweededible.net\/wp-content\/uploads\/2021\/12\/bc-weed-edible-canada.png","contentUrl":"https:\/\/bcweededible.net\/wp-content\/uploads\/2021\/12\/bc-weed-edible-canada.png","width":270,"height":185,"caption":"BC Weed Edible"},"image":{"@id":"https:\/\/bcweededible.net\/fr\/#\/schema\/logo\/image\/"}}]}},"_links":{"self":[{"href":"https:\/\/bcweededible.net\/fr\/wp-json\/wp\/v2\/product\/23380","targetHints":{"allow":["GET"]}}],"collection":[{"href":"https:\/\/bcweededible.net\/fr\/wp-json\/wp\/v2\/product"}],"about":[{"href":"https:\/\/bcweededible.net\/fr\/wp-json\/wp\/v2\/types\/product"}],"replies":[{"embeddable":true,"href":"https:\/\/bcweededible.net\/fr\/wp-json\/wp\/v2\/comments?post=23380"}],"wp:featuredmedia":[{"embeddable":true,"href":"https:\/\/bcweededible.net\/fr\/wp-json\/wp\/v2\/media\/43718"}],"wp:attachment":[{"href":"https:\/\/bcweededible.net\/fr\/wp-json\/wp\/v2\/media?parent=23380"}],"wp:term":[{"taxonomy":"product_brand","embeddable":true,"href":"https:\/\/bcweededible.net\/fr\/wp-json\/wp\/v2\/product_brand?post=23380"},{"taxonomy":"product_cat","embeddable":true,"href":"https:\/\/bcweededible.net\/fr\/wp-json\/wp\/v2\/product_cat?post=23380"},{"taxonomy":"product_tag","embeddable":true,"href":"https:\/\/bcweededible.net\/fr\/wp-json\/wp\/v2\/product_tag?post=23380"}],"curies":[{"name":"wp","href":"https:\/\/api.w.org\/{rel}","templated":true}]}}