{"id":23367,"date":"2022-02-24T12:22:42","date_gmt":"2022-11-29T20:48:29","guid":{"rendered":"https:\/\/bcweededible.net\/buy\/non%20class\u00e9\/chasseur-de-licornes-hash-aaaa\/"},"modified":"2025-12-31T08:12:48","modified_gmt":"2025-12-31T16:12:48","slug":"licorne-hash","status":"publish","type":"product","link":"https:\/\/bcweededible.net\/fr\/buy\/concentres\/hasch\/hash-importe\/licorne-hash\/","title":{"rendered":"Licorne Hash (AAAA)"},"content":{"rendered":"<h2><strong>Achetez Licorne Hash au Canada<\/strong><\/h2>\n<p>Ce sont les m\u00eames personnes qui nous ont apport\u00e9 le Gold Seal Hash et maintenant nous avons leur nouvelle s\u00e9lection premium, le Licorne Hash. Vous ne serez pas enfonc\u00e9 dans votre sofa, mais vous aurez un sommeil fantastique apr\u00e8s. Un super hash domestique \u00e0 ne pas manquer !<\/p>\n<p>Le hash est particuli\u00e8rement populaire en raison de sa puissance, r\u00e9put\u00e9 pour \u00eatre l&#8217;un des produits du cannabis les plus consomm\u00e9s et les plus recherch\u00e9s au Canada. Ce concentr\u00e9 de cannabis contient une quantit\u00e9 substantielle de THC, il est fabriqu\u00e9 en une r\u00e9sine solide qui peut \u00eatre consomm\u00e9e en fumant ou par ingestion.<\/p>\n","protected":false},"excerpt":{"rendered":"<p>C&#8217;est un <strong>hash doux et collant avec un ar\u00f4me l\u00e9ger, \u00e9pic\u00e9 et frais.<\/strong> Le &#8221;high&#8221; arrive rapidement et semble \u00eatre un hybride \u00e9quilibr\u00e9 qui permet au fumeur de profiter du high dans une atmosph\u00e8re sociale puis de sombrer lentement dans un \u00e9tat de calme.<\/p>\n<h2>Informations sur le Licorne Hash<\/h2>\n<table>\n<tbody>\n<tr>\n<td class=\"has-text-align-center\" style=\"text-align: left;\" data-align=\"center\"><strong>Ph\u00e9notype<\/strong><\/td>\n<td class=\"has-text-align-center\" style=\"text-align: left;\" data-align=\"center\">Hybride<\/td>\n<\/tr>\n<tr>\n<td class=\"has-text-align-center\" data-align=\"center\"><strong>THC<\/strong><\/td>\n<td class=\"has-text-align-center\" data-align=\"center\">40%+<\/td>\n<\/tr>\n<tr>\n<td class=\"has-text-align-center\" data-align=\"center\"><strong>Consistance<\/strong><\/td>\n<td class=\"has-text-align-center\" data-align=\"center\">Souple et mall\u00e9able<\/td>\n<\/tr>\n<tr>\n<td class=\"has-text-align-center\" style=\"text-align: left;\" data-align=\"center\"><strong>Grade<\/strong><\/td>\n<td class=\"has-text-align-center\" style=\"text-align: left;\" data-align=\"center\">AAAA+<\/td>\n<\/tr>\n<tr>\n<td class=\"has-text-align-center\" style=\"text-align: left;\" data-align=\"center\"><strong>Couleur<\/strong><\/td>\n<td class=\"has-text-align-center\" style=\"text-align: left;\" data-align=\"center\">Brun fonc\u00e9, presque noir<\/td>\n<\/tr>\n<tr>\n<td class=\"has-text-align-center\" style=\"text-align: left;\" data-align=\"center\"><strong>Effets<\/strong><\/td>\n<td class=\"has-text-align-center\" style=\"text-align: left;\" data-align=\"center\">Relax, cr\u00e9atif, heureux, euphorie<\/td>\n<\/tr>\n<tr>\n<td class=\"has-text-align-center\" style=\"text-align: left;\" data-align=\"center\"><strong>Profil des terp\u00e8nes\u00a0<\/strong><\/td>\n<td class=\"has-text-align-center\" style=\"text-align: left;\" data-align=\"center\">\u00c9pic\u00e9, terreux, poivr\u00e9, de pin<\/td>\n<\/tr>\n<\/tbody>\n<\/table>\n","protected":false},"featured_media":11824,"comment_status":"open","ping_status":"closed","template":"","meta":[],"product_brand":[],"product_cat":[305,660,628,636],"product_tag":[],"class_list":{"0":"post-23367","1":"product","2":"type-product","3":"status-publish","4":"has-post-thumbnail","6":"product_cat-concentres","7":"product_cat-bulk-hash-fr","8":"product_cat-hasch","9":"product_cat-hash-importe","11":"first","12":"instock","13":"shipping-taxable","14":"product-type-variable","15":"has-default-attributes"},"yoast_head":"\n<title>Acheter Licorne Hash (AAAA) | Acheter du hasch en vrac et pas cher en ligne | BC Weed Edible<\/title>\n<meta name=\"robots\" content=\"index, follow, max-snippet:-1, max-image-preview:large, max-video-preview:-1\" \/>\n<link rel=\"canonical\" href=\"https:\/\/bcweededible.net\/fr\/buy\/concentres\/hasch\/hash-importe\/licorne-hash\/\" \/>\n<meta property=\"og:locale\" content=\"fr_FR\" \/>\n<meta property=\"og:type\" content=\"article\" \/>\n<meta property=\"og:title\" content=\"Acheter Licorne Hash (AAAA) | Acheter du hasch en vrac et pas cher en ligne | BC Weed Edible\" \/>\n<meta property=\"og:description\" content=\"C&#039;est un hash doux et collant avec un ar\u00f4me l\u00e9ger, \u00e9pic\u00e9 et frais. Le &#039;&#039;high&#039;&#039; arrive rapidement et semble \u00eatre un hybride \u00e9quilibr\u00e9 qui permet au fumeur de profiter du high dans une atmosph\u00e8re sociale puis de sombrer lentement dans un \u00e9tat de calme. Informations sur le Licorne Hash Ph\u00e9notype Hybride THC 40%+ Consistance Souple et mall\u00e9able Grade AAAA+ Couleur Brun fonc\u00e9, presque noir Effets Relax, cr\u00e9atif, heureux, euphorie Profil des terp\u00e8nes\u00a0 \u00c9pic\u00e9, terreux, poivr\u00e9, de pin\" \/>\n<meta property=\"og:url\" content=\"https:\/\/bcweededible.net\/fr\/buy\/concentres\/hasch\/hash-importe\/licorne-hash\/\" \/>\n<meta property=\"og:site_name\" content=\"BC Weed Edible\" \/>\n<meta property=\"article:modified_time\" content=\"2025-12-31T16:12:48+00:00\" \/>\n<meta property=\"og:image\" content=\"https:\/\/bcweededible.net\/wp-content\/uploads\/2022\/02\/unicorn-hunter-hash.jpg\" \/>\n\t<meta property=\"og:image:width\" content=\"1000\" \/>\n\t<meta property=\"og:image:height\" content=\"1000\" \/>\n\t<meta property=\"og:image:type\" content=\"image\/jpeg\" \/>\n<meta name=\"twitter:card\" content=\"summary_large_image\" \/>\n<meta name=\"twitter:label1\" content=\"Dur\u00e9e de lecture estim\u00e9e\" \/>\n\t<meta name=\"twitter:data1\" content=\"1 minute\" \/>\n<script type=\"application\/ld+json\" class=\"yoast-schema-graph\">{\"@context\":\"https:\\\/\\\/schema.org\",\"@graph\":[{\"@type\":\"WebPage\",\"@id\":\"https:\\\/\\\/bcweededible.net\\\/fr\\\/buy\\\/concentres\\\/hasch\\\/hash-importe\\\/licorne-hash\\\/\",\"url\":\"https:\\\/\\\/bcweededible.net\\\/fr\\\/buy\\\/concentres\\\/hasch\\\/hash-importe\\\/licorne-hash\\\/\",\"name\":\"Acheter Licorne Hash (AAAA) | Acheter du hasch en vrac et pas cher en ligne | BC Weed Edible\",\"isPartOf\":{\"@id\":\"https:\\\/\\\/bcweededible.net\\\/fr\\\/#website\"},\"primaryImageOfPage\":{\"@id\":\"https:\\\/\\\/bcweededible.net\\\/fr\\\/buy\\\/concentres\\\/hasch\\\/hash-importe\\\/licorne-hash\\\/#primaryimage\"},\"image\":{\"@id\":\"https:\\\/\\\/bcweededible.net\\\/fr\\\/buy\\\/concentres\\\/hasch\\\/hash-importe\\\/licorne-hash\\\/#primaryimage\"},\"thumbnailUrl\":\"https:\\\/\\\/bcweededible.net\\\/wp-content\\\/uploads\\\/2022\\\/02\\\/unicorn-hunter-hash.jpg\",\"datePublished\":\"2022-11-29T20:48:29+00:00\",\"dateModified\":\"2025-12-31T16:12:48+00:00\",\"breadcrumb\":{\"@id\":\"https:\\\/\\\/bcweededible.net\\\/fr\\\/buy\\\/concentres\\\/hasch\\\/hash-importe\\\/licorne-hash\\\/#breadcrumb\"},\"inLanguage\":\"fr-FR\",\"potentialAction\":[{\"@type\":\"ReadAction\",\"target\":[\"https:\\\/\\\/bcweededible.net\\\/fr\\\/buy\\\/concentres\\\/hasch\\\/hash-importe\\\/licorne-hash\\\/\"]}]},{\"@type\":\"ImageObject\",\"inLanguage\":\"fr-FR\",\"@id\":\"https:\\\/\\\/bcweededible.net\\\/fr\\\/buy\\\/concentres\\\/hasch\\\/hash-importe\\\/licorne-hash\\\/#primaryimage\",\"url\":\"https:\\\/\\\/bcweededible.net\\\/wp-content\\\/uploads\\\/2022\\\/02\\\/unicorn-hunter-hash.jpg\",\"contentUrl\":\"https:\\\/\\\/bcweededible.net\\\/wp-content\\\/uploads\\\/2022\\\/02\\\/unicorn-hunter-hash.jpg\",\"width\":1000,\"height\":1000,\"caption\":\"unicorn hunter hash\"},{\"@type\":\"BreadcrumbList\",\"@id\":\"https:\\\/\\\/bcweededible.net\\\/fr\\\/buy\\\/concentres\\\/hasch\\\/hash-importe\\\/licorne-hash\\\/#breadcrumb\",\"itemListElement\":[{\"@type\":\"ListItem\",\"position\":1,\"name\":\"Jujubes au Pot Canada\",\"item\":\"https:\\\/\\\/bcweededible.net\\\/fr\\\/shop\\\/\"},{\"@type\":\"ListItem\",\"position\":2,\"name\":\"Licorne Hash (AAAA)\"}]},{\"@type\":\"WebSite\",\"@id\":\"https:\\\/\\\/bcweededible.net\\\/fr\\\/#website\",\"url\":\"https:\\\/\\\/bcweededible.net\\\/fr\\\/\",\"name\":\"BC Weed Edible\",\"description\":\"\",\"publisher\":{\"@id\":\"https:\\\/\\\/bcweededible.net\\\/fr\\\/#organization\"},\"potentialAction\":[{\"@type\":\"SearchAction\",\"target\":{\"@type\":\"EntryPoint\",\"urlTemplate\":\"https:\\\/\\\/bcweededible.net\\\/fr\\\/?s={search_term_string}\"},\"query-input\":{\"@type\":\"PropertyValueSpecification\",\"valueRequired\":true,\"valueName\":\"search_term_string\"}}],\"inLanguage\":\"fr-FR\"},{\"@type\":\"Organization\",\"@id\":\"https:\\\/\\\/bcweededible.net\\\/fr\\\/#organization\",\"name\":\"BC Weed Edible\",\"url\":\"https:\\\/\\\/bcweededible.net\\\/fr\\\/\",\"logo\":{\"@type\":\"ImageObject\",\"inLanguage\":\"fr-FR\",\"@id\":\"https:\\\/\\\/bcweededible.net\\\/fr\\\/#\\\/schema\\\/logo\\\/image\\\/\",\"url\":\"https:\\\/\\\/bcweededible.net\\\/wp-content\\\/uploads\\\/2021\\\/12\\\/bc-weed-edible-canada.png\",\"contentUrl\":\"https:\\\/\\\/bcweededible.net\\\/wp-content\\\/uploads\\\/2021\\\/12\\\/bc-weed-edible-canada.png\",\"width\":270,\"height\":185,\"caption\":\"BC Weed Edible\"},\"image\":{\"@id\":\"https:\\\/\\\/bcweededible.net\\\/fr\\\/#\\\/schema\\\/logo\\\/image\\\/\"}}]}<\/script>\n","yoast_head_json":{"title":"Acheter Licorne Hash (AAAA) | Acheter du hasch en vrac et pas cher en ligne | BC Weed Edible","robots":{"index":"index","follow":"follow","max-snippet":"max-snippet:-1","max-image-preview":"max-image-preview:large","max-video-preview":"max-video-preview:-1"},"canonical":"https:\/\/bcweededible.net\/fr\/buy\/concentres\/hasch\/hash-importe\/licorne-hash\/","og_locale":"fr_FR","og_type":"article","og_title":"Acheter Licorne Hash (AAAA) | Acheter du hasch en vrac et pas cher en ligne | BC Weed Edible","og_description":"C'est un hash doux et collant avec un ar\u00f4me l\u00e9ger, \u00e9pic\u00e9 et frais. Le ''high'' arrive rapidement et semble \u00eatre un hybride \u00e9quilibr\u00e9 qui permet au fumeur de profiter du high dans une atmosph\u00e8re sociale puis de sombrer lentement dans un \u00e9tat de calme. Informations sur le Licorne Hash Ph\u00e9notype Hybride THC 40%+ Consistance Souple et mall\u00e9able Grade AAAA+ Couleur Brun fonc\u00e9, presque noir Effets Relax, cr\u00e9atif, heureux, euphorie Profil des terp\u00e8nes\u00a0 \u00c9pic\u00e9, terreux, poivr\u00e9, de pin","og_url":"https:\/\/bcweededible.net\/fr\/buy\/concentres\/hasch\/hash-importe\/licorne-hash\/","og_site_name":"BC Weed Edible","article_modified_time":"2025-12-31T16:12:48+00:00","og_image":[{"width":1000,"height":1000,"url":"https:\/\/bcweededible.net\/wp-content\/uploads\/2022\/02\/unicorn-hunter-hash.jpg","type":"image\/jpeg"}],"twitter_card":"summary_large_image","twitter_misc":{"Dur\u00e9e de lecture estim\u00e9e":"1 minute"},"schema":{"@context":"https:\/\/schema.org","@graph":[{"@type":"WebPage","@id":"https:\/\/bcweededible.net\/fr\/buy\/concentres\/hasch\/hash-importe\/licorne-hash\/","url":"https:\/\/bcweededible.net\/fr\/buy\/concentres\/hasch\/hash-importe\/licorne-hash\/","name":"Acheter Licorne Hash (AAAA) | Acheter du hasch en vrac et pas cher en ligne | BC Weed Edible","isPartOf":{"@id":"https:\/\/bcweededible.net\/fr\/#website"},"primaryImageOfPage":{"@id":"https:\/\/bcweededible.net\/fr\/buy\/concentres\/hasch\/hash-importe\/licorne-hash\/#primaryimage"},"image":{"@id":"https:\/\/bcweededible.net\/fr\/buy\/concentres\/hasch\/hash-importe\/licorne-hash\/#primaryimage"},"thumbnailUrl":"https:\/\/bcweededible.net\/wp-content\/uploads\/2022\/02\/unicorn-hunter-hash.jpg","datePublished":"2022-11-29T20:48:29+00:00","dateModified":"2025-12-31T16:12:48+00:00","breadcrumb":{"@id":"https:\/\/bcweededible.net\/fr\/buy\/concentres\/hasch\/hash-importe\/licorne-hash\/#breadcrumb"},"inLanguage":"fr-FR","potentialAction":[{"@type":"ReadAction","target":["https:\/\/bcweededible.net\/fr\/buy\/concentres\/hasch\/hash-importe\/licorne-hash\/"]}]},{"@type":"ImageObject","inLanguage":"fr-FR","@id":"https:\/\/bcweededible.net\/fr\/buy\/concentres\/hasch\/hash-importe\/licorne-hash\/#primaryimage","url":"https:\/\/bcweededible.net\/wp-content\/uploads\/2022\/02\/unicorn-hunter-hash.jpg","contentUrl":"https:\/\/bcweededible.net\/wp-content\/uploads\/2022\/02\/unicorn-hunter-hash.jpg","width":1000,"height":1000,"caption":"unicorn hunter hash"},{"@type":"BreadcrumbList","@id":"https:\/\/bcweededible.net\/fr\/buy\/concentres\/hasch\/hash-importe\/licorne-hash\/#breadcrumb","itemListElement":[{"@type":"ListItem","position":1,"name":"Jujubes au Pot Canada","item":"https:\/\/bcweededible.net\/fr\/shop\/"},{"@type":"ListItem","position":2,"name":"Licorne Hash (AAAA)"}]},{"@type":"WebSite","@id":"https:\/\/bcweededible.net\/fr\/#website","url":"https:\/\/bcweededible.net\/fr\/","name":"BC Weed Edible","description":"","publisher":{"@id":"https:\/\/bcweededible.net\/fr\/#organization"},"potentialAction":[{"@type":"SearchAction","target":{"@type":"EntryPoint","urlTemplate":"https:\/\/bcweededible.net\/fr\/?s={search_term_string}"},"query-input":{"@type":"PropertyValueSpecification","valueRequired":true,"valueName":"search_term_string"}}],"inLanguage":"fr-FR"},{"@type":"Organization","@id":"https:\/\/bcweededible.net\/fr\/#organization","name":"BC Weed Edible","url":"https:\/\/bcweededible.net\/fr\/","logo":{"@type":"ImageObject","inLanguage":"fr-FR","@id":"https:\/\/bcweededible.net\/fr\/#\/schema\/logo\/image\/","url":"https:\/\/bcweededible.net\/wp-content\/uploads\/2021\/12\/bc-weed-edible-canada.png","contentUrl":"https:\/\/bcweededible.net\/wp-content\/uploads\/2021\/12\/bc-weed-edible-canada.png","width":270,"height":185,"caption":"BC Weed Edible"},"image":{"@id":"https:\/\/bcweededible.net\/fr\/#\/schema\/logo\/image\/"}}]}},"_links":{"self":[{"href":"https:\/\/bcweededible.net\/fr\/wp-json\/wp\/v2\/product\/23367","targetHints":{"allow":["GET"]}}],"collection":[{"href":"https:\/\/bcweededible.net\/fr\/wp-json\/wp\/v2\/product"}],"about":[{"href":"https:\/\/bcweededible.net\/fr\/wp-json\/wp\/v2\/types\/product"}],"replies":[{"embeddable":true,"href":"https:\/\/bcweededible.net\/fr\/wp-json\/wp\/v2\/comments?post=23367"}],"wp:featuredmedia":[{"embeddable":true,"href":"https:\/\/bcweededible.net\/fr\/wp-json\/wp\/v2\/media\/11824"}],"wp:attachment":[{"href":"https:\/\/bcweededible.net\/fr\/wp-json\/wp\/v2\/media?parent=23367"}],"wp:term":[{"taxonomy":"product_brand","embeddable":true,"href":"https:\/\/bcweededible.net\/fr\/wp-json\/wp\/v2\/product_brand?post=23367"},{"taxonomy":"product_cat","embeddable":true,"href":"https:\/\/bcweededible.net\/fr\/wp-json\/wp\/v2\/product_cat?post=23367"},{"taxonomy":"product_tag","embeddable":true,"href":"https:\/\/bcweededible.net\/fr\/wp-json\/wp\/v2\/product_tag?post=23367"}],"curies":[{"name":"wp","href":"https:\/\/api.w.org\/{rel}","templated":true}]}}