{"id":23278,"date":"2022-02-24T13:46:10","date_gmt":"2022-02-24T20:46:10","guid":{"rendered":"https:\/\/bcweededible.net\/buy\/non%20class\u00e9\/pack-dechantillons-de-hasch-5-grammes\/"},"modified":"2025-11-19T13:31:50","modified_gmt":"2025-11-19T21:31:50","slug":"pack-dechantillons-de-hasch-12-grammes","status":"publish","type":"product","link":"https:\/\/bcweededible.net\/fr\/buy\/concentres\/hasch\/pack-dechantillons-de-hasch-12-grammes\/","title":{"rendered":"Pack d&#8217;\u00e9chantillons de hash (12gr)"},"content":{"rendered":"<h2>Comment consommer du hash ?<\/h2>\n<ul>\n<li>\u00c9mietter et mettre dans un joint<\/li>\n<li>Fumer une pipe\/un bong\/Hookah<\/li>\n<li>Fumer avec un &#8221;one-hitter&#8221;<\/li>\n<\/ul>\n","protected":false},"excerpt":{"rendered":"<p><strong>12 grammes assortis de Hash pour SEULEMENT $149 ($12.5\/g)!<\/strong> Nos hashs proviennent tous de la Colombie-Britannique, ce qui nous permet d&#8217;obtenir la meilleure qualit\u00e9 et le meilleur prix disponible au Canada. Ce pack\u00a0 d&#8217;\u00e9chantillons est un excellent moyen d&#8217;essayer notre s\u00e9lection de Hash.<\/p>\n<h2>Qu&#8217;y a-t-il dans ce pack d&#8217;\u00e9chantillons de hash ?<\/h2>\n<ol>\n<li><a href=\"https:\/\/bcweededible.net\/fr\/buy\/concentres\/hasch\/hash-importe\/afghan-hash-aaaa\/\">Afghan Hash (AAAA)<\/a><\/li>\n<li><a href=\"https:\/\/bcweededible.net\/fr\/buy\/concentres\/hasch\/hash-importe\/amsterdam-hash\/\">Bubble Hash d&#8217;Amsterdam (AAAA+)<\/a><\/li>\n<li><a href=\"https:\/\/bcweededible.net\/fr\/buy\/concentres\/hasch\/hash-importe\/premium-moroccan-hash\/\">Hash Blond Marocain (AAAA)<\/a><\/li>\n<li><a href=\"https:\/\/bcweededible.net\/fr\/buy\/concentres\/hasch\/hash-importe\/licorne-hash\/\">Licorne Hash (AAAA)<\/a><\/li>\n<li><a href=\"https:\/\/bcweededible.net\/fr\/buy\/concentres\/hasch\/hash-importe\/hachis-libanais-rouge\/\">Hash Libanais Rouge<\/a><\/li>\n<li><a href=\"https:\/\/bcweededible.net\/fr\/buy\/concentres\/hasch\/bc-hash-fr\/hash-blond-marocain\/\">Moroccan Blonde (Ketama) Hash<\/a><\/li>\n<li><a href=\"https:\/\/bcweededible.net\/fr\/buy\/concentres\/hasch\/hash-importe\/aaaa-caramelo-2\/\">Hash Noir Caramelo (AAAA)<\/a><\/li>\n<li><a href=\"https:\/\/bcweededible.net\/fr\/buy\/concentres\/hasch\/hash-importe\/kabul-hash\/\">Hash Afghan Kabul (AAAA)<\/a><\/li>\n<li><a href=\"https:\/\/bcweededible.net\/fr\/buy\/concentres\/hasch\/hash-importe\/pakistani-hash\/\">Hash Pakistanais (AAAA)<\/a><\/li>\n<li><a href=\"https:\/\/bcweededible.net\/fr\/buy\/concentres\/hasch\/bc-hash-fr\/hachis-afghan-express-a-lananas\/\">Hash Pineapple Express<\/a><\/li>\n<li><a href=\"https:\/\/bcweededible.net\/fr\/buy\/concentres\/hasch\/bc-hash-fr\/raisin-afghan-hash\/\">Hash Grape<\/a><\/li>\n<li><a href=\"https:\/\/bcweededible.net\/fr\/buy\/concentres\/hasch\/bc-hash-fr\/bubble-gum-hash\/\">Hash Bubble Gum<\/a><\/li>\n<\/ol>\n<p><a href=\"http:\/\/bcweededible.net\/shop\/concentrates\/hash\/\">Cliquez ici<\/a> pour acheter individuellement.<\/p>\n","protected":false},"featured_media":27697,"comment_status":"open","ping_status":"closed","template":"","meta":[],"product_brand":[],"product_cat":[305,628],"product_tag":[],"class_list":{"0":"post-23278","1":"product","2":"type-product","3":"status-publish","4":"has-post-thumbnail","6":"product_cat-concentres","7":"product_cat-hasch","9":"first","10":"instock","11":"sale","12":"shipping-taxable","13":"product-type-simple"},"yoast_head":"\n<title>Acheter Pack d&#039;\u00e9chantillons de hash (12gr) | Acheter du hasch en vrac et pas cher en ligne | BC Weed Edible<\/title>\n<meta name=\"robots\" content=\"index, follow, max-snippet:-1, max-image-preview:large, max-video-preview:-1\" \/>\n<link rel=\"canonical\" href=\"https:\/\/bcweededible.net\/fr\/buy\/concentres\/hasch\/pack-dechantillons-de-hasch-12-grammes\/\" \/>\n<meta property=\"og:locale\" content=\"fr_FR\" \/>\n<meta property=\"og:type\" content=\"article\" \/>\n<meta property=\"og:title\" content=\"Acheter Pack d&#039;\u00e9chantillons de hash (12gr) | Acheter du hasch en vrac et pas cher en ligne | BC Weed Edible\" \/>\n<meta property=\"og:description\" content=\"12 grammes assortis de Hash pour SEULEMENT $149 ($12.5\/g)! Nos hashs proviennent tous de la Colombie-Britannique, ce qui nous permet d&#039;obtenir la meilleure qualit\u00e9 et le meilleur prix disponible au Canada. Ce pack\u00a0 d&#039;\u00e9chantillons est un excellent moyen d&#039;essayer notre s\u00e9lection de Hash. Qu&#039;y a-t-il dans ce pack d&#039;\u00e9chantillons de hash ? Afghan Hash (AAAA) Bubble Hash d&#039;Amsterdam (AAAA+) Hash Blond Marocain (AAAA) Licorne Hash (AAAA) Hash Libanais Rouge Moroccan Blonde (Ketama) Hash Hash Noir Caramelo (AAAA) Hash Afghan Kabul (AAAA) Hash Pakistanais (AAAA) Hash Pineapple Express Hash Grape Hash Bubble Gum Cliquez ici pour acheter individuellement.\" \/>\n<meta property=\"og:url\" content=\"https:\/\/bcweededible.net\/fr\/buy\/concentres\/hasch\/pack-dechantillons-de-hasch-12-grammes\/\" \/>\n<meta property=\"og:site_name\" content=\"BC Weed Edible\" \/>\n<meta property=\"article:modified_time\" content=\"2025-11-19T21:31:50+00:00\" \/>\n<meta property=\"og:image\" content=\"https:\/\/bcweededible.net\/wp-content\/uploads\/2023\/02\/hash-sample-pack-1.jpg\" \/>\n\t<meta property=\"og:image:width\" content=\"720\" \/>\n\t<meta property=\"og:image:height\" content=\"720\" \/>\n\t<meta property=\"og:image:type\" content=\"image\/jpeg\" \/>\n<meta name=\"twitter:card\" content=\"summary_large_image\" \/>\n<meta name=\"twitter:label1\" content=\"Dur\u00e9e de lecture estim\u00e9e\" \/>\n\t<meta name=\"twitter:data1\" content=\"1 minute\" \/>\n<script type=\"application\/ld+json\" class=\"yoast-schema-graph\">{\"@context\":\"https:\\\/\\\/schema.org\",\"@graph\":[{\"@type\":\"WebPage\",\"@id\":\"https:\\\/\\\/bcweededible.net\\\/fr\\\/buy\\\/concentres\\\/hasch\\\/pack-dechantillons-de-hasch-12-grammes\\\/\",\"url\":\"https:\\\/\\\/bcweededible.net\\\/fr\\\/buy\\\/concentres\\\/hasch\\\/pack-dechantillons-de-hasch-12-grammes\\\/\",\"name\":\"Acheter Pack d'\u00e9chantillons de hash (12gr) | Acheter du hasch en vrac et pas cher en ligne | BC Weed Edible\",\"isPartOf\":{\"@id\":\"https:\\\/\\\/bcweededible.net\\\/fr\\\/#website\"},\"primaryImageOfPage\":{\"@id\":\"https:\\\/\\\/bcweededible.net\\\/fr\\\/buy\\\/concentres\\\/hasch\\\/pack-dechantillons-de-hasch-12-grammes\\\/#primaryimage\"},\"image\":{\"@id\":\"https:\\\/\\\/bcweededible.net\\\/fr\\\/buy\\\/concentres\\\/hasch\\\/pack-dechantillons-de-hasch-12-grammes\\\/#primaryimage\"},\"thumbnailUrl\":\"https:\\\/\\\/bcweededible.net\\\/wp-content\\\/uploads\\\/2023\\\/02\\\/hash-sample-pack-1.jpg\",\"datePublished\":\"2022-02-24T20:46:10+00:00\",\"dateModified\":\"2025-11-19T21:31:50+00:00\",\"breadcrumb\":{\"@id\":\"https:\\\/\\\/bcweededible.net\\\/fr\\\/buy\\\/concentres\\\/hasch\\\/pack-dechantillons-de-hasch-12-grammes\\\/#breadcrumb\"},\"inLanguage\":\"fr-FR\",\"potentialAction\":[{\"@type\":\"ReadAction\",\"target\":[\"https:\\\/\\\/bcweededible.net\\\/fr\\\/buy\\\/concentres\\\/hasch\\\/pack-dechantillons-de-hasch-12-grammes\\\/\"]}]},{\"@type\":\"ImageObject\",\"inLanguage\":\"fr-FR\",\"@id\":\"https:\\\/\\\/bcweededible.net\\\/fr\\\/buy\\\/concentres\\\/hasch\\\/pack-dechantillons-de-hasch-12-grammes\\\/#primaryimage\",\"url\":\"https:\\\/\\\/bcweededible.net\\\/wp-content\\\/uploads\\\/2023\\\/02\\\/hash-sample-pack-1.jpg\",\"contentUrl\":\"https:\\\/\\\/bcweededible.net\\\/wp-content\\\/uploads\\\/2023\\\/02\\\/hash-sample-pack-1.jpg\",\"width\":720,\"height\":720,\"caption\":\"hash sample pack\"},{\"@type\":\"BreadcrumbList\",\"@id\":\"https:\\\/\\\/bcweededible.net\\\/fr\\\/buy\\\/concentres\\\/hasch\\\/pack-dechantillons-de-hasch-12-grammes\\\/#breadcrumb\",\"itemListElement\":[{\"@type\":\"ListItem\",\"position\":1,\"name\":\"Jujubes au Pot Canada\",\"item\":\"https:\\\/\\\/bcweededible.net\\\/fr\\\/shop\\\/\"},{\"@type\":\"ListItem\",\"position\":2,\"name\":\"Pack d&#8217;\u00e9chantillons de hash (12gr)\"}]},{\"@type\":\"WebSite\",\"@id\":\"https:\\\/\\\/bcweededible.net\\\/fr\\\/#website\",\"url\":\"https:\\\/\\\/bcweededible.net\\\/fr\\\/\",\"name\":\"BC Weed Edible\",\"description\":\"\",\"publisher\":{\"@id\":\"https:\\\/\\\/bcweededible.net\\\/fr\\\/#organization\"},\"potentialAction\":[{\"@type\":\"SearchAction\",\"target\":{\"@type\":\"EntryPoint\",\"urlTemplate\":\"https:\\\/\\\/bcweededible.net\\\/fr\\\/?s={search_term_string}\"},\"query-input\":{\"@type\":\"PropertyValueSpecification\",\"valueRequired\":true,\"valueName\":\"search_term_string\"}}],\"inLanguage\":\"fr-FR\"},{\"@type\":\"Organization\",\"@id\":\"https:\\\/\\\/bcweededible.net\\\/fr\\\/#organization\",\"name\":\"BC Weed Edible\",\"url\":\"https:\\\/\\\/bcweededible.net\\\/fr\\\/\",\"logo\":{\"@type\":\"ImageObject\",\"inLanguage\":\"fr-FR\",\"@id\":\"https:\\\/\\\/bcweededible.net\\\/fr\\\/#\\\/schema\\\/logo\\\/image\\\/\",\"url\":\"https:\\\/\\\/bcweededible.net\\\/wp-content\\\/uploads\\\/2021\\\/12\\\/bc-weed-edible-canada.png\",\"contentUrl\":\"https:\\\/\\\/bcweededible.net\\\/wp-content\\\/uploads\\\/2021\\\/12\\\/bc-weed-edible-canada.png\",\"width\":270,\"height\":185,\"caption\":\"BC Weed Edible\"},\"image\":{\"@id\":\"https:\\\/\\\/bcweededible.net\\\/fr\\\/#\\\/schema\\\/logo\\\/image\\\/\"}}]}<\/script>\n","yoast_head_json":{"title":"Acheter Pack d'\u00e9chantillons de hash (12gr) | Acheter du hasch en vrac et pas cher en ligne | BC Weed Edible","robots":{"index":"index","follow":"follow","max-snippet":"max-snippet:-1","max-image-preview":"max-image-preview:large","max-video-preview":"max-video-preview:-1"},"canonical":"https:\/\/bcweededible.net\/fr\/buy\/concentres\/hasch\/pack-dechantillons-de-hasch-12-grammes\/","og_locale":"fr_FR","og_type":"article","og_title":"Acheter Pack d'\u00e9chantillons de hash (12gr) | Acheter du hasch en vrac et pas cher en ligne | BC Weed Edible","og_description":"12 grammes assortis de Hash pour SEULEMENT $149 ($12.5\/g)! Nos hashs proviennent tous de la Colombie-Britannique, ce qui nous permet d'obtenir la meilleure qualit\u00e9 et le meilleur prix disponible au Canada. Ce pack\u00a0 d'\u00e9chantillons est un excellent moyen d'essayer notre s\u00e9lection de Hash. Qu'y a-t-il dans ce pack d'\u00e9chantillons de hash ? Afghan Hash (AAAA) Bubble Hash d'Amsterdam (AAAA+) Hash Blond Marocain (AAAA) Licorne Hash (AAAA) Hash Libanais Rouge Moroccan Blonde (Ketama) Hash Hash Noir Caramelo (AAAA) Hash Afghan Kabul (AAAA) Hash Pakistanais (AAAA) Hash Pineapple Express Hash Grape Hash Bubble Gum Cliquez ici pour acheter individuellement.","og_url":"https:\/\/bcweededible.net\/fr\/buy\/concentres\/hasch\/pack-dechantillons-de-hasch-12-grammes\/","og_site_name":"BC Weed Edible","article_modified_time":"2025-11-19T21:31:50+00:00","og_image":[{"width":720,"height":720,"url":"https:\/\/bcweededible.net\/wp-content\/uploads\/2023\/02\/hash-sample-pack-1.jpg","type":"image\/jpeg"}],"twitter_card":"summary_large_image","twitter_misc":{"Dur\u00e9e de lecture estim\u00e9e":"1 minute"},"schema":{"@context":"https:\/\/schema.org","@graph":[{"@type":"WebPage","@id":"https:\/\/bcweededible.net\/fr\/buy\/concentres\/hasch\/pack-dechantillons-de-hasch-12-grammes\/","url":"https:\/\/bcweededible.net\/fr\/buy\/concentres\/hasch\/pack-dechantillons-de-hasch-12-grammes\/","name":"Acheter Pack d'\u00e9chantillons de hash (12gr) | Acheter du hasch en vrac et pas cher en ligne | BC Weed Edible","isPartOf":{"@id":"https:\/\/bcweededible.net\/fr\/#website"},"primaryImageOfPage":{"@id":"https:\/\/bcweededible.net\/fr\/buy\/concentres\/hasch\/pack-dechantillons-de-hasch-12-grammes\/#primaryimage"},"image":{"@id":"https:\/\/bcweededible.net\/fr\/buy\/concentres\/hasch\/pack-dechantillons-de-hasch-12-grammes\/#primaryimage"},"thumbnailUrl":"https:\/\/bcweededible.net\/wp-content\/uploads\/2023\/02\/hash-sample-pack-1.jpg","datePublished":"2022-02-24T20:46:10+00:00","dateModified":"2025-11-19T21:31:50+00:00","breadcrumb":{"@id":"https:\/\/bcweededible.net\/fr\/buy\/concentres\/hasch\/pack-dechantillons-de-hasch-12-grammes\/#breadcrumb"},"inLanguage":"fr-FR","potentialAction":[{"@type":"ReadAction","target":["https:\/\/bcweededible.net\/fr\/buy\/concentres\/hasch\/pack-dechantillons-de-hasch-12-grammes\/"]}]},{"@type":"ImageObject","inLanguage":"fr-FR","@id":"https:\/\/bcweededible.net\/fr\/buy\/concentres\/hasch\/pack-dechantillons-de-hasch-12-grammes\/#primaryimage","url":"https:\/\/bcweededible.net\/wp-content\/uploads\/2023\/02\/hash-sample-pack-1.jpg","contentUrl":"https:\/\/bcweededible.net\/wp-content\/uploads\/2023\/02\/hash-sample-pack-1.jpg","width":720,"height":720,"caption":"hash sample pack"},{"@type":"BreadcrumbList","@id":"https:\/\/bcweededible.net\/fr\/buy\/concentres\/hasch\/pack-dechantillons-de-hasch-12-grammes\/#breadcrumb","itemListElement":[{"@type":"ListItem","position":1,"name":"Jujubes au Pot Canada","item":"https:\/\/bcweededible.net\/fr\/shop\/"},{"@type":"ListItem","position":2,"name":"Pack d&#8217;\u00e9chantillons de hash (12gr)"}]},{"@type":"WebSite","@id":"https:\/\/bcweededible.net\/fr\/#website","url":"https:\/\/bcweededible.net\/fr\/","name":"BC Weed Edible","description":"","publisher":{"@id":"https:\/\/bcweededible.net\/fr\/#organization"},"potentialAction":[{"@type":"SearchAction","target":{"@type":"EntryPoint","urlTemplate":"https:\/\/bcweededible.net\/fr\/?s={search_term_string}"},"query-input":{"@type":"PropertyValueSpecification","valueRequired":true,"valueName":"search_term_string"}}],"inLanguage":"fr-FR"},{"@type":"Organization","@id":"https:\/\/bcweededible.net\/fr\/#organization","name":"BC Weed Edible","url":"https:\/\/bcweededible.net\/fr\/","logo":{"@type":"ImageObject","inLanguage":"fr-FR","@id":"https:\/\/bcweededible.net\/fr\/#\/schema\/logo\/image\/","url":"https:\/\/bcweededible.net\/wp-content\/uploads\/2021\/12\/bc-weed-edible-canada.png","contentUrl":"https:\/\/bcweededible.net\/wp-content\/uploads\/2021\/12\/bc-weed-edible-canada.png","width":270,"height":185,"caption":"BC Weed Edible"},"image":{"@id":"https:\/\/bcweededible.net\/fr\/#\/schema\/logo\/image\/"}}]}},"_links":{"self":[{"href":"https:\/\/bcweededible.net\/fr\/wp-json\/wp\/v2\/product\/23278","targetHints":{"allow":["GET"]}}],"collection":[{"href":"https:\/\/bcweededible.net\/fr\/wp-json\/wp\/v2\/product"}],"about":[{"href":"https:\/\/bcweededible.net\/fr\/wp-json\/wp\/v2\/types\/product"}],"replies":[{"embeddable":true,"href":"https:\/\/bcweededible.net\/fr\/wp-json\/wp\/v2\/comments?post=23278"}],"wp:featuredmedia":[{"embeddable":true,"href":"https:\/\/bcweededible.net\/fr\/wp-json\/wp\/v2\/media\/27697"}],"wp:attachment":[{"href":"https:\/\/bcweededible.net\/fr\/wp-json\/wp\/v2\/media?parent=23278"}],"wp:term":[{"taxonomy":"product_brand","embeddable":true,"href":"https:\/\/bcweededible.net\/fr\/wp-json\/wp\/v2\/product_brand?post=23278"},{"taxonomy":"product_cat","embeddable":true,"href":"https:\/\/bcweededible.net\/fr\/wp-json\/wp\/v2\/product_cat?post=23278"},{"taxonomy":"product_tag","embeddable":true,"href":"https:\/\/bcweededible.net\/fr\/wp-json\/wp\/v2\/product_tag?post=23278"}],"curies":[{"name":"wp","href":"https:\/\/api.w.org\/{rel}","templated":true}]}}