{"id":16745,"date":"2021-11-03T17:54:06","date_gmt":"2021-11-04T00:54:06","guid":{"rendered":"http:\/\/bcweededible.net\/buy\/non%20class\u00e9\/aaaa-pink-death-smalls\/"},"modified":"2026-03-27T05:08:53","modified_gmt":"2026-03-27T12:08:53","slug":"aaaa-pink-death-smalls","status":"publish","type":"product","link":"https:\/\/bcweededible.net\/fr\/buy\/gros\/pot-gros\/aaaa-pink-death-smalls\/","title":{"rendered":"AAAA+ Pink Death Smalls"},"content":{"rendered":"","protected":false},"excerpt":{"rendered":"<p><strong>Pink Death<\/strong> est une cr\u00e9ation savoureuse de Riot Seeds. Connue pour son profil de terp\u00e8nes bien \u00e9pic\u00e9, cette vari\u00e9t\u00e9 sent la cardamome, le fenouil, le gingembre et le poivre. Cette collection de saveurs et le pourcentage de THC naturellement \u00e9lev\u00e9 de cette vari\u00e9t\u00e9 font tout son charme. Pink Death produit des fleurs avec des teintes violettes profondes et procure une relaxation puissante, donc naturellement, cette vari\u00e9t\u00e9 est mieux utilis\u00e9e le soir.<\/p>\n<p><strong>Ce sont de petites fleurs de grade AAAA + \u00e0 un prix r\u00e9duit. Qualit\u00e9 incroyable pour le prix!<\/strong><\/p>\n<p><strong>Toujours frais, de nouveaux lots \u00e0 <\/strong><strong>chaque semaine !<\/strong><\/p>\n","protected":false},"featured_media":90336,"comment_status":"open","ping_status":"closed","template":"","meta":{"wprm-recipe-roundup-name":"","wprm-recipe-roundup-description":""},"product_cat":[470,719,549,245,289,291,452,292,293,294],"product_tag":[],"class_list":{"0":"post-16745","1":"product","2":"type-product","3":"status-publish","4":"has-post-thumbnail","6":"product_cat-livre-de-pot","7":"product_cat-popcorn-smalls-fr","8":"product_cat-promotions","9":"product_cat-fleurs-cannabis","10":"product_cat-99-oz-fr","11":"product_cat-aaaa","12":"product_cat-pot-gros","13":"product_cat-ounces-pas-cher","14":"product_cat-hybrid-fr","15":"product_cat-indica-fr","17":"first","18":"instock","19":"shipping-taxable","20":"purchasable","21":"product-type-variable","22":"has-default-attributes"},"yoast_head":"\n<title>Acheter AAAA+ Pink Death Smalls en Ligne Canada | BC Weed Edible<\/title>\n<meta name=\"robots\" content=\"index, follow, max-snippet:-1, max-image-preview:large, max-video-preview:-1\" \/>\n<link rel=\"canonical\" href=\"https:\/\/bcweededible.net\/fr\/buy\/gros\/pot-gros\/aaaa-pink-death-smalls\/\" \/>\n<meta property=\"og:locale\" content=\"fr_FR\" \/>\n<meta property=\"og:type\" content=\"article\" \/>\n<meta property=\"og:title\" content=\"Acheter AAAA+ Pink Death Smalls en Ligne Canada | BC Weed Edible\" \/>\n<meta property=\"og:description\" content=\"Pink Death est une cr\u00e9ation savoureuse de Riot Seeds. Connue pour son profil de terp\u00e8nes bien \u00e9pic\u00e9, cette vari\u00e9t\u00e9 sent la cardamome, le fenouil, le gingembre et le poivre. Cette collection de saveurs et le pourcentage de THC naturellement \u00e9lev\u00e9 de cette vari\u00e9t\u00e9 font tout son charme. Pink Death produit des fleurs avec des teintes violettes profondes et procure une relaxation puissante, donc naturellement, cette vari\u00e9t\u00e9 est mieux utilis\u00e9e le soir. Ce sont de petites fleurs de grade AAAA + \u00e0 un prix r\u00e9duit. Qualit\u00e9 incroyable pour le prix! Toujours frais, de nouveaux lots \u00e0 chaque semaine !\" \/>\n<meta property=\"og:url\" content=\"https:\/\/bcweededible.net\/fr\/buy\/gros\/pot-gros\/aaaa-pink-death-smalls\/\" \/>\n<meta property=\"og:site_name\" content=\"BC Weed Edible\" \/>\n<meta property=\"article:modified_time\" content=\"2026-03-27T12:08:53+00:00\" \/>\n<meta property=\"og:image\" content=\"https:\/\/bcweededible.net\/wp-content\/uploads\/2021\/11\/pink-death-small-popcorn-buds-1.jpeg\" \/>\n\t<meta property=\"og:image:width\" content=\"1000\" \/>\n\t<meta property=\"og:image:height\" content=\"1000\" \/>\n\t<meta property=\"og:image:type\" content=\"image\/jpeg\" \/>\n<meta name=\"twitter:card\" content=\"summary_large_image\" \/>\n<script type=\"application\/ld+json\" class=\"yoast-schema-graph\">{\"@context\":\"https:\/\/schema.org\",\"@graph\":[{\"@type\":\"WebPage\",\"@id\":\"https:\/\/bcweededible.net\/fr\/buy\/gros\/pot-gros\/aaaa-pink-death-smalls\/\",\"url\":\"https:\/\/bcweededible.net\/fr\/buy\/gros\/pot-gros\/aaaa-pink-death-smalls\/\",\"name\":\"Acheter AAAA+ Pink Death Smalls en Ligne Canada | BC Weed Edible\",\"isPartOf\":{\"@id\":\"https:\/\/bcweededible.net\/fr\/#website\"},\"primaryImageOfPage\":{\"@id\":\"https:\/\/bcweededible.net\/fr\/buy\/gros\/pot-gros\/aaaa-pink-death-smalls\/#primaryimage\"},\"image\":{\"@id\":\"https:\/\/bcweededible.net\/fr\/buy\/gros\/pot-gros\/aaaa-pink-death-smalls\/#primaryimage\"},\"thumbnailUrl\":\"https:\/\/bcweededible.net\/wp-content\/uploads\/2021\/11\/pink-death-small-popcorn-buds-1.jpeg\",\"datePublished\":\"2021-11-04T00:54:06+00:00\",\"dateModified\":\"2026-03-27T12:08:53+00:00\",\"breadcrumb\":{\"@id\":\"https:\/\/bcweededible.net\/fr\/buy\/gros\/pot-gros\/aaaa-pink-death-smalls\/#breadcrumb\"},\"inLanguage\":\"fr-FR\",\"potentialAction\":[{\"@type\":\"ReadAction\",\"target\":[\"https:\/\/bcweededible.net\/fr\/buy\/gros\/pot-gros\/aaaa-pink-death-smalls\/\"]}]},{\"@type\":\"ImageObject\",\"inLanguage\":\"fr-FR\",\"@id\":\"https:\/\/bcweededible.net\/fr\/buy\/gros\/pot-gros\/aaaa-pink-death-smalls\/#primaryimage\",\"url\":\"https:\/\/bcweededible.net\/wp-content\/uploads\/2021\/11\/pink-death-small-popcorn-buds-1.jpeg\",\"contentUrl\":\"https:\/\/bcweededible.net\/wp-content\/uploads\/2021\/11\/pink-death-small-popcorn-buds-1.jpeg\",\"width\":1000,\"height\":1000},{\"@type\":\"BreadcrumbList\",\"@id\":\"https:\/\/bcweededible.net\/fr\/buy\/gros\/pot-gros\/aaaa-pink-death-smalls\/#breadcrumb\",\"itemListElement\":[{\"@type\":\"ListItem\",\"position\":1,\"name\":\"Jujubes au Pot Canada\",\"item\":\"https:\/\/bcweededible.net\/fr\/shop\/\"},{\"@type\":\"ListItem\",\"position\":2,\"name\":\"AAAA+ Pink Death Smalls\"}]},{\"@type\":\"WebSite\",\"@id\":\"https:\/\/bcweededible.net\/fr\/#website\",\"url\":\"https:\/\/bcweededible.net\/fr\/\",\"name\":\"BC Weed Edible\",\"description\":\"\",\"publisher\":{\"@id\":\"https:\/\/bcweededible.net\/fr\/#organization\"},\"potentialAction\":[{\"@type\":\"SearchAction\",\"target\":{\"@type\":\"EntryPoint\",\"urlTemplate\":\"https:\/\/bcweededible.net\/fr\/?s={search_term_string}\"},\"query-input\":{\"@type\":\"PropertyValueSpecification\",\"valueRequired\":true,\"valueName\":\"search_term_string\"}}],\"inLanguage\":\"fr-FR\"},{\"@type\":\"Organization\",\"@id\":\"https:\/\/bcweededible.net\/fr\/#organization\",\"name\":\"BC Weed Edible\",\"url\":\"https:\/\/bcweededible.net\/fr\/\",\"logo\":{\"@type\":\"ImageObject\",\"inLanguage\":\"fr-FR\",\"@id\":\"https:\/\/bcweededible.net\/fr\/#\/schema\/logo\/image\/\",\"url\":\"https:\/\/bcweededible.net\/wp-content\/uploads\/2021\/12\/bc-weed-edible-canada.png\",\"contentUrl\":\"https:\/\/bcweededible.net\/wp-content\/uploads\/2021\/12\/bc-weed-edible-canada.png\",\"width\":270,\"height\":185,\"caption\":\"BC Weed Edible\"},\"image\":{\"@id\":\"https:\/\/bcweededible.net\/fr\/#\/schema\/logo\/image\/\"}}]}<\/script>\n","yoast_head_json":{"title":"Acheter AAAA+ Pink Death Smalls en Ligne Canada | BC Weed Edible","robots":{"index":"index","follow":"follow","max-snippet":"max-snippet:-1","max-image-preview":"max-image-preview:large","max-video-preview":"max-video-preview:-1"},"canonical":"https:\/\/bcweededible.net\/fr\/buy\/gros\/pot-gros\/aaaa-pink-death-smalls\/","og_locale":"fr_FR","og_type":"article","og_title":"Acheter AAAA+ Pink Death Smalls en Ligne Canada | BC Weed Edible","og_description":"Pink Death est une cr\u00e9ation savoureuse de Riot Seeds. Connue pour son profil de terp\u00e8nes bien \u00e9pic\u00e9, cette vari\u00e9t\u00e9 sent la cardamome, le fenouil, le gingembre et le poivre. Cette collection de saveurs et le pourcentage de THC naturellement \u00e9lev\u00e9 de cette vari\u00e9t\u00e9 font tout son charme. Pink Death produit des fleurs avec des teintes violettes profondes et procure une relaxation puissante, donc naturellement, cette vari\u00e9t\u00e9 est mieux utilis\u00e9e le soir. Ce sont de petites fleurs de grade AAAA + \u00e0 un prix r\u00e9duit. Qualit\u00e9 incroyable pour le prix! Toujours frais, de nouveaux lots \u00e0 chaque semaine !","og_url":"https:\/\/bcweededible.net\/fr\/buy\/gros\/pot-gros\/aaaa-pink-death-smalls\/","og_site_name":"BC Weed Edible","article_modified_time":"2026-03-27T12:08:53+00:00","og_image":[{"width":1000,"height":1000,"url":"https:\/\/bcweededible.net\/wp-content\/uploads\/2021\/11\/pink-death-small-popcorn-buds-1.jpeg","type":"image\/jpeg"}],"twitter_card":"summary_large_image","schema":{"@context":"https:\/\/schema.org","@graph":[{"@type":"WebPage","@id":"https:\/\/bcweededible.net\/fr\/buy\/gros\/pot-gros\/aaaa-pink-death-smalls\/","url":"https:\/\/bcweededible.net\/fr\/buy\/gros\/pot-gros\/aaaa-pink-death-smalls\/","name":"Acheter AAAA+ Pink Death Smalls en Ligne Canada | BC Weed Edible","isPartOf":{"@id":"https:\/\/bcweededible.net\/fr\/#website"},"primaryImageOfPage":{"@id":"https:\/\/bcweededible.net\/fr\/buy\/gros\/pot-gros\/aaaa-pink-death-smalls\/#primaryimage"},"image":{"@id":"https:\/\/bcweededible.net\/fr\/buy\/gros\/pot-gros\/aaaa-pink-death-smalls\/#primaryimage"},"thumbnailUrl":"https:\/\/bcweededible.net\/wp-content\/uploads\/2021\/11\/pink-death-small-popcorn-buds-1.jpeg","datePublished":"2021-11-04T00:54:06+00:00","dateModified":"2026-03-27T12:08:53+00:00","breadcrumb":{"@id":"https:\/\/bcweededible.net\/fr\/buy\/gros\/pot-gros\/aaaa-pink-death-smalls\/#breadcrumb"},"inLanguage":"fr-FR","potentialAction":[{"@type":"ReadAction","target":["https:\/\/bcweededible.net\/fr\/buy\/gros\/pot-gros\/aaaa-pink-death-smalls\/"]}]},{"@type":"ImageObject","inLanguage":"fr-FR","@id":"https:\/\/bcweededible.net\/fr\/buy\/gros\/pot-gros\/aaaa-pink-death-smalls\/#primaryimage","url":"https:\/\/bcweededible.net\/wp-content\/uploads\/2021\/11\/pink-death-small-popcorn-buds-1.jpeg","contentUrl":"https:\/\/bcweededible.net\/wp-content\/uploads\/2021\/11\/pink-death-small-popcorn-buds-1.jpeg","width":1000,"height":1000},{"@type":"BreadcrumbList","@id":"https:\/\/bcweededible.net\/fr\/buy\/gros\/pot-gros\/aaaa-pink-death-smalls\/#breadcrumb","itemListElement":[{"@type":"ListItem","position":1,"name":"Jujubes au Pot Canada","item":"https:\/\/bcweededible.net\/fr\/shop\/"},{"@type":"ListItem","position":2,"name":"AAAA+ Pink Death Smalls"}]},{"@type":"WebSite","@id":"https:\/\/bcweededible.net\/fr\/#website","url":"https:\/\/bcweededible.net\/fr\/","name":"BC Weed Edible","description":"","publisher":{"@id":"https:\/\/bcweededible.net\/fr\/#organization"},"potentialAction":[{"@type":"SearchAction","target":{"@type":"EntryPoint","urlTemplate":"https:\/\/bcweededible.net\/fr\/?s={search_term_string}"},"query-input":{"@type":"PropertyValueSpecification","valueRequired":true,"valueName":"search_term_string"}}],"inLanguage":"fr-FR"},{"@type":"Organization","@id":"https:\/\/bcweededible.net\/fr\/#organization","name":"BC Weed Edible","url":"https:\/\/bcweededible.net\/fr\/","logo":{"@type":"ImageObject","inLanguage":"fr-FR","@id":"https:\/\/bcweededible.net\/fr\/#\/schema\/logo\/image\/","url":"https:\/\/bcweededible.net\/wp-content\/uploads\/2021\/12\/bc-weed-edible-canada.png","contentUrl":"https:\/\/bcweededible.net\/wp-content\/uploads\/2021\/12\/bc-weed-edible-canada.png","width":270,"height":185,"caption":"BC Weed Edible"},"image":{"@id":"https:\/\/bcweededible.net\/fr\/#\/schema\/logo\/image\/"}}]}},"_links":{"self":[{"href":"https:\/\/bcweededible.net\/fr\/wp-json\/wp\/v2\/product\/16745","targetHints":{"allow":["GET"]}}],"collection":[{"href":"https:\/\/bcweededible.net\/fr\/wp-json\/wp\/v2\/product"}],"about":[{"href":"https:\/\/bcweededible.net\/fr\/wp-json\/wp\/v2\/types\/product"}],"replies":[{"embeddable":true,"href":"https:\/\/bcweededible.net\/fr\/wp-json\/wp\/v2\/comments?post=16745"}],"wp:featuredmedia":[{"embeddable":true,"href":"https:\/\/bcweededible.net\/fr\/wp-json\/wp\/v2\/media\/90336"}],"wp:attachment":[{"href":"https:\/\/bcweededible.net\/fr\/wp-json\/wp\/v2\/media?parent=16745"}],"wp:term":[{"taxonomy":"product_cat","embeddable":true,"href":"https:\/\/bcweededible.net\/fr\/wp-json\/wp\/v2\/product_cat?post=16745"},{"taxonomy":"product_tag","embeddable":true,"href":"https:\/\/bcweededible.net\/fr\/wp-json\/wp\/v2\/product_tag?post=16745"}],"curies":[{"name":"wp","href":"https:\/\/api.w.org\/{rel}","templated":true}]}}