{"id":13645,"date":"2022-02-14T12:05:39","date_gmt":"2022-04-08T19:22:44","guid":{"rendered":"http:\/\/bcweededible.net\/buy\/non%20class\u00e9\/250mg-champignons-magiques-jujubes-10x250mg\/"},"modified":"2026-04-08T09:06:46","modified_gmt":"2026-04-08T16:06:46","slug":"250mg-champignons-jujubes","status":"publish","type":"product","link":"https:\/\/bcweededible.net\/fr\/buy\/marques\/eden-edibles-fr\/250mg-champignons-jujubes\/","title":{"rendered":"Jujubes Shrooms (10x250mg)"},"content":{"rendered":"","protected":false},"excerpt":{"rendered":"<p>Nos jujubes Shrooms sont vegan , sans g\u00e9latine et fabriqu\u00e9s avec les meilleurs ingr\u00e9dients. <strong>Tous les paquets contiennent 10 jujubes , ce qui \u00e9quivaut \u00e0 2,5 grammes de champignons magiques s\u00e9ch\u00e9s.<\/strong> La texture parfaite ainsi qu&#8217;un go\u00fbt parfait. Facile \u00e0 transporter et parfait pour vous g\u00e2ter.<\/p>\n<p><strong>250 mg est consid\u00e9r\u00e9 comme une dose de d\u00e9part pour une exp\u00e9rience psych\u00e9d\u00e9lique<\/strong> pour les personnes qui recherchent l&#8217;euphorie, une bonne humeur, de la cr\u00e9ativit\u00e9&#8230; Si vous recherchez un <strong>voyage psych\u00e9d\u00e9lique<\/strong> complet, nous vous conseillons de <strong>prendre jusqu&#8217;\u00e0 4 jujubes<\/strong>. Si vous n&#8217;\u00eates pas s\u00fbr de la quantit\u00e9 requise, veuillez consulter notre <a href=\"http:\/\/bcweededible.net\/magic-mushroom-dosage\/\">guide de dosage<\/a> des champignons.<\/p>\n<p><strong>Dosage champignon magique:<\/strong><\/p>\n<ul>\n<li>Microdose : 0,10 gramme \u2013 0,30 gramme<\/li>\n<li>Dose pour d\u00e9butant\u00a0: 0,30 gramme (un quart) &#8211; 1 gramme<\/li>\n<li>Dose moyenne : 1 gramme \u2013 2,5 grammes<\/li>\n<li>Dose \u00e9lev\u00e9e\u00a0: 2,5 \u00e0 3,5\u00a0grammes<\/li>\n<li>Dose h\u00e9ro\u00efque : 3,5+ grammes<\/li>\n<\/ul>\n<p><strong>Ingr\u00e9dients :<\/strong> pur\u00e9e de fruits, sucre, pectine NH, glucose, jus de citron, psilocybe cubensis.<\/p>\n<p><strong>Conservation : 6 mois au r\u00e9frig\u00e9rateur, 2 mois \u00e0 temp\u00e9rature ambiante<\/strong><\/p>\n<div class=\"woocommerce-product-details__short-description\">\n<p><strong>Achetez plus, \u00e9conomisez plus<\/strong> : obtenez jusqu&#8217;\u00e0 20 % de r\u00e9duction sur vos produits comestibles lors de l&#8217;achat de plusieurs paquets.<\/p>\n<\/div>\n","protected":false},"featured_media":99909,"comment_status":"open","ping_status":"closed","template":"","meta":[],"product_brand":[],"product_cat":[664,244,246,280,237,284,285,286],"product_tag":[],"class_list":{"0":"post-13645","1":"product","2":"type-product","3":"status-publish","4":"has-post-thumbnail","6":"product_cat-eden-edibles-fr","7":"product_cat-comestibles","8":"product_cat-pas-cher","9":"product_cat-vegan-fr","10":"product_cat-champignons-magiques","11":"product_cat-comestibles-aux-champignons","12":"product_cat-jujubes-aux-champignons","13":"product_cat-micro-dose-fr","15":"first","16":"instock","17":"shipping-taxable","18":"product-type-variable","19":"has-default-attributes"},"yoast_head":"\n<title>Acheter 250 mg Jujubes champignons magiques en ligne Canada | BC Weed Edible<\/title>\n<meta name=\"robots\" content=\"index, follow, max-snippet:-1, max-image-preview:large, max-video-preview:-1\" \/>\n<link rel=\"canonical\" href=\"https:\/\/bcweededible.net\/fr\/buy\/marques\/eden-edibles-fr\/250mg-champignons-jujubes\/\" \/>\n<meta property=\"og:locale\" content=\"fr_FR\" \/>\n<meta property=\"og:type\" content=\"article\" \/>\n<meta property=\"og:title\" content=\"Acheter 250 mg Jujubes champignons magiques en ligne Canada | BC Weed Edible\" \/>\n<meta property=\"og:description\" content=\"Nos jujubes Shrooms sont vegan , sans g\u00e9latine et fabriqu\u00e9s avec les meilleurs ingr\u00e9dients. Tous les paquets contiennent 10 jujubes , ce qui \u00e9quivaut \u00e0 2,5 grammes de champignons magiques s\u00e9ch\u00e9s. La texture parfaite ainsi qu&#039;un go\u00fbt parfait. Facile \u00e0 transporter et parfait pour vous g\u00e2ter. 250 mg est consid\u00e9r\u00e9 comme une dose de d\u00e9part pour une exp\u00e9rience psych\u00e9d\u00e9lique pour les personnes qui recherchent l&#039;euphorie, une bonne humeur, de la cr\u00e9ativit\u00e9... Si vous recherchez un voyage psych\u00e9d\u00e9lique complet, nous vous conseillons de prendre jusqu&#039;\u00e0 4 jujubes. Si vous n&#039;\u00eates pas s\u00fbr de la quantit\u00e9 requise, veuillez consulter notre guide de dosage des champignons. Dosage champignon magique: Microdose : 0,10 gramme \u2013 0,30 gramme Dose pour d\u00e9butant\u00a0: 0,30 gramme (un quart) - 1 gramme Dose moyenne : 1 gramme \u2013 2,5 grammes Dose \u00e9lev\u00e9e\u00a0: 2,5 \u00e0 3,5\u00a0grammes Dose h\u00e9ro\u00efque : 3,5+ grammes Ingr\u00e9dients : pur\u00e9e de fruits, sucre, pectine NH, glucose, jus de citron, psilocybe cubensis. Conservation : 6 mois au r\u00e9frig\u00e9rateur, 2 mois \u00e0 temp\u00e9rature ambiante Achetez plus, \u00e9conomisez plus : obtenez jusqu&#039;\u00e0 20 % de r\u00e9duction sur vos produits comestibles lors de l&#039;achat de plusieurs paquets.\" \/>\n<meta property=\"og:url\" content=\"https:\/\/bcweededible.net\/fr\/buy\/marques\/eden-edibles-fr\/250mg-champignons-jujubes\/\" \/>\n<meta property=\"og:site_name\" content=\"BC Weed Edible\" \/>\n<meta property=\"article:modified_time\" content=\"2026-04-08T16:06:46+00:00\" \/>\n<meta property=\"og:image\" content=\"https:\/\/bcweededible.net\/wp-content\/uploads\/2025\/06\/magic-mushroom-gummies-eden.jpg\" \/>\n\t<meta property=\"og:image:width\" content=\"1080\" \/>\n\t<meta property=\"og:image:height\" content=\"1080\" \/>\n\t<meta property=\"og:image:type\" content=\"image\/jpeg\" \/>\n<meta name=\"twitter:card\" content=\"summary_large_image\" \/>\n<script type=\"application\/ld+json\" class=\"yoast-schema-graph\">{\"@context\":\"https:\\\/\\\/schema.org\",\"@graph\":[{\"@type\":\"WebPage\",\"@id\":\"https:\\\/\\\/bcweededible.net\\\/fr\\\/buy\\\/marques\\\/eden-edibles-fr\\\/250mg-champignons-jujubes\\\/\",\"url\":\"https:\\\/\\\/bcweededible.net\\\/fr\\\/buy\\\/marques\\\/eden-edibles-fr\\\/250mg-champignons-jujubes\\\/\",\"name\":\"Acheter 250 mg Jujubes champignons magiques en ligne Canada | BC Weed Edible\",\"isPartOf\":{\"@id\":\"https:\\\/\\\/bcweededible.net\\\/fr\\\/#website\"},\"primaryImageOfPage\":{\"@id\":\"https:\\\/\\\/bcweededible.net\\\/fr\\\/buy\\\/marques\\\/eden-edibles-fr\\\/250mg-champignons-jujubes\\\/#primaryimage\"},\"image\":{\"@id\":\"https:\\\/\\\/bcweededible.net\\\/fr\\\/buy\\\/marques\\\/eden-edibles-fr\\\/250mg-champignons-jujubes\\\/#primaryimage\"},\"thumbnailUrl\":\"https:\\\/\\\/bcweededible.net\\\/wp-content\\\/uploads\\\/2025\\\/06\\\/magic-mushroom-gummies-eden.jpg\",\"datePublished\":\"2022-04-08T19:22:44+00:00\",\"dateModified\":\"2026-04-08T16:06:46+00:00\",\"breadcrumb\":{\"@id\":\"https:\\\/\\\/bcweededible.net\\\/fr\\\/buy\\\/marques\\\/eden-edibles-fr\\\/250mg-champignons-jujubes\\\/#breadcrumb\"},\"inLanguage\":\"fr-FR\",\"potentialAction\":[{\"@type\":\"ReadAction\",\"target\":[\"https:\\\/\\\/bcweededible.net\\\/fr\\\/buy\\\/marques\\\/eden-edibles-fr\\\/250mg-champignons-jujubes\\\/\"]}]},{\"@type\":\"ImageObject\",\"inLanguage\":\"fr-FR\",\"@id\":\"https:\\\/\\\/bcweededible.net\\\/fr\\\/buy\\\/marques\\\/eden-edibles-fr\\\/250mg-champignons-jujubes\\\/#primaryimage\",\"url\":\"https:\\\/\\\/bcweededible.net\\\/wp-content\\\/uploads\\\/2025\\\/06\\\/magic-mushroom-gummies-eden.jpg\",\"contentUrl\":\"https:\\\/\\\/bcweededible.net\\\/wp-content\\\/uploads\\\/2025\\\/06\\\/magic-mushroom-gummies-eden.jpg\",\"width\":1080,\"height\":1080},{\"@type\":\"BreadcrumbList\",\"@id\":\"https:\\\/\\\/bcweededible.net\\\/fr\\\/buy\\\/marques\\\/eden-edibles-fr\\\/250mg-champignons-jujubes\\\/#breadcrumb\",\"itemListElement\":[{\"@type\":\"ListItem\",\"position\":1,\"name\":\"Jujubes au Pot Canada\",\"item\":\"https:\\\/\\\/bcweededible.net\\\/fr\\\/shop\\\/\"},{\"@type\":\"ListItem\",\"position\":2,\"name\":\"Jujubes Shrooms (10x250mg)\"}]},{\"@type\":\"WebSite\",\"@id\":\"https:\\\/\\\/bcweededible.net\\\/fr\\\/#website\",\"url\":\"https:\\\/\\\/bcweededible.net\\\/fr\\\/\",\"name\":\"BC Weed Edible\",\"description\":\"\",\"publisher\":{\"@id\":\"https:\\\/\\\/bcweededible.net\\\/fr\\\/#organization\"},\"potentialAction\":[{\"@type\":\"SearchAction\",\"target\":{\"@type\":\"EntryPoint\",\"urlTemplate\":\"https:\\\/\\\/bcweededible.net\\\/fr\\\/?s={search_term_string}\"},\"query-input\":{\"@type\":\"PropertyValueSpecification\",\"valueRequired\":true,\"valueName\":\"search_term_string\"}}],\"inLanguage\":\"fr-FR\"},{\"@type\":\"Organization\",\"@id\":\"https:\\\/\\\/bcweededible.net\\\/fr\\\/#organization\",\"name\":\"BC Weed Edible\",\"url\":\"https:\\\/\\\/bcweededible.net\\\/fr\\\/\",\"logo\":{\"@type\":\"ImageObject\",\"inLanguage\":\"fr-FR\",\"@id\":\"https:\\\/\\\/bcweededible.net\\\/fr\\\/#\\\/schema\\\/logo\\\/image\\\/\",\"url\":\"https:\\\/\\\/bcweededible.net\\\/wp-content\\\/uploads\\\/2021\\\/12\\\/bc-weed-edible-canada.png\",\"contentUrl\":\"https:\\\/\\\/bcweededible.net\\\/wp-content\\\/uploads\\\/2021\\\/12\\\/bc-weed-edible-canada.png\",\"width\":270,\"height\":185,\"caption\":\"BC Weed Edible\"},\"image\":{\"@id\":\"https:\\\/\\\/bcweededible.net\\\/fr\\\/#\\\/schema\\\/logo\\\/image\\\/\"}}]}<\/script>\n","yoast_head_json":{"title":"Acheter 250 mg Jujubes champignons magiques en ligne Canada | BC Weed Edible","robots":{"index":"index","follow":"follow","max-snippet":"max-snippet:-1","max-image-preview":"max-image-preview:large","max-video-preview":"max-video-preview:-1"},"canonical":"https:\/\/bcweededible.net\/fr\/buy\/marques\/eden-edibles-fr\/250mg-champignons-jujubes\/","og_locale":"fr_FR","og_type":"article","og_title":"Acheter 250 mg Jujubes champignons magiques en ligne Canada | BC Weed Edible","og_description":"Nos jujubes Shrooms sont vegan , sans g\u00e9latine et fabriqu\u00e9s avec les meilleurs ingr\u00e9dients. Tous les paquets contiennent 10 jujubes , ce qui \u00e9quivaut \u00e0 2,5 grammes de champignons magiques s\u00e9ch\u00e9s. La texture parfaite ainsi qu'un go\u00fbt parfait. Facile \u00e0 transporter et parfait pour vous g\u00e2ter. 250 mg est consid\u00e9r\u00e9 comme une dose de d\u00e9part pour une exp\u00e9rience psych\u00e9d\u00e9lique pour les personnes qui recherchent l'euphorie, une bonne humeur, de la cr\u00e9ativit\u00e9... Si vous recherchez un voyage psych\u00e9d\u00e9lique complet, nous vous conseillons de prendre jusqu'\u00e0 4 jujubes. Si vous n'\u00eates pas s\u00fbr de la quantit\u00e9 requise, veuillez consulter notre guide de dosage des champignons. Dosage champignon magique: Microdose : 0,10 gramme \u2013 0,30 gramme Dose pour d\u00e9butant\u00a0: 0,30 gramme (un quart) - 1 gramme Dose moyenne : 1 gramme \u2013 2,5 grammes Dose \u00e9lev\u00e9e\u00a0: 2,5 \u00e0 3,5\u00a0grammes Dose h\u00e9ro\u00efque : 3,5+ grammes Ingr\u00e9dients : pur\u00e9e de fruits, sucre, pectine NH, glucose, jus de citron, psilocybe cubensis. Conservation : 6 mois au r\u00e9frig\u00e9rateur, 2 mois \u00e0 temp\u00e9rature ambiante Achetez plus, \u00e9conomisez plus : obtenez jusqu'\u00e0 20 % de r\u00e9duction sur vos produits comestibles lors de l'achat de plusieurs paquets.","og_url":"https:\/\/bcweededible.net\/fr\/buy\/marques\/eden-edibles-fr\/250mg-champignons-jujubes\/","og_site_name":"BC Weed Edible","article_modified_time":"2026-04-08T16:06:46+00:00","og_image":[{"width":1080,"height":1080,"url":"https:\/\/bcweededible.net\/wp-content\/uploads\/2025\/06\/magic-mushroom-gummies-eden.jpg","type":"image\/jpeg"}],"twitter_card":"summary_large_image","schema":{"@context":"https:\/\/schema.org","@graph":[{"@type":"WebPage","@id":"https:\/\/bcweededible.net\/fr\/buy\/marques\/eden-edibles-fr\/250mg-champignons-jujubes\/","url":"https:\/\/bcweededible.net\/fr\/buy\/marques\/eden-edibles-fr\/250mg-champignons-jujubes\/","name":"Acheter 250 mg Jujubes champignons magiques en ligne Canada | BC Weed Edible","isPartOf":{"@id":"https:\/\/bcweededible.net\/fr\/#website"},"primaryImageOfPage":{"@id":"https:\/\/bcweededible.net\/fr\/buy\/marques\/eden-edibles-fr\/250mg-champignons-jujubes\/#primaryimage"},"image":{"@id":"https:\/\/bcweededible.net\/fr\/buy\/marques\/eden-edibles-fr\/250mg-champignons-jujubes\/#primaryimage"},"thumbnailUrl":"https:\/\/bcweededible.net\/wp-content\/uploads\/2025\/06\/magic-mushroom-gummies-eden.jpg","datePublished":"2022-04-08T19:22:44+00:00","dateModified":"2026-04-08T16:06:46+00:00","breadcrumb":{"@id":"https:\/\/bcweededible.net\/fr\/buy\/marques\/eden-edibles-fr\/250mg-champignons-jujubes\/#breadcrumb"},"inLanguage":"fr-FR","potentialAction":[{"@type":"ReadAction","target":["https:\/\/bcweededible.net\/fr\/buy\/marques\/eden-edibles-fr\/250mg-champignons-jujubes\/"]}]},{"@type":"ImageObject","inLanguage":"fr-FR","@id":"https:\/\/bcweededible.net\/fr\/buy\/marques\/eden-edibles-fr\/250mg-champignons-jujubes\/#primaryimage","url":"https:\/\/bcweededible.net\/wp-content\/uploads\/2025\/06\/magic-mushroom-gummies-eden.jpg","contentUrl":"https:\/\/bcweededible.net\/wp-content\/uploads\/2025\/06\/magic-mushroom-gummies-eden.jpg","width":1080,"height":1080},{"@type":"BreadcrumbList","@id":"https:\/\/bcweededible.net\/fr\/buy\/marques\/eden-edibles-fr\/250mg-champignons-jujubes\/#breadcrumb","itemListElement":[{"@type":"ListItem","position":1,"name":"Jujubes au Pot Canada","item":"https:\/\/bcweededible.net\/fr\/shop\/"},{"@type":"ListItem","position":2,"name":"Jujubes Shrooms (10x250mg)"}]},{"@type":"WebSite","@id":"https:\/\/bcweededible.net\/fr\/#website","url":"https:\/\/bcweededible.net\/fr\/","name":"BC Weed Edible","description":"","publisher":{"@id":"https:\/\/bcweededible.net\/fr\/#organization"},"potentialAction":[{"@type":"SearchAction","target":{"@type":"EntryPoint","urlTemplate":"https:\/\/bcweededible.net\/fr\/?s={search_term_string}"},"query-input":{"@type":"PropertyValueSpecification","valueRequired":true,"valueName":"search_term_string"}}],"inLanguage":"fr-FR"},{"@type":"Organization","@id":"https:\/\/bcweededible.net\/fr\/#organization","name":"BC Weed Edible","url":"https:\/\/bcweededible.net\/fr\/","logo":{"@type":"ImageObject","inLanguage":"fr-FR","@id":"https:\/\/bcweededible.net\/fr\/#\/schema\/logo\/image\/","url":"https:\/\/bcweededible.net\/wp-content\/uploads\/2021\/12\/bc-weed-edible-canada.png","contentUrl":"https:\/\/bcweededible.net\/wp-content\/uploads\/2021\/12\/bc-weed-edible-canada.png","width":270,"height":185,"caption":"BC Weed Edible"},"image":{"@id":"https:\/\/bcweededible.net\/fr\/#\/schema\/logo\/image\/"}}]}},"_links":{"self":[{"href":"https:\/\/bcweededible.net\/fr\/wp-json\/wp\/v2\/product\/13645","targetHints":{"allow":["GET"]}}],"collection":[{"href":"https:\/\/bcweededible.net\/fr\/wp-json\/wp\/v2\/product"}],"about":[{"href":"https:\/\/bcweededible.net\/fr\/wp-json\/wp\/v2\/types\/product"}],"replies":[{"embeddable":true,"href":"https:\/\/bcweededible.net\/fr\/wp-json\/wp\/v2\/comments?post=13645"}],"wp:featuredmedia":[{"embeddable":true,"href":"https:\/\/bcweededible.net\/fr\/wp-json\/wp\/v2\/media\/99909"}],"wp:attachment":[{"href":"https:\/\/bcweededible.net\/fr\/wp-json\/wp\/v2\/media?parent=13645"}],"wp:term":[{"taxonomy":"product_brand","embeddable":true,"href":"https:\/\/bcweededible.net\/fr\/wp-json\/wp\/v2\/product_brand?post=13645"},{"taxonomy":"product_cat","embeddable":true,"href":"https:\/\/bcweededible.net\/fr\/wp-json\/wp\/v2\/product_cat?post=13645"},{"taxonomy":"product_tag","embeddable":true,"href":"https:\/\/bcweededible.net\/fr\/wp-json\/wp\/v2\/product_tag?post=13645"}],"curies":[{"name":"wp","href":"https:\/\/api.w.org\/{rel}","templated":true}]}}