{"id":13639,"date":"2021-11-26T20:57:36","date_gmt":"2022-04-08T19:22:43","guid":{"rendered":"http:\/\/bcweededible.net\/buy\/non%20class\u00e9\/25-mg-de-thc-brownie\/"},"modified":"2025-07-21T10:52:19","modified_gmt":"2025-07-21T17:52:19","slug":"25mg-thc-brownie","status":"publish","type":"product","link":"https:\/\/bcweededible.net\/fr\/buy\/comestibles\/pas-cher\/25mg-thc-brownie\/","title":{"rendered":"Brownie THC 25mg"},"content":{"rendered":"","protected":false},"excerpt":{"rendered":"<p>Nos brownies au chocolat sont faits maison avec les meilleurs ingr\u00e9dients, ils vous feront retomber en enfance avec une seule mission en t\u00eate, vous faire plaisir ! Ils font partie des <a href=\"https:\/\/bcweededible.net\/fr\/acheter\/comestibles\/puissant\/\">comestibles les plus forts au Canada<\/a> , vous devez donc prendre des pr\u00e9cautions suppl\u00e9mentaires avant de les essayer, l&#8217;exp\u00e9rience peut \u00eatre la meilleure de votre vie mais aussi la pire, alors <strong>soyez prudent et responsable lorsque vous les mangez.<\/strong><\/p>\n<p><strong>50mg est un dosage pour les personnes exp\u00e9riment\u00e9es<\/strong> . 25 mg de THC est id\u00e9al \u00e0 des fins r\u00e9cr\u00e9atives et m\u00e9dicinales. Chaque paquet de 25 mg contient 1 morceau de brownie.<\/p>\n<p><strong>Ingr\u00e9dients :<\/strong> beurre, sucre, \u0153ufs, farine, noix, chocolat, distillat THC<br \/>\n<strong>Conservation : 6 mois au r\u00e9frig\u00e9rateur, 2 mois \u00e0 temp\u00e9rature ambiante<\/strong><br \/>\n<strong>Achetez plus, \u00e9conomisez plus<\/strong> : obtenez jusqu&#8217;\u00e0 20 % de r\u00e9duction sur vos produits comestibles lors de l&#8217;achat de plusieurs paquet.<\/p>\n","protected":false},"featured_media":67073,"comment_status":"open","ping_status":"closed","template":"","meta":{"wprm-recipe-roundup-name":"","wprm-recipe-roundup-description":""},"product_cat":[549,244,272,246,274,278],"product_tag":[368],"class_list":{"0":"post-13639","1":"product","2":"type-product","3":"status-publish","4":"has-post-thumbnail","6":"product_cat-promotions","7":"product_cat-comestibles","8":"product_cat-brownies-fr","9":"product_cat-pas-cher","10":"product_cat-chocolat","11":"product_cat-puissant","12":"product_tag-25mg-fr","14":"first","15":"outofstock","16":"shipping-taxable","17":"purchasable","18":"product-type-simple"},"yoast_head":"\n<title>Acheter 25 mg de Brownie au THC en ligne | Aliments cuits au four Canada | BC Weed Edible<\/title>\n<meta name=\"robots\" content=\"index, follow, max-snippet:-1, max-image-preview:large, max-video-preview:-1\" \/>\n<link rel=\"canonical\" href=\"https:\/\/bcweededible.net\/fr\/buy\/comestibles\/pas-cher\/25mg-thc-brownie\/\" \/>\n<meta property=\"og:locale\" content=\"fr_FR\" \/>\n<meta property=\"og:type\" content=\"article\" \/>\n<meta property=\"og:title\" content=\"Acheter 25 mg de Brownie au THC en ligne | Aliments cuits au four Canada | BC Weed Edible\" \/>\n<meta property=\"og:description\" content=\"Nos brownies au chocolat sont faits maison avec les meilleurs ingr\u00e9dients, ils vous feront retomber en enfance avec une seule mission en t\u00eate, vous faire plaisir ! Ils font partie des comestibles les plus forts au Canada , vous devez donc prendre des pr\u00e9cautions suppl\u00e9mentaires avant de les essayer, l&#039;exp\u00e9rience peut \u00eatre la meilleure de votre vie mais aussi la pire, alors soyez prudent et responsable lorsque vous les mangez. 50mg est un dosage pour les personnes exp\u00e9riment\u00e9es . 25 mg de THC est id\u00e9al \u00e0 des fins r\u00e9cr\u00e9atives et m\u00e9dicinales. Chaque paquet de 25 mg contient 1 morceau de brownie. Ingr\u00e9dients : beurre, sucre, \u0153ufs, farine, noix, chocolat, distillat THC Conservation : 6 mois au r\u00e9frig\u00e9rateur, 2 mois \u00e0 temp\u00e9rature ambiante Achetez plus, \u00e9conomisez plus : obtenez jusqu&#039;\u00e0 20 % de r\u00e9duction sur vos produits comestibles lors de l&#039;achat de plusieurs paquet.\" \/>\n<meta property=\"og:url\" content=\"https:\/\/bcweededible.net\/fr\/buy\/comestibles\/pas-cher\/25mg-thc-brownie\/\" \/>\n<meta property=\"og:site_name\" content=\"BC Weed Edible\" \/>\n<meta property=\"article:modified_time\" content=\"2025-07-21T17:52:19+00:00\" \/>\n<meta property=\"og:image\" content=\"https:\/\/bcweededible.net\/wp-content\/uploads\/2021\/12\/weed-brownies-canada.jpg\" \/>\n\t<meta property=\"og:image:width\" content=\"1080\" \/>\n\t<meta property=\"og:image:height\" content=\"1080\" \/>\n\t<meta property=\"og:image:type\" content=\"image\/jpeg\" \/>\n<meta name=\"twitter:card\" content=\"summary_large_image\" \/>\n<script type=\"application\/ld+json\" class=\"yoast-schema-graph\">{\"@context\":\"https:\/\/schema.org\",\"@graph\":[{\"@type\":\"WebPage\",\"@id\":\"https:\/\/bcweededible.net\/fr\/buy\/comestibles\/pas-cher\/25mg-thc-brownie\/\",\"url\":\"https:\/\/bcweededible.net\/fr\/buy\/comestibles\/pas-cher\/25mg-thc-brownie\/\",\"name\":\"Acheter 25 mg de Brownie au THC en ligne | Aliments cuits au four Canada | BC Weed Edible\",\"isPartOf\":{\"@id\":\"https:\/\/bcweededible.net\/fr\/#website\"},\"primaryImageOfPage\":{\"@id\":\"https:\/\/bcweededible.net\/fr\/buy\/comestibles\/pas-cher\/25mg-thc-brownie\/#primaryimage\"},\"image\":{\"@id\":\"https:\/\/bcweededible.net\/fr\/buy\/comestibles\/pas-cher\/25mg-thc-brownie\/#primaryimage\"},\"thumbnailUrl\":\"https:\/\/bcweededible.net\/wp-content\/uploads\/2021\/12\/weed-brownies-canada.jpg\",\"datePublished\":\"2022-04-08T19:22:43+00:00\",\"dateModified\":\"2025-07-21T17:52:19+00:00\",\"breadcrumb\":{\"@id\":\"https:\/\/bcweededible.net\/fr\/buy\/comestibles\/pas-cher\/25mg-thc-brownie\/#breadcrumb\"},\"inLanguage\":\"fr-FR\",\"potentialAction\":[{\"@type\":\"ReadAction\",\"target\":[\"https:\/\/bcweededible.net\/fr\/buy\/comestibles\/pas-cher\/25mg-thc-brownie\/\"]}]},{\"@type\":\"ImageObject\",\"inLanguage\":\"fr-FR\",\"@id\":\"https:\/\/bcweededible.net\/fr\/buy\/comestibles\/pas-cher\/25mg-thc-brownie\/#primaryimage\",\"url\":\"https:\/\/bcweededible.net\/wp-content\/uploads\/2021\/12\/weed-brownies-canada.jpg\",\"contentUrl\":\"https:\/\/bcweededible.net\/wp-content\/uploads\/2021\/12\/weed-brownies-canada.jpg\",\"width\":1080,\"height\":1080,\"caption\":\"cannabis infused brownies\"},{\"@type\":\"BreadcrumbList\",\"@id\":\"https:\/\/bcweededible.net\/fr\/buy\/comestibles\/pas-cher\/25mg-thc-brownie\/#breadcrumb\",\"itemListElement\":[{\"@type\":\"ListItem\",\"position\":1,\"name\":\"Jujubes au Pot Canada\",\"item\":\"https:\/\/bcweededible.net\/fr\/shop\/\"},{\"@type\":\"ListItem\",\"position\":2,\"name\":\"Brownie THC 25mg\"}]},{\"@type\":\"WebSite\",\"@id\":\"https:\/\/bcweededible.net\/fr\/#website\",\"url\":\"https:\/\/bcweededible.net\/fr\/\",\"name\":\"BC Weed Edible\",\"description\":\"\",\"publisher\":{\"@id\":\"https:\/\/bcweededible.net\/fr\/#organization\"},\"potentialAction\":[{\"@type\":\"SearchAction\",\"target\":{\"@type\":\"EntryPoint\",\"urlTemplate\":\"https:\/\/bcweededible.net\/fr\/?s={search_term_string}\"},\"query-input\":{\"@type\":\"PropertyValueSpecification\",\"valueRequired\":true,\"valueName\":\"search_term_string\"}}],\"inLanguage\":\"fr-FR\"},{\"@type\":\"Organization\",\"@id\":\"https:\/\/bcweededible.net\/fr\/#organization\",\"name\":\"BC Weed Edible\",\"url\":\"https:\/\/bcweededible.net\/fr\/\",\"logo\":{\"@type\":\"ImageObject\",\"inLanguage\":\"fr-FR\",\"@id\":\"https:\/\/bcweededible.net\/fr\/#\/schema\/logo\/image\/\",\"url\":\"https:\/\/bcweededible.net\/wp-content\/uploads\/2021\/12\/bc-weed-edible-canada.png\",\"contentUrl\":\"https:\/\/bcweededible.net\/wp-content\/uploads\/2021\/12\/bc-weed-edible-canada.png\",\"width\":270,\"height\":185,\"caption\":\"BC Weed Edible\"},\"image\":{\"@id\":\"https:\/\/bcweededible.net\/fr\/#\/schema\/logo\/image\/\"}}]}<\/script>\n","yoast_head_json":{"title":"Acheter 25 mg de Brownie au THC en ligne | Aliments cuits au four Canada | BC Weed Edible","robots":{"index":"index","follow":"follow","max-snippet":"max-snippet:-1","max-image-preview":"max-image-preview:large","max-video-preview":"max-video-preview:-1"},"canonical":"https:\/\/bcweededible.net\/fr\/buy\/comestibles\/pas-cher\/25mg-thc-brownie\/","og_locale":"fr_FR","og_type":"article","og_title":"Acheter 25 mg de Brownie au THC en ligne | Aliments cuits au four Canada | BC Weed Edible","og_description":"Nos brownies au chocolat sont faits maison avec les meilleurs ingr\u00e9dients, ils vous feront retomber en enfance avec une seule mission en t\u00eate, vous faire plaisir ! Ils font partie des comestibles les plus forts au Canada , vous devez donc prendre des pr\u00e9cautions suppl\u00e9mentaires avant de les essayer, l'exp\u00e9rience peut \u00eatre la meilleure de votre vie mais aussi la pire, alors soyez prudent et responsable lorsque vous les mangez. 50mg est un dosage pour les personnes exp\u00e9riment\u00e9es . 25 mg de THC est id\u00e9al \u00e0 des fins r\u00e9cr\u00e9atives et m\u00e9dicinales. Chaque paquet de 25 mg contient 1 morceau de brownie. Ingr\u00e9dients : beurre, sucre, \u0153ufs, farine, noix, chocolat, distillat THC Conservation : 6 mois au r\u00e9frig\u00e9rateur, 2 mois \u00e0 temp\u00e9rature ambiante Achetez plus, \u00e9conomisez plus : obtenez jusqu'\u00e0 20 % de r\u00e9duction sur vos produits comestibles lors de l'achat de plusieurs paquet.","og_url":"https:\/\/bcweededible.net\/fr\/buy\/comestibles\/pas-cher\/25mg-thc-brownie\/","og_site_name":"BC Weed Edible","article_modified_time":"2025-07-21T17:52:19+00:00","og_image":[{"width":1080,"height":1080,"url":"https:\/\/bcweededible.net\/wp-content\/uploads\/2021\/12\/weed-brownies-canada.jpg","type":"image\/jpeg"}],"twitter_card":"summary_large_image","schema":{"@context":"https:\/\/schema.org","@graph":[{"@type":"WebPage","@id":"https:\/\/bcweededible.net\/fr\/buy\/comestibles\/pas-cher\/25mg-thc-brownie\/","url":"https:\/\/bcweededible.net\/fr\/buy\/comestibles\/pas-cher\/25mg-thc-brownie\/","name":"Acheter 25 mg de Brownie au THC en ligne | Aliments cuits au four Canada | BC Weed Edible","isPartOf":{"@id":"https:\/\/bcweededible.net\/fr\/#website"},"primaryImageOfPage":{"@id":"https:\/\/bcweededible.net\/fr\/buy\/comestibles\/pas-cher\/25mg-thc-brownie\/#primaryimage"},"image":{"@id":"https:\/\/bcweededible.net\/fr\/buy\/comestibles\/pas-cher\/25mg-thc-brownie\/#primaryimage"},"thumbnailUrl":"https:\/\/bcweededible.net\/wp-content\/uploads\/2021\/12\/weed-brownies-canada.jpg","datePublished":"2022-04-08T19:22:43+00:00","dateModified":"2025-07-21T17:52:19+00:00","breadcrumb":{"@id":"https:\/\/bcweededible.net\/fr\/buy\/comestibles\/pas-cher\/25mg-thc-brownie\/#breadcrumb"},"inLanguage":"fr-FR","potentialAction":[{"@type":"ReadAction","target":["https:\/\/bcweededible.net\/fr\/buy\/comestibles\/pas-cher\/25mg-thc-brownie\/"]}]},{"@type":"ImageObject","inLanguage":"fr-FR","@id":"https:\/\/bcweededible.net\/fr\/buy\/comestibles\/pas-cher\/25mg-thc-brownie\/#primaryimage","url":"https:\/\/bcweededible.net\/wp-content\/uploads\/2021\/12\/weed-brownies-canada.jpg","contentUrl":"https:\/\/bcweededible.net\/wp-content\/uploads\/2021\/12\/weed-brownies-canada.jpg","width":1080,"height":1080,"caption":"cannabis infused brownies"},{"@type":"BreadcrumbList","@id":"https:\/\/bcweededible.net\/fr\/buy\/comestibles\/pas-cher\/25mg-thc-brownie\/#breadcrumb","itemListElement":[{"@type":"ListItem","position":1,"name":"Jujubes au Pot Canada","item":"https:\/\/bcweededible.net\/fr\/shop\/"},{"@type":"ListItem","position":2,"name":"Brownie THC 25mg"}]},{"@type":"WebSite","@id":"https:\/\/bcweededible.net\/fr\/#website","url":"https:\/\/bcweededible.net\/fr\/","name":"BC Weed Edible","description":"","publisher":{"@id":"https:\/\/bcweededible.net\/fr\/#organization"},"potentialAction":[{"@type":"SearchAction","target":{"@type":"EntryPoint","urlTemplate":"https:\/\/bcweededible.net\/fr\/?s={search_term_string}"},"query-input":{"@type":"PropertyValueSpecification","valueRequired":true,"valueName":"search_term_string"}}],"inLanguage":"fr-FR"},{"@type":"Organization","@id":"https:\/\/bcweededible.net\/fr\/#organization","name":"BC Weed Edible","url":"https:\/\/bcweededible.net\/fr\/","logo":{"@type":"ImageObject","inLanguage":"fr-FR","@id":"https:\/\/bcweededible.net\/fr\/#\/schema\/logo\/image\/","url":"https:\/\/bcweededible.net\/wp-content\/uploads\/2021\/12\/bc-weed-edible-canada.png","contentUrl":"https:\/\/bcweededible.net\/wp-content\/uploads\/2021\/12\/bc-weed-edible-canada.png","width":270,"height":185,"caption":"BC Weed Edible"},"image":{"@id":"https:\/\/bcweededible.net\/fr\/#\/schema\/logo\/image\/"}}]}},"_links":{"self":[{"href":"https:\/\/bcweededible.net\/fr\/wp-json\/wp\/v2\/product\/13639","targetHints":{"allow":["GET"]}}],"collection":[{"href":"https:\/\/bcweededible.net\/fr\/wp-json\/wp\/v2\/product"}],"about":[{"href":"https:\/\/bcweededible.net\/fr\/wp-json\/wp\/v2\/types\/product"}],"replies":[{"embeddable":true,"href":"https:\/\/bcweededible.net\/fr\/wp-json\/wp\/v2\/comments?post=13639"}],"wp:featuredmedia":[{"embeddable":true,"href":"https:\/\/bcweededible.net\/fr\/wp-json\/wp\/v2\/media\/67073"}],"wp:attachment":[{"href":"https:\/\/bcweededible.net\/fr\/wp-json\/wp\/v2\/media?parent=13639"}],"wp:term":[{"taxonomy":"product_cat","embeddable":true,"href":"https:\/\/bcweededible.net\/fr\/wp-json\/wp\/v2\/product_cat?post=13639"},{"taxonomy":"product_tag","embeddable":true,"href":"https:\/\/bcweededible.net\/fr\/wp-json\/wp\/v2\/product_tag?post=13639"}],"curies":[{"name":"wp","href":"https:\/\/api.w.org\/{rel}","templated":true}]}}