{"id":13625,"date":"2021-10-25T03:59:18","date_gmt":"2022-04-08T19:22:41","guid":{"rendered":"http:\/\/bcweededible.net\/buy\/non%20class\u00e9\/champignon-magique-blue-meanies\/"},"modified":"2026-03-17T15:43:03","modified_gmt":"2026-03-17T22:43:03","slug":"blue-meanie","status":"publish","type":"product","link":"https:\/\/bcweededible.net\/fr\/buy\/champignons-magiques\/champignons-secs\/blue-meanie\/","title":{"rendered":"Champignons Magiques Blue Meanies"},"content":{"rendered":"<p class=\"ql-align-justify\">Les champignons magiques Blue Meanies sont une <strong>puissante vari\u00e9t\u00e9 de psilocybe cubensis<\/strong> . Son nom vient de l&#8217;ecchymose bleu vif qui appara\u00eet lorsque vous les touchez, et cet indicateur nous renseigne \u00e9galement sur les concentrations \u00e9lev\u00e9es de psilocybine et de psilocine.<\/p>\n<p class=\"ql-align-justify\">Les effets incluent l&#8217;euphorie ainsi que la synesth\u00e9sie &#8211; o\u00f9 diff\u00e9rentes couleurs semblent briller autour de vous tout en ressentant un niveau d&#8217;\u00e9nergie accru dans tout\u00a0 otre corps. La vari\u00e9t\u00e9 cubensis la plus populaire, Blue Meanies, a une utilisation polyvalente et une puissance accrue en raison d&#8217;ann\u00e9es d&#8217;isolement.<\/p>\n<h2>Que sont les Blue Meanies ?<\/h2>\n<p>Les Blue Meanies sont une vari\u00e9t\u00e9 de psilocybe cubensis qui ont \u00e9t\u00e9 collect\u00e9s en Australie. Ils sont connus pour leurs ecchymoses bleues qui apparaissent lorsqu&#8217;ils sont manipul\u00e9s, ce qui indique des concentrations \u00e9lev\u00e9es de psilocine. La couleur bleue distinctive de la peau de cette esp\u00e8ce est ce qui lui donne son nom.<\/p>\n<p>Les Blue Meanie sont un type de champignon qui produit des hallucinations lorsqu&#8217;ils sont ing\u00e9r\u00e9s. Attendez-vous \u00e0 beaucoup d&#8217;intensit\u00e9 de ces champignons cubensis, par rapport aux autres vari\u00e9t\u00e9s de champignons cubensis. Les d\u00e9butants peuvent trouver cette vari\u00e9t\u00e9 trop intense.<\/p>\n<h2>Les effets psych\u00e9d\u00e9liques de Blue Meanies<\/h2>\n<p>Les champignons magiques Blue Meanie sont parmi les plus puissants du march\u00e9 actuel, mais il faut plus d&#8217; <strong>une heure pour que les effets se fassent sentir<\/strong> . Les utilisateurs doivent suivre les directives de dosage et attendre entre les doses s&#8217;ils veulent des r\u00e9sultats optimaux &#8211; les <strong>voyages durent g\u00e9n\u00e9ralement quatre \u00e0 cinq heures<\/strong> selon le poids et le niveau de tol\u00e9rance<\/p>\n<p>Si vous recherchez un high qui vous rend \u00e0 la fois pensif, \u00e9nergique ou euphorique, cela pourrait \u00eatre la vari\u00e9t\u00e9 de champignons qu&#8217;il vous faut !<\/p>\n<p>On dit que le Blue Meanie peut vous donner une exp\u00e9rience encore plus psych\u00e9d\u00e9lique que d&#8217;autres champignons comme les Golden Teachers . Les champignons Blue Meanie am\u00e9liorent l&#8217;humeur avec de l&#8217;euphorie et de l&#8217;excitation. Les personnes qui en prennent signalent des am\u00e9liorations visuelles l\u00e9g\u00e8res \u00e0 intenses en fonction de la dose consomm\u00e9e.<\/p>\n<p>Vous pouvez vous retrouver \u00e0 vivre le moment pr\u00e9sent et \u00e0 vivre la vie plus profond\u00e9ment. Vous pourriez ainsi mieux appr\u00e9cier la musique ou l&#8217;art par exemple.<\/p>\n<h3>Aide \u00e0 combattre la d\u00e9pendance<\/h3>\n<p>Matthew W. Johnson, PhD., professeur adjoint de psychiatrie \u00e0 l&#8217;Universit\u00e9 Johns Hopkins et directeur associ\u00e9 du centre de recherche psych\u00e9d\u00e9lique, affirme que la psilocybine a montr\u00e9 un potentiel prometteur dans le traitement de la d\u00e9pendance, en particulier aux cigarettes ou \u00e0 l&#8217;alcool, entre autres substances.<\/p>\n<p>&#8220;C&#8217;est tr\u00e8s int\u00e9ressant parce qu&#8217;on voit 80% d&#8217;abandons \u00e0 une d\u00e9pendance par ceux qui sont pass\u00e9s par cette th\u00e9rapie&#8221;, ajoute-t-il. &#8220;Et 60% d&#8217;entre eux \u00e9taient encore abstinents 16 mois plus tard, ce qui est assez impressionnant.&#8221;<\/p>\n<h3>Dissoudre l&#8217;ego et augmenter la cr\u00e9ativit\u00e9<\/h3>\n<p>Les champignons sont un excellent moyen de g\u00e9rer notre ego. La tendance humaine \u00e0 l&#8217;auto-pr\u00e9servation nous conduit vers un manque d&#8217;ajustement et des probl\u00e8mes de temp\u00e9rament, mais les champignons aident \u00e0 \u00e9quilibrer cela en offrant un ensemble d&#8217;avantages complets qui inclut une cr\u00e9ativit\u00e9 accrue !<\/p>\n<h2>Recommandation posologique Blue Meanies<\/h2>\n<p>En ce qui concerne le dosage de votre exp\u00e9rience avec les champignons Blue Meanie, il y a beaucoup de choses que vous devez savoir. Le type d&#8217;utilisateur, le type et la force du champignon, ainsi que la quantit\u00e9 d&#8217;eau contenue dans les champignons fra\u00eechement cueillis ont tous un impact sur la taille du dosage.<\/p>\n<p>Une dose de Blue Meanies d\u00e9pend du type d&#8217;exp\u00e9rience que vous souhaitez (micro-dosage, faible, moyen, fort, h\u00e9ro\u00efque), de votre poids corporel et du fait que le champignon soit frais ou s\u00e9ch\u00e9. Notez qu&#8217;en ce qui concerne le dosage des champignons, tout est bas\u00e9 sur le poids des champignons s\u00e9ch\u00e9s. Il est possible d&#8217;\u00e9valuer la dose \u00e0 prendre <strong>en utilisant notre recommandation de dosage de champignons magiques .<\/strong><\/p>\n<p>Une microdose \u00e0 faible dose est g\u00e9n\u00e9ralement pr\u00e9f\u00e9rable pour les d\u00e9butants. Cela varie <strong>de 0,1 gramme \u00e0 0,3 gramme de champignon s\u00e9ch\u00e9<\/strong> . Cependant, cela ne tient pas compte des variations individuelles, ce qui signifie que certains essais et erreurs peuvent encore \u00eatre n\u00e9cessaires en fonction de la sensibilit\u00e9 d&#8217;une personne\u00a0!<\/p>\n<p>La dose la plus courante est <strong>une dose faible (0,3 \u00e0 1 g)<\/strong> et <strong>une dose mod\u00e9r\u00e9e (1 \u00e0 2 g)<\/strong> qui devraient vous permettre de faire un voyage de 3 \u00e0 6 heures.<\/p>\n<p>Tout ce qui d\u00e9passe 2 grammes peut produire une exp\u00e9rience psych\u00e9d\u00e9lique intense qui peut avoir des effets secondaires tels que de l&#8217;anxi\u00e9t\u00e9 si vous n&#8217;y \u00eates pas habitu\u00e9.<\/p>\n<h2>Combien de temps durent les effets de Blue Meanies ?<\/h2>\n<p>Avec Blue Meanies , vous pouvez vous attendre en moyenne \u00e0 ce que votre <strong>voyage dure de 3 \u00e0 6 heures<\/strong>.<\/p>\n<p>Il est \u00e9galement bon de savoir combien de temps il faut attendre avant de voir des effets. Les champignons\u00a0 frappent g\u00e9n\u00e9ralement plus rapidement que les comestibles au cannabis. Vous pouvez vous attendre \u00e0 sentir les effets dans les 45 \u00e0 60 premi\u00e8res minutes. Vous devriez toujours <strong>attendre au moins une heure avant de prendre plus de Blue Meanies<\/strong>. Vous pourriez avoir l&#8217;impression d&#8217;\u00eatre perdu dans les airs, et vos sympt\u00f4mes de synesth\u00e9sie peuvent inclure entendre des couleurs et voir des sons.<\/p>\n<h2>Acheter des champignons Blue Meanie en ligne au Canada<\/h2>\n<p>Le site Web BC Weed Edible est un vendeur en ligne de confiance qui vend des champignons magiques Blue Meanie et d&#8217;autres produits de qualit\u00e9, y compris notre gamme de produits comestibles \u00e0 base de champignons et de cannabis. Nous offrons la livraison express gratuite partout au Canada pour les commandes de plus de 99$!<\/p>\n<p>Pendant des ann\u00e9es, nous avons offert aux Canadiens des produits \u00e0 base de psilocybine de haute qualit\u00e9 et nous avons toujours tenu nos promesses de vous offrir le meilleur service possible. Que vous recherchiez des cubensis s\u00e9ch\u00e9s ou des champignons comestibles tels que des jujubes et du chocolat, nous avons ce qu&#8217;il vous faut.<\/p>\n<h2>Les Blue Meanies sont-ils l\u00e9gaux au Canada?<\/h2>\n<p>Les champignons contenant de la psilocybine et\/ou de la psilocine sont toujours interdits au Canada, malgr\u00e9 plusieurs modifications l\u00e9gislatives r\u00e9centes qui indiquent le contraire.<\/p>\n<p>Selon l&#8217;annonce r\u00e9cente de Sant\u00e9 Canada, les champignons magiques sont d\u00e9sormais l\u00e9gaux pour les cas particuliers et les personnes exempt\u00e9es. Cela comprend leur utilisation pour la th\u00e9rapie dans certains \u00e9tablissements.<\/p>\n<p>Les m\u00e9decins, les avocats et les v\u00e9t\u00e9rinaires sont des exemples de m\u00e9decins qui peuvent prescrire des traitements \u00e0 la psilocybine en vertu des lois.<\/p>\n<p>Les lois sur les champignons magiques sont-elles appliqu\u00e9es au Canada\u00a0? Dans de nombreuses situations de possession simple, la peine pour une premi\u00e8re infraction est g\u00e9n\u00e9ralement une amende de 250 \u00e0 500 $. Notez que <a href=\"https:\/\/www.vice.com\/en\/article\/xgxkkn\/magic-mushroom-stores-are-open-in-canada-but-theyre-still-illegal\" target=\"_blank\" rel=\"noopener noreferrer\">les magasins de champignons magiques sont ouverts au Canada<\/a> , mais ils sont toujours ill\u00e9gaux.<\/p>\n<h2>Derni\u00e8res informations<\/h2>\n<p>Blue Meanies sont l&#8217;une des vari\u00e9t\u00e9s de champignons magiques les plus populaires au Canada, bien qu&#8217;ils ne pourraient pas convenir aux d\u00e9butants. Si vous cherchez une premi\u00e8re exp\u00e9rience, nous vous sugg\u00e9rons d&#8217;essayer nos Golden Teachers ou les jujubes \u00e0 champignons. Assurez-vous de conna\u00eetre le dosage que vous voulez avant d&#8217;essayer des champignons magiques.<\/p>\n<p>La meilleure fa\u00e7on de d\u00e9couvrir le champignon Blue Meanies est de vous pr\u00e9parer et surtout de pr\u00e9parer votre environnement. L&#8217;\u00e9tat d&#8217;esprit joue un r\u00f4le important dans toute exp\u00e9rience psych\u00e9d\u00e9lique, alors assurez-vous d&#8217;\u00eatre pr\u00eat pour ce voyage avec un \u00e9tat d&#8217;esprit pleinement engag\u00e9 !<\/p>\n<p>Les champignons magiques sont ouvertement vendus en ligne au Canada, malgr\u00e9 leur statut juridique douteux. Aux personnes \u00e2g\u00e9es de plus de 19 ans au Canada, les vendeurs en ligne offrent une gamme de produits \u00e0 base de champignons, notamment des produits s\u00e9ch\u00e9s, des jujubes et des chocolats.<\/p>\n","protected":false},"excerpt":{"rendered":"<p><strong>Les champignons magiques Blue Meanies<\/strong> sont une puissante vari\u00e9t\u00e9 de psilocybe cubensis. Le nom Blue Meanie est \u00e9galement utilis\u00e9 pour d\u00e9crire une vari\u00e9t\u00e9 appel\u00e9e Psilocybe Cyanescens (P. Cyans) qui est connue pour \u00eatre 2 fois plus puissante que toute autre vari\u00e9t\u00e9 de P. Cubensis. Nos champignons magiques Blue Meanie sont du type P. Cubensis et ne doivent pas \u00eatre confondus.<\/p>\n<p>Ce champignon est connu pour \u00eatre un fruitier prolifique, produisant souvent de nombreuses grappes de champignons et se meurtrissant facilement (bleuissement) au point de contact physique. Attendez-vous \u00e0 une intensit\u00e9 sup\u00e9rieure \u00e0 la moyenne par rapport aux autres vari\u00e9t\u00e9s de champignons cubensis.<\/p>\n<p><strong>Achetez les meilleurs Blue Meanies au Canada.<\/strong><\/p>\n<p><strong>Dosage Champignon:<\/strong><\/p>\n<ul>\n<li>Microdose : 0,10 gramme &#8211; 0,30 gramme<\/li>\n<li>Dose pour d\u00e9butant\u00a0: 0,30 gramme (un quart) &#8211; 1 gramme<\/li>\n<li>Dose moyenne : 1 gramme &#8211; 2,5 grammes<\/li>\n<li>Dose \u00e9lev\u00e9e : 2,5 &#8211; 3,5 grammes<\/li>\n<li>Dose h\u00e9ro\u00efque : 3,5+ grammes<\/li>\n<\/ul>\n<p><strong>D\u00e9tails d&#8217;exp\u00e9dition<\/strong> :<\/p>\n<ul>\n<li>Nous exp\u00e9dions au Canada seulement avec num\u00e9ro de suivi<\/li>\n<li>Emballage discret<\/li>\n<\/ul>\n","protected":false},"featured_media":8822,"comment_status":"open","ping_status":"closed","template":"","meta":{"wprm-recipe-roundup-name":"","wprm-recipe-roundup-description":""},"product_cat":[237,282],"product_tag":[],"class_list":{"0":"post-13625","1":"product","2":"type-product","3":"status-publish","4":"has-post-thumbnail","6":"product_cat-champignons-magiques","7":"product_cat-champignons-secs","9":"first","10":"instock","11":"sale","12":"shipping-taxable","13":"purchasable","14":"product-type-variable","15":"has-default-attributes"},"yoast_head":"\n<title>Acheter la Champignons Magiques Blue Meanies en ligne | Dispensaire de champignons Canada | BC Weed Edible<\/title>\n<meta name=\"robots\" content=\"index, follow, max-snippet:-1, max-image-preview:large, max-video-preview:-1\" \/>\n<link rel=\"canonical\" href=\"https:\/\/bcweededible.net\/fr\/buy\/champignons-magiques\/champignons-secs\/blue-meanie\/\" \/>\n<meta property=\"og:locale\" content=\"fr_FR\" \/>\n<meta property=\"og:type\" content=\"article\" \/>\n<meta property=\"og:title\" content=\"Acheter la Champignons Magiques Blue Meanies en ligne | Dispensaire de champignons Canada | BC Weed Edible\" \/>\n<meta property=\"og:description\" content=\"Les champignons magiques Blue Meanies sont une puissante vari\u00e9t\u00e9 de psilocybe cubensis. Le nom Blue Meanie est \u00e9galement utilis\u00e9 pour d\u00e9crire une vari\u00e9t\u00e9 appel\u00e9e Psilocybe Cyanescens (P. Cyans) qui est connue pour \u00eatre 2 fois plus puissante que toute autre vari\u00e9t\u00e9 de P. Cubensis. Nos champignons magiques Blue Meanie sont du type P. Cubensis et ne doivent pas \u00eatre confondus. Ce champignon est connu pour \u00eatre un fruitier prolifique, produisant souvent de nombreuses grappes de champignons et se meurtrissant facilement (bleuissement) au point de contact physique. Attendez-vous \u00e0 une intensit\u00e9 sup\u00e9rieure \u00e0 la moyenne par rapport aux autres vari\u00e9t\u00e9s de champignons cubensis. Achetez les meilleurs Blue Meanies au Canada. Dosage Champignon: Microdose : 0,10 gramme - 0,30 gramme Dose pour d\u00e9butant\u00a0: 0,30 gramme (un quart) - 1 gramme Dose moyenne : 1 gramme - 2,5 grammes Dose \u00e9lev\u00e9e : 2,5 - 3,5 grammes Dose h\u00e9ro\u00efque : 3,5+ grammes D\u00e9tails d&#039;exp\u00e9dition : Nous exp\u00e9dions au Canada seulement avec num\u00e9ro de suivi Emballage discret\" \/>\n<meta property=\"og:url\" content=\"https:\/\/bcweededible.net\/fr\/buy\/champignons-magiques\/champignons-secs\/blue-meanie\/\" \/>\n<meta property=\"og:site_name\" content=\"BC Weed Edible\" \/>\n<meta property=\"article:modified_time\" content=\"2026-03-17T22:43:03+00:00\" \/>\n<meta property=\"og:image\" content=\"https:\/\/bcweededible.net\/wp-content\/uploads\/2021\/10\/blue-meanies-magic-mushroom.jpg\" \/>\n\t<meta property=\"og:image:width\" content=\"1024\" \/>\n\t<meta property=\"og:image:height\" content=\"1024\" \/>\n\t<meta property=\"og:image:type\" content=\"image\/jpeg\" \/>\n<meta name=\"twitter:card\" content=\"summary_large_image\" \/>\n<meta name=\"twitter:label1\" content=\"Dur\u00e9e de lecture estim\u00e9e\" \/>\n\t<meta name=\"twitter:data1\" content=\"6 minutes\" \/>\n<script type=\"application\/ld+json\" class=\"yoast-schema-graph\">{\"@context\":\"https:\/\/schema.org\",\"@graph\":[{\"@type\":\"WebPage\",\"@id\":\"https:\/\/bcweededible.net\/fr\/buy\/champignons-magiques\/champignons-secs\/blue-meanie\/\",\"url\":\"https:\/\/bcweededible.net\/fr\/buy\/champignons-magiques\/champignons-secs\/blue-meanie\/\",\"name\":\"Acheter la Champignons Magiques Blue Meanies en ligne | Dispensaire de champignons Canada | BC Weed Edible\",\"isPartOf\":{\"@id\":\"https:\/\/bcweededible.net\/fr\/#website\"},\"primaryImageOfPage\":{\"@id\":\"https:\/\/bcweededible.net\/fr\/buy\/champignons-magiques\/champignons-secs\/blue-meanie\/#primaryimage\"},\"image\":{\"@id\":\"https:\/\/bcweededible.net\/fr\/buy\/champignons-magiques\/champignons-secs\/blue-meanie\/#primaryimage\"},\"thumbnailUrl\":\"https:\/\/bcweededible.net\/wp-content\/uploads\/2021\/10\/blue-meanies-magic-mushroom.jpg\",\"datePublished\":\"2022-04-08T19:22:41+00:00\",\"dateModified\":\"2026-03-17T22:43:03+00:00\",\"breadcrumb\":{\"@id\":\"https:\/\/bcweededible.net\/fr\/buy\/champignons-magiques\/champignons-secs\/blue-meanie\/#breadcrumb\"},\"inLanguage\":\"fr-FR\",\"potentialAction\":[{\"@type\":\"ReadAction\",\"target\":[\"https:\/\/bcweededible.net\/fr\/buy\/champignons-magiques\/champignons-secs\/blue-meanie\/\"]}]},{\"@type\":\"ImageObject\",\"inLanguage\":\"fr-FR\",\"@id\":\"https:\/\/bcweededible.net\/fr\/buy\/champignons-magiques\/champignons-secs\/blue-meanie\/#primaryimage\",\"url\":\"https:\/\/bcweededible.net\/wp-content\/uploads\/2021\/10\/blue-meanies-magic-mushroom.jpg\",\"contentUrl\":\"https:\/\/bcweededible.net\/wp-content\/uploads\/2021\/10\/blue-meanies-magic-mushroom.jpg\",\"width\":1024,\"height\":1024,\"caption\":\"Blue Meanies Shrooms\"},{\"@type\":\"BreadcrumbList\",\"@id\":\"https:\/\/bcweededible.net\/fr\/buy\/champignons-magiques\/champignons-secs\/blue-meanie\/#breadcrumb\",\"itemListElement\":[{\"@type\":\"ListItem\",\"position\":1,\"name\":\"Jujubes au Pot Canada\",\"item\":\"https:\/\/bcweededible.net\/fr\/shop\/\"},{\"@type\":\"ListItem\",\"position\":2,\"name\":\"Champignons Magiques Blue Meanies\"}]},{\"@type\":\"WebSite\",\"@id\":\"https:\/\/bcweededible.net\/fr\/#website\",\"url\":\"https:\/\/bcweededible.net\/fr\/\",\"name\":\"BC Weed Edible\",\"description\":\"\",\"publisher\":{\"@id\":\"https:\/\/bcweededible.net\/fr\/#organization\"},\"potentialAction\":[{\"@type\":\"SearchAction\",\"target\":{\"@type\":\"EntryPoint\",\"urlTemplate\":\"https:\/\/bcweededible.net\/fr\/?s={search_term_string}\"},\"query-input\":{\"@type\":\"PropertyValueSpecification\",\"valueRequired\":true,\"valueName\":\"search_term_string\"}}],\"inLanguage\":\"fr-FR\"},{\"@type\":\"Organization\",\"@id\":\"https:\/\/bcweededible.net\/fr\/#organization\",\"name\":\"BC Weed Edible\",\"url\":\"https:\/\/bcweededible.net\/fr\/\",\"logo\":{\"@type\":\"ImageObject\",\"inLanguage\":\"fr-FR\",\"@id\":\"https:\/\/bcweededible.net\/fr\/#\/schema\/logo\/image\/\",\"url\":\"https:\/\/bcweededible.net\/wp-content\/uploads\/2021\/12\/bc-weed-edible-canada.png\",\"contentUrl\":\"https:\/\/bcweededible.net\/wp-content\/uploads\/2021\/12\/bc-weed-edible-canada.png\",\"width\":270,\"height\":185,\"caption\":\"BC Weed Edible\"},\"image\":{\"@id\":\"https:\/\/bcweededible.net\/fr\/#\/schema\/logo\/image\/\"}}]}<\/script>\n","yoast_head_json":{"title":"Acheter la Champignons Magiques Blue Meanies en ligne | Dispensaire de champignons Canada | BC Weed Edible","robots":{"index":"index","follow":"follow","max-snippet":"max-snippet:-1","max-image-preview":"max-image-preview:large","max-video-preview":"max-video-preview:-1"},"canonical":"https:\/\/bcweededible.net\/fr\/buy\/champignons-magiques\/champignons-secs\/blue-meanie\/","og_locale":"fr_FR","og_type":"article","og_title":"Acheter la Champignons Magiques Blue Meanies en ligne | Dispensaire de champignons Canada | BC Weed Edible","og_description":"Les champignons magiques Blue Meanies sont une puissante vari\u00e9t\u00e9 de psilocybe cubensis. Le nom Blue Meanie est \u00e9galement utilis\u00e9 pour d\u00e9crire une vari\u00e9t\u00e9 appel\u00e9e Psilocybe Cyanescens (P. Cyans) qui est connue pour \u00eatre 2 fois plus puissante que toute autre vari\u00e9t\u00e9 de P. Cubensis. Nos champignons magiques Blue Meanie sont du type P. Cubensis et ne doivent pas \u00eatre confondus. Ce champignon est connu pour \u00eatre un fruitier prolifique, produisant souvent de nombreuses grappes de champignons et se meurtrissant facilement (bleuissement) au point de contact physique. Attendez-vous \u00e0 une intensit\u00e9 sup\u00e9rieure \u00e0 la moyenne par rapport aux autres vari\u00e9t\u00e9s de champignons cubensis. Achetez les meilleurs Blue Meanies au Canada. Dosage Champignon: Microdose : 0,10 gramme - 0,30 gramme Dose pour d\u00e9butant\u00a0: 0,30 gramme (un quart) - 1 gramme Dose moyenne : 1 gramme - 2,5 grammes Dose \u00e9lev\u00e9e : 2,5 - 3,5 grammes Dose h\u00e9ro\u00efque : 3,5+ grammes D\u00e9tails d'exp\u00e9dition : Nous exp\u00e9dions au Canada seulement avec num\u00e9ro de suivi Emballage discret","og_url":"https:\/\/bcweededible.net\/fr\/buy\/champignons-magiques\/champignons-secs\/blue-meanie\/","og_site_name":"BC Weed Edible","article_modified_time":"2026-03-17T22:43:03+00:00","og_image":[{"width":1024,"height":1024,"url":"https:\/\/bcweededible.net\/wp-content\/uploads\/2021\/10\/blue-meanies-magic-mushroom.jpg","type":"image\/jpeg"}],"twitter_card":"summary_large_image","twitter_misc":{"Dur\u00e9e de lecture estim\u00e9e":"6 minutes"},"schema":{"@context":"https:\/\/schema.org","@graph":[{"@type":"WebPage","@id":"https:\/\/bcweededible.net\/fr\/buy\/champignons-magiques\/champignons-secs\/blue-meanie\/","url":"https:\/\/bcweededible.net\/fr\/buy\/champignons-magiques\/champignons-secs\/blue-meanie\/","name":"Acheter la Champignons Magiques Blue Meanies en ligne | Dispensaire de champignons Canada | BC Weed Edible","isPartOf":{"@id":"https:\/\/bcweededible.net\/fr\/#website"},"primaryImageOfPage":{"@id":"https:\/\/bcweededible.net\/fr\/buy\/champignons-magiques\/champignons-secs\/blue-meanie\/#primaryimage"},"image":{"@id":"https:\/\/bcweededible.net\/fr\/buy\/champignons-magiques\/champignons-secs\/blue-meanie\/#primaryimage"},"thumbnailUrl":"https:\/\/bcweededible.net\/wp-content\/uploads\/2021\/10\/blue-meanies-magic-mushroom.jpg","datePublished":"2022-04-08T19:22:41+00:00","dateModified":"2026-03-17T22:43:03+00:00","breadcrumb":{"@id":"https:\/\/bcweededible.net\/fr\/buy\/champignons-magiques\/champignons-secs\/blue-meanie\/#breadcrumb"},"inLanguage":"fr-FR","potentialAction":[{"@type":"ReadAction","target":["https:\/\/bcweededible.net\/fr\/buy\/champignons-magiques\/champignons-secs\/blue-meanie\/"]}]},{"@type":"ImageObject","inLanguage":"fr-FR","@id":"https:\/\/bcweededible.net\/fr\/buy\/champignons-magiques\/champignons-secs\/blue-meanie\/#primaryimage","url":"https:\/\/bcweededible.net\/wp-content\/uploads\/2021\/10\/blue-meanies-magic-mushroom.jpg","contentUrl":"https:\/\/bcweededible.net\/wp-content\/uploads\/2021\/10\/blue-meanies-magic-mushroom.jpg","width":1024,"height":1024,"caption":"Blue Meanies Shrooms"},{"@type":"BreadcrumbList","@id":"https:\/\/bcweededible.net\/fr\/buy\/champignons-magiques\/champignons-secs\/blue-meanie\/#breadcrumb","itemListElement":[{"@type":"ListItem","position":1,"name":"Jujubes au Pot Canada","item":"https:\/\/bcweededible.net\/fr\/shop\/"},{"@type":"ListItem","position":2,"name":"Champignons Magiques Blue Meanies"}]},{"@type":"WebSite","@id":"https:\/\/bcweededible.net\/fr\/#website","url":"https:\/\/bcweededible.net\/fr\/","name":"BC Weed Edible","description":"","publisher":{"@id":"https:\/\/bcweededible.net\/fr\/#organization"},"potentialAction":[{"@type":"SearchAction","target":{"@type":"EntryPoint","urlTemplate":"https:\/\/bcweededible.net\/fr\/?s={search_term_string}"},"query-input":{"@type":"PropertyValueSpecification","valueRequired":true,"valueName":"search_term_string"}}],"inLanguage":"fr-FR"},{"@type":"Organization","@id":"https:\/\/bcweededible.net\/fr\/#organization","name":"BC Weed Edible","url":"https:\/\/bcweededible.net\/fr\/","logo":{"@type":"ImageObject","inLanguage":"fr-FR","@id":"https:\/\/bcweededible.net\/fr\/#\/schema\/logo\/image\/","url":"https:\/\/bcweededible.net\/wp-content\/uploads\/2021\/12\/bc-weed-edible-canada.png","contentUrl":"https:\/\/bcweededible.net\/wp-content\/uploads\/2021\/12\/bc-weed-edible-canada.png","width":270,"height":185,"caption":"BC Weed Edible"},"image":{"@id":"https:\/\/bcweededible.net\/fr\/#\/schema\/logo\/image\/"}}]}},"_links":{"self":[{"href":"https:\/\/bcweededible.net\/fr\/wp-json\/wp\/v2\/product\/13625","targetHints":{"allow":["GET"]}}],"collection":[{"href":"https:\/\/bcweededible.net\/fr\/wp-json\/wp\/v2\/product"}],"about":[{"href":"https:\/\/bcweededible.net\/fr\/wp-json\/wp\/v2\/types\/product"}],"replies":[{"embeddable":true,"href":"https:\/\/bcweededible.net\/fr\/wp-json\/wp\/v2\/comments?post=13625"}],"wp:featuredmedia":[{"embeddable":true,"href":"https:\/\/bcweededible.net\/fr\/wp-json\/wp\/v2\/media\/8822"}],"wp:attachment":[{"href":"https:\/\/bcweededible.net\/fr\/wp-json\/wp\/v2\/media?parent=13625"}],"wp:term":[{"taxonomy":"product_cat","embeddable":true,"href":"https:\/\/bcweededible.net\/fr\/wp-json\/wp\/v2\/product_cat?post=13625"},{"taxonomy":"product_tag","embeddable":true,"href":"https:\/\/bcweededible.net\/fr\/wp-json\/wp\/v2\/product_tag?post=13625"}],"curies":[{"name":"wp","href":"https:\/\/api.w.org\/{rel}","templated":true}]}}