{"id":13620,"date":"2022-02-01T15:24:34","date_gmt":"2022-04-08T19:22:40","guid":{"rendered":"http:\/\/bcweededible.net\/buy\/non%20class\u00e9\/1000-mg-de-thc-comestibles-gelifies-jujubes-mg\/"},"modified":"2026-03-23T11:06:09","modified_gmt":"2026-03-23T18:06:09","slug":"1000mg-thc-jujubes","status":"publish","type":"product","link":"https:\/\/bcweededible.net\/fr\/buy\/brands\/eden\/1000mg-thc-jujubes\/","title":{"rendered":"Jujubes THC 1000mg"},"content":{"rendered":"<h2>Acheter des jujubes THC 1000mg au Canada<\/h2>\n<p>Vous recherchez un high fort et qui dure longtemps? Les jujubes THC 1000mg sont le choix parfait! Ces d\u00e9licieux jujubes sont infus\u00e9s avec 1000 milligrammes de THC, ce qui en fait l&#8217;un des comestibles les plus puissants du march\u00e9. Si vous \u00eates un consommateur de cannabis exp\u00e9riment\u00e9, ces jujubes vous procureront une exp\u00e9rience puissante et agr\u00e9able.<\/p>\n<p>Chez BC Weed Edible, nous sommes fiers d&#8217;offrir \u00e0 nos clients des jujubes THC 1000mg de haute qualit\u00e9. Nos jujubes sont fabriqu\u00e9s avec les meilleurs ingr\u00e9dients et sont garantis pour vous procurer un grand high.<\/p>\n<h2>Choisissez le bon dosage de THC pour vos besoins<\/h2>\n<p>Le bon dosage d\u00e9pend de vos besoins. Si vous consommez pour la premi\u00e8re fois, commencez par une faible dose et augmentez progressivement. Les jujubes THC sont un excellent moyen d&#8217;obtenir un dosage pr\u00e9cis de THC.<\/p>\n<p>Si vous \u00eates un <strong>d\u00e9butant <\/strong>, commencez par :<\/p>\n<ul>\n<li>Jujubes THC 5mg<\/li>\n<li>Jujubes THC 10mg<\/li>\n<\/ul>\n<p>Si vous \u00eates un utilisateur <strong>r\u00e9gulier <\/strong>:<\/p>\n<ul>\n<li>Jujubes THC 20mg<\/li>\n<li>Jujubes THC 50mg<\/li>\n<\/ul>\n<p>Si vous \u00eates un utilisateur <strong>exp\u00e9riment\u00e9 <\/strong>:<\/p>\n<ul>\n<li>Jujubes THC 100mg<\/li>\n<li>Jujubes THC 200mg<\/li>\n<\/ul>\n<p>Si vous voulez un high plus intense, optez pour des doses plus \u00e9lev\u00e9es. Si vous voulez un effet plus doux, utilisez des doses plus faibles. N&#8217;oubliez pas de toujours commencer doucement et d&#8217;aller lentement!<\/p>\n<h2>Combien de temps faut-il pour que les jujubes 1000mg fassent effet ?<\/h2>\n<p>Quand il s&#8217;agit de comestibles, c&#8217;est <strong>diff\u00e9rent que de fumer du cannabis <\/strong>parce qu&#8217;il faut un certain temps pour que le THC soit <strong>m\u00e9tabolis\u00e9 par votre foie et envoy\u00e9 dans votre circulation sanguine.<\/strong> Pour la plupart des gens, il faut<strong> environ 60-90 minutes pour ressentir les effets des comestibles.<\/strong> Toutefois, en fonction de la quantit\u00e9 de nourriture que vous avez mang\u00e9e ce jour-l\u00e0 et de votre activit\u00e9 physique, il peut s&#8217;\u00e9couler jusqu&#8217;\u00e0 deux heures avant que vous ne ressentiez tous les effets.<\/p>\n<h2>Quels sont les effets des jujubes THC 1000mg?<\/h2>\n<p>Il est prudent de s&#8217;assurer que vous restez dans un environnement contr\u00f4l\u00e9 apr\u00e8s avoir pris un jujube et surtout lorsqu&#8217;il s&#8217;agit de jujubes de 1000mg. Voici quelques-uns des effets positifs et n\u00e9gatifs que vous pourriez ressentir :<\/p>\n<ul>\n<li><strong>Effets positifs :<\/strong> relaxation intense, r\u00e9duction de l&#8217;inflammation et de la douleur, stimulation de l&#8217;app\u00e9tit et am\u00e9lioration de la prise de poids.<\/li>\n<li><strong>Effets n\u00e9gatifs :<\/strong> Si vous en prenez trop, cela peut entra\u00eener une anxi\u00e9t\u00e9 s\u00e9v\u00e8re, des maux d&#8217;estomac, des \u00e9tourdissements, des vomissements, des naus\u00e9es ou une d\u00e9sorientation extr\u00eame. G\u00e9n\u00e9ralement, vous ne voulez pas cela.<\/li>\n<\/ul>\n<h2>Combien de temps durent les jujubes de 1000mg ?<\/h2>\n<p>Les effets d&#8217;un jujube de 1000 mg de THC peuvent durer entre<strong> 6 et 8 heures<\/strong>. Cependant, chacun m\u00e9tabolise les comestibles au cannabis diff\u00e9remment. Il est donc important de commencer par une faible dose (10-25mg) et de voir comment vous vous sentez avant d&#8217;en consommer davantage. <strong>Vous ne devez pas consommer 1000 mg d&#8217;un coup<\/strong>, sauf si vous savez que vous pouvez le supporter. <strong>Commencez par 1\/4 ou 1\/2 de la barre de jujube <\/strong>et voyez comment vous vous sentez apr\u00e8s une heure. Si vous ne ressentez rien, consommez encore 1\/4 ou 1\/2 jusqu&#8217;\u00e0 ce que vous commenciez \u00e0 ressentir les effets. N&#8217;oubliez pas qu&#8217;il faut parfois jusqu&#8217;\u00e0 deux heures pour ressentir tous les effets d&#8217;un produit comestible, alors soyez patient !<\/p>\n","protected":false},"excerpt":{"rendered":"<p>Nos Jujubes au THC 1000 mg sont vegan , sans g\u00e9latine et fabriqu\u00e9es avec les meilleurs ingr\u00e9dients. Ce jujube fait partie des <a href=\"https:\/\/bcweededible.net\/fr\/acheter\/comestibles\/puissant\/\">comestibles les plus forts au Canada<\/a> . Chaque paquet de 1000mg contient <strong>2 grands jujubes contenant chacun 500mg de THC<\/strong>. Il est facile de le couper en morceaux pour un dosage plus contr\u00f4l\u00e9. Tous nos jujubes sont disponibles en diff\u00e9rents ph\u00e9notypes, vous pouvez <strong>choisir entre Sativa et Indica <\/strong>.<\/p>\n<p>1000mg est un dosage pour les <strong>consommateurs experts <\/strong>qui en ont besoin. Si vous n&#8217;\u00eates pas s\u00fbr du dosage que vous devriez v\u00e9rifier, veuillez consulter notre <strong><a href=\"https:\/\/bcweededible.net\/fr\/tableau-dosage-comestibles-pot\/\">Tableau des dosages comestibles par poids.<\/a><\/strong><\/p>\n<h3>Informations sur les Jujubes au THC 1000mg<\/h3>\n<table>\n<tbody>\n<tr>\n<td class=\"has-text-align-center\" style=\"text-align: left;\" data-align=\"center\"><strong>THC total<\/strong><\/td>\n<td class=\"has-text-align-center\" style=\"text-align: left;\" data-align=\"center\">1000mg THC<\/td>\n<\/tr>\n<tr>\n<td class=\"has-text-align-center\" data-align=\"center\"><strong>Contenu<\/strong><\/td>\n<td class=\"has-text-align-center\" data-align=\"center\">2 x 500mg THC<\/td>\n<\/tr>\n<tr>\n<td class=\"has-text-align-center\" data-align=\"center\"><strong>Dosage<\/strong><\/td>\n<td class=\"has-text-align-center\" data-align=\"center\">Coupez 1 jujube en petit carr\u00e9 et attendez 90 minutes pour que l&#8217;effet soit complet.<\/td>\n<\/tr>\n<tr>\n<td class=\"has-text-align-center\" style=\"text-align: left;\" data-align=\"center\"><strong>Effets<\/strong><\/td>\n<td class=\"has-text-align-center\" style=\"text-align: left;\" data-align=\"center\">Douleur, \u00c9nergie, Plaisir, Concentration, Anxi\u00e9t\u00e9, Sommeil<\/td>\n<\/tr>\n<tr>\n<td class=\"has-text-align-center\" style=\"text-align: left;\" data-align=\"center\"><strong>Ingr\u00e9dients<\/strong><\/td>\n<td class=\"has-text-align-center\" style=\"text-align: left;\" data-align=\"center\">Pur\u00e9e de fruits, sucre, pectine NH, glucose, jus de citron, distillat de THC, terp\u00e8nes naturels.<\/td>\n<\/tr>\n<tr>\n<td class=\"has-text-align-center\" style=\"text-align: left;\" data-align=\"center\"><strong>Entreposage<\/strong><\/td>\n<td class=\"has-text-align-center\" style=\"text-align: left;\" data-align=\"center\">6 mois au r\u00e9frig\u00e9rateur, 2 mois \u00e0 temp\u00e9rature ambiante<\/td>\n<\/tr>\n<\/tbody>\n<\/table>\n","protected":false},"featured_media":99971,"comment_status":"open","ping_status":"closed","template":"","meta":{"wprm-recipe-roundup-name":"","wprm-recipe-roundup-description":""},"product_cat":[625,495,494,232,98,177,66,65,68],"product_tag":[78],"class_list":{"0":"post-13620","1":"product","2":"type-product","3":"status-publish","4":"has-post-thumbnail","6":"product_cat-eden","7":"product_cat-indica-edibles","8":"product_cat-sativa-edibles","9":"product_cat-edibles","10":"product_cat-1000mg","11":"product_cat-cheap","12":"product_cat-strong","13":"product_cat-gummies","14":"product_cat-vegan","15":"product_tag-1000mg","17":"first","18":"instock","19":"shipping-taxable","20":"purchasable","21":"product-type-variable"},"yoast_head":"\n<title>Acheter 1000mg THC Jujubes au Canada | BC Weed Edible<\/title>\n<meta name=\"description\" content=\"Nos Jujubes THC de 1000 mg sont fabriqu\u00e9es \u00e0 partir de concentr\u00e9 de THC Sativa ou Indica. Les meilleurs Jujubes comestibles de 1000 mg au Canada \u00e0 partir de 39 $. Economisez 20% sur vos edibles forts aujourd&#039;hui !\" \/>\n<meta name=\"robots\" content=\"index, follow, max-snippet:-1, max-image-preview:large, max-video-preview:-1\" \/>\n<link rel=\"canonical\" href=\"https:\/\/bcweededible.net\/fr\/buy\/brands\/eden\/1000mg-thc-jujubes\/\" \/>\n<meta property=\"og:locale\" content=\"fr_FR\" \/>\n<meta property=\"og:type\" content=\"article\" \/>\n<meta property=\"og:title\" content=\"Acheter 1000mg THC Jujubes au Canada | BC Weed Edible\" \/>\n<meta property=\"og:description\" content=\"Nos Jujubes THC de 1000 mg sont fabriqu\u00e9es \u00e0 partir de concentr\u00e9 de THC Sativa ou Indica. Les meilleurs Jujubes comestibles de 1000 mg au Canada \u00e0 partir de 39 $. Economisez 20% sur vos edibles forts aujourd&#039;hui !\" \/>\n<meta property=\"og:url\" content=\"https:\/\/bcweededible.net\/fr\/buy\/brands\/eden\/1000mg-thc-jujubes\/\" \/>\n<meta property=\"og:site_name\" content=\"BC Weed Edible\" \/>\n<meta property=\"article:modified_time\" content=\"2026-03-23T18:06:09+00:00\" \/>\n<meta property=\"og:image\" content=\"https:\/\/bcweededible.net\/wp-content\/uploads\/2025\/06\/1000mg-thc-gummies-sativa-eden2.jpg\" \/>\n\t<meta property=\"og:image:width\" content=\"1080\" \/>\n\t<meta property=\"og:image:height\" content=\"1080\" \/>\n\t<meta property=\"og:image:type\" content=\"image\/jpeg\" \/>\n<meta name=\"twitter:card\" content=\"summary_large_image\" \/>\n<meta name=\"twitter:label1\" content=\"Dur\u00e9e de lecture estim\u00e9e\" \/>\n\t<meta name=\"twitter:data1\" content=\"3 minutes\" \/>\n<script type=\"application\/ld+json\" class=\"yoast-schema-graph\">{\"@context\":\"https:\/\/schema.org\",\"@graph\":[{\"@type\":\"WebPage\",\"@id\":\"https:\/\/bcweededible.net\/fr\/buy\/brands\/eden\/1000mg-thc-jujubes\/\",\"url\":\"https:\/\/bcweededible.net\/fr\/buy\/brands\/eden\/1000mg-thc-jujubes\/\",\"name\":\"Acheter 1000mg THC Jujubes au Canada | BC Weed Edible\",\"isPartOf\":{\"@id\":\"https:\/\/bcweededible.net\/fr\/#website\"},\"primaryImageOfPage\":{\"@id\":\"https:\/\/bcweededible.net\/fr\/buy\/brands\/eden\/1000mg-thc-jujubes\/#primaryimage\"},\"image\":{\"@id\":\"https:\/\/bcweededible.net\/fr\/buy\/brands\/eden\/1000mg-thc-jujubes\/#primaryimage\"},\"thumbnailUrl\":\"https:\/\/bcweededible.net\/wp-content\/uploads\/2025\/06\/1000mg-thc-gummies-sativa-eden2.jpg\",\"datePublished\":\"2022-04-08T19:22:40+00:00\",\"dateModified\":\"2026-03-23T18:06:09+00:00\",\"description\":\"Nos Jujubes THC de 1000 mg sont fabriqu\u00e9es \u00e0 partir de concentr\u00e9 de THC Sativa ou Indica. Les meilleurs Jujubes comestibles de 1000 mg au Canada \u00e0 partir de 39 $. Economisez 20% sur vos edibles forts aujourd'hui !\",\"breadcrumb\":{\"@id\":\"https:\/\/bcweededible.net\/fr\/buy\/brands\/eden\/1000mg-thc-jujubes\/#breadcrumb\"},\"inLanguage\":\"fr-FR\",\"potentialAction\":[{\"@type\":\"ReadAction\",\"target\":[\"https:\/\/bcweededible.net\/fr\/buy\/brands\/eden\/1000mg-thc-jujubes\/\"]}]},{\"@type\":\"ImageObject\",\"inLanguage\":\"fr-FR\",\"@id\":\"https:\/\/bcweededible.net\/fr\/buy\/brands\/eden\/1000mg-thc-jujubes\/#primaryimage\",\"url\":\"https:\/\/bcweededible.net\/wp-content\/uploads\/2025\/06\/1000mg-thc-gummies-sativa-eden2.jpg\",\"contentUrl\":\"https:\/\/bcweededible.net\/wp-content\/uploads\/2025\/06\/1000mg-thc-gummies-sativa-eden2.jpg\",\"width\":1080,\"height\":1080},{\"@type\":\"BreadcrumbList\",\"@id\":\"https:\/\/bcweededible.net\/fr\/buy\/brands\/eden\/1000mg-thc-jujubes\/#breadcrumb\",\"itemListElement\":[{\"@type\":\"ListItem\",\"position\":1,\"name\":\"Jujubes au Pot Canada\",\"item\":\"https:\/\/bcweededible.net\/fr\/shop\/\"},{\"@type\":\"ListItem\",\"position\":2,\"name\":\"Jujubes THC 1000mg\"}]},{\"@type\":\"WebSite\",\"@id\":\"https:\/\/bcweededible.net\/fr\/#website\",\"url\":\"https:\/\/bcweededible.net\/fr\/\",\"name\":\"BC Weed Edible\",\"description\":\"\",\"publisher\":{\"@id\":\"https:\/\/bcweededible.net\/fr\/#organization\"},\"potentialAction\":[{\"@type\":\"SearchAction\",\"target\":{\"@type\":\"EntryPoint\",\"urlTemplate\":\"https:\/\/bcweededible.net\/fr\/?s={search_term_string}\"},\"query-input\":{\"@type\":\"PropertyValueSpecification\",\"valueRequired\":true,\"valueName\":\"search_term_string\"}}],\"inLanguage\":\"fr-FR\"},{\"@type\":\"Organization\",\"@id\":\"https:\/\/bcweededible.net\/fr\/#organization\",\"name\":\"BC Weed Edible\",\"url\":\"https:\/\/bcweededible.net\/fr\/\",\"logo\":{\"@type\":\"ImageObject\",\"inLanguage\":\"fr-FR\",\"@id\":\"https:\/\/bcweededible.net\/fr\/#\/schema\/logo\/image\/\",\"url\":\"https:\/\/bcweededible.net\/wp-content\/uploads\/2021\/12\/bc-weed-edible-canada.png\",\"contentUrl\":\"https:\/\/bcweededible.net\/wp-content\/uploads\/2021\/12\/bc-weed-edible-canada.png\",\"width\":270,\"height\":185,\"caption\":\"BC Weed Edible\"},\"image\":{\"@id\":\"https:\/\/bcweededible.net\/fr\/#\/schema\/logo\/image\/\"}}]}<\/script>\n","yoast_head_json":{"title":"Acheter 1000mg THC Jujubes au Canada | BC Weed Edible","description":"Nos Jujubes THC de 1000 mg sont fabriqu\u00e9es \u00e0 partir de concentr\u00e9 de THC Sativa ou Indica. Les meilleurs Jujubes comestibles de 1000 mg au Canada \u00e0 partir de 39 $. Economisez 20% sur vos edibles forts aujourd'hui !","robots":{"index":"index","follow":"follow","max-snippet":"max-snippet:-1","max-image-preview":"max-image-preview:large","max-video-preview":"max-video-preview:-1"},"canonical":"https:\/\/bcweededible.net\/fr\/buy\/brands\/eden\/1000mg-thc-jujubes\/","og_locale":"fr_FR","og_type":"article","og_title":"Acheter 1000mg THC Jujubes au Canada | BC Weed Edible","og_description":"Nos Jujubes THC de 1000 mg sont fabriqu\u00e9es \u00e0 partir de concentr\u00e9 de THC Sativa ou Indica. Les meilleurs Jujubes comestibles de 1000 mg au Canada \u00e0 partir de 39 $. Economisez 20% sur vos edibles forts aujourd'hui !","og_url":"https:\/\/bcweededible.net\/fr\/buy\/brands\/eden\/1000mg-thc-jujubes\/","og_site_name":"BC Weed Edible","article_modified_time":"2026-03-23T18:06:09+00:00","og_image":[{"width":1080,"height":1080,"url":"https:\/\/bcweededible.net\/wp-content\/uploads\/2025\/06\/1000mg-thc-gummies-sativa-eden2.jpg","type":"image\/jpeg"}],"twitter_card":"summary_large_image","twitter_misc":{"Dur\u00e9e de lecture estim\u00e9e":"3 minutes"},"schema":{"@context":"https:\/\/schema.org","@graph":[{"@type":"WebPage","@id":"https:\/\/bcweededible.net\/fr\/buy\/brands\/eden\/1000mg-thc-jujubes\/","url":"https:\/\/bcweededible.net\/fr\/buy\/brands\/eden\/1000mg-thc-jujubes\/","name":"Acheter 1000mg THC Jujubes au Canada | BC Weed Edible","isPartOf":{"@id":"https:\/\/bcweededible.net\/fr\/#website"},"primaryImageOfPage":{"@id":"https:\/\/bcweededible.net\/fr\/buy\/brands\/eden\/1000mg-thc-jujubes\/#primaryimage"},"image":{"@id":"https:\/\/bcweededible.net\/fr\/buy\/brands\/eden\/1000mg-thc-jujubes\/#primaryimage"},"thumbnailUrl":"https:\/\/bcweededible.net\/wp-content\/uploads\/2025\/06\/1000mg-thc-gummies-sativa-eden2.jpg","datePublished":"2022-04-08T19:22:40+00:00","dateModified":"2026-03-23T18:06:09+00:00","description":"Nos Jujubes THC de 1000 mg sont fabriqu\u00e9es \u00e0 partir de concentr\u00e9 de THC Sativa ou Indica. Les meilleurs Jujubes comestibles de 1000 mg au Canada \u00e0 partir de 39 $. Economisez 20% sur vos edibles forts aujourd'hui !","breadcrumb":{"@id":"https:\/\/bcweededible.net\/fr\/buy\/brands\/eden\/1000mg-thc-jujubes\/#breadcrumb"},"inLanguage":"fr-FR","potentialAction":[{"@type":"ReadAction","target":["https:\/\/bcweededible.net\/fr\/buy\/brands\/eden\/1000mg-thc-jujubes\/"]}]},{"@type":"ImageObject","inLanguage":"fr-FR","@id":"https:\/\/bcweededible.net\/fr\/buy\/brands\/eden\/1000mg-thc-jujubes\/#primaryimage","url":"https:\/\/bcweededible.net\/wp-content\/uploads\/2025\/06\/1000mg-thc-gummies-sativa-eden2.jpg","contentUrl":"https:\/\/bcweededible.net\/wp-content\/uploads\/2025\/06\/1000mg-thc-gummies-sativa-eden2.jpg","width":1080,"height":1080},{"@type":"BreadcrumbList","@id":"https:\/\/bcweededible.net\/fr\/buy\/brands\/eden\/1000mg-thc-jujubes\/#breadcrumb","itemListElement":[{"@type":"ListItem","position":1,"name":"Jujubes au Pot Canada","item":"https:\/\/bcweededible.net\/fr\/shop\/"},{"@type":"ListItem","position":2,"name":"Jujubes THC 1000mg"}]},{"@type":"WebSite","@id":"https:\/\/bcweededible.net\/fr\/#website","url":"https:\/\/bcweededible.net\/fr\/","name":"BC Weed Edible","description":"","publisher":{"@id":"https:\/\/bcweededible.net\/fr\/#organization"},"potentialAction":[{"@type":"SearchAction","target":{"@type":"EntryPoint","urlTemplate":"https:\/\/bcweededible.net\/fr\/?s={search_term_string}"},"query-input":{"@type":"PropertyValueSpecification","valueRequired":true,"valueName":"search_term_string"}}],"inLanguage":"fr-FR"},{"@type":"Organization","@id":"https:\/\/bcweededible.net\/fr\/#organization","name":"BC Weed Edible","url":"https:\/\/bcweededible.net\/fr\/","logo":{"@type":"ImageObject","inLanguage":"fr-FR","@id":"https:\/\/bcweededible.net\/fr\/#\/schema\/logo\/image\/","url":"https:\/\/bcweededible.net\/wp-content\/uploads\/2021\/12\/bc-weed-edible-canada.png","contentUrl":"https:\/\/bcweededible.net\/wp-content\/uploads\/2021\/12\/bc-weed-edible-canada.png","width":270,"height":185,"caption":"BC Weed Edible"},"image":{"@id":"https:\/\/bcweededible.net\/fr\/#\/schema\/logo\/image\/"}}]}},"_links":{"self":[{"href":"https:\/\/bcweededible.net\/fr\/wp-json\/wp\/v2\/product\/13620","targetHints":{"allow":["GET"]}}],"collection":[{"href":"https:\/\/bcweededible.net\/fr\/wp-json\/wp\/v2\/product"}],"about":[{"href":"https:\/\/bcweededible.net\/fr\/wp-json\/wp\/v2\/types\/product"}],"replies":[{"embeddable":true,"href":"https:\/\/bcweededible.net\/fr\/wp-json\/wp\/v2\/comments?post=13620"}],"wp:featuredmedia":[{"embeddable":true,"href":"https:\/\/bcweededible.net\/fr\/wp-json\/wp\/v2\/media\/99971"}],"wp:attachment":[{"href":"https:\/\/bcweededible.net\/fr\/wp-json\/wp\/v2\/media?parent=13620"}],"wp:term":[{"taxonomy":"product_cat","embeddable":true,"href":"https:\/\/bcweededible.net\/fr\/wp-json\/wp\/v2\/product_cat?post=13620"},{"taxonomy":"product_tag","embeddable":true,"href":"https:\/\/bcweededible.net\/fr\/wp-json\/wp\/v2\/product_tag?post=13620"}],"curies":[{"name":"wp","href":"https:\/\/api.w.org\/{rel}","templated":true}]}}