{"id":13606,"date":"2021-10-25T04:06:49","date_gmt":"2022-04-08T19:22:37","guid":{"rendered":"http:\/\/bcweededible.net\/buy\/non%20class\u00e9\/champignons-magiques-penis-envy\/"},"modified":"2026-03-27T09:01:23","modified_gmt":"2026-03-27T16:01:23","slug":"penis-envy","status":"publish","type":"product","link":"https:\/\/bcweededible.net\/fr\/buy\/champignons-magiques\/champignons-secs\/penis-envy\/","title":{"rendered":"Champignons Magiques Penis Envy"},"content":{"rendered":"<p>Si vous recherchez <strong>des champignons puissants <\/strong>qui plongeront votre esprit dans les profondeurs d&#8217;un voyage astral, ne cherchez pas plus loin que champignons magiques Penis Envy. Ces champignons sont connus comme \u00e9tant dans\u00a0 les plus forts et les plus intenses, ce qui les rend tr\u00e8s recherch\u00e9s par ceux qui recherchent ce type d&#8217;exp\u00e9rience psych\u00e9d\u00e9lique !<\/p>\n<p>Cette vari\u00e9t\u00e9 de champignons est un puissant psychoactif qui pourrait ne pas convenir aux d\u00e9butants. Ce produit peut conduire \u00e0 des rencontres chamaniques profondes, \u00e0 des visions et \u00e0 un sentiment mystique g\u00e9n\u00e9ral avec sa grande puissance.<\/p>\n<p>Les champignons magiques BC Weed Edible sont garantis d&#8217;\u00eatre de qualit\u00e9 sup\u00e9rieure avec une s\u00e9lection m\u00e9ticuleuse de chaque champignon.<\/p>\n<h2>Que sont les champignons magiques Penis Envy ?<\/h2>\n<p>Il s&#8217;agit d&#8217;une vari\u00e9t\u00e9 tr\u00e8s unique et int\u00e9ressante de Psilocybes cubensis. Le champignon magique rare, insaisissable et puissant est enfin l\u00e0 ! Avec ses propri\u00e9t\u00e9s euphorisantes uniques, il deviendra l&#8217;une des vari\u00e9t\u00e9s les plus recherch\u00e9es.<\/p>\n<p>Cette vari\u00e9t\u00e9 a un effet particuli\u00e8rement fort sur ceux qui veulent faire un voyage mental puissant mais aussi tr\u00e8s visuel avec une profonde introspection. Penis Envy sera votre choix si vous cherchez quelque chose de vraiment sp\u00e9cial.<\/p>\n<p>La raison de cet effet plus fort peut \u00eatre due \u00e0 la fois \u00e0 une quantit\u00e9 plus \u00e9lev\u00e9e d&#8217;alcalo\u00efdes psychotropes et au rapport psilocine\/psilocybine.<\/p>\n<p>Pourquoi cette vari\u00e9t\u00e9 s&#8217;appelle \u00ab Penis Envy \u00bb ? C&#8217;est parce que lorsqu&#8217;ils sont frais, les champignons Penis Envy ressemblent fortement \u00e0 un objet phallique. La vari\u00e9t\u00e9 de champignons Psilocybe cubensis est g\u00e9n\u00e9ralement grande, \u00e9paisse et exceptionnellement dense. Le champignon a une tige blanche et un chapeau sous-d\u00e9velopp\u00e9.<\/p>\n<h2>Les effets psych\u00e9d\u00e9liques de Penis Envy<\/h2>\n<p>Penis Envy est un excellent choix pour les consommateurs confirm\u00e9s car il<strong>\u00a0procure des effets plus puissants<\/strong> que les autres vari\u00e9t\u00e9s de champignons. Les utilisateurs d\u00e9crivent l&#8217;exp\u00e9rience comme calme, d\u00e9tendue avec des images douces mais aussi avec des effets corporels forts.<\/p>\n<p>Les effets psychoactifs des champignons magiques Penis Envy seraient similaires, mais plus intenses que la plupart des autres vari\u00e9t\u00e9s de Psilocybe cubensis. Les images\u00abondulantes\u00bb et les hallucinations peuvent inclure des images vives ainsi que des sentiments synesth\u00e9siques tels que vous pouvez entendre des couleurs ou voir des sons.<\/p>\n<p>Les effets de Penis Envy peuvent inclure :<\/p>\n<ul>\n<li>Sentiments intenses d&#8217;euphorie<\/li>\n<li>Introspection profonde<\/li>\n<li>Pens\u00e9es philosophiques<\/li>\n<li>Joie immense<\/li>\n<li>Distorsion de l&#8217;espace et du temps<\/li>\n<li>Synesth\u00e9sie (c&#8217;est-\u00e0-dire entendre les couleurs, voir les sons)<\/li>\n<\/ul>\n<h2>Recommandation de dosage de Penis Envy<\/h2>\n<p>Une dose de Penis Envy d\u00e9pend du type d&#8217;exp\u00e9rience que vous souhaitez (micro-dose, faible, moyen, fort, h\u00e9ro\u00efque), de votre poids corporel et du fait qu&#8217;il soit frais ou s\u00e9ch\u00e9. Notez qu&#8217;en ce qui concerne le dosage des champignons, tout est bas\u00e9 sur le poids des champignons s\u00e9ch\u00e9s. Il est possible d&#8217;\u00e9valuer la dose que vous devez prendre <strong>en utilisant notre recommandation de dosage de champignons magiques.<\/strong><\/p>\n<p>Une microdose varie <strong>de 0,1 gramme \u00e0 0,25 gramme de champignon s\u00e9ch\u00e9<\/strong> . Il est pr\u00e9f\u00e9rable de commencer avec la dose la plus faible possible, surtout si vous \u00eates inexp\u00e9riment\u00e9 et d&#8217;augmenter progressivement. La cr\u00e9ativit\u00e9 et moins d&#8217;anxi\u00e9t\u00e9 ne sont que deux des nombreux avantages que vous pouvez tirer du microdosage.<\/p>\n<p>Une dose l\u00e9g\u00e8re varie <strong>de 0,5 gramme \u00e0 1 gramme de champignon s\u00e9ch\u00e9<\/strong> . Ceux qui veulent une exp\u00e9rience l\u00e9g\u00e8rement plus intense peuvent opter pour cette dose l\u00e9g\u00e8re qui am\u00e9liorera votre concentration mentale et am\u00e9liorera votre humeur sans hallucinations.<\/p>\n<p>Une dose mod\u00e9r\u00e9e varie <strong>de 1 gramme \u00e0 2 grammes de champignon s\u00e9ch\u00e9<\/strong> . Prendre des champignons pour la premi\u00e8re fois peut \u00eatre une exp\u00e9rience incroyable, mais il est important de ne pas en prendre trop. Une dose mod\u00e9r\u00e9e de 1 \u00e0 2 grammes n&#8217;est pas recommand\u00e9e comme point de d\u00e9part.<\/p>\n<p>Les effets de cette drogue se feront certainement sentir, mais pas exactement psych\u00e9d\u00e9lique. Une dose g\u00e9rable entra\u00eenera de l\u00e9g\u00e8res hallucinations. Cela peut vous donner l&#8217;impression que votre cerveau est au bon endroit \u00e0 tout moment. C&#8217;est un excellent choix si vous voulez \u00eatre plus cr\u00e9atif, avoir de meilleures conversations avec les gens ou simplement profiter de la vie!<\/p>\n<p>Une dose forte varie <strong>de 2 grammes \u00e0 3,5 grammes de champignon s\u00e9ch\u00e9<\/strong> . Lorsque l&#8217;utilisateur consommera cette dose, il ressentira des hallucinations intenses et une r\u00e9alit\u00e9 alt\u00e9r\u00e9e. Vous pouvez vous attendre \u00e0 vivre un sens aigu de l&#8217;art et de la musique, l&#8217;introspection, la sensibilit\u00e9 \u00e0 la lumi\u00e8re ou bien des \u00e9tourdissements. G\u00e9n\u00e9ralement, nous ne recommandons pas d&#8217;aller au-del\u00e0 de cette dose.<\/p>\n<p>Une dose h\u00e9ro\u00efque varie <strong>de 3,5 grammes \u00e0 5 grammes de champignon s\u00e9ch\u00e9<\/strong> . Les effets de cette dose sont intenses et certaines personnes peuvent perdre contact avec la r\u00e9alit\u00e9. Nous l&#8217;appelons h\u00e9ro\u00efque car les hallucinations peuvent \u00eatre tr\u00e8s vives, m\u00eame pour les utilisateurs exp\u00e9riment\u00e9s qui ont d\u00e9j\u00e0 consomm\u00e9 des champignons. Vous devez \u00eatre entour\u00e9 de personnes qualifi\u00e9es lors de la prise de cette quantit\u00e9. Ce que nous ne recommandons pas \u00e0 la plupart des utilisateurs.<\/p>\n<h2>Combien de temps dure les effets de Penis Envy ?<\/h2>\n<p>Comme mentionn\u00e9 pr\u00e9c\u00e9demment, Penis Envy est un <strong>excellent choix pour les utilisateurs confirm\u00e9s de champignons magiques <\/strong>car il <strong>a des effets plus forts et plus longs<\/strong> que les autres vari\u00e9t\u00e9s de champignons. En moyenne, vous pouvez vous attendre \u00e0 ce que votre <strong>voyage ne dure que quatre \u00e0 huit heures.<\/strong><\/p>\n<p>Il est \u00e9galement bon de savoir combien de temps il faut attendre avant de ressentir les effets. Les champignons magiques, contrairement aux produits comestibles au cannabis, frappent g\u00e9n\u00e9ralement plus rapidement. Vous pouvez vous attendre \u00e0 les sentir dans les 45 \u00e0 60\u00a0 premi\u00e8res minutes. Vous devriez toujours <strong>attendre au moins une heure avant de prendre plus de Penis Envy<\/strong>. Vous pourriez avoir l&#8217;impression d&#8217;\u00eatre perdu dans les airs, et vos sympt\u00f4mes de synesth\u00e9sie peuvent inclure entendre des couleurs et voir des sons.<\/p>\n<h2>Est-il pr\u00e9f\u00e9rable d&#8217;acheter ou de cultiver des champignons Penis Envy ?<\/h2>\n<p>Ce n&#8217;est pas une mince affaire de cultiver un champignon Penis Envy . C&#8217;est l&#8217;une des <strong>vari\u00e9t\u00e9s de cubensis les plus difficiles<\/strong> \u00e0 cultiver, avec leur manque de velum qui retient les spores jusqu&#8217;\u00e0 maturit\u00e9, ce qui les rend inefficaces pour produire suffisamment de seringues de spores pour la collecte et la culture &#8211; vous aurez besoin d&#8217;une quantit\u00e9 assez importante si vous voulez avoir une chance de succ\u00e8s !<\/p>\n<p>Les champignons Penis Envy sont moins r\u00e9sistants \u00e0 la contamination, prennent environ 25% plus de temps pour la colonisation et n\u00e9cessitent souvent des conditions sp\u00e9cialis\u00e9es.<\/p>\n<p>\u00c9tant donn\u00e9 que les champignons magiques sont largement disponibles en ligne au Canada, cela pourrait \u00eatre la meilleure option si vous n&#8217;\u00eates pas habitu\u00e9 \u00e0 cultiver vos champignons psylocynes. Chez BC Weed Edible, nous en avons pour vous! Ces champignons puissants ont \u00e9t\u00e9 soigneusement cultiv\u00e9s par des experts afin que vous puissiez profiter d&#8217;un voyage psych\u00e9d\u00e9lique in\u00e9gal\u00e9.<\/p>\n<p>En fin de compte, c&#8217;est \u00e0 l&#8217;individu de d\u00e9cider s&#8217;il veut acheter ou cultiver des champignons magiques au Canada. Les deux options ont des avantages et des inconv\u00e9nients, cela d\u00e9pend donc vraiment de ce que vous recherchez. Si vous recherchez la facilit\u00e9 d&#8217;utilisation et la discr\u00e9tion, l&#8217;achat en ligne serait un bon choix.<\/p>\n<p>Les champignons magiques sont un excellent moyen de mettre la main sur des champignons immacul\u00e9s, mais les acheter dans les magasins n&#8217;est pas toujours une option. Si vous cherchez quelque chose avec un acc\u00e8s facile et peu de tracas, alors commander aupr\u00e8s du principal d\u00e9taillant en ligne au Canada!<\/p>\n<h2>Est-ce que les champignons magiques sont l\u00e9gals au Canada?<\/h2>\n<p>Les champignons contenant de la psilocybine et\/ou de la psilocine sont toujours interdits au Canada, malgr\u00e9 plusieurs modifications l\u00e9gislatives r\u00e9centes qui indiquent le contraire.<\/p>\n<p>Selon l&#8217;annonce r\u00e9cente de Sant\u00e9 Canada, les champignons magiques sont d\u00e9sormais l\u00e9gaux pour les cas particuliers et les personnes exempt\u00e9es. Cela comprend leur utilisation pour la th\u00e9rapie dans certains \u00e9tablissements.<\/p>\n<p>Les m\u00e9decins, les avocats et les v\u00e9t\u00e9rinaires sont des exemples de m\u00e9decins qui peuvent prescrire des traitements \u00e0 la psilocybine en vertu des lois.<\/p>\n<p>Les lois sur les champignons magiques sont-elles appliqu\u00e9es au Canada\u00a0? Dans de nombreuses situations de possession simple, la peine pour une premi\u00e8re infraction est g\u00e9n\u00e9ralement une amende de 250 \u00e0 500 $. Notez que <a href=\"https:\/\/www.vice.com\/en\/article\/xgxkkn\/magic-mushroom-stores-are-open-in-canada-but-theyre-still-illegal\" target=\"_blank\" rel=\"noopener noreferrer\">les magasins de champignons magiques sont ouverts au Canada<\/a> , mais ils sont toujours ill\u00e9gaux.<\/p>\n<h2>Derni\u00e8res informations<\/h2>\n<p>Penis Envy est l&#8217;une des vari\u00e9t\u00e9s de champignons magiques les plus puissantes que vous puissiez essayer au Canada, mais ne vous inqui\u00e9tez pas, assurez-vous simplement de conna\u00eetre le dosage et la qualit\u00e9 de vos produits. Pour ceux qui envisagent de cultiver ou de consommer des champignons Penis Envy , il est important de se pr\u00e9parer en cons\u00e9quence.<\/p>\n<p>La meilleure fa\u00e7on de d\u00e9couvrir le champignon Penis Envy est de vous pr\u00e9parer et surtout de pr\u00e9parer votre environnement. L&#8217;\u00e9tat d&#8217;esprit joue un r\u00f4le important dans toute exp\u00e9rience psych\u00e9d\u00e9lique, alors assurez-vous d&#8217;\u00eatre pr\u00eat pour ce voyage avec un \u00e9tat d&#8217;esprit pleinement engag\u00e9!<\/p>\n<p>Les champignons magiques sont ouvertement vendus en ligne au Canada, malgr\u00e9 leur statut juridique douteux. Aux personnes \u00e2g\u00e9es de plus de 19 ans au Canada, les vendeurs en ligne offrent une gamme de produits \u00e0 base de champignons, notamment des produits s\u00e9ch\u00e9s, des jujubes et des chocolats.<\/p>\n<p>Si vous voulez que vos champignons magiques Penis Envy soient livr\u00e9s \u00e0 votre porte, achetez-les en ligne chez BC Weed Edible.<\/p>\n","protected":false},"excerpt":{"rendered":"<p><strong>Les champignons magiques Penis Envy<\/strong> sont l&#8217;un des Psilocybe Cubensis les <strong>plus rares et les plus recherch\u00e9s<\/strong> parmi les psychonautes exp\u00e9riment\u00e9s. Son nom d\u00e9crit sa forme physique ; une tige \u00e9paisse et une t\u00eate bulbeuse ressemblant \u00e0 une forme phallique.<\/p>\n<p>La vari\u00e9t\u00e9 de champignons magiques Penis Envy est connue pour \u00eatre l&#8217;une des <strong>plus fortes et des plus percutantes<\/strong> . Attendez-vous \u00e0 des exp\u00e9riences chamaniques profondes, des visions et une exp\u00e9rience mystique intense. <strong>Non recommand\u00e9 pour les utilisateurs novices<\/strong> . Cette vari\u00e9t\u00e9 est sp\u00e9ciale et procure une exp\u00e9rience transformatrice.<\/p>\n<p><strong>Achetez les meilleurs Penis Envy au Canada.<\/strong><\/p>\n<p><strong>Dosage Champignon:<\/strong><\/p>\n<ul>\n<li>Microdose : 0,10 gramme &#8211; 0,30 gramme<\/li>\n<li>Dose pour d\u00e9butant\u00a0: 0,30 gramme (un quart) &#8211; 1 gramme<\/li>\n<li>Dose moyenne : 1 gramme &#8211; 2,5 grammes<\/li>\n<li>Dose \u00e9lev\u00e9e : 2,5 &#8211; 3,5 grammes<\/li>\n<li>Dose h\u00e9ro\u00efque : 3,5+ grammes<\/li>\n<\/ul>\n<p><strong>D\u00e9tails d&#8217;exp\u00e9dition<\/strong> :<\/p>\n<ul>\n<li>Nous exp\u00e9dions au Canada seulement avec num\u00e9ro de suivi<\/li>\n<li>Emballage discret<\/li>\n<\/ul>\n","protected":false},"featured_media":8830,"comment_status":"open","ping_status":"closed","template":"","meta":[],"product_brand":[],"product_cat":[237,282],"product_tag":[],"class_list":{"0":"post-13606","1":"product","2":"type-product","3":"status-publish","4":"has-post-thumbnail","6":"product_cat-champignons-magiques","7":"product_cat-champignons-secs","9":"first","10":"outofstock","11":"sale","12":"shipping-taxable","13":"purchasable","14":"product-type-variable","15":"has-default-attributes"},"yoast_head":"\n<title>Acheter la Champignons Magiques Penis Envy en ligne | Dispensaire de champignons Canada | BC Weed Edible<\/title>\n<meta name=\"robots\" content=\"index, follow, max-snippet:-1, max-image-preview:large, max-video-preview:-1\" \/>\n<link rel=\"canonical\" href=\"https:\/\/bcweededible.net\/fr\/buy\/champignons-magiques\/champignons-secs\/penis-envy\/\" \/>\n<meta property=\"og:locale\" content=\"fr_FR\" \/>\n<meta property=\"og:type\" content=\"article\" \/>\n<meta property=\"og:title\" content=\"Acheter la Champignons Magiques Penis Envy en ligne | Dispensaire de champignons Canada | BC Weed Edible\" \/>\n<meta property=\"og:description\" content=\"Les champignons magiques Penis Envy sont l&#039;un des Psilocybe Cubensis les plus rares et les plus recherch\u00e9s parmi les psychonautes exp\u00e9riment\u00e9s. Son nom d\u00e9crit sa forme physique ; une tige \u00e9paisse et une t\u00eate bulbeuse ressemblant \u00e0 une forme phallique. La vari\u00e9t\u00e9 de champignons magiques Penis Envy est connue pour \u00eatre l&#039;une des plus fortes et des plus percutantes . Attendez-vous \u00e0 des exp\u00e9riences chamaniques profondes, des visions et une exp\u00e9rience mystique intense. Non recommand\u00e9 pour les utilisateurs novices . Cette vari\u00e9t\u00e9 est sp\u00e9ciale et procure une exp\u00e9rience transformatrice. Achetez les meilleurs Penis Envy au Canada. Dosage Champignon: Microdose : 0,10 gramme - 0,30 gramme Dose pour d\u00e9butant\u00a0: 0,30 gramme (un quart) - 1 gramme Dose moyenne : 1 gramme - 2,5 grammes Dose \u00e9lev\u00e9e : 2,5 - 3,5 grammes Dose h\u00e9ro\u00efque : 3,5+ grammes D\u00e9tails d&#039;exp\u00e9dition : Nous exp\u00e9dions au Canada seulement avec num\u00e9ro de suivi Emballage discret\" \/>\n<meta property=\"og:url\" content=\"https:\/\/bcweededible.net\/fr\/buy\/champignons-magiques\/champignons-secs\/penis-envy\/\" \/>\n<meta property=\"og:site_name\" content=\"BC Weed Edible\" \/>\n<meta property=\"article:modified_time\" content=\"2026-03-27T16:01:23+00:00\" \/>\n<meta property=\"og:image\" content=\"https:\/\/bcweededible.net\/wp-content\/uploads\/2021\/10\/penis-envy-magic-mushroom.jpg\" \/>\n\t<meta property=\"og:image:width\" content=\"1024\" \/>\n\t<meta property=\"og:image:height\" content=\"1024\" \/>\n\t<meta property=\"og:image:type\" content=\"image\/jpeg\" \/>\n<meta name=\"twitter:card\" content=\"summary_large_image\" \/>\n<meta name=\"twitter:label1\" content=\"Dur\u00e9e de lecture estim\u00e9e\" \/>\n\t<meta name=\"twitter:data1\" content=\"7 minutes\" \/>\n<script type=\"application\/ld+json\" class=\"yoast-schema-graph\">{\"@context\":\"https:\\\/\\\/schema.org\",\"@graph\":[{\"@type\":\"WebPage\",\"@id\":\"https:\\\/\\\/bcweededible.net\\\/fr\\\/buy\\\/champignons-magiques\\\/champignons-secs\\\/penis-envy\\\/\",\"url\":\"https:\\\/\\\/bcweededible.net\\\/fr\\\/buy\\\/champignons-magiques\\\/champignons-secs\\\/penis-envy\\\/\",\"name\":\"Acheter la Champignons Magiques Penis Envy en ligne | Dispensaire de champignons Canada | BC Weed Edible\",\"isPartOf\":{\"@id\":\"https:\\\/\\\/bcweededible.net\\\/fr\\\/#website\"},\"primaryImageOfPage\":{\"@id\":\"https:\\\/\\\/bcweededible.net\\\/fr\\\/buy\\\/champignons-magiques\\\/champignons-secs\\\/penis-envy\\\/#primaryimage\"},\"image\":{\"@id\":\"https:\\\/\\\/bcweededible.net\\\/fr\\\/buy\\\/champignons-magiques\\\/champignons-secs\\\/penis-envy\\\/#primaryimage\"},\"thumbnailUrl\":\"https:\\\/\\\/bcweededible.net\\\/wp-content\\\/uploads\\\/2021\\\/10\\\/penis-envy-magic-mushroom.jpg\",\"datePublished\":\"2022-04-08T19:22:37+00:00\",\"dateModified\":\"2026-03-27T16:01:23+00:00\",\"breadcrumb\":{\"@id\":\"https:\\\/\\\/bcweededible.net\\\/fr\\\/buy\\\/champignons-magiques\\\/champignons-secs\\\/penis-envy\\\/#breadcrumb\"},\"inLanguage\":\"fr-FR\",\"potentialAction\":[{\"@type\":\"ReadAction\",\"target\":[\"https:\\\/\\\/bcweededible.net\\\/fr\\\/buy\\\/champignons-magiques\\\/champignons-secs\\\/penis-envy\\\/\"]}]},{\"@type\":\"ImageObject\",\"inLanguage\":\"fr-FR\",\"@id\":\"https:\\\/\\\/bcweededible.net\\\/fr\\\/buy\\\/champignons-magiques\\\/champignons-secs\\\/penis-envy\\\/#primaryimage\",\"url\":\"https:\\\/\\\/bcweededible.net\\\/wp-content\\\/uploads\\\/2021\\\/10\\\/penis-envy-magic-mushroom.jpg\",\"contentUrl\":\"https:\\\/\\\/bcweededible.net\\\/wp-content\\\/uploads\\\/2021\\\/10\\\/penis-envy-magic-mushroom.jpg\",\"width\":1024,\"height\":1024,\"caption\":\"Penis Envy Magic Mushrooms\"},{\"@type\":\"BreadcrumbList\",\"@id\":\"https:\\\/\\\/bcweededible.net\\\/fr\\\/buy\\\/champignons-magiques\\\/champignons-secs\\\/penis-envy\\\/#breadcrumb\",\"itemListElement\":[{\"@type\":\"ListItem\",\"position\":1,\"name\":\"Jujubes au Pot Canada\",\"item\":\"https:\\\/\\\/bcweededible.net\\\/fr\\\/shop\\\/\"},{\"@type\":\"ListItem\",\"position\":2,\"name\":\"Champignons Magiques Penis Envy\"}]},{\"@type\":\"WebSite\",\"@id\":\"https:\\\/\\\/bcweededible.net\\\/fr\\\/#website\",\"url\":\"https:\\\/\\\/bcweededible.net\\\/fr\\\/\",\"name\":\"BC Weed Edible\",\"description\":\"\",\"publisher\":{\"@id\":\"https:\\\/\\\/bcweededible.net\\\/fr\\\/#organization\"},\"potentialAction\":[{\"@type\":\"SearchAction\",\"target\":{\"@type\":\"EntryPoint\",\"urlTemplate\":\"https:\\\/\\\/bcweededible.net\\\/fr\\\/?s={search_term_string}\"},\"query-input\":{\"@type\":\"PropertyValueSpecification\",\"valueRequired\":true,\"valueName\":\"search_term_string\"}}],\"inLanguage\":\"fr-FR\"},{\"@type\":\"Organization\",\"@id\":\"https:\\\/\\\/bcweededible.net\\\/fr\\\/#organization\",\"name\":\"BC Weed Edible\",\"url\":\"https:\\\/\\\/bcweededible.net\\\/fr\\\/\",\"logo\":{\"@type\":\"ImageObject\",\"inLanguage\":\"fr-FR\",\"@id\":\"https:\\\/\\\/bcweededible.net\\\/fr\\\/#\\\/schema\\\/logo\\\/image\\\/\",\"url\":\"https:\\\/\\\/bcweededible.net\\\/wp-content\\\/uploads\\\/2021\\\/12\\\/bc-weed-edible-canada.png\",\"contentUrl\":\"https:\\\/\\\/bcweededible.net\\\/wp-content\\\/uploads\\\/2021\\\/12\\\/bc-weed-edible-canada.png\",\"width\":270,\"height\":185,\"caption\":\"BC Weed Edible\"},\"image\":{\"@id\":\"https:\\\/\\\/bcweededible.net\\\/fr\\\/#\\\/schema\\\/logo\\\/image\\\/\"}}]}<\/script>\n","yoast_head_json":{"title":"Acheter la Champignons Magiques Penis Envy en ligne | Dispensaire de champignons Canada | BC Weed Edible","robots":{"index":"index","follow":"follow","max-snippet":"max-snippet:-1","max-image-preview":"max-image-preview:large","max-video-preview":"max-video-preview:-1"},"canonical":"https:\/\/bcweededible.net\/fr\/buy\/champignons-magiques\/champignons-secs\/penis-envy\/","og_locale":"fr_FR","og_type":"article","og_title":"Acheter la Champignons Magiques Penis Envy en ligne | Dispensaire de champignons Canada | BC Weed Edible","og_description":"Les champignons magiques Penis Envy sont l'un des Psilocybe Cubensis les plus rares et les plus recherch\u00e9s parmi les psychonautes exp\u00e9riment\u00e9s. Son nom d\u00e9crit sa forme physique ; une tige \u00e9paisse et une t\u00eate bulbeuse ressemblant \u00e0 une forme phallique. La vari\u00e9t\u00e9 de champignons magiques Penis Envy est connue pour \u00eatre l'une des plus fortes et des plus percutantes . Attendez-vous \u00e0 des exp\u00e9riences chamaniques profondes, des visions et une exp\u00e9rience mystique intense. Non recommand\u00e9 pour les utilisateurs novices . Cette vari\u00e9t\u00e9 est sp\u00e9ciale et procure une exp\u00e9rience transformatrice. Achetez les meilleurs Penis Envy au Canada. Dosage Champignon: Microdose : 0,10 gramme - 0,30 gramme Dose pour d\u00e9butant\u00a0: 0,30 gramme (un quart) - 1 gramme Dose moyenne : 1 gramme - 2,5 grammes Dose \u00e9lev\u00e9e : 2,5 - 3,5 grammes Dose h\u00e9ro\u00efque : 3,5+ grammes D\u00e9tails d'exp\u00e9dition : Nous exp\u00e9dions au Canada seulement avec num\u00e9ro de suivi Emballage discret","og_url":"https:\/\/bcweededible.net\/fr\/buy\/champignons-magiques\/champignons-secs\/penis-envy\/","og_site_name":"BC Weed Edible","article_modified_time":"2026-03-27T16:01:23+00:00","og_image":[{"width":1024,"height":1024,"url":"https:\/\/bcweededible.net\/wp-content\/uploads\/2021\/10\/penis-envy-magic-mushroom.jpg","type":"image\/jpeg"}],"twitter_card":"summary_large_image","twitter_misc":{"Dur\u00e9e de lecture estim\u00e9e":"7 minutes"},"schema":{"@context":"https:\/\/schema.org","@graph":[{"@type":"WebPage","@id":"https:\/\/bcweededible.net\/fr\/buy\/champignons-magiques\/champignons-secs\/penis-envy\/","url":"https:\/\/bcweededible.net\/fr\/buy\/champignons-magiques\/champignons-secs\/penis-envy\/","name":"Acheter la Champignons Magiques Penis Envy en ligne | Dispensaire de champignons Canada | BC Weed Edible","isPartOf":{"@id":"https:\/\/bcweededible.net\/fr\/#website"},"primaryImageOfPage":{"@id":"https:\/\/bcweededible.net\/fr\/buy\/champignons-magiques\/champignons-secs\/penis-envy\/#primaryimage"},"image":{"@id":"https:\/\/bcweededible.net\/fr\/buy\/champignons-magiques\/champignons-secs\/penis-envy\/#primaryimage"},"thumbnailUrl":"https:\/\/bcweededible.net\/wp-content\/uploads\/2021\/10\/penis-envy-magic-mushroom.jpg","datePublished":"2022-04-08T19:22:37+00:00","dateModified":"2026-03-27T16:01:23+00:00","breadcrumb":{"@id":"https:\/\/bcweededible.net\/fr\/buy\/champignons-magiques\/champignons-secs\/penis-envy\/#breadcrumb"},"inLanguage":"fr-FR","potentialAction":[{"@type":"ReadAction","target":["https:\/\/bcweededible.net\/fr\/buy\/champignons-magiques\/champignons-secs\/penis-envy\/"]}]},{"@type":"ImageObject","inLanguage":"fr-FR","@id":"https:\/\/bcweededible.net\/fr\/buy\/champignons-magiques\/champignons-secs\/penis-envy\/#primaryimage","url":"https:\/\/bcweededible.net\/wp-content\/uploads\/2021\/10\/penis-envy-magic-mushroom.jpg","contentUrl":"https:\/\/bcweededible.net\/wp-content\/uploads\/2021\/10\/penis-envy-magic-mushroom.jpg","width":1024,"height":1024,"caption":"Penis Envy Magic Mushrooms"},{"@type":"BreadcrumbList","@id":"https:\/\/bcweededible.net\/fr\/buy\/champignons-magiques\/champignons-secs\/penis-envy\/#breadcrumb","itemListElement":[{"@type":"ListItem","position":1,"name":"Jujubes au Pot Canada","item":"https:\/\/bcweededible.net\/fr\/shop\/"},{"@type":"ListItem","position":2,"name":"Champignons Magiques Penis Envy"}]},{"@type":"WebSite","@id":"https:\/\/bcweededible.net\/fr\/#website","url":"https:\/\/bcweededible.net\/fr\/","name":"BC Weed Edible","description":"","publisher":{"@id":"https:\/\/bcweededible.net\/fr\/#organization"},"potentialAction":[{"@type":"SearchAction","target":{"@type":"EntryPoint","urlTemplate":"https:\/\/bcweededible.net\/fr\/?s={search_term_string}"},"query-input":{"@type":"PropertyValueSpecification","valueRequired":true,"valueName":"search_term_string"}}],"inLanguage":"fr-FR"},{"@type":"Organization","@id":"https:\/\/bcweededible.net\/fr\/#organization","name":"BC Weed Edible","url":"https:\/\/bcweededible.net\/fr\/","logo":{"@type":"ImageObject","inLanguage":"fr-FR","@id":"https:\/\/bcweededible.net\/fr\/#\/schema\/logo\/image\/","url":"https:\/\/bcweededible.net\/wp-content\/uploads\/2021\/12\/bc-weed-edible-canada.png","contentUrl":"https:\/\/bcweededible.net\/wp-content\/uploads\/2021\/12\/bc-weed-edible-canada.png","width":270,"height":185,"caption":"BC Weed Edible"},"image":{"@id":"https:\/\/bcweededible.net\/fr\/#\/schema\/logo\/image\/"}}]}},"_links":{"self":[{"href":"https:\/\/bcweededible.net\/fr\/wp-json\/wp\/v2\/product\/13606","targetHints":{"allow":["GET"]}}],"collection":[{"href":"https:\/\/bcweededible.net\/fr\/wp-json\/wp\/v2\/product"}],"about":[{"href":"https:\/\/bcweededible.net\/fr\/wp-json\/wp\/v2\/types\/product"}],"replies":[{"embeddable":true,"href":"https:\/\/bcweededible.net\/fr\/wp-json\/wp\/v2\/comments?post=13606"}],"wp:featuredmedia":[{"embeddable":true,"href":"https:\/\/bcweededible.net\/fr\/wp-json\/wp\/v2\/media\/8830"}],"wp:attachment":[{"href":"https:\/\/bcweededible.net\/fr\/wp-json\/wp\/v2\/media?parent=13606"}],"wp:term":[{"taxonomy":"product_brand","embeddable":true,"href":"https:\/\/bcweededible.net\/fr\/wp-json\/wp\/v2\/product_brand?post=13606"},{"taxonomy":"product_cat","embeddable":true,"href":"https:\/\/bcweededible.net\/fr\/wp-json\/wp\/v2\/product_cat?post=13606"},{"taxonomy":"product_tag","embeddable":true,"href":"https:\/\/bcweededible.net\/fr\/wp-json\/wp\/v2\/product_tag?post=13606"}],"curies":[{"name":"wp","href":"https:\/\/api.w.org\/{rel}","templated":true}]}}