{"id":13598,"date":"2022-01-29T13:27:12","date_gmt":"2022-04-08T19:22:33","guid":{"rendered":"http:\/\/bcweededible.net\/buy\/non%20class\u00e9\/teinture-cbd-1000-mg-bouteille-de-30-ml\/"},"modified":"2026-04-01T09:42:22","modified_gmt":"2026-04-01T16:42:22","slug":"cbd-huile-teinture-1000mg","status":"publish","type":"product","link":"https:\/\/bcweededible.net\/fr\/buy\/comestibles\/comestibles-au-cbd\/cbd-jujubes\/cbd-huile-teinture-1000mg\/","title":{"rendered":"Teinture CBD 1000mg (30ml)"},"content":{"rendered":"","protected":false},"excerpt":{"rendered":"<p>Nous fournissons des <strong>teintures de CBD 1000 mg<\/strong> de haute qualit\u00e9 fabriqu\u00e9es \u00e0 partir du meilleur isolat de CBD disponible au Canada avec plus de 99,7 % de contenu en CBD. Chaque bouteille contient 30 ml d&#8217;huile de CBD, <strong>33,3 mg de CBD par compte-gouttes plein<\/strong> .<\/p>\n<p>Notre huile de CBD de haute qualit\u00e9 est test\u00e9e en laboratoire et produite dans un environnement contr\u00f4l\u00e9, vous pouvez donc \u00eatre s\u00fbr que vous obtenez le meilleur produit possible.<\/p>\n<p>Nos teintures de CBD sont livr\u00e9es avec une consistance de dosage et sont totalement <strong>exemptes de THC<\/strong> , de sorte que vous n&#8217;obtiendrez aucun &#8220;high&#8221; de nos teintures, seulement les avantages de la plante de cannabis. Nous recommandons notre teinture de CBD pour ceux qui ne veulent aucun effet du THC.<\/p>\n<p><strong>Ingr\u00e9dients :<\/strong> Huile MCT biologique, 99,7 % de cannabidiol extrait de premi\u00e8re qualit\u00e9 (CBD)<\/p>\n","protected":false},"featured_media":68924,"comment_status":"open","ping_status":"closed","template":"","meta":[],"product_brand":[],"product_cat":[207,265,244,330,273,266,280],"product_tag":[365],"class_list":{"0":"post-13598","1":"product","2":"type-product","3":"status-publish","4":"has-post-thumbnail","6":"product_cat-1000mg-edible","7":"product_cat-comestibles-au-cbd","8":"product_cat-comestibles","9":"product_cat-teintures-thc-cbd","10":"product_cat-huile-cbd","11":"product_cat-cbd-jujubes","12":"product_cat-vegan-fr","13":"product_tag-50-mg-de-cbd","15":"first","16":"instock","17":"shipping-taxable","18":"product-type-simple"},"yoast_head":"\n<title>Acheter 1000 mg de teinture d&#039;huile de CBD Canada | Commandez des teintures CBD 1000mg | BC Weed Edible<\/title>\n<meta name=\"robots\" content=\"index, follow, max-snippet:-1, max-image-preview:large, max-video-preview:-1\" \/>\n<link rel=\"canonical\" href=\"https:\/\/bcweededible.net\/fr\/buy\/comestibles\/comestibles-au-cbd\/cbd-jujubes\/cbd-huile-teinture-1000mg\/\" \/>\n<meta property=\"og:locale\" content=\"fr_FR\" \/>\n<meta property=\"og:type\" content=\"article\" \/>\n<meta property=\"og:title\" content=\"Acheter 1000 mg de teinture d&#039;huile de CBD Canada | Commandez des teintures CBD 1000mg | BC Weed Edible\" \/>\n<meta property=\"og:description\" content=\"Nous fournissons des teintures de CBD 1000 mg de haute qualit\u00e9 fabriqu\u00e9es \u00e0 partir du meilleur isolat de CBD disponible au Canada avec plus de 99,7 % de contenu en CBD. Chaque bouteille contient 30 ml d&#039;huile de CBD, 33,3 mg de CBD par compte-gouttes plein . Notre huile de CBD de haute qualit\u00e9 est test\u00e9e en laboratoire et produite dans un environnement contr\u00f4l\u00e9, vous pouvez donc \u00eatre s\u00fbr que vous obtenez le meilleur produit possible. Nos teintures de CBD sont livr\u00e9es avec une consistance de dosage et sont totalement exemptes de THC , de sorte que vous n&#039;obtiendrez aucun &quot;high&quot; de nos teintures, seulement les avantages de la plante de cannabis. Nous recommandons notre teinture de CBD pour ceux qui ne veulent aucun effet du THC. Ingr\u00e9dients : Huile MCT biologique, 99,7 % de cannabidiol extrait de premi\u00e8re qualit\u00e9 (CBD)\" \/>\n<meta property=\"og:url\" content=\"https:\/\/bcweededible.net\/fr\/buy\/comestibles\/comestibles-au-cbd\/cbd-jujubes\/cbd-huile-teinture-1000mg\/\" \/>\n<meta property=\"og:site_name\" content=\"BC Weed Edible\" \/>\n<meta property=\"article:modified_time\" content=\"2026-04-01T16:42:22+00:00\" \/>\n<meta property=\"og:image\" content=\"https:\/\/bcweededible.net\/wp-content\/uploads\/2022\/03\/CBD-White.jpg\" \/>\n\t<meta property=\"og:image:width\" content=\"1080\" \/>\n\t<meta property=\"og:image:height\" content=\"1080\" \/>\n\t<meta property=\"og:image:type\" content=\"image\/jpeg\" \/>\n<meta name=\"twitter:card\" content=\"summary_large_image\" \/>\n<script type=\"application\/ld+json\" class=\"yoast-schema-graph\">{\"@context\":\"https:\\\/\\\/schema.org\",\"@graph\":[{\"@type\":\"WebPage\",\"@id\":\"https:\\\/\\\/bcweededible.net\\\/fr\\\/buy\\\/comestibles\\\/comestibles-au-cbd\\\/cbd-jujubes\\\/cbd-huile-teinture-1000mg\\\/\",\"url\":\"https:\\\/\\\/bcweededible.net\\\/fr\\\/buy\\\/comestibles\\\/comestibles-au-cbd\\\/cbd-jujubes\\\/cbd-huile-teinture-1000mg\\\/\",\"name\":\"Acheter 1000 mg de teinture d'huile de CBD Canada | Commandez des teintures CBD 1000mg | BC Weed Edible\",\"isPartOf\":{\"@id\":\"https:\\\/\\\/bcweededible.net\\\/fr\\\/#website\"},\"primaryImageOfPage\":{\"@id\":\"https:\\\/\\\/bcweededible.net\\\/fr\\\/buy\\\/comestibles\\\/comestibles-au-cbd\\\/cbd-jujubes\\\/cbd-huile-teinture-1000mg\\\/#primaryimage\"},\"image\":{\"@id\":\"https:\\\/\\\/bcweededible.net\\\/fr\\\/buy\\\/comestibles\\\/comestibles-au-cbd\\\/cbd-jujubes\\\/cbd-huile-teinture-1000mg\\\/#primaryimage\"},\"thumbnailUrl\":\"https:\\\/\\\/bcweededible.net\\\/wp-content\\\/uploads\\\/2022\\\/03\\\/CBD-White.jpg\",\"datePublished\":\"2022-04-08T19:22:33+00:00\",\"dateModified\":\"2026-04-01T16:42:22+00:00\",\"breadcrumb\":{\"@id\":\"https:\\\/\\\/bcweededible.net\\\/fr\\\/buy\\\/comestibles\\\/comestibles-au-cbd\\\/cbd-jujubes\\\/cbd-huile-teinture-1000mg\\\/#breadcrumb\"},\"inLanguage\":\"fr-FR\",\"potentialAction\":[{\"@type\":\"ReadAction\",\"target\":[\"https:\\\/\\\/bcweededible.net\\\/fr\\\/buy\\\/comestibles\\\/comestibles-au-cbd\\\/cbd-jujubes\\\/cbd-huile-teinture-1000mg\\\/\"]}]},{\"@type\":\"ImageObject\",\"inLanguage\":\"fr-FR\",\"@id\":\"https:\\\/\\\/bcweededible.net\\\/fr\\\/buy\\\/comestibles\\\/comestibles-au-cbd\\\/cbd-jujubes\\\/cbd-huile-teinture-1000mg\\\/#primaryimage\",\"url\":\"https:\\\/\\\/bcweededible.net\\\/wp-content\\\/uploads\\\/2022\\\/03\\\/CBD-White.jpg\",\"contentUrl\":\"https:\\\/\\\/bcweededible.net\\\/wp-content\\\/uploads\\\/2022\\\/03\\\/CBD-White.jpg\",\"width\":1080,\"height\":1080,\"caption\":\"cbd tincture with pouch\"},{\"@type\":\"BreadcrumbList\",\"@id\":\"https:\\\/\\\/bcweededible.net\\\/fr\\\/buy\\\/comestibles\\\/comestibles-au-cbd\\\/cbd-jujubes\\\/cbd-huile-teinture-1000mg\\\/#breadcrumb\",\"itemListElement\":[{\"@type\":\"ListItem\",\"position\":1,\"name\":\"Jujubes au Pot Canada\",\"item\":\"https:\\\/\\\/bcweededible.net\\\/fr\\\/shop\\\/\"},{\"@type\":\"ListItem\",\"position\":2,\"name\":\"Teinture CBD 1000mg (30ml)\"}]},{\"@type\":\"WebSite\",\"@id\":\"https:\\\/\\\/bcweededible.net\\\/fr\\\/#website\",\"url\":\"https:\\\/\\\/bcweededible.net\\\/fr\\\/\",\"name\":\"BC Weed Edible\",\"description\":\"\",\"publisher\":{\"@id\":\"https:\\\/\\\/bcweededible.net\\\/fr\\\/#organization\"},\"potentialAction\":[{\"@type\":\"SearchAction\",\"target\":{\"@type\":\"EntryPoint\",\"urlTemplate\":\"https:\\\/\\\/bcweededible.net\\\/fr\\\/?s={search_term_string}\"},\"query-input\":{\"@type\":\"PropertyValueSpecification\",\"valueRequired\":true,\"valueName\":\"search_term_string\"}}],\"inLanguage\":\"fr-FR\"},{\"@type\":\"Organization\",\"@id\":\"https:\\\/\\\/bcweededible.net\\\/fr\\\/#organization\",\"name\":\"BC Weed Edible\",\"url\":\"https:\\\/\\\/bcweededible.net\\\/fr\\\/\",\"logo\":{\"@type\":\"ImageObject\",\"inLanguage\":\"fr-FR\",\"@id\":\"https:\\\/\\\/bcweededible.net\\\/fr\\\/#\\\/schema\\\/logo\\\/image\\\/\",\"url\":\"https:\\\/\\\/bcweededible.net\\\/wp-content\\\/uploads\\\/2021\\\/12\\\/bc-weed-edible-canada.png\",\"contentUrl\":\"https:\\\/\\\/bcweededible.net\\\/wp-content\\\/uploads\\\/2021\\\/12\\\/bc-weed-edible-canada.png\",\"width\":270,\"height\":185,\"caption\":\"BC Weed Edible\"},\"image\":{\"@id\":\"https:\\\/\\\/bcweededible.net\\\/fr\\\/#\\\/schema\\\/logo\\\/image\\\/\"}}]}<\/script>\n","yoast_head_json":{"title":"Acheter 1000 mg de teinture d'huile de CBD Canada | Commandez des teintures CBD 1000mg | BC Weed Edible","robots":{"index":"index","follow":"follow","max-snippet":"max-snippet:-1","max-image-preview":"max-image-preview:large","max-video-preview":"max-video-preview:-1"},"canonical":"https:\/\/bcweededible.net\/fr\/buy\/comestibles\/comestibles-au-cbd\/cbd-jujubes\/cbd-huile-teinture-1000mg\/","og_locale":"fr_FR","og_type":"article","og_title":"Acheter 1000 mg de teinture d'huile de CBD Canada | Commandez des teintures CBD 1000mg | BC Weed Edible","og_description":"Nous fournissons des teintures de CBD 1000 mg de haute qualit\u00e9 fabriqu\u00e9es \u00e0 partir du meilleur isolat de CBD disponible au Canada avec plus de 99,7 % de contenu en CBD. Chaque bouteille contient 30 ml d'huile de CBD, 33,3 mg de CBD par compte-gouttes plein . Notre huile de CBD de haute qualit\u00e9 est test\u00e9e en laboratoire et produite dans un environnement contr\u00f4l\u00e9, vous pouvez donc \u00eatre s\u00fbr que vous obtenez le meilleur produit possible. Nos teintures de CBD sont livr\u00e9es avec une consistance de dosage et sont totalement exemptes de THC , de sorte que vous n'obtiendrez aucun \"high\" de nos teintures, seulement les avantages de la plante de cannabis. Nous recommandons notre teinture de CBD pour ceux qui ne veulent aucun effet du THC. Ingr\u00e9dients : Huile MCT biologique, 99,7 % de cannabidiol extrait de premi\u00e8re qualit\u00e9 (CBD)","og_url":"https:\/\/bcweededible.net\/fr\/buy\/comestibles\/comestibles-au-cbd\/cbd-jujubes\/cbd-huile-teinture-1000mg\/","og_site_name":"BC Weed Edible","article_modified_time":"2026-04-01T16:42:22+00:00","og_image":[{"width":1080,"height":1080,"url":"https:\/\/bcweededible.net\/wp-content\/uploads\/2022\/03\/CBD-White.jpg","type":"image\/jpeg"}],"twitter_card":"summary_large_image","schema":{"@context":"https:\/\/schema.org","@graph":[{"@type":"WebPage","@id":"https:\/\/bcweededible.net\/fr\/buy\/comestibles\/comestibles-au-cbd\/cbd-jujubes\/cbd-huile-teinture-1000mg\/","url":"https:\/\/bcweededible.net\/fr\/buy\/comestibles\/comestibles-au-cbd\/cbd-jujubes\/cbd-huile-teinture-1000mg\/","name":"Acheter 1000 mg de teinture d'huile de CBD Canada | Commandez des teintures CBD 1000mg | BC Weed Edible","isPartOf":{"@id":"https:\/\/bcweededible.net\/fr\/#website"},"primaryImageOfPage":{"@id":"https:\/\/bcweededible.net\/fr\/buy\/comestibles\/comestibles-au-cbd\/cbd-jujubes\/cbd-huile-teinture-1000mg\/#primaryimage"},"image":{"@id":"https:\/\/bcweededible.net\/fr\/buy\/comestibles\/comestibles-au-cbd\/cbd-jujubes\/cbd-huile-teinture-1000mg\/#primaryimage"},"thumbnailUrl":"https:\/\/bcweededible.net\/wp-content\/uploads\/2022\/03\/CBD-White.jpg","datePublished":"2022-04-08T19:22:33+00:00","dateModified":"2026-04-01T16:42:22+00:00","breadcrumb":{"@id":"https:\/\/bcweededible.net\/fr\/buy\/comestibles\/comestibles-au-cbd\/cbd-jujubes\/cbd-huile-teinture-1000mg\/#breadcrumb"},"inLanguage":"fr-FR","potentialAction":[{"@type":"ReadAction","target":["https:\/\/bcweededible.net\/fr\/buy\/comestibles\/comestibles-au-cbd\/cbd-jujubes\/cbd-huile-teinture-1000mg\/"]}]},{"@type":"ImageObject","inLanguage":"fr-FR","@id":"https:\/\/bcweededible.net\/fr\/buy\/comestibles\/comestibles-au-cbd\/cbd-jujubes\/cbd-huile-teinture-1000mg\/#primaryimage","url":"https:\/\/bcweededible.net\/wp-content\/uploads\/2022\/03\/CBD-White.jpg","contentUrl":"https:\/\/bcweededible.net\/wp-content\/uploads\/2022\/03\/CBD-White.jpg","width":1080,"height":1080,"caption":"cbd tincture with pouch"},{"@type":"BreadcrumbList","@id":"https:\/\/bcweededible.net\/fr\/buy\/comestibles\/comestibles-au-cbd\/cbd-jujubes\/cbd-huile-teinture-1000mg\/#breadcrumb","itemListElement":[{"@type":"ListItem","position":1,"name":"Jujubes au Pot Canada","item":"https:\/\/bcweededible.net\/fr\/shop\/"},{"@type":"ListItem","position":2,"name":"Teinture CBD 1000mg (30ml)"}]},{"@type":"WebSite","@id":"https:\/\/bcweededible.net\/fr\/#website","url":"https:\/\/bcweededible.net\/fr\/","name":"BC Weed Edible","description":"","publisher":{"@id":"https:\/\/bcweededible.net\/fr\/#organization"},"potentialAction":[{"@type":"SearchAction","target":{"@type":"EntryPoint","urlTemplate":"https:\/\/bcweededible.net\/fr\/?s={search_term_string}"},"query-input":{"@type":"PropertyValueSpecification","valueRequired":true,"valueName":"search_term_string"}}],"inLanguage":"fr-FR"},{"@type":"Organization","@id":"https:\/\/bcweededible.net\/fr\/#organization","name":"BC Weed Edible","url":"https:\/\/bcweededible.net\/fr\/","logo":{"@type":"ImageObject","inLanguage":"fr-FR","@id":"https:\/\/bcweededible.net\/fr\/#\/schema\/logo\/image\/","url":"https:\/\/bcweededible.net\/wp-content\/uploads\/2021\/12\/bc-weed-edible-canada.png","contentUrl":"https:\/\/bcweededible.net\/wp-content\/uploads\/2021\/12\/bc-weed-edible-canada.png","width":270,"height":185,"caption":"BC Weed Edible"},"image":{"@id":"https:\/\/bcweededible.net\/fr\/#\/schema\/logo\/image\/"}}]}},"_links":{"self":[{"href":"https:\/\/bcweededible.net\/fr\/wp-json\/wp\/v2\/product\/13598","targetHints":{"allow":["GET"]}}],"collection":[{"href":"https:\/\/bcweededible.net\/fr\/wp-json\/wp\/v2\/product"}],"about":[{"href":"https:\/\/bcweededible.net\/fr\/wp-json\/wp\/v2\/types\/product"}],"replies":[{"embeddable":true,"href":"https:\/\/bcweededible.net\/fr\/wp-json\/wp\/v2\/comments?post=13598"}],"wp:featuredmedia":[{"embeddable":true,"href":"https:\/\/bcweededible.net\/fr\/wp-json\/wp\/v2\/media\/68924"}],"wp:attachment":[{"href":"https:\/\/bcweededible.net\/fr\/wp-json\/wp\/v2\/media?parent=13598"}],"wp:term":[{"taxonomy":"product_brand","embeddable":true,"href":"https:\/\/bcweededible.net\/fr\/wp-json\/wp\/v2\/product_brand?post=13598"},{"taxonomy":"product_cat","embeddable":true,"href":"https:\/\/bcweededible.net\/fr\/wp-json\/wp\/v2\/product_cat?post=13598"},{"taxonomy":"product_tag","embeddable":true,"href":"https:\/\/bcweededible.net\/fr\/wp-json\/wp\/v2\/product_tag?post=13598"}],"curies":[{"name":"wp","href":"https:\/\/api.w.org\/{rel}","templated":true}]}}