{"id":13553,"date":"2021-02-18T06:55:51","date_gmt":"2022-04-08T00:29:46","guid":{"rendered":"http:\/\/bcweededible.net\/buy\/non%20class\u00e9\/bonbons-au-thc-30mg-10x30mg\/"},"modified":"2024-10-29T08:18:52","modified_gmt":"2024-10-29T15:18:52","slug":"30mg-thc-jujubes","status":"publish","type":"product","link":"https:\/\/bcweededible.net\/fr\/buy\/comestibles\/jujubes\/30mg-thc-jujubes\/","title":{"rendered":"Jujubes THC 300mg (10x30mg)"},"content":{"rendered":"","protected":false},"excerpt":{"rendered":"<p>Nos jujubes THC 300 mg\u00a0sont vegan, sans g\u00e9latine et fabriqu\u00e9s avec les meilleurs ingr\u00e9dients. Une texture parfaite et un go\u00fbt d\u00e9licieux. Facile \u00e0 transporter et parfait pour se g\u00e2ter et enfin profiter d&#8217;un produit de grande qualit\u00e9 gustative. Tous nos jujubes sont offerts en diff\u00e9rentes saveurs, vous pouvez choisir entre cerise, citron, fruit de la passion et fraise.<\/p>\n<p><strong>30 mg est un bon dosage pour les personnes qui connaissent leur tol\u00e9rance au THC et qui sont exp\u00e9riment\u00e9es<\/strong> . 30 mg de THC est id\u00e9al \u00e0 des fins r\u00e9cr\u00e9atives et m\u00e9dicinales. Chaque paquet de 300 mg contient 10 jujubes contenant 30 mg de THC chacun.<\/p>\n<p><strong>Ingr\u00e9dients :<\/strong> pur\u00e9e de fruits, sucre, pectine NH, glucose, jus de citron, distillat THC<br \/>\n<strong>Conservation : 6 mois au r\u00e9frig\u00e9rateur, 2 mois \u00e0 temp\u00e9rature ambiante<\/strong><\/p>\n<div class=\"woocommerce-product-details__short-description\">\n<p><strong>Achetez plus, \u00e9conomisez plus<\/strong> : obtenez jusqu&#8217;\u00e0 20 % de r\u00e9duction sur vos produits comestibles lors de l&#8217;achat de plusieurs paquets.<\/p>\n<\/div>\n","protected":false},"featured_media":39546,"comment_status":"closed","ping_status":"closed","template":"","meta":{"wprm-recipe-roundup-name":"","wprm-recipe-roundup-description":""},"product_cat":[244,276,280],"product_tag":[340],"class_list":{"0":"post-13553","1":"product","2":"type-product","3":"status-publish","4":"has-post-thumbnail","6":"product_cat-comestibles","7":"product_cat-jujubes","8":"product_cat-vegan-fr","9":"product_tag-30mg-fr","11":"first","12":"outofstock","13":"shipping-taxable","14":"purchasable","15":"product-type-variable"},"yoast_head":"\n<title>Acheter 30mg THC Gummies en ligne Canada | 30 mg de gommes comestibles | BC Weed Edible<\/title>\n<meta name=\"robots\" content=\"index, follow, max-snippet:-1, max-image-preview:large, max-video-preview:-1\" \/>\n<link rel=\"canonical\" href=\"https:\/\/bcweededible.net\/fr\/buy\/comestibles\/jujubes\/30mg-thc-jujubes\/\" \/>\n<meta property=\"og:locale\" content=\"fr_FR\" \/>\n<meta property=\"og:type\" content=\"article\" \/>\n<meta property=\"og:title\" content=\"Acheter 30mg THC Gummies en ligne Canada | 30 mg de gommes comestibles | BC Weed Edible\" \/>\n<meta property=\"og:description\" content=\"Nos jujubes THC 300 mg\u00a0sont vegan, sans g\u00e9latine et fabriqu\u00e9s avec les meilleurs ingr\u00e9dients. Une texture parfaite et un go\u00fbt d\u00e9licieux. Facile \u00e0 transporter et parfait pour se g\u00e2ter et enfin profiter d&#039;un produit de grande qualit\u00e9 gustative. Tous nos jujubes sont offerts en diff\u00e9rentes saveurs, vous pouvez choisir entre cerise, citron, fruit de la passion et fraise. 30 mg est un bon dosage pour les personnes qui connaissent leur tol\u00e9rance au THC et qui sont exp\u00e9riment\u00e9es . 30 mg de THC est id\u00e9al \u00e0 des fins r\u00e9cr\u00e9atives et m\u00e9dicinales. Chaque paquet de 300 mg contient 10 jujubes contenant 30 mg de THC chacun. Ingr\u00e9dients : pur\u00e9e de fruits, sucre, pectine NH, glucose, jus de citron, distillat THC Conservation : 6 mois au r\u00e9frig\u00e9rateur, 2 mois \u00e0 temp\u00e9rature ambiante Achetez plus, \u00e9conomisez plus : obtenez jusqu&#039;\u00e0 20 % de r\u00e9duction sur vos produits comestibles lors de l&#039;achat de plusieurs paquets.\" \/>\n<meta property=\"og:url\" content=\"https:\/\/bcweededible.net\/fr\/buy\/comestibles\/jujubes\/30mg-thc-jujubes\/\" \/>\n<meta property=\"og:site_name\" content=\"BC Weed Edible\" \/>\n<meta property=\"article:modified_time\" content=\"2024-10-29T15:18:52+00:00\" \/>\n<meta property=\"og:image\" content=\"https:\/\/bcweededible.net\/wp-content\/uploads\/2022\/02\/300mg-thc-gummies-apricot-indica.jpg\" \/>\n\t<meta property=\"og:image:width\" content=\"1080\" \/>\n\t<meta property=\"og:image:height\" content=\"1080\" \/>\n\t<meta property=\"og:image:type\" content=\"image\/jpeg\" \/>\n<meta name=\"twitter:card\" content=\"summary_large_image\" \/>\n<script type=\"application\/ld+json\" class=\"yoast-schema-graph\">{\"@context\":\"https:\/\/schema.org\",\"@graph\":[{\"@type\":\"WebPage\",\"@id\":\"https:\/\/bcweededible.net\/fr\/buy\/comestibles\/jujubes\/30mg-thc-jujubes\/\",\"url\":\"https:\/\/bcweededible.net\/fr\/buy\/comestibles\/jujubes\/30mg-thc-jujubes\/\",\"name\":\"Acheter 30mg THC Gummies en ligne Canada | 30 mg de gommes comestibles | BC Weed Edible\",\"isPartOf\":{\"@id\":\"https:\/\/bcweededible.net\/fr\/#website\"},\"primaryImageOfPage\":{\"@id\":\"https:\/\/bcweededible.net\/fr\/buy\/comestibles\/jujubes\/30mg-thc-jujubes\/#primaryimage\"},\"image\":{\"@id\":\"https:\/\/bcweededible.net\/fr\/buy\/comestibles\/jujubes\/30mg-thc-jujubes\/#primaryimage\"},\"thumbnailUrl\":\"https:\/\/bcweededible.net\/wp-content\/uploads\/2022\/02\/300mg-thc-gummies-apricot-indica.jpg\",\"datePublished\":\"2022-04-08T00:29:46+00:00\",\"dateModified\":\"2024-10-29T15:18:52+00:00\",\"breadcrumb\":{\"@id\":\"https:\/\/bcweededible.net\/fr\/buy\/comestibles\/jujubes\/30mg-thc-jujubes\/#breadcrumb\"},\"inLanguage\":\"fr-FR\",\"potentialAction\":[{\"@type\":\"ReadAction\",\"target\":[\"https:\/\/bcweededible.net\/fr\/buy\/comestibles\/jujubes\/30mg-thc-jujubes\/\"]}]},{\"@type\":\"ImageObject\",\"inLanguage\":\"fr-FR\",\"@id\":\"https:\/\/bcweededible.net\/fr\/buy\/comestibles\/jujubes\/30mg-thc-jujubes\/#primaryimage\",\"url\":\"https:\/\/bcweededible.net\/wp-content\/uploads\/2022\/02\/300mg-thc-gummies-apricot-indica.jpg\",\"contentUrl\":\"https:\/\/bcweededible.net\/wp-content\/uploads\/2022\/02\/300mg-thc-gummies-apricot-indica.jpg\",\"width\":1080,\"height\":1080,\"caption\":\"300mg thc apricot gummies indica\"},{\"@type\":\"BreadcrumbList\",\"@id\":\"https:\/\/bcweededible.net\/fr\/buy\/comestibles\/jujubes\/30mg-thc-jujubes\/#breadcrumb\",\"itemListElement\":[{\"@type\":\"ListItem\",\"position\":1,\"name\":\"Jujubes au Pot Canada\",\"item\":\"https:\/\/bcweededible.net\/fr\/shop\/\"},{\"@type\":\"ListItem\",\"position\":2,\"name\":\"Jujubes THC 300mg (10x30mg)\"}]},{\"@type\":\"WebSite\",\"@id\":\"https:\/\/bcweededible.net\/fr\/#website\",\"url\":\"https:\/\/bcweededible.net\/fr\/\",\"name\":\"BC Weed Edible\",\"description\":\"\",\"publisher\":{\"@id\":\"https:\/\/bcweededible.net\/fr\/#organization\"},\"potentialAction\":[{\"@type\":\"SearchAction\",\"target\":{\"@type\":\"EntryPoint\",\"urlTemplate\":\"https:\/\/bcweededible.net\/fr\/?s={search_term_string}\"},\"query-input\":{\"@type\":\"PropertyValueSpecification\",\"valueRequired\":true,\"valueName\":\"search_term_string\"}}],\"inLanguage\":\"fr-FR\"},{\"@type\":\"Organization\",\"@id\":\"https:\/\/bcweededible.net\/fr\/#organization\",\"name\":\"BC Weed Edible\",\"url\":\"https:\/\/bcweededible.net\/fr\/\",\"logo\":{\"@type\":\"ImageObject\",\"inLanguage\":\"fr-FR\",\"@id\":\"https:\/\/bcweededible.net\/fr\/#\/schema\/logo\/image\/\",\"url\":\"https:\/\/bcweededible.net\/wp-content\/uploads\/2021\/12\/bc-weed-edible-canada.png\",\"contentUrl\":\"https:\/\/bcweededible.net\/wp-content\/uploads\/2021\/12\/bc-weed-edible-canada.png\",\"width\":270,\"height\":185,\"caption\":\"BC Weed Edible\"},\"image\":{\"@id\":\"https:\/\/bcweededible.net\/fr\/#\/schema\/logo\/image\/\"}}]}<\/script>\n","yoast_head_json":{"title":"Acheter 30mg THC Gummies en ligne Canada | 30 mg de gommes comestibles | BC Weed Edible","robots":{"index":"index","follow":"follow","max-snippet":"max-snippet:-1","max-image-preview":"max-image-preview:large","max-video-preview":"max-video-preview:-1"},"canonical":"https:\/\/bcweededible.net\/fr\/buy\/comestibles\/jujubes\/30mg-thc-jujubes\/","og_locale":"fr_FR","og_type":"article","og_title":"Acheter 30mg THC Gummies en ligne Canada | 30 mg de gommes comestibles | BC Weed Edible","og_description":"Nos jujubes THC 300 mg\u00a0sont vegan, sans g\u00e9latine et fabriqu\u00e9s avec les meilleurs ingr\u00e9dients. Une texture parfaite et un go\u00fbt d\u00e9licieux. Facile \u00e0 transporter et parfait pour se g\u00e2ter et enfin profiter d'un produit de grande qualit\u00e9 gustative. Tous nos jujubes sont offerts en diff\u00e9rentes saveurs, vous pouvez choisir entre cerise, citron, fruit de la passion et fraise. 30 mg est un bon dosage pour les personnes qui connaissent leur tol\u00e9rance au THC et qui sont exp\u00e9riment\u00e9es . 30 mg de THC est id\u00e9al \u00e0 des fins r\u00e9cr\u00e9atives et m\u00e9dicinales. Chaque paquet de 300 mg contient 10 jujubes contenant 30 mg de THC chacun. Ingr\u00e9dients : pur\u00e9e de fruits, sucre, pectine NH, glucose, jus de citron, distillat THC Conservation : 6 mois au r\u00e9frig\u00e9rateur, 2 mois \u00e0 temp\u00e9rature ambiante Achetez plus, \u00e9conomisez plus : obtenez jusqu'\u00e0 20 % de r\u00e9duction sur vos produits comestibles lors de l'achat de plusieurs paquets.","og_url":"https:\/\/bcweededible.net\/fr\/buy\/comestibles\/jujubes\/30mg-thc-jujubes\/","og_site_name":"BC Weed Edible","article_modified_time":"2024-10-29T15:18:52+00:00","og_image":[{"width":1080,"height":1080,"url":"https:\/\/bcweededible.net\/wp-content\/uploads\/2022\/02\/300mg-thc-gummies-apricot-indica.jpg","type":"image\/jpeg"}],"twitter_card":"summary_large_image","schema":{"@context":"https:\/\/schema.org","@graph":[{"@type":"WebPage","@id":"https:\/\/bcweededible.net\/fr\/buy\/comestibles\/jujubes\/30mg-thc-jujubes\/","url":"https:\/\/bcweededible.net\/fr\/buy\/comestibles\/jujubes\/30mg-thc-jujubes\/","name":"Acheter 30mg THC Gummies en ligne Canada | 30 mg de gommes comestibles | BC Weed Edible","isPartOf":{"@id":"https:\/\/bcweededible.net\/fr\/#website"},"primaryImageOfPage":{"@id":"https:\/\/bcweededible.net\/fr\/buy\/comestibles\/jujubes\/30mg-thc-jujubes\/#primaryimage"},"image":{"@id":"https:\/\/bcweededible.net\/fr\/buy\/comestibles\/jujubes\/30mg-thc-jujubes\/#primaryimage"},"thumbnailUrl":"https:\/\/bcweededible.net\/wp-content\/uploads\/2022\/02\/300mg-thc-gummies-apricot-indica.jpg","datePublished":"2022-04-08T00:29:46+00:00","dateModified":"2024-10-29T15:18:52+00:00","breadcrumb":{"@id":"https:\/\/bcweededible.net\/fr\/buy\/comestibles\/jujubes\/30mg-thc-jujubes\/#breadcrumb"},"inLanguage":"fr-FR","potentialAction":[{"@type":"ReadAction","target":["https:\/\/bcweededible.net\/fr\/buy\/comestibles\/jujubes\/30mg-thc-jujubes\/"]}]},{"@type":"ImageObject","inLanguage":"fr-FR","@id":"https:\/\/bcweededible.net\/fr\/buy\/comestibles\/jujubes\/30mg-thc-jujubes\/#primaryimage","url":"https:\/\/bcweededible.net\/wp-content\/uploads\/2022\/02\/300mg-thc-gummies-apricot-indica.jpg","contentUrl":"https:\/\/bcweededible.net\/wp-content\/uploads\/2022\/02\/300mg-thc-gummies-apricot-indica.jpg","width":1080,"height":1080,"caption":"300mg thc apricot gummies indica"},{"@type":"BreadcrumbList","@id":"https:\/\/bcweededible.net\/fr\/buy\/comestibles\/jujubes\/30mg-thc-jujubes\/#breadcrumb","itemListElement":[{"@type":"ListItem","position":1,"name":"Jujubes au Pot Canada","item":"https:\/\/bcweededible.net\/fr\/shop\/"},{"@type":"ListItem","position":2,"name":"Jujubes THC 300mg (10x30mg)"}]},{"@type":"WebSite","@id":"https:\/\/bcweededible.net\/fr\/#website","url":"https:\/\/bcweededible.net\/fr\/","name":"BC Weed Edible","description":"","publisher":{"@id":"https:\/\/bcweededible.net\/fr\/#organization"},"potentialAction":[{"@type":"SearchAction","target":{"@type":"EntryPoint","urlTemplate":"https:\/\/bcweededible.net\/fr\/?s={search_term_string}"},"query-input":{"@type":"PropertyValueSpecification","valueRequired":true,"valueName":"search_term_string"}}],"inLanguage":"fr-FR"},{"@type":"Organization","@id":"https:\/\/bcweededible.net\/fr\/#organization","name":"BC Weed Edible","url":"https:\/\/bcweededible.net\/fr\/","logo":{"@type":"ImageObject","inLanguage":"fr-FR","@id":"https:\/\/bcweededible.net\/fr\/#\/schema\/logo\/image\/","url":"https:\/\/bcweededible.net\/wp-content\/uploads\/2021\/12\/bc-weed-edible-canada.png","contentUrl":"https:\/\/bcweededible.net\/wp-content\/uploads\/2021\/12\/bc-weed-edible-canada.png","width":270,"height":185,"caption":"BC Weed Edible"},"image":{"@id":"https:\/\/bcweededible.net\/fr\/#\/schema\/logo\/image\/"}}]}},"_links":{"self":[{"href":"https:\/\/bcweededible.net\/fr\/wp-json\/wp\/v2\/product\/13553","targetHints":{"allow":["GET"]}}],"collection":[{"href":"https:\/\/bcweededible.net\/fr\/wp-json\/wp\/v2\/product"}],"about":[{"href":"https:\/\/bcweededible.net\/fr\/wp-json\/wp\/v2\/types\/product"}],"replies":[{"embeddable":true,"href":"https:\/\/bcweededible.net\/fr\/wp-json\/wp\/v2\/comments?post=13553"}],"wp:featuredmedia":[{"embeddable":true,"href":"https:\/\/bcweededible.net\/fr\/wp-json\/wp\/v2\/media\/39546"}],"wp:attachment":[{"href":"https:\/\/bcweededible.net\/fr\/wp-json\/wp\/v2\/media?parent=13553"}],"wp:term":[{"taxonomy":"product_cat","embeddable":true,"href":"https:\/\/bcweededible.net\/fr\/wp-json\/wp\/v2\/product_cat?post=13553"},{"taxonomy":"product_tag","embeddable":true,"href":"https:\/\/bcweededible.net\/fr\/wp-json\/wp\/v2\/product_tag?post=13553"}],"curies":[{"name":"wp","href":"https:\/\/api.w.org\/{rel}","templated":true}]}}